{"id":962,"date":"2023-10-22T12:19:49","date_gmt":"2023-10-22T12:19:49","guid":{"rendered":"https:\/\/www.ping.fm\/ip\/?page_id=962"},"modified":"2023-10-22T12:19:49","modified_gmt":"2023-10-22T12:19:49","slug":"192-168-18-1-es","status":"publish","type":"page","link":"https:\/\/www.ping.fm\/ip\/es\/192-168-18-1-es\/","title":{"rendered":"192.168.18.1"},"content":{"rendered":"<article>\n<section>\n<h1>La gu\u00eda definitiva para configurar tu router Huawei a trav\u00e9s de &#49;&#57;&#50;.&#49;&#54;&#56;.&#49;&#56;.&#49; &#127757;<\/h1>\n<div class=\"inbrief\">\n<div>\n                                <img src=\"\/ip\/wp-content\/uploads\/generated\/192.168.18.1.jpg\" alt=\"192.168.18.1\" title=\"192.168.18.1\" width=\"1280\" height=\"720\"><\/p>\n<p>Desbloquea el potencial de tu router Huawei sumergi\u00e9ndote de cabeza en su p\u00e1gina de configuraci\u00f3n ubicada en <a href='http:\/\/&#49;&#57;&#50;.&#49;&#54;&#56;.&#49;&#56;.&#49;\/'>&#49;&#57;&#50;.&#49;&#54;&#56;.&#49;&#56;.&#49;<\/a>. &#128421;&#65039; \u00bfBuscando maneras de ajustar tu contrase\u00f1a WiFi, SSID, y otras configuraciones predeterminadas del router? No busques m\u00e1s. Con esta gu\u00eda f\u00e1cil de seguir, podr\u00e1s navegar por la configuraci\u00f3n de tu red como un profesional. &#128640; Solo si\u00e9ntate, sigue los consejos, y observa c\u00f3mo se desvanecen tus problemas de Internet. &#128526; \u00a1Abr\u00f3chate el cintur\u00f3n!<\/p>\n<\/div>\n<\/div>\n<\/section>\n<section>\n<div>\n<div>1<\/div>\n<h2>Iniciar sesi\u00f3n en 192.168.18.1<\/h2>\n<\/div>\n<p>Comienza con un golpe encendiendo tu navegador favorito y escribiendo <a href='http:\/\/192.168.18.1\/'>192.168.18.1<\/a> en la barra de direcciones. Ingresa Nombre de Usuario<b>: Epuser<\/b> y Contrase\u00f1a<b>: userEp<\/b>, y haz clic en Iniciar Sesi\u00f3n. \u00a1La interfaz web de Huawei te dar\u00e1 la bienvenida con los brazos abiertos! \ud83d\ude03<\/p>\n<\/section>\n<section>\n<div>\n<div>2<\/div>\n<h2>Cambia la contrase\u00f1a y el SSID del WiFi de Huawei<\/h2>\n<\/div>\n<p>Ad\u00e9ntrate en la interfaz web de Huawei. Busca la opci\u00f3n <b>Avanzado<\/b>, seguido de <b>WLAN<\/b> y luego <b>WLAN B\u00e1sico<\/b>. (Mant\u00e9n la calma si tienes un router de doble banda ya que necesitar\u00e1s configurar las redes 2.4G y 5G por separado). Ingresa el nombre de la red que hayas elegido en el campo de <b>Nombre SSID<\/b> y tu infranqueable contrase\u00f1a WiFi en el campo de <b>WPA PreSharedKey<\/b>. Haz clic en <b>Aplicar<\/b> para guardar los cambios. \u00a1Voila! \ud83c\udf89<\/p>\n<\/section>\n<section>\n<h2>Conclusi\u00f3n: \ud83c\udfc1<\/h2>\n<div class=\"nonp\">\n<p>\u00a1Pan comido! &#127819; Ahora ya has navegado exitosamente el camino para configurar tu router Huawei usando <a href='http:\/\/&#49;&#57;&#50;.&#49;&#54;&#56;.&#49;&#56;.&#49;\/'>&#49;&#57;&#50;.&#49;&#54;&#56;.&#49;&#56;.&#49;<\/a>. \u00bfVes? No necesitabas ser un genio de la tecnolog\u00eda para hacer el trabajo. \u00a1Choca esos cinco! &#128591; Ahora puedes disfrutar de una experiencia de internet optimizada, haciendo uso completo del poder de tu router Huawei. \u00a1Mant\u00e9nte en sinton\u00eda para m\u00e1s tutoriales llenos de sabidur\u00eda como este! &#128513;<\/p>\n<\/div>\n<\/section>\n<section itemscope=\"\" itemtype=\"https:\/\/schema.org\/FAQPage\">\n<div class=\"panel\" itemprop=\"mainEntity\" itemscope=\"\" itemtype=\"https:\/\/schema.org\/Question\">\n<div class=\"toggle-link\">\n<h3 class=\"panel-title\" itemprop=\"name\">\n                \u00bfCu\u00e1l es la funci\u00f3n de 192.168.18.1?<\/h3>\n<\/div>\n<div class=\"panel-collapse\">\n<div class=\"panel-body\" itemprop=\"acceptedAnswer\" itemscope=\"\" itemtype=\"https:\/\/schema.org\/Answer\">\n<div itemprop=\"text\">\n<p>192.168.18.1 es una direcci\u00f3n IP privada a menudo utilizada por los routers de Huawei. Determinada por la Autoridad de N\u00fameros Asignados de Internet (IANA), act\u00faa como la p\u00e1gina web de Huawei para las configuraciones de red. Los usuarios pueden modificar su contrase\u00f1a de WiFi, SSID, y la configuraci\u00f3n predeterminada del router accediendo a <a href=http:\/\/192.168.18.1\/>http:\/\/192.168.18.1\/<\/a>.<\/p>\n<\/div>\n<\/div>\n<\/div>\n<\/div>\n<div class=\"panel\" itemprop=\"mainEntity\" itemscope=\"\" itemtype=\"https:\/\/schema.org\/Question\">\n<div class=\"toggle-link\">\n<h3 class=\"panel-title\" itemprop=\"name\">\n                \u00bfC\u00f3mo puedo obtener acceso a la interfaz web de Huawei?<\/h3>\n<\/div>\n<div class=\"panel-collapse\">\n<div class=\"panel-body\" itemprop=\"acceptedAnswer\" itemscope=\"\" itemtype=\"https:\/\/schema.org\/Answer\">\n<div itemprop=\"text\">\n<p>Para acceder a la interfaz web de Huawei, lanza un navegador web y utiliza la barra de direcciones para introducir <b>192.168.18.1<\/b>. Cuando aparezca la pantalla de inicio de sesi\u00f3n, inserta <b>Nombre de Usuario: Epuser<\/b> y <b>Contrase\u00f1a: userEp<\/b> y selecciona Iniciar Sesi\u00f3n.<\/p>\n<\/div>\n<\/div>\n<\/div>\n<\/div>\n<div class=\"panel\" itemprop=\"mainEntity\" itemscope=\"\" itemtype=\"https:\/\/schema.org\/Question\">\n<div class=\"toggle-link\">\n<h3 class=\"panel-title\" itemprop=\"name\">\n                \u00bfC\u00f3mo puedo modificar la contrase\u00f1a WiFi y el SSID de Huawei?<\/h3>\n<\/div>\n<div class=\"panel-collapse\">\n<div class=\"panel-body\" itemprop=\"acceptedAnswer\" itemscope=\"\" itemtype=\"https:\/\/schema.org\/Answer\">\n<div itemprop=\"text\">\n<p>Una vez que est\u00e9s conectado a la interfaz web de Huawei, ve a Avanzado &gt; WLAN &gt; Configuraciones B\u00e1sicas de WLAN. Si tienes un router de doble banda, recuerda configurar las redes 2.4G y 5G por separado. Para crear nuevas configuraciones, elige el Nombre de la Red para el campo Nombre del SSID y la Contrase\u00f1a WiFi para el campo WPA PreSharedKey. Haz clic en Aplicar para registrar estos cambios.<\/p>\n<\/div>\n<\/div>\n<\/div>\n<\/div>\n<div class=\"panel\" itemprop=\"mainEntity\" itemscope=\"\" itemtype=\"https:\/\/schema.org\/Question\">\n<div class=\"toggle-link\">\n<h3 class=\"panel-title\" itemprop=\"name\">\n                \u00bfD\u00f3nde puedo hacer ajustes en la configuraci\u00f3n predeterminada de mi router?<\/h3>\n<\/div>\n<div class=\"panel-collapse\">\n<div class=\"panel-body\" itemprop=\"acceptedAnswer\" itemscope=\"\" itemtype=\"https:\/\/schema.org\/Answer\">\n<div itemprop=\"text\">\n<p>Puedes cambiar la configuraci\u00f3n predeterminada de tu router utilizando la interfaz web de Huawei en <a href=http:\/\/192.168.18.1\/>http:\/\/192.168.18.1\/<\/a>. Este sitio te permite modificar varios elementos, incluyendo la contrase\u00f1a WiFi, el SSID, y m\u00e1s.<\/p>\n<\/div>\n<\/div>\n<\/div>\n<\/div>\n<div class=\"panel\" itemprop=\"mainEntity\" itemscope=\"\" itemtype=\"https:\/\/schema.org\/Question\">\n<div class=\"toggle-link\">\n<h3 class=\"panel-title\" itemprop=\"name\">\n                \u00bfLa direcci\u00f3n 192.168.18.1 tiene un prop\u00f3sito espec\u00edfico?<\/h3>\n<\/div>\n<div class=\"panel-collapse\">\n<div class=\"panel-body\" itemprop=\"acceptedAnswer\" itemscope=\"\" itemtype=\"https:\/\/schema.org\/Answer\">\n<div itemprop=\"text\">\n<p>En los routers de Huawei, 192.168.18.1 es una direcci\u00f3n IP privada que se utiliza para acceder a la interfaz de configuraci\u00f3n. Aqu\u00ed, los usuarios pueden modificar la configuraci\u00f3n del router, incluyendo la contrase\u00f1a del WiFi, el nombre de la red (SSID), y otros cambios necesarios.<\/p>\n<\/div>\n<\/div>\n<\/div>\n<\/div>\n<div class=\"panel\" itemprop=\"mainEntity\" itemscope=\"\" itemtype=\"https:\/\/schema.org\/Question\">\n<div class=\"toggle-link\">\n<h3 class=\"panel-title\" itemprop=\"name\">\n                \u00bfPuedo configurar las redes 2.4G y 5G?<\/h3>\n<\/div>\n<div class=\"panel-collapse\">\n<div class=\"panel-body\" itemprop=\"acceptedAnswer\" itemscope=\"\" itemtype=\"https:\/\/schema.org\/Answer\">\n<div itemprop=\"text\">\n<p>S\u00ed, si tu router es de doble banda, podr\u00e1s configurar las redes 2.4G y 5G por separado a trav\u00e9s de la interfaz web de Huawei.<\/p>\n<\/div>\n<\/div>\n<\/div>\n<\/div>\n<div class=\"panel\" itemprop=\"mainEntity\" itemscope=\"\" itemtype=\"https:\/\/schema.org\/Question\">\n<div class=\"toggle-link\">\n<h3 class=\"panel-title\" itemprop=\"name\">\n                \u00bfCu\u00e1l es el proceso para modificar el Nombre de la Red?<\/h3>\n<\/div>\n<div class=\"panel-collapse\">\n<div class=\"panel-body\" itemprop=\"acceptedAnswer\" itemscope=\"\" itemtype=\"https:\/\/schema.org\/Answer\">\n<div itemprop=\"text\">\n<p>Despu\u00e9s de iniciar sesi\u00f3n en la interfaz web de Huawei, ve a Avanzado &gt; WLAN &gt; Configuraciones B\u00e1sicas de WLAN. En el campo etiquetado como Nombre del SSID, puedes reemplazar el nombre de red actual con tu opci\u00f3n personalizada.<\/p>\n<\/div>\n<\/div>\n<\/div>\n<\/div>\n<div class=\"panel\" itemprop=\"mainEntity\" itemscope=\"\" itemtype=\"https:\/\/schema.org\/Question\">\n<div class=\"toggle-link\">\n<h3 class=\"panel-title\" itemprop=\"name\">\n                Si olvido mis credenciales de inicio de sesi\u00f3n, \u00bfqu\u00e9 debo hacer?<\/h3>\n<\/div>\n<div class=\"panel-collapse\">\n<div class=\"panel-body\" itemprop=\"acceptedAnswer\" itemscope=\"\" itemtype=\"https:\/\/schema.org\/Answer\">\n<div itemprop=\"text\">\n<p>Si no puedes recordar tus datos de inicio de sesi\u00f3n, los predeterminados para el router de Huawei suelen ser Nombre de Usuario: Epuser y Contrase\u00f1a: userEp. Si estos no funcionan, es posible que necesites restablecer tu router a su configuraci\u00f3n de f\u00e1brica.<\/p>\n<\/div>\n<\/div>\n<\/div>\n<\/div>\n<div class=\"panel\" itemprop=\"mainEntity\" itemscope=\"\" itemtype=\"https:\/\/schema.org\/Question\">\n<div class=\"toggle-link\">\n<h3 class=\"panel-title\" itemprop=\"name\">\n                \u00bfQu\u00e9 m\u00e9todo se utiliza para modificar la Contrase\u00f1a WiFi?<\/h3>\n<\/div>\n<div class=\"panel-collapse\">\n<div class=\"panel-body\" itemprop=\"acceptedAnswer\" itemscope=\"\" itemtype=\"https:\/\/schema.org\/Answer\">\n<div itemprop=\"text\">\n<p>Para ajustar la contrase\u00f1a WiFi, ve a Avanzado &gt; WLAN &gt; Configuraciones B\u00e1sicas de WLAN en la interfaz web de Huawei. Puedes modificar el campo WPA PreSharedKey a tu nueva contrase\u00f1a deseada.<\/p>\n<\/div>\n<\/div>\n<\/div>\n<\/div>\n<div class=\"panel\" itemprop=\"mainEntity\" itemscope=\"\" itemtype=\"https:\/\/schema.org\/Question\">\n<div class=\"toggle-link\">\n<h3 class=\"panel-title\" itemprop=\"name\">\n                \u00bfQu\u00e9 hace &#8216;Aplicar&#8217; en la interfaz web de Huawei?<\/h3>\n<\/div>\n<div class=\"panel-collapse\">\n<div class=\"panel-body\" itemprop=\"acceptedAnswer\" itemscope=\"\" itemtype=\"https:\/\/schema.org\/Answer\">\n<div itemprop=\"text\">\n<p>El bot\u00f3n &#8216;Aplicar&#8217; en la interfaz web de Huawei se utiliza para guardar cualquier cambio que hayas hecho. Es crucial hacer clic en &#8216;Aplicar&#8217; despu\u00e9s de modificar configuraciones como la contrase\u00f1a WiFi o el Nombre de la red (SSID), de lo contrario tus ajustes no se guardar\u00e1n.<\/p>\n<\/div>\n<\/div>\n<\/div>\n<\/div>\n<div class=\"panel\" itemprop=\"mainEntity\" itemscope=\"\" itemtype=\"https:\/\/schema.org\/Question\">\n<div class=\"toggle-link\">\n<h3 class=\"panel-title\" itemprop=\"name\">\n                \u00bfEs 192.168.18.1 una direcci\u00f3n IP p\u00fablica?<\/h3>\n<\/div>\n<div class=\"panel-collapse\">\n<div class=\"panel-body\" itemprop=\"acceptedAnswer\" itemscope=\"\" itemtype=\"https:\/\/schema.org\/Answer\">\n<div itemprop=\"text\">\n<p>No, 192.168.18.1 es una direcci\u00f3n IP privada, designada por la Autoridad de N\u00fameros Asignados de Internet (IANA) para las redes privadas. Esta direcci\u00f3n se utiliza t\u00edpicamente dentro de las redes privadas en hogares y empresas y no se puede acceder a ella a trav\u00e9s de internet.<\/p>\n<\/div>\n<\/div>\n<\/div>\n<\/div>\n<div class=\"panel\" itemprop=\"mainEntity\" itemscope=\"\" itemtype=\"https:\/\/schema.org\/Question\">\n<div class=\"toggle-link\">\n<h3 class=\"panel-title\" itemprop=\"name\">\n                \u00bfTodos los routers utilizan la direcci\u00f3n IP 192.168.18.1?<\/h3>\n<\/div>\n<div class=\"panel-collapse\">\n<div class=\"panel-body\" itemprop=\"acceptedAnswer\" itemscope=\"\" itemtype=\"https:\/\/schema.org\/Answer\">\n<div itemprop=\"text\">\n<p>No, no todos los routers utilizan la direcci\u00f3n IP 192.168.18.1. Son principalmente los routers de Huawei los que utilizan esta direcci\u00f3n IP privada para su configuraci\u00f3n de red. Otras marcas pueden utilizar diferentes direcciones IP de acuerdo con las convenciones de la IANA para redes privadas.<\/p>\n<\/div>\n<\/div>\n<\/div>\n<\/div>\n<div class=\"panel\" itemprop=\"mainEntity\" itemscope=\"\" itemtype=\"https:\/\/schema.org\/Question\">\n<div class=\"toggle-link\">\n<h3 class=\"panel-title\" itemprop=\"name\">\n                \u00bfPuede cambiar la direcci\u00f3n IP alguna vez?<\/h3>\n<\/div>\n<div class=\"panel-collapse\">\n<div class=\"panel-body\" itemprop=\"acceptedAnswer\" itemscope=\"\" itemtype=\"https:\/\/schema.org\/Answer\">\n<div itemprop=\"text\">\n<p>Generalmente, la direcci\u00f3n 192.168.18.1 es fija y se conoce como una direcci\u00f3n IP est\u00e1tica. Sin embargo, puede cambiar si hay un problema de conflicto de IP o si el Administrador de la Red decide cambiarla manualmente.<\/p>\n<\/div>\n<\/div>\n<\/div>\n<\/div>\n<div class=\"panel\" itemprop=\"mainEntity\" itemscope=\"\" itemtype=\"https:\/\/schema.org\/Question\">\n<div class=\"toggle-link\">\n<h3 class=\"panel-title\" itemprop=\"name\">\n                \u00bfPor qu\u00e9 podr\u00eda necesitar acceder a la interfaz web de Huawei?<\/h3>\n<\/div>\n<div class=\"panel-collapse\">\n<div class=\"panel-body\" itemprop=\"acceptedAnswer\" itemscope=\"\" itemtype=\"https:\/\/schema.org\/Answer\">\n<div itemprop=\"text\">\n<p>Al acceder a la interfaz web de Huawei en <a href=http:\/\/192.168.18.1\/>http:\/\/192.168.18.1\/<\/a>, los usuarios pueden realizar una amplia variedad de tareas como cambiar la contrase\u00f1a WiFi, modificar el SSID (Nombre de la Red), y alterar otras configuraciones predeterminadas del router. Si est\u00e1s experimentando problemas de red o simplemente quieres crear configuraciones personalizadas, la interfaz web es el lugar para hacerlo.<\/p>\n<\/div>\n<\/div>\n<\/div>\n<\/div>\n<div class=\"panel\" itemprop=\"mainEntity\" itemscope=\"\" itemtype=\"https:\/\/schema.org\/Question\">\n<div class=\"toggle-link\">\n<h3 class=\"panel-title\" itemprop=\"name\">\n                \u00bfQu\u00e9 pasos debo seguir despu\u00e9s de cambiar mi contrase\u00f1a WiFi?<\/h3>\n<\/div>\n<div class=\"panel-collapse\">\n<div class=\"panel-body\" itemprop=\"acceptedAnswer\" itemscope=\"\" itemtype=\"https:\/\/schema.org\/Answer\">\n<div itemprop=\"text\">\n<p>Una vez que hayas cambiado la contrase\u00f1a WiFi a trav\u00e9s de la interfaz web de Huawei, debes asegurarte de que todos tus dispositivos est\u00e9n conectados a la red con la nueva contrase\u00f1a. Puede que necesites olvidar la red en tus dispositivos primero, luego reconectar utilizando las nuevas credenciales.<\/p>\n<\/div>\n<\/div>\n<\/div>\n<\/div>\n<div class=\"panel\" itemprop=\"mainEntity\" itemscope=\"\" itemtype=\"https:\/\/schema.org\/Question\">\n<div class=\"toggle-link\">\n<h3 class=\"panel-title\" itemprop=\"name\">\n                \u00bfC\u00f3mo puede beneficiar al SSID ser personalizado?<\/h3>\n<\/div>\n<div class=\"panel-collapse\">\n<div class=\"panel-body\" itemprop=\"acceptedAnswer\" itemscope=\"\" itemtype=\"https:\/\/schema.org\/Answer\">\n<div itemprop=\"text\">\n<p>Al personalizar tu SSID o nombre de red, puedes identificar f\u00e1cilmente tu red de otras en el rango. Tambi\u00e9n a\u00f1ade un grado de seguridad, ya que ser\u00eda m\u00e1s dif\u00edcil para los usuarios no autorizados adivinar el nombre de la red.<\/p>\n<\/div>\n<\/div>\n<\/div>\n<\/div>\n<div class=\"panel\" itemprop=\"mainEntity\" itemscope=\"\" itemtype=\"https:\/\/schema.org\/Question\">\n<div class=\"toggle-link\">\n<h3 class=\"panel-title\" itemprop=\"name\">\n                \u00bfQu\u00e9 es WPA PreSharedKey en la interfaz web de Huawei?<\/h3>\n<\/div>\n<div class=\"panel-collapse\">\n<div class=\"panel-body\" itemprop=\"acceptedAnswer\" itemscope=\"\" itemtype=\"https:\/\/schema.org\/Answer\">\n<div itemprop=\"text\">\n<p>El campo WPA PreSharedKey en la interfaz web de Huawei es donde introduces tu contrase\u00f1a WiFi deseada. WPA significa Acceso Protegido Wi-Fi, que es un protocolo de seguridad dise\u00f1ado para proteger las redes inal\u00e1mbricas.<\/p>\n<\/div>\n<\/div>\n<\/div>\n<\/div>\n<div class=\"panel\" itemprop=\"mainEntity\" itemscope=\"\" itemtype=\"https:\/\/schema.org\/Question\">\n<div class=\"toggle-link\">\n<h3 class=\"panel-title\" itemprop=\"name\">\n                \u00bfEs accesible la interfaz web de Huawei desde cualquier navegador?<\/h3>\n<\/div>\n<div class=\"panel-collapse\">\n<div class=\"panel-body\" itemprop=\"acceptedAnswer\" itemscope=\"\" itemtype=\"https:\/\/schema.org\/Answer\">\n<div itemprop=\"text\">\n<p>S\u00ed, la interfaz web de Huawei puede ser accedida desde cualquier navegador web com\u00fan siempre y cuando escribas la direcci\u00f3n correcta 192.168.18.1 y tengas las credenciales de inicio de sesi\u00f3n correctas.<\/p>\n<\/div>\n<\/div>\n<\/div>\n<\/div>\n<div class=\"panel\" itemprop=\"mainEntity\" itemscope=\"\" itemtype=\"https:\/\/schema.org\/Question\">\n<div class=\"toggle-link\">\n<h3 class=\"panel-title\" itemprop=\"name\">\n                \u00bfHay varias formas de iniciar sesi\u00f3n en la interfaz web de Huawei?<\/h3>\n<\/div>\n<div class=\"panel-collapse\">\n<div class=\"panel-body\" itemprop=\"acceptedAnswer\" itemscope=\"\" itemtype=\"https:\/\/schema.org\/Answer\">\n<div itemprop=\"text\">\n<p>T\u00edpicamente, la interfaz web de Huawei se accede introduciendo la direcci\u00f3n IP 192.168.18.1 en un navegador web. Sin embargo, ciertos fabricantes pueden proporcionar sitios web o aplicaciones dedicadas para acceder a la configuraci\u00f3n de tu router. Siempre es mejor referirse al manual de usuario o a la etiqueta en la parte posterior de tu dispositivo para obtener informaci\u00f3n precisa de inicio de sesi\u00f3n.<\/p>\n<\/div>\n<\/div>\n<\/div>\n<\/div>\n<div class=\"panel\" itemprop=\"mainEntity\" itemscope=\"\" itemtype=\"https:\/\/schema.org\/Question\">\n<div class=\"toggle-link\">\n<h3 class=\"panel-title\" itemprop=\"name\">\n                \u00bfQu\u00e9 se considera una contrase\u00f1a WiFi &#8216;fuerte&#8217;?<\/h3>\n<\/div>\n<div class=\"panel-collapse\">\n<div class=\"panel-body\" itemprop=\"acceptedAnswer\" itemscope=\"\" itemtype=\"https:\/\/schema.org\/Answer\">\n<div itemprop=\"text\">\n<p>Una contrase\u00f1a WiFi fuerte consta generalmente de al menos 8-12 caracteres, e incorpora una mezcla de letras may\u00fasculas y min\u00fasculas, n\u00fameros, y s\u00edmbolos. Se aconseja evitar el uso de frases comunes o informaci\u00f3n personal identificable para aumentar la seguridad.<\/p>\n<\/div>\n<\/div>\n<\/div>\n<\/div>\n<\/section>\n<\/article>\n","protected":false},"excerpt":{"rendered":"<p>La gu\u00eda definitiva para configurar tu router Huawei a trav\u00e9s de &#49;&#57;&#50;.&#49;&#54;&#56;.&#49;&#56;.&#49; &#127757; Desbloquea el potencial de tu router Huawei sumergi\u00e9ndote de cabeza en su p\u00e1gina de configuraci\u00f3n ubicada en &#49;&#57;&#50;.&#49;&#54;&#56;.&#49;&#56;.&#49;. &#128421;&#65039; \u00bfBuscando maneras de ajustar tu contrase\u00f1a WiFi, SSID, y otras configuraciones predeterminadas del router? No busques m\u00e1s. Con esta gu\u00eda f\u00e1cil de seguir, [&hellip;]<\/p>\n","protected":false},"author":2,"featured_media":15,"parent":0,"menu_order":0,"comment_status":"closed","ping_status":"closed","template":"chromecast.php","meta":{"_stopmodifiedupdate":false,"_modified_date":"","_lmt_disableupdate":"yes","_lmt_disable":""},"yoast_head":"<!-- This site is optimized with the Yoast SEO plugin v20.9 - https:\/\/yoast.com\/wordpress\/plugins\/seo\/ -->\n<title>192.168.18.1. Actualizado en 2026<\/title>\n<meta name=\"robots\" content=\"index, follow, max-snippet:-1, max-image-preview:large, max-video-preview:-1\" \/>\n<link rel=\"canonical\" href=\"https:\/\/www.ping.fm\/ip\/es\/192-168-18-1-es\/\" \/>\n<meta property=\"og:locale\" content=\"en_US\" \/>\n<meta property=\"og:type\" content=\"article\" \/>\n<meta property=\"og:title\" content=\"192.168.18.1. Actualizado en 2026\" \/>\n<meta property=\"og:description\" content=\"La gu\u00eda definitiva para configurar tu router Huawei a trav\u00e9s de &#049;&#057;&#050;.&#049;&#054;&#056;.&#049;&#056;.&#049; &#127757; Desbloquea el potencial de tu router Huawei sumergi\u00e9ndote de cabeza en su p\u00e1gina de configuraci\u00f3n ubicada en &#049;&#057;&#050;.&#049;&#054;&#056;.&#049;&#056;.&#049;. &#128421;&#65039; \u00bfBuscando maneras de ajustar tu contrase\u00f1a WiFi, SSID, y otras configuraciones predeterminadas del router? No busques m\u00e1s. Con esta gu\u00eda f\u00e1cil de seguir, [&hellip;]\" \/>\n<meta property=\"og:url\" content=\"https:\/\/www.ping.fm\/ip\/es\/192-168-18-1-es\/\" \/>\n<meta property=\"og:site_name\" content=\"IP\" \/>\n<meta property=\"og:image\" content=\"https:\/\/www.ping.fm\/ip\/wp-content\/uploads\/2023\/07\/wifi.jpg\" \/>\n\t<meta property=\"og:image:width\" content=\"1992\" \/>\n\t<meta property=\"og:image:height\" content=\"1852\" \/>\n\t<meta property=\"og:image:type\" content=\"image\/jpeg\" \/>\n<meta name=\"twitter:card\" content=\"summary_large_image\" \/>\n<script type=\"application\/ld+json\" class=\"yoast-schema-graph\">{\"@context\":\"https:\/\/schema.org\",\"@graph\":[{\"@type\":\"WebPage\",\"@id\":\"https:\/\/www.ping.fm\/ip\/es\/192-168-18-1-es\/\",\"url\":\"https:\/\/www.ping.fm\/ip\/es\/192-168-18-1-es\/\",\"name\":\"192.168.18.1. Actualizado en 2026\",\"isPartOf\":{\"@id\":\"https:\/\/www.ping.fm\/ip\/#website\"},\"datePublished\":\"2023-10-22T12:19:49+00:00\",\"dateModified\":\"2023-10-22T12:19:49+00:00\",\"breadcrumb\":{\"@id\":\"https:\/\/www.ping.fm\/ip\/es\/192-168-18-1-es\/#breadcrumb\"},\"inLanguage\":\"en-US\",\"potentialAction\":[{\"@type\":\"ReadAction\",\"target\":[\"https:\/\/www.ping.fm\/ip\/es\/192-168-18-1-es\/\"]}]},{\"@type\":\"BreadcrumbList\",\"@id\":\"https:\/\/www.ping.fm\/ip\/es\/192-168-18-1-es\/#breadcrumb\",\"itemListElement\":[{\"@type\":\"ListItem\",\"position\":1,\"name\":\"Home\",\"item\":\"https:\/\/www.ping.fm\/ip\/\"},{\"@type\":\"ListItem\",\"position\":2,\"name\":\"192.168.18.1\"}]},{\"@type\":\"WebSite\",\"@id\":\"https:\/\/www.ping.fm\/ip\/#website\",\"url\":\"https:\/\/www.ping.fm\/ip\/\",\"name\":\"IP\",\"description\":\"\",\"potentialAction\":[{\"@type\":\"SearchAction\",\"target\":{\"@type\":\"EntryPoint\",\"urlTemplate\":\"https:\/\/www.ping.fm\/ip\/?s={search_term_string}\"},\"query-input\":\"required name=search_term_string\"}],\"inLanguage\":\"en-US\"}]}<\/script>\n<!-- \/ Yoast SEO plugin. -->","yoast_head_json":{"title":"192.168.18.1. Actualizado en 2026","robots":{"index":"index","follow":"follow","max-snippet":"max-snippet:-1","max-image-preview":"max-image-preview:large","max-video-preview":"max-video-preview:-1"},"canonical":"https:\/\/www.ping.fm\/ip\/es\/192-168-18-1-es\/","og_locale":"en_US","og_type":"article","og_title":"192.168.18.1. Actualizado en 2026","og_description":"La gu\u00eda definitiva para configurar tu router Huawei a trav\u00e9s de &#49;&#57;&#50;.&#49;&#54;&#56;.&#49;&#56;.&#49; &#127757; Desbloquea el potencial de tu router Huawei sumergi\u00e9ndote de cabeza en su p\u00e1gina de configuraci\u00f3n ubicada en &#49;&#57;&#50;.&#49;&#54;&#56;.&#49;&#56;.&#49;. &#128421;&#65039; \u00bfBuscando maneras de ajustar tu contrase\u00f1a WiFi, SSID, y otras configuraciones predeterminadas del router? No busques m\u00e1s. Con esta gu\u00eda f\u00e1cil de seguir, [&hellip;]","og_url":"https:\/\/www.ping.fm\/ip\/es\/192-168-18-1-es\/","og_site_name":"IP","og_image":[{"width":1992,"height":1852,"url":"https:\/\/www.ping.fm\/ip\/wp-content\/uploads\/2023\/07\/wifi.jpg","type":"image\/jpeg"}],"twitter_card":"summary_large_image","schema":{"@context":"https:\/\/schema.org","@graph":[{"@type":"WebPage","@id":"https:\/\/www.ping.fm\/ip\/es\/192-168-18-1-es\/","url":"https:\/\/www.ping.fm\/ip\/es\/192-168-18-1-es\/","name":"192.168.18.1. Actualizado en 2026","isPartOf":{"@id":"https:\/\/www.ping.fm\/ip\/#website"},"datePublished":"2023-10-22T12:19:49+00:00","dateModified":"2023-10-22T12:19:49+00:00","breadcrumb":{"@id":"https:\/\/www.ping.fm\/ip\/es\/192-168-18-1-es\/#breadcrumb"},"inLanguage":"en-US","potentialAction":[{"@type":"ReadAction","target":["https:\/\/www.ping.fm\/ip\/es\/192-168-18-1-es\/"]}]},{"@type":"BreadcrumbList","@id":"https:\/\/www.ping.fm\/ip\/es\/192-168-18-1-es\/#breadcrumb","itemListElement":[{"@type":"ListItem","position":1,"name":"Home","item":"https:\/\/www.ping.fm\/ip\/"},{"@type":"ListItem","position":2,"name":"192.168.18.1"}]},{"@type":"WebSite","@id":"https:\/\/www.ping.fm\/ip\/#website","url":"https:\/\/www.ping.fm\/ip\/","name":"IP","description":"","potentialAction":[{"@type":"SearchAction","target":{"@type":"EntryPoint","urlTemplate":"https:\/\/www.ping.fm\/ip\/?s={search_term_string}"},"query-input":"required name=search_term_string"}],"inLanguage":"en-US"}]}},"_links":{"self":[{"href":"https:\/\/www.ping.fm\/ip\/wp-json\/wp\/v2\/pages\/962"}],"collection":[{"href":"https:\/\/www.ping.fm\/ip\/wp-json\/wp\/v2\/pages"}],"about":[{"href":"https:\/\/www.ping.fm\/ip\/wp-json\/wp\/v2\/types\/page"}],"author":[{"embeddable":true,"href":"https:\/\/www.ping.fm\/ip\/wp-json\/wp\/v2\/users\/2"}],"replies":[{"embeddable":true,"href":"https:\/\/www.ping.fm\/ip\/wp-json\/wp\/v2\/comments?post=962"}],"version-history":[{"count":1,"href":"https:\/\/www.ping.fm\/ip\/wp-json\/wp\/v2\/pages\/962\/revisions"}],"predecessor-version":[{"id":963,"href":"https:\/\/www.ping.fm\/ip\/wp-json\/wp\/v2\/pages\/962\/revisions\/963"}],"wp:featuredmedia":[{"embeddable":true,"href":"https:\/\/www.ping.fm\/ip\/wp-json\/wp\/v2\/media\/15"}],"wp:attachment":[{"href":"https:\/\/www.ping.fm\/ip\/wp-json\/wp\/v2\/media?parent=962"}],"curies":[{"name":"wp","href":"https:\/\/api.w.org\/{rel}","templated":true}]}}