{"id":956,"date":"2023-10-22T12:15:22","date_gmt":"2023-10-22T12:15:22","guid":{"rendered":"https:\/\/www.ping.fm\/ip\/?page_id=956"},"modified":"2023-10-22T12:15:22","modified_gmt":"2023-10-22T12:15:22","slug":"enrutador-globe-at-home","status":"publish","type":"page","link":"https:\/\/www.ping.fm\/ip\/es\/enrutador-globe-at-home\/","title":{"rendered":"Inicio de sesi\u00f3n en el enrutador Globe At Home"},"content":{"rendered":"<article>\n<section>\n<h1>Todo lo que necesitas saber sobre el inicio de sesi\u00f3n del router Globe At Home y la configuraci\u00f3n Wi-Fi<\/h1>\n<div class=\"inbrief\">\n<div>\n                                <img src=\"\/ip\/wp-content\/uploads\/generated\/Inicio-de-sesion-en-el-enrutador-Globe-At-Home.jpg\" alt=\"Inicio de sesi\u00f3n en el enrutador Globe At Home\" title=\"Inicio de sesi\u00f3n en el enrutador Globe At Home\" width=\"1280\" height=\"720\"><\/p>\n<p>\u00a1Hola a todos, vamos a hablar de c\u00f3mo mejorar tu experiencia de internet con tu <b>Router Globe At Home<\/b> m\u00e1s que nunca! S\u00ed, le\u00edste correctamente.&#128187;&#128526; Voy a ser tu gu\u00eda en c\u00f3mo acceder y cambiar la configuraci\u00f3n a trav\u00e9s de la interfaz web del Router Globe At Home en <a href='http:\/\/&#49;&#57;&#50;.&#49;&#54;&#56;.&#50;&#53;&#52;.&#50;&#53;&#52;'>&#49;&#57;&#50;.&#49;&#54;&#56;.&#50;&#53;&#52;.&#50;&#53;&#52;<\/a>.<\/p>\n<\/div>\n<\/div>\n<\/section>\n<section>\n<div>\n<div>1<\/div>\n<h2>Acceder a tu Router Globe At Home<\/h2>\n<\/div>\n<p>Bueno chicos, comenzamos con el paso uno. Abre tu navegador web. No importa si eres fan de Chrome, entusiasta de Firefox o est\u00e1s usando Safari. Es todo v\u00e1lido. Luego, escribe <b>192.168.254.254<\/b> en la barra de direcciones y presiona enter. \ud83d\ude80<br \/> A continuaci\u00f3n, se te pedir\u00e1 que introduzcas tu nombre de usuario y contrase\u00f1a. Regularmente, estos son <b>Nombre de usuario: user<\/b> y <b>Contrase\u00f1a: @l03e1t3<\/b>. Haz clic en el bot\u00f3n de inicio de sesi\u00f3n y boom, \u00a1ya est\u00e1s dentro! \ud83c\udf89<br \/>No te estreses si no puedes recordar tus credenciales de inicio de sesi\u00f3n. Estos datos se pueden encontrar en una pegatina en la parte posterior de tu m\u00f3dem.<\/p>\n<\/section>\n<section>\n<div>\n<div>2<\/div>\n<h2>Cambiando tu contrase\u00f1a y SSID del Wi-Fi de Globe At Home<\/h2>\n<\/div>\n<p>Pasamos al paso dos. Ya has iniciado sesi\u00f3n en el router. Ahora, vamos a cambiar algunas cosas. Ve directamente a <b>Network<\/b> luego busca <b>Wlan Settings<\/b> y haz clic en <b>Advanced<\/b>.\ud83d\udd1d<br \/> Comienza cambiando el nombre de tu red WiFi en el campo de nombre SSID. Hazlo algo genial, como &#8216;InternetZilla&#8217; o &#8216;WiFiGenie&#8217;. \u00a1Lo tienes! \ud83d\udd96<br \/> En Modo de Seguridad, selecciona <b>WPAPSKWPA2PSK<\/b>. En cuanto a los algoritmos de WPA, selecciona <b>TKIPAES<\/b>. Luego, coloca tu nueva contrase\u00f1a de WiFi en el campo de la frase de contrase\u00f1a.\u270d\ufe0f\ud83d\udd12<br \/> Haz clic en Aplicar para guardar todos los cambios. \u00a1Lo est\u00e1s haciendo genial!<\/p>\n<\/section>\n<section>\n<div>\n<div>3<\/div>\n<h2>Manejando tu red de 5GHz<\/h2>\n<\/div>\n<p>\u00a1Tu tarea a\u00fan no ha terminado, mi amigo t\u00e9cnico! Algunos de ustedes podr\u00edan estar usando una red de 5GHz. Ahora vamos a configurar eso. En el men\u00fa de configuraci\u00f3n de Wlan, busca y encuentra la secci\u00f3n de <b>5G Advanced<\/b>. Como haces antes, escribe el nombre de SSID y la contrase\u00f1a que has elegido. \ud83d\ude80\ud83c\udf10<br \/> Ahora, si tienes uno de esos nuevos Globe Home Prepaid WiFi, busca la configuraci\u00f3n del router bajo la <b>pesta\u00f1a Advanced<\/b> y <b>Wi-Fi Basic Settings<\/b>. \u00a1Es b\u00e1sicamente el mismo proceso, gente, y ya lo dominaron!<\/p>\n<\/section>\n<section>\n<h2>Conclusi\u00f3n: \ud83c\udfc1<\/h2>\n<div class=\"nonp\">\n<p>\u00a1All\u00ed lo tienen, chicos! Espero que hayan encontrado \u00fatiles y sencillos estos pasos. Se trata de hacer su vida en internet un poco m\u00e1s f\u00e1cil, segura y personalizada. Sigan experimentando con la tecnolog\u00eda y no tengan miedo de tomar la iniciativa: \u00a1dominen ese Router Globe At Home, chicos! \u00a1Tienen el poder! &#128170; &#10084;&#65039;&#65039;<\/p>\n<\/div>\n<\/section>\n<section itemscope=\"\" itemtype=\"https:\/\/schema.org\/FAQPage\">\n<div class=\"panel\" itemprop=\"mainEntity\" itemscope=\"\" itemtype=\"https:\/\/schema.org\/Question\">\n<div class=\"toggle-link\">\n<h3 class=\"panel-title\" itemprop=\"name\">\n                \u00bfCu\u00e1l es la direcci\u00f3n IP predeterminada para acceder al router de Globe At Home?<\/h3>\n<\/div>\n<div class=\"panel-collapse\">\n<div class=\"panel-body\" itemprop=\"acceptedAnswer\" itemscope=\"\" itemtype=\"https:\/\/schema.org\/Answer\">\n<div itemprop=\"text\">\n<p>La direcci\u00f3n IP predeterminada para acceder al router de Globe At Home es <a href=http:\/\/192.168.254.254>192.168.254.254<\/a>.<\/p>\n<\/div>\n<\/div>\n<\/div>\n<\/div>\n<div class=\"panel\" itemprop=\"mainEntity\" itemscope=\"\" itemtype=\"https:\/\/schema.org\/Question\">\n<div class=\"toggle-link\">\n<h3 class=\"panel-title\" itemprop=\"name\">\n                \u00bfC\u00f3mo puedo tener acceso a la interfaz del router de Globe At Home?<\/h3>\n<\/div>\n<div class=\"panel-collapse\">\n<div class=\"panel-body\" itemprop=\"acceptedAnswer\" itemscope=\"\" itemtype=\"https:\/\/schema.org\/Answer\">\n<div itemprop=\"text\">\n<p>Abre un navegador web e ingresa <a href=http:\/\/192.168.254.254>192.168.254.254<\/a> en la barra de direcciones. El nombre de usuario es <b>user<\/b> y la contrase\u00f1a suele ser <b>@l03e1t3<\/b>; estas credenciales de inicio de sesi\u00f3n tambi\u00e9n se pueden encontrar en una etiqueta en la parte posterior de tu m\u00f3dem.<\/p>\n<\/div>\n<\/div>\n<\/div>\n<\/div>\n<div class=\"panel\" itemprop=\"mainEntity\" itemscope=\"\" itemtype=\"https:\/\/schema.org\/Question\">\n<div class=\"toggle-link\">\n<h3 class=\"panel-title\" itemprop=\"name\">\n                \u00bfPuedo modificar los detalles de inicio de sesi\u00f3n predeterminados del router de Globe At Home?<\/h3>\n<\/div>\n<div class=\"panel-collapse\">\n<div class=\"panel-body\" itemprop=\"acceptedAnswer\" itemscope=\"\" itemtype=\"https:\/\/schema.org\/Answer\">\n<div itemprop=\"text\">\n<p>S\u00ed, puedes cambiar las credenciales iniciando sesi\u00f3n y navegando a la secci\u00f3n de configuraci\u00f3n o perfil. Recuerda guardar tu nuevo nombre de usuario y contrase\u00f1a y mantenerlos seguros.<\/p>\n<\/div>\n<\/div>\n<\/div>\n<\/div>\n<div class=\"panel\" itemprop=\"mainEntity\" itemscope=\"\" itemtype=\"https:\/\/schema.org\/Question\">\n<div class=\"toggle-link\">\n<h3 class=\"panel-title\" itemprop=\"name\">\n                \u00bfC\u00f3mo actualizo mi nombre y contrase\u00f1a de WiFi usando la interfaz del router de Globe At Home?<\/h3>\n<\/div>\n<div class=\"panel-collapse\">\n<div class=\"panel-body\" itemprop=\"acceptedAnswer\" itemscope=\"\" itemtype=\"https:\/\/schema.org\/Answer\">\n<div itemprop=\"text\">\n<p>Con\u00e9ctate al Router de Globe e ingresa a <a href=http:\/\/192.168.254.254>192.168.254.254<\/a> en tu navegador. Inicia sesi\u00f3n, selecciona Red > Configuraciones WLAN > Avanzado, escribe el nombre de WiFi deseado en el campo Nombre del SSID y tu contrase\u00f1a deseada en el campo Contrase\u00f1a. Recuerda hacer clic en Aplicar para guardar los cambios.<\/p>\n<\/div>\n<\/div>\n<\/div>\n<\/div>\n<div class=\"panel\" itemprop=\"mainEntity\" itemscope=\"\" itemtype=\"https:\/\/schema.org\/Question\">\n<div class=\"toggle-link\">\n<h3 class=\"panel-title\" itemprop=\"name\">\n                \u00bfQu\u00e9 significa SSID en t\u00e9rminos de WiFi?<\/h3>\n<\/div>\n<div class=\"panel-collapse\">\n<div class=\"panel-body\" itemprop=\"acceptedAnswer\" itemscope=\"\" itemtype=\"https:\/\/schema.org\/Answer\">\n<div itemprop=\"text\">\n<p>SSID significa Identificador de Conjunto de Servicios. Es esencialmente el t\u00e9rmino t\u00e9cnico para un nombre de red. Cuando configuras una red dom\u00e9stica inal\u00e1mbrica, le das un nombre para distinguirla de otras redes en tu vecindario.<\/p>\n<\/div>\n<\/div>\n<\/div>\n<\/div>\n<div class=\"panel\" itemprop=\"mainEntity\" itemscope=\"\" itemtype=\"https:\/\/schema.org\/Question\">\n<div class=\"toggle-link\">\n<h3 class=\"panel-title\" itemprop=\"name\">\n                \u00bfC\u00f3mo puedo cambiar la configuraci\u00f3n de seguridad en mi router de Globe At Home?<\/h3>\n<\/div>\n<div class=\"panel-collapse\">\n<div class=\"panel-body\" itemprop=\"acceptedAnswer\" itemscope=\"\" itemtype=\"https:\/\/schema.org\/Answer\">\n<div itemprop=\"text\">\n<p>Crea una red segura iniciando sesi\u00f3n en la interfaz del router, luego ve a Red > Configuraciones WLAN > Avanzado. Selecciona WPAPSKWPA2PSK como Modo de seguridad y TKIPAES para los algoritmos WPA. No olvides guardar todo antes de salir.<\/p>\n<\/div>\n<\/div>\n<\/div>\n<\/div>\n<div class=\"panel\" itemprop=\"mainEntity\" itemscope=\"\" itemtype=\"https:\/\/schema.org\/Question\">\n<div class=\"toggle-link\">\n<h3 class=\"panel-title\" itemprop=\"name\">\n                \u00bfTodas las contrase\u00f1as predeterminadas de los routers de Globe At Home son las mismas?<\/h3>\n<\/div>\n<div class=\"panel-collapse\">\n<div class=\"panel-body\" itemprop=\"acceptedAnswer\" itemscope=\"\" itemtype=\"https:\/\/schema.org\/Answer\">\n<div itemprop=\"text\">\n<p>La mayor\u00eda de los routers de Globe At Home utilizan usuario para el nombre de usuario y @l03e1t3 para la contrase\u00f1a. Algunos routers, especialmente Huawei, utilizan <a href=mailto:[email&#160;protected]>[email&#160;protected]<\/a>. Siempre verifica la etiqueta en tu m\u00f3dem para las credenciales correctas.<\/p>\n<\/div>\n<\/div>\n<\/div>\n<\/div>\n<div class=\"panel\" itemprop=\"mainEntity\" itemscope=\"\" itemtype=\"https:\/\/schema.org\/Question\">\n<div class=\"toggle-link\">\n<h3 class=\"panel-title\" itemprop=\"name\">\n                \u00bfQu\u00e9 hace un reinicio del router a mi configuraci\u00f3n?<\/h3>\n<\/div>\n<div class=\"panel-collapse\">\n<div class=\"panel-body\" itemprop=\"acceptedAnswer\" itemscope=\"\" itemtype=\"https:\/\/schema.org\/Answer\">\n<div itemprop=\"text\">\n<p>Ejecutar un reinicio del router devuelve tus configuraciones a sus valores predeterminados de f\u00e1brica. Esto significa que cualquier cambio que hayas hecho, como SSID, contrase\u00f1a y configuraciones de seguridad, se perder\u00e1n y deber\u00e1s reconfigurarlos despu\u00e9s.<\/p>\n<\/div>\n<\/div>\n<\/div>\n<\/div>\n<div class=\"panel\" itemprop=\"mainEntity\" itemscope=\"\" itemtype=\"https:\/\/schema.org\/Question\">\n<div class=\"toggle-link\">\n<h3 class=\"panel-title\" itemprop=\"name\">\n                \u00bfC\u00f3mo realizo un reinicio de f\u00e1brica si no puedo acceder a la interfaz web de mi router de Globe At Home?<\/h3>\n<\/div>\n<div class=\"panel-collapse\">\n<div class=\"panel-body\" itemprop=\"acceptedAnswer\" itemscope=\"\" itemtype=\"https:\/\/schema.org\/Answer\">\n<div itemprop=\"text\">\n<p>Presiona y mant\u00e9n pulsado el bot\u00f3n de reinicio en tu router durante unos 10-30 segundos. El router deber\u00eda reiniciarse y las configuraciones volver\u00e1n a los valores predeterminados de f\u00e1brica. Recuerda que al realizar un reinicio de f\u00e1brica, se borran todas tus configuraciones.<\/p>\n<\/div>\n<\/div>\n<\/div>\n<\/div>\n<div class=\"panel\" itemprop=\"mainEntity\" itemscope=\"\" itemtype=\"https:\/\/schema.org\/Question\">\n<div class=\"toggle-link\">\n<h3 class=\"panel-title\" itemprop=\"name\">\n                \u00bfQu\u00e9 significan WPAPSKWPA2PSK y TKIPAES?<\/h3>\n<\/div>\n<div class=\"panel-collapse\">\n<div class=\"panel-body\" itemprop=\"acceptedAnswer\" itemscope=\"\" itemtype=\"https:\/\/schema.org\/Answer\">\n<div itemprop=\"text\">\n<p>WPAPSKWPA2PSK es un modo de seguridad que protege tu red. TKIP (Protocolo de Integridad de Clave Temporal) y AES (Est\u00e1ndar de Encripci\u00f3n Avanzado) son tipos de encriptaci\u00f3n utilizados dentro de la red para proteger a\u00fan m\u00e1s tu red contra el acceso externo.<\/p>\n<\/div>\n<\/div>\n<\/div>\n<\/div>\n<div class=\"panel\" itemprop=\"mainEntity\" itemscope=\"\" itemtype=\"https:\/\/schema.org\/Question\">\n<div class=\"toggle-link\">\n<h3 class=\"panel-title\" itemprop=\"name\">\n                \u00bfQu\u00e9 pasa si no puedo acceder a la interfaz del router de Globe At Home?<\/h3>\n<\/div>\n<div class=\"panel-collapse\">\n<div class=\"panel-body\" itemprop=\"acceptedAnswer\" itemscope=\"\" itemtype=\"https:\/\/schema.org\/Answer\">\n<div itemprop=\"text\">\n<p>Aseg\u00farate de estar utilizando la direcci\u00f3n IP correcta, <a href=http:\/\/192.168.254.254>192.168.254.254<\/a>, y las credenciales de inicio de sesi\u00f3n correctas. Si eso no funciona, intenta con otro dispositivo o navegador. Si todo falla, es posible que debas restablecer tu router a la configuraci\u00f3n predeterminada.<\/p>\n<\/div>\n<\/div>\n<\/div>\n<\/div>\n<div class=\"panel\" itemprop=\"mainEntity\" itemscope=\"\" itemtype=\"https:\/\/schema.org\/Question\">\n<div class=\"toggle-link\">\n<h3 class=\"panel-title\" itemprop=\"name\">\n                \u00bfEs necesario cambiar la informaci\u00f3n de inicio de sesi\u00f3n predeterminada de mi router de Globe At Home?<\/h3>\n<\/div>\n<div class=\"panel-collapse\">\n<div class=\"panel-body\" itemprop=\"acceptedAnswer\" itemscope=\"\" itemtype=\"https:\/\/schema.org\/Answer\">\n<div itemprop=\"text\">\n<p>Aunque no es obligatorio, es recomendable alterar las credenciales de inicio de sesi\u00f3n predeterminadas de tu router para garantizar la seguridad de tu red. No compartas estos detalles y mant\u00e9nlos a salvo de usuarios no autorizados.<\/p>\n<\/div>\n<\/div>\n<\/div>\n<\/div>\n<div class=\"panel\" itemprop=\"mainEntity\" itemscope=\"\" itemtype=\"https:\/\/schema.org\/Question\">\n<div class=\"toggle-link\">\n<h3 class=\"panel-title\" itemprop=\"name\">\n                \u00bfQu\u00e9 significa 5GHz en redes inal\u00e1mbricas?<\/h3>\n<\/div>\n<div class=\"panel-collapse\">\n<div class=\"panel-body\" itemprop=\"acceptedAnswer\" itemscope=\"\" itemtype=\"https:\/\/schema.org\/Answer\">\n<div itemprop=\"text\">\n<p>En el contexto de la tecnolog\u00eda WiFi, 5GHz se refiere a una banda de frecuencia que puede transportar m\u00e1s datos que la banda de 2.4GHz com\u00fanmente utilizada. La mayor\u00eda de los routers inal\u00e1mbricos modernos son de doble banda, ofreciendo redes de 2.4GHz y 5GHz.<\/p>\n<\/div>\n<\/div>\n<\/div>\n<\/div>\n<div class=\"panel\" itemprop=\"mainEntity\" itemscope=\"\" itemtype=\"https:\/\/schema.org\/Question\">\n<div class=\"toggle-link\">\n<h3 class=\"panel-title\" itemprop=\"name\">\n                \u00bfC\u00f3mo configuro mi red de 5GHz utilizando la interfaz web del router de Globe At Home?<\/h3>\n<\/div>\n<div class=\"panel-collapse\">\n<div class=\"panel-body\" itemprop=\"acceptedAnswer\" itemscope=\"\" itemtype=\"https:\/\/schema.org\/Answer\">\n<div itemprop=\"text\">\n<p>Para configurar tu red de 5GHz, inicia sesi\u00f3n en la interfaz del router de globe, selecciona la opci\u00f3n &#8216;5G Advanced&#8217; desde las Configuraciones WLAN. Modifica tus configuraciones seg\u00fan sea necesario, asegur\u00e1ndote de guardar los cambios realizados.<\/p>\n<\/div>\n<\/div>\n<\/div>\n<\/div>\n<div class=\"panel\" itemprop=\"mainEntity\" itemscope=\"\" itemtype=\"https:\/\/schema.org\/Question\">\n<div class=\"toggle-link\">\n<h3 class=\"panel-title\" itemprop=\"name\">\n                \u00bfQu\u00e9 pasa si olvido mis credenciales de inicio de sesi\u00f3n personalizadas?<\/h3>\n<\/div>\n<div class=\"panel-collapse\">\n<div class=\"panel-body\" itemprop=\"acceptedAnswer\" itemscope=\"\" itemtype=\"https:\/\/schema.org\/Answer\">\n<div itemprop=\"text\">\n<p>Si olvidas tus credenciales de inicio de sesi\u00f3n personalizadas, tendr\u00edas que realizar un reinicio de f\u00e1brica en tu router. Esto borrar\u00e1 todas tus configuraciones personalizadas y restaurar\u00e1 las credenciales de inicio de sesi\u00f3n predeterminadas.<\/p>\n<\/div>\n<\/div>\n<\/div>\n<\/div>\n<div class=\"panel\" itemprop=\"mainEntity\" itemscope=\"\" itemtype=\"https:\/\/schema.org\/Question\">\n<div class=\"toggle-link\">\n<h3 class=\"panel-title\" itemprop=\"name\">\n                \u00bfEs necesario tener una contrase\u00f1a para mi red WiFi?<\/h3>\n<\/div>\n<div class=\"panel-collapse\">\n<div class=\"panel-body\" itemprop=\"acceptedAnswer\" itemscope=\"\" itemtype=\"https:\/\/schema.org\/Answer\">\n<div itemprop=\"text\">\n<p>S\u00ed, tener una contrase\u00f1a de WiFi ayuda a proteger tu red contra el uso no deseado y las posibles amenazas de seguridad.<\/p>\n<\/div>\n<\/div>\n<\/div>\n<\/div>\n<div class=\"panel\" itemprop=\"mainEntity\" itemscope=\"\" itemtype=\"https:\/\/schema.org\/Question\">\n<div class=\"toggle-link\">\n<h3 class=\"panel-title\" itemprop=\"name\">\n                \u00bfPuedo acceder a la interfaz del router de Globe At Home utilizando mi tel\u00e9fono?<\/h3>\n<\/div>\n<div class=\"panel-collapse\">\n<div class=\"panel-body\" itemprop=\"acceptedAnswer\" itemscope=\"\" itemtype=\"https:\/\/schema.org\/Answer\">\n<div itemprop=\"text\">\n<p>S\u00ed, puedes acceder a la interfaz del router mediante la direcci\u00f3n IP <a href=http:\/\/192.168.254.254>192.168.254.254<\/a> utilizando el navegador de tu smartphone o tablet.<\/p>\n<\/div>\n<\/div>\n<\/div>\n<\/div>\n<div class=\"panel\" itemprop=\"mainEntity\" itemscope=\"\" itemtype=\"https:\/\/schema.org\/Question\">\n<div class=\"toggle-link\">\n<h3 class=\"panel-title\" itemprop=\"name\">\n                \u00bfEs posible restringir el n\u00famero de dispositivos conectados a mi red WiFi a trav\u00e9s del router de Globe At Home?<\/h3>\n<\/div>\n<div class=\"panel-collapse\">\n<div class=\"panel-body\" itemprop=\"acceptedAnswer\" itemscope=\"\" itemtype=\"https:\/\/schema.org\/Answer\">\n<div itemprop=\"text\">\n<p>S\u00ed, puedes gestionar el n\u00famero de dispositivos conectados a tu red configurando las configuraciones en tu interfaz del router de Globe At Home.<\/p>\n<\/div>\n<\/div>\n<\/div>\n<\/div>\n<div class=\"panel\" itemprop=\"mainEntity\" itemscope=\"\" itemtype=\"https:\/\/schema.org\/Question\">\n<div class=\"toggle-link\">\n<h3 class=\"panel-title\" itemprop=\"name\">\n                \u00bfPuedo controlar mi uso de datos a trav\u00e9s de la interfaz del router de Globe At Home?<\/h3>\n<\/div>\n<div class=\"panel-collapse\">\n<div class=\"panel-body\" itemprop=\"acceptedAnswer\" itemscope=\"\" itemtype=\"https:\/\/schema.org\/Answer\">\n<div itemprop=\"text\">\n<p>Algunos modelos de routers permiten controlar el uso de datos a trav\u00e9s de la interfaz del router. Consulta el manual del usuario de tu router o las caracter\u00edsticas en l\u00ednea para obtener m\u00e1s detalles.<\/p>\n<\/div>\n<\/div>\n<\/div>\n<\/div>\n<div class=\"panel\" itemprop=\"mainEntity\" itemscope=\"\" itemtype=\"https:\/\/schema.org\/Question\">\n<div class=\"toggle-link\">\n<h3 class=\"panel-title\" itemprop=\"name\">\n                \u00bfPuedo bloquear dispositivos espec\u00edficos de mi red WiFi?<\/h3>\n<\/div>\n<div class=\"panel-collapse\">\n<div class=\"panel-body\" itemprop=\"acceptedAnswer\" itemscope=\"\" itemtype=\"https:\/\/schema.org\/Answer\">\n<div itemprop=\"text\">\n<p>Puedes bloquear dispositivos espec\u00edficos para que no accedan a tu red WiFi ingresando a la secci\u00f3n de &#8216;configuraci\u00f3n de dispositivos&#8217; o &#8216;control de dispositivos&#8217; en la interfaz web de tu router de Globe At Home.<\/p>\n<\/div>\n<\/div>\n<\/div>\n<\/div>\n<\/section>\n<\/article>\n","protected":false},"excerpt":{"rendered":"<p>Todo lo que necesitas saber sobre el inicio de sesi\u00f3n del router Globe At Home y la configuraci\u00f3n Wi-Fi \u00a1Hola a todos, vamos a hablar de c\u00f3mo mejorar tu experiencia de internet con tu Router Globe At Home m\u00e1s que nunca! S\u00ed, le\u00edste correctamente.&#128187;&#128526; Voy a ser tu gu\u00eda en c\u00f3mo acceder y cambiar la [&hellip;]<\/p>\n","protected":false},"author":2,"featured_media":15,"parent":0,"menu_order":0,"comment_status":"closed","ping_status":"closed","template":"chromecast.php","meta":{"_stopmodifiedupdate":false,"_modified_date":"","_lmt_disableupdate":"yes","_lmt_disable":""},"yoast_head":"<!-- This site is optimized with the Yoast SEO plugin v20.9 - https:\/\/yoast.com\/wordpress\/plugins\/seo\/ -->\n<title>Inicio de sesi\u00f3n en el enrutador Globe At Home. Actualizado en 2026<\/title>\n<meta name=\"robots\" content=\"index, follow, max-snippet:-1, max-image-preview:large, max-video-preview:-1\" \/>\n<link rel=\"canonical\" href=\"https:\/\/www.ping.fm\/ip\/es\/enrutador-globe-at-home\/\" \/>\n<meta property=\"og:locale\" content=\"en_US\" \/>\n<meta property=\"og:type\" content=\"article\" \/>\n<meta property=\"og:title\" content=\"Inicio de sesi\u00f3n en el enrutador Globe At Home. Actualizado en 2026\" \/>\n<meta property=\"og:description\" content=\"Todo lo que necesitas saber sobre el inicio de sesi\u00f3n del router Globe At Home y la configuraci\u00f3n Wi-Fi \u00a1Hola a todos, vamos a hablar de c\u00f3mo mejorar tu experiencia de internet con tu Router Globe At Home m\u00e1s que nunca! S\u00ed, le\u00edste correctamente.&#128187;&#128526; Voy a ser tu gu\u00eda en c\u00f3mo acceder y cambiar la [&hellip;]\" \/>\n<meta property=\"og:url\" content=\"https:\/\/www.ping.fm\/ip\/es\/enrutador-globe-at-home\/\" \/>\n<meta property=\"og:site_name\" content=\"IP\" \/>\n<meta property=\"og:image\" content=\"https:\/\/www.ping.fm\/ip\/wp-content\/uploads\/2023\/07\/wifi.jpg\" \/>\n\t<meta property=\"og:image:width\" content=\"1992\" \/>\n\t<meta property=\"og:image:height\" content=\"1852\" \/>\n\t<meta property=\"og:image:type\" content=\"image\/jpeg\" \/>\n<meta name=\"twitter:card\" content=\"summary_large_image\" \/>\n<script type=\"application\/ld+json\" class=\"yoast-schema-graph\">{\"@context\":\"https:\/\/schema.org\",\"@graph\":[{\"@type\":\"WebPage\",\"@id\":\"https:\/\/www.ping.fm\/ip\/es\/enrutador-globe-at-home\/\",\"url\":\"https:\/\/www.ping.fm\/ip\/es\/enrutador-globe-at-home\/\",\"name\":\"Inicio de sesi\u00f3n en el enrutador Globe At Home. Actualizado en 2026\",\"isPartOf\":{\"@id\":\"https:\/\/www.ping.fm\/ip\/#website\"},\"datePublished\":\"2023-10-22T12:15:22+00:00\",\"dateModified\":\"2023-10-22T12:15:22+00:00\",\"breadcrumb\":{\"@id\":\"https:\/\/www.ping.fm\/ip\/es\/enrutador-globe-at-home\/#breadcrumb\"},\"inLanguage\":\"en-US\",\"potentialAction\":[{\"@type\":\"ReadAction\",\"target\":[\"https:\/\/www.ping.fm\/ip\/es\/enrutador-globe-at-home\/\"]}]},{\"@type\":\"BreadcrumbList\",\"@id\":\"https:\/\/www.ping.fm\/ip\/es\/enrutador-globe-at-home\/#breadcrumb\",\"itemListElement\":[{\"@type\":\"ListItem\",\"position\":1,\"name\":\"Home\",\"item\":\"https:\/\/www.ping.fm\/ip\/\"},{\"@type\":\"ListItem\",\"position\":2,\"name\":\"Inicio de sesi\u00f3n en el enrutador Globe At Home\"}]},{\"@type\":\"WebSite\",\"@id\":\"https:\/\/www.ping.fm\/ip\/#website\",\"url\":\"https:\/\/www.ping.fm\/ip\/\",\"name\":\"IP\",\"description\":\"\",\"potentialAction\":[{\"@type\":\"SearchAction\",\"target\":{\"@type\":\"EntryPoint\",\"urlTemplate\":\"https:\/\/www.ping.fm\/ip\/?s={search_term_string}\"},\"query-input\":\"required name=search_term_string\"}],\"inLanguage\":\"en-US\"}]}<\/script>\n<!-- \/ Yoast SEO plugin. -->","yoast_head_json":{"title":"Inicio de sesi\u00f3n en el enrutador Globe At Home. Actualizado en 2026","robots":{"index":"index","follow":"follow","max-snippet":"max-snippet:-1","max-image-preview":"max-image-preview:large","max-video-preview":"max-video-preview:-1"},"canonical":"https:\/\/www.ping.fm\/ip\/es\/enrutador-globe-at-home\/","og_locale":"en_US","og_type":"article","og_title":"Inicio de sesi\u00f3n en el enrutador Globe At Home. Actualizado en 2026","og_description":"Todo lo que necesitas saber sobre el inicio de sesi\u00f3n del router Globe At Home y la configuraci\u00f3n Wi-Fi \u00a1Hola a todos, vamos a hablar de c\u00f3mo mejorar tu experiencia de internet con tu Router Globe At Home m\u00e1s que nunca! S\u00ed, le\u00edste correctamente.&#128187;&#128526; Voy a ser tu gu\u00eda en c\u00f3mo acceder y cambiar la [&hellip;]","og_url":"https:\/\/www.ping.fm\/ip\/es\/enrutador-globe-at-home\/","og_site_name":"IP","og_image":[{"width":1992,"height":1852,"url":"https:\/\/www.ping.fm\/ip\/wp-content\/uploads\/2023\/07\/wifi.jpg","type":"image\/jpeg"}],"twitter_card":"summary_large_image","schema":{"@context":"https:\/\/schema.org","@graph":[{"@type":"WebPage","@id":"https:\/\/www.ping.fm\/ip\/es\/enrutador-globe-at-home\/","url":"https:\/\/www.ping.fm\/ip\/es\/enrutador-globe-at-home\/","name":"Inicio de sesi\u00f3n en el enrutador Globe At Home. Actualizado en 2026","isPartOf":{"@id":"https:\/\/www.ping.fm\/ip\/#website"},"datePublished":"2023-10-22T12:15:22+00:00","dateModified":"2023-10-22T12:15:22+00:00","breadcrumb":{"@id":"https:\/\/www.ping.fm\/ip\/es\/enrutador-globe-at-home\/#breadcrumb"},"inLanguage":"en-US","potentialAction":[{"@type":"ReadAction","target":["https:\/\/www.ping.fm\/ip\/es\/enrutador-globe-at-home\/"]}]},{"@type":"BreadcrumbList","@id":"https:\/\/www.ping.fm\/ip\/es\/enrutador-globe-at-home\/#breadcrumb","itemListElement":[{"@type":"ListItem","position":1,"name":"Home","item":"https:\/\/www.ping.fm\/ip\/"},{"@type":"ListItem","position":2,"name":"Inicio de sesi\u00f3n en el enrutador Globe At Home"}]},{"@type":"WebSite","@id":"https:\/\/www.ping.fm\/ip\/#website","url":"https:\/\/www.ping.fm\/ip\/","name":"IP","description":"","potentialAction":[{"@type":"SearchAction","target":{"@type":"EntryPoint","urlTemplate":"https:\/\/www.ping.fm\/ip\/?s={search_term_string}"},"query-input":"required name=search_term_string"}],"inLanguage":"en-US"}]}},"_links":{"self":[{"href":"https:\/\/www.ping.fm\/ip\/wp-json\/wp\/v2\/pages\/956"}],"collection":[{"href":"https:\/\/www.ping.fm\/ip\/wp-json\/wp\/v2\/pages"}],"about":[{"href":"https:\/\/www.ping.fm\/ip\/wp-json\/wp\/v2\/types\/page"}],"author":[{"embeddable":true,"href":"https:\/\/www.ping.fm\/ip\/wp-json\/wp\/v2\/users\/2"}],"replies":[{"embeddable":true,"href":"https:\/\/www.ping.fm\/ip\/wp-json\/wp\/v2\/comments?post=956"}],"version-history":[{"count":1,"href":"https:\/\/www.ping.fm\/ip\/wp-json\/wp\/v2\/pages\/956\/revisions"}],"predecessor-version":[{"id":957,"href":"https:\/\/www.ping.fm\/ip\/wp-json\/wp\/v2\/pages\/956\/revisions\/957"}],"wp:featuredmedia":[{"embeddable":true,"href":"https:\/\/www.ping.fm\/ip\/wp-json\/wp\/v2\/media\/15"}],"wp:attachment":[{"href":"https:\/\/www.ping.fm\/ip\/wp-json\/wp\/v2\/media?parent=956"}],"curies":[{"name":"wp","href":"https:\/\/api.w.org\/{rel}","templated":true}]}}