{"id":932,"date":"2023-10-22T11:48:24","date_gmt":"2023-10-22T11:48:24","guid":{"rendered":"https:\/\/www.ping.fm\/ip\/?page_id=932"},"modified":"2023-10-22T11:48:24","modified_gmt":"2023-10-22T11:48:24","slug":"router-d-link","status":"publish","type":"page","link":"https:\/\/www.ping.fm\/ip\/es\/router-d-link\/","title":{"rendered":"Inicio de sesi\u00f3n del Router D-Link"},"content":{"rendered":"<article>\n<section>\n<h1>Domine su inicio de sesi\u00f3n y configuraciones de su Router D-Link como un jefe &#128295;&#128187;&#128293;<\/h1>\n<div class=\"inbrief\">\n<div>\n                                <img src=\"\/ip\/wp-content\/uploads\/generated\/Inicio-de-sesion-del-Router-D-Link.jpg\" alt=\"Inicio de sesi\u00f3n del Router D-Link\" title=\"Inicio de sesi\u00f3n del Router D-Link\" width=\"1280\" height=\"720\"><br \/>\n                                \u00bfTiene problemas con su router? \u00bfQuiere configurar una nueva red o tal vez simplemente necesita cambiar su contrase\u00f1a Wi-Fi? Abr\u00f3chense los cinturones, porque vamos a simplificar las cosas para usted &#128295;&#128187;. Aqu\u00ed tienes una gu\u00eda paso a paso sobre c\u00f3mo acceder a la configuraci\u00f3n de tu <b>D-Link Router<\/b> y hacer cambios en tu Wi-Fi. Todo lo que necesita es su PC y su Router D-Link. Y, no te preocupes, no se requiere una conexi\u00f3n a internet activa. \u00a1Vamos! &#127906;&#128640;<\/div>\n<\/div>\n<\/section>\n<section>\n<div>\n<div>1<\/div>\n<h2>Acceda a la p\u00e1gina de inicio de sesi\u00f3n del Router D-Link<\/h2>\n<\/div>\n<p>Para empezar, conecte su PC a su Router D-Link, a trav\u00e9s del Wi-Fi o utilizando un cable Ethernet. Una vez hecho esto, abra un navegador web \ud83c\udf10 en su PC. Escribe <a href='http:\/\/192.168.0.1'>192.168.0.1<\/a> o <a href='http:\/\/192.168.1.1'>192.168.1.1<\/a> en la barra de direcciones y haga clic en enter \ud83c\udfaf. Alternativamente, puede escribir <a href='http:\/\/dlinkrouter.local'>dlinkrouter.local<\/a> o <a href='http:\/\/dlinkrouter'>dlinkrouter<\/a>. Llegar\u00e1s a la p\u00e1gina de inicio de sesi\u00f3n del Router D-Link. El nombre de usuario predeterminado es <b>admin<\/b> y no se requiere contrase\u00f1a \ud83d\ude05. Recuerda, esto se mantiene igual a menos que los hayas cambiado. \u00a1Despu\u00e9s de introducir las credenciales, est\u00e1s adentro! <\/p>\n<\/section>\n<section>\n<div>\n<div>2<\/div>\n<h2>Cambia el nombre de tu WiFi D-Link<\/h2>\n<\/div>\n<p>Supongamos que quieres darle un toque de jazz a tu nombre de Wi-Fi. \u00a1No hay problema! En el Panel de Admin del Router \ud83d\udc68\u200d\ud83d\udcbb, busca Configuraci\u00f3n Inal\u00e1mbrica y luego Configuraci\u00f3n Manual de Red Inal\u00e1mbrica. Ubica el campo Nombre de Red Inal\u00e1mbrica\/SSID y escribe tu nuevo SSID. Una vez hecho esto, guarda la configuraci\u00f3n \ud83d\udcbe. \u00a1Atenci\u00f3n! Cambiar el SSID desconecta todos los dispositivos previamente conectados. Por lo tanto, es posible que deba volver a conectarlos a su nueva red \ud83d\udc4c.<\/p>\n<\/section>\n<section>\n<div>\n<div>3<\/div>\n<h2>Cambia tu contrase\u00f1a WiFi D-Link<\/h2>\n<\/div>\n<p>Siempre es bueno cambiar tu contrase\u00f1a de Wi-Fi de vez en cuando. Aqu\u00ed te mostramos c\u00f3mo hacerlo en tu router D-Link. En el Panel de Admin, ve a Configuraci\u00f3n Inal\u00e1mbrica nuevamente y elige Configuraci\u00f3n Manual de Red Inal\u00e1mbrica. Baja y encuentra Modo de Seguridad Inal\u00e1mbrica, selecciona WPA-2. Introduce tu nueva contrase\u00f1a en la secci\u00f3n Clave Precompartida, entre 8 a 63 caracteres, mezclando letras, n\u00fameros y s\u00edmbolos \ud83d\udd24\ud83d\udd22\ud83d\udd23. Finalmente, haz clic en Guardar Configuraci\u00f3n para aplicar el cambio de contrase\u00f1a. \u00a1Prep\u00e1rate! Esta acci\u00f3n desconecta todos los dispositivos previamente conectados. Entonces, mant\u00e9n la calma y recon\u00e9ctalos con tu nueva contrase\u00f1a \ud83d\udd11.<\/section>\n<section>\n<h2>Conclusi\u00f3n: \ud83c\udfc1<\/h2>\n<div class=\"nonp\">Y ah\u00ed lo tienen, amigos, un simple viaje para dominar el inicio de sesi\u00f3n y configuraciones de su Router D-Link! Recuerda, el Internet es como una selva y tu router es tu fiel machete para navegar a trav\u00e9s de ella. As\u00ed que mant\u00e9nlo afilado y personalizado. Personalizar tu router D-Link no es ciencia de cohetes &#128640;. Se trata de conocer tu camino alrededor de los ajustes y hacer los cambios seg\u00fan tu gusto. Por cierto, no olvides &#8216;Guardar Configuraci\u00f3n&#8217; despu\u00e9s de cada cambio que hagas. \u00a1Feliz navegaci\u00f3n! &#128190;&#127881;&#128293;<\/div>\n<\/section>\n<section itemscope=\"\" itemtype=\"https:\/\/schema.org\/FAQPage\">\n<div class=\"panel\" itemprop=\"mainEntity\" itemscope=\"\" itemtype=\"https:\/\/schema.org\/Question\">\n<div class=\"toggle-link\">\n<h3 class=\"panel-title\" itemprop=\"name\">\n                \u00bfCu\u00e1l es el proceso para conectar mi PC o laptop al router D-Link?<\/h3>\n<\/div>\n<div class=\"panel-collapse\">\n<div class=\"panel-body\" itemprop=\"acceptedAnswer\" itemscope=\"\" itemtype=\"https:\/\/schema.org\/Answer\">\n<div itemprop=\"text\">\n<p>Para vincular tu dispositivo al router D-Link puedes utilizar tanto una red WiFi como una conexi\u00f3n Ethernet. No se necesita una conexi\u00f3n web activa, solo necesitas un enlace con el router.<\/p>\n<\/div>\n<\/div>\n<\/div>\n<\/div>\n<div class=\"panel\" itemprop=\"mainEntity\" itemscope=\"\" itemtype=\"https:\/\/schema.org\/Question\">\n<div class=\"toggle-link\">\n<h3 class=\"panel-title\" itemprop=\"name\">\n                \u00bfC\u00f3mo inicio sesi\u00f3n en el panel de administraci\u00f3n de mi router D-Link?<\/h3>\n<\/div>\n<div class=\"panel-collapse\">\n<div class=\"panel-body\" itemprop=\"acceptedAnswer\" itemscope=\"\" itemtype=\"https:\/\/schema.org\/Answer\">\n<div itemprop=\"text\">\n<p>Puedes acceder al Panel de administraci\u00f3n de tu Router D-Link conectando primero tu PC a tu router D-Link, luego abriendo un navegador web y escribiendo en la barra de direcciones 192.168.0.1 o 192.168.1.1 o <a href=http:\/\/dlinkrouter>http:\/\/dlinkrouter<\/a> o <a href=http:\/\/dlinkrouter.local>http:\/\/dlinkrouter.local<\/a> y presionando Enter. Luego, ingresa las credenciales de inicio de sesi\u00f3n, siendo &#8216;admin&#8217; el nombre de usuario por defecto y no se requiere contrase\u00f1a.<\/p>\n<\/div>\n<\/div>\n<\/div>\n<\/div>\n<div class=\"panel\" itemprop=\"mainEntity\" itemscope=\"\" itemtype=\"https:\/\/schema.org\/Question\">\n<div class=\"toggle-link\">\n<h3 class=\"panel-title\" itemprop=\"name\">\n                \u00bfSe requiere una conexi\u00f3n a internet activa para acceder al panel de administraci\u00f3n del router D-Link?<\/h3>\n<\/div>\n<div class=\"panel-collapse\">\n<div class=\"panel-body\" itemprop=\"acceptedAnswer\" itemscope=\"\" itemtype=\"https:\/\/schema.org\/Answer\">\n<div itemprop=\"text\">\n<p>No, no necesitas una conexi\u00f3n a internet activa para acceder al panel de administraci\u00f3n. Solo necesitas una conexi\u00f3n a tu Router D-Link.<\/p>\n<\/div>\n<\/div>\n<\/div>\n<\/div>\n<div class=\"panel\" itemprop=\"mainEntity\" itemscope=\"\" itemtype=\"https:\/\/schema.org\/Question\">\n<div class=\"toggle-link\">\n<h3 class=\"panel-title\" itemprop=\"name\">\n                \u00bfCu\u00e1les son las credenciales de inicio de sesi\u00f3n por defecto para el panel de administraci\u00f3n del router D-Link?<\/h3>\n<\/div>\n<div class=\"panel-collapse\">\n<div class=\"panel-body\" itemprop=\"acceptedAnswer\" itemscope=\"\" itemtype=\"https:\/\/schema.org\/Answer\">\n<div itemprop=\"text\">\n<p>Por lo general, el nombre de usuario por defecto es &#8216;admin&#8217; y no tiene contrase\u00f1a por defecto. Si no has cambiado el nombre de usuario de administrador o la contrase\u00f1a, puedes usar estas credenciales por defecto para iniciar sesi\u00f3n.<\/p>\n<\/div>\n<\/div>\n<\/div>\n<\/div>\n<div class=\"panel\" itemprop=\"mainEntity\" itemscope=\"\" itemtype=\"https:\/\/schema.org\/Question\">\n<div class=\"toggle-link\">\n<h3 class=\"panel-title\" itemprop=\"name\">\n                \u00bfD\u00f3nde puedo encontrar las credenciales por defecto para mi modelo de router D-Link?<\/h3>\n<\/div>\n<div class=\"panel-collapse\">\n<div class=\"panel-body\" itemprop=\"acceptedAnswer\" itemscope=\"\" itemtype=\"https:\/\/schema.org\/Answer\">\n<div itemprop=\"text\">\n<p>La informaci\u00f3n de inicio de sesi\u00f3n por defecto de tu router se puede encontrar en una etiqueta en el lateral o en la parte trasera de tu router. Alternativamente, tambi\u00e9n puedes buscar en internet las credenciales por defecto de tu modelo de router espec\u00edfico.<\/p>\n<\/div>\n<\/div>\n<\/div>\n<\/div>\n<div class=\"panel\" itemprop=\"mainEntity\" itemscope=\"\" itemtype=\"https:\/\/schema.org\/Question\">\n<div class=\"toggle-link\">\n<h3 class=\"panel-title\" itemprop=\"name\">\n                \u00bfQu\u00e9 configuraciones se pueden cambiar una vez que se ha iniciado sesi\u00f3n en el panel de administraci\u00f3n del router D-Link?<\/h3>\n<\/div>\n<div class=\"panel-collapse\">\n<div class=\"panel-body\" itemprop=\"acceptedAnswer\" itemscope=\"\" itemtype=\"https:\/\/schema.org\/Answer\">\n<div itemprop=\"text\">\n<p>Una vez que has iniciado sesi\u00f3n en el panel de administraci\u00f3n, puedes modificar todas las configuraciones de tu router y tu red WiFi desde all\u00ed, como cambiar el nombre de la WiFi (SSID), alterar la contrase\u00f1a de la WiFi, configurar controles parentales, y mucho m\u00e1s.<\/p>\n<\/div>\n<\/div>\n<\/div>\n<\/div>\n<div class=\"panel\" itemprop=\"mainEntity\" itemscope=\"\" itemtype=\"https:\/\/schema.org\/Question\">\n<div class=\"toggle-link\">\n<h3 class=\"panel-title\" itemprop=\"name\">\n                \u00bfC\u00f3mo puedo cambiar mi SSID de WiFi D-Link?<\/h3>\n<\/div>\n<div class=\"panel-collapse\">\n<div class=\"panel-body\" itemprop=\"acceptedAnswer\" itemscope=\"\" itemtype=\"https:\/\/schema.org\/Answer\">\n<div itemprop=\"text\">\n<p>Despu\u00e9s de iniciar sesi\u00f3n en el panel de administraci\u00f3n de tu router D-Link, navega a &#8216;Configuraci\u00f3n inal\u00e1mbrica&#8217; y haz clic en &#8216;Configuraci\u00f3n manual de la red inal\u00e1mbrica&#8217;. En el campo &#8216;Nombre de la red inal\u00e1mbrica\/SSID&#8217;, introduce tu nuevo SSID y haz clic en &#8216;Guardar configuraci\u00f3n&#8217;. Todos los dispositivos previamente vinculados se desconectar\u00e1n despu\u00e9s de cambiar el SSID y deber\u00e1n volver a conectarse a la red.<\/p>\n<\/div>\n<\/div>\n<\/div>\n<\/div>\n<div class=\"panel\" itemprop=\"mainEntity\" itemscope=\"\" itemtype=\"https:\/\/schema.org\/Question\">\n<div class=\"toggle-link\">\n<h3 class=\"panel-title\" itemprop=\"name\">\n                \u00bfQu\u00e9 pasar\u00e1 despu\u00e9s de modificar mi SSID de WiFi D-Link?<\/h3>\n<\/div>\n<div class=\"panel-collapse\">\n<div class=\"panel-body\" itemprop=\"acceptedAnswer\" itemscope=\"\" itemtype=\"https:\/\/schema.org\/Answer\">\n<div itemprop=\"text\">\n<p>Una vez que cambies tu SSID, todos los dispositivos que estaban previamente conectados a tu red WiFi se desconectar\u00e1n autom\u00e1ticamente y tendr\u00e1s que volver a conectar esos dispositivos a tu red.<\/p>\n<\/div>\n<\/div>\n<\/div>\n<\/div>\n<div class=\"panel\" itemprop=\"mainEntity\" itemscope=\"\" itemtype=\"https:\/\/schema.org\/Question\">\n<div class=\"toggle-link\">\n<h3 class=\"panel-title\" itemprop=\"name\">\n                \u00bfC\u00f3mo puedo cambiar mi contrase\u00f1a de WiFi D-Link?<\/h3>\n<\/div>\n<div class=\"panel-collapse\">\n<div class=\"panel-body\" itemprop=\"acceptedAnswer\" itemscope=\"\" itemtype=\"https:\/\/schema.org\/Answer\">\n<div itemprop=\"text\">\n<p>Para cambiar tu contrase\u00f1a, inicia sesi\u00f3n en el Panel de administraci\u00f3n, ve a &#8216;Configuraci\u00f3n inal\u00e1mbrica&#8217; > &#8216;Configuraci\u00f3n manual de la red inal\u00e1mbrica&#8217;. Despl\u00e1zate hacia abajo hasta &#8216;Modo de seguridad inal\u00e1mbrica&#8217; y selecciona &#8216;WPA-2&#8217;. Luego, ingresa tu nueva contrase\u00f1a en el campo &#8216;Clave compartida previa&#8217;. La contrase\u00f1a debe tener entre 8 y 63 caracteres, contener cualquier combinaci\u00f3n de letras, d\u00edgitos y caracteres especiales. Haz clic en &#8216;Guardar configuraci\u00f3n&#8217; para confirmar el cambio de contrase\u00f1a. El router se reiniciar\u00e1 y todos los dispositivos previamente conectados se desconectar\u00e1n.<\/p>\n<\/div>\n<\/div>\n<\/div>\n<\/div>\n<div class=\"panel\" itemprop=\"mainEntity\" itemscope=\"\" itemtype=\"https:\/\/schema.org\/Question\">\n<div class=\"toggle-link\">\n<h3 class=\"panel-title\" itemprop=\"name\">\n                \u00bfQu\u00e9 suceder\u00e1 despu\u00e9s de cambiar la contrase\u00f1a WiFi de D-Link?<\/h3>\n<\/div>\n<div class=\"panel-collapse\">\n<div class=\"panel-body\" itemprop=\"acceptedAnswer\" itemscope=\"\" itemtype=\"https:\/\/schema.org\/Answer\">\n<div itemprop=\"text\">\n<p>Despu\u00e9s de cambiar tu contrase\u00f1a WiFi, todos los dispositivos conectados a tu router se desconectar\u00e1n autom\u00e1ticamente. Tendr\u00e1s que volver a conectarlos usando la nueva contrase\u00f1a.<\/p>\n<\/div>\n<\/div>\n<\/div>\n<\/div>\n<div class=\"panel\" itemprop=\"mainEntity\" itemscope=\"\" itemtype=\"https:\/\/schema.org\/Question\">\n<div class=\"toggle-link\">\n<h3 class=\"panel-title\" itemprop=\"name\">\n                \u00bfCu\u00e1l es el requisito de complejidad de la contrase\u00f1a para la contrase\u00f1a WiFi de D-Link?<\/h3>\n<\/div>\n<div class=\"panel-collapse\">\n<div class=\"panel-body\" itemprop=\"acceptedAnswer\" itemscope=\"\" itemtype=\"https:\/\/schema.org\/Answer\">\n<div itemprop=\"text\">\n<p>La contrase\u00f1a para el WiFi de D-Link debe tener entre 8 y 63 caracteres. Puede consistir en alfabetos, n\u00fameros y caracteres especiales.<\/p>\n<\/div>\n<\/div>\n<\/div>\n<\/div>\n<div class=\"panel\" itemprop=\"mainEntity\" itemscope=\"\" itemtype=\"https:\/\/schema.org\/Question\">\n<div class=\"toggle-link\">\n<h3 class=\"panel-title\" itemprop=\"name\">\n                \u00bfPuedo revertir mi SSID y contrase\u00f1a WiFi de D-Link a la configuraci\u00f3n predeterminada?<\/h3>\n<\/div>\n<div class=\"panel-collapse\">\n<div class=\"panel-body\" itemprop=\"acceptedAnswer\" itemscope=\"\" itemtype=\"https:\/\/schema.org\/Answer\">\n<div itemprop=\"text\">\n<p>S\u00ed. Si deseas volver a la configuraci\u00f3n original, debes restablecer tu router. Despu\u00e9s de restablecer, se restaurar\u00e1n las configuraciones por defecto.<\/p>\n<\/div>\n<\/div>\n<\/div>\n<\/div>\n<div class=\"panel\" itemprop=\"mainEntity\" itemscope=\"\" itemtype=\"https:\/\/schema.org\/Question\">\n<div class=\"toggle-link\">\n<h3 class=\"panel-title\" itemprop=\"name\">\n                \u00bfC\u00f3mo restablezco mi router D-Link?<\/h3>\n<\/div>\n<div class=\"panel-collapse\">\n<div class=\"panel-body\" itemprop=\"acceptedAnswer\" itemscope=\"\" itemtype=\"https:\/\/schema.org\/Answer\">\n<div itemprop=\"text\">\n<p>La mayor\u00eda de los routers D-Link tienen un peque\u00f1o bot\u00f3n de restablecimiento en la parte trasera o inferior. Mant\u00e9nlo presionado durante unos 10 segundos con un objeto delgado como un clip de papel. Esto restablecer\u00e1 tu router a la configuraci\u00f3n de f\u00e1brica.<\/p>\n<\/div>\n<\/div>\n<\/div>\n<\/div>\n<div class=\"panel\" itemprop=\"mainEntity\" itemscope=\"\" itemtype=\"https:\/\/schema.org\/Question\">\n<div class=\"toggle-link\">\n<h3 class=\"panel-title\" itemprop=\"name\">\n                \u00bfCu\u00e1les son las implicaciones de restablecer mi router D-Link?<\/h3>\n<\/div>\n<div class=\"panel-collapse\">\n<div class=\"panel-body\" itemprop=\"acceptedAnswer\" itemscope=\"\" itemtype=\"https:\/\/schema.org\/Answer\">\n<div itemprop=\"text\">\n<p>Restablecer cambiar\u00e1 todas las configuraciones a su estado predeterminado, incluyendo el nombre de tu red WiFi (SSID) y la contrase\u00f1a. Tendr\u00e1s que reconfigurar todas las configuraciones despu\u00e9s del restablecimiento.<\/p>\n<\/div>\n<\/div>\n<\/div>\n<\/div>\n<div class=\"panel\" itemprop=\"mainEntity\" itemscope=\"\" itemtype=\"https:\/\/schema.org\/Question\">\n<div class=\"toggle-link\">\n<h3 class=\"panel-title\" itemprop=\"name\">\n                \u00bfCu\u00e1n seguras son las credenciales de inicio de sesi\u00f3n por defecto del panel de administraci\u00f3n del router D-Link?<\/h3>\n<\/div>\n<div class=\"panel-collapse\">\n<div class=\"panel-body\" itemprop=\"acceptedAnswer\" itemscope=\"\" itemtype=\"https:\/\/schema.org\/Answer\">\n<div itemprop=\"text\">\n<p>Las credenciales de inicio de sesi\u00f3n por defecto son de conocimiento p\u00fablico y, por lo tanto, no son seguras. Por lo tanto, es recomendable cambiarlas para mejorar la seguridad de tu red.<\/p>\n<\/div>\n<\/div>\n<\/div>\n<\/div>\n<div class=\"panel\" itemprop=\"mainEntity\" itemscope=\"\" itemtype=\"https:\/\/schema.org\/Question\">\n<div class=\"toggle-link\">\n<h3 class=\"panel-title\" itemprop=\"name\">\n                \u00bfC\u00f3mo cambio las credenciales de inicio de sesi\u00f3n por defecto del panel de administraci\u00f3n del router D-Link?<\/h3>\n<\/div>\n<div class=\"panel-collapse\">\n<div class=\"panel-body\" itemprop=\"acceptedAnswer\" itemscope=\"\" itemtype=\"https:\/\/schema.org\/Answer\">\n<div itemprop=\"text\">\n<p>Una vez que hayas iniciado sesi\u00f3n en el panel de administraci\u00f3n del router D-Link, navega a la pesta\u00f1a &#8216;Sistema&#8217;, luego selecciona &#8216;Admin&#8217;. Aqu\u00ed, puedes modificar el nombre de usuario y la contrase\u00f1a. Recuerda hacer clic en &#8216;Guardar configuraci\u00f3n&#8217; antes de salir.<\/p>\n<\/div>\n<\/div>\n<\/div>\n<\/div>\n<div class=\"panel\" itemprop=\"mainEntity\" itemscope=\"\" itemtype=\"https:\/\/schema.org\/Question\">\n<div class=\"toggle-link\">\n<h3 class=\"panel-title\" itemprop=\"name\">\n                \u00bfCu\u00e1l es el papel del panel de administraci\u00f3n del router D-Link?<\/h3>\n<\/div>\n<div class=\"panel-collapse\">\n<div class=\"panel-body\" itemprop=\"acceptedAnswer\" itemscope=\"\" itemtype=\"https:\/\/schema.org\/Answer\">\n<div itemprop=\"text\">\n<p>El panel de administraci\u00f3n del router D-Link es el panel de control de tu router. Es donde puedes cambiar y ajustar configuraciones como el nombre de la WiFi, la contrase\u00f1a, las configuraciones de seguridad y m\u00e1s.<\/p>\n<\/div>\n<\/div>\n<\/div>\n<\/div>\n<div class=\"panel\" itemprop=\"mainEntity\" itemscope=\"\" itemtype=\"https:\/\/schema.org\/Question\">\n<div class=\"toggle-link\">\n<h3 class=\"panel-title\" itemprop=\"name\">\n                \u00bfQu\u00e9 hago si olvid\u00e9 mis credenciales de inicio de sesi\u00f3n del panel de administraci\u00f3n del router D-Link?<\/h3>\n<\/div>\n<div class=\"panel-collapse\">\n<div class=\"panel-body\" itemprop=\"acceptedAnswer\" itemscope=\"\" itemtype=\"https:\/\/schema.org\/Answer\">\n<div itemprop=\"text\">\n<p>Si has olvidado tus detalles de inicio de sesi\u00f3n, debes restablecer tu router D-Link a su configuraci\u00f3n de f\u00e1brica. Esto restablecer\u00e1 el nombre de usuario y la contrase\u00f1a a las credenciales por defecto.<\/p>\n<\/div>\n<\/div>\n<\/div>\n<\/div>\n<div class=\"panel\" itemprop=\"mainEntity\" itemscope=\"\" itemtype=\"https:\/\/schema.org\/Question\">\n<div class=\"toggle-link\">\n<h3 class=\"panel-title\" itemprop=\"name\">\n                \u00bfD-Link proporciona soporte para problemas relacionados con el inicio de sesi\u00f3n del router y el ajuste de configuraciones?<\/h3>\n<\/div>\n<div class=\"panel-collapse\">\n<div class=\"panel-body\" itemprop=\"acceptedAnswer\" itemscope=\"\" itemtype=\"https:\/\/schema.org\/Answer\">\n<div itemprop=\"text\">\n<p>S\u00ed, D-Link proporciona soporte para estos problemas. Puedes visitar su p\u00e1gina oficial de soporte o llamar a su l\u00ednea de ayuda para obtener asistencia.<\/p>\n<\/div>\n<\/div>\n<\/div>\n<\/div>\n<\/section>\n<\/article>\n","protected":false},"excerpt":{"rendered":"<p>Domine su inicio de sesi\u00f3n y configuraciones de su Router D-Link como un jefe &#128295;&#128187;&#128293; \u00bfTiene problemas con su router? \u00bfQuiere configurar una nueva red o tal vez simplemente necesita cambiar su contrase\u00f1a Wi-Fi? Abr\u00f3chense los cinturones, porque vamos a simplificar las cosas para usted &#128295;&#128187;. Aqu\u00ed tienes una gu\u00eda paso a paso sobre c\u00f3mo [&hellip;]<\/p>\n","protected":false},"author":2,"featured_media":15,"parent":0,"menu_order":0,"comment_status":"closed","ping_status":"closed","template":"chromecast.php","meta":{"_stopmodifiedupdate":false,"_modified_date":"","_lmt_disableupdate":"yes","_lmt_disable":""},"yoast_head":"<!-- This site is optimized with the Yoast SEO plugin v20.9 - https:\/\/yoast.com\/wordpress\/plugins\/seo\/ -->\n<title>Inicio de sesi\u00f3n del Router D-Link. Actualizado en 2026<\/title>\n<meta name=\"robots\" content=\"index, follow, max-snippet:-1, max-image-preview:large, max-video-preview:-1\" \/>\n<link rel=\"canonical\" href=\"https:\/\/www.ping.fm\/ip\/es\/router-d-link\/\" \/>\n<meta property=\"og:locale\" content=\"en_US\" \/>\n<meta property=\"og:type\" content=\"article\" \/>\n<meta property=\"og:title\" content=\"Inicio de sesi\u00f3n del Router D-Link. Actualizado en 2026\" \/>\n<meta property=\"og:description\" content=\"Domine su inicio de sesi\u00f3n y configuraciones de su Router D-Link como un jefe &#128295;&#128187;&#128293; \u00bfTiene problemas con su router? \u00bfQuiere configurar una nueva red o tal vez simplemente necesita cambiar su contrase\u00f1a Wi-Fi? Abr\u00f3chense los cinturones, porque vamos a simplificar las cosas para usted &#128295;&#128187;. Aqu\u00ed tienes una gu\u00eda paso a paso sobre c\u00f3mo [&hellip;]\" \/>\n<meta property=\"og:url\" content=\"https:\/\/www.ping.fm\/ip\/es\/router-d-link\/\" \/>\n<meta property=\"og:site_name\" content=\"IP\" \/>\n<meta property=\"og:image\" content=\"https:\/\/www.ping.fm\/ip\/wp-content\/uploads\/2023\/07\/wifi.jpg\" \/>\n\t<meta property=\"og:image:width\" content=\"1992\" \/>\n\t<meta property=\"og:image:height\" content=\"1852\" \/>\n\t<meta property=\"og:image:type\" content=\"image\/jpeg\" \/>\n<meta name=\"twitter:card\" content=\"summary_large_image\" \/>\n<script type=\"application\/ld+json\" class=\"yoast-schema-graph\">{\"@context\":\"https:\/\/schema.org\",\"@graph\":[{\"@type\":\"WebPage\",\"@id\":\"https:\/\/www.ping.fm\/ip\/es\/router-d-link\/\",\"url\":\"https:\/\/www.ping.fm\/ip\/es\/router-d-link\/\",\"name\":\"Inicio de sesi\u00f3n del Router D-Link. Actualizado en 2026\",\"isPartOf\":{\"@id\":\"https:\/\/www.ping.fm\/ip\/#website\"},\"datePublished\":\"2023-10-22T11:48:24+00:00\",\"dateModified\":\"2023-10-22T11:48:24+00:00\",\"breadcrumb\":{\"@id\":\"https:\/\/www.ping.fm\/ip\/es\/router-d-link\/#breadcrumb\"},\"inLanguage\":\"en-US\",\"potentialAction\":[{\"@type\":\"ReadAction\",\"target\":[\"https:\/\/www.ping.fm\/ip\/es\/router-d-link\/\"]}]},{\"@type\":\"BreadcrumbList\",\"@id\":\"https:\/\/www.ping.fm\/ip\/es\/router-d-link\/#breadcrumb\",\"itemListElement\":[{\"@type\":\"ListItem\",\"position\":1,\"name\":\"Home\",\"item\":\"https:\/\/www.ping.fm\/ip\/\"},{\"@type\":\"ListItem\",\"position\":2,\"name\":\"Inicio de sesi\u00f3n del Router D-Link\"}]},{\"@type\":\"WebSite\",\"@id\":\"https:\/\/www.ping.fm\/ip\/#website\",\"url\":\"https:\/\/www.ping.fm\/ip\/\",\"name\":\"IP\",\"description\":\"\",\"potentialAction\":[{\"@type\":\"SearchAction\",\"target\":{\"@type\":\"EntryPoint\",\"urlTemplate\":\"https:\/\/www.ping.fm\/ip\/?s={search_term_string}\"},\"query-input\":\"required name=search_term_string\"}],\"inLanguage\":\"en-US\"}]}<\/script>\n<!-- \/ Yoast SEO plugin. -->","yoast_head_json":{"title":"Inicio de sesi\u00f3n del Router D-Link. Actualizado en 2026","robots":{"index":"index","follow":"follow","max-snippet":"max-snippet:-1","max-image-preview":"max-image-preview:large","max-video-preview":"max-video-preview:-1"},"canonical":"https:\/\/www.ping.fm\/ip\/es\/router-d-link\/","og_locale":"en_US","og_type":"article","og_title":"Inicio de sesi\u00f3n del Router D-Link. Actualizado en 2026","og_description":"Domine su inicio de sesi\u00f3n y configuraciones de su Router D-Link como un jefe &#128295;&#128187;&#128293; \u00bfTiene problemas con su router? \u00bfQuiere configurar una nueva red o tal vez simplemente necesita cambiar su contrase\u00f1a Wi-Fi? Abr\u00f3chense los cinturones, porque vamos a simplificar las cosas para usted &#128295;&#128187;. Aqu\u00ed tienes una gu\u00eda paso a paso sobre c\u00f3mo [&hellip;]","og_url":"https:\/\/www.ping.fm\/ip\/es\/router-d-link\/","og_site_name":"IP","og_image":[{"width":1992,"height":1852,"url":"https:\/\/www.ping.fm\/ip\/wp-content\/uploads\/2023\/07\/wifi.jpg","type":"image\/jpeg"}],"twitter_card":"summary_large_image","schema":{"@context":"https:\/\/schema.org","@graph":[{"@type":"WebPage","@id":"https:\/\/www.ping.fm\/ip\/es\/router-d-link\/","url":"https:\/\/www.ping.fm\/ip\/es\/router-d-link\/","name":"Inicio de sesi\u00f3n del Router D-Link. Actualizado en 2026","isPartOf":{"@id":"https:\/\/www.ping.fm\/ip\/#website"},"datePublished":"2023-10-22T11:48:24+00:00","dateModified":"2023-10-22T11:48:24+00:00","breadcrumb":{"@id":"https:\/\/www.ping.fm\/ip\/es\/router-d-link\/#breadcrumb"},"inLanguage":"en-US","potentialAction":[{"@type":"ReadAction","target":["https:\/\/www.ping.fm\/ip\/es\/router-d-link\/"]}]},{"@type":"BreadcrumbList","@id":"https:\/\/www.ping.fm\/ip\/es\/router-d-link\/#breadcrumb","itemListElement":[{"@type":"ListItem","position":1,"name":"Home","item":"https:\/\/www.ping.fm\/ip\/"},{"@type":"ListItem","position":2,"name":"Inicio de sesi\u00f3n del Router D-Link"}]},{"@type":"WebSite","@id":"https:\/\/www.ping.fm\/ip\/#website","url":"https:\/\/www.ping.fm\/ip\/","name":"IP","description":"","potentialAction":[{"@type":"SearchAction","target":{"@type":"EntryPoint","urlTemplate":"https:\/\/www.ping.fm\/ip\/?s={search_term_string}"},"query-input":"required name=search_term_string"}],"inLanguage":"en-US"}]}},"_links":{"self":[{"href":"https:\/\/www.ping.fm\/ip\/wp-json\/wp\/v2\/pages\/932"}],"collection":[{"href":"https:\/\/www.ping.fm\/ip\/wp-json\/wp\/v2\/pages"}],"about":[{"href":"https:\/\/www.ping.fm\/ip\/wp-json\/wp\/v2\/types\/page"}],"author":[{"embeddable":true,"href":"https:\/\/www.ping.fm\/ip\/wp-json\/wp\/v2\/users\/2"}],"replies":[{"embeddable":true,"href":"https:\/\/www.ping.fm\/ip\/wp-json\/wp\/v2\/comments?post=932"}],"version-history":[{"count":1,"href":"https:\/\/www.ping.fm\/ip\/wp-json\/wp\/v2\/pages\/932\/revisions"}],"predecessor-version":[{"id":933,"href":"https:\/\/www.ping.fm\/ip\/wp-json\/wp\/v2\/pages\/932\/revisions\/933"}],"wp:featuredmedia":[{"embeddable":true,"href":"https:\/\/www.ping.fm\/ip\/wp-json\/wp\/v2\/media\/15"}],"wp:attachment":[{"href":"https:\/\/www.ping.fm\/ip\/wp-json\/wp\/v2\/media?parent=932"}],"curies":[{"name":"wp","href":"https:\/\/api.w.org\/{rel}","templated":true}]}}