{"id":911,"date":"2023-10-22T11:33:02","date_gmt":"2023-10-22T11:33:02","guid":{"rendered":"https:\/\/www.ping.fm\/ip\/?page_id=911"},"modified":"2023-10-22T11:33:02","modified_gmt":"2023-10-22T11:33:02","slug":"192-168-0-100-es","status":"publish","type":"page","link":"https:\/\/www.ping.fm\/ip\/es\/192-168-0-100-es\/","title":{"rendered":"192.168.0.100"},"content":{"rendered":"<article>\n<section>\n<h1>Desbloquee sus Privilegios de WiFi Accediendo a &#49;&#57;&#50;.&#49;&#54;&#56;.&#48;.&#49;&#48;&#48; &#128640;&#128640;<\/h1>\n<div class=\"inbrief\">\n<div><img src=\"\/ip\/wp-content\/uploads\/generated\/192.168.0.100.jpg\" alt=\"192.168.0.100\" title=\"192.168.0.100\" width=\"1280\" height=\"720\"><\/p>\n<p>Diga &#8216;Adi\u00f3s&#8217; a la configuraci\u00f3n predeterminada de su router! &#128400;&#65039;&#128526; \u00a1Es hora de explorar el mundo secreto de &#49;&#57;&#50;.&#49;&#54;&#56;.&#48;.&#49;&#48;&#48;! Esto, se\u00f1oras y se\u00f1ores, es su dominio para la configuraci\u00f3n de WiFi personalizada &#128295;&#128273;. \u00bfAlguna vez se pregunt\u00f3 por qu\u00e9 su WiFi es m\u00e1s lento que un caracol? \u00a1Quiz\u00e1s es el hacker de al lado! &#128561;&#128187; Vamos a hacer a prueba de balas su WiFi accediendo a <a href='http:\/\/&#49;&#57;&#50;.&#49;&#54;&#56;.&#48;.&#49;&#48;&#48;\/'>&#49;&#57;&#50;.&#49;&#54;&#56;.&#48;.&#49;&#48;&#48;<\/a> y reconfigurando la contrase\u00f1a, SSID y m\u00e1s. \u00a1P\u00f3ngase la gorra porque vamos a bucear a fondo!<\/p>\n<\/div>\n<\/div>\n<\/section>\n<section>\n<div>\n<div>1<\/div>\n<h2>\u00bfListo para Acceder a 192.168.0.100?<\/h2>\n<\/div>\n<p>Localice su navegador (Chrome, Firefox, Edge, \u00a1usted n\u00f3mbrelo!) \ud83c\udf10, escriba 192.168.0.100 en la barra de direcciones \ud83d\udcbb y presione Enter. Est\u00e1 ahora en las puertas del castillo WiFi. Introduzca su Nombre de Usuario y Contrase\u00f1a predeterminados y desencadene el poder de la configuraci\u00f3n personalizada de WiFi \ud83d\udc40. Tenga en cuenta que estas credenciales predeterminadas se pueden encontrar impresas en la pegatina trasera de su router\/modem. Algunas comunes son:<\/p>\n<ul>\n<li>Nombre de usuario: admin Contrase\u00f1a: admin<\/li>\n<li>Nombre de usuario: admin Contrase\u00f1a: password<\/li>\n<li>Nombre de usuario: admin Contrase\u00f1a: (en blanco)<\/li>\n<li>Nombre de usuario: admin Contrase\u00f1a: 1234<\/li>\n<\/ul>\n<p>\u00a1Una palabra de precauci\u00f3n! Estos son s\u00f3lo los valores por defecto. Recomendar\u00eda cambiar estos a la mayor brevedad para mantener a raya a los malhechores! \ud83d\udeb7\ud83d\udd10<\/p>\n<\/section>\n<section>\n<div>\n<div>2<\/div>\n<h2>\u00bfD\u00f3nde se Ubican Marcas como Tenda, TP-Link, NETGEAR?<\/h2>\n<\/div>\n<p>Bueno, todas ellas usan 192.168.0.100 como su direcci\u00f3n IP de router predeterminada. \u00bfSuena familiar? S\u00ed, la misma de la que estamos hablando. Estas marcas saben lo que hacen, \u00bfno es as\u00ed? \ud83d\ude09\ud83d\ude09<\/p>\n<\/section>\n<section>\n<div>\n<div>3<\/div>\n<h2>\u00bfHa Pensado Alguna Vez en Cambiar su Contrase\u00f1a WiFi y SSID?<\/h2>\n<\/div>\n<p>\u00a1Hora de actuar! Una vez que haya entrado en la p\u00e1gina de administraci\u00f3n web del router (\u00bfNo se siente incre\u00edble?), navegue a los ajustes de la Red Inal\u00e1mbrica dentro del men\u00fa \ud83e\udded\ud83d\udc48. Ahora ver\u00e1 la configuraci\u00f3n Wi-Fi de 2,4 GHz o 5 GHz, dependiendo de lo que ofrezca su router. Introduzca su Nombre de Red WiFi deseado en el campo nombre de red Wi-Fi\/SSID. \u00a1A tus amigos les va a encantar esto! Luego, asegure su castillo con una contrase\u00f1a fuerte en el campo Contrase\u00f1a Wi-Fi\/Pre Shared Key\/Passphrase. Haga clic en Guardar y \u00a1ya est\u00e1! \ud83c\udff0\u2b50\ufe0f \u00a1Sigue experimentando porque el cielo es el l\u00edmite! \u2708\ufe0f\ud83d\ude04<\/p>\n<\/section>\n<section>\n<h2>Conclusi\u00f3n: \ud83c\udfc1<\/h2>\n<div class=\"nonp\">\n<p>Internet deber\u00eda ser r\u00e1pido, seguro y personalizado. \u00bfAdivina qu\u00e9? &#49;&#57;&#50;.&#49;&#54;&#56;.&#48;.&#49;&#48;&#48; te ayuda a conseguir todo eso. Desde seguridad hasta velocidad, desde NETGEAR hasta TP Link, esta plataforma cierra la brecha con facilidad &#127753;&#129309;. Ahora que tienes la llave, da el salto y transforma tu experiencia WiFi! &#128640;&#127760; Recuerda, un gran WiFi viene con una gran responsabilidad. Mantenlo seguro y disfruta de la velocidad &#9889;&#9889; Y s\u00ed, \u00a1no culpes m\u00e1s a tu proveedor de servicios de Internet por un WiFi lento! &#128517;&#128540;<\/p>\n<\/div>\n<\/section>\n<section itemscope=\"\" itemtype=\"https:\/\/schema.org\/FAQPage\">\n<div class=\"panel\" itemprop=\"mainEntity\" itemscope=\"\" itemtype=\"https:\/\/schema.org\/Question\">\n<div class=\"toggle-link\">\n<h3 class=\"panel-title\" itemprop=\"name\">\n                \u00bfPara qu\u00e9 se utiliza <b>192.168.0.100<\/b>?<\/h3>\n<\/div>\n<div class=\"panel-collapse\">\n<div class=\"panel-body\" itemprop=\"acceptedAnswer\" itemscope=\"\" itemtype=\"https:\/\/schema.org\/Answer\">\n<div itemprop=\"text\">\n<p>192.168.0.100 es una <a href=\"https:\/\/www.norton.com\/business\/smb\/learn\/faq\/ip-address\" target=\"_blank\" rel=\"noopener\">direcci\u00f3n IP privada<\/a> com\u00fanmente utilizada para acceder y configurar los ajustes de routers o m\u00f3dems. Los propietarios pueden cambiar la contrase\u00f1a de WiFi, el SSID, y otros ajustes del router o del m\u00f3dem ingresando en <a href=http:\/\/192.168.0.100\/>http:\/\/192.168.0.100\/<\/a>.<\/p>\n<\/div>\n<\/div>\n<\/div>\n<\/div>\n<div class=\"panel\" itemprop=\"mainEntity\" itemscope=\"\" itemtype=\"https:\/\/schema.org\/Question\">\n<div class=\"toggle-link\">\n<h3 class=\"panel-title\" itemprop=\"name\">\n                \u00bfC\u00f3mo acceso a <b>192.168.0.100<\/b>?<\/h3>\n<\/div>\n<div class=\"panel-collapse\">\n<div class=\"panel-body\" itemprop=\"acceptedAnswer\" itemscope=\"\" itemtype=\"https:\/\/schema.org\/Answer\">\n<div itemprop=\"text\">\n<p>Para acceder a 192.168.0.100, abre un navegador de internet y escribe <a href=http:\/\/192.168.0.100\/>192.168.0.100<\/a> en la barra de direcciones. Luego, ingresa el nombre de usuario y la contrase\u00f1a predeterminados para iniciar sesi\u00f3n.<\/p>\n<\/div>\n<\/div>\n<\/div>\n<\/div>\n<div class=\"panel\" itemprop=\"mainEntity\" itemscope=\"\" itemtype=\"https:\/\/schema.org\/Question\">\n<div class=\"toggle-link\">\n<h3 class=\"panel-title\" itemprop=\"name\">\n                \u00bfCu\u00e1les son los nombres de usuario y contrase\u00f1as por defecto de <b>192.168.0.100<\/b>?<\/h3>\n<\/div>\n<div class=\"panel-collapse\">\n<div class=\"panel-body\" itemprop=\"acceptedAnswer\" itemscope=\"\" itemtype=\"https:\/\/schema.org\/Answer\">\n<div itemprop=\"text\">\n<p>Los nombres de usuario y contrase\u00f1as predeterminados comunes son &#8216;admin&#8217; para ambos o &#8216;password&#8217; para la contrase\u00f1a. A veces, el campo de la contrase\u00f1a se deja en blanco o se introduce como &#8216;1234&#8217;. Estos est\u00e1n impresos en una pegatina en la parte trasera de tu router\/m\u00f3dem.<\/p>\n<\/div>\n<\/div>\n<\/div>\n<\/div>\n<div class=\"panel\" itemprop=\"mainEntity\" itemscope=\"\" itemtype=\"https:\/\/schema.org\/Question\">\n<div class=\"toggle-link\">\n<h3 class=\"panel-title\" itemprop=\"name\">\n                \u00bfC\u00f3mo puedo cambiar mi contrase\u00f1a de WiFi o SSID?<\/h3>\n<\/div>\n<div class=\"panel-collapse\">\n<div class=\"panel-body\" itemprop=\"acceptedAnswer\" itemscope=\"\" itemtype=\"https:\/\/schema.org\/Answer\">\n<div itemprop=\"text\">\n<p>Una vez que hayas iniciado sesi\u00f3n en la interfaz del router, navega hasta los ajustes de &#8216;Red inal\u00e1mbrica&#8217;. Selecciona ya sea los ajustes de WiFi de 2.4 GHz o 5 GHz seg\u00fan tus necesidades. Introduce un nuevo nombre en el campo &#8216;Nombre de la red WiFi\/SSID&#8217; y tu contrase\u00f1a elegida en el campo &#8216;Contrase\u00f1a de WiFi\/Clave precompartida&#8217; para cambiar la contrase\u00f1a y el SSID del WiFi. Aseg\u00farate de guardar los cambios.<\/p>\n<\/div>\n<\/div>\n<\/div>\n<\/div>\n<div class=\"panel\" itemprop=\"mainEntity\" itemscope=\"\" itemtype=\"https:\/\/schema.org\/Question\">\n<div class=\"toggle-link\">\n<h3 class=\"panel-title\" itemprop=\"name\">\n                \u00bfExisten marcas de routers comunes que usan <b>192.168.0.100<\/b> como direcci\u00f3n IP predeterminada?<\/h3>\n<\/div>\n<div class=\"panel-collapse\">\n<div class=\"panel-body\" itemprop=\"acceptedAnswer\" itemscope=\"\" itemtype=\"https:\/\/schema.org\/Answer\">\n<div itemprop=\"text\">\n<p>S\u00ed, marcas de routers, como Tenda, TP-Link y NETGEAR, utilizan frecuentemente 192.168.0.100 como su direcci\u00f3n IP predeterminada del router.<\/p>\n<\/div>\n<\/div>\n<\/div>\n<\/div>\n<div class=\"panel\" itemprop=\"mainEntity\" itemscope=\"\" itemtype=\"https:\/\/schema.org\/Question\">\n<div class=\"toggle-link\">\n<h3 class=\"panel-title\" itemprop=\"name\">\n                \u00bfC\u00f3mo solucionar problemas si no puedo acceder a <b>192.168.0.100<\/b>?<\/h3>\n<\/div>\n<div class=\"panel-collapse\">\n<div class=\"panel-body\" itemprop=\"acceptedAnswer\" itemscope=\"\" itemtype=\"https:\/\/schema.org\/Answer\">\n<div itemprop=\"text\">\n<p>Aseg\u00farate de que tu router est\u00e9 encendido y conectado correctamente. Si a\u00fan as\u00ed no puedes acceder a <a href=http:\/\/192.168.0.100\/>192.168.0.100<\/a>, intenta reiniciar tu router y vuelve a ingresar la direcci\u00f3n IP. Si el problema persiste, considera restablecer tu router a los ajustes de f\u00e1brica o ponte en contacto con el soporte al cliente del fabricante.<\/p>\n<\/div>\n<\/div>\n<\/div>\n<\/div>\n<div class=\"panel\" itemprop=\"mainEntity\" itemscope=\"\" itemtype=\"https:\/\/schema.org\/Question\">\n<div class=\"toggle-link\">\n<h3 class=\"panel-title\" itemprop=\"name\">\n                \u00bfCu\u00e1les son algunos ajustes predeterminados importantes que puedo gestionar al iniciar sesi\u00f3n en <b>192.168.0.100<\/b>?<\/h3>\n<\/div>\n<div class=\"panel-collapse\">\n<div class=\"panel-body\" itemprop=\"acceptedAnswer\" itemscope=\"\" itemtype=\"https:\/\/schema.org\/Answer\">\n<div itemprop=\"text\">\n<p>Al iniciar sesi\u00f3n en 192.168.0.100, puedes gestionar muchos ajustes del router o m\u00f3dem como SSID, claves de seguridad de red, contrase\u00f1as de WiFi, ajustes de firewall, servidor DNS, gesti\u00f3n remota, etc.<\/p>\n<\/div>\n<\/div>\n<\/div>\n<\/div>\n<div class=\"panel\" itemprop=\"mainEntity\" itemscope=\"\" itemtype=\"https:\/\/schema.org\/Question\">\n<div class=\"toggle-link\">\n<h3 class=\"panel-title\" itemprop=\"name\">\n                \u00bfQu\u00e9 bandas WIFI puedo gestionar desde el inicio de sesi\u00f3n en <b>192.168.0.100<\/b>?<\/h3>\n<\/div>\n<div class=\"panel-collapse\">\n<div class=\"panel-body\" itemprop=\"acceptedAnswer\" itemscope=\"\" itemtype=\"https:\/\/schema.org\/Answer\">\n<div itemprop=\"text\">\n<p>Despu\u00e9s de iniciar sesi\u00f3n en 192.168.0.100, puedes gestionar tanto las bandas de WiFi de 2.4 GHz como de 5 GHz desde los ajustes de &#8216;Red inal\u00e1mbrica&#8217;.<\/p>\n<\/div>\n<\/div>\n<\/div>\n<\/div>\n<div class=\"panel\" itemprop=\"mainEntity\" itemscope=\"\" itemtype=\"https:\/\/schema.org\/Question\">\n<div class=\"toggle-link\">\n<h3 class=\"panel-title\" itemprop=\"name\">\n                \u00bfDeber\u00eda usar WiFi de 2.4 GHz o 5 GHz cuando hago cambios?<\/h3>\n<\/div>\n<div class=\"panel-collapse\">\n<div class=\"panel-body\" itemprop=\"acceptedAnswer\" itemscope=\"\" itemtype=\"https:\/\/schema.org\/Answer\">\n<div itemprop=\"text\">\n<p>Tanto 2.4 GHz como 5 GHz tienen sus propias fortalezas. 2.4 GHz puede penetrar mejor las paredes, proporcionando un mayor alcance, pero puede ser m\u00e1s lento debido a otros dispositivos que utilizan la misma frecuencia. Sin embargo, 5 GHz tiene velocidades m\u00e1s r\u00e1pidas pero un alcance m\u00e1s peque\u00f1o.<\/p>\n<\/div>\n<\/div>\n<\/div>\n<\/div>\n<div class=\"panel\" itemprop=\"mainEntity\" itemscope=\"\" itemtype=\"https:\/\/schema.org\/Question\">\n<div class=\"toggle-link\">\n<h3 class=\"panel-title\" itemprop=\"name\">\n                \u00bfC\u00f3mo saber si <b>192.168.0.100<\/b> es la direcci\u00f3n IP predeterminada de mi router?<\/h3>\n<\/div>\n<div class=\"panel-collapse\">\n<div class=\"panel-body\" itemprop=\"acceptedAnswer\" itemscope=\"\" itemtype=\"https:\/\/schema.org\/Answer\">\n<div itemprop=\"text\">\n<p>Puedes comprobar el manual de tu router o la pegatina de informaci\u00f3n en el router. Est\u00e1 mencionado en alg\u00fan lugar all\u00ed.<\/p>\n<\/div>\n<\/div>\n<\/div>\n<\/div>\n<div class=\"panel\" itemprop=\"mainEntity\" itemscope=\"\" itemtype=\"https:\/\/schema.org\/Question\">\n<div class=\"toggle-link\">\n<h3 class=\"panel-title\" itemprop=\"name\">\n                \u00bfPuedo cambiar la direcci\u00f3n IP predeterminada de mi router desde <b>192.168.0.100<\/b>?<\/h3>\n<\/div>\n<div class=\"panel-collapse\">\n<div class=\"panel-body\" itemprop=\"acceptedAnswer\" itemscope=\"\" itemtype=\"https:\/\/schema.org\/Answer\">\n<div itemprop=\"text\">\n<p>S\u00ed, al iniciar sesi\u00f3n en 192.168.0.100, puedes cambiar la direcci\u00f3n IP predeterminada de tu router, pero aseg\u00farate de recordar la nueva direcci\u00f3n IP para evitar problemas de acceso en el futuro.<\/p>\n<\/div>\n<\/div>\n<\/div>\n<\/div>\n<div class=\"panel\" itemprop=\"mainEntity\" itemscope=\"\" itemtype=\"https:\/\/schema.org\/Question\">\n<div class=\"toggle-link\">\n<h3 class=\"panel-title\" itemprop=\"name\">\n                \u00bfQu\u00e9 precauciones debo tomar al cambiar la direcci\u00f3n IP predeterminada de mi router?<\/h3>\n<\/div>\n<div class=\"panel-collapse\">\n<div class=\"panel-body\" itemprop=\"acceptedAnswer\" itemscope=\"\" itemtype=\"https:\/\/schema.org\/Answer\">\n<div itemprop=\"text\">\n<p>Es importante anotar la nueva direcci\u00f3n IP y asegurarte de que no entra en conflicto con otros dispositivos en la misma red. Adem\u00e1s, solo considera cambiarla si est\u00e1s experimentando problemas con la configuraci\u00f3n actual o por necesidades espec\u00edficas.<\/p>\n<\/div>\n<\/div>\n<\/div>\n<\/div>\n<div class=\"panel\" itemprop=\"mainEntity\" itemscope=\"\" itemtype=\"https:\/\/schema.org\/Question\">\n<div class=\"toggle-link\">\n<h3 class=\"panel-title\" itemprop=\"name\">\n                \u00bfQu\u00e9 significa el t\u00e9rmino &#8216;direcci\u00f3n IP privada&#8217;?<\/h3>\n<\/div>\n<div class=\"panel-collapse\">\n<div class=\"panel-body\" itemprop=\"acceptedAnswer\" itemscope=\"\" itemtype=\"https:\/\/schema.org\/Answer\">\n<div itemprop=\"text\">\n<p>&#8216;Direcci\u00f3n IP privada&#8217;, como 192.168.0.100, no es accesible a trav\u00e9s de internet y solo se utiliza para la comunicaci\u00f3n dentro de la red, como la casa, la oficina o dentro de una empresa.<\/p>\n<\/div>\n<\/div>\n<\/div>\n<\/div>\n<div class=\"panel\" itemprop=\"mainEntity\" itemscope=\"\" itemtype=\"https:\/\/schema.org\/Question\">\n<div class=\"toggle-link\">\n<h3 class=\"panel-title\" itemprop=\"name\">\n                \u00bfPuedo acceder a <b>192.168.0.100<\/b> desde cualquier dispositivo?<\/h3>\n<\/div>\n<div class=\"panel-collapse\">\n<div class=\"panel-body\" itemprop=\"acceptedAnswer\" itemscope=\"\" itemtype=\"https:\/\/schema.org\/Answer\">\n<div itemprop=\"text\">\n<p>S\u00ed, puedes acceder a 192.168.0.100 para gestionar los ajustes de tu router desde cualquier dispositivo que tenga un navegador web y est\u00e9 conectado a la misma red.<\/p>\n<\/div>\n<\/div>\n<\/div>\n<\/div>\n<div class=\"panel\" itemprop=\"mainEntity\" itemscope=\"\" itemtype=\"https:\/\/schema.org\/Question\">\n<div class=\"toggle-link\">\n<h3 class=\"panel-title\" itemprop=\"name\">\n                \u00bfPueden otras personas fuera de mi red acceder a <b>192.168.0.100<\/b> de mi router?<\/h3>\n<\/div>\n<div class=\"panel-collapse\">\n<div class=\"panel-body\" itemprop=\"acceptedAnswer\" itemscope=\"\" itemtype=\"https:\/\/schema.org\/Answer\">\n<div itemprop=\"text\">\n<p>No, otras personas fuera de tu red no pueden acceder a 192.168.0.100 de tu router ya que es una direcci\u00f3n IP privada.<\/p>\n<\/div>\n<\/div>\n<\/div>\n<\/div>\n<div class=\"panel\" itemprop=\"mainEntity\" itemscope=\"\" itemtype=\"https:\/\/schema.org\/Question\">\n<div class=\"toggle-link\">\n<h3 class=\"panel-title\" itemprop=\"name\">\n                \u00bfQu\u00e9 pasa si mi WiFi no tiene una contrase\u00f1a, puedo a\u00f1adir una a trav\u00e9s de <b>192.168.0.100<\/b>?<\/h3>\n<\/div>\n<div class=\"panel-collapse\">\n<div class=\"panel-body\" itemprop=\"acceptedAnswer\" itemscope=\"\" itemtype=\"https:\/\/schema.org\/Answer\">\n<div itemprop=\"text\">\n<p>S\u00ed, puedes a\u00f1adir una contrase\u00f1a a tu red WiFi iniciando sesi\u00f3n en 192.168.0.100 y navegando a los ajustes de &#8216;Red inal\u00e1mbrica&#8217;, all\u00ed introduces tu contrase\u00f1a deseada y guardas los cambios.<\/p>\n<\/div>\n<\/div>\n<\/div>\n<\/div>\n<div class=\"panel\" itemprop=\"mainEntity\" itemscope=\"\" itemtype=\"https:\/\/schema.org\/Question\">\n<div class=\"toggle-link\">\n<h3 class=\"panel-title\" itemprop=\"name\">\n                Si olvid\u00e9 mi nombre de usuario y contrase\u00f1a del router, \u00bftodav\u00eda puedo acceder a <b>192.168.0.100<\/b>?<\/h3>\n<\/div>\n<div class=\"panel-collapse\">\n<div class=\"panel-body\" itemprop=\"acceptedAnswer\" itemscope=\"\" itemtype=\"https:\/\/schema.org\/Answer\">\n<div itemprop=\"text\">\n<p>Si olvidas los detalles de inicio de sesi\u00f3n de tu router, puedes intentar utilizar los predeterminados. Si no funciona, es posible que necesites restablecer tu router a los ajustes de f\u00e1brica, despu\u00e9s de lo cual el nombre de usuario y la contrase\u00f1a por defecto funcionar\u00edan.<\/p>\n<\/div>\n<\/div>\n<\/div>\n<\/div>\n<div class=\"panel\" itemprop=\"mainEntity\" itemscope=\"\" itemtype=\"https:\/\/schema.org\/Question\">\n<div class=\"toggle-link\">\n<h3 class=\"panel-title\" itemprop=\"name\">\n                \u00bfCu\u00e1l es la necesidad de restablecer mi router?<\/h3>\n<\/div>\n<div class=\"panel-collapse\">\n<div class=\"panel-body\" itemprop=\"acceptedAnswer\" itemscope=\"\" itemtype=\"https:\/\/schema.org\/Answer\">\n<div itemprop=\"text\">\n<p>Restablecer tu router puede ayudar a resolver ciertos problemas de conectividad o aplicar ajustes predeterminados, incluyendo el nombre de usuario y la contrase\u00f1a, si los has olvidado.<\/p>\n<\/div>\n<\/div>\n<\/div>\n<\/div>\n<div class=\"panel\" itemprop=\"mainEntity\" itemscope=\"\" itemtype=\"https:\/\/schema.org\/Question\">\n<div class=\"toggle-link\">\n<h3 class=\"panel-title\" itemprop=\"name\">\n                \u00bfC\u00f3mo puedo restablecer mi router?<\/h3>\n<\/div>\n<div class=\"panel-collapse\">\n<div class=\"panel-body\" itemprop=\"acceptedAnswer\" itemscope=\"\" itemtype=\"https:\/\/schema.org\/Answer\">\n<div itemprop=\"text\">\n<p>Para restablecer tu router, debes presionar y mantener presionado el bot\u00f3n de restablecimiento durante al menos 10 segundos o hasta que el router se reinicie. El proceso var\u00eda ligeramente para cada modelo de router, por lo que consulta el manual del router si tienes dificultades.<\/p>\n<\/div>\n<\/div>\n<\/div>\n<\/div>\n<div class=\"panel\" itemprop=\"mainEntity\" itemscope=\"\" itemtype=\"https:\/\/schema.org\/Question\">\n<div class=\"toggle-link\">\n<h3 class=\"panel-title\" itemprop=\"name\">\n                \u00bfRestablecer mi router eliminar\u00e1 todos mis ajustes personalizados?<\/h3>\n<\/div>\n<div class=\"panel-collapse\">\n<div class=\"panel-body\" itemprop=\"acceptedAnswer\" itemscope=\"\" itemtype=\"https:\/\/schema.org\/Answer\">\n<div itemprop=\"text\">\n<p>S\u00ed, restablecer tu router borrar\u00e1 todos los ajustes personalizados que hayas realizado, incluyendo el nombre de usuario, la contrase\u00f1a, el SSID y los ajustes de seguridad. Devuelve tu router al estado en el que estaba cuando lo compraste por primera vez.<\/p>\n<section>\n<\/div>\n<\/div>\n<\/div>\n<\/div>\n<\/section>\n<\/article>\n","protected":false},"excerpt":{"rendered":"<p>Desbloquee sus Privilegios de WiFi Accediendo a &#49;&#57;&#50;.&#49;&#54;&#56;.&#48;.&#49;&#48;&#48; &#128640;&#128640; Diga &#8216;Adi\u00f3s&#8217; a la configuraci\u00f3n predeterminada de su router! &#128400;&#65039;&#128526; \u00a1Es hora de explorar el mundo secreto de &#49;&#57;&#50;.&#49;&#54;&#56;.&#48;.&#49;&#48;&#48;! Esto, se\u00f1oras y se\u00f1ores, es su dominio para la configuraci\u00f3n de WiFi personalizada &#128295;&#128273;. \u00bfAlguna vez se pregunt\u00f3 por qu\u00e9 su WiFi es m\u00e1s lento que un [&hellip;]<\/p>\n","protected":false},"author":2,"featured_media":15,"parent":0,"menu_order":0,"comment_status":"closed","ping_status":"closed","template":"chromecast.php","meta":{"_stopmodifiedupdate":false,"_modified_date":"","_lmt_disableupdate":"yes","_lmt_disable":""},"yoast_head":"<!-- This site is optimized with the Yoast SEO plugin v20.9 - https:\/\/yoast.com\/wordpress\/plugins\/seo\/ -->\n<title>192.168.0.100. Actualizado en 2026<\/title>\n<meta name=\"robots\" content=\"index, follow, max-snippet:-1, max-image-preview:large, max-video-preview:-1\" \/>\n<link rel=\"canonical\" href=\"https:\/\/www.ping.fm\/ip\/es\/192-168-0-100-es\/\" \/>\n<meta property=\"og:locale\" content=\"en_US\" \/>\n<meta property=\"og:type\" content=\"article\" \/>\n<meta property=\"og:title\" content=\"192.168.0.100. Actualizado en 2026\" \/>\n<meta property=\"og:description\" content=\"Desbloquee sus Privilegios de WiFi Accediendo a &#049;&#057;&#050;.&#049;&#054;&#056;.&#048;.&#049;&#048;&#048; &#128640;&#128640; Diga &#8216;Adi\u00f3s&#8217; a la configuraci\u00f3n predeterminada de su router! &#128400;&#65039;&#128526; \u00a1Es hora de explorar el mundo secreto de &#049;&#057;&#050;.&#049;&#054;&#056;.&#048;.&#049;&#048;&#048;! Esto, se\u00f1oras y se\u00f1ores, es su dominio para la configuraci\u00f3n de WiFi personalizada &#128295;&#128273;. \u00bfAlguna vez se pregunt\u00f3 por qu\u00e9 su WiFi es m\u00e1s lento que un [&hellip;]\" \/>\n<meta property=\"og:url\" content=\"https:\/\/www.ping.fm\/ip\/es\/192-168-0-100-es\/\" \/>\n<meta property=\"og:site_name\" content=\"IP\" \/>\n<meta property=\"og:image\" content=\"https:\/\/www.ping.fm\/ip\/wp-content\/uploads\/2023\/07\/wifi.jpg\" \/>\n\t<meta property=\"og:image:width\" content=\"1992\" \/>\n\t<meta property=\"og:image:height\" content=\"1852\" \/>\n\t<meta property=\"og:image:type\" content=\"image\/jpeg\" \/>\n<meta name=\"twitter:card\" content=\"summary_large_image\" \/>\n<script type=\"application\/ld+json\" class=\"yoast-schema-graph\">{\"@context\":\"https:\/\/schema.org\",\"@graph\":[{\"@type\":\"WebPage\",\"@id\":\"https:\/\/www.ping.fm\/ip\/es\/192-168-0-100-es\/\",\"url\":\"https:\/\/www.ping.fm\/ip\/es\/192-168-0-100-es\/\",\"name\":\"192.168.0.100. Actualizado en 2026\",\"isPartOf\":{\"@id\":\"https:\/\/www.ping.fm\/ip\/#website\"},\"datePublished\":\"2023-10-22T11:33:02+00:00\",\"dateModified\":\"2023-10-22T11:33:02+00:00\",\"breadcrumb\":{\"@id\":\"https:\/\/www.ping.fm\/ip\/es\/192-168-0-100-es\/#breadcrumb\"},\"inLanguage\":\"en-US\",\"potentialAction\":[{\"@type\":\"ReadAction\",\"target\":[\"https:\/\/www.ping.fm\/ip\/es\/192-168-0-100-es\/\"]}]},{\"@type\":\"BreadcrumbList\",\"@id\":\"https:\/\/www.ping.fm\/ip\/es\/192-168-0-100-es\/#breadcrumb\",\"itemListElement\":[{\"@type\":\"ListItem\",\"position\":1,\"name\":\"Home\",\"item\":\"https:\/\/www.ping.fm\/ip\/\"},{\"@type\":\"ListItem\",\"position\":2,\"name\":\"192.168.0.100\"}]},{\"@type\":\"WebSite\",\"@id\":\"https:\/\/www.ping.fm\/ip\/#website\",\"url\":\"https:\/\/www.ping.fm\/ip\/\",\"name\":\"IP\",\"description\":\"\",\"potentialAction\":[{\"@type\":\"SearchAction\",\"target\":{\"@type\":\"EntryPoint\",\"urlTemplate\":\"https:\/\/www.ping.fm\/ip\/?s={search_term_string}\"},\"query-input\":\"required name=search_term_string\"}],\"inLanguage\":\"en-US\"}]}<\/script>\n<!-- \/ Yoast SEO plugin. -->","yoast_head_json":{"title":"192.168.0.100. Actualizado en 2026","robots":{"index":"index","follow":"follow","max-snippet":"max-snippet:-1","max-image-preview":"max-image-preview:large","max-video-preview":"max-video-preview:-1"},"canonical":"https:\/\/www.ping.fm\/ip\/es\/192-168-0-100-es\/","og_locale":"en_US","og_type":"article","og_title":"192.168.0.100. Actualizado en 2026","og_description":"Desbloquee sus Privilegios de WiFi Accediendo a &#49;&#57;&#50;.&#49;&#54;&#56;.&#48;.&#49;&#48;&#48; &#128640;&#128640; Diga &#8216;Adi\u00f3s&#8217; a la configuraci\u00f3n predeterminada de su router! &#128400;&#65039;&#128526; \u00a1Es hora de explorar el mundo secreto de &#49;&#57;&#50;.&#49;&#54;&#56;.&#48;.&#49;&#48;&#48;! Esto, se\u00f1oras y se\u00f1ores, es su dominio para la configuraci\u00f3n de WiFi personalizada &#128295;&#128273;. \u00bfAlguna vez se pregunt\u00f3 por qu\u00e9 su WiFi es m\u00e1s lento que un [&hellip;]","og_url":"https:\/\/www.ping.fm\/ip\/es\/192-168-0-100-es\/","og_site_name":"IP","og_image":[{"width":1992,"height":1852,"url":"https:\/\/www.ping.fm\/ip\/wp-content\/uploads\/2023\/07\/wifi.jpg","type":"image\/jpeg"}],"twitter_card":"summary_large_image","schema":{"@context":"https:\/\/schema.org","@graph":[{"@type":"WebPage","@id":"https:\/\/www.ping.fm\/ip\/es\/192-168-0-100-es\/","url":"https:\/\/www.ping.fm\/ip\/es\/192-168-0-100-es\/","name":"192.168.0.100. Actualizado en 2026","isPartOf":{"@id":"https:\/\/www.ping.fm\/ip\/#website"},"datePublished":"2023-10-22T11:33:02+00:00","dateModified":"2023-10-22T11:33:02+00:00","breadcrumb":{"@id":"https:\/\/www.ping.fm\/ip\/es\/192-168-0-100-es\/#breadcrumb"},"inLanguage":"en-US","potentialAction":[{"@type":"ReadAction","target":["https:\/\/www.ping.fm\/ip\/es\/192-168-0-100-es\/"]}]},{"@type":"BreadcrumbList","@id":"https:\/\/www.ping.fm\/ip\/es\/192-168-0-100-es\/#breadcrumb","itemListElement":[{"@type":"ListItem","position":1,"name":"Home","item":"https:\/\/www.ping.fm\/ip\/"},{"@type":"ListItem","position":2,"name":"192.168.0.100"}]},{"@type":"WebSite","@id":"https:\/\/www.ping.fm\/ip\/#website","url":"https:\/\/www.ping.fm\/ip\/","name":"IP","description":"","potentialAction":[{"@type":"SearchAction","target":{"@type":"EntryPoint","urlTemplate":"https:\/\/www.ping.fm\/ip\/?s={search_term_string}"},"query-input":"required name=search_term_string"}],"inLanguage":"en-US"}]}},"_links":{"self":[{"href":"https:\/\/www.ping.fm\/ip\/wp-json\/wp\/v2\/pages\/911"}],"collection":[{"href":"https:\/\/www.ping.fm\/ip\/wp-json\/wp\/v2\/pages"}],"about":[{"href":"https:\/\/www.ping.fm\/ip\/wp-json\/wp\/v2\/types\/page"}],"author":[{"embeddable":true,"href":"https:\/\/www.ping.fm\/ip\/wp-json\/wp\/v2\/users\/2"}],"replies":[{"embeddable":true,"href":"https:\/\/www.ping.fm\/ip\/wp-json\/wp\/v2\/comments?post=911"}],"version-history":[{"count":1,"href":"https:\/\/www.ping.fm\/ip\/wp-json\/wp\/v2\/pages\/911\/revisions"}],"predecessor-version":[{"id":912,"href":"https:\/\/www.ping.fm\/ip\/wp-json\/wp\/v2\/pages\/911\/revisions\/912"}],"wp:featuredmedia":[{"embeddable":true,"href":"https:\/\/www.ping.fm\/ip\/wp-json\/wp\/v2\/media\/15"}],"wp:attachment":[{"href":"https:\/\/www.ping.fm\/ip\/wp-json\/wp\/v2\/media?parent=911"}],"curies":[{"name":"wp","href":"https:\/\/api.w.org\/{rel}","templated":true}]}}