{"id":883,"date":"2023-10-22T11:01:15","date_gmt":"2023-10-22T11:01:15","guid":{"rendered":"https:\/\/www.ping.fm\/ip\/?page_id=883"},"modified":"2023-10-22T11:01:15","modified_gmt":"2023-10-22T11:01:15","slug":"router-ptcl","status":"publish","type":"page","link":"https:\/\/www.ping.fm\/ip\/es\/router-ptcl\/","title":{"rendered":"Inicio de sesi\u00f3n del Router PTCL"},"content":{"rendered":"<article>\n<section>\n<h1>Domina la forma de acceder y modificar tu Router PTCL<\/h1>\n<div class=\"inbrief\">\n<div>\n        <img src=\"\/ip\/wp-content\/uploads\/generated\/Inicio-de-sesion-del-Router-PTCL.jpg\" alt=\"Acceso al Router PTCL\" title=\"Acceso al Router PTCL\" width=\"1280\" height=\"720\"><\/p>\n<p>Si alguna vez estuviste cansado de ese aburrido viejo nombre de WiFi, con ganas de a\u00f1adir un poco de chispa, o simplemente queriendo ser el se\u00f1or que tenga el dominio sobre las <b>configuraciones del Router PTCL<\/b> como un profesional de la tecnolog\u00eda, entonces, chicos y chicas, \u00a1est\u00e1n absolutamente en el lugar correcto!&#127919; \u00bfPor qu\u00e9 lanzar cohetes al espacio cuando puedes cambiar c\u00f3mo se siente tu router cada d\u00eda, todo desde la comodidad de tu mesa de caf\u00e9? En esta \u00e9pica inmersi\u00f3n en el emocionante mundo de los <b>routers<\/b> y las <b>configuraciones de WiFi<\/b>, aprender\u00e1s al detalle c\u00f3mo iniciar sesi\u00f3n en la interfaz de tu Router PTCL, cambiar el nombre de tu WiFi (recomendamos totalmente algo como &#8216;Wu-Tang LAN&#8217; o &#8216;La LAN Prometida&#8217;), e incluso jugar con las configuraciones de seguridad.&#128274; Adem\u00e1s, la diversi\u00f3n no se detiene ah\u00ed. Aprender\u00e1s c\u00f3mo hacer todo esto utilizando la m\u00e1gica portal que es <a href=\"http:\/\/&#49;&#57;&#50;.&#49;&#54;&#56;.&#49;&#48;.&#49;\">&#49;&#57;&#50;.&#49;&#54;&#56;.&#49;&#48;.&#49;<\/a>. \u00a1Vamos a sumergirnos en ello!<\/p>\n<\/div>\n<\/div>\n<\/section>\n<section>\n<div>\n<div>1<\/div>\n<h2>Ingresando a la Interfaz del Router PTCL<\/h2>\n<\/div>\n<p>Primero, vamos a abordar c\u00f3mo iniciar sesi\u00f3n en las configuraciones de tu Router PTCL. Es m\u00e1s f\u00e1cil que encontrar a Waldo y todo lo que necesitas hacer es seguir estas instrucciones: iniciar\u00e1s sesi\u00f3n m\u00e1s r\u00e1pido de lo que puedes decir &#8216;router royale&#8217;!\ud83d\ude80<\/p>\n<p>Abre tu navegador favorito y escribe <a href=\"http:\/\/192.168.10.1\">192.168.10.1<\/a>. Luego, solo necesitas ingresar &#8216;admin&#8217; en ambos campos de Usuario y Contrase\u00f1a, y hacer clic en el bot\u00f3n de Inicio de Sesi\u00f3n. \u00a1Boom &#8211; est\u00e1s dentro!\ud83d\ude0e<\/p>\n<p>Si encuentras alg\u00fan problema, no entres en p\u00e1nico. Prueba con <a href=\"http:\/\/192.168.1.1\">192.168.1.1<\/a> en su lugar. La direcci\u00f3n IP predeterminada, el usuario y la contrase\u00f1a tambi\u00e9n deber\u00edan estar impresos en una etiqueta pegada en alguna parte en la parte trasera de tu router: \u00a1sigiloso!<\/p>\n<\/section>\n<section>\n<div>\n<div>2<\/div>\n<h2>Cambiar la Contrase\u00f1a de Tu WiFi y el SSID<\/h2>\n<\/div>\n<p>Ahora que hemos ingresado, vamos a lo divertido: \u00a1modificar la <b>contrase\u00f1a del WiFi<\/b> y el <b>Nombre de la red<\/b> (o <b>SSID<\/b>)! Finalmente puedes darle a tu WiFi el nombre que se merece, en vez de una combinaci\u00f3n aleatoria de n\u00fameros y letras.\ud83d\ude04<\/p>\n<p>De nuevo, enciende tu navegador y ve a <a href=\"http:\/\/192.168.10.1\">192.168.10.1<\/a>. Inicia sesi\u00f3n en tu router y elige Inal\u00e1mbrico del men\u00fa emergente (estar\u00e1 ah\u00ed, \u00a1promesa!). Ingresa tu nuevo y sofisticado nombre de Red WiFi en el campo SSID y guarda estas configuraciones. Haz click en el bot\u00f3n Aplicar\/Guardar como si fuera caliente, \u00a1porque lo es!\ud83d\udd25<\/p>\n<p>En la misma secci\u00f3n Inal\u00e1mbrico, elige Seguridad esta vez. Ingresa tu nueva contrase\u00f1a del WiFi en el campo de contrase\u00f1a WPA\/WPAI. Una vez hayas hecho eso, haz click en Aplicar\/Guardar para guardar estos cambios. \u00a1Ves, fue divertido y f\u00e1cil!<\/p>\n<\/section>\n<section>\n<h2>Conclusi\u00f3n: \ud83c\udfc1<\/h2>\n<div class=\"nonp\">\n<p>Lo has logrado &#8211; ahora te has convertido en un aut\u00e9ntico, supercargado, inarguable genio de la tecnolog\u00eda en el mundo de las configuraciones del Router PTCL. Hazte una palmada en la espalda y si\u00e9ntete libre de alardear ante tus amigos sobre estas incre\u00edbles habilidades t\u00e9cnicas que acabas de aprender. Ahora tienes el poder de cambiar libremente el nombre de tu WiFi, modificar su contrase\u00f1a, E iniciar sesi\u00f3n en las configuraciones de tu Router PTCL como un jefe! Recuerda, con un gran poder viene una gran responsabilidad, as\u00ed que usa tus poderes de router sabiamente!&#128104;&#8205;&#128187;&#128105;&#8205;&#128187;<\/p>\n<p>\u00bfEntonces, c\u00f3mo vas a llamar a tu WiFi ahora? Comparte tus respuestas creativas con nosotros. \u00a1Seguro que ser\u00e1 genial!&#128512;<\/p>\n<\/div>\n<\/section>\n<section itemscope=\"\" itemtype=\"https:\/\/schema.org\/FAQPage\">\n<div class=\"panel\" itemprop=\"mainEntity\" itemscope=\"\" itemtype=\"https:\/\/schema.org\/Question\">\n<div class=\"toggle-link\">\n<h3 class=\"panel-title\" itemprop=\"name\">\n                \u00bfCu\u00e1l es la direcci\u00f3n predeterminada para acceder a la configuraci\u00f3n del router PTCL?<\/h3>\n<\/div>\n<div class=\"panel-collapse\">\n<div class=\"panel-body\" itemprop=\"acceptedAnswer\" itemscope=\"\" itemtype=\"https:\/\/schema.org\/Answer\">\n<div itemprop=\"text\">\n<p>La direcci\u00f3n predeterminada para acceder a la configuraci\u00f3n del router PTCL es la direcci\u00f3n IP <a href=http:\/\/192.168.10.1>192.168.10.1<\/a>. Sin embargo, si esta IP no funciona, otra IP alternativa para probar es <a href=http:\/\/192.168.1.1>192.168.1.1<\/a>.<\/p>\n<\/div>\n<\/div>\n<\/div>\n<\/div>\n<div class=\"panel\" itemprop=\"mainEntity\" itemscope=\"\" itemtype=\"https:\/\/schema.org\/Question\">\n<div class=\"toggle-link\">\n<h3 class=\"panel-title\" itemprop=\"name\">\n                \u00bfCu\u00e1les son las credenciales de inicio de sesi\u00f3n predeterminadas del router PTCL?<\/h3>\n<\/div>\n<div class=\"panel-collapse\">\n<div class=\"panel-body\" itemprop=\"acceptedAnswer\" itemscope=\"\" itemtype=\"https:\/\/schema.org\/Answer\">\n<div itemprop=\"text\">\n<p>El <b>nombre de usuario<\/b> y la <b>contrase\u00f1a<\/b> predeterminados para el inicio de sesi\u00f3n del router PTCL son ambos &#8216;admin&#8217;. Esta informaci\u00f3n por lo general se puede encontrar en una etiqueta en la parte posterior de su router.<\/p>\n<\/div>\n<\/div>\n<\/div>\n<\/div>\n<div class=\"panel\" itemprop=\"mainEntity\" itemscope=\"\" itemtype=\"https:\/\/schema.org\/Question\">\n<div class=\"toggle-link\">\n<h3 class=\"panel-title\" itemprop=\"name\">\n                \u00bfC\u00f3mo inicio sesi\u00f3n en el router PTCL?<\/h3>\n<\/div>\n<div class=\"panel-collapse\">\n<div class=\"panel-body\" itemprop=\"acceptedAnswer\" itemscope=\"\" itemtype=\"https:\/\/schema.org\/Answer\">\n<div itemprop=\"text\">\n<p>Para iniciar sesi\u00f3n en el router PTCL, ingrese <a href=http:\/\/192.168.10.1>192.168.10.1<\/a> en la barra de direcciones de un navegador web. Luego, ingrese el <b>nombre de usuario<\/b> y la <b>contrase\u00f1a<\/b>, que ambos son &#8216;admin&#8217;, y haga clic en el bot\u00f3n &#8216;Iniciar sesi\u00f3n&#8217;.<\/p>\n<\/div>\n<\/div>\n<\/div>\n<\/div>\n<div class=\"panel\" itemprop=\"mainEntity\" itemscope=\"\" itemtype=\"https:\/\/schema.org\/Question\">\n<div class=\"toggle-link\">\n<h3 class=\"panel-title\" itemprop=\"name\">\n                \u00bfQu\u00e9 pasa si las credenciales de inicio de sesi\u00f3n predeterminadas del router PTCL no funcionan?<\/h3>\n<\/div>\n<div class=\"panel-collapse\">\n<div class=\"panel-body\" itemprop=\"acceptedAnswer\" itemscope=\"\" itemtype=\"https:\/\/schema.org\/Answer\">\n<div itemprop=\"text\">\n<p>Si las credenciales de inicio de sesi\u00f3n predeterminadas del router PTCL no funcionan, intente encontrar el nombre de usuario y contrase\u00f1a correctos en la etiqueta que normalmente est\u00e1 pegada en la parte posterior del router.<\/p>\n<\/div>\n<\/div>\n<\/div>\n<\/div>\n<div class=\"panel\" itemprop=\"mainEntity\" itemscope=\"\" itemtype=\"https:\/\/schema.org\/Question\">\n<div class=\"toggle-link\">\n<h3 class=\"panel-title\" itemprop=\"name\">\n                \u00bfC\u00f3mo cambio la contrase\u00f1a de WiFi en mi router PTCL?<\/h3>\n<\/div>\n<div class=\"panel-collapse\">\n<div class=\"panel-body\" itemprop=\"acceptedAnswer\" itemscope=\"\" itemtype=\"https:\/\/schema.org\/Answer\">\n<div itemprop=\"text\">\n<p>Para cambiar tu contrase\u00f1a de WiFi PTCL, inicia sesi\u00f3n en el router, selecciona <b>Wireless<\/b> en el men\u00fa, y luego elige <b>Seguridad<\/b>. Introduce tu contrase\u00f1a deseada en el campo de <b>frase de paso WPA\/WPAI<\/b>, luego haz clic en <b>Aplicar\/Guardar<\/b>.<\/p>\n<\/div>\n<\/div>\n<\/div>\n<\/div>\n<div class=\"panel\" itemprop=\"mainEntity\" itemscope=\"\" itemtype=\"https:\/\/schema.org\/Question\">\n<div class=\"toggle-link\">\n<h3 class=\"panel-title\" itemprop=\"name\">\n                \u00bfCu\u00e1l es el m\u00e9todo para cambiar el SSID del router PTCL?<\/h3>\n<\/div>\n<div class=\"panel-collapse\">\n<div class=\"panel-body\" itemprop=\"acceptedAnswer\" itemscope=\"\" itemtype=\"https:\/\/schema.org\/Answer\">\n<div itemprop=\"text\">\n<p>Para cambiar el SSID del router PTCL, navega a la configuraci\u00f3n del router, elige <b>Wireless<\/b> en el men\u00fa, e introduce el nombre de la red que deseas en el campo <b>SSID<\/b>. Confirma los cambios haciendo clic en <b>Aplicar\/Guardar<\/b>.<\/p>\n<\/div>\n<\/div>\n<\/div>\n<\/div>\n<div class=\"panel\" itemprop=\"mainEntity\" itemscope=\"\" itemtype=\"https:\/\/schema.org\/Question\">\n<div class=\"toggle-link\">\n<h3 class=\"panel-title\" itemprop=\"name\">\n                \u00bfC\u00f3mo puedo reiniciar mi router PTCL?<\/h3>\n<\/div>\n<div class=\"panel-collapse\">\n<div class=\"panel-body\" itemprop=\"acceptedAnswer\" itemscope=\"\" itemtype=\"https:\/\/schema.org\/Answer\">\n<div itemprop=\"text\">\n<p>Si encuentras problemas con el router PTCL, suele haber un peque\u00f1o bot\u00f3n de reinicio situado en el dispositivo. Presiona y mant\u00e9n hasta que las luces del router comiencen a parpadear, lo que indica que el router ha sido reiniciado.<\/p>\n<\/div>\n<\/div>\n<\/div>\n<\/div>\n<div class=\"panel\" itemprop=\"mainEntity\" itemscope=\"\" itemtype=\"https:\/\/schema.org\/Question\">\n<div class=\"toggle-link\">\n<h3 class=\"panel-title\" itemprop=\"name\">\n                \u00bfEs posible cambiar la direcci\u00f3n IP de inicio de sesi\u00f3n predeterminada de mi router PTCL?<\/h3>\n<\/div>\n<div class=\"panel-collapse\">\n<div class=\"panel-body\" itemprop=\"acceptedAnswer\" itemscope=\"\" itemtype=\"https:\/\/schema.org\/Answer\">\n<div itemprop=\"text\">\n<p>S\u00ed, puedes cambiar la direcci\u00f3n IP de inicio de sesi\u00f3n predeterminada de tu router PTCL. Para hacer esto, inicia sesi\u00f3n en la configuraci\u00f3n del router, ve a la configuraci\u00f3n de LAN, y cambia la direcci\u00f3n IP. No olvides guardar los cambios.<\/p>\n<\/div>\n<\/div>\n<\/div>\n<\/div>\n<div class=\"panel\" itemprop=\"mainEntity\" itemscope=\"\" itemtype=\"https:\/\/schema.org\/Question\">\n<div class=\"toggle-link\">\n<h3 class=\"panel-title\" itemprop=\"name\">\n                \u00bfSe puede acceder a la configuraci\u00f3n del router PTCL desde un dispositivo m\u00f3vil?<\/h3>\n<\/div>\n<div class=\"panel-collapse\">\n<div class=\"panel-body\" itemprop=\"acceptedAnswer\" itemscope=\"\" itemtype=\"https:\/\/schema.org\/Answer\">\n<div itemprop=\"text\">\n<p>S\u00ed, se puede acceder a la configuraci\u00f3n del router PTCL desde un dispositivo m\u00f3vil. Simplemente abre un navegador web en tu tel\u00e9fono e introduce la direcci\u00f3n IP del router en la barra de direcciones.<\/p>\n<\/div>\n<\/div>\n<\/div>\n<\/div>\n<div class=\"panel\" itemprop=\"mainEntity\" itemscope=\"\" itemtype=\"https:\/\/schema.org\/Question\">\n<div class=\"toggle-link\">\n<h3 class=\"panel-title\" itemprop=\"name\">\n                \u00bfQu\u00e9 pasa si olvido las credenciales de inicio de sesi\u00f3n cambiadas para mi router PTCL?<\/h3>\n<\/div>\n<div class=\"panel-collapse\">\n<div class=\"panel-body\" itemprop=\"acceptedAnswer\" itemscope=\"\" itemtype=\"https:\/\/schema.org\/Answer\">\n<div itemprop=\"text\">\n<p>Si olvidas las credenciales de inicio de sesi\u00f3n cambiadas para tu router PTCL, puedes restablecer el router para restaurar las configuraciones de inicio de sesi\u00f3n predeterminadas. Esta acci\u00f3n se puede realizar presionando y sosteniendo el bot\u00f3n de reinicio en el router.<\/p>\n<\/div>\n<\/div>\n<\/div>\n<\/div>\n<div class=\"panel\" itemprop=\"mainEntity\" itemscope=\"\" itemtype=\"https:\/\/schema.org\/Question\">\n<div class=\"toggle-link\">\n<h3 class=\"panel-title\" itemprop=\"name\">\n                \u00bfSe necesita alg\u00fan navegador espec\u00edfico para acceder a la configuraci\u00f3n del router PTCL?<\/h3>\n<\/div>\n<div class=\"panel-collapse\">\n<div class=\"panel-body\" itemprop=\"acceptedAnswer\" itemscope=\"\" itemtype=\"https:\/\/schema.org\/Answer\">\n<div itemprop=\"text\">\n<p>No, no se requiere ning\u00fan navegador espec\u00edfico para acceder a la configuraci\u00f3n del router PTCL. Puedes usar cualquier navegador de tu elecci\u00f3n, como Chrome, Firefox, Safari, o Edge.<\/p>\n<\/div>\n<\/div>\n<\/div>\n<\/div>\n<div class=\"panel\" itemprop=\"mainEntity\" itemscope=\"\" itemtype=\"https:\/\/schema.org\/Question\">\n<div class=\"toggle-link\">\n<h3 class=\"panel-title\" itemprop=\"name\">\n                \u00bfPor qu\u00e9 192.168.10.1 no funciona para iniciar sesi\u00f3n en mi router PTCL?<\/h3>\n<\/div>\n<div class=\"panel-collapse\">\n<div class=\"panel-body\" itemprop=\"acceptedAnswer\" itemscope=\"\" itemtype=\"https:\/\/schema.org\/Answer\">\n<div itemprop=\"text\">\n<p>Si 192.168.10.1 no funciona, es posible que la direcci\u00f3n IP predeterminada de tu router PTCL haya sido cambiada o que haya problemas con tu conexi\u00f3n de red. Intenta usar otra IP como <a href=http:\/\/192.168.1.1>192.168.1.1<\/a>.<\/p>\n<\/div>\n<\/div>\n<\/div>\n<\/div>\n<div class=\"panel\" itemprop=\"mainEntity\" itemscope=\"\" itemtype=\"https:\/\/schema.org\/Question\">\n<div class=\"toggle-link\">\n<h3 class=\"panel-title\" itemprop=\"name\">\n                \u00bfC\u00f3mo puedo encontrar la direcci\u00f3n IP predeterminada de mi router PTCL?<\/h3>\n<\/div>\n<div class=\"panel-collapse\">\n<div class=\"panel-body\" itemprop=\"acceptedAnswer\" itemscope=\"\" itemtype=\"https:\/\/schema.org\/Answer\">\n<div itemprop=\"text\">\n<p>La direcci\u00f3n IP predeterminada del router PTCL suele estar impresa en una etiqueta en la parte posterior de la unidad. Sin embargo, si no est\u00e1 all\u00ed, las IP m\u00e1s com\u00fanmente utilizadas son <a href=http:\/\/192.168.10.1>192.168.10.1<\/a> y <a href=http:\/\/192.168.1.1>192.168.1.1<\/a>.<\/p>\n<\/div>\n<\/div>\n<\/div>\n<\/div>\n<div class=\"panel\" itemprop=\"mainEntity\" itemscope=\"\" itemtype=\"https:\/\/schema.org\/Question\">\n<div class=\"toggle-link\">\n<h3 class=\"panel-title\" itemprop=\"name\">\n                \u00bfQu\u00e9 precauciones debo tomar antes de cambiar la configuraci\u00f3n de mi router PTCL?<\/h3>\n<\/div>\n<div class=\"panel-collapse\">\n<div class=\"panel-body\" itemprop=\"acceptedAnswer\" itemscope=\"\" itemtype=\"https:\/\/schema.org\/Answer\">\n<div itemprop=\"text\">\n<p>Antes de cambiar cualquier configuraci\u00f3n del router PTCL, es mejor registrar las existentes. Un cambio de configuraci\u00f3n no intencionado puede interrumpir la conectividad de la red, y tener un registro permite una f\u00e1cil restauraci\u00f3n de los ajustes originales si es necesario.<\/p>\n<\/div>\n<\/div>\n<\/div>\n<\/div>\n<div class=\"panel\" itemprop=\"mainEntity\" itemscope=\"\" itemtype=\"https:\/\/schema.org\/Question\">\n<div class=\"toggle-link\">\n<h3 class=\"panel-title\" itemprop=\"name\">\n                \u00bfQu\u00e9 significa SSID en la configuraci\u00f3n del router PTCL?<\/h3>\n<\/div>\n<div class=\"panel-collapse\">\n<div class=\"panel-body\" itemprop=\"acceptedAnswer\" itemscope=\"\" itemtype=\"https:\/\/schema.org\/Answer\">\n<div itemprop=\"text\">\n<p>En la configuraci\u00f3n del router PTCL, SSID significa Identificador de Conjunto de Servicios, que es esencialmente un nombre \u00fanico para tu red inal\u00e1mbrica.<\/p>\n<\/div>\n<\/div>\n<\/div>\n<\/div>\n<div class=\"panel\" itemprop=\"mainEntity\" itemscope=\"\" itemtype=\"https:\/\/schema.org\/Question\">\n<div class=\"toggle-link\">\n<h3 class=\"panel-title\" itemprop=\"name\">\n                \u00bfSe pueden conectar m\u00faltiples dispositivos a un router PTCL al mismo tiempo?<\/h3>\n<\/div>\n<div class=\"panel-collapse\">\n<div class=\"panel-body\" itemprop=\"acceptedAnswer\" itemscope=\"\" itemtype=\"https:\/\/schema.org\/Answer\">\n<div itemprop=\"text\">\n<p>S\u00ed, se pueden conectar m\u00faltiples dispositivos a un router PTCL al mismo tiempo. Sin embargo, el n\u00famero m\u00e1ximo de conexiones y el rendimiento general pueden depender del modelo espec\u00edfico del router.<\/p>\n<\/div>\n<\/div>\n<\/div>\n<\/div>\n<div class=\"panel\" itemprop=\"mainEntity\" itemscope=\"\" itemtype=\"https:\/\/schema.org\/Question\">\n<div class=\"toggle-link\">\n<h3 class=\"panel-title\" itemprop=\"name\">\n                \u00bfQu\u00e9 debo hacer si no puedo iniciar sesi\u00f3n en mi router PTCL incluso despu\u00e9s de reiniciarlo?<\/h3>\n<\/div>\n<div class=\"panel-collapse\">\n<div class=\"panel-body\" itemprop=\"acceptedAnswer\" itemscope=\"\" itemtype=\"https:\/\/schema.org\/Answer\">\n<div itemprop=\"text\">\n<p>Si no puedes iniciar sesi\u00f3n en tu router PTCL incluso despu\u00e9s de reiniciarlo, es posible que necesites contactar al soporte de PTCL para obtener m\u00e1s ayuda o considerar reemplazar la unidad si est\u00e1 defectuosa.<\/p>\n<\/div>\n<\/div>\n<\/div>\n<\/div>\n<div class=\"panel\" itemprop=\"mainEntity\" itemscope=\"\" itemtype=\"https:\/\/schema.org\/Question\">\n<div class=\"toggle-link\">\n<h3 class=\"panel-title\" itemprop=\"name\">\n                \u00bfSe puede cambiar el canal de WiFi en mi router PTCL?<\/h3>\n<\/div>\n<div class=\"panel-collapse\">\n<div class=\"panel-body\" itemprop=\"acceptedAnswer\" itemscope=\"\" itemtype=\"https:\/\/schema.org\/Answer\">\n<div itemprop=\"text\">\n<p>S\u00ed, se puede cambiar el canal de WiFi en un router PTCL. Esto se puede hacer iniciando sesi\u00f3n en la configuraci\u00f3n del router, seleccionando la opci\u00f3n <b>Wireless<\/b>, y eligiendo un canal del men\u00fa desplegable.<\/p>\n<\/div>\n<\/div>\n<\/div>\n<\/div>\n<div class=\"panel\" itemprop=\"mainEntity\" itemscope=\"\" itemtype=\"https:\/\/schema.org\/Question\">\n<div class=\"toggle-link\">\n<h3 class=\"panel-title\" itemprop=\"name\">\n                \u00bfQu\u00e9 tan seguro es el router PTCL?<\/h3>\n<\/div>\n<div class=\"panel-collapse\">\n<div class=\"panel-body\" itemprop=\"acceptedAnswer\" itemscope=\"\" itemtype=\"https:\/\/schema.org\/Answer\">\n<div itemprop=\"text\">\n<p>La seguridad del router PTCL depende de las configuraciones de seguridad que hayas aplicado. Como m\u00ednimo, debes cambiar la contrase\u00f1a de administrador predeterminada y habilitar la encriptaci\u00f3n inal\u00e1mbrica WPA\/WPA2. La actualizaci\u00f3n regular del firmware del router tambi\u00e9n contribuir\u00e1 a su seguridad.<\/p>\n<\/div>\n<\/div>\n<\/div>\n<\/div>\n<div class=\"panel\" itemprop=\"mainEntity\" itemscope=\"\" itemtype=\"https:\/\/schema.org\/Question\">\n<div class=\"toggle-link\">\n<h3 class=\"panel-title\" itemprop=\"name\">\n                \u00bfCu\u00e1les son los beneficios de cambiar las credenciales de inicio de sesi\u00f3n predeterminadas del router PTCL?<\/h3>\n<\/div>\n<div class=\"panel-collapse\">\n<div class=\"panel-body\" itemprop=\"acceptedAnswer\" itemscope=\"\" itemtype=\"https:\/\/schema.org\/Answer\">\n<div itemprop=\"text\">\n<p>Cambiar las credenciales de inicio de sesi\u00f3n predeterminadas del router PTCL mejora la seguridad de tu red. Esta medida dificulta que los piratas inform\u00e1ticos accedan y manipulen tu configuraci\u00f3n de red.<\/p>\n<\/div>\n<\/div>\n<\/div>\n<\/div>\n<\/section>\n<\/article>\n","protected":false},"excerpt":{"rendered":"<p>Domina la forma de acceder y modificar tu Router PTCL Si alguna vez estuviste cansado de ese aburrido viejo nombre de WiFi, con ganas de a\u00f1adir un poco de chispa, o simplemente queriendo ser el se\u00f1or que tenga el dominio sobre las configuraciones del Router PTCL como un profesional de la tecnolog\u00eda, entonces, chicos y [&hellip;]<\/p>\n","protected":false},"author":2,"featured_media":15,"parent":0,"menu_order":0,"comment_status":"closed","ping_status":"closed","template":"chromecast.php","meta":{"_stopmodifiedupdate":false,"_modified_date":"","_lmt_disableupdate":"yes","_lmt_disable":""},"yoast_head":"<!-- This site is optimized with the Yoast SEO plugin v20.9 - https:\/\/yoast.com\/wordpress\/plugins\/seo\/ -->\n<title>Inicio de sesi\u00f3n del Router PTCL. Actualizado en 2026<\/title>\n<meta name=\"robots\" content=\"index, follow, max-snippet:-1, max-image-preview:large, max-video-preview:-1\" \/>\n<link rel=\"canonical\" href=\"https:\/\/www.ping.fm\/ip\/es\/router-ptcl\/\" \/>\n<meta property=\"og:locale\" content=\"en_US\" \/>\n<meta property=\"og:type\" content=\"article\" \/>\n<meta property=\"og:title\" content=\"Inicio de sesi\u00f3n del Router PTCL. Actualizado en 2026\" \/>\n<meta property=\"og:description\" content=\"Domina la forma de acceder y modificar tu Router PTCL Si alguna vez estuviste cansado de ese aburrido viejo nombre de WiFi, con ganas de a\u00f1adir un poco de chispa, o simplemente queriendo ser el se\u00f1or que tenga el dominio sobre las configuraciones del Router PTCL como un profesional de la tecnolog\u00eda, entonces, chicos y [&hellip;]\" \/>\n<meta property=\"og:url\" content=\"https:\/\/www.ping.fm\/ip\/es\/router-ptcl\/\" \/>\n<meta property=\"og:site_name\" content=\"IP\" \/>\n<meta property=\"og:image\" content=\"https:\/\/www.ping.fm\/ip\/wp-content\/uploads\/2023\/07\/wifi.jpg\" \/>\n\t<meta property=\"og:image:width\" content=\"1992\" \/>\n\t<meta property=\"og:image:height\" content=\"1852\" \/>\n\t<meta property=\"og:image:type\" content=\"image\/jpeg\" \/>\n<meta name=\"twitter:card\" content=\"summary_large_image\" \/>\n<script type=\"application\/ld+json\" class=\"yoast-schema-graph\">{\"@context\":\"https:\/\/schema.org\",\"@graph\":[{\"@type\":\"WebPage\",\"@id\":\"https:\/\/www.ping.fm\/ip\/es\/router-ptcl\/\",\"url\":\"https:\/\/www.ping.fm\/ip\/es\/router-ptcl\/\",\"name\":\"Inicio de sesi\u00f3n del Router PTCL. Actualizado en 2026\",\"isPartOf\":{\"@id\":\"https:\/\/www.ping.fm\/ip\/#website\"},\"datePublished\":\"2023-10-22T11:01:15+00:00\",\"dateModified\":\"2023-10-22T11:01:15+00:00\",\"breadcrumb\":{\"@id\":\"https:\/\/www.ping.fm\/ip\/es\/router-ptcl\/#breadcrumb\"},\"inLanguage\":\"en-US\",\"potentialAction\":[{\"@type\":\"ReadAction\",\"target\":[\"https:\/\/www.ping.fm\/ip\/es\/router-ptcl\/\"]}]},{\"@type\":\"BreadcrumbList\",\"@id\":\"https:\/\/www.ping.fm\/ip\/es\/router-ptcl\/#breadcrumb\",\"itemListElement\":[{\"@type\":\"ListItem\",\"position\":1,\"name\":\"Home\",\"item\":\"https:\/\/www.ping.fm\/ip\/\"},{\"@type\":\"ListItem\",\"position\":2,\"name\":\"Inicio de sesi\u00f3n del Router PTCL\"}]},{\"@type\":\"WebSite\",\"@id\":\"https:\/\/www.ping.fm\/ip\/#website\",\"url\":\"https:\/\/www.ping.fm\/ip\/\",\"name\":\"IP\",\"description\":\"\",\"potentialAction\":[{\"@type\":\"SearchAction\",\"target\":{\"@type\":\"EntryPoint\",\"urlTemplate\":\"https:\/\/www.ping.fm\/ip\/?s={search_term_string}\"},\"query-input\":\"required name=search_term_string\"}],\"inLanguage\":\"en-US\"}]}<\/script>\n<!-- \/ Yoast SEO plugin. -->","yoast_head_json":{"title":"Inicio de sesi\u00f3n del Router PTCL. Actualizado en 2026","robots":{"index":"index","follow":"follow","max-snippet":"max-snippet:-1","max-image-preview":"max-image-preview:large","max-video-preview":"max-video-preview:-1"},"canonical":"https:\/\/www.ping.fm\/ip\/es\/router-ptcl\/","og_locale":"en_US","og_type":"article","og_title":"Inicio de sesi\u00f3n del Router PTCL. Actualizado en 2026","og_description":"Domina la forma de acceder y modificar tu Router PTCL Si alguna vez estuviste cansado de ese aburrido viejo nombre de WiFi, con ganas de a\u00f1adir un poco de chispa, o simplemente queriendo ser el se\u00f1or que tenga el dominio sobre las configuraciones del Router PTCL como un profesional de la tecnolog\u00eda, entonces, chicos y [&hellip;]","og_url":"https:\/\/www.ping.fm\/ip\/es\/router-ptcl\/","og_site_name":"IP","og_image":[{"width":1992,"height":1852,"url":"https:\/\/www.ping.fm\/ip\/wp-content\/uploads\/2023\/07\/wifi.jpg","type":"image\/jpeg"}],"twitter_card":"summary_large_image","schema":{"@context":"https:\/\/schema.org","@graph":[{"@type":"WebPage","@id":"https:\/\/www.ping.fm\/ip\/es\/router-ptcl\/","url":"https:\/\/www.ping.fm\/ip\/es\/router-ptcl\/","name":"Inicio de sesi\u00f3n del Router PTCL. Actualizado en 2026","isPartOf":{"@id":"https:\/\/www.ping.fm\/ip\/#website"},"datePublished":"2023-10-22T11:01:15+00:00","dateModified":"2023-10-22T11:01:15+00:00","breadcrumb":{"@id":"https:\/\/www.ping.fm\/ip\/es\/router-ptcl\/#breadcrumb"},"inLanguage":"en-US","potentialAction":[{"@type":"ReadAction","target":["https:\/\/www.ping.fm\/ip\/es\/router-ptcl\/"]}]},{"@type":"BreadcrumbList","@id":"https:\/\/www.ping.fm\/ip\/es\/router-ptcl\/#breadcrumb","itemListElement":[{"@type":"ListItem","position":1,"name":"Home","item":"https:\/\/www.ping.fm\/ip\/"},{"@type":"ListItem","position":2,"name":"Inicio de sesi\u00f3n del Router PTCL"}]},{"@type":"WebSite","@id":"https:\/\/www.ping.fm\/ip\/#website","url":"https:\/\/www.ping.fm\/ip\/","name":"IP","description":"","potentialAction":[{"@type":"SearchAction","target":{"@type":"EntryPoint","urlTemplate":"https:\/\/www.ping.fm\/ip\/?s={search_term_string}"},"query-input":"required name=search_term_string"}],"inLanguage":"en-US"}]}},"_links":{"self":[{"href":"https:\/\/www.ping.fm\/ip\/wp-json\/wp\/v2\/pages\/883"}],"collection":[{"href":"https:\/\/www.ping.fm\/ip\/wp-json\/wp\/v2\/pages"}],"about":[{"href":"https:\/\/www.ping.fm\/ip\/wp-json\/wp\/v2\/types\/page"}],"author":[{"embeddable":true,"href":"https:\/\/www.ping.fm\/ip\/wp-json\/wp\/v2\/users\/2"}],"replies":[{"embeddable":true,"href":"https:\/\/www.ping.fm\/ip\/wp-json\/wp\/v2\/comments?post=883"}],"version-history":[{"count":1,"href":"https:\/\/www.ping.fm\/ip\/wp-json\/wp\/v2\/pages\/883\/revisions"}],"predecessor-version":[{"id":884,"href":"https:\/\/www.ping.fm\/ip\/wp-json\/wp\/v2\/pages\/883\/revisions\/884"}],"wp:featuredmedia":[{"embeddable":true,"href":"https:\/\/www.ping.fm\/ip\/wp-json\/wp\/v2\/media\/15"}],"wp:attachment":[{"href":"https:\/\/www.ping.fm\/ip\/wp-json\/wp\/v2\/media?parent=883"}],"curies":[{"name":"wp","href":"https:\/\/api.w.org\/{rel}","templated":true}]}}