{"id":864,"date":"2023-10-22T10:39:23","date_gmt":"2023-10-22T10:39:23","guid":{"rendered":"https:\/\/www.ping.fm\/ip\/?page_id=864"},"modified":"2023-10-22T10:39:23","modified_gmt":"2023-10-22T10:39:23","slug":"10-1-1-1-es","status":"publish","type":"page","link":"https:\/\/www.ping.fm\/ip\/es\/10-1-1-1-es\/","title":{"rendered":"10.1.1.1"},"content":{"rendered":"<article>\n<section>\n<h1>Dominio de configuraciones WiFi: Inicia sesi\u00f3n en &#49;&#48;.&#49;.&#49;.&#49; &#128526;<\/h1>\n<div class=\"inbrief\">\n<div>\n                                <img src=\"\/ip\/wp-content\/uploads\/generated\/10.1.1.1.jpg\" alt=\"10.1.1.1\" title=\"10.1.1.1\" width=\"1280\" height=\"720\"><\/p>\n<p>\u00bfEst\u00e1s harto del nombre aburrido de tu red wifi? Olvida cosas mundanas como &#8216;Wifi Incre\u00edble&#8217; o &#8216;No para Uso P\u00fablico&#8217;. \u00bfQu\u00e9 tal agregarle un poco de chispa para animar tu espacio digital? Aprende c\u00f3mo usar la direcci\u00f3n IP privada <b>&#49;&#48;.&#49;.&#49;.&#49;<\/b> para cambiar las configuraciones de WiFi como un profesional &#128516;. En <a href='http:\/\/&#49;&#48;.&#49;.&#49;.&#49;'>http:\/\/&#49;&#48;.&#49;.&#49;.&#49;\/<\/a>, modifica el Nombre de Red o SSID de tu enrutador, cambia las contrase\u00f1as (Por favor, no uses &#8216;contrase\u00f1a&#49;&#50;&#51;&#52;&#8217; &#128530;), y cambia otras configuraciones predeterminadas. Para los novatos aqu\u00ed, no se preocupen, incluso un ni\u00f1o de &#53; a\u00f1os puede hacerlo con algo de orientaci\u00f3n. As\u00ed que si\u00e9ntate c\u00f3modo. \u00a1Vamos a sumergirnos! &#127946;&#8205;&#9794;&#65039;<\/p>\n<\/div>\n<\/div>\n<\/section>\n<section>\n<div>\n<div>1<\/div>\n<h2>Inicia sesi\u00f3n en 10.1.1.1 como un profesional<\/h2>\n<\/div>\n<p>Para comenzar, abre tu navegador favorito (Chrome, Safari, Firefox, Edge; no juzgamos \ud83d\ude09). Teclea el n\u00famero m\u00e1gico <b>10.1.1.1<\/b> en la barra de direcciones y presiona la tecla enter \ud83d\udca5. Cuando veas un cuadro de di\u00e1logo emergente, inicia sesi\u00f3n con el Nombre de Usuario y Contrase\u00f1a predeterminados \ud83d\udd75\ufe0f. \u00a1Felicidades! Ahora est\u00e1s en el tablero de la interfaz del enrutador \ud83e\udd73.<\/p>\n<p><b>Nota:<\/b> En la parte trasera (o lateral) de tu enrutador\/dispositivo, generalmente hay una etiqueta que contiene el Nombre de Usuario y Contrase\u00f1a predeterminados. Consulta la tabla de credenciales de inicio de sesi\u00f3n predeterminadas para diferentes marcas.\ud83d\udc47<\/p>\n<table>\n<tr>\n<th>Nombre de la Marca<\/th>\n<th>Nombre de Usuario<\/th>\n<th>Contrase\u00f1a<\/th>\n<\/tr>\n<tr>\n<td>iiNet<\/td>\n<td>admin<\/td>\n<td>admin<\/td>\n<\/tr>\n<tr>\n<td>Optus<\/td>\n<td>admin<\/td>\n<td>contrase\u00f1a<\/td>\n<\/tr>\n<tr>\n<td>D-Link<\/td>\n<td>admin<\/td>\n<td>admin<\/td>\n<\/tr>\n<tr>\n<td>Belkin<\/td>\n<td>admin<\/td>\n<td>admin<\/td>\n<\/tr>\n<\/table>\n<\/section>\n<section>\n<div>\n<div>2<\/div>\n<h2>\u00a1Oh no! No puedo iniciar sesi\u00f3n \ud83d\ude31<\/h2>\n<\/div>\n<p>Si los dioses de la tecnolog\u00eda no est\u00e1n contigo hoy, verifica que est\u00e9s conectado a la red Wifi \ud83e\udd14. Aseg\u00farate de que realmente est\u00e1s utilizando la direcci\u00f3n IP correcta del enrutador. Cada dispositivo y modelo utiliza una diferente. Busca en la web algunas listas de direcciones IP y contrase\u00f1as predeterminadas \ud83d\udca1.<\/p>\n<p>\ud83d\udea8\u00bfOlvidaste tu nombre de usuario o contrase\u00f1a? \u00a1Est\u00e1s de suerte! \ud83c\udf40 Realiza un buen restablecimiento de f\u00e1brica. <b>Precauci\u00f3n:<\/b> Esto eliminar\u00e1 todas las configuraciones manuales y el proceso de configuraci\u00f3n comenzar\u00e1 desde cero. Para hacer esto, en la parte inferior de tu enrutador, mant\u00e9n presionado el peque\u00f1o bot\u00f3n &#8216;Reset&#8217; durante 10-15 segundos, hasta que las luces LED comiencen a parpadear \ud83c\udf86.<\/p>\n<\/section>\n<section>\n<h2>Conclusi\u00f3n: \ud83c\udfc1<\/h2>\n<div class=\"nonp\">\n<p>Bien chicos, \u00a1han adquirido el poder! Ahora es el momento de presumir ese nuevo Nombre de Red y hacer que todos se giren al buscar redes wifi &#128541; No olviden que la direcci\u00f3n IP privada &#49;&#48;.&#49;.&#49;.&#49; es su boleto dorado para configurar las configuraciones del enrutador como un jefe &#128081;. Con el nuevo conocimiento que han adquirido, jueguen un poco, vean qu\u00e9 se ajusta y \u00a1mant\u00e9nganse impresionantes! &#128588;<\/p>\n<\/div>\n<\/section>\n<section itemscope=\"\" itemtype=\"https:\/\/schema.org\/FAQPage\">\n<div class=\"panel\" itemprop=\"mainEntity\" itemscope=\"\" itemtype=\"https:\/\/schema.org\/Question\">\n<div class=\"toggle-link\">\n<h3 class=\"panel-title\" itemprop=\"name\">\n                \u00bfCu\u00e1l es el procedimiento para iniciar sesi\u00f3n en la puerta de enlace 10.1.1.1?<\/h3>\n<\/div>\n<div class=\"panel-collapse\">\n<div class=\"panel-body\" itemprop=\"acceptedAnswer\" itemscope=\"\" itemtype=\"https:\/\/schema.org\/Answer\">\n<div itemprop=\"text\">\n<p>Para acceder a la puerta de enlace 10.1.1.1, necesita abrir su navegador web y escribir 10.1.1.1 en la barra de direcciones. Introduzca el nombre de usuario y la contrase\u00f1a predeterminados proporcionados en la etiqueta de su m\u00f3dem o router, luego haga clic en &#8216;Iniciar sesi\u00f3n&#8217;.<\/p>\n<\/div>\n<\/div>\n<\/div>\n<\/div>\n<div class=\"panel\" itemprop=\"mainEntity\" itemscope=\"\" itemtype=\"https:\/\/schema.org\/Question\">\n<div class=\"toggle-link\">\n<h3 class=\"panel-title\" itemprop=\"name\">\n                \u00bfExisten credenciales \u00fanicas para diferentes marcas para iniciar sesi\u00f3n en la interfaz 10.1.1.1?<\/h3>\n<\/div>\n<div class=\"panel-collapse\">\n<div class=\"panel-body\" itemprop=\"acceptedAnswer\" itemscope=\"\" itemtype=\"https:\/\/schema.org\/Answer\">\n<div itemprop=\"text\">\n<p>S\u00ed, diferentes marcas como iiNet, Optus, D-Link y Belkin tienen nombres de usuario y contrase\u00f1as predeterminados \u00fanicos. Puede revisar la lista de <a href=http:\/\/10.1.1.1\/>Direcciones IP y contrase\u00f1as predeterminadas<\/a> para confirmar sus credenciales. Siempre recuerde cambiar su contrase\u00f1a de la predeterminada por motivos de seguridad.<\/p>\n<\/div>\n<\/div>\n<\/div>\n<\/div>\n<div class=\"panel\" itemprop=\"mainEntity\" itemscope=\"\" itemtype=\"https:\/\/schema.org\/Question\">\n<div class=\"toggle-link\">\n<h3 class=\"panel-title\" itemprop=\"name\">\n                \u00bfQu\u00e9 debo hacer si no puedo acceder a la direcci\u00f3n IP 10.1.1.1?<\/h3>\n<\/div>\n<div class=\"panel-collapse\">\n<div class=\"panel-body\" itemprop=\"acceptedAnswer\" itemscope=\"\" itemtype=\"https:\/\/schema.org\/Answer\">\n<div itemprop=\"text\">\n<p>Si no puede acceder a la direcci\u00f3n IP 10.1.1.1, es importante asegurarse de que est\u00e1 conectado a su red Wi-Fi antes de intentar acceder a la puerta de enlace del router. Si a\u00fan no puede iniciar sesi\u00f3n, puede ser que su router o m\u00f3dem est\u00e9 configurado con una direcci\u00f3n IP diferente. Compruebe la lista de <a href=http:\/\/10.1.1.1\/>Direcciones IP y contrase\u00f1as predeterminadas<\/a> para verificar.<\/p>\n<\/div>\n<\/div>\n<\/div>\n<\/div>\n<div class=\"panel\" itemprop=\"mainEntity\" itemscope=\"\" itemtype=\"https:\/\/schema.org\/Question\">\n<div class=\"toggle-link\">\n<h3 class=\"panel-title\" itemprop=\"name\">\n                \u00bfC\u00f3mo puedo reiniciar mi router si he olvidado el nombre de usuario o la contrase\u00f1a?<\/h3>\n<\/div>\n<div class=\"panel-collapse\">\n<div class=\"panel-body\" itemprop=\"acceptedAnswer\" itemscope=\"\" itemtype=\"https:\/\/schema.org\/Answer\">\n<div itemprop=\"text\">\n<p>Si ha olvidado su nombre de usuario o contrase\u00f1a, puede realizar un restablecimiento de f\u00e1brica en su router. Presione el peque\u00f1o bot\u00f3n &#8216;Reset&#8217; en la parte inferior de su router durante unos 10-15 segundos hasta que las luces LED comiencen a parpadear. Este m\u00e9todo borra todas las configuraciones manuales permiti\u00e9ndole iniciar sesi\u00f3n con las credenciales predeterminadas.<\/p>\n<\/div>\n<\/div>\n<\/div>\n<\/div>\n<div class=\"panel\" itemprop=\"mainEntity\" itemscope=\"\" itemtype=\"https:\/\/schema.org\/Question\">\n<div class=\"toggle-link\">\n<h3 class=\"panel-title\" itemprop=\"name\">\n                \u00bfSe puede acceder a la puerta de enlace 10.1.1.1 en cualquier navegador web?<\/h3>\n<\/div>\n<div class=\"panel-collapse\">\n<div class=\"panel-body\" itemprop=\"acceptedAnswer\" itemscope=\"\" itemtype=\"https:\/\/schema.org\/Answer\">\n<div itemprop=\"text\">\n<p>S\u00ed, puede usar cualquier navegador web moderno para iniciar sesi\u00f3n en la puerta de enlace 10.1.1.1. Ejemplos incluyen Google Chrome, Mozilla Firefox y Safari.<\/p>\n<\/div>\n<\/div>\n<\/div>\n<\/div>\n<div class=\"panel\" itemprop=\"mainEntity\" itemscope=\"\" itemtype=\"https:\/\/schema.org\/Question\">\n<div class=\"toggle-link\">\n<h3 class=\"panel-title\" itemprop=\"name\">\n                \u00bfEs necesario estar conectado a la red Wi-Fi antes de iniciar sesi\u00f3n en la interfaz del router?<\/h3>\n<\/div>\n<div class=\"panel-collapse\">\n<div class=\"panel-body\" itemprop=\"acceptedAnswer\" itemscope=\"\" itemtype=\"https:\/\/schema.org\/Answer\">\n<div itemprop=\"text\">\n<p>S\u00ed, es necesario. Debe estar conectado a la red Wi-Fi que desea administrar antes de iniciar sesi\u00f3n en la puerta de enlace del router.<\/p>\n<\/div>\n<\/div>\n<\/div>\n<\/div>\n<div class=\"panel\" itemprop=\"mainEntity\" itemscope=\"\" itemtype=\"https:\/\/schema.org\/Question\">\n<div class=\"toggle-link\">\n<h3 class=\"panel-title\" itemprop=\"name\">\n                \u00bfCu\u00e1l es la importancia de la direcci\u00f3n IP 10.1.1.1?<\/h3>\n<\/div>\n<div class=\"panel-collapse\">\n<div class=\"panel-body\" itemprop=\"acceptedAnswer\" itemscope=\"\" itemtype=\"https:\/\/schema.org\/Answer\">\n<div itemprop=\"text\">\n<p>La direcci\u00f3n IP 10.1.1.1 es una direcci\u00f3n IP privada utilizada espec\u00edficamente para cambiar contrase\u00f1as de Wi-Fi, nombres de red (SSID) y otras configuraciones predeterminadas del m\u00f3dem o router.<\/p>\n<\/div>\n<\/div>\n<\/div>\n<\/div>\n<div class=\"panel\" itemprop=\"mainEntity\" itemscope=\"\" itemtype=\"https:\/\/schema.org\/Question\">\n<div class=\"toggle-link\">\n<h3 class=\"panel-title\" itemprop=\"name\">\n                \u00bfEs posible cambiar el nombre de usuario y la contrase\u00f1a predeterminados del router?<\/h3>\n<\/div>\n<div class=\"panel-collapse\">\n<div class=\"panel-body\" itemprop=\"acceptedAnswer\" itemscope=\"\" itemtype=\"https:\/\/schema.org\/Answer\">\n<div itemprop=\"text\">\n<p>S\u00ed, se recomienda encarecidamente cambiar el nombre de usuario y la contrase\u00f1a predeterminados de su router para garantizar la seguridad de la red.<\/p>\n<\/div>\n<\/div>\n<\/div>\n<\/div>\n<div class=\"panel\" itemprop=\"mainEntity\" itemscope=\"\" itemtype=\"https:\/\/schema.org\/Question\">\n<div class=\"toggle-link\">\n<h3 class=\"panel-title\" itemprop=\"name\">\n                \u00bfCu\u00e1les son los pasos para cambiar la contrase\u00f1a de Wi-Fi desde la interfaz del router 10.1.1.1?<\/h3>\n<\/div>\n<div class=\"panel-collapse\">\n<div class=\"panel-body\" itemprop=\"acceptedAnswer\" itemscope=\"\" itemtype=\"https:\/\/schema.org\/Answer\">\n<div itemprop=\"text\">\n<p>Despu\u00e9s de iniciar sesi\u00f3n en la interfaz 10.1.1.1, debe ubicar la configuraci\u00f3n de &#8216;Wi-Fi&#8217; o &#8216;Inal\u00e1mbrico&#8217;. Luego, puede cambiar su contrase\u00f1a dentro de estas configuraciones. Siempre recuerde guardar sus cambios antes de salir.<\/p>\n<\/div>\n<\/div>\n<\/div>\n<\/div>\n<div class=\"panel\" itemprop=\"mainEntity\" itemscope=\"\" itemtype=\"https:\/\/schema.org\/Question\">\n<div class=\"toggle-link\">\n<h3 class=\"panel-title\" itemprop=\"name\">\n                \u00bfEl nombre de usuario y la contrase\u00f1a predeterminados para cada marca de router son los mismos?<\/h3>\n<\/div>\n<div class=\"panel-collapse\">\n<div class=\"panel-body\" itemprop=\"acceptedAnswer\" itemscope=\"\" itemtype=\"https:\/\/schema.org\/Answer\">\n<div itemprop=\"text\">\n<p>No, las diferentes marcas de routers tienen nombres de usuario y contrase\u00f1as predeterminados \u00fanicos. Se aconseja comprobar la etiqueta del router o la lista de <a href=http:\/\/10.1.1.1\/>Direcciones IP y contrase\u00f1as predeterminadas<\/a> para verificar.<\/p>\n<\/div>\n<\/div>\n<\/div>\n<\/div>\n<div class=\"panel\" itemprop=\"mainEntity\" itemscope=\"\" itemtype=\"https:\/\/schema.org\/Question\">\n<div class=\"toggle-link\">\n<h3 class=\"panel-title\" itemprop=\"name\">\n                \u00bfD\u00f3nde puedo encontrar la direcci\u00f3n IP correcta para mi router o m\u00f3dem?<\/h3>\n<\/div>\n<div class=\"panel-collapse\">\n<div class=\"panel-body\" itemprop=\"acceptedAnswer\" itemscope=\"\" itemtype=\"https:\/\/schema.org\/Answer\">\n<div itemprop=\"text\">\n<p>La direcci\u00f3n IP correcta para su router o m\u00f3dem generalmente se proporciona en una etiqueta pegada al dispositivo. Si no est\u00e1 indicada, puede consultar la lista de <a href=http:\/\/10.1.1.1\/>Direcciones IP y contrase\u00f1as predeterminadas<\/a>.<\/p>\n<\/div>\n<\/div>\n<\/div>\n<\/div>\n<div class=\"panel\" itemprop=\"mainEntity\" itemscope=\"\" itemtype=\"https:\/\/schema.org\/Question\">\n<div class=\"toggle-link\">\n<h3 class=\"panel-title\" itemprop=\"name\">\n                \u00bfCu\u00e1nto tiempo lleva restaurar de f\u00e1brica un router?<\/h3>\n<\/div>\n<div class=\"panel-collapse\">\n<div class=\"panel-body\" itemprop=\"acceptedAnswer\" itemscope=\"\" itemtype=\"https:\/\/schema.org\/Answer\">\n<div itemprop=\"text\">\n<p>Para realizar un restablecimiento de f\u00e1brica, simplemente presione el bot\u00f3n de reinicio en el dispositivo durante unos 10-15 segundos. Sin embargo, el tiempo que tarda el dispositivo en reiniciarse y volverse utilizable de nuevo puede variar.<\/p>\n<\/div>\n<\/div>\n<\/div>\n<\/div>\n<div class=\"panel\" itemprop=\"mainEntity\" itemscope=\"\" itemtype=\"https:\/\/schema.org\/Question\">\n<div class=\"toggle-link\">\n<h3 class=\"panel-title\" itemprop=\"name\">\n                \u00bfQu\u00e9 informaci\u00f3n puedo acceder en la interfaz del router 10.1.1.1?<\/h3>\n<\/div>\n<div class=\"panel-collapse\">\n<div class=\"panel-body\" itemprop=\"acceptedAnswer\" itemscope=\"\" itemtype=\"https:\/\/schema.org\/Answer\">\n<div itemprop=\"text\">\n<p>A trav\u00e9s de la interfaz 10.1.1.1, puede administrar y cambiar contrase\u00f1as de Wi-Fi, nombres de red (SSID) y otras configuraciones predeterminadas de router o m\u00f3dem.<\/p>\n<\/div>\n<\/div>\n<\/div>\n<\/div>\n<div class=\"panel\" itemprop=\"mainEntity\" itemscope=\"\" itemtype=\"https:\/\/schema.org\/Question\">\n<div class=\"toggle-link\">\n<h3 class=\"panel-title\" itemprop=\"name\">\n                \u00bfHay un lugar espec\u00edfico para el bot\u00f3n de reinicio del router?<\/h3>\n<\/div>\n<div class=\"panel-collapse\">\n<div class=\"panel-body\" itemprop=\"acceptedAnswer\" itemscope=\"\" itemtype=\"https:\/\/schema.org\/Answer\">\n<div itemprop=\"text\">\n<p>Generalmente, el bot\u00f3n de restablecimiento est\u00e1 ubicado en la parte posterior o inferior del router o m\u00f3dem. A menudo es un bot\u00f3n peque\u00f1o y empotrado que requiere un alfiler o herramienta similar para presionar.<\/p>\n<\/div>\n<\/div>\n<\/div>\n<\/div>\n<div class=\"panel\" itemprop=\"mainEntity\" itemscope=\"\" itemtype=\"https:\/\/schema.org\/Question\">\n<div class=\"toggle-link\">\n<h3 class=\"panel-title\" itemprop=\"name\">\n                Si la contrase\u00f1a de Wi-Fi se cambia a trav\u00e9s de la interfaz 10.1.1.1, \u00bfafectar\u00e1 a los dispositivos conectados?<\/h3>\n<\/div>\n<div class=\"panel-collapse\">\n<div class=\"panel-body\" itemprop=\"acceptedAnswer\" itemscope=\"\" itemtype=\"https:\/\/schema.org\/Answer\">\n<div itemprop=\"text\">\n<p>S\u00ed, cambiar la contrase\u00f1a de Wi-Fi desconectar\u00e1 todos los dispositivos previamente conectados. Esos dispositivos necesitar\u00e1n reconectarse usando la nueva contrase\u00f1a para obtener acceso a internet.<\/p>\n<\/div>\n<\/div>\n<\/div>\n<\/div>\n<div class=\"panel\" itemprop=\"mainEntity\" itemscope=\"\" itemtype=\"https:\/\/schema.org\/Question\">\n<div class=\"toggle-link\">\n<h3 class=\"panel-title\" itemprop=\"name\">\n                \u00bfUn restablecimiento de f\u00e1brica cambia la direcci\u00f3n IP del router de vuelta a 10.1.1.1?<\/h3>\n<\/div>\n<div class=\"panel-collapse\">\n<div class=\"panel-body\" itemprop=\"acceptedAnswer\" itemscope=\"\" itemtype=\"https:\/\/schema.org\/Answer\">\n<div itemprop=\"text\">\n<p>Despu\u00e9s de un restablecimiento de f\u00e1brica, la direcci\u00f3n IP volver\u00e1 a la configuraci\u00f3n predeterminada asignada por el fabricante. Si la direcci\u00f3n IP original era 10.1.1.1, entonces volver\u00e1 a esa.<\/p>\n<\/div>\n<\/div>\n<\/div>\n<\/div>\n<div class=\"panel\" itemprop=\"mainEntity\" itemscope=\"\" itemtype=\"https:\/\/schema.org\/Question\">\n<div class=\"toggle-link\">\n<h3 class=\"panel-title\" itemprop=\"name\">\n                \u00bfCu\u00e1l es el prop\u00f3sito de las luces LED parpadeando durante un restablecimiento de f\u00e1brica del router?<\/h3>\n<\/div>\n<div class=\"panel-collapse\">\n<div class=\"panel-body\" itemprop=\"acceptedAnswer\" itemscope=\"\" itemtype=\"https:\/\/schema.org\/Answer\">\n<div itemprop=\"text\">\n<p>Las luces LED parpadeando durante un restablecimiento de f\u00e1brica indican que el proceso de reinicio est\u00e1 ocurriendo. Una vez que las luces vuelven a estar estables, el proceso de reinicio se completa.<\/p>\n<\/div>\n<\/div>\n<\/div>\n<\/div>\n<div class=\"panel\" itemprop=\"mainEntity\" itemscope=\"\" itemtype=\"https:\/\/schema.org\/Question\">\n<div class=\"toggle-link\">\n<h3 class=\"panel-title\" itemprop=\"name\">\n                \u00bfEs la direcci\u00f3n IP 10.1.1.1 la \u00fanica forma de cambiar la configuraci\u00f3n predeterminada del router?<\/h3>\n<\/div>\n<div class=\"panel-collapse\">\n<div class=\"panel-body\" itemprop=\"acceptedAnswer\" itemscope=\"\" itemtype=\"https:\/\/schema.org\/Answer\">\n<div itemprop=\"text\">\n<p>No, otras direcciones IP privadas como 192.168.0.1 o 192.168.1.1 tambi\u00e9n pueden ser usadas para acceder y cambiar la configuraci\u00f3n predeterminada del router. La direcci\u00f3n espec\u00edfica depende de la marca y el modelo del router.<\/p>\n<\/div>\n<\/div>\n<\/div>\n<\/div>\n<div class=\"panel\" itemprop=\"mainEntity\" itemscope=\"\" itemtype=\"https:\/\/schema.org\/Question\">\n<div class=\"toggle-link\">\n<h3 class=\"panel-title\" itemprop=\"name\">\n                \u00bfLa direcci\u00f3n IP 10.1.1.1 funciona tanto para routers como para m\u00f3dems?<\/h3>\n<\/div>\n<div class=\"panel-collapse\">\n<div class=\"panel-body\" itemprop=\"acceptedAnswer\" itemscope=\"\" itemtype=\"https:\/\/schema.org\/Answer\">\n<div itemprop=\"text\">\n<p>La direcci\u00f3n IP 10.1.1.1 puede ser utilizada para acceder a la configuraci\u00f3n de routers y m\u00f3dems. Sin embargo, la direcci\u00f3n IP espec\u00edfica utilizada puede variar dependiendo del fabricante del dispositivo.<\/p>\n<\/div>\n<\/div>\n<\/div>\n<\/div>\n<div class=\"panel\" itemprop=\"mainEntity\" itemscope=\"\" itemtype=\"https:\/\/schema.org\/Question\">\n<div class=\"toggle-link\">\n<h3 class=\"panel-title\" itemprop=\"name\">\n                \u00bfEs la interfaz 10.1.1.1 f\u00e1cil de usar para una persona no experta en tecnolog\u00eda?<\/h3>\n<\/div>\n<div class=\"panel-collapse\">\n<div class=\"panel-body\" itemprop=\"acceptedAnswer\" itemscope=\"\" itemtype=\"https:\/\/schema.org\/Answer\">\n<div itemprop=\"text\">\n<p>S\u00ed, la interfaz 10.1.1.1 est\u00e1 dise\u00f1ada para ser f\u00e1cil de usar e intuitiva, lo que permite incluso a los individuos no expertos en tecnolog\u00eda gestionar eficazmente sus configuraciones de red.<\/p>\n<\/div>\n<\/div>\n<\/div>\n<\/div>\n<\/section>\n<\/article>\n","protected":false},"excerpt":{"rendered":"<p>Dominio de configuraciones WiFi: Inicia sesi\u00f3n en &#49;&#48;.&#49;.&#49;.&#49; &#128526; \u00bfEst\u00e1s harto del nombre aburrido de tu red wifi? Olvida cosas mundanas como &#8216;Wifi Incre\u00edble&#8217; o &#8216;No para Uso P\u00fablico&#8217;. \u00bfQu\u00e9 tal agregarle un poco de chispa para animar tu espacio digital? Aprende c\u00f3mo usar la direcci\u00f3n IP privada &#49;&#48;.&#49;.&#49;.&#49; para cambiar las configuraciones de WiFi [&hellip;]<\/p>\n","protected":false},"author":2,"featured_media":15,"parent":0,"menu_order":0,"comment_status":"closed","ping_status":"closed","template":"chromecast.php","meta":{"_stopmodifiedupdate":false,"_modified_date":"","_lmt_disableupdate":"yes","_lmt_disable":""},"yoast_head":"<!-- This site is optimized with the Yoast SEO plugin v20.9 - https:\/\/yoast.com\/wordpress\/plugins\/seo\/ -->\n<title>10.1.1.1. Actualizado en 2026<\/title>\n<meta name=\"robots\" content=\"index, follow, max-snippet:-1, max-image-preview:large, max-video-preview:-1\" \/>\n<link rel=\"canonical\" href=\"https:\/\/www.ping.fm\/ip\/es\/10-1-1-1-es\/\" \/>\n<meta property=\"og:locale\" content=\"en_US\" \/>\n<meta property=\"og:type\" content=\"article\" \/>\n<meta property=\"og:title\" content=\"10.1.1.1. Actualizado en 2026\" \/>\n<meta property=\"og:description\" content=\"Dominio de configuraciones WiFi: Inicia sesi\u00f3n en &#049;&#048;.&#049;.&#049;.&#049; &#128526; \u00bfEst\u00e1s harto del nombre aburrido de tu red wifi? Olvida cosas mundanas como &#8216;Wifi Incre\u00edble&#8217; o &#8216;No para Uso P\u00fablico&#8217;. \u00bfQu\u00e9 tal agregarle un poco de chispa para animar tu espacio digital? Aprende c\u00f3mo usar la direcci\u00f3n IP privada &#049;&#048;.&#049;.&#049;.&#049; para cambiar las configuraciones de WiFi [&hellip;]\" \/>\n<meta property=\"og:url\" content=\"https:\/\/www.ping.fm\/ip\/es\/10-1-1-1-es\/\" \/>\n<meta property=\"og:site_name\" content=\"IP\" \/>\n<meta property=\"og:image\" content=\"https:\/\/www.ping.fm\/ip\/wp-content\/uploads\/2023\/07\/wifi.jpg\" \/>\n\t<meta property=\"og:image:width\" content=\"1992\" \/>\n\t<meta property=\"og:image:height\" content=\"1852\" \/>\n\t<meta property=\"og:image:type\" content=\"image\/jpeg\" \/>\n<meta name=\"twitter:card\" content=\"summary_large_image\" \/>\n<script type=\"application\/ld+json\" class=\"yoast-schema-graph\">{\"@context\":\"https:\/\/schema.org\",\"@graph\":[{\"@type\":\"WebPage\",\"@id\":\"https:\/\/www.ping.fm\/ip\/es\/10-1-1-1-es\/\",\"url\":\"https:\/\/www.ping.fm\/ip\/es\/10-1-1-1-es\/\",\"name\":\"10.1.1.1. Actualizado en 2026\",\"isPartOf\":{\"@id\":\"https:\/\/www.ping.fm\/ip\/#website\"},\"datePublished\":\"2023-10-22T10:39:23+00:00\",\"dateModified\":\"2023-10-22T10:39:23+00:00\",\"breadcrumb\":{\"@id\":\"https:\/\/www.ping.fm\/ip\/es\/10-1-1-1-es\/#breadcrumb\"},\"inLanguage\":\"en-US\",\"potentialAction\":[{\"@type\":\"ReadAction\",\"target\":[\"https:\/\/www.ping.fm\/ip\/es\/10-1-1-1-es\/\"]}]},{\"@type\":\"BreadcrumbList\",\"@id\":\"https:\/\/www.ping.fm\/ip\/es\/10-1-1-1-es\/#breadcrumb\",\"itemListElement\":[{\"@type\":\"ListItem\",\"position\":1,\"name\":\"Home\",\"item\":\"https:\/\/www.ping.fm\/ip\/\"},{\"@type\":\"ListItem\",\"position\":2,\"name\":\"10.1.1.1\"}]},{\"@type\":\"WebSite\",\"@id\":\"https:\/\/www.ping.fm\/ip\/#website\",\"url\":\"https:\/\/www.ping.fm\/ip\/\",\"name\":\"IP\",\"description\":\"\",\"potentialAction\":[{\"@type\":\"SearchAction\",\"target\":{\"@type\":\"EntryPoint\",\"urlTemplate\":\"https:\/\/www.ping.fm\/ip\/?s={search_term_string}\"},\"query-input\":\"required name=search_term_string\"}],\"inLanguage\":\"en-US\"}]}<\/script>\n<!-- \/ Yoast SEO plugin. -->","yoast_head_json":{"title":"10.1.1.1. Actualizado en 2026","robots":{"index":"index","follow":"follow","max-snippet":"max-snippet:-1","max-image-preview":"max-image-preview:large","max-video-preview":"max-video-preview:-1"},"canonical":"https:\/\/www.ping.fm\/ip\/es\/10-1-1-1-es\/","og_locale":"en_US","og_type":"article","og_title":"10.1.1.1. Actualizado en 2026","og_description":"Dominio de configuraciones WiFi: Inicia sesi\u00f3n en &#49;&#48;.&#49;.&#49;.&#49; &#128526; \u00bfEst\u00e1s harto del nombre aburrido de tu red wifi? Olvida cosas mundanas como &#8216;Wifi Incre\u00edble&#8217; o &#8216;No para Uso P\u00fablico&#8217;. \u00bfQu\u00e9 tal agregarle un poco de chispa para animar tu espacio digital? Aprende c\u00f3mo usar la direcci\u00f3n IP privada &#49;&#48;.&#49;.&#49;.&#49; para cambiar las configuraciones de WiFi [&hellip;]","og_url":"https:\/\/www.ping.fm\/ip\/es\/10-1-1-1-es\/","og_site_name":"IP","og_image":[{"width":1992,"height":1852,"url":"https:\/\/www.ping.fm\/ip\/wp-content\/uploads\/2023\/07\/wifi.jpg","type":"image\/jpeg"}],"twitter_card":"summary_large_image","schema":{"@context":"https:\/\/schema.org","@graph":[{"@type":"WebPage","@id":"https:\/\/www.ping.fm\/ip\/es\/10-1-1-1-es\/","url":"https:\/\/www.ping.fm\/ip\/es\/10-1-1-1-es\/","name":"10.1.1.1. Actualizado en 2026","isPartOf":{"@id":"https:\/\/www.ping.fm\/ip\/#website"},"datePublished":"2023-10-22T10:39:23+00:00","dateModified":"2023-10-22T10:39:23+00:00","breadcrumb":{"@id":"https:\/\/www.ping.fm\/ip\/es\/10-1-1-1-es\/#breadcrumb"},"inLanguage":"en-US","potentialAction":[{"@type":"ReadAction","target":["https:\/\/www.ping.fm\/ip\/es\/10-1-1-1-es\/"]}]},{"@type":"BreadcrumbList","@id":"https:\/\/www.ping.fm\/ip\/es\/10-1-1-1-es\/#breadcrumb","itemListElement":[{"@type":"ListItem","position":1,"name":"Home","item":"https:\/\/www.ping.fm\/ip\/"},{"@type":"ListItem","position":2,"name":"10.1.1.1"}]},{"@type":"WebSite","@id":"https:\/\/www.ping.fm\/ip\/#website","url":"https:\/\/www.ping.fm\/ip\/","name":"IP","description":"","potentialAction":[{"@type":"SearchAction","target":{"@type":"EntryPoint","urlTemplate":"https:\/\/www.ping.fm\/ip\/?s={search_term_string}"},"query-input":"required name=search_term_string"}],"inLanguage":"en-US"}]}},"_links":{"self":[{"href":"https:\/\/www.ping.fm\/ip\/wp-json\/wp\/v2\/pages\/864"}],"collection":[{"href":"https:\/\/www.ping.fm\/ip\/wp-json\/wp\/v2\/pages"}],"about":[{"href":"https:\/\/www.ping.fm\/ip\/wp-json\/wp\/v2\/types\/page"}],"author":[{"embeddable":true,"href":"https:\/\/www.ping.fm\/ip\/wp-json\/wp\/v2\/users\/2"}],"replies":[{"embeddable":true,"href":"https:\/\/www.ping.fm\/ip\/wp-json\/wp\/v2\/comments?post=864"}],"version-history":[{"count":1,"href":"https:\/\/www.ping.fm\/ip\/wp-json\/wp\/v2\/pages\/864\/revisions"}],"predecessor-version":[{"id":865,"href":"https:\/\/www.ping.fm\/ip\/wp-json\/wp\/v2\/pages\/864\/revisions\/865"}],"wp:featuredmedia":[{"embeddable":true,"href":"https:\/\/www.ping.fm\/ip\/wp-json\/wp\/v2\/media\/15"}],"wp:attachment":[{"href":"https:\/\/www.ping.fm\/ip\/wp-json\/wp\/v2\/media?parent=864"}],"curies":[{"name":"wp","href":"https:\/\/api.w.org\/{rel}","templated":true}]}}