{"id":830,"date":"2023-10-22T10:09:26","date_gmt":"2023-10-22T10:09:26","guid":{"rendered":"https:\/\/www.ping.fm\/ip\/?page_id=830"},"modified":"2023-10-22T10:09:26","modified_gmt":"2023-10-22T10:09:26","slug":"router-vodafone","status":"publish","type":"page","link":"https:\/\/www.ping.fm\/ip\/es\/router-vodafone\/","title":{"rendered":"Iniciar sesi\u00f3n en el Router Vodafone"},"content":{"rendered":"<article>\n<section>\n<h1>Desbloquea los Secretos de tu Inicio de Sesi\u00f3n en el Router Vodafone: Gu\u00eda Paso a Paso<\/h1>\n<div class=\"inbrief\">\n<div>\n                                <img src=\"\/ip\/wp-content\/uploads\/generated\/Iniciar-sesion-en-el-Router-Vodafone.jpg\" alt=\"Inicio de Sesi\u00f3n en el Router Vodafone\" title=\"Inicio de Sesi\u00f3n en el Router Vodafone\" width=\"1280\" height=\"720\"><\/p>\n<p>\u00a1Bienvenidos de nuevo a todos! &#128165; Al igual que te encanta ajustar las configuraciones en tu \u00faltimo juego, \u00bfadivina qu\u00e9? Tu router Vodafone tambi\u00e9n tiene algunas configuraciones con las que puedes jugar. &#127918; Y no estoy hablando de cualquier configuraci\u00f3n. Nos referimos a tu contrase\u00f1a de Wi-Fi, el nombre de tu red, y las configuraciones predeterminadas del router. &#128526; Desbloqueemos estos secretos juntos, dir\u00edgete a <a href='http:\/\/&#49;&#57;&#50;.&#49;&#54;&#56;.&#49;.&#49;'>http:\/\/&#49;&#57;&#50;.&#49;&#54;&#56;.&#49;.&#49;<\/a> o <a href='http:\/\/&#49;&#57;&#50;.&#49;&#54;&#56;.&#48;.&#49;'>http:\/\/&#49;&#57;&#50;.&#49;&#54;&#56;.&#48;.&#49;<\/a> para empezar!<\/p>\n<\/div>\n<\/div>\n<\/section>\n<section>\n<div>\n<div>1<\/div>\n<h2>Iniciando Sesi\u00f3n en tu Router Vodafone<\/h2>\n<\/div>\n<p>Lo primero es lo primero, vamos a necesitar iniciar sesi\u00f3n en la configuraci\u00f3n del router Vodafone. \ud83d\udc68\u200d\ud83d\udcbb As\u00ed que qu\u00edtate los zapatos, abre una nueva ventana de navegador y escribe <a href='http:\/\/192.168.1.1'>192.168.1.1<\/a> o <a href='http:\/\/192.168.0.1'>192.168.0.1<\/a> en tu barra de direcci\u00f3n. A continuaci\u00f3n, introduce el nombre de usuario y la contrase\u00f1a de tu router. Haz clic en &#8216;Iniciar Sesi\u00f3n&#8217; y \ud83c\udf89 \u00a1BOOM! \ud83c\udf89 Ahora est\u00e1s en el coraz\u00f3n de la configuraci\u00f3n de tu router Vodafone. \u00a1Sab\u00eda que lo ten\u00edas en ti! \ud83c\udfaf<\/p>\n<p>Si tu router te est\u00e1 dando de lado, \ud83d\udc4b no te preocupes, tengo la soluci\u00f3n. La direcci\u00f3n IP predeterminada, el nombre de usuario y la contrase\u00f1a deber\u00edan estar impresos en una etiqueta en tu router. Vamos a enumerar unas cuantas posibilidades predeterminadas:<\/p>\n<ul>\n<li>Nombre de usuario: admin, Contrase\u00f1a: password<\/li>\n<li>Nombre de usuario: <i>(en blanco)<\/i>, Contrase\u00f1a: vodafone<\/li>\n<li>Nombre de usuario: admin, Contrase\u00f1a: <i>(impresa en la parte trasera)<\/i><\/li>\n<li>Nombre de usuario: vodafone, Contrase\u00f1a: vodafone<\/li>\n<li>Nombre de usuario: admin, Contrase\u00f1a: admin<\/li>\n<li>Nombre de usuario: root, Contrase\u00f1a: 123456<\/li>\n<\/ul>\n<\/section>\n<section>\n<div>\n<div>2<\/div>\n<h2>Personalizando tu Contrase\u00f1a de Wi-Fi y el Nombre de la Red<\/h2>\n<\/div>\n<p>Ahora, vamos a mimar a tu red Wi-Fi y darle un cambio de imagen. \ud83d\udc85 Inicia sesi\u00f3n en el portal de banda ancha Vodafone. Vas a querer visitar la opci\u00f3n de Wi-Fi o WLAN en el men\u00fa superior. Elige &#8216;Configuraci\u00f3n general de Wi-Fi&#8217; y escribe tu super cool nombre de red en el campo &#8216;SSID de Wi-Fi \/ SSID de WLAN&#8217;. No olvides pensar en una contrase\u00f1a fuerte e introd\u00facela en el campo &#8216;Contrase\u00f1a de Wi-Fi \/ Contrase\u00f1a de WLAN&#8217;. Ahora haz clic en ese bot\u00f3n de &#8216;Aplicar&#8217; y boom, tienes un nuevo aspecto para tu red. \ud83d\udc60\ud83d\udc84<\/p>\n<p>Opcionalmente, puedes meterte en el lado avanzado de las cosas: para configurar las bandas de Wi-Fi de 2,4 GHz y 5 GHz de forma separada, solo tienes que hacer clic en la opci\u00f3n &#8216;Dividir bandas de Wi-Fi (SSID)&#8217;. \u00a1Deja que la magia ocurra!<\/p>\n<\/section>\n<section>\n<h2>Conclusi\u00f3n: \ud83c\udfc1<\/h2>\n<div class=\"nonp\">\n<p>\u00a1Y ya est\u00e1, chicos! Con solo unos pocos clics, acabas de ajustar grandes cambios en tu router Vodafone. Ahora tu red Wi-Fi tiene un nombre nuevo y est\u00e1 fortificada con una contrase\u00f1a \u00fanica. No es tan dif\u00edcil, \u00bfverdad? &#128515; Recuerda, eres el due\u00f1o de tu propio dominio digital, y con los conocimientos que has adquirido hoy, puedes realmente hacerlo tuyo. As\u00ed que sal y vamos a seguir haciendo del internet nuestro parque de juegos! &#128640; \u00a1Hasta la pr\u00f3xima, nos vemos! &#9996;&#65039;<\/p>\n<\/div>\n<\/section>\n<section itemscope=\"\" itemtype=\"https:\/\/schema.org\/FAQPage\">\n<div class=\"panel\" itemprop=\"mainEntity\" itemscope=\"\" itemtype=\"https:\/\/schema.org\/Question\">\n<div class=\"toggle-link\">\n<h3 class=\"panel-title\" itemprop=\"name\">\n                \u00bfCu\u00e1l es la p\u00e1gina de inicio de sesi\u00f3n del router por defecto para Vodafone?<\/h3>\n<\/div>\n<div class=\"panel-collapse\">\n<div class=\"panel-body\" itemprop=\"acceptedAnswer\" itemscope=\"\" itemtype=\"https:\/\/schema.org\/Answer\">\n<div itemprop=\"text\">\n<p>La p\u00e1gina de inicio de sesi\u00f3n por defecto para un router Vodafone puede ser accedida ingresando ya sea <a href=http:\/\/192.168.1.1>http:\/\/192.168.1.1<\/a> o <a href=http:\/\/192.168.0.1>http:\/\/192.168.0.1<\/a> en la barra de direcciones de tu navegador web.<\/p>\n<\/div>\n<\/div>\n<\/div>\n<\/div>\n<div class=\"panel\" itemprop=\"mainEntity\" itemscope=\"\" itemtype=\"https:\/\/schema.org\/Question\">\n<div class=\"toggle-link\">\n<h3 class=\"panel-title\" itemprop=\"name\">\n                \u00bfQu\u00e9 informaci\u00f3n necesito para ingresar a mi router Vodafone?<\/h3>\n<\/div>\n<div class=\"panel-collapse\">\n<div class=\"panel-body\" itemprop=\"acceptedAnswer\" itemscope=\"\" itemtype=\"https:\/\/schema.org\/Answer\">\n<div itemprop=\"text\">\n<p>Necesitar\u00e1s el nombre de usuario y contrase\u00f1a de tu router. Estos se pueden encontrar en una pegatina situada en el lateral o detr\u00e1s de tu router Vodafone.<\/p>\n<\/div>\n<\/div>\n<\/div>\n<\/div>\n<div class=\"panel\" itemprop=\"mainEntity\" itemscope=\"\" itemtype=\"https:\/\/schema.org\/Question\">\n<div class=\"toggle-link\">\n<h3 class=\"panel-title\" itemprop=\"name\">\n                \u00bfCu\u00e1les son las posibles combinaciones de nombre de usuario y contrase\u00f1a por defecto para los routers Vodafone?<\/h3>\n<\/div>\n<div class=\"panel-collapse\">\n<div class=\"panel-body\" itemprop=\"acceptedAnswer\" itemscope=\"\" itemtype=\"https:\/\/schema.org\/Answer\">\n<div itemprop=\"text\">\n<p>Estas son algunas de las posibles combinaciones de nombre de usuario y contrase\u00f1a por defecto para los routers Vodafone:<br \/>\n                        <b>Nombre de usuario: admin, Contrase\u00f1a: password;<\/b><br \/>\n                        <b>Nombre de usuario: blanco, Contrase\u00f1a: vodafone;<\/b><br \/>\n                        <b>Nombre de usuario: admin, Contrase\u00f1a: referirse a la parte trasera del router;<\/b><br \/>\n                        <b>Nombre de usuario: vodafone, Contrase\u00f1a: vodafone;<\/b><br \/>\n                        <b>Nombre de usuario: admin, Contrase\u00f1a: admin;<\/b><br \/>\n                        <b>Nombre de usuario: root, Contrase\u00f1a: 123456.<\/b><\/p>\n<\/div>\n<\/div>\n<\/div>\n<\/div>\n<div class=\"panel\" itemprop=\"mainEntity\" itemscope=\"\" itemtype=\"https:\/\/schema.org\/Question\">\n<div class=\"toggle-link\">\n<h3 class=\"panel-title\" itemprop=\"name\">\n                \u00bfD\u00f3nde puedo encontrar mi nombre de usuario y contrase\u00f1a de router Vodafone por defecto?<\/h3>\n<\/div>\n<div class=\"panel-collapse\">\n<div class=\"panel-body\" itemprop=\"acceptedAnswer\" itemscope=\"\" itemtype=\"https:\/\/schema.org\/Answer\">\n<div itemprop=\"text\">\n<p>La direcci\u00f3n IP por defecto del router, el nombre de usuario y la contrase\u00f1a generalmente est\u00e1n impresos en una pegatina en el costado o en la parte trasera de tu router Vodafone.<\/p>\n<\/div>\n<\/div>\n<\/div>\n<\/div>\n<div class=\"panel\" itemprop=\"mainEntity\" itemscope=\"\" itemtype=\"https:\/\/schema.org\/Question\">\n<div class=\"toggle-link\">\n<h3 class=\"panel-title\" itemprop=\"name\">\n                \u00bfC\u00f3mo cambio la contrase\u00f1a y el nombre de red de mi Wi-Fi Vodafone?<\/h3>\n<\/div>\n<div class=\"panel-collapse\">\n<div class=\"panel-body\" itemprop=\"acceptedAnswer\" itemscope=\"\" itemtype=\"https:\/\/schema.org\/Answer\">\n<div itemprop=\"text\">\n<p>Primero, inicia sesi\u00f3n en el portal de banda ancha de Vodafone. Desde el men\u00fa superior, selecciona Wi-Fi\/WLAN. Elige Ajustes Generales de WiFi. Ingresa el nuevo nombre de la red Wi-Fi en el campo del SSID de Wi-Fi \/ SSID de WLAN, y la nueva contrase\u00f1a de Wi-Fi en el campo de la contrase\u00f1a de Wi-Fi \/ contrase\u00f1a de WLAN. Finalmente, haz clic en Aplicar para guardar los cambios.<\/p>\n<\/div>\n<\/div>\n<\/div>\n<\/div>\n<div class=\"panel\" itemprop=\"mainEntity\" itemscope=\"\" itemtype=\"https:\/\/schema.org\/Question\">\n<div class=\"toggle-link\">\n<h3 class=\"panel-title\" itemprop=\"name\">\n                \u00bfPuedo configurar por separado las bandas de Wi-Fi de 2.4 GHz y 5 GHz en mi router Vodafone?<\/h3>\n<\/div>\n<div class=\"panel-collapse\">\n<div class=\"panel-body\" itemprop=\"acceptedAnswer\" itemscope=\"\" itemtype=\"https:\/\/schema.org\/Answer\">\n<div itemprop=\"text\">\n<p>S\u00ed, puedes configurar estas por separado en el portal de banda ancha de Vodafone al habilitar la opci\u00f3n de Split Wi-Fi bands (SSID).<\/p>\n<\/div>\n<\/div>\n<\/div>\n<\/div>\n<div class=\"panel\" itemprop=\"mainEntity\" itemscope=\"\" itemtype=\"https:\/\/schema.org\/Question\">\n<div class=\"toggle-link\">\n<h3 class=\"panel-title\" itemprop=\"name\">\n                \u00bfC\u00f3mo restablezco la configuraci\u00f3n de mi router Vodafone a los valores predeterminados de f\u00e1brica?<\/h3>\n<\/div>\n<div class=\"panel-collapse\">\n<div class=\"panel-body\" itemprop=\"acceptedAnswer\" itemscope=\"\" itemtype=\"https:\/\/schema.org\/Answer\">\n<div itemprop=\"text\">\n<p>Por lo general, puedes restablecer tu router a los valores predeterminados de f\u00e1brica haciendo clic en el bot\u00f3n de Restablecer que se encuentra en la parte trasera o inferior de tu router. Esto restaurar\u00e1 los datos predeterminados, incluyendo el nombre de usuario y la contrase\u00f1a.<\/p>\n<\/div>\n<\/div>\n<\/div>\n<\/div>\n<div class=\"panel\" itemprop=\"mainEntity\" itemscope=\"\" itemtype=\"https:\/\/schema.org\/Question\">\n<div class=\"toggle-link\">\n<h3 class=\"panel-title\" itemprop=\"name\">\n                \u00bfC\u00f3mo aseguro que mi conexi\u00f3n Wi-Fi de Vodafone est\u00e9 asegurada?<\/h3>\n<\/div>\n<div class=\"panel-collapse\">\n<div class=\"panel-body\" itemprop=\"acceptedAnswer\" itemscope=\"\" itemtype=\"https:\/\/schema.org\/Answer\">\n<div itemprop=\"text\">\n<p>Se recomienda proteger tu conexi\u00f3n Wi-Fi con una contrase\u00f1a fuerte y cambiarla regularmente. Usa una combinaci\u00f3n de letras may\u00fasculas y min\u00fasculas, n\u00fameros y s\u00edmbolos para una contrase\u00f1a segura, y nunca la compartas con otros.<\/p>\n<\/div>\n<\/div>\n<\/div>\n<\/div>\n<div class=\"panel\" itemprop=\"mainEntity\" itemscope=\"\" itemtype=\"https:\/\/schema.org\/Question\">\n<div class=\"toggle-link\">\n<h3 class=\"panel-title\" itemprop=\"name\">\n                \u00bfQu\u00e9 puedo hacer si no puedo acceder a la p\u00e1gina de inicio de sesi\u00f3n de mi router Vodafone?<\/h3>\n<\/div>\n<div class=\"panel-collapse\">\n<div class=\"panel-body\" itemprop=\"acceptedAnswer\" itemscope=\"\" itemtype=\"https:\/\/schema.org\/Answer\">\n<div itemprop=\"text\">\n<p>Primero, aseg\u00farate de que tu dispositivo est\u00e9 correctamente conectado al router v\u00eda Wi-Fi o por medio de un cable Ethernet. Si el problema persiste, intenta reiniciar tu router y dispositivo, o utiliza un navegador diferente.<\/p>\n<\/div>\n<\/div>\n<\/div>\n<\/div>\n<div class=\"panel\" itemprop=\"mainEntity\" itemscope=\"\" itemtype=\"https:\/\/schema.org\/Question\">\n<div class=\"toggle-link\">\n<h3 class=\"panel-title\" itemprop=\"name\">\n                \u00bfEs necesario que recuerde la direcci\u00f3n IP de mi router Vodafone?<\/h3>\n<\/div>\n<div class=\"panel-collapse\">\n<div class=\"panel-body\" itemprop=\"acceptedAnswer\" itemscope=\"\" itemtype=\"https:\/\/schema.org\/Answer\">\n<div itemprop=\"text\">\n<p>Aunque no siempre es necesario recordar la direcci\u00f3n IP de tu router, es \u00fatil cuando quieres iniciar sesi\u00f3n en la configuraci\u00f3n del router. Esta direcci\u00f3n es normalmente 192.168.1.1 o 192.168.0.1 para los routers Vodafone.<\/p>\n<\/div>\n<\/div>\n<\/div>\n<\/div>\n<div class=\"panel\" itemprop=\"mainEntity\" itemscope=\"\" itemtype=\"https:\/\/schema.org\/Question\">\n<div class=\"toggle-link\">\n<h3 class=\"panel-title\" itemprop=\"name\">\n                \u00bfPueden otros acceder a la p\u00e1gina de inicio de sesi\u00f3n de mi router Vodafone?<\/h3>\n<\/div>\n<div class=\"panel-collapse\">\n<div class=\"panel-body\" itemprop=\"acceptedAnswer\" itemscope=\"\" itemtype=\"https:\/\/schema.org\/Answer\">\n<div itemprop=\"text\">\n<p>Otros solo pueden acceder a tu router Vodafone si tienen tu nombre de usuario y contrase\u00f1a, y est\u00e1n conectados a tu red Wi-Fi. Sin embargo, se puede prevenir el acceso no autorizado asegurando tu red Wi-Fi con una contrase\u00f1a fuerte.<\/p>\n<\/div>\n<\/div>\n<\/div>\n<\/div>\n<div class=\"panel\" itemprop=\"mainEntity\" itemscope=\"\" itemtype=\"https:\/\/schema.org\/Question\">\n<div class=\"toggle-link\">\n<h3 class=\"panel-title\" itemprop=\"name\">\n                \u00bfC\u00f3mo puedo cambiar los datos de inicio de sesi\u00f3n del router Vodafone por defecto?<\/h3>\n<\/div>\n<div class=\"panel-collapse\">\n<div class=\"panel-body\" itemprop=\"acceptedAnswer\" itemscope=\"\" itemtype=\"https:\/\/schema.org\/Answer\">\n<div itemprop=\"text\">\n<p>Puedes cambiar los datos de inicio de sesi\u00f3n por defecto en la configuraci\u00f3n del router, una vez que est\u00e9s conectado. Esto aumentar\u00e1 la seguridad de tu red. Las opciones para cambiar el nombre de usuario y la contrase\u00f1a generalmente est\u00e1n bajo los ajustes de &#8216;Administrador&#8217; o &#8216;Seguridad&#8217;.<\/p>\n<\/div>\n<\/div>\n<\/div>\n<\/div>\n<div class=\"panel\" itemprop=\"mainEntity\" itemscope=\"\" itemtype=\"https:\/\/schema.org\/Question\">\n<div class=\"toggle-link\">\n<h3 class=\"panel-title\" itemprop=\"name\">\n                \u00bfPor qu\u00e9 es importante cambiar regularmente mi contrase\u00f1a de Wi-Fi?<\/h3>\n<\/div>\n<div class=\"panel-collapse\">\n<div class=\"panel-body\" itemprop=\"acceptedAnswer\" itemscope=\"\" itemtype=\"https:\/\/schema.org\/Answer\">\n<div itemprop=\"text\">\n<p>El cambio rutinario de tu contrase\u00f1a de Wi-Fi mejora la seguridad al dificultar el acceso a tu red Wi-Fi por parte de dispositivos no autorizados.<\/p>\n<\/div>\n<\/div>\n<\/div>\n<\/div>\n<div class=\"panel\" itemprop=\"mainEntity\" itemscope=\"\" itemtype=\"https:\/\/schema.org\/Question\">\n<div class=\"toggle-link\">\n<h3 class=\"panel-title\" itemprop=\"name\">\n                \u00bfC\u00f3mo puedo mejorar la seguridad de mi router Vodafone?<\/h3>\n<\/div>\n<div class=\"panel-collapse\">\n<div class=\"panel-body\" itemprop=\"acceptedAnswer\" itemscope=\"\" itemtype=\"https:\/\/schema.org\/Answer\">\n<div itemprop=\"text\">\n<p>M\u00e1s all\u00e1 de cambiar los detalles de inicio de sesi\u00f3n por defecto y la contrase\u00f1a de Wi-Fi, puedes mejorar la seguridad de tu router al desactivar la administraci\u00f3n remota, activar la encriptaci\u00f3n de red, y actualizando regularmente el software de tu router.<\/p>\n<\/div>\n<\/div>\n<\/div>\n<\/div>\n<div class=\"panel\" itemprop=\"mainEntity\" itemscope=\"\" itemtype=\"https:\/\/schema.org\/Question\">\n<div class=\"toggle-link\">\n<h3 class=\"panel-title\" itemprop=\"name\">\n                \u00bfC\u00f3mo cambio el nombre de la red (SSID) en mi router Vodafone?<\/h3>\n<\/div>\n<div class=\"panel-collapse\">\n<div class=\"panel-body\" itemprop=\"acceptedAnswer\" itemscope=\"\" itemtype=\"https:\/\/schema.org\/Answer\">\n<div itemprop=\"text\">\n<p>Puedes cambiar el nombre de la red (SSID) iniciando sesi\u00f3n en el portal de banda ancha de Vodafone, seleccionando Wi-Fi\/WLAN desde el men\u00fa superior, e ingresando el nuevo nombre en el campo SSID Wi-Fi \/ SSID WLAN. Haz clic en &#8216;Aplicar&#8217; para guardar los cambios.<\/p>\n<\/div>\n<\/div>\n<\/div>\n<\/div>\n<div class=\"panel\" itemprop=\"mainEntity\" itemscope=\"\" itemtype=\"https:\/\/schema.org\/Question\">\n<div class=\"toggle-link\">\n<h3 class=\"panel-title\" itemprop=\"name\">\n                \u00bfPueden otros cambiar la configuraci\u00f3n de mi router Vodafone?<\/h3>\n<\/div>\n<div class=\"panel-collapse\">\n<div class=\"panel-body\" itemprop=\"acceptedAnswer\" itemscope=\"\" itemtype=\"https:\/\/schema.org\/Answer\">\n<div itemprop=\"text\">\n<p>Solo las personas que tienen el nombre de usuario y la contrase\u00f1a, y est\u00e1n conectadas a tu red, pueden cambiar la configuraci\u00f3n de tu router. Para evitar el acceso no autorizado, asegura tu Wi-Fi con una contrase\u00f1a fuerte y c\u00e1mbiala regularmente.<\/p>\n<\/div>\n<\/div>\n<\/div>\n<\/div>\n<div class=\"panel\" itemprop=\"mainEntity\" itemscope=\"\" itemtype=\"https:\/\/schema.org\/Question\">\n<div class=\"toggle-link\">\n<h3 class=\"panel-title\" itemprop=\"name\">\n                \u00bfPuedo bloquear ciertos dispositivos para que no accedan a mi Wi-Fi de Vodafone?<\/h3>\n<\/div>\n<div class=\"panel-collapse\">\n<div class=\"panel-body\" itemprop=\"acceptedAnswer\" itemscope=\"\" itemtype=\"https:\/\/schema.org\/Answer\">\n<div itemprop=\"text\">\n<p>S\u00ed, puedes bloquear el acceso a tu Wi-Fi para dispositivos espec\u00edficos dentro de la configuraci\u00f3n del router. Esta funci\u00f3n suele encontrarse en los ajustes de &#8216;Inal\u00e1mbrico&#8217; o &#8216;Seguridad&#8217;.<\/p>\n<\/div>\n<\/div>\n<\/div>\n<\/div>\n<div class=\"panel\" itemprop=\"mainEntity\" itemscope=\"\" itemtype=\"https:\/\/schema.org\/Question\">\n<div class=\"toggle-link\">\n<h3 class=\"panel-title\" itemprop=\"name\">\n                \u00bfPuedo supervisar los dispositivos conectados a mi Wi-Fi de Vodafone?<\/h3>\n<\/div>\n<div class=\"panel-collapse\">\n<div class=\"panel-body\" itemprop=\"acceptedAnswer\" itemscope=\"\" itemtype=\"https:\/\/schema.org\/Answer\">\n<div itemprop=\"text\">\n<p>S\u00ed, normalmente tienes la opci\u00f3n de ver los dispositivos conectados en la configuraci\u00f3n del router. Esto puede ayudarte a identificar dispositivos no autorizados y mantener la seguridad de tu red.<\/p>\n<\/div>\n<\/div>\n<\/div>\n<\/div>\n<div class=\"panel\" itemprop=\"mainEntity\" itemscope=\"\" itemtype=\"https:\/\/schema.org\/Question\">\n<div class=\"toggle-link\">\n<h3 class=\"panel-title\" itemprop=\"name\">\n                \u00bfQu\u00e9 debo hacer si olvido los detalles de inicio de sesi\u00f3n de mi router Vodafone?<\/h3>\n<\/div>\n<div class=\"panel-collapse\">\n<div class=\"panel-body\" itemprop=\"acceptedAnswer\" itemscope=\"\" itemtype=\"https:\/\/schema.org\/Answer\">\n<div itemprop=\"text\">\n<p>Si has olvidado los detalles de inicio de sesi\u00f3n de tu router, puedes restablecer el router a sus valores de f\u00e1brica. Esto restaurar\u00eda el nombre de usuario y la contrase\u00f1a por defecto, que est\u00e1n impresos en el router.<\/p>\n<\/div>\n<\/div>\n<\/div>\n<\/div>\n<div class=\"panel\" itemprop=\"mainEntity\" itemscope=\"\" itemtype=\"https:\/\/schema.org\/Question\">\n<div class=\"toggle-link\">\n<h3 class=\"panel-title\" itemprop=\"name\">\n                \u00bfQu\u00e9 puedo hacer si no puedo iniciar sesi\u00f3n en mi router Vodafone con las credenciales por defecto?<\/h3>\n<\/div>\n<div class=\"panel-collapse\">\n<div class=\"panel-body\" itemprop=\"acceptedAnswer\" itemscope=\"\" itemtype=\"https:\/\/schema.org\/Answer\">\n<div itemprop=\"text\">\n<p>Si las credenciales por defecto no funcionan para tu router Vodafone, probablemente significa que se han cambiado. Necesitar\u00edas restablecer el router a su configuraci\u00f3n de f\u00e1brica para restaurar y usar las credenciales por defecto.<\/p>\n<\/div>\n<\/div>\n<\/div>\n<\/div>\n<\/section>\n<\/article>\n","protected":false},"excerpt":{"rendered":"<p>Desbloquea los Secretos de tu Inicio de Sesi\u00f3n en el Router Vodafone: Gu\u00eda Paso a Paso \u00a1Bienvenidos de nuevo a todos! &#128165; Al igual que te encanta ajustar las configuraciones en tu \u00faltimo juego, \u00bfadivina qu\u00e9? Tu router Vodafone tambi\u00e9n tiene algunas configuraciones con las que puedes jugar. &#127918; Y no estoy hablando de cualquier [&hellip;]<\/p>\n","protected":false},"author":2,"featured_media":15,"parent":0,"menu_order":0,"comment_status":"closed","ping_status":"closed","template":"chromecast.php","meta":{"_stopmodifiedupdate":false,"_modified_date":"","_lmt_disableupdate":"yes","_lmt_disable":""},"yoast_head":"<!-- This site is optimized with the Yoast SEO plugin v20.9 - https:\/\/yoast.com\/wordpress\/plugins\/seo\/ -->\n<title>Iniciar sesi\u00f3n en el Router Vodafone. Actualizado en 2026<\/title>\n<meta name=\"robots\" content=\"index, follow, max-snippet:-1, max-image-preview:large, max-video-preview:-1\" \/>\n<link rel=\"canonical\" href=\"https:\/\/www.ping.fm\/ip\/es\/router-vodafone\/\" \/>\n<meta property=\"og:locale\" content=\"en_US\" \/>\n<meta property=\"og:type\" content=\"article\" \/>\n<meta property=\"og:title\" content=\"Iniciar sesi\u00f3n en el Router Vodafone. Actualizado en 2026\" \/>\n<meta property=\"og:description\" content=\"Desbloquea los Secretos de tu Inicio de Sesi\u00f3n en el Router Vodafone: Gu\u00eda Paso a Paso \u00a1Bienvenidos de nuevo a todos! &#128165; Al igual que te encanta ajustar las configuraciones en tu \u00faltimo juego, \u00bfadivina qu\u00e9? Tu router Vodafone tambi\u00e9n tiene algunas configuraciones con las que puedes jugar. &#127918; Y no estoy hablando de cualquier [&hellip;]\" \/>\n<meta property=\"og:url\" content=\"https:\/\/www.ping.fm\/ip\/es\/router-vodafone\/\" \/>\n<meta property=\"og:site_name\" content=\"IP\" \/>\n<meta property=\"og:image\" content=\"https:\/\/www.ping.fm\/ip\/wp-content\/uploads\/2023\/07\/wifi.jpg\" \/>\n\t<meta property=\"og:image:width\" content=\"1992\" \/>\n\t<meta property=\"og:image:height\" content=\"1852\" \/>\n\t<meta property=\"og:image:type\" content=\"image\/jpeg\" \/>\n<meta name=\"twitter:card\" content=\"summary_large_image\" \/>\n<script type=\"application\/ld+json\" class=\"yoast-schema-graph\">{\"@context\":\"https:\/\/schema.org\",\"@graph\":[{\"@type\":\"WebPage\",\"@id\":\"https:\/\/www.ping.fm\/ip\/es\/router-vodafone\/\",\"url\":\"https:\/\/www.ping.fm\/ip\/es\/router-vodafone\/\",\"name\":\"Iniciar sesi\u00f3n en el Router Vodafone. Actualizado en 2026\",\"isPartOf\":{\"@id\":\"https:\/\/www.ping.fm\/ip\/#website\"},\"datePublished\":\"2023-10-22T10:09:26+00:00\",\"dateModified\":\"2023-10-22T10:09:26+00:00\",\"breadcrumb\":{\"@id\":\"https:\/\/www.ping.fm\/ip\/es\/router-vodafone\/#breadcrumb\"},\"inLanguage\":\"en-US\",\"potentialAction\":[{\"@type\":\"ReadAction\",\"target\":[\"https:\/\/www.ping.fm\/ip\/es\/router-vodafone\/\"]}]},{\"@type\":\"BreadcrumbList\",\"@id\":\"https:\/\/www.ping.fm\/ip\/es\/router-vodafone\/#breadcrumb\",\"itemListElement\":[{\"@type\":\"ListItem\",\"position\":1,\"name\":\"Home\",\"item\":\"https:\/\/www.ping.fm\/ip\/\"},{\"@type\":\"ListItem\",\"position\":2,\"name\":\"Iniciar sesi\u00f3n en el Router Vodafone\"}]},{\"@type\":\"WebSite\",\"@id\":\"https:\/\/www.ping.fm\/ip\/#website\",\"url\":\"https:\/\/www.ping.fm\/ip\/\",\"name\":\"IP\",\"description\":\"\",\"potentialAction\":[{\"@type\":\"SearchAction\",\"target\":{\"@type\":\"EntryPoint\",\"urlTemplate\":\"https:\/\/www.ping.fm\/ip\/?s={search_term_string}\"},\"query-input\":\"required name=search_term_string\"}],\"inLanguage\":\"en-US\"}]}<\/script>\n<!-- \/ Yoast SEO plugin. -->","yoast_head_json":{"title":"Iniciar sesi\u00f3n en el Router Vodafone. Actualizado en 2026","robots":{"index":"index","follow":"follow","max-snippet":"max-snippet:-1","max-image-preview":"max-image-preview:large","max-video-preview":"max-video-preview:-1"},"canonical":"https:\/\/www.ping.fm\/ip\/es\/router-vodafone\/","og_locale":"en_US","og_type":"article","og_title":"Iniciar sesi\u00f3n en el Router Vodafone. Actualizado en 2026","og_description":"Desbloquea los Secretos de tu Inicio de Sesi\u00f3n en el Router Vodafone: Gu\u00eda Paso a Paso \u00a1Bienvenidos de nuevo a todos! &#128165; Al igual que te encanta ajustar las configuraciones en tu \u00faltimo juego, \u00bfadivina qu\u00e9? Tu router Vodafone tambi\u00e9n tiene algunas configuraciones con las que puedes jugar. &#127918; Y no estoy hablando de cualquier [&hellip;]","og_url":"https:\/\/www.ping.fm\/ip\/es\/router-vodafone\/","og_site_name":"IP","og_image":[{"width":1992,"height":1852,"url":"https:\/\/www.ping.fm\/ip\/wp-content\/uploads\/2023\/07\/wifi.jpg","type":"image\/jpeg"}],"twitter_card":"summary_large_image","schema":{"@context":"https:\/\/schema.org","@graph":[{"@type":"WebPage","@id":"https:\/\/www.ping.fm\/ip\/es\/router-vodafone\/","url":"https:\/\/www.ping.fm\/ip\/es\/router-vodafone\/","name":"Iniciar sesi\u00f3n en el Router Vodafone. Actualizado en 2026","isPartOf":{"@id":"https:\/\/www.ping.fm\/ip\/#website"},"datePublished":"2023-10-22T10:09:26+00:00","dateModified":"2023-10-22T10:09:26+00:00","breadcrumb":{"@id":"https:\/\/www.ping.fm\/ip\/es\/router-vodafone\/#breadcrumb"},"inLanguage":"en-US","potentialAction":[{"@type":"ReadAction","target":["https:\/\/www.ping.fm\/ip\/es\/router-vodafone\/"]}]},{"@type":"BreadcrumbList","@id":"https:\/\/www.ping.fm\/ip\/es\/router-vodafone\/#breadcrumb","itemListElement":[{"@type":"ListItem","position":1,"name":"Home","item":"https:\/\/www.ping.fm\/ip\/"},{"@type":"ListItem","position":2,"name":"Iniciar sesi\u00f3n en el Router Vodafone"}]},{"@type":"WebSite","@id":"https:\/\/www.ping.fm\/ip\/#website","url":"https:\/\/www.ping.fm\/ip\/","name":"IP","description":"","potentialAction":[{"@type":"SearchAction","target":{"@type":"EntryPoint","urlTemplate":"https:\/\/www.ping.fm\/ip\/?s={search_term_string}"},"query-input":"required name=search_term_string"}],"inLanguage":"en-US"}]}},"_links":{"self":[{"href":"https:\/\/www.ping.fm\/ip\/wp-json\/wp\/v2\/pages\/830"}],"collection":[{"href":"https:\/\/www.ping.fm\/ip\/wp-json\/wp\/v2\/pages"}],"about":[{"href":"https:\/\/www.ping.fm\/ip\/wp-json\/wp\/v2\/types\/page"}],"author":[{"embeddable":true,"href":"https:\/\/www.ping.fm\/ip\/wp-json\/wp\/v2\/users\/2"}],"replies":[{"embeddable":true,"href":"https:\/\/www.ping.fm\/ip\/wp-json\/wp\/v2\/comments?post=830"}],"version-history":[{"count":1,"href":"https:\/\/www.ping.fm\/ip\/wp-json\/wp\/v2\/pages\/830\/revisions"}],"predecessor-version":[{"id":831,"href":"https:\/\/www.ping.fm\/ip\/wp-json\/wp\/v2\/pages\/830\/revisions\/831"}],"wp:featuredmedia":[{"embeddable":true,"href":"https:\/\/www.ping.fm\/ip\/wp-json\/wp\/v2\/media\/15"}],"wp:attachment":[{"href":"https:\/\/www.ping.fm\/ip\/wp-json\/wp\/v2\/media?parent=830"}],"curies":[{"name":"wp","href":"https:\/\/api.w.org\/{rel}","templated":true}]}}