{"id":806,"date":"2023-10-22T09:43:24","date_gmt":"2023-10-22T09:43:24","guid":{"rendered":"https:\/\/www.ping.fm\/ip\/?page_id=806"},"modified":"2023-10-22T09:43:24","modified_gmt":"2023-10-22T09:43:24","slug":"router-we","status":"publish","type":"page","link":"https:\/\/www.ping.fm\/ip\/es\/router-we\/","title":{"rendered":"Inicio de Sesi\u00f3n del Router WE"},"content":{"rendered":"<article>\n<section>\n<h1>Tutorial de inicio de sesi\u00f3n en el router WE: C\u00f3mo cambiar los ajustes de Wi-Fi y m\u00e1s<\/h1>\n<div class=\"inbrief\">\n<div>\n                                <img src=\"\/ip\/wp-content\/uploads\/generated\/Inicio-de-Sesion-del-Router-WE.jpg\" alt=\"Inicio de Sesi\u00f3n del Router WE\" title=\"Inicio de Sesi\u00f3n del Router WE\" width=\"1280\" height=\"720\"><\/p>\n<p>\u00a1Hola, Beast Gang! &#128526; Aqu\u00ed est\u00e1 tu entrada para tomar el control total de tu experiencia en internet. Hoy, vamos a explicarte c\u00f3mo iniciar sesi\u00f3n en tu <b>router WE<\/b> para ajustar tus configuraciones de Wi-Fi. &#128640; Lo genial de la interfaz web de WE Telecom Egypt es que te proporciona el poder de hacer cambios en tu contrase\u00f1a de Wi-Fi, nombre de red o SSID (Identificador de Conjunto de Servicios), e incluso los ajustes predeterminados del router o m\u00f3dem. &#128161; &#127760; \u00bfListo para mejorar tu experiencia en internet? \u00a1Vamos! &#128516; <a href=\"https:\/\/www.we.com.eg\/en\/home\">\u00a1Empecemos el viaje!<\/a><\/p>\n<\/div>\n<\/div>\n<\/section>\n<section>\n<div>\n<div>1<\/div>\n<h2>ZTE Home Gateway ZXHN H188A<\/h2>\n<\/div>\n<p>\ud83d\udc49 Primero, abre tu navegador favorito y dir\u00edgete a <a href=\"http:\/\/192.168.1.1\">http:\/\/192.168.1.1<\/a>. Usa las credenciales predeterminadas para iniciar sesi\u00f3n. Por lo general, el nombre de usuario y la contrase\u00f1a predeterminados son &#8216;admin&#8217;. <\/p>\n<p>\ud83d\udc49 Simplemente ve a Red Local > WLAN > WLAN B\u00e1sico.<br \/>\ud83d\udc49 A continuaci\u00f3n, activa &#8216;Configuraci\u00f3n WLAN SSID&#8217; y elige SSID1 (2.4GHz) o SSID5 (5GHz) seg\u00fan tu preferencia.\ud83d\udcaa<\/p>\n<p>\ud83d\udc49 Luego, introduce el Nombre de la Red Wi-Fi que desees en el campo &#8216;Nombre SSID&#8217; y tu nueva Contrase\u00f1a Wi-Fi en el campo &#8216;Frase de Paso WPA&#8217;. Despu\u00e9s de todo este foll\u00f3n, no olvides hacer clic en &#8216;Aplicar&#8217;. \ud83c\udf89<\/p>\n<\/section>\n<section>\n<div>\n<div>2<\/div>\n<h2>WE HG630 V2 Home Gateway<\/h2>\n<\/div>\n<p>\ud83d\udc49 Como antes, puedes comenzar tecleando <a href=\"http:\/\/192.168.1.1\">http:\/\/192.168.1.1<\/a> en la barra de direcciones e iniciar sesi\u00f3n.<\/p>\n<p>\ud83d\udc49 Contin\u00faa a Red Dom\u00e9stica > Configuraci\u00f3n WLAN > Cifrado WLAN.<br \/>\ud83d\udc49 Actualiza el Nombre de la Red Wi-Fi en el campo SSID y la Contrase\u00f1a Wi-Fi en el campo de la clave precompartida WPA. Finaliza tu tarea haciendo clic en &#8216;Guardar&#8217;. \ud83e\udd73<\/p>\n<\/section>\n<section>\n<div>\n<div>3<\/div>\n<h2>WE Air 4G (Huawei B315s- 608)<\/h2>\n<\/div>\n<p>\ud83d\udc49 Esta vez, querr\u00e1s introducir <a href=\"http:\/\/192.168.8.1\">http:\/\/192.168.8.1<\/a> en el navegador. Despu\u00e9s de iniciar sesi\u00f3n, ve a Configuraci\u00f3n > WLAN > Configuraci\u00f3n B\u00e1sica WLAN.<br \/>\ud83d\udc49 Cambia el Nombre de la Red Wi-Fi en el campo SSID, la Contrase\u00f1a Wi-Fi en el campo de la clave precompartida WPA, y luego haz clic en &#8216;Aplicar&#8217;. \ud83d\udc4d<\/p>\n<\/section>\n<section>\n<div>\n<div>4<\/div>\n<h2>AC1200 Nokia Wi-Fi Mesh Beacon<\/h2>\n<\/div>\n<p>\ud83d\udc49 Primero, dir\u00edgete a <a href=\"http:\/\/192.168.18.1\">http:\/\/192.168.18.1<\/a>. En la secci\u00f3n de Red selecciona Wireless (2.4GHz) o Wireless (5GHz).<br \/>\ud83d\udc49 Introduce tu Nombre de Red Wi-Fi en el campo Nombre SSID, la Contrase\u00f1a Wi-Fi en el campo Clave WPA, luego haz clic en &#8216;GUARDAR&#8217;. \ud83c\udfc6<\/p>\n<\/section>\n<section>\n<div>\n<div>5<\/div>\n<h2>Huawei DN8245v-56 VDSL<\/h2>\n<\/div>\n<p>\ud83d\udc49 Comienza yendo a <a href=\"http:\/\/192.168.1.1\">http:\/\/192.168.1.1<\/a>. Despu\u00e9s de iniciar sesi\u00f3n, busca la configuraci\u00f3n de Wi-Fi en la P\u00e1gina de Inicio.<br \/>\ud83d\udc49 Actualiza el Nombre de la Red Wi-Fi en el campo Nombre Wi-Fi y la Contrase\u00f1a Wi-Fi en el campo de la Contrase\u00f1a, luego haz clic en &#8216;GUARDAR&#8217;. \ud83c\udf88<\/p>\n<\/section>\n<section>\n<h2>Conclusi\u00f3n: \ud83c\udfc1<\/h2>\n<div class=\"nonp\">\n<p>\u00a1Y as\u00ed es como te acurrucas con tu router, amigos! &#127881; Ya sea un dispositivo ZTE, Huawei o Nokia, estos pasos te permitir\u00e1n manejar tu internet como un profesional total! &#128640;&#128079; Recuerda mantener tus credenciales seguras y cambiarlas regularmente para mantener tu router seguro. \u00a1Disfruta de tu experiencia personalizada en internet, Beast Gang! &#9996;&#65039;&#128153; <a href=\"https:\/\/www.we.com.eg\/en\/home\">\u00a1Mantente conectado!<\/a><\/p>\n<\/div>\n<\/section>\n<section itemscope=\"\" itemtype=\"https:\/\/schema.org\/FAQPage\">\n<div class=\"panel\" itemprop=\"mainEntity\" itemscope=\"\" itemtype=\"https:\/\/schema.org\/Question\">\n<div class=\"toggle-link\">\n<h3 class=\"panel-title\" itemprop=\"name\">\n                \u00bfQu\u00e9 me permite hacer la interfaz de usuario basada en la web de WE?<\/h3>\n<\/div>\n<div class=\"panel-collapse\">\n<div class=\"panel-body\" itemprop=\"acceptedAnswer\" itemscope=\"\" itemtype=\"https:\/\/schema.org\/Answer\">\n<div itemprop=\"text\">\n<p>La interfaz basada en la web de WE te permite modificar diferentes configuraciones en tu router o m\u00f3dem de WE Telecom Egypt. Esto incluye cambiar tu contrase\u00f1a de WiFi, alterar el nombre de la red (SSID) y ajustar las configuraciones predeterminadas para tu router.<\/p>\n<\/div>\n<\/div>\n<\/div>\n<\/div>\n<div class=\"panel\" itemprop=\"mainEntity\" itemscope=\"\" itemtype=\"https:\/\/schema.org\/Question\">\n<div class=\"toggle-link\">\n<h3 class=\"panel-title\" itemprop=\"name\">\n                \u00bfC\u00f3mo puedo encontrar la direcci\u00f3n IP del router predeterminada, el nombre de usuario y la contrase\u00f1a?<\/h3>\n<\/div>\n<div class=\"panel-collapse\">\n<div class=\"panel-body\" itemprop=\"acceptedAnswer\" itemscope=\"\" itemtype=\"https:\/\/schema.org\/Answer\">\n<div itemprop=\"text\">\n<p>Estos detalles se proporcionan normalmente en una etiqueta en la parte posterior de tu router. Si la etiqueta falta o est\u00e1 da\u00f1ada, puede que necesites ponerte en contacto con el fabricante o tu proveedor de servicios.<\/p>\n<\/div>\n<\/div>\n<\/div>\n<\/div>\n<div class=\"panel\" itemprop=\"mainEntity\" itemscope=\"\" itemtype=\"https:\/\/schema.org\/Question\">\n<div class=\"toggle-link\">\n<h3 class=\"panel-title\" itemprop=\"name\">\n                \u00bfQu\u00e9 pasa si recibo un error al abrir la direcci\u00f3n IP?<\/h3>\n<\/div>\n<div class=\"panel-collapse\">\n<div class=\"panel-body\" itemprop=\"acceptedAnswer\" itemscope=\"\" itemtype=\"https:\/\/schema.org\/Answer\">\n<div itemprop=\"text\">\n<p>En caso de que encuentres un error al abrir la direcci\u00f3n IP, puedes continuar haciendo clic en el bot\u00f3n &#8216;ADVANCED&#8217; y seleccionando &#8216;Proceed to 192.168.1.1 (unsafe)&#8217; en Google Chrome, &#8216;Details&#8217; y &#8216;Go on to the webpage (not recommended)&#8217; en Microsoft Edge, y &#8216;Accept the Risk and Continue&#8217; en Mozilla Firefox.<\/p>\n<\/div>\n<\/div>\n<\/div>\n<\/div>\n<div class=\"panel\" itemprop=\"mainEntity\" itemscope=\"\" itemtype=\"https:\/\/schema.org\/Question\">\n<div class=\"toggle-link\">\n<h3 class=\"panel-title\" itemprop=\"name\">\n                \u00bfC\u00f3mo inicio sesi\u00f3n en el router ZTE Home Gateway ZXHN H188A?<\/h3>\n<\/div>\n<div class=\"panel-collapse\">\n<div class=\"panel-body\" itemprop=\"acceptedAnswer\" itemscope=\"\" itemtype=\"https:\/\/schema.org\/Answer\">\n<div itemprop=\"text\">\n<p>En tu navegador, ve a <a href=http:\/\/192.168.1.1>http:\/\/192.168.1.1<\/a>. Introduce el nombre de usuario admin y la contrase\u00f1a. Despu\u00e9s de iniciar sesi\u00f3n, dir\u00edgete a Local Network &gt; WLAN &gt; WLAN Basic. Activa WLAN SSID Configuration y selecciona tu SSID preferido. Introduce tu nombre de red Wi-Fi y contrase\u00f1a, luego haz clic en &#8216;Apply&#8217;.<\/p>\n<\/div>\n<\/div>\n<\/div>\n<\/div>\n<div class=\"panel\" itemprop=\"mainEntity\" itemscope=\"\" itemtype=\"https:\/\/schema.org\/Question\">\n<div class=\"toggle-link\">\n<h3 class=\"panel-title\" itemprop=\"name\">\n                \u00bfCu\u00e1les son los pasos para iniciar sesi\u00f3n en el router WE HG630 V2 Home Gateway?<\/h3>\n<\/div>\n<div class=\"panel-collapse\">\n<div class=\"panel-body\" itemprop=\"acceptedAnswer\" itemscope=\"\" itemtype=\"https:\/\/schema.org\/Answer\">\n<div itemprop=\"text\">\n<p>Abre un navegador e ingresa <a href=http:\/\/192.168.1.1>http:\/\/192.168.1.1<\/a> en la barra de direcciones. Escribe el nombre de usuario &#8216;admin&#8217; y la contrase\u00f1a, y haz clic en &#8216;Iniciar sesi\u00f3n&#8217;. Luego elige Home Network &gt; WLAN Settings &gt; WLAN Encryption. Ingresa tu nombre de red Wi-Fi y contrase\u00f1a, y haz clic en &#8216;Guardar&#8217;.<\/p>\n<\/div>\n<\/div>\n<\/div>\n<\/div>\n<div class=\"panel\" itemprop=\"mainEntity\" itemscope=\"\" itemtype=\"https:\/\/schema.org\/Question\">\n<div class=\"toggle-link\">\n<h3 class=\"panel-title\" itemprop=\"name\">\n                \u00bfC\u00f3mo puedo iniciar sesi\u00f3n en el router WE Air 4G (Huawei B315s- 608)?<\/h3>\n<\/div>\n<div class=\"panel-collapse\">\n<div class=\"panel-body\" itemprop=\"acceptedAnswer\" itemscope=\"\" itemtype=\"https:\/\/schema.org\/Answer\">\n<div itemprop=\"text\">\n<p>Abre cualquier navegador y visita <a href=http:\/\/192.168.8.1>http:\/\/192.168.8.1<\/a>. El nombre de usuario es &#8216;admin&#8217; y la contrase\u00f1a tambi\u00e9n es &#8216;admin&#8217;. Despu\u00e9s de iniciar sesi\u00f3n, ve a Settings &gt; WLAN &gt; WLAN Basic Settings. Ingresa tu nombre de red Wi-Fi y contrase\u00f1a, luego haz clic en &#8216;Apply&#8217;.<\/p>\n<\/div>\n<\/div>\n<\/div>\n<\/div>\n<div class=\"panel\" itemprop=\"mainEntity\" itemscope=\"\" itemtype=\"https:\/\/schema.org\/Question\">\n<div class=\"toggle-link\">\n<h3 class=\"panel-title\" itemprop=\"name\">\n                \u00bfPuedes guiarme sobre c\u00f3mo iniciar sesi\u00f3n en el router AC1200 Nokia Wi-Fi Mesh Beacon?<\/h3>\n<\/div>\n<div class=\"panel-collapse\">\n<div class=\"panel-body\" itemprop=\"acceptedAnswer\" itemscope=\"\" itemtype=\"https:\/\/schema.org\/Answer\">\n<div itemprop=\"text\">\n<p>Puedes iniciar sesi\u00f3n en el router AC1200 Nokia Wi-Fi Mesh Beacon visitando <a href=http:\/\/192.168.18.1>http:\/\/192.168.18.1<\/a> desde tu navegador. El nombre de usuario para este dispositivo es &#8216;admin&#8217;. Despu\u00e9s de iniciar sesi\u00f3n, ve a Network &gt; Wireless (2.4GHz) or Wireless (5GHz). Ingresa tu nombre de red Wi-Fi y contrase\u00f1a, y haz clic en &#8216;Guardar&#8217;.<\/p>\n<\/div>\n<\/div>\n<\/div>\n<\/div>\n<div class=\"panel\" itemprop=\"mainEntity\" itemscope=\"\" itemtype=\"https:\/\/schema.org\/Question\">\n<div class=\"toggle-link\">\n<h3 class=\"panel-title\" itemprop=\"name\">\n                \u00bfC\u00f3mo inicio sesi\u00f3n en el router Huawei DN8245v-56 VDSL?<\/h3>\n<\/div>\n<div class=\"panel-collapse\">\n<div class=\"panel-body\" itemprop=\"acceptedAnswer\" itemscope=\"\" itemtype=\"https:\/\/schema.org\/Answer\">\n<div itemprop=\"text\">\n<p>Abre un navegador web y escribe <a href=http:\/\/192.168.1.1>http:\/\/192.168.1.1<\/a>. Ingresa &#8216;admin&#8217; como el nombre de usuario e introduce la contrase\u00f1a. Una vez que hayas iniciado sesi\u00f3n, haz clic en la configuraci\u00f3n de Wi-Fi en la P\u00e1gina Principal. Inserta tu nombre de red Wi-Fi y contrase\u00f1a en los campos respectivos y haz clic en &#8216;Guardar&#8217;.<\/p>\n<\/div>\n<\/div>\n<\/div>\n<\/div>\n<div class=\"panel\" itemprop=\"mainEntity\" itemscope=\"\" itemtype=\"https:\/\/schema.org\/Question\">\n<div class=\"toggle-link\">\n<h3 class=\"panel-title\" itemprop=\"name\">\n                \u00bfSe puede cambiar el nombre del SSID de mi router WE?<\/h3>\n<\/div>\n<div class=\"panel-collapse\">\n<div class=\"panel-body\" itemprop=\"acceptedAnswer\" itemscope=\"\" itemtype=\"https:\/\/schema.org\/Answer\">\n<div itemprop=\"text\">\n<p>S\u00ed, se puede modificar el nombre del SSID de cualquier router WE a trav\u00e9s de la interfaz de usuario basada en la web.<\/p>\n<\/div>\n<\/div>\n<\/div>\n<\/div>\n<div class=\"panel\" itemprop=\"mainEntity\" itemscope=\"\" itemtype=\"https:\/\/schema.org\/Question\">\n<div class=\"toggle-link\">\n<h3 class=\"panel-title\" itemprop=\"name\">\n                \u00bfC\u00f3mo puedo cambiar mi contrase\u00f1a de WiFi en un router WE?<\/h3>\n<\/div>\n<div class=\"panel-collapse\">\n<div class=\"panel-body\" itemprop=\"acceptedAnswer\" itemscope=\"\" itemtype=\"https:\/\/schema.org\/Answer\">\n<div itemprop=\"text\">\n<p>Puedes cambiar f\u00e1cilmente tu contrase\u00f1a de WiFi en cualquier router WE yendo a la interfaz de usuario basada en la web del router y accediendo al men\u00fa de configuraci\u00f3n de WLAN apropiado tal como se describe en los pasos anteriores.<\/p>\n<\/div>\n<\/div>\n<\/div>\n<\/div>\n<div class=\"panel\" itemprop=\"mainEntity\" itemscope=\"\" itemtype=\"https:\/\/schema.org\/Question\">\n<div class=\"toggle-link\">\n<h3 class=\"panel-title\" itemprop=\"name\">\n                \u00bfC\u00f3mo puedo mejorar la seguridad de mi router WE?<\/h3>\n<\/div>\n<div class=\"panel-collapse\">\n<div class=\"panel-body\" itemprop=\"acceptedAnswer\" itemscope=\"\" itemtype=\"https:\/\/schema.org\/Answer\">\n<div itemprop=\"text\">\n<p>Existen varias formas de mejorar la seguridad en tu router WE. Esto incluye cambiar regularmente tu contrase\u00f1a de WiFi, actualizar tu firmware, habilitar la seguridad WPA2\/3, deshabilitar la administraci\u00f3n remota y activar una configuraci\u00f3n de firewall segura.<\/p>\n<\/div>\n<\/div>\n<\/div>\n<\/div>\n<div class=\"panel\" itemprop=\"mainEntity\" itemscope=\"\" itemtype=\"https:\/\/schema.org\/Question\">\n<div class=\"toggle-link\">\n<h3 class=\"panel-title\" itemprop=\"name\">\n                \u00bfEs necesario cambiar el SSID de la red?<\/h3>\n<\/div>\n<div class=\"panel-collapse\">\n<div class=\"panel-body\" itemprop=\"acceptedAnswer\" itemscope=\"\" itemtype=\"https:\/\/schema.org\/Answer\">\n<div itemprop=\"text\">\n<p>Aunque no es una necesidad, cambiar tu SSID de red puede ayudar a diferenciar tu red de otras cercanas. Esto puede mejorar la seguridad y simplificar las conexiones de dispositivos.<\/p>\n<\/div>\n<\/div>\n<\/div>\n<\/div>\n<div class=\"panel\" itemprop=\"mainEntity\" itemscope=\"\" itemtype=\"https:\/\/schema.org\/Question\">\n<div class=\"toggle-link\">\n<h3 class=\"panel-title\" itemprop=\"name\">\n                \u00bfPor qu\u00e9 deber\u00eda cambiar regularmente la contrase\u00f1a de WiFi de mi router WE?<\/h3>\n<\/div>\n<div class=\"panel-collapse\">\n<div class=\"panel-body\" itemprop=\"acceptedAnswer\" itemscope=\"\" itemtype=\"https:\/\/schema.org\/Answer\">\n<div itemprop=\"text\">\n<p>Cambiar regularmente tu contrase\u00f1a de WiFi puede mejorar significativamente la seguridad de tu red al prevenir el acceso no autorizado.<\/p>\n<\/div>\n<\/div>\n<\/div>\n<\/div>\n<div class=\"panel\" itemprop=\"mainEntity\" itemscope=\"\" itemtype=\"https:\/\/schema.org\/Question\">\n<div class=\"toggle-link\">\n<h3 class=\"panel-title\" itemprop=\"name\">\n                \u00bfQu\u00e9 debo hacer si olvido los detalles de inicio de sesi\u00f3n de mi router WE?<\/h3>\n<\/div>\n<div class=\"panel-collapse\">\n<div class=\"panel-body\" itemprop=\"acceptedAnswer\" itemscope=\"\" itemtype=\"https:\/\/schema.org\/Answer\">\n<div itemprop=\"text\">\n<p>Si has olvidado tus detalles de inicio de sesi\u00f3n, necesitar\u00e1s restablecer tu router a sus configuraciones predeterminadas de f\u00e1brica. Se aplicar\u00e1n las credenciales de inicio de sesi\u00f3n por defecto, que suelen estar impresas en la etiqueta del router.<\/p>\n<\/div>\n<\/div>\n<\/div>\n<\/div>\n<div class=\"panel\" itemprop=\"mainEntity\" itemscope=\"\" itemtype=\"https:\/\/schema.org\/Question\">\n<div class=\"toggle-link\">\n<h3 class=\"panel-title\" itemprop=\"name\">\n                \u00bfPor qu\u00e9 no puedo acceder a la interfaz web de mi router WE?<\/h3>\n<\/div>\n<div class=\"panel-collapse\">\n<div class=\"panel-body\" itemprop=\"acceptedAnswer\" itemscope=\"\" itemtype=\"https:\/\/schema.org\/Answer\">\n<div itemprop=\"text\">\n<p>Si no puedes acceder a la interfaz web de tu router WE, podr\u00eda deberse a una serie de razones, como una direcci\u00f3n IP incorrecta, datos de inicio de sesi\u00f3n incorrectos o problemas de conectividad a la red. Comprueba estos detalles y vuelve a intentar iniciar sesi\u00f3n. Si los problemas persisten, considera realizar un restablecimiento de f\u00e1brica o ponte en contacto con tu proveedor de servicios para obtener asistencia.<\/p>\n<\/div>\n<\/div>\n<\/div>\n<\/div>\n<div class=\"panel\" itemprop=\"mainEntity\" itemscope=\"\" itemtype=\"https:\/\/schema.org\/Question\">\n<div class=\"toggle-link\">\n<h3 class=\"panel-title\" itemprop=\"name\">\n                \u00bfPuedo bloquear dispositivos espec\u00edficos de mi router WE?<\/h3>\n<\/div>\n<div class=\"panel-collapse\">\n<div class=\"panel-body\" itemprop=\"acceptedAnswer\" itemscope=\"\" itemtype=\"https:\/\/schema.org\/Answer\">\n<div itemprop=\"text\">\n<p>S\u00ed, puedes bloquear dispositivos espec\u00edficos accediendo a la interfaz web de tu router y navegando hasta las configuraciones de bloqueo o filtro correspondientes.<\/p>\n<\/div>\n<\/div>\n<\/div>\n<\/div>\n<div class=\"panel\" itemprop=\"mainEntity\" itemscope=\"\" itemtype=\"https:\/\/schema.org\/Question\">\n<div class=\"toggle-link\">\n<h3 class=\"panel-title\" itemprop=\"name\">\n                \u00bfEs posible limitar el uso del internet a trav\u00e9s de un router WE?<\/h3>\n<\/div>\n<div class=\"panel-collapse\">\n<div class=\"panel-body\" itemprop=\"acceptedAnswer\" itemscope=\"\" itemtype=\"https:\/\/schema.org\/Answer\">\n<div itemprop=\"text\">\n<p>S\u00ed, la mayor\u00eda de los routers WE cuentan con una funci\u00f3n que te permite limitar el uso del internet para dispositivos espec\u00edficos. Esto se puede hacer a trav\u00e9s de la interfaz web del router.<\/p>\n<\/div>\n<\/div>\n<\/div>\n<\/div>\n<div class=\"panel\" itemprop=\"mainEntity\" itemscope=\"\" itemtype=\"https:\/\/schema.org\/Question\">\n<div class=\"toggle-link\">\n<h3 class=\"panel-title\" itemprop=\"name\">\n                \u00bfPor qu\u00e9 es lenta la velocidad de mi router WE?<\/h3>\n<\/div>\n<div class=\"panel-collapse\">\n<div class=\"panel-body\" itemprop=\"acceptedAnswer\" itemscope=\"\" itemtype=\"https:\/\/schema.org\/Answer\">\n<div itemprop=\"text\">\n<p>La baja velocidad en tu router WE puede deberse a una variedad de razones, como la congesti\u00f3n de la red, la baja intensidad de la se\u00f1al, el firmware desactualizado o un dispositivo defectuoso. Podr\u00edas intentar cambiar tu canal, actualizar tu firmware o realizar un restablecimiento de f\u00e1brica.<\/p>\n<\/div>\n<\/div>\n<\/div>\n<\/div>\n<div class=\"panel\" itemprop=\"mainEntity\" itemscope=\"\" itemtype=\"https:\/\/schema.org\/Question\">\n<div class=\"toggle-link\">\n<h3 class=\"panel-title\" itemprop=\"name\">\n                \u00bfQu\u00e9 debo hacer para actualizar el firmware de mi router WE?<\/h3>\n<\/div>\n<div class=\"panel-collapse\">\n<div class=\"panel-body\" itemprop=\"acceptedAnswer\" itemscope=\"\" itemtype=\"https:\/\/schema.org\/Answer\">\n<div itemprop=\"text\">\n<p>Puedes actualizar el firmware de tu router visitando la interfaz web de tu router, navegando a la secci\u00f3n de actualizaci\u00f3n de firmware y siguiendo las instrucciones proporcionadas. Aseg\u00farate de respaldar tus configuraciones antes de realizar una actualizaci\u00f3n.<\/p>\n<\/div>\n<\/div>\n<\/div>\n<\/div>\n<div class=\"panel\" itemprop=\"mainEntity\" itemscope=\"\" itemtype=\"https:\/\/schema.org\/Question\">\n<div class=\"toggle-link\">\n<h3 class=\"panel-title\" itemprop=\"name\">\n                \u00bfC\u00f3mo hago un reset de f\u00e1brica en mi router WE?<\/h3>\n<\/div>\n<div class=\"panel-collapse\">\n<div class=\"panel-body\" itemprop=\"acceptedAnswer\" itemscope=\"\" itemtype=\"https:\/\/schema.org\/Answer\">\n<div itemprop=\"text\">\n<p>La mayor\u00eda de los routers WE tienen un bot\u00f3n de reset f\u00edsico. Para realizar un reset, presiona y mant\u00e9n este bot\u00f3n durante aproximadamente 10 segundos hasta que las luces del router parpadeen. El router se reiniciar\u00e1 con las configuraciones predeterminadas de f\u00e1brica. Ten en cuenta que esto borrar\u00e1 tus configuraciones actuales.<\/p>\n<\/div>\n<\/div>\n<\/div>\n<\/div>\n<\/section>\n<\/article>\n","protected":false},"excerpt":{"rendered":"<p>Tutorial de inicio de sesi\u00f3n en el router WE: C\u00f3mo cambiar los ajustes de Wi-Fi y m\u00e1s \u00a1Hola, Beast Gang! &#128526; Aqu\u00ed est\u00e1 tu entrada para tomar el control total de tu experiencia en internet. Hoy, vamos a explicarte c\u00f3mo iniciar sesi\u00f3n en tu router WE para ajustar tus configuraciones de Wi-Fi. &#128640; Lo genial [&hellip;]<\/p>\n","protected":false},"author":2,"featured_media":15,"parent":0,"menu_order":0,"comment_status":"closed","ping_status":"closed","template":"chromecast.php","meta":{"_stopmodifiedupdate":false,"_modified_date":"","_lmt_disableupdate":"yes","_lmt_disable":""},"yoast_head":"<!-- This site is optimized with the Yoast SEO plugin v20.9 - https:\/\/yoast.com\/wordpress\/plugins\/seo\/ -->\n<title>Inicio de Sesi\u00f3n del Router WE. Actualizado en 2026<\/title>\n<meta name=\"robots\" content=\"index, follow, max-snippet:-1, max-image-preview:large, max-video-preview:-1\" \/>\n<link rel=\"canonical\" href=\"https:\/\/www.ping.fm\/ip\/es\/router-we\/\" \/>\n<meta property=\"og:locale\" content=\"en_US\" \/>\n<meta property=\"og:type\" content=\"article\" \/>\n<meta property=\"og:title\" content=\"Inicio de Sesi\u00f3n del Router WE. Actualizado en 2026\" \/>\n<meta property=\"og:description\" content=\"Tutorial de inicio de sesi\u00f3n en el router WE: C\u00f3mo cambiar los ajustes de Wi-Fi y m\u00e1s \u00a1Hola, Beast Gang! &#128526; Aqu\u00ed est\u00e1 tu entrada para tomar el control total de tu experiencia en internet. Hoy, vamos a explicarte c\u00f3mo iniciar sesi\u00f3n en tu router WE para ajustar tus configuraciones de Wi-Fi. &#128640; Lo genial [&hellip;]\" \/>\n<meta property=\"og:url\" content=\"https:\/\/www.ping.fm\/ip\/es\/router-we\/\" \/>\n<meta property=\"og:site_name\" content=\"IP\" \/>\n<meta property=\"og:image\" content=\"https:\/\/www.ping.fm\/ip\/wp-content\/uploads\/2023\/07\/wifi.jpg\" \/>\n\t<meta property=\"og:image:width\" content=\"1992\" \/>\n\t<meta property=\"og:image:height\" content=\"1852\" \/>\n\t<meta property=\"og:image:type\" content=\"image\/jpeg\" \/>\n<meta name=\"twitter:card\" content=\"summary_large_image\" \/>\n<script type=\"application\/ld+json\" class=\"yoast-schema-graph\">{\"@context\":\"https:\/\/schema.org\",\"@graph\":[{\"@type\":\"WebPage\",\"@id\":\"https:\/\/www.ping.fm\/ip\/es\/router-we\/\",\"url\":\"https:\/\/www.ping.fm\/ip\/es\/router-we\/\",\"name\":\"Inicio de Sesi\u00f3n del Router WE. Actualizado en 2026\",\"isPartOf\":{\"@id\":\"https:\/\/www.ping.fm\/ip\/#website\"},\"datePublished\":\"2023-10-22T09:43:24+00:00\",\"dateModified\":\"2023-10-22T09:43:24+00:00\",\"breadcrumb\":{\"@id\":\"https:\/\/www.ping.fm\/ip\/es\/router-we\/#breadcrumb\"},\"inLanguage\":\"en-US\",\"potentialAction\":[{\"@type\":\"ReadAction\",\"target\":[\"https:\/\/www.ping.fm\/ip\/es\/router-we\/\"]}]},{\"@type\":\"BreadcrumbList\",\"@id\":\"https:\/\/www.ping.fm\/ip\/es\/router-we\/#breadcrumb\",\"itemListElement\":[{\"@type\":\"ListItem\",\"position\":1,\"name\":\"Home\",\"item\":\"https:\/\/www.ping.fm\/ip\/\"},{\"@type\":\"ListItem\",\"position\":2,\"name\":\"Inicio de Sesi\u00f3n del Router WE\"}]},{\"@type\":\"WebSite\",\"@id\":\"https:\/\/www.ping.fm\/ip\/#website\",\"url\":\"https:\/\/www.ping.fm\/ip\/\",\"name\":\"IP\",\"description\":\"\",\"potentialAction\":[{\"@type\":\"SearchAction\",\"target\":{\"@type\":\"EntryPoint\",\"urlTemplate\":\"https:\/\/www.ping.fm\/ip\/?s={search_term_string}\"},\"query-input\":\"required name=search_term_string\"}],\"inLanguage\":\"en-US\"}]}<\/script>\n<!-- \/ Yoast SEO plugin. -->","yoast_head_json":{"title":"Inicio de Sesi\u00f3n del Router WE. Actualizado en 2026","robots":{"index":"index","follow":"follow","max-snippet":"max-snippet:-1","max-image-preview":"max-image-preview:large","max-video-preview":"max-video-preview:-1"},"canonical":"https:\/\/www.ping.fm\/ip\/es\/router-we\/","og_locale":"en_US","og_type":"article","og_title":"Inicio de Sesi\u00f3n del Router WE. Actualizado en 2026","og_description":"Tutorial de inicio de sesi\u00f3n en el router WE: C\u00f3mo cambiar los ajustes de Wi-Fi y m\u00e1s \u00a1Hola, Beast Gang! &#128526; Aqu\u00ed est\u00e1 tu entrada para tomar el control total de tu experiencia en internet. Hoy, vamos a explicarte c\u00f3mo iniciar sesi\u00f3n en tu router WE para ajustar tus configuraciones de Wi-Fi. &#128640; Lo genial [&hellip;]","og_url":"https:\/\/www.ping.fm\/ip\/es\/router-we\/","og_site_name":"IP","og_image":[{"width":1992,"height":1852,"url":"https:\/\/www.ping.fm\/ip\/wp-content\/uploads\/2023\/07\/wifi.jpg","type":"image\/jpeg"}],"twitter_card":"summary_large_image","schema":{"@context":"https:\/\/schema.org","@graph":[{"@type":"WebPage","@id":"https:\/\/www.ping.fm\/ip\/es\/router-we\/","url":"https:\/\/www.ping.fm\/ip\/es\/router-we\/","name":"Inicio de Sesi\u00f3n del Router WE. Actualizado en 2026","isPartOf":{"@id":"https:\/\/www.ping.fm\/ip\/#website"},"datePublished":"2023-10-22T09:43:24+00:00","dateModified":"2023-10-22T09:43:24+00:00","breadcrumb":{"@id":"https:\/\/www.ping.fm\/ip\/es\/router-we\/#breadcrumb"},"inLanguage":"en-US","potentialAction":[{"@type":"ReadAction","target":["https:\/\/www.ping.fm\/ip\/es\/router-we\/"]}]},{"@type":"BreadcrumbList","@id":"https:\/\/www.ping.fm\/ip\/es\/router-we\/#breadcrumb","itemListElement":[{"@type":"ListItem","position":1,"name":"Home","item":"https:\/\/www.ping.fm\/ip\/"},{"@type":"ListItem","position":2,"name":"Inicio de Sesi\u00f3n del Router WE"}]},{"@type":"WebSite","@id":"https:\/\/www.ping.fm\/ip\/#website","url":"https:\/\/www.ping.fm\/ip\/","name":"IP","description":"","potentialAction":[{"@type":"SearchAction","target":{"@type":"EntryPoint","urlTemplate":"https:\/\/www.ping.fm\/ip\/?s={search_term_string}"},"query-input":"required name=search_term_string"}],"inLanguage":"en-US"}]}},"_links":{"self":[{"href":"https:\/\/www.ping.fm\/ip\/wp-json\/wp\/v2\/pages\/806"}],"collection":[{"href":"https:\/\/www.ping.fm\/ip\/wp-json\/wp\/v2\/pages"}],"about":[{"href":"https:\/\/www.ping.fm\/ip\/wp-json\/wp\/v2\/types\/page"}],"author":[{"embeddable":true,"href":"https:\/\/www.ping.fm\/ip\/wp-json\/wp\/v2\/users\/2"}],"replies":[{"embeddable":true,"href":"https:\/\/www.ping.fm\/ip\/wp-json\/wp\/v2\/comments?post=806"}],"version-history":[{"count":1,"href":"https:\/\/www.ping.fm\/ip\/wp-json\/wp\/v2\/pages\/806\/revisions"}],"predecessor-version":[{"id":807,"href":"https:\/\/www.ping.fm\/ip\/wp-json\/wp\/v2\/pages\/806\/revisions\/807"}],"wp:featuredmedia":[{"embeddable":true,"href":"https:\/\/www.ping.fm\/ip\/wp-json\/wp\/v2\/media\/15"}],"wp:attachment":[{"href":"https:\/\/www.ping.fm\/ip\/wp-json\/wp\/v2\/media?parent=806"}],"curies":[{"name":"wp","href":"https:\/\/api.w.org\/{rel}","templated":true}]}}