{"id":790,"date":"2023-10-22T09:29:07","date_gmt":"2023-10-22T09:29:07","guid":{"rendered":"https:\/\/www.ping.fm\/ip\/?page_id=790"},"modified":"2023-10-22T09:29:07","modified_gmt":"2023-10-22T09:29:07","slug":"repetidor-pix-link","status":"publish","type":"page","link":"https:\/\/www.ping.fm\/ip\/es\/repetidor-pix-link\/","title":{"rendered":"Inicio de sesi\u00f3n del repetidor PIX-LINK"},"content":{"rendered":"<article>\n<section>\n<h1>Rompe el C\u00f3digo para el login del repetidor PIX-LINK Gu\u00eda Oficial &#128640;<\/h1>\n<div class=\"inbrief\">\n<div>\n                                <img src=\"\/ip\/wp-content\/uploads\/generated\/Inicio-de-sesion-del-repetidor-PIX-LINK.jpg\" alt=\"Inicio de sesi\u00f3n del repetidor PIX-LINK\" title=\"Inicio de sesi\u00f3n del repetidor PIX-LINK\" width=\"1280\" height=\"720\"><\/p>\n<p>\u00bfAcabas de conseguir un flamante Router MiNi PIX-LINK? &#127881; \u00a1Felicidades! &#128588; \u00a1Est\u00e1s un paso m\u00e1s cerca de desatar un nuevo nivel de experiencia WiFi! Pero, \u00a1espera! No te lances a la acci\u00f3n todav\u00eda. Tenemos algunos temas importantes de los que hablar. Probablemente hayas o\u00eddo hablar o ya hayas estado en la interfaz web de PIX-LINK. \u00a1Est\u00e1 all\u00ed por una raz\u00f3n, amigo! &#128526; En esta interfaz, puedes cambiar tu contrase\u00f1a de WiFi, modificar tu nombre de red (SSID) y jugar con la configuraci\u00f3n por defecto. Pero para hacer todo eso, necesitas iniciar sesi\u00f3n en el repetidor PIX-LINK. \u00a1Aqu\u00ed, amigos m\u00edos, es donde comienza la magia! &#128171; As\u00ed que, agarra una bolsa de palomitas y ag\u00e1rrese, porque las cosas est\u00e1n a punto de ponerse emocionantes! &#128517; \u00a1El proceso es simple y fluido, y te guiaremos en cada paso! &#10084;&#65039;&#8205;&#128293;<\/p>\n<\/div>\n<\/div>\n<\/section>\n<section>\n<div>\n<div>1<\/div>\n<h2>Entrar al Repetidor PIX-LINK \ud83d\udee0\ufe0f<\/h2>\n<\/div>\n<p>Para iniciar tu viaje en el mundo de las posibilidades ilimitadas con tu Router MiNi PIX-LINK, con\u00e9ctate a trav\u00e9s de un cable Ethernet o de forma inal\u00e1mbrica. Ver\u00e1s la red del router, que puede denominarse &#8216;wireless-AC&#8217; o &#8216;wireless N(2.4G)&#8217;. Despierta una navegador e introduce myrepeater.net o <a href='http:\/\/192.168.1.254'>192.168.1.254<\/a> en la barra de direcci\u00f3n. Aparecer\u00e1 una ventanita de inicio de sesi\u00f3n. Elige el idioma y escribe &#8216;admin&#8217; como contrase\u00f1a (s\u00ed, es as\u00ed de simple) y pulsa el bot\u00f3n de enviar. Y voil\u00e0, est\u00e1s en el panel de administraci\u00f3n de PIX-LINK. Si\u00e9ntete libre de elegir un idioma de tu elecci\u00f3n en el men\u00fa desplegable. El predeterminado es ingl\u00e9s, pero oye, tu WiFi, tus reglas, \u00bfverdad? \ud83d\ude0e<\/p>\n<\/section>\n<section>\n<div>\n<div>2<\/div>\n<h2>Da Forma a tu PIX-LINK como un Repetidor Inal\u00e1mbrico! \ud83d\ude32<\/h2>\n<\/div>\n<p>Aqu\u00ed hay un secreto; tu Router MiNi PIX-LINK no es simplemente un router com\u00fan. Es tu nuevo mejor amigo con CUATRO MODOS: Modo Puerta de Enlace, Modo AP Inal\u00e1mbrico, Modo Repetidor Inal\u00e1mbrico y Modo WISP. En este paso, nos adentramos en el &#8216;Modo Repetidor Inal\u00e1mbrico&#8217;. \u00bfQu\u00e9 tal si amplificamos tu rango de WiFi? Emocionante, \u00bfno? \ud83d\ude01 Primero, inicia sesi\u00f3n en tu panel de administraci\u00f3n de PIX-LINK (eres un profesional para ahora, \u00bfno es as\u00ed?!). Haz clic en el tan tentador \ud83d\udd2e bot\u00f3n Wizard y selecciona &#8216;Modo Repetidor Inal\u00e1mbrico&#8217; en la categor\u00eda Modo de Operaci\u00f3n. Haz clic en Siguiente para continuar. Comenzar\u00e1 a buscar redes inal\u00e1mbricas alrededor y te las presentar\u00e1. Elige la que deseas potenciar e introduce un nuevo SSID del Extensor. Tambi\u00e9n necesitar\u00e1s introducir la clave de WiFi de tu red actual en el campo Clave de Seguridad. Termina haciendo clic en &#8216;Aplicar&#8217; para guardar la configuraci\u00f3n introducida. Tu router realizar\u00e1 un r\u00e1pido reinicio y luego podr\u00e1s unirte a tu nueva red WiFi con la misma contrase\u00f1a que tu red original. \u00a1F\u00e1cil y sencillo! \ud83c\udf4b<\/p>\n<\/section>\n<section>\n<h2>Conclusi\u00f3n: \ud83c\udfc1<\/h2>\n<div class=\"nonp\">\n<p>\u00a1Ah\u00ed lo tienes! \u00a1Has conquistado el login del repetidor PIX-LINK y ahora eres un maestro de su configuraci\u00f3n! Has amplificado tu red WiFi y ahora tienes el rango para navegar desde tu propio patio trasero o incluso desde la casa del \u00e1rbol que tus amigos construyeron el verano pasado. &#128513; Ya sea que est\u00e9s transmitiendo tu lista de reproducci\u00f3n favorita o intentando un marat\u00f3n de juego toda la noche, \u00a1el Router MiNi PIX-LINK te cubre! &#128170; As\u00ed que, si\u00e9ntate, rel\u00e1jate y disfruta del viaje con el Router MiNi PIX-LINK a tu lado. &#128524;<\/p>\n<\/div>\n<\/section>\n<section itemscope=\"\" itemtype=\"https:\/\/schema.org\/FAQPage\">\n<div class=\"panel\" itemprop=\"mainEntity\" itemscope=\"\" itemtype=\"https:\/\/schema.org\/Question\">\n<div class=\"toggle-link\">\n<h3 class=\"panel-title\" itemprop=\"name\">\n                \u00bfCu\u00e1l es el procedimiento para iniciar sesi\u00f3n en el repetidor PIX-LINK?<\/h3>\n<\/div>\n<div class=\"panel-collapse\">\n<div class=\"panel-body\" itemprop=\"acceptedAnswer\" itemscope=\"\" itemtype=\"https:\/\/schema.org\/Answer\">\n<div itemprop=\"text\">\n<p>Para iniciar sesi\u00f3n en el repetidor PIX-LINK, primero conecta tu dispositivo al enrutador PIX-LINK MiNi a trav\u00e9s de una conexi\u00f3n Ethernet por cable o de forma inal\u00e1mbrica. Una vez conectado, abre cualquier navegador web e ingresa <a href=http:\/\/myrepeater.net>myrepeater.net<\/a> o <a href=http:\/\/192.168.1.254>192.168.1.254<\/a> en la barra de direcciones del navegador. Esto abrir\u00e1 la pantalla de inicio de sesi\u00f3n donde tendr\u00e1s que seleccionar el idioma de la interfaz e ingresar admin en el campo Contrase\u00f1a antes de hacer clic en &#8216;Enviar&#8217; para acceder al panel de administraci\u00f3n de PIX-LINK.<\/p>\n<\/div>\n<\/div>\n<\/div>\n<\/div>\n<div class=\"panel\" itemprop=\"mainEntity\" itemscope=\"\" itemtype=\"https:\/\/schema.org\/Question\">\n<div class=\"toggle-link\">\n<h3 class=\"panel-title\" itemprop=\"name\">\n                \u00bfEs posible seleccionar el idioma preferido al iniciar sesi\u00f3n en el repetidor PIX-LINK?<\/h3>\n<\/div>\n<div class=\"panel-collapse\">\n<div class=\"panel-body\" itemprop=\"acceptedAnswer\" itemscope=\"\" itemtype=\"https:\/\/schema.org\/Answer\">\n<div itemprop=\"text\">\n<p>S\u00ed, puedes seleccionar cualquier idioma preferido de la lista desplegable proporcionada en la pantalla de inicio de sesi\u00f3n del repetidor PIX-LINK. El idioma establecido por defecto es el ingl\u00e9s.<\/p>\n<\/div>\n<\/div>\n<\/div>\n<\/div>\n<div class=\"panel\" itemprop=\"mainEntity\" itemscope=\"\" itemtype=\"https:\/\/schema.org\/Question\">\n<div class=\"toggle-link\">\n<h3 class=\"panel-title\" itemprop=\"name\">\n                \u00bfC\u00f3mo puedo configurar el repetidor PIX-LINK en el modo de repetidor inal\u00e1mbrico?<\/h3>\n<\/div>\n<div class=\"panel-collapse\">\n<div class=\"panel-body\" itemprop=\"acceptedAnswer\" itemscope=\"\" itemtype=\"https:\/\/schema.org\/Answer\">\n<div itemprop=\"text\">\n<p>Para configurar tu repetidor PIX-LINK en el modo de repetidor inal\u00e1mbrico, primero inicia sesi\u00f3n en el panel de administraci\u00f3n de PIX-LINK y luego haz clic en el bot\u00f3n &#8216;Wizard&#8217;. A continuaci\u00f3n, elige &#8216;Wireless Repeater Mode&#8217; bajo &#8216;Operation Mode&#8217; y haz clic en &#8216;Siguiente&#8217;. El dispositivo comenzar\u00e1 a buscar redes inal\u00e1mbricas cercanas. Selecciona la red WiFi a la que deseas ampliar el alcance e ingresa el Extender SSID deseado en el campo SSID. La clave de seguridad de tu red existente va en el campo Security Key. Haz clic en &#8216;Aplicar&#8217; para guardar la configuraci\u00f3n. El enrutador se reiniciar\u00e1 y luego podr\u00e1s conectarte a la nueva red WiFi usando la contrase\u00f1a de tu red original.<\/p>\n<\/div>\n<\/div>\n<\/div>\n<\/div>\n<div class=\"panel\" itemprop=\"mainEntity\" itemscope=\"\" itemtype=\"https:\/\/schema.org\/Question\">\n<div class=\"toggle-link\">\n<h3 class=\"panel-title\" itemprop=\"name\">\n                \u00bfQu\u00e9 otros modos ofrece el enrutador PIX-LINK MiNi?<\/h3>\n<\/div>\n<div class=\"panel-collapse\">\n<div class=\"panel-body\" itemprop=\"acceptedAnswer\" itemscope=\"\" itemtype=\"https:\/\/schema.org\/Answer\">\n<div itemprop=\"text\">\n<p>El enrutador PIX-LINK MiNi ofrece cuatro modos diferentes: Modo Gateway, Modo de Punto de Acceso Inal\u00e1mbrico (Wireless AP), Modo de Repetidor Inal\u00e1mbrico y Modo WISP (Proveedor de Servicio de Internet Inal\u00e1mbrico).<\/p>\n<\/div>\n<\/div>\n<\/div>\n<\/div>\n<div class=\"panel\" itemprop=\"mainEntity\" itemscope=\"\" itemtype=\"https:\/\/schema.org\/Question\">\n<div class=\"toggle-link\">\n<h3 class=\"panel-title\" itemprop=\"name\">\n                \u00bfQu\u00e9 se puede hacer a trav\u00e9s de la interfaz web de PIX-LINK?<\/h3>\n<\/div>\n<div class=\"panel-collapse\">\n<div class=\"panel-body\" itemprop=\"acceptedAnswer\" itemscope=\"\" itemtype=\"https:\/\/schema.org\/Answer\">\n<div itemprop=\"text\">\n<p>La interfaz web de PIX-LINK permite a los usuarios modificar configuraciones como el nombre de la red (SSID), la contrase\u00f1a de WiFi y las configuraciones predeterminadas de su dispositivo.<\/p>\n<\/div>\n<\/div>\n<\/div>\n<\/div>\n<div class=\"panel\" itemprop=\"mainEntity\" itemscope=\"\" itemtype=\"https:\/\/schema.org\/Question\">\n<div class=\"toggle-link\">\n<h3 class=\"panel-title\" itemprop=\"name\">\n                \u00bfCu\u00e1l es la contrase\u00f1a predeterminada para el inicio de sesi\u00f3n del repetidor PIX-LINK?<\/h3>\n<\/div>\n<div class=\"panel-collapse\">\n<div class=\"panel-body\" itemprop=\"acceptedAnswer\" itemscope=\"\" itemtype=\"https:\/\/schema.org\/Answer\">\n<div itemprop=\"text\">\n<p>La contrase\u00f1a predeterminada para el inicio de sesi\u00f3n del repetidor PIX-LINK es &#8216;admin&#8217;.<\/p>\n<\/div>\n<\/div>\n<\/div>\n<\/div>\n<div class=\"panel\" itemprop=\"mainEntity\" itemscope=\"\" itemtype=\"https:\/\/schema.org\/Question\">\n<div class=\"toggle-link\">\n<h3 class=\"panel-title\" itemprop=\"name\">\n                \u00bfSe necesita un navegador espec\u00edfico para el inicio de sesi\u00f3n del repetidor PIX-LINK?<\/h3>\n<\/div>\n<div class=\"panel-collapse\">\n<div class=\"panel-body\" itemprop=\"acceptedAnswer\" itemscope=\"\" itemtype=\"https:\/\/schema.org\/Answer\">\n<div itemprop=\"text\">\n<p>No, no se necesita un navegador espec\u00edfico para iniciar sesi\u00f3n en el repetidor PIX-LINK. Puedes utilizar cualquier navegador web de tu elecci\u00f3n.<\/p>\n<\/div>\n<\/div>\n<\/div>\n<\/div>\n<div class=\"panel\" itemprop=\"mainEntity\" itemscope=\"\" itemtype=\"https:\/\/schema.org\/Question\">\n<div class=\"toggle-link\">\n<h3 class=\"panel-title\" itemprop=\"name\">\n                \u00bfCu\u00e1l es la funci\u00f3n del bot\u00f3n &#8216;Wizard&#8217; en el panel de administraci\u00f3n de PIX-LINK?<\/h3>\n<\/div>\n<div class=\"panel-collapse\">\n<div class=\"panel-body\" itemprop=\"acceptedAnswer\" itemscope=\"\" itemtype=\"https:\/\/schema.org\/Answer\">\n<div itemprop=\"text\">\n<p>El bot\u00f3n &#8216;Wizard&#8217; en el panel de administraci\u00f3n de PIX-LINK ayuda a guiar a los usuarios a trav\u00e9s del proceso de configuraci\u00f3n de varios modos de operaci\u00f3n, incluido el modo de Repetidor Inal\u00e1mbrico.<\/p>\n<\/div>\n<\/div>\n<\/div>\n<\/div>\n<div class=\"panel\" itemprop=\"mainEntity\" itemscope=\"\" itemtype=\"https:\/\/schema.org\/Question\">\n<div class=\"toggle-link\">\n<h3 class=\"panel-title\" itemprop=\"name\">\n                \u00bfQu\u00e9 debo hacer si no puedo ver mi red deseada en la lista de redes WiFi escaneadas durante la configuraci\u00f3n del Modo Repetidor Inal\u00e1mbrico?<\/h3>\n<\/div>\n<div class=\"panel-collapse\">\n<div class=\"panel-body\" itemprop=\"acceptedAnswer\" itemscope=\"\" itemtype=\"https:\/\/schema.org\/Answer\">\n<div itemprop=\"text\">\n<p>Si no puedes ver tu red WiFi deseada en la lista al configurar el Modo Repetidor Inal\u00e1mbrico, verifica si tu repetidor PIX-LINK est\u00e1 dentro del alcance de esa red. Si no es as\u00ed, acerca un poco m\u00e1s el dispositivo a la fuente de esa red e intenta escanear de nuevo.<\/p>\n<\/div>\n<\/div>\n<\/div>\n<\/div>\n<div class=\"panel\" itemprop=\"mainEntity\" itemscope=\"\" itemtype=\"https:\/\/schema.org\/Question\">\n<div class=\"toggle-link\">\n<h3 class=\"panel-title\" itemprop=\"name\">\n                \u00bfQu\u00e9 informaci\u00f3n se debe ingresar en el campo &#8216;Security Key&#8217; al configurar el Modo Repetidor Inal\u00e1mbrico?<\/h3>\n<\/div>\n<div class=\"panel-collapse\">\n<div class=\"panel-body\" itemprop=\"acceptedAnswer\" itemscope=\"\" itemtype=\"https:\/\/schema.org\/Answer\">\n<div itemprop=\"text\">\n<p>El campo &#8216;Security Key&#8217; requiere la clave WiFi de tu red existente al configurar el Modo Repetidor Inal\u00e1mbrico en el repetidor PIX-LINK.<\/p>\n<\/div>\n<\/div>\n<\/div>\n<\/div>\n<div class=\"panel\" itemprop=\"mainEntity\" itemscope=\"\" itemtype=\"https:\/\/schema.org\/Question\">\n<div class=\"toggle-link\">\n<h3 class=\"panel-title\" itemprop=\"name\">\n                \u00bfC\u00f3mo puedo conectar mi dispositivo a la nueva red WiFi despu\u00e9s de que se reinicie el enrutador?<\/h3>\n<\/div>\n<div class=\"panel-collapse\">\n<div class=\"panel-body\" itemprop=\"acceptedAnswer\" itemscope=\"\" itemtype=\"https:\/\/schema.org\/Answer\">\n<div itemprop=\"text\">\n<p>Despu\u00e9s de que el enrutador PIX-LINK se reinicie, puedes conectar tu dispositivo a la nueva red WiFi utilizando la misma contrase\u00f1a que tu red original.<\/p>\n<\/div>\n<\/div>\n<\/div>\n<\/div>\n<div class=\"panel\" itemprop=\"mainEntity\" itemscope=\"\" itemtype=\"https:\/\/schema.org\/Question\">\n<div class=\"toggle-link\">\n<h3 class=\"panel-title\" itemprop=\"name\">\n                \u00bfEl cambio del modo de operaci\u00f3n del repetidor PIX-LINK afecta su rendimiento?<\/h3>\n<\/div>\n<div class=\"panel-collapse\">\n<div class=\"panel-body\" itemprop=\"acceptedAnswer\" itemscope=\"\" itemtype=\"https:\/\/schema.org\/Answer\">\n<div itemprop=\"text\">\n<p>Cambiar el modo de operaci\u00f3n del repetidor PIX-LINK no afecta su rendimiento. Simplemente altera c\u00f3mo funciona el repetidor seg\u00fan el modo seleccionado.<\/p>\n<\/div>\n<\/div>\n<\/div>\n<\/div>\n<div class=\"panel\" itemprop=\"mainEntity\" itemscope=\"\" itemtype=\"https:\/\/schema.org\/Question\">\n<div class=\"toggle-link\">\n<h3 class=\"panel-title\" itemprop=\"name\">\n                \u00bfCu\u00e1les son las principales ventajas de usar el Modo Repetidor Inal\u00e1mbrico en el enrutador PIX-LINK?<\/h3>\n<\/div>\n<div class=\"panel-collapse\">\n<div class=\"panel-body\" itemprop=\"acceptedAnswer\" itemscope=\"\" itemtype=\"https:\/\/schema.org\/Answer\">\n<div itemprop=\"text\">\n<p>Usar el Modo Repetidor Inal\u00e1mbrico en el enrutador PIX-LINK puede expandir significativamente el alcance de una red WiFi existente, mejorando el acceso a internet en \u00e1reas con se\u00f1ales d\u00e9biles.<\/p>\n<\/div>\n<\/div>\n<\/div>\n<\/div>\n<div class=\"panel\" itemprop=\"mainEntity\" itemscope=\"\" itemtype=\"https:\/\/schema.org\/Question\">\n<div class=\"toggle-link\">\n<h3 class=\"panel-title\" itemprop=\"name\">\n                \u00bfC\u00f3mo mejora el repetidor PIX-LINK el alcance de una red WiFi?<\/h3>\n<\/div>\n<div class=\"panel-collapse\">\n<div class=\"panel-body\" itemprop=\"acceptedAnswer\" itemscope=\"\" itemtype=\"https:\/\/schema.org\/Answer\">\n<div itemprop=\"text\">\n<p>El repetidor PIX-LINK mejora el alcance de una red WiFi al capturar la se\u00f1al existente, amplificarla y luego emitir la se\u00f1al mejorada.<\/p>\n<\/div>\n<\/div>\n<\/div>\n<\/div>\n<div class=\"panel\" itemprop=\"mainEntity\" itemscope=\"\" itemtype=\"https:\/\/schema.org\/Question\">\n<div class=\"toggle-link\">\n<h3 class=\"panel-title\" itemprop=\"name\">\n                \u00bfQu\u00e9 sucede si olvido la contrase\u00f1a del repetidor PIX-LINK?<\/h3>\n<\/div>\n<div class=\"panel-collapse\">\n<div class=\"panel-body\" itemprop=\"acceptedAnswer\" itemscope=\"\" itemtype=\"https:\/\/schema.org\/Answer\">\n<div itemprop=\"text\">\n<p>Si olvidas tu contrase\u00f1a del repetidor PIX-LINK, tendr\u00e1s que restablecer tu dispositivo a su configuraci\u00f3n de f\u00e1brica. Despu\u00e9s del restablecimiento, puedes iniciar sesi\u00f3n nuevamente usando la contrase\u00f1a predeterminada &#8216;admin&#8217;.<\/p>\n<\/div>\n<\/div>\n<\/div>\n<\/div>\n<div class=\"panel\" itemprop=\"mainEntity\" itemscope=\"\" itemtype=\"https:\/\/schema.org\/Question\">\n<div class=\"toggle-link\">\n<h3 class=\"panel-title\" itemprop=\"name\">\n                \u00bfExiste un l\u00edmite para el n\u00famero de dispositivos que pueden conectarse a mi repetidor PIX-LINK?<\/h3>\n<\/div>\n<div class=\"panel-collapse\">\n<div class=\"panel-body\" itemprop=\"acceptedAnswer\" itemscope=\"\" itemtype=\"https:\/\/schema.org\/Answer\">\n<div itemprop=\"text\">\n<p>El l\u00edmite del n\u00famero de dispositivos que pueden conectarse a tu repetidor PIX-LINK depende del modelo espec\u00edfico de tu repetidor. Sin embargo, siempre es mejor evitar conectar dispositivos excesivos simult\u00e1neamente, ya que puede afectar el rendimiento de tu red.<\/p>\n<\/div>\n<\/div>\n<\/div>\n<\/div>\n<div class=\"panel\" itemprop=\"mainEntity\" itemscope=\"\" itemtype=\"https:\/\/schema.org\/Question\">\n<div class=\"toggle-link\">\n<h3 class=\"panel-title\" itemprop=\"name\">\n                \u00bfCambiar\u00e1 el nombre de usuario y la contrase\u00f1a de mi red existente despu\u00e9s de configurar el repetidor PIX-LINK en el modo de repetidor inal\u00e1mbrico?<\/h3>\n<\/div>\n<div class=\"panel-collapse\">\n<div class=\"panel-body\" itemprop=\"acceptedAnswer\" itemscope=\"\" itemtype=\"https:\/\/schema.org\/Answer\">\n<div itemprop=\"text\">\n<p>No, el nombre de usuario y la contrase\u00f1a de tu red existente no cambiar\u00e1n despu\u00e9s de configurar el repetidor PIX-LINK en el modo Repetidor Inal\u00e1mbrico. La nueva red WiFi creada a trav\u00e9s de este modo usa la misma contrase\u00f1a que tu red original.<\/p>\n<\/div>\n<\/div>\n<\/div>\n<\/div>\n<div class=\"panel\" itemprop=\"mainEntity\" itemscope=\"\" itemtype=\"https:\/\/schema.org\/Question\">\n<div class=\"toggle-link\">\n<h3 class=\"panel-title\" itemprop=\"name\">\n                \u00bfPuede funcionar el repetidor PIX-LINK sin conectarse a una fuente de energ\u00eda?<\/h3>\n<\/div>\n<div class=\"panel-collapse\">\n<div class=\"panel-body\" itemprop=\"acceptedAnswer\" itemscope=\"\" itemtype=\"https:\/\/schema.org\/Answer\">\n<div itemprop=\"text\">\n<p>No, el repetidor PIX-LINK necesita una fuente de energ\u00eda constante para funcionar. Conectarlo a una toma de corriente le permite trabajar correctamente.<\/p>\n<\/div>\n<\/div>\n<\/div>\n<\/div>\n<div class=\"panel\" itemprop=\"mainEntity\" itemscope=\"\" itemtype=\"https:\/\/schema.org\/Question\">\n<div class=\"toggle-link\">\n<h3 class=\"panel-title\" itemprop=\"name\">\n                \u00bfEl repetidor PIX-LINK admite encriptaci\u00f3n?<\/h3>\n<\/div>\n<div class=\"panel-collapse\">\n<div class=\"panel-body\" itemprop=\"acceptedAnswer\" itemscope=\"\" itemtype=\"https:\/\/schema.org\/Answer\">\n<div itemprop=\"text\">\n<p>S\u00ed, el repetidor PIX-LINK admite la encriptaci\u00f3n, proporcionando una capa adicional de seguridad para tu red WiFi.<\/p>\n<\/div>\n<\/div>\n<\/div>\n<\/div>\n<\/section>\n<\/article>\n","protected":false},"excerpt":{"rendered":"<p>Rompe el C\u00f3digo para el login del repetidor PIX-LINK Gu\u00eda Oficial &#128640; \u00bfAcabas de conseguir un flamante Router MiNi PIX-LINK? &#127881; \u00a1Felicidades! &#128588; \u00a1Est\u00e1s un paso m\u00e1s cerca de desatar un nuevo nivel de experiencia WiFi! Pero, \u00a1espera! No te lances a la acci\u00f3n todav\u00eda. Tenemos algunos temas importantes de los que hablar. Probablemente hayas [&hellip;]<\/p>\n","protected":false},"author":2,"featured_media":15,"parent":0,"menu_order":0,"comment_status":"closed","ping_status":"closed","template":"chromecast.php","meta":{"_stopmodifiedupdate":false,"_modified_date":"","_lmt_disableupdate":"yes","_lmt_disable":""},"yoast_head":"<!-- This site is optimized with the Yoast SEO plugin v20.9 - https:\/\/yoast.com\/wordpress\/plugins\/seo\/ -->\n<title>Inicio de sesi\u00f3n del repetidor PIX-LINK. Actualizado en 2026<\/title>\n<meta name=\"robots\" content=\"index, follow, max-snippet:-1, max-image-preview:large, max-video-preview:-1\" \/>\n<link rel=\"canonical\" href=\"https:\/\/www.ping.fm\/ip\/es\/repetidor-pix-link\/\" \/>\n<meta property=\"og:locale\" content=\"en_US\" \/>\n<meta property=\"og:type\" content=\"article\" \/>\n<meta property=\"og:title\" content=\"Inicio de sesi\u00f3n del repetidor PIX-LINK. Actualizado en 2026\" \/>\n<meta property=\"og:description\" content=\"Rompe el C\u00f3digo para el login del repetidor PIX-LINK Gu\u00eda Oficial &#128640; \u00bfAcabas de conseguir un flamante Router MiNi PIX-LINK? &#127881; \u00a1Felicidades! &#128588; \u00a1Est\u00e1s un paso m\u00e1s cerca de desatar un nuevo nivel de experiencia WiFi! Pero, \u00a1espera! No te lances a la acci\u00f3n todav\u00eda. Tenemos algunos temas importantes de los que hablar. Probablemente hayas [&hellip;]\" \/>\n<meta property=\"og:url\" content=\"https:\/\/www.ping.fm\/ip\/es\/repetidor-pix-link\/\" \/>\n<meta property=\"og:site_name\" content=\"IP\" \/>\n<meta property=\"og:image\" content=\"https:\/\/www.ping.fm\/ip\/wp-content\/uploads\/2023\/07\/wifi.jpg\" \/>\n\t<meta property=\"og:image:width\" content=\"1992\" \/>\n\t<meta property=\"og:image:height\" content=\"1852\" \/>\n\t<meta property=\"og:image:type\" content=\"image\/jpeg\" \/>\n<meta name=\"twitter:card\" content=\"summary_large_image\" \/>\n<script type=\"application\/ld+json\" class=\"yoast-schema-graph\">{\"@context\":\"https:\/\/schema.org\",\"@graph\":[{\"@type\":\"WebPage\",\"@id\":\"https:\/\/www.ping.fm\/ip\/es\/repetidor-pix-link\/\",\"url\":\"https:\/\/www.ping.fm\/ip\/es\/repetidor-pix-link\/\",\"name\":\"Inicio de sesi\u00f3n del repetidor PIX-LINK. Actualizado en 2026\",\"isPartOf\":{\"@id\":\"https:\/\/www.ping.fm\/ip\/#website\"},\"datePublished\":\"2023-10-22T09:29:07+00:00\",\"dateModified\":\"2023-10-22T09:29:07+00:00\",\"breadcrumb\":{\"@id\":\"https:\/\/www.ping.fm\/ip\/es\/repetidor-pix-link\/#breadcrumb\"},\"inLanguage\":\"en-US\",\"potentialAction\":[{\"@type\":\"ReadAction\",\"target\":[\"https:\/\/www.ping.fm\/ip\/es\/repetidor-pix-link\/\"]}]},{\"@type\":\"BreadcrumbList\",\"@id\":\"https:\/\/www.ping.fm\/ip\/es\/repetidor-pix-link\/#breadcrumb\",\"itemListElement\":[{\"@type\":\"ListItem\",\"position\":1,\"name\":\"Home\",\"item\":\"https:\/\/www.ping.fm\/ip\/\"},{\"@type\":\"ListItem\",\"position\":2,\"name\":\"Inicio de sesi\u00f3n del repetidor PIX-LINK\"}]},{\"@type\":\"WebSite\",\"@id\":\"https:\/\/www.ping.fm\/ip\/#website\",\"url\":\"https:\/\/www.ping.fm\/ip\/\",\"name\":\"IP\",\"description\":\"\",\"potentialAction\":[{\"@type\":\"SearchAction\",\"target\":{\"@type\":\"EntryPoint\",\"urlTemplate\":\"https:\/\/www.ping.fm\/ip\/?s={search_term_string}\"},\"query-input\":\"required name=search_term_string\"}],\"inLanguage\":\"en-US\"}]}<\/script>\n<!-- \/ Yoast SEO plugin. -->","yoast_head_json":{"title":"Inicio de sesi\u00f3n del repetidor PIX-LINK. Actualizado en 2026","robots":{"index":"index","follow":"follow","max-snippet":"max-snippet:-1","max-image-preview":"max-image-preview:large","max-video-preview":"max-video-preview:-1"},"canonical":"https:\/\/www.ping.fm\/ip\/es\/repetidor-pix-link\/","og_locale":"en_US","og_type":"article","og_title":"Inicio de sesi\u00f3n del repetidor PIX-LINK. Actualizado en 2026","og_description":"Rompe el C\u00f3digo para el login del repetidor PIX-LINK Gu\u00eda Oficial &#128640; \u00bfAcabas de conseguir un flamante Router MiNi PIX-LINK? &#127881; \u00a1Felicidades! &#128588; \u00a1Est\u00e1s un paso m\u00e1s cerca de desatar un nuevo nivel de experiencia WiFi! Pero, \u00a1espera! No te lances a la acci\u00f3n todav\u00eda. Tenemos algunos temas importantes de los que hablar. Probablemente hayas [&hellip;]","og_url":"https:\/\/www.ping.fm\/ip\/es\/repetidor-pix-link\/","og_site_name":"IP","og_image":[{"width":1992,"height":1852,"url":"https:\/\/www.ping.fm\/ip\/wp-content\/uploads\/2023\/07\/wifi.jpg","type":"image\/jpeg"}],"twitter_card":"summary_large_image","schema":{"@context":"https:\/\/schema.org","@graph":[{"@type":"WebPage","@id":"https:\/\/www.ping.fm\/ip\/es\/repetidor-pix-link\/","url":"https:\/\/www.ping.fm\/ip\/es\/repetidor-pix-link\/","name":"Inicio de sesi\u00f3n del repetidor PIX-LINK. Actualizado en 2026","isPartOf":{"@id":"https:\/\/www.ping.fm\/ip\/#website"},"datePublished":"2023-10-22T09:29:07+00:00","dateModified":"2023-10-22T09:29:07+00:00","breadcrumb":{"@id":"https:\/\/www.ping.fm\/ip\/es\/repetidor-pix-link\/#breadcrumb"},"inLanguage":"en-US","potentialAction":[{"@type":"ReadAction","target":["https:\/\/www.ping.fm\/ip\/es\/repetidor-pix-link\/"]}]},{"@type":"BreadcrumbList","@id":"https:\/\/www.ping.fm\/ip\/es\/repetidor-pix-link\/#breadcrumb","itemListElement":[{"@type":"ListItem","position":1,"name":"Home","item":"https:\/\/www.ping.fm\/ip\/"},{"@type":"ListItem","position":2,"name":"Inicio de sesi\u00f3n del repetidor PIX-LINK"}]},{"@type":"WebSite","@id":"https:\/\/www.ping.fm\/ip\/#website","url":"https:\/\/www.ping.fm\/ip\/","name":"IP","description":"","potentialAction":[{"@type":"SearchAction","target":{"@type":"EntryPoint","urlTemplate":"https:\/\/www.ping.fm\/ip\/?s={search_term_string}"},"query-input":"required name=search_term_string"}],"inLanguage":"en-US"}]}},"_links":{"self":[{"href":"https:\/\/www.ping.fm\/ip\/wp-json\/wp\/v2\/pages\/790"}],"collection":[{"href":"https:\/\/www.ping.fm\/ip\/wp-json\/wp\/v2\/pages"}],"about":[{"href":"https:\/\/www.ping.fm\/ip\/wp-json\/wp\/v2\/types\/page"}],"author":[{"embeddable":true,"href":"https:\/\/www.ping.fm\/ip\/wp-json\/wp\/v2\/users\/2"}],"replies":[{"embeddable":true,"href":"https:\/\/www.ping.fm\/ip\/wp-json\/wp\/v2\/comments?post=790"}],"version-history":[{"count":1,"href":"https:\/\/www.ping.fm\/ip\/wp-json\/wp\/v2\/pages\/790\/revisions"}],"predecessor-version":[{"id":791,"href":"https:\/\/www.ping.fm\/ip\/wp-json\/wp\/v2\/pages\/790\/revisions\/791"}],"wp:featuredmedia":[{"embeddable":true,"href":"https:\/\/www.ping.fm\/ip\/wp-json\/wp\/v2\/media\/15"}],"wp:attachment":[{"href":"https:\/\/www.ping.fm\/ip\/wp-json\/wp\/v2\/media?parent=790"}],"curies":[{"name":"wp","href":"https:\/\/api.w.org\/{rel}","templated":true}]}}