{"id":786,"date":"2023-10-22T09:22:42","date_gmt":"2023-10-22T09:22:42","guid":{"rendered":"https:\/\/www.ping.fm\/ip\/?page_id=786"},"modified":"2023-10-22T09:22:42","modified_gmt":"2023-10-22T09:22:42","slug":"mi-mifi","status":"publish","type":"page","link":"https:\/\/www.ping.fm\/ip\/es\/mi-mifi\/","title":{"rendered":"Mi.mifi"},"content":{"rendered":"<article>\n<section>\n<h1>Ajusta tu &#53;G MiFi Mobile Hotspot como un campe\u00f3n &#128081;: una gu\u00eda completa<\/h1>\n<div class=\"inbrief\">\n<div>\n                                <img src=\"\/ip\/wp-content\/uploads\/generated\/Mi-mifi.jpg\" alt=\"Mi.mifi\" title=\"Mi.mifi\" width=\"1280\" height=\"720\"><\/p>\n<p>\u00bfAlguna vez has deseado poder dominar tu configuraci\u00f3n de &#53;G MiFi Mobile Hotspot como un jefe? &#128170; \u00a1Bueno, tu deseo acaba de hacerse realidad! Hoy, vas a aprender c\u00f3mo iniciar sesi\u00f3n en la p\u00e1gina de administraci\u00f3n <a href='http:\/\/my.mifi'>My.mifi<\/a> y modificar tu contrase\u00f1a de WiFi, SSID, y otras configuraciones predeterminadas. &#128187;&#127760; Cubriremos el protocolo para Inseego MiFi y otros hotspots m\u00f3viles co-marca de T-Mobile, AT&#038;T, y Verizon. \u00a1Vamos a sumergirnos! &#127946;&#8205;&#9794;&#65039;&#127754;<\/p>\n<\/div>\n<\/div>\n<\/section>\n<section>\n<div>\n<div>1<\/div>\n<h2>Inicia sesi\u00f3n en tu My.mifi<\/h2>\n<\/div>\n<p>L\u00e1nzate a la piscina abriendo tu navegador favorito y tecleando <a href='http:\/\/my.mifi'>my.mifi<\/a> o <a href='http:\/\/192.168.1.1'>192.168.1.1<\/a> en la barra de direcciones. Lo siguiente es hacer clic en <b>Sign In<\/b> situado en la esquina superior derecha. Introduce tu contrase\u00f1a de administrador y pulsa de nuevo el bot\u00f3n<b>Sign In<\/b>. Si te est\u00e1s preguntando d\u00f3nde encontrar tu contrase\u00f1a de administrador, \u00a1tenemos tu espalda! S\u00f3lo selecciona la opci\u00f3n de ayuda \ud83c\udd98 en la pantalla de inicio de tu dispositivo MiFi, y luego selecciona Website del administrador. \u00a1Voila! \u00a1Tu contrase\u00f1a de administraci\u00f3n aparecer\u00e1! \ud83c\udf89<\/p>\n<\/section>\n<section>\n<div>\n<div>2<\/div>\n<h2>C\u00f3mo dar a tu WiFi &#038; SSID una nueva identidad<\/h2>\n<\/div>\n<p>Una vez que est\u00e9s dentro de la p\u00e1gina de administraci\u00f3n de MiFi, busca el icono de se\u00f1al de wifi \ud83d\udd3d bajo <b>WiFi<\/b>. Haz clic en \u00e9l y selecciona la pesta\u00f1a Red Primaria. Despu\u00e9s de eso, las cosas empiezan a ponerse a\u00fan m\u00e1s interesantes: ahora puedes introducir el nombre de la Red WiFi preferida en el campo <b>Nombre de la Red Principal (SSID)<\/b>. Justo al lado, puedes inventarte una nueva contrase\u00f1a de WiFi y escribirla en la secci\u00f3n <b>Contrase\u00f1a<\/b>. Piensa en una contrase\u00f1a que sea tan dura como un diamante \ud83d\udc8e pero que sea f\u00e1cil de recordar para ti. Una vez que hayas terminado, haz clic en <b>Guardar Cambios<\/b> y ya est\u00e1s listo para ir! \ud83c\udfc1 Las configuraciones empezar\u00e1n a aplicarse.<\/p>\n<\/section>\n<section>\n<div>\n<div>3<\/div>\n<h2>Otras cosas geniales que puedes hacer en la p\u00e1gina de administraci\u00f3n de MiFi<\/h2>\n<\/div>\n<p>No nos quedemos simplemente en cambiar el nombre y la contrase\u00f1a de tu Wi-Fi, puedes jugar con toneladas de otras configuraciones en el Panel de Administraci\u00f3n de MiFi. Desde administrar conexiones, establecer l\u00edmites de uso de datos, hasta configurar las preferencias de banda, e incluso ver la informaci\u00f3n de la red. As\u00ed que no seas un extra\u00f1o, explora las diferentes opciones disponibles, cada vez que lo haces, tu conocimientos de navegaci\u00f3n de tu MiFi se enriquecen y te vuelves a\u00fan m\u00e1s cool. \ud83d\ude0e\u270c\ud83c\udffd<\/p>\n<\/section>\n<section>\n<h2>Conclusi\u00f3n: \ud83c\udfc1<\/h2>\n<div class=\"nonp\">\n<p>\u00a1Felicidades! Acabas de aprender c\u00f3mo ajustar las configuraciones de tu &#53;G MiFi Mobile Hotspot como un verdadero campe\u00f3n. \u00a1Apuesto a que MrBeast estar\u00eda orgulloso! No solo has cambiado el nombre de tu WiFi y creado una nueva contrase\u00f1a, sino que tambi\u00e9n has adquirido el conocimiento de c\u00f3mo explorar una mir\u00edada de otras configuraciones. &#128079; La magia de la inform\u00e1tica no se detiene aqu\u00ed, sigue explorando, sigue aprendiendo y sigue sorprendiendo a todos a tu alrededor con tus habilidades tecnol\u00f3gicas. &#128302;&#10024; El mundo de la tecnolog\u00eda est\u00e1 siempre evolucionando y t\u00fa tambi\u00e9n deber\u00edas hacerlo. \u00a1Feliz navegaci\u00f3n! &#127940;&#8205;&#9794;&#65039;&#127760;&#128077;<\/p>\n<\/div>\n<\/section>\n<section itemscope=\"\" itemtype=\"https:\/\/schema.org\/FAQPage\">\n<div class=\"panel\" itemprop=\"mainEntity\" itemscope=\"\" itemtype=\"https:\/\/schema.org\/Question\">\n<div class=\"toggle-link\">\n<h3 class=\"panel-title\" itemprop=\"name\">\n                \u00bfCu\u00e1l es el prop\u00f3sito de la p\u00e1gina de administrador de My.mifi?<\/h3>\n<\/div>\n<div class=\"panel-collapse\">\n<div class=\"panel-body\" itemprop=\"acceptedAnswer\" itemscope=\"\" itemtype=\"https:\/\/schema.org\/Answer\">\n<div itemprop=\"text\">\n<p>La <b>p\u00e1gina de administrador de My.mifi<\/b> sirve como la interfaz principal para administrar su dispositivo My.mifi. Le permite cambiar la contrase\u00f1a del WiFi, el SSID y otros ajustes predeterminados de su Punto de acceso m\u00f3vil 5G MiFi.<\/p>\n<\/div>\n<\/div>\n<\/div>\n<\/div>\n<div class=\"panel\" itemprop=\"mainEntity\" itemscope=\"\" itemtype=\"https:\/\/schema.org\/Question\">\n<div class=\"toggle-link\">\n<h3 class=\"panel-title\" itemprop=\"name\">\n                \u00bfC\u00f3mo inicio sesi\u00f3n en la p\u00e1gina de administrador de My.mifi?<\/h3>\n<\/div>\n<div class=\"panel-collapse\">\n<div class=\"panel-body\" itemprop=\"acceptedAnswer\" itemscope=\"\" itemtype=\"https:\/\/schema.org\/Answer\">\n<div itemprop=\"text\">\n<p>Para iniciar sesi\u00f3n, abra su navegador web e introduzca <a href=http:\/\/my.mifi>my.mifi<\/a> o <b>192.168.1.1<\/b> en la barra de direcciones. Haga clic en &#8216;Iniciar Sesi\u00f3n&#8217;, que se encuentra en la esquina superior derecha. Ingrese la contrase\u00f1a de administrador y luego haga clic en &#8216;Iniciar Sesi\u00f3n&#8217; de nuevo. Puede encontrar la contrase\u00f1a de administrador seleccionando la opci\u00f3n &#8216;Ayuda&#8217; desde la pantalla de inicio de su dispositivo MiFi y luego seleccionando &#8216;Sitio web de administraci\u00f3n&#8217;.<\/p>\n<\/div>\n<\/div>\n<\/div>\n<\/div>\n<div class=\"panel\" itemprop=\"mainEntity\" itemscope=\"\" itemtype=\"https:\/\/schema.org\/Question\">\n<div class=\"toggle-link\">\n<h3 class=\"panel-title\" itemprop=\"name\">\n                \u00bfD\u00f3nde encuentro la contrase\u00f1a de administrador para My.mifi?<\/h3>\n<\/div>\n<div class=\"panel-collapse\">\n<div class=\"panel-body\" itemprop=\"acceptedAnswer\" itemscope=\"\" itemtype=\"https:\/\/schema.org\/Answer\">\n<div itemprop=\"text\">\n<p>Para encontrar su contrase\u00f1a de administrador, vaya a la pantalla de inicio de su dispositivo MiFi y seleccione &#8216;Ayuda&#8217;. Luego selecciona &#8216;Sitio web de administraci\u00f3n&#8217;. Esto mostrar\u00e1 su contrase\u00f1a de administrador.<\/p>\n<\/div>\n<\/div>\n<\/div>\n<\/div>\n<div class=\"panel\" itemprop=\"mainEntity\" itemscope=\"\" itemtype=\"https:\/\/schema.org\/Question\">\n<div class=\"toggle-link\">\n<h3 class=\"panel-title\" itemprop=\"name\">\n                \u00bfC\u00f3mo puedo cambiar la contrase\u00f1a y el SSID del MiFi?<\/h3>\n<\/div>\n<div class=\"panel-collapse\">\n<div class=\"panel-body\" itemprop=\"acceptedAnswer\" itemscope=\"\" itemtype=\"https:\/\/schema.org\/Answer\">\n<div itemprop=\"text\">\n<p>Despu\u00e9s de iniciar sesi\u00f3n en la p\u00e1gina de administrador, haga clic en el icono de flecha &#8216;>&#8217; debajo de WiFi y selecciona la pesta\u00f1a &#8216;Red principal&#8217;. Introduzca el nombre deseado de la red WiFi en el campo &#8216;Nombre de la red principal (SSID)&#8217; y su contrase\u00f1a de WiFi deseada en el campo &#8216;Contrase\u00f1a&#8217;. Haga clic en &#8216;Guardar cambios&#8217; para aplicar sus nuevos ajustes.<\/p>\n<\/div>\n<\/div>\n<\/div>\n<\/div>\n<div class=\"panel\" itemprop=\"mainEntity\" itemscope=\"\" itemtype=\"https:\/\/schema.org\/Question\">\n<div class=\"toggle-link\">\n<h3 class=\"panel-title\" itemprop=\"name\">\n                \u00bfQu\u00e9 me permite hacer la pesta\u00f1a Red principal?<\/h3>\n<\/div>\n<div class=\"panel-collapse\">\n<div class=\"panel-body\" itemprop=\"acceptedAnswer\" itemscope=\"\" itemtype=\"https:\/\/schema.org\/Answer\">\n<div itemprop=\"text\">\n<p>La pesta\u00f1a &#8216;Red principal&#8217; en la interfaz de administrador de My.mifi le permite modificar el nombre de la red WiFi y la contrase\u00f1a de su dispositivo MiFi.<\/p>\n<\/div>\n<\/div>\n<\/div>\n<\/div>\n<div class=\"panel\" itemprop=\"mainEntity\" itemscope=\"\" itemtype=\"https:\/\/schema.org\/Question\">\n<div class=\"toggle-link\">\n<h3 class=\"panel-title\" itemprop=\"name\">\n                \u00bfC\u00f3mo guardo los cambios en la configuraci\u00f3n de la red en la p\u00e1gina de administrador de My.mifi?<\/h3>\n<\/div>\n<div class=\"panel-collapse\">\n<div class=\"panel-body\" itemprop=\"acceptedAnswer\" itemscope=\"\" itemtype=\"https:\/\/schema.org\/Answer\">\n<div itemprop=\"text\">\n<p>Despu\u00e9s de haber realizado los cambios necesarios en la configuraci\u00f3n de la red en la <b>p\u00e1gina de administrador de My.mifi<\/b>, haga clic en &#8216;Guardar cambios&#8217; para actualizar y aplicar los nuevos ajustes a su dispositivo.<\/p>\n<\/div>\n<\/div>\n<\/div>\n<\/div>\n<div class=\"panel\" itemprop=\"mainEntity\" itemscope=\"\" itemtype=\"https:\/\/schema.org\/Question\">\n<div class=\"toggle-link\">\n<h3 class=\"panel-title\" itemprop=\"name\">\n                \u00bfEstos pasos son aplicables tambi\u00e9n para los puntos de acceso m\u00f3viles 5G de T-Mobile, AT&#038;T y Verizon?<\/h3>\n<\/div>\n<div class=\"panel-collapse\">\n<div class=\"panel-body\" itemprop=\"acceptedAnswer\" itemscope=\"\" itemtype=\"https:\/\/schema.org\/Answer\">\n<div itemprop=\"text\">\n<p>S\u00ed, estos pasos para cambiar la configuraci\u00f3n en la p\u00e1gina de administrador de My.mifi tambi\u00e9n son eficaces para los puntos de acceso m\u00f3viles 5G de T-Mobile, AT&#038;T y Verizon.<\/p>\n<\/div>\n<\/div>\n<\/div>\n<\/div>\n<div class=\"panel\" itemprop=\"mainEntity\" itemscope=\"\" itemtype=\"https:\/\/schema.org\/Question\">\n<div class=\"toggle-link\">\n<h3 class=\"panel-title\" itemprop=\"name\">\n                \u00bfQu\u00e9 escribo en la barra de direcciones del navegador para acceder a la p\u00e1gina de administrador de My.mifi?<\/h3>\n<\/div>\n<div class=\"panel-collapse\">\n<div class=\"panel-body\" itemprop=\"acceptedAnswer\" itemscope=\"\" itemtype=\"https:\/\/schema.org\/Answer\">\n<div itemprop=\"text\">\n<p>Escribe <a href=http:\/\/my.mifi>my.mifi<\/a> o <b>192.168.1.1<\/b> en la barra de direcciones de tu navegador para acceder a la p\u00e1gina de administrador de My.mifi.<\/p>\n<\/div>\n<\/div>\n<\/div>\n<\/div>\n<div class=\"panel\" itemprop=\"mainEntity\" itemscope=\"\" itemtype=\"https:\/\/schema.org\/Question\">\n<div class=\"toggle-link\">\n<h3 class=\"panel-title\" itemprop=\"name\">\n                \u00bfD\u00f3nde puedo encontrar el bot\u00f3n &#8216;Iniciar sesi\u00f3n&#8217; en la p\u00e1gina de administrador de My.mifi?<\/h3>\n<\/div>\n<div class=\"panel-collapse\">\n<div class=\"panel-body\" itemprop=\"acceptedAnswer\" itemscope=\"\" itemtype=\"https:\/\/schema.org\/Answer\">\n<div itemprop=\"text\">\n<p>El bot\u00f3n &#8216;Iniciar sesi\u00f3n&#8217; se encuentra en la esquina superior derecha de la p\u00e1gina de administrador de My.mifi.<\/p>\n<\/div>\n<\/div>\n<\/div>\n<\/div>\n<div class=\"panel\" itemprop=\"mainEntity\" itemscope=\"\" itemtype=\"https:\/\/schema.org\/Question\">\n<div class=\"toggle-link\">\n<h3 class=\"panel-title\" itemprop=\"name\">\n                \u00bfC\u00f3mo puedo personalizar el nombre de la red WiFi?<\/h3>\n<\/div>\n<div class=\"panel-collapse\">\n<div class=\"panel-body\" itemprop=\"acceptedAnswer\" itemscope=\"\" itemtype=\"https:\/\/schema.org\/Answer\">\n<div itemprop=\"text\">\n<p>Puede cambiar el nombre de la red WiFi iniciando sesi\u00f3n en la p\u00e1gina de administrador, seleccionando el icono de flecha &#8216;>&#8217;, eligiendo &#8216;Red principal&#8217; e ingresando el nuevo nombre de la red en el campo &#8216;Nombre de la red principal (SSID)&#8217;.<\/p>\n<\/div>\n<\/div>\n<\/div>\n<\/div>\n<div class=\"panel\" itemprop=\"mainEntity\" itemscope=\"\" itemtype=\"https:\/\/schema.org\/Question\">\n<div class=\"toggle-link\">\n<h3 class=\"panel-title\" itemprop=\"name\">\n                \u00bfC\u00f3mo puedo restablecer la contrase\u00f1a del WiFi?<\/h3>\n<\/div>\n<div class=\"panel-collapse\">\n<div class=\"panel-body\" itemprop=\"acceptedAnswer\" itemscope=\"\" itemtype=\"https:\/\/schema.org\/Answer\">\n<div itemprop=\"text\">\n<p>Para restablecer la contrase\u00f1a del WiFi, inicie sesi\u00f3n en la p\u00e1gina de administrador, haga clic en el icono de flecha &#8216;>&#8217;, seleccione &#8216;Red principal&#8217;, ingrese la nueva contrase\u00f1a en el campo &#8216;Contrase\u00f1a&#8217;, luego haga clic en &#8216;Guardar cambios&#8217;.<\/p>\n<\/div>\n<\/div>\n<\/div>\n<\/div>\n<div class=\"panel\" itemprop=\"mainEntity\" itemscope=\"\" itemtype=\"https:\/\/schema.org\/Question\">\n<div class=\"toggle-link\">\n<h3 class=\"panel-title\" itemprop=\"name\">\n                \u00bfD\u00f3nde ingreso el nuevo SSID y contrase\u00f1a para mi My.mifi?<\/h3>\n<\/div>\n<div class=\"panel-collapse\">\n<div class=\"panel-body\" itemprop=\"acceptedAnswer\" itemscope=\"\" itemtype=\"https:\/\/schema.org\/Answer\">\n<div itemprop=\"text\">\n<p>Puede introducir el nuevo SSID y la contrase\u00f1a en la pesta\u00f1a &#8216;Red principal&#8217; despu\u00e9s de hacer clic en el icono de flecha &#8216;>&#8217; en la p\u00e1gina de administraci\u00f3n.<\/p>\n<\/div>\n<\/div>\n<\/div>\n<\/div>\n<div class=\"panel\" itemprop=\"mainEntity\" itemscope=\"\" itemtype=\"https:\/\/schema.org\/Question\">\n<div class=\"toggle-link\">\n<h3 class=\"panel-title\" itemprop=\"name\">\n                \u00bfC\u00f3mo me ayuda la opci\u00f3n &#8216;Ayuda&#8217; en la pantalla del dispositivo MiFi?<\/h3>\n<\/div>\n<div class=\"panel-collapse\">\n<div class=\"panel-body\" itemprop=\"acceptedAnswer\" itemscope=\"\" itemtype=\"https:\/\/schema.org\/Answer\">\n<div itemprop=\"text\">\n<p>La opci\u00f3n &#8216;Ayuda&#8217; en la pantalla de inicio de su dispositivo MiFi proporciona orientaci\u00f3n y asistencia, incluyendo la visualizaci\u00f3n de la contrase\u00f1a de administrador para la p\u00e1gina de administrador de My.mifi.<\/p>\n<\/div>\n<\/div>\n<\/div>\n<\/div>\n<div class=\"panel\" itemprop=\"mainEntity\" itemscope=\"\" itemtype=\"https:\/\/schema.org\/Question\">\n<div class=\"toggle-link\">\n<h3 class=\"panel-title\" itemprop=\"name\">\n                \u00bfPuedo acceder a la p\u00e1gina de administrador de My.mifi en cualquier navegador?<\/h3>\n<\/div>\n<div class=\"panel-collapse\">\n<div class=\"panel-body\" itemprop=\"acceptedAnswer\" itemscope=\"\" itemtype=\"https:\/\/schema.org\/Answer\">\n<div itemprop=\"text\">\n<p>S\u00ed, se puede acceder a la p\u00e1gina de administrador de My.mifi utilizando cualquier navegador web escribiendo <a href=http:\/\/my.mifi>my.mifi<\/a> o <b>192.168.1.1<\/b> en la barra de direcciones.<\/p>\n<\/div>\n<\/div>\n<\/div>\n<\/div>\n<div class=\"panel\" itemprop=\"mainEntity\" itemscope=\"\" itemtype=\"https:\/\/schema.org\/Question\">\n<div class=\"toggle-link\">\n<h3 class=\"panel-title\" itemprop=\"name\">\n                \u00bfQu\u00e9 sucede si olvido mi contrase\u00f1a de administrador?<\/h3>\n<\/div>\n<div class=\"panel-collapse\">\n<div class=\"panel-body\" itemprop=\"acceptedAnswer\" itemscope=\"\" itemtype=\"https:\/\/schema.org\/Answer\">\n<div itemprop=\"text\">\n<p>Si olvida su contrase\u00f1a de administrador, puede encontrarla seleccionando la opci\u00f3n &#8216;Ayuda&#8217; desde la pantalla de inicio de su dispositivo MiFi y luego eligiendo &#8216;Sitio web de administraci\u00f3n&#8217; que mostrar\u00e1 su contrase\u00f1a de administrador.<\/p>\n<\/div>\n<\/div>\n<\/div>\n<\/div>\n<div class=\"panel\" itemprop=\"mainEntity\" itemscope=\"\" itemtype=\"https:\/\/schema.org\/Question\">\n<div class=\"toggle-link\">\n<h3 class=\"panel-title\" itemprop=\"name\">\n                \u00bfQu\u00e9 informaci\u00f3n necesito para iniciar sesi\u00f3n en la p\u00e1gina de administrador de My.mifi?<\/h3>\n<\/div>\n<div class=\"panel-collapse\">\n<div class=\"panel-body\" itemprop=\"acceptedAnswer\" itemscope=\"\" itemtype=\"https:\/\/schema.org\/Answer\">\n<div itemprop=\"text\">\n<p>Para iniciar sesi\u00f3n en la p\u00e1gina de administrador de My.mifi, s\u00f3lo necesitar\u00e1 la contrase\u00f1a de administrador, que se puede encontrar seleccionando la opci\u00f3n &#8216;Ayuda&#8217; desde la pantalla de inicio de su dispositivo MiFi y luego seleccionando &#8216;Sitio web de administraci\u00f3n&#8217;.<\/p>\n<\/div>\n<\/div>\n<\/div>\n<\/div>\n<div class=\"panel\" itemprop=\"mainEntity\" itemscope=\"\" itemtype=\"https:\/\/schema.org\/Question\">\n<div class=\"toggle-link\">\n<h3 class=\"panel-title\" itemprop=\"name\">\n                \u00bfQu\u00e9 pasos debo seguir para cambiar la configuraci\u00f3n predeterminada en mi dispositivo My.mifi?<\/h3>\n<\/div>\n<div class=\"panel-collapse\">\n<div class=\"panel-body\" itemprop=\"acceptedAnswer\" itemscope=\"\" itemtype=\"https:\/\/schema.org\/Answer\">\n<div itemprop=\"text\">\n<p>Para cambiar la configuraci\u00f3n predeterminada, inicie sesi\u00f3n en la p\u00e1gina de administrador de My.mifi, seleccione la pesta\u00f1a &#8216;Red principal&#8217; despu\u00e9s de hacer clic en el icono de flecha &#8216;>&#8217;, y proceda a cambiar el nombre de la red WiFi y la contrase\u00f1a. Estos nuevos ajustes se aplicar\u00e1n cuando haga clic en &#8216;Guardar cambios&#8217;.<\/p>\n<\/div>\n<\/div>\n<\/div>\n<\/div>\n<div class=\"panel\" itemprop=\"mainEntity\" itemscope=\"\" itemtype=\"https:\/\/schema.org\/Question\">\n<div class=\"toggle-link\">\n<h3 class=\"panel-title\" itemprop=\"name\">\n                \u00bfPuedo modificar otros ajustes adem\u00e1s del SSID y la contrase\u00f1a en My.mifi?<\/h3>\n<\/div>\n<div class=\"panel-collapse\">\n<div class=\"panel-body\" itemprop=\"acceptedAnswer\" itemscope=\"\" itemtype=\"https:\/\/schema.org\/Answer\">\n<div itemprop=\"text\">\n<p>S\u00ed, la p\u00e1gina de administrador de My.mifi permite modificar otros ajustes predeterminados adem\u00e1s del nombre de la red WiFi y la contrase\u00f1a. Sin embargo, para un uso detallado, por favor consulte el manual de usuario de su dispositivo o p\u00f3ngase en contacto con el soporte al cliente.<\/p>\n<\/div>\n<\/div>\n<\/div>\n<\/div>\n<div class=\"panel\" itemprop=\"mainEntity\" itemscope=\"\" itemtype=\"https:\/\/schema.org\/Question\">\n<div class=\"toggle-link\">\n<h3 class=\"panel-title\" itemprop=\"name\">\n                \u00bfNecesito alguna habilidad t\u00e9cnica espec\u00edfica para cambiar la configuraci\u00f3n predeterminada en My.mifi?<\/h3>\n<\/div>\n<div class=\"panel-collapse\">\n<div class=\"panel-body\" itemprop=\"acceptedAnswer\" itemscope=\"\" itemtype=\"https:\/\/schema.org\/Answer\">\n<div itemprop=\"text\">\n<p>No, no necesita ninguna habilidad t\u00e9cnica especializada para cambiar la configuraci\u00f3n predeterminada en My.mifi. La interfaz est\u00e1 dise\u00f1ada para ser f\u00e1cil de usar y las instrucciones se proporcionan paso a paso en la p\u00e1gina de administrador para facilitar la navegaci\u00f3n.<\/p>\n<\/div>\n<\/div>\n<\/div>\n<\/div>\n<\/section>\n<\/article>\n","protected":false},"excerpt":{"rendered":"<p>Ajusta tu &#53;G MiFi Mobile Hotspot como un campe\u00f3n &#128081;: una gu\u00eda completa \u00bfAlguna vez has deseado poder dominar tu configuraci\u00f3n de &#53;G MiFi Mobile Hotspot como un jefe? &#128170; \u00a1Bueno, tu deseo acaba de hacerse realidad! Hoy, vas a aprender c\u00f3mo iniciar sesi\u00f3n en la p\u00e1gina de administraci\u00f3n My.mifi y modificar tu contrase\u00f1a de [&hellip;]<\/p>\n","protected":false},"author":2,"featured_media":15,"parent":0,"menu_order":0,"comment_status":"closed","ping_status":"closed","template":"chromecast.php","meta":{"_stopmodifiedupdate":false,"_modified_date":"","_lmt_disableupdate":"yes","_lmt_disable":""},"yoast_head":"<!-- This site is optimized with the Yoast SEO plugin v20.9 - https:\/\/yoast.com\/wordpress\/plugins\/seo\/ -->\n<title>Mi.mifi. Actualizado en 2026<\/title>\n<meta name=\"robots\" content=\"index, follow, max-snippet:-1, max-image-preview:large, max-video-preview:-1\" \/>\n<link rel=\"canonical\" href=\"https:\/\/www.ping.fm\/ip\/es\/mi-mifi\/\" \/>\n<meta property=\"og:locale\" content=\"en_US\" \/>\n<meta property=\"og:type\" content=\"article\" \/>\n<meta property=\"og:title\" content=\"Mi.mifi. Actualizado en 2026\" \/>\n<meta property=\"og:description\" content=\"Ajusta tu &#053;G MiFi Mobile Hotspot como un campe\u00f3n &#128081;: una gu\u00eda completa \u00bfAlguna vez has deseado poder dominar tu configuraci\u00f3n de &#053;G MiFi Mobile Hotspot como un jefe? &#128170; \u00a1Bueno, tu deseo acaba de hacerse realidad! Hoy, vas a aprender c\u00f3mo iniciar sesi\u00f3n en la p\u00e1gina de administraci\u00f3n My.mifi y modificar tu contrase\u00f1a de [&hellip;]\" \/>\n<meta property=\"og:url\" content=\"https:\/\/www.ping.fm\/ip\/es\/mi-mifi\/\" \/>\n<meta property=\"og:site_name\" content=\"IP\" \/>\n<meta property=\"og:image\" content=\"https:\/\/www.ping.fm\/ip\/wp-content\/uploads\/2023\/07\/wifi.jpg\" \/>\n\t<meta property=\"og:image:width\" content=\"1992\" \/>\n\t<meta property=\"og:image:height\" content=\"1852\" \/>\n\t<meta property=\"og:image:type\" content=\"image\/jpeg\" \/>\n<meta name=\"twitter:card\" content=\"summary_large_image\" \/>\n<script type=\"application\/ld+json\" class=\"yoast-schema-graph\">{\"@context\":\"https:\/\/schema.org\",\"@graph\":[{\"@type\":\"WebPage\",\"@id\":\"https:\/\/www.ping.fm\/ip\/es\/mi-mifi\/\",\"url\":\"https:\/\/www.ping.fm\/ip\/es\/mi-mifi\/\",\"name\":\"Mi.mifi. Actualizado en 2026\",\"isPartOf\":{\"@id\":\"https:\/\/www.ping.fm\/ip\/#website\"},\"datePublished\":\"2023-10-22T09:22:42+00:00\",\"dateModified\":\"2023-10-22T09:22:42+00:00\",\"breadcrumb\":{\"@id\":\"https:\/\/www.ping.fm\/ip\/es\/mi-mifi\/#breadcrumb\"},\"inLanguage\":\"en-US\",\"potentialAction\":[{\"@type\":\"ReadAction\",\"target\":[\"https:\/\/www.ping.fm\/ip\/es\/mi-mifi\/\"]}]},{\"@type\":\"BreadcrumbList\",\"@id\":\"https:\/\/www.ping.fm\/ip\/es\/mi-mifi\/#breadcrumb\",\"itemListElement\":[{\"@type\":\"ListItem\",\"position\":1,\"name\":\"Home\",\"item\":\"https:\/\/www.ping.fm\/ip\/\"},{\"@type\":\"ListItem\",\"position\":2,\"name\":\"Mi.mifi\"}]},{\"@type\":\"WebSite\",\"@id\":\"https:\/\/www.ping.fm\/ip\/#website\",\"url\":\"https:\/\/www.ping.fm\/ip\/\",\"name\":\"IP\",\"description\":\"\",\"potentialAction\":[{\"@type\":\"SearchAction\",\"target\":{\"@type\":\"EntryPoint\",\"urlTemplate\":\"https:\/\/www.ping.fm\/ip\/?s={search_term_string}\"},\"query-input\":\"required name=search_term_string\"}],\"inLanguage\":\"en-US\"}]}<\/script>\n<!-- \/ Yoast SEO plugin. -->","yoast_head_json":{"title":"Mi.mifi. Actualizado en 2026","robots":{"index":"index","follow":"follow","max-snippet":"max-snippet:-1","max-image-preview":"max-image-preview:large","max-video-preview":"max-video-preview:-1"},"canonical":"https:\/\/www.ping.fm\/ip\/es\/mi-mifi\/","og_locale":"en_US","og_type":"article","og_title":"Mi.mifi. Actualizado en 2026","og_description":"Ajusta tu &#53;G MiFi Mobile Hotspot como un campe\u00f3n &#128081;: una gu\u00eda completa \u00bfAlguna vez has deseado poder dominar tu configuraci\u00f3n de &#53;G MiFi Mobile Hotspot como un jefe? &#128170; \u00a1Bueno, tu deseo acaba de hacerse realidad! Hoy, vas a aprender c\u00f3mo iniciar sesi\u00f3n en la p\u00e1gina de administraci\u00f3n My.mifi y modificar tu contrase\u00f1a de [&hellip;]","og_url":"https:\/\/www.ping.fm\/ip\/es\/mi-mifi\/","og_site_name":"IP","og_image":[{"width":1992,"height":1852,"url":"https:\/\/www.ping.fm\/ip\/wp-content\/uploads\/2023\/07\/wifi.jpg","type":"image\/jpeg"}],"twitter_card":"summary_large_image","schema":{"@context":"https:\/\/schema.org","@graph":[{"@type":"WebPage","@id":"https:\/\/www.ping.fm\/ip\/es\/mi-mifi\/","url":"https:\/\/www.ping.fm\/ip\/es\/mi-mifi\/","name":"Mi.mifi. Actualizado en 2026","isPartOf":{"@id":"https:\/\/www.ping.fm\/ip\/#website"},"datePublished":"2023-10-22T09:22:42+00:00","dateModified":"2023-10-22T09:22:42+00:00","breadcrumb":{"@id":"https:\/\/www.ping.fm\/ip\/es\/mi-mifi\/#breadcrumb"},"inLanguage":"en-US","potentialAction":[{"@type":"ReadAction","target":["https:\/\/www.ping.fm\/ip\/es\/mi-mifi\/"]}]},{"@type":"BreadcrumbList","@id":"https:\/\/www.ping.fm\/ip\/es\/mi-mifi\/#breadcrumb","itemListElement":[{"@type":"ListItem","position":1,"name":"Home","item":"https:\/\/www.ping.fm\/ip\/"},{"@type":"ListItem","position":2,"name":"Mi.mifi"}]},{"@type":"WebSite","@id":"https:\/\/www.ping.fm\/ip\/#website","url":"https:\/\/www.ping.fm\/ip\/","name":"IP","description":"","potentialAction":[{"@type":"SearchAction","target":{"@type":"EntryPoint","urlTemplate":"https:\/\/www.ping.fm\/ip\/?s={search_term_string}"},"query-input":"required name=search_term_string"}],"inLanguage":"en-US"}]}},"_links":{"self":[{"href":"https:\/\/www.ping.fm\/ip\/wp-json\/wp\/v2\/pages\/786"}],"collection":[{"href":"https:\/\/www.ping.fm\/ip\/wp-json\/wp\/v2\/pages"}],"about":[{"href":"https:\/\/www.ping.fm\/ip\/wp-json\/wp\/v2\/types\/page"}],"author":[{"embeddable":true,"href":"https:\/\/www.ping.fm\/ip\/wp-json\/wp\/v2\/users\/2"}],"replies":[{"embeddable":true,"href":"https:\/\/www.ping.fm\/ip\/wp-json\/wp\/v2\/comments?post=786"}],"version-history":[{"count":1,"href":"https:\/\/www.ping.fm\/ip\/wp-json\/wp\/v2\/pages\/786\/revisions"}],"predecessor-version":[{"id":787,"href":"https:\/\/www.ping.fm\/ip\/wp-json\/wp\/v2\/pages\/786\/revisions\/787"}],"wp:featuredmedia":[{"embeddable":true,"href":"https:\/\/www.ping.fm\/ip\/wp-json\/wp\/v2\/media\/15"}],"wp:attachment":[{"href":"https:\/\/www.ping.fm\/ip\/wp-json\/wp\/v2\/media?parent=786"}],"curies":[{"name":"wp","href":"https:\/\/api.w.org\/{rel}","templated":true}]}}