{"id":767,"date":"2023-10-20T18:33:25","date_gmt":"2023-10-20T18:33:25","guid":{"rendered":"https:\/\/www.ping.fm\/ip\/?page_id=767"},"modified":"2023-10-20T18:34:09","modified_gmt":"2023-10-20T18:34:09","slug":"mwloginnet","status":"publish","type":"page","link":"https:\/\/www.ping.fm\/ip\/fr\/mwloginnet\/","title":{"rendered":"MWLogin &#8211; mwlogin.net"},"content":{"rendered":"<article>\n<section>\n<h1>Ma\u00eetrisez votre routeur Mercusys avec MWLogin : un guide complet &#127760;&#128187;<\/h1>\n<div class=\"inbrief\">\n<div>\n        <img src=\"\/ip\/wp-content\/uploads\/generated\/MWLogin---mwlogin.net.jpg\" alt=\"MWLogin - mwlogin.net\" title=\"MWLogin - mwlogin.net\" width=\"1280\" height=\"720\"><\/p>\n<p>D\u00e9couvrez la puissance de votre routeur Mercusys avec ce guide d\u00e9taill\u00e9, pr\u00e9par\u00e9 pour vous par votre sympathique explorateur Internet de quartier. Le serveur web int\u00e9gr\u00e9 de votre routeur, connu sous le nom de <a href='http:\/\/mwlogin.net'>MWLogin.net<\/a>, sert de pont entre vous et la vaste gamme de param\u00e8tres que votre routeur Mercusys a \u00e0 offrir. Attachez votre ceinture, alors que nous plongeons dans le monde de la gestion du Wi-Fi, via MWLogin! &#127906;<\/p>\n<\/div>\n<\/div>\n<\/section>\n<section>\n<div>\n<div>1<\/div>\n<h2>Acc\u00e9der \u00e0 MWLogin \ud83d\udc40<\/h2>\n<\/div>\n<p>Votre voyage au c\u0153ur de la gestion web de votre routeur commence \u00e0 <a href='http:\/\/mwlogin.net'>mwlogin.net<\/a>, ou \u00e0 <a href='http:\/\/192.168.1.1'>192.168.1.1<\/a>. Tapez simplement l&#8217;une de ces adresses dans la barre d&#8217;URL de votre navigateur et appuyez sur <b>Entr\u00e9e<\/b> pour \u00eatre accueilli par l&#8217;\u00e9cran de connexion de votre panneau d&#8217;administration Mercusys. Vous n&#8217;avez qu&#8217;\u00e0 entrer votre nom d&#8217;utilisateur et votre mot de passe, et cliquer sur la fl\u00e8che pour \u00eatre transport\u00e9 vers la plateforme de gestion web de votre routeur. N&#8217;oubliez pas d&#8217;allumer votre routeur et assurez-vous que votre appareil est connect\u00e9 (par c\u00e2ble ou sans fil) avant de commencer ce processus. \ud83d\ude80<\/p>\n<\/section>\n<section>\n<div>\n<div>2<\/div>\n<h2>Premi\u00e8re connexion \u2699\ufe0f<\/h2>\n<\/div>\n<p>Si vous vous connectez pour la premi\u00e8re fois, vous \u00eates g\u00e2t\u00e9 ! D&#8217;embl\u00e9e, on vous demandera de d\u00e9finir un mot de passe de connexion, qui doit comprendre entre 6 et 15 caract\u00e8res et est sensible \u00e0 la casse. Choisissez quelque chose que vous seul connaissez, car ce mot de passe est votre cl\u00e9 pour le panneau d&#8217;administration. Gardez-le en s\u00e9curit\u00e9, et gardez-le secret ! \ud83d\udddd\ufe0f<\/p>\n<\/section>\n<section>\n<div>\n<div>3<\/div>\n<h2>Changer le SSID de votre r\u00e9seau Wi-Fi Mercusys \ud83d\udce1<\/h2>\n<\/div>\n<p>Vous souhaitez modifier l&#8217;apparence de votre r\u00e9seau dans la liste Wi-Fi de vos appareils ? Avec MWLogin.net, c&#8217;est un jeu d&#8217;enfant. Allez simplement dans l&#8217;onglet <b>Basic<\/b> du menu principal, et s\u00e9lectionnez <b>Wireless<\/b> dans le menu de gauche. Il y a un champ o\u00f9 vous pouvez entrer votre nouveau SSID, appuyez sur le bouton <b>Save<\/b> et voila, votre r\u00e9seau a une nouvelle identit\u00e9 ! \ud83d\ude0e<\/p>\n<\/section>\n<section>\n<div>\n<div>4<\/div>\n<h2>Modifier le mot de passe de votre r\u00e9seau Wi-Fi Mercusys \ud83d\udd12<\/h2>\n<\/div>\n<p>Et si vous voulez changer votre mot de passe Wi-Fi ? MWLogin est l\u00e0 pour vous aider. Allez de nouveau dans l&#8217;onglet <b>Basic<\/b> du menu principal, s\u00e9lectionnez <b>Wireless<\/b> sur la gauche, et il y a un champ o\u00f9 vous pouvez entrer votre nouveau mot de passe. Appuyez sur le bouton <b>Save<\/b> et votre r\u00e9seau Wi-Fi est maintenant prot\u00e9g\u00e9 avec un nouveau mot de passe ! N&#8217;oubliez jamais de rendre votre mot de passe Wi-Fi s\u00e9curis\u00e9 et m\u00e9morable pour \u00e9viter tout probl\u00e8me de s\u00e9curit\u00e9 et reprendre avec une connexion s\u00fbre et rapide. \ud83c\udfc3\u200d\u2642\ufe0f\ud83d\udca8<\/p>\n<\/section>\n<section>\n<h2>Conclusion : \ud83c\udfc1<\/h2>\n<div class=\"nonp\">\n<p>Et voil\u00e0 ! Vous \u00eates maintenant un gourou certifi\u00e9 de Mercusys MWLogin ! Que vous souhaitiez changer votre SSID ou modifier votre mot de passe Wi-Fi, avec ces conseils, vous \u00eates imbattable en mati\u00e8re de gestion des param\u00e8tres de votre routeur. Rappelez-vous, avoir une grande vitesse d&#8217;Internet impose une grande responsabilit\u00e9, alors gardez toujours votre connexion s\u00e9curis\u00e9e et plus rapide que jamais. \u00c0 la prochaine fois, bonne navigation ! &#129299;&#128075;&#127760;<\/p>\n<\/div>\n<\/section>\n<section itemscope=\"\" itemtype=\"https:\/\/schema.org\/FAQPage\">\n<div class=\"panel\" itemprop=\"mainEntity\" itemscope=\"\" itemtype=\"https:\/\/schema.org\/Question\">\n<div class=\"toggle-link\">\n<h3 class=\"panel-title\" itemprop=\"name\">\n                Qu&#8217;est-ce que MWLogin.net ?<\/h3>\n<\/div>\n<div class=\"panel-collapse\">\n<div class=\"panel-body\" itemprop=\"acceptedAnswer\" itemscope=\"\" itemtype=\"https:\/\/schema.org\/Answer\">\n<div itemprop=\"text\">\n<p>MWLogin.net est un serveur web int\u00e9gr\u00e9 pour les routeurs Mercusys qui permet aux utilisateurs d&#8217;acc\u00e9der et de g\u00e9rer les param\u00e8tres de leur routeur via un panneau d&#8217;administration d\u00e9di\u00e9 bas\u00e9 sur le web.<\/p>\n<\/div>\n<\/div>\n<\/div>\n<\/div>\n<div class=\"panel\" itemprop=\"mainEntity\" itemscope=\"\" itemtype=\"https:\/\/schema.org\/Question\">\n<div class=\"toggle-link\">\n<h3 class=\"panel-title\" itemprop=\"name\">\n                Comment peut-on se connecter \u00e0 MWLogin.net ?<\/h3>\n<\/div>\n<div class=\"panel-collapse\">\n<div class=\"panel-body\" itemprop=\"acceptedAnswer\" itemscope=\"\" itemtype=\"https:\/\/schema.org\/Answer\">\n<div itemprop=\"text\">\n<p>Pour se connecter \u00e0 MWLogin.net, ouvrez un navigateur et tapez <a href='http:\/\/mwlogin.net'>http:\/\/mwlogin.net<\/a> ou 192.168.1.1, puis appuyez sur entr\u00e9e. Sur la page de connexion qui appara\u00eet, entrez votre nom d&#8217;utilisateur et votre mot de passe, puis cliquez sur le bouton fl\u00e8che pour continuer.<\/p>\n<\/div>\n<\/div>\n<\/div>\n<\/div>\n<div class=\"panel\" itemprop=\"mainEntity\" itemscope=\"\" itemtype=\"https:\/\/schema.org\/Question\">\n<div class=\"toggle-link\">\n<h3 class=\"panel-title\" itemprop=\"name\">\n                Quelles \u00e9tapes faut-il prendre avant de se connecter \u00e0 MWLogin.net ?<\/h3>\n<\/div>\n<div class=\"panel-collapse\">\n<div class=\"panel-body\" itemprop=\"acceptedAnswer\" itemscope=\"\" itemtype=\"https:\/\/schema.org\/Answer\">\n<div itemprop=\"text\">\n<p>Avant de se connecter \u00e0 MWLogin.net, assurez-vous que le routeur est allum\u00e9 et que votre appareil est connect\u00e9 au routeur, soit par une connexion filaire, soit par une connexion sans fil.<\/p>\n<\/div>\n<\/div>\n<\/div>\n<\/div>\n<div class=\"panel\" itemprop=\"mainEntity\" itemscope=\"\" itemtype=\"https:\/\/schema.org\/Question\">\n<div class=\"toggle-link\">\n<h3 class=\"panel-title\" itemprop=\"name\">\n                Que se passe-t-il si l&#8217;on se connecte \u00e0 MWLogin pour la premi\u00e8re fois ?<\/h3>\n<\/div>\n<div class=\"panel-collapse\">\n<div class=\"panel-body\" itemprop=\"acceptedAnswer\" itemscope=\"\" itemtype=\"https:\/\/schema.org\/Answer\">\n<div itemprop=\"text\">\n<p>Si vous vous connectez pour la premi\u00e8re fois sur MWLogin.net, l&#8217;utilisateur sera invit\u00e9 \u00e0 d\u00e9finir et \u00e0 confirmer un mot de passe de connexion qui doit comporter de 6 \u00e0 15 caract\u00e8res. Ce mot de passe est sensible \u00e0 la casse.<\/p>\n<\/div>\n<\/div>\n<\/div>\n<\/div>\n<div class=\"panel\" itemprop=\"mainEntity\" itemscope=\"\" itemtype=\"https:\/\/schema.org\/Question\">\n<div class=\"toggle-link\">\n<h3 class=\"panel-title\" itemprop=\"name\">\n                Est-il possible de modifier le SSID du r\u00e9seau Wi-Fi Mercusys ?<\/h3>\n<\/div>\n<div class=\"panel-collapse\">\n<div class=\"panel-body\" itemprop=\"acceptedAnswer\" itemscope=\"\" itemtype=\"https:\/\/schema.org\/Answer\">\n<div itemprop=\"text\">\n<p>Oui, le SSID du r\u00e9seau Wi-Fi Mercusys peut \u00eatre modifi\u00e9 via le panneau d&#8217;administration bas\u00e9 sur le web de MWLogin.<\/p>\n<\/div>\n<\/div>\n<\/div>\n<\/div>\n<div class=\"panel\" itemprop=\"mainEntity\" itemscope=\"\" itemtype=\"https:\/\/schema.org\/Question\">\n<div class=\"toggle-link\">\n<h3 class=\"panel-title\" itemprop=\"name\">\n                Quelle est la proc\u00e9dure pour changer le SSID du r\u00e9seau Wi-Fi Mercusys ?<\/h3>\n<\/div>\n<div class=\"panel-collapse\">\n<div class=\"panel-body\" itemprop=\"acceptedAnswer\" itemscope=\"\" itemtype=\"https:\/\/schema.org\/Answer\">\n<div itemprop=\"text\">\n<p>Pour changer le SSID du r\u00e9seau Wi-Fi Mercusys, connectez-vous au panneau d&#8217;administration bas\u00e9 sur le web. Cliquez sur l&#8217;onglet Basic, suivi de l&#8217;option Wireless dans le menu de gauche. Saisissez le nouveau Wi-Fi SSID dans le champ d\u00e9sign\u00e9 et cliquez sur save. Le Wi-Fi Network SSID devrait maintenant \u00eatre mis \u00e0 jour.<\/p>\n<\/div>\n<\/div>\n<\/div>\n<\/div>\n<div class=\"panel\" itemprop=\"mainEntity\" itemscope=\"\" itemtype=\"https:\/\/schema.org\/Question\">\n<div class=\"toggle-link\">\n<h3 class=\"panel-title\" itemprop=\"name\">\n                Est-il possible de modifier d&#8217;autres param\u00e8tres via le panneau d&#8217;administration bas\u00e9 sur le web ?<\/h3>\n<\/div>\n<div class=\"panel-collapse\">\n<div class=\"panel-body\" itemprop=\"acceptedAnswer\" itemscope=\"\" itemtype=\"https:\/\/schema.org\/Answer\">\n<div itemprop=\"text\">\n<p>Oui, une multitude de param\u00e8tres, y compris le mot de passe Wi-Fi, peuvent \u00eatre modifi\u00e9s via le panneau d&#8217;administration bas\u00e9 sur le web.<\/p>\n<\/div>\n<\/div>\n<\/div>\n<\/div>\n<div class=\"panel\" itemprop=\"mainEntity\" itemscope=\"\" itemtype=\"https:\/\/schema.org\/Question\">\n<div class=\"toggle-link\">\n<h3 class=\"panel-title\" itemprop=\"name\">\n                Comment peut-on changer le mot de passe du r\u00e9seau Wi-Fi Mercusys ?<\/h3>\n<\/div>\n<div class=\"panel-collapse\">\n<div class=\"panel-body\" itemprop=\"acceptedAnswer\" itemscope=\"\" itemtype=\"https:\/\/schema.org\/Answer\">\n<div itemprop=\"text\">\n<p>Pour modifier le mot de passe du r\u00e9seau Wi-Fi Mercusys, connectez-vous au panneau d&#8217;administration bas\u00e9 sur le web. Rendez-vous \u00e0 l&#8217;onglet Basic, puis \u00e0 l&#8217;option Wireless dans le menu de gauche. Saisissez votre nouveau mot de passe Wi-Fi dans le champ Password et cliquez sur l&#8217;option save. Le mot de passe Wi-Fi devrait maintenant \u00eatre mis \u00e0 jour.<\/p>\n<\/div>\n<\/div>\n<\/div>\n<\/div>\n<div class=\"panel\" itemprop=\"mainEntity\" itemscope=\"\" itemtype=\"https:\/\/schema.org\/Question\">\n<div class=\"toggle-link\">\n<h3 class=\"panel-title\" itemprop=\"name\">\n                Quelles sont les exigences pour le nouveau mot de passe Wi-Fi ?<\/h3>\n<\/div>\n<div class=\"panel-collapse\">\n<div class=\"panel-body\" itemprop=\"acceptedAnswer\" itemscope=\"\" itemtype=\"https:\/\/schema.org\/Answer\">\n<div itemprop=\"text\">\n<p>Le nouveau mot de passe Wi-Fi doit \u00e9galement comprendre de 6 \u00e0 15 caract\u00e8res et \u00eatre sensible \u00e0 la casse.<\/p>\n<\/div>\n<\/div>\n<\/div>\n<\/div>\n<div class=\"panel\" itemprop=\"mainEntity\" itemscope=\"\" itemtype=\"https:\/\/schema.org\/Question\">\n<div class=\"toggle-link\">\n<h3 class=\"panel-title\" itemprop=\"name\">\n                Que se passe-t-il si l&#8217;on oublie les identifiants de connexion \u00e0 MWLogin.net ?<\/h3>\n<\/div>\n<div class=\"panel-collapse\">\n<div class=\"panel-body\" itemprop=\"acceptedAnswer\" itemscope=\"\" itemtype=\"https:\/\/schema.org\/Answer\">\n<div itemprop=\"text\">\n<p>Si l&#8217;on oublie les identifiants de connexion \u00e0 MWLogin.net, il faut r\u00e9initialiser le routeur \u00e0 ses param\u00e8tres d&#8217;usine. Cela peut \u00eatre r\u00e9alis\u00e9 en maintenant enfonc\u00e9 le bouton Reset sur le routeur pendant environ dix secondes. N&#8217;oubliez pas que cela effacera tous les param\u00e8tres personnalis\u00e9s, r\u00e9initialisant le routeur \u00e0 ses param\u00e8tres par d\u00e9faut.<\/p>\n<\/div>\n<\/div>\n<\/div>\n<\/div>\n<div class=\"panel\" itemprop=\"mainEntity\" itemscope=\"\" itemtype=\"https:\/\/schema.org\/Question\">\n<div class=\"toggle-link\">\n<h3 class=\"panel-title\" itemprop=\"name\">\n                Est-il possible de r\u00e9initialiser le routeur depuis le panneau d&#8217;administration bas\u00e9 sur le web de MWLogin.net ?<\/h3>\n<\/div>\n<div class=\"panel-collapse\">\n<div class=\"panel-body\" itemprop=\"acceptedAnswer\" itemscope=\"\" itemtype=\"https:\/\/schema.org\/Answer\">\n<div itemprop=\"text\">\n<p>Oui, vous pouvez r\u00e9initialiser le routeur \u00e0 ses param\u00e8tres d&#8217;usine \u00e0 partir du panneau d&#8217;administration bas\u00e9 sur le web de MWLogin.net en naviguant vers l&#8217;onglet System Tools > Factory Defaults et en cliquant sur Restore.<\/p>\n<\/div>\n<\/div>\n<\/div>\n<\/div>\n<div class=\"panel\" itemprop=\"mainEntity\" itemscope=\"\" itemtype=\"https:\/\/schema.org\/Question\">\n<div class=\"toggle-link\">\n<h3 class=\"panel-title\" itemprop=\"name\">\n                Que fait le processus de restauration ?<\/h3>\n<\/div>\n<div class=\"panel-collapse\">\n<div class=\"panel-body\" itemprop=\"acceptedAnswer\" itemscope=\"\" itemtype=\"https:\/\/schema.org\/Answer\">\n<div itemprop=\"text\">\n<p>Le processus de restauration ram\u00e8ne toutes les configurations du routeur aux param\u00e8tres d&#8217;usine par d\u00e9faut. Cela inclut le nom du r\u00e9seau (SSID), le mot de passe Wi-Fi, le mot de passe de connexion, et tous les autres param\u00e8tres.<\/p>\n<\/div>\n<\/div>\n<\/div>\n<\/div>\n<div class=\"panel\" itemprop=\"mainEntity\" itemscope=\"\" itemtype=\"https:\/\/schema.org\/Question\">\n<div class=\"toggle-link\">\n<h3 class=\"panel-title\" itemprop=\"name\">\n                Quelles pr\u00e9cautions faut-il prendre avant de lancer le processus de restauration ?<\/h3>\n<\/div>\n<div class=\"panel-collapse\">\n<div class=\"panel-body\" itemprop=\"acceptedAnswer\" itemscope=\"\" itemtype=\"https:\/\/schema.org\/Answer\">\n<div itemprop=\"text\">\n<p>Il est essentiel de sauvegarder tous les param\u00e8tres actuels avant de lancer le processus de restauration, car toutes les configurations seront perdues et ne pourront pas \u00eatre r\u00e9cup\u00e9r\u00e9es.<\/p>\n<\/div>\n<\/div>\n<\/div>\n<\/div>\n<div class=\"panel\" itemprop=\"mainEntity\" itemscope=\"\" itemtype=\"https:\/\/schema.org\/Question\">\n<div class=\"toggle-link\">\n<h3 class=\"panel-title\" itemprop=\"name\">\n                Est-il possible de sauvegarder les param\u00e8tres du routeur ?<\/h3>\n<\/div>\n<div class=\"panel-collapse\">\n<div class=\"panel-body\" itemprop=\"acceptedAnswer\" itemscope=\"\" itemtype=\"https:\/\/schema.org\/Answer\">\n<div itemprop=\"text\">\n<p>Oui, les utilisateurs peuvent sauvegarder la configuration de leur routeur en se rendant \u00e0 System Tools > Backup and Restore depuis le panneau d&#8217;administration bas\u00e9 sur le web de MWLogin.net.<\/p>\n<\/div>\n<\/div>\n<\/div>\n<\/div>\n<div class=\"panel\" itemprop=\"mainEntity\" itemscope=\"\" itemtype=\"https:\/\/schema.org\/Question\">\n<div class=\"toggle-link\">\n<h3 class=\"panel-title\" itemprop=\"name\">\n                Que se passe-t-il apr\u00e8s une sauvegarde r\u00e9ussie ?<\/h3>\n<\/div>\n<div class=\"panel-collapse\">\n<div class=\"panel-body\" itemprop=\"acceptedAnswer\" itemscope=\"\" itemtype=\"https:\/\/schema.org\/Answer\">\n<div itemprop=\"text\">\n<p>Apr\u00e8s une sauvegarde r\u00e9ussie, un fichier .bin des param\u00e8tres sauvegard\u00e9s est g\u00e9n\u00e9r\u00e9 et peut \u00eatre stock\u00e9 dans un endroit s\u00fbr. Ce fichier peut \u00eatre utilis\u00e9 pour restaurer vos param\u00e8tres \u00e0 l&#8217;avenir si n\u00e9cessaire.<\/p>\n<\/div>\n<\/div>\n<\/div>\n<\/div>\n<div class=\"panel\" itemprop=\"mainEntity\" itemscope=\"\" itemtype=\"https:\/\/schema.org\/Question\">\n<div class=\"toggle-link\">\n<h3 class=\"panel-title\" itemprop=\"name\">\n                Comment les param\u00e8tres par d\u00e9faut affectent-ils les identifiants de connexion par d\u00e9faut ?<\/h3>\n<\/div>\n<div class=\"panel-collapse\">\n<div class=\"panel-body\" itemprop=\"acceptedAnswer\" itemscope=\"\" itemtype=\"https:\/\/schema.org\/Answer\">\n<div itemprop=\"text\">\n<p>Lors de la restauration des param\u00e8tres d&#8217;usine, les identifiants de connexion par d\u00e9faut sont \u00e9galement r\u00e9initialis\u00e9s. Le nom d&#8217;utilisateur et le mot de passe par d\u00e9faut pour la plupart des routeurs Mercusys sont &#8216;admin&#8217; et &#8216;admin&#8217; respectivement.<\/p>\n<\/div>\n<\/div>\n<\/div>\n<\/div>\n<div class=\"panel\" itemprop=\"mainEntity\" itemscope=\"\" itemtype=\"https:\/\/schema.org\/Question\">\n<div class=\"toggle-link\">\n<h3 class=\"panel-title\" itemprop=\"name\">\n                La connexion r\u00e9seau est-elle stable pendant le processus de restauration ?<\/h3>\n<\/div>\n<div class=\"panel-collapse\">\n<div class=\"panel-body\" itemprop=\"acceptedAnswer\" itemscope=\"\" itemtype=\"https:\/\/schema.org\/Answer\">\n<div itemprop=\"text\">\n<p>Pendant le processus de restauration, la connexion r\u00e9seau sera bri\u00e8vement interrompue mais sera r\u00e9tablie apr\u00e8s le red\u00e9marrage du routeur.<\/p>\n<\/div>\n<\/div>\n<\/div>\n<\/div>\n<div class=\"panel\" itemprop=\"mainEntity\" itemscope=\"\" itemtype=\"https:\/\/schema.org\/Question\">\n<div class=\"toggle-link\">\n<h3 class=\"panel-title\" itemprop=\"name\">\n                Quelles sont les principales caract\u00e9ristiques d&#8217;un routeur Mercusys ?<\/h3>\n<\/div>\n<div class=\"panel-collapse\">\n<div class=\"panel-body\" itemprop=\"acceptedAnswer\" itemscope=\"\" itemtype=\"https:\/\/schema.org\/Answer\">\n<div itemprop=\"text\">\n<p>Un routeur Mercusys dispose d&#8217;une multitude de fonctionnalit\u00e9s, dont une connectivit\u00e9 Wi-Fi \u00e0 haute vitesse, des contr\u00f4les parentaux, un Wi-Fi pour les invit\u00e9s, et une technologie avanc\u00e9e qui am\u00e9liore les vitesses et les performances sans fil.<\/p>\n<\/div>\n<\/div>\n<\/div>\n<\/div>\n<div class=\"panel\" itemprop=\"mainEntity\" itemscope=\"\" itemtype=\"https:\/\/schema.org\/Question\">\n<div class=\"toggle-link\">\n<h3 class=\"panel-title\" itemprop=\"name\">\n                MWLogin.net est-il compatible avec tous les navigateurs ?<\/h3>\n<\/div>\n<div class=\"panel-collapse\">\n<div class=\"panel-body\" itemprop=\"acceptedAnswer\" itemscope=\"\" itemtype=\"https:\/\/schema.org\/Answer\">\n<div itemprop=\"text\">\n<p>MWLogin.net est con\u00e7u pour \u00eatre compatible avec la plupart des navigateurs modernes, tels que Chrome, Firefox et Safari.<\/p>\n<\/div>\n<\/div>\n<\/div>\n<\/div>\n<div class=\"panel\" itemprop=\"mainEntity\" itemscope=\"\" itemtype=\"https:\/\/schema.org\/Question\">\n<div class=\"toggle-link\">\n<h3 class=\"panel-title\" itemprop=\"name\">\n                O\u00f9 peut-on trouver plus d&#8217;informations sur les routeurs Mercusys ?<\/h3>\n<\/div>\n<div class=\"panel-collapse\">\n<div class=\"panel-body\" itemprop=\"acceptedAnswer\" itemscope=\"\" itemtype=\"https:\/\/schema.org\/Answer\">\n<div itemprop=\"text\">\n<p>Vous pouvez trouver plus d&#8217;informations sur les routeurs Mercusys sur leur <a href='https:\/\/www.mercusys.com\/'>site officiel<\/a>.<\/p>\n<\/div>\n<\/div>\n<\/div>\n<\/div>\n<\/section>\n<\/article>\n","protected":false},"excerpt":{"rendered":"<p>Ma\u00eetrisez votre routeur Mercusys avec MWLogin : un guide complet &#127760;&#128187; D\u00e9couvrez la puissance de votre routeur Mercusys avec ce guide d\u00e9taill\u00e9, pr\u00e9par\u00e9 pour vous par votre sympathique explorateur Internet de quartier. Le serveur web int\u00e9gr\u00e9 de votre routeur, connu sous le nom de MWLogin.net, sert de pont entre vous et la vaste gamme de [&hellip;]<\/p>\n","protected":false},"author":2,"featured_media":15,"parent":0,"menu_order":0,"comment_status":"closed","ping_status":"closed","template":"chromecast.php","meta":{"_stopmodifiedupdate":false,"_modified_date":"","_lmt_disableupdate":"yes","_lmt_disable":""},"yoast_head":"<!-- This site is optimized with the Yoast SEO plugin v20.9 - https:\/\/yoast.com\/wordpress\/plugins\/seo\/ -->\n<title>MWLogin - mwlogin.net. Mis \u00e0 jour en 2026<\/title>\n<meta name=\"robots\" content=\"index, follow, max-snippet:-1, max-image-preview:large, max-video-preview:-1\" \/>\n<link rel=\"canonical\" href=\"https:\/\/www.ping.fm\/ip\/fr\/mwloginnet\/\" \/>\n<meta property=\"og:locale\" content=\"en_US\" \/>\n<meta property=\"og:type\" content=\"article\" \/>\n<meta property=\"og:title\" content=\"MWLogin - mwlogin.net. Mis \u00e0 jour en 2026\" \/>\n<meta property=\"og:description\" content=\"Ma\u00eetrisez votre routeur Mercusys avec MWLogin : un guide complet &#127760;&#128187; D\u00e9couvrez la puissance de votre routeur Mercusys avec ce guide d\u00e9taill\u00e9, pr\u00e9par\u00e9 pour vous par votre sympathique explorateur Internet de quartier. Le serveur web int\u00e9gr\u00e9 de votre routeur, connu sous le nom de MWLogin.net, sert de pont entre vous et la vaste gamme de [&hellip;]\" \/>\n<meta property=\"og:url\" content=\"https:\/\/www.ping.fm\/ip\/fr\/mwloginnet\/\" \/>\n<meta property=\"og:site_name\" content=\"IP\" \/>\n<meta property=\"article:modified_time\" content=\"2023-10-20T18:34:09+00:00\" \/>\n<meta property=\"og:image\" content=\"https:\/\/www.ping.fm\/ip\/wp-content\/uploads\/2023\/07\/wifi.jpg\" \/>\n\t<meta property=\"og:image:width\" content=\"1992\" \/>\n\t<meta property=\"og:image:height\" content=\"1852\" \/>\n\t<meta property=\"og:image:type\" content=\"image\/jpeg\" \/>\n<meta name=\"twitter:card\" content=\"summary_large_image\" \/>\n<meta name=\"twitter:label1\" content=\"Est. reading time\" \/>\n\t<meta name=\"twitter:data1\" content=\"7 minutes\" \/>\n<script type=\"application\/ld+json\" class=\"yoast-schema-graph\">{\"@context\":\"https:\/\/schema.org\",\"@graph\":[{\"@type\":\"WebPage\",\"@id\":\"https:\/\/www.ping.fm\/ip\/fr\/mwloginnet\/\",\"url\":\"https:\/\/www.ping.fm\/ip\/fr\/mwloginnet\/\",\"name\":\"MWLogin - mwlogin.net. Mis \u00e0 jour en 2026\",\"isPartOf\":{\"@id\":\"https:\/\/www.ping.fm\/ip\/#website\"},\"datePublished\":\"2023-10-20T18:33:25+00:00\",\"dateModified\":\"2023-10-20T18:34:09+00:00\",\"breadcrumb\":{\"@id\":\"https:\/\/www.ping.fm\/ip\/fr\/mwloginnet\/#breadcrumb\"},\"inLanguage\":\"en-US\",\"potentialAction\":[{\"@type\":\"ReadAction\",\"target\":[\"https:\/\/www.ping.fm\/ip\/fr\/mwloginnet\/\"]}]},{\"@type\":\"BreadcrumbList\",\"@id\":\"https:\/\/www.ping.fm\/ip\/fr\/mwloginnet\/#breadcrumb\",\"itemListElement\":[{\"@type\":\"ListItem\",\"position\":1,\"name\":\"Home\",\"item\":\"https:\/\/www.ping.fm\/ip\/\"},{\"@type\":\"ListItem\",\"position\":2,\"name\":\"MWLogin &#8211; mwlogin.net\"}]},{\"@type\":\"WebSite\",\"@id\":\"https:\/\/www.ping.fm\/ip\/#website\",\"url\":\"https:\/\/www.ping.fm\/ip\/\",\"name\":\"IP\",\"description\":\"\",\"potentialAction\":[{\"@type\":\"SearchAction\",\"target\":{\"@type\":\"EntryPoint\",\"urlTemplate\":\"https:\/\/www.ping.fm\/ip\/?s={search_term_string}\"},\"query-input\":\"required name=search_term_string\"}],\"inLanguage\":\"en-US\"}]}<\/script>\n<!-- \/ Yoast SEO plugin. -->","yoast_head_json":{"title":"MWLogin - mwlogin.net. Mis \u00e0 jour en 2026","robots":{"index":"index","follow":"follow","max-snippet":"max-snippet:-1","max-image-preview":"max-image-preview:large","max-video-preview":"max-video-preview:-1"},"canonical":"https:\/\/www.ping.fm\/ip\/fr\/mwloginnet\/","og_locale":"en_US","og_type":"article","og_title":"MWLogin - mwlogin.net. Mis \u00e0 jour en 2026","og_description":"Ma\u00eetrisez votre routeur Mercusys avec MWLogin : un guide complet &#127760;&#128187; D\u00e9couvrez la puissance de votre routeur Mercusys avec ce guide d\u00e9taill\u00e9, pr\u00e9par\u00e9 pour vous par votre sympathique explorateur Internet de quartier. Le serveur web int\u00e9gr\u00e9 de votre routeur, connu sous le nom de MWLogin.net, sert de pont entre vous et la vaste gamme de [&hellip;]","og_url":"https:\/\/www.ping.fm\/ip\/fr\/mwloginnet\/","og_site_name":"IP","article_modified_time":"2023-10-20T18:34:09+00:00","og_image":[{"width":1992,"height":1852,"url":"https:\/\/www.ping.fm\/ip\/wp-content\/uploads\/2023\/07\/wifi.jpg","type":"image\/jpeg"}],"twitter_card":"summary_large_image","twitter_misc":{"Est. reading time":"7 minutes"},"schema":{"@context":"https:\/\/schema.org","@graph":[{"@type":"WebPage","@id":"https:\/\/www.ping.fm\/ip\/fr\/mwloginnet\/","url":"https:\/\/www.ping.fm\/ip\/fr\/mwloginnet\/","name":"MWLogin - mwlogin.net. Mis \u00e0 jour en 2026","isPartOf":{"@id":"https:\/\/www.ping.fm\/ip\/#website"},"datePublished":"2023-10-20T18:33:25+00:00","dateModified":"2023-10-20T18:34:09+00:00","breadcrumb":{"@id":"https:\/\/www.ping.fm\/ip\/fr\/mwloginnet\/#breadcrumb"},"inLanguage":"en-US","potentialAction":[{"@type":"ReadAction","target":["https:\/\/www.ping.fm\/ip\/fr\/mwloginnet\/"]}]},{"@type":"BreadcrumbList","@id":"https:\/\/www.ping.fm\/ip\/fr\/mwloginnet\/#breadcrumb","itemListElement":[{"@type":"ListItem","position":1,"name":"Home","item":"https:\/\/www.ping.fm\/ip\/"},{"@type":"ListItem","position":2,"name":"MWLogin &#8211; mwlogin.net"}]},{"@type":"WebSite","@id":"https:\/\/www.ping.fm\/ip\/#website","url":"https:\/\/www.ping.fm\/ip\/","name":"IP","description":"","potentialAction":[{"@type":"SearchAction","target":{"@type":"EntryPoint","urlTemplate":"https:\/\/www.ping.fm\/ip\/?s={search_term_string}"},"query-input":"required name=search_term_string"}],"inLanguage":"en-US"}]}},"_links":{"self":[{"href":"https:\/\/www.ping.fm\/ip\/wp-json\/wp\/v2\/pages\/767"}],"collection":[{"href":"https:\/\/www.ping.fm\/ip\/wp-json\/wp\/v2\/pages"}],"about":[{"href":"https:\/\/www.ping.fm\/ip\/wp-json\/wp\/v2\/types\/page"}],"author":[{"embeddable":true,"href":"https:\/\/www.ping.fm\/ip\/wp-json\/wp\/v2\/users\/2"}],"replies":[{"embeddable":true,"href":"https:\/\/www.ping.fm\/ip\/wp-json\/wp\/v2\/comments?post=767"}],"version-history":[{"count":2,"href":"https:\/\/www.ping.fm\/ip\/wp-json\/wp\/v2\/pages\/767\/revisions"}],"predecessor-version":[{"id":769,"href":"https:\/\/www.ping.fm\/ip\/wp-json\/wp\/v2\/pages\/767\/revisions\/769"}],"wp:featuredmedia":[{"embeddable":true,"href":"https:\/\/www.ping.fm\/ip\/wp-json\/wp\/v2\/media\/15"}],"wp:attachment":[{"href":"https:\/\/www.ping.fm\/ip\/wp-json\/wp\/v2\/media?parent=767"}],"curies":[{"name":"wp","href":"https:\/\/api.w.org\/{rel}","templated":true}]}}