{"id":755,"date":"2023-10-20T18:05:21","date_gmt":"2023-10-20T18:05:21","guid":{"rendered":"https:\/\/www.ping.fm\/ip\/?page_id=755"},"modified":"2023-10-20T18:05:21","modified_gmt":"2023-10-20T18:05:21","slug":"connexion-globe-at-home","status":"publish","type":"page","link":"https:\/\/www.ping.fm\/ip\/fr\/connexion-globe-at-home\/","title":{"rendered":"Connexion au routeur Globe At Home"},"content":{"rendered":"<article>\n<section>\n<h1>Tout ce que vous devez savoir sur la connexion et la configuration du Wi-Fi pour le routeur Globe At Home<\/h1>\n<div class=\"inbrief\">\n<div>\n                                <img src=\"\/ip\/wp-content\/uploads\/generated\/Connexion-au-routeur-Globe-At-Home.jpg\" alt=\"Connexion au routeur Globe At Home\" title=\"Connexion au routeur Globe At Home\" width=\"1280\" height=\"720\"><\/p>\n<p>Salut tout le monde, parlons de comment rendre votre exp\u00e9rience internet avec votre <b>routeur Globe At Home<\/b> encore meilleure que jamais! Oui, vous avez bien lu.&#128187;&#128526; Je vais vous guider sur comment acc\u00e9der et changer les param\u00e8tres via l&#8217;interface web du routeur Globe At Home \u00e0 <a href='http:\/\/&#49;&#57;&#50;.&#49;&#54;&#56;.&#50;&#53;&#52;.&#50;&#53;&#52;'>&#49;&#57;&#50;.&#49;&#54;&#56;.&#50;&#53;&#52;.&#50;&#53;&#52;<\/a>.<\/p>\n<\/div>\n<\/div>\n<\/section>\n<section>\n<div>\n<div>1<\/div>\n<h2>Acc\u00e9der \u00e0 votre routeur Globe At Home<\/h2>\n<\/div>\n<p>Ok les gars, commen\u00e7ons par la premi\u00e8re \u00e9tape. Ouvrez votre navigateur web. Peu importe si vous \u00eates fan de Chrome, un adepte de Firefox ou que vous utilisez Safari. C&#8217;est bon. Ensuite, tapez <b>192.168.254.254<\/b> dans la barre d&#8217;adresse et appuyez sur entr\u00e9e. \ud83d\ude80<br \/> Ensuite, on vous demandera d&#8217;entrer votre nom d&#8217;utilisateur et votre mot de passe. Habituellement, il s&#8217;agit de <b>Nom d&#8217;utilisateur: user<\/b> et <b>Mot de passe: @l03e1t3<\/b>. Cliquez sur le bouton Connexion et voil\u00e0, vous \u00eates connect\u00e9! \ud83c\udf89<br \/>Ne vous inqui\u00e9tez pas si vous ne vous souvenez pas de vos identifiants de connexion. Ces d\u00e9tails peuvent \u00eatre trouv\u00e9s sur un autocollant coll\u00e9 \u00e0 l&#8217;arri\u00e8re de votre modem.<\/p>\n<\/section>\n<section>\n<div>\n<div>2<\/div>\n<h2>Changer votre mot de passe et votre SSID pour le Wi-Fi de votre routeur Globe At Home<\/h2>\n<\/div>\n<p>Passons \u00e0 la deuxi\u00e8me \u00e9tape. Vous \u00eates d\u00e9j\u00e0 connect\u00e9 au routeur. Maintenant, changeons certaines choses. Allez directement \u00e0 <b>R\u00e9seau<\/b> puis trouvez <b>Param\u00e8tres Wlan<\/b> et cliquez sur <b>Avanc\u00e9<\/b>.\ud83d\udd1d<br \/> Commencez par changer le nom de votre R\u00e9seau WiFi dans le champ Nom SSID. Rendez-le cool, comme &#8216;InternetZilla&#8217; ou &#8216;WiFiGenie&#8217;. Vous pouvez le faire! \ud83d\udd96<br \/> Pour le Mode de s\u00e9curit\u00e9, s\u00e9lectionnez <b>WPAPSKWPA2PSK<\/b>. Pour WPA Algorithms, s\u00e9lectionnez <b>TKIPAES<\/b>. Puis, mettez votre nouveau mot de passe WiFi dans le champ Phrase secr\u00e8te.\u270d\ufe0f\ud83d\udd12<br \/> Cliquez sur Appliquer pour enregistrer tous les changements. Vous faites du bon travail!<\/p>\n<\/section>\n<section>\n<div>\n<div>3<\/div>\n<h2>G\u00e9rer votre r\u00e9seau 5GHz<\/h2>\n<\/div>\n<p>Votre t\u00e2che n&#8217;est pas encore termin\u00e9e, mon ami technophile! Certains d&#8217;entre vous utilisent peut-\u00eatre un r\u00e9seau 5GHz. Configurons cela maintenant. Dans le menu Param\u00e8tres Wlan, explorez et trouvez la section <b>5G Avanc\u00e9<\/b>. Comme vous l&#8217;avez fait auparavant, tapez votre Nom SSID et Mot de passe choisis. \ud83d\ude80\ud83c\udf10<br \/> Maintenant, si vous avez l&#8217;un de ces nouveaux WiFi Pr\u00e9pay\u00e9s Globe Home, v\u00e9rifiez les param\u00e8tres du routeur sous l&#8217;onglet <b>Avanc\u00e9<\/b> et <b>Param\u00e8tres de base Wi-Fi<\/b>. C&#8217;est pratiquement le m\u00eame processus, les amis, et vous l&#8217;avez d\u00e9j\u00e0 ma\u00eetris\u00e9!<\/p>\n<\/section>\n<section>\n<h2>Conclusion: \ud83c\udfc1<\/h2>\n<div class=\"nonp\">\n<p>Voil\u00e0, les gars! Esp\u00e9rons que vous avez trouv\u00e9 ces \u00e9tapes utiles et simples. Il s&#8217;agit de rendre votre vie internet un peu plus facile, plus s\u00fbre et plus personnalis\u00e9e. Continuez \u00e0 exp\u00e9rimenter avec la technologie et n&#8217;ayez pas peur de prendre les devants &#8211; domptez ce routeur Globe At Home, les amis! Vous avez le pouvoir! &#128170; &#10084;&#65039;&#65039;<\/p>\n<\/div>\n<\/section>\n<section itemscope=\"\" itemtype=\"https:\/\/schema.org\/FAQPage\">\n<div class=\"panel\" itemprop=\"mainEntity\" itemscope=\"\" itemtype=\"https:\/\/schema.org\/Question\">\n<div class=\"toggle-link\">\n<h3 class=\"panel-title\" itemprop=\"name\">\n                Quelle est l&#8217;adresse IP par d\u00e9faut pour acc\u00e9der au routeur Globe At Home?<\/h3>\n<\/div>\n<div class=\"panel-collapse\">\n<div class=\"panel-body\" itemprop=\"acceptedAnswer\" itemscope=\"\" itemtype=\"https:\/\/schema.org\/Answer\">\n<div itemprop=\"text\">\n<p>L&#8217;adresse IP par d\u00e9faut pour acc\u00e9der au routeur Globe At Home est <a href=http:\/\/192.168.254.254>192.168.254.254<\/a>.<\/p>\n<\/div>\n<\/div>\n<\/div>\n<\/div>\n<div class=\"panel\" itemprop=\"mainEntity\" itemscope=\"\" itemtype=\"https:\/\/schema.org\/Question\">\n<div class=\"toggle-link\">\n<h3 class=\"panel-title\" itemprop=\"name\">\n                Comment puis-je acc\u00e9der \u00e0 l&#8217;interface du routeur Globe At Home?<\/h3>\n<\/div>\n<div class=\"panel-collapse\">\n<div class=\"panel-body\" itemprop=\"acceptedAnswer\" itemscope=\"\" itemtype=\"https:\/\/schema.org\/Answer\">\n<div itemprop=\"text\">\n<p>Ouvrez un navigateur web et entrez <a href=http:\/\/192.168.254.254>192.168.254.254<\/a> dans la barre d&#8217;adresse. Le nom d&#8217;utilisateur est <b>user<\/b> et le mot de passe est g\u00e9n\u00e9ralement <b>@l03e1t3<\/b>; ces informations de connexion peuvent \u00e9galement \u00eatre trouv\u00e9es sur une \u00e9tiquette \u00e0 l&#8217;arri\u00e8re de votre modem.<\/p>\n<\/div>\n<\/div>\n<\/div>\n<\/div>\n<div class=\"panel\" itemprop=\"mainEntity\" itemscope=\"\" itemtype=\"https:\/\/schema.org\/Question\">\n<div class=\"toggle-link\">\n<h3 class=\"panel-title\" itemprop=\"name\">\n                Puis-je modifier les d\u00e9tails de connexion par d\u00e9faut du routeur Globe At Home?<\/h3>\n<\/div>\n<div class=\"panel-collapse\">\n<div class=\"panel-body\" itemprop=\"acceptedAnswer\" itemscope=\"\" itemtype=\"https:\/\/schema.org\/Answer\">\n<div itemprop=\"text\">\n<p>Oui, vous pouvez changer les informations de connexion en vous connectant et en naviguant vers les param\u00e8tres ou la section du profil. N&#8217;oubliez pas de sauvegarder vos nouveau nom d&#8217;utilisateur et mot de passe et de les garder en lieu s\u00fbr.<\/p>\n<\/div>\n<\/div>\n<\/div>\n<\/div>\n<div class=\"panel\" itemprop=\"mainEntity\" itemscope=\"\" itemtype=\"https:\/\/schema.org\/Question\">\n<div class=\"toggle-link\">\n<h3 class=\"panel-title\" itemprop=\"name\">\n                Comment puis-je mettre \u00e0 jour mon nom et mon mot de passe WiFi en utilisant l&#8217;interface du routeur Globe At Home?<\/h3>\n<\/div>\n<div class=\"panel-collapse\">\n<div class=\"panel-body\" itemprop=\"acceptedAnswer\" itemscope=\"\" itemtype=\"https:\/\/schema.org\/Answer\">\n<div itemprop=\"text\">\n<p>Connectez-vous au routeur Globe et allez sur <a href=http:\/\/192.168.254.254>192.168.254.254<\/a> dans votre navigateur. Connectez-vous, s\u00e9lectionnez Network > Wlan Settings > Advanced, tapez votre nom WiFi souhait\u00e9 dans le champ SSID Name, et votre mot de passe souhait\u00e9 dans le champ Passphrase. N&#8217;oubliez pas de cliquer sur Apply pour sauvegarder les modifications.<\/p>\n<\/div>\n<\/div>\n<\/div>\n<\/div>\n<div class=\"panel\" itemprop=\"mainEntity\" itemscope=\"\" itemtype=\"https:\/\/schema.org\/Question\">\n<div class=\"toggle-link\">\n<h3 class=\"panel-title\" itemprop=\"name\">\n                Que signifie SSID en termes de WiFi?<\/h3>\n<\/div>\n<div class=\"panel-collapse\">\n<div class=\"panel-body\" itemprop=\"acceptedAnswer\" itemscope=\"\" itemtype=\"https:\/\/schema.org\/Answer\">\n<div itemprop=\"text\">\n<p>SSID signifie Service Set Identifier. C&#8217;est essentiellement le terme technique pour le nom d&#8217;un r\u00e9seau. Lorsque vous configurez un r\u00e9seau domestique sans fil, vous lui donnez un nom pour le distinguer des autres r\u00e9seaux dans votre voisinage.<\/p>\n<\/div>\n<\/div>\n<\/div>\n<\/div>\n<div class=\"panel\" itemprop=\"mainEntity\" itemscope=\"\" itemtype=\"https:\/\/schema.org\/Question\">\n<div class=\"toggle-link\">\n<h3 class=\"panel-title\" itemprop=\"name\">\n                Comment puis-je modifier les param\u00e8tres de s\u00e9curit\u00e9 de mon routeur Globe At Home?<\/h3>\n<\/div>\n<div class=\"panel-collapse\">\n<div class=\"panel-body\" itemprop=\"acceptedAnswer\" itemscope=\"\" itemtype=\"https:\/\/schema.org\/Answer\">\n<div itemprop=\"text\">\n<p>Cr\u00e9ez un r\u00e9seau s\u00e9curis\u00e9 en vous connectant \u00e0 l&#8217;interface du routeur, puis allez \u00e0 Network > Wlan Settings > Advanced. S\u00e9lectionnez WPAPSKWPA2PSK comme mode de s\u00e9curit\u00e9 et TKIPAES pour WPA Algorithms. N&#8217;oubliez pas de tout sauvegarder avant de quitter.<\/p>\n<\/div>\n<\/div>\n<\/div>\n<\/div>\n<div class=\"panel\" itemprop=\"mainEntity\" itemscope=\"\" itemtype=\"https:\/\/schema.org\/Question\">\n<div class=\"toggle-link\">\n<h3 class=\"panel-title\" itemprop=\"name\">\n                Tous les mots de passe par d\u00e9faut des routeurs Globe At Home sont-ils les m\u00eames?<\/h3>\n<\/div>\n<div class=\"panel-collapse\">\n<div class=\"panel-body\" itemprop=\"acceptedAnswer\" itemscope=\"\" itemtype=\"https:\/\/schema.org\/Answer\">\n<div itemprop=\"text\">\n<p>La plupart des routeurs Globe At Home utilisent user comme nom d&#8217;utilisateur et @l03e1t3 comme mot de passe. Certains routeurs, notamment Huawei, utilisent <a href=mailto:[email&#160;protected]>[email&#160;protected]<\/a>. V\u00e9rifiez toujours l&#8217;\u00e9tiquette de votre modem pour obtenir les identifiants corrects.<\/p>\n<\/div>\n<\/div>\n<\/div>\n<\/div>\n<div class=\"panel\" itemprop=\"mainEntity\" itemscope=\"\" itemtype=\"https:\/\/schema.org\/Question\">\n<div class=\"toggle-link\">\n<h3 class=\"panel-title\" itemprop=\"name\">\n                Que fait une r\u00e9initialisation du routeur \u00e0 mes param\u00e8tres de configuration?<\/h3>\n<\/div>\n<div class=\"panel-collapse\">\n<div class=\"panel-body\" itemprop=\"acceptedAnswer\" itemscope=\"\" itemtype=\"https:\/\/schema.org\/Answer\">\n<div itemprop=\"text\">\n<p>Effectuer une r\u00e9initialisation du routeur ram\u00e8ne vos param\u00e8tres \u00e0 leurs valeurs par d\u00e9faut d&#8217;usine. Cela signifie que toutes les modifications que vous avez effectu\u00e9es, telles que le SSID, le mot de passe et les param\u00e8tres de s\u00e9curit\u00e9, seront perdus et vous devrez les reconfigurer par la suite.<\/p>\n<\/div>\n<\/div>\n<\/div>\n<\/div>\n<div class=\"panel\" itemprop=\"mainEntity\" itemscope=\"\" itemtype=\"https:\/\/schema.org\/Question\">\n<div class=\"toggle-link\">\n<h3 class=\"panel-title\" itemprop=\"name\">\n                Comment effectuer une r\u00e9initialisation d&#8217;usine si je ne peux pas acc\u00e9der \u00e0 l\u2019interface web de mon routeur Globe At Home?<\/h3>\n<\/div>\n<div class=\"panel-collapse\">\n<div class=\"panel-body\" itemprop=\"acceptedAnswer\" itemscope=\"\" itemtype=\"https:\/\/schema.org\/Answer\">\n<div itemprop=\"text\">\n<p>Appuyez et maintenez enfonc\u00e9 le bouton de r\u00e9initialisation de votre routeur pendant environ 10 \u00e0 30 secondes. Le routeur devrait alors red\u00e9marrer et les param\u00e8tres reviendront aux param\u00e8tres par d\u00e9faut d&#8217;usine. N&#8217;oubliez pas qu&#8217;une r\u00e9initialisation d&#8217;usine efface toutes vos configurations.<\/p>\n<\/div>\n<\/div>\n<\/div>\n<\/div>\n<div class=\"panel\" itemprop=\"mainEntity\" itemscope=\"\" itemtype=\"https:\/\/schema.org\/Question\">\n<div class=\"toggle-link\">\n<h3 class=\"panel-title\" itemprop=\"name\">\n                Que signifient WPAPSKWPA2PSK et TKIPAES?<\/h3>\n<\/div>\n<div class=\"panel-collapse\">\n<div class=\"panel-body\" itemprop=\"acceptedAnswer\" itemscope=\"\" itemtype=\"https:\/\/schema.org\/Answer\">\n<div itemprop=\"text\">\n<p>WPAPSKWPA2PSK est un mode de s\u00e9curit\u00e9 qui prot\u00e8ge votre r\u00e9seau. TKIP (Temporal Key Integrity Protocol) et AES (Advanced Encryption Standard) sont des types de chiffrement utilis\u00e9s dans le r\u00e9seau pour s\u00e9curiser davantage votre r\u00e9seau contre l&#8217;acc\u00e8s ext\u00e9rieur.<\/p>\n<\/div>\n<\/div>\n<\/div>\n<\/div>\n<div class=\"panel\" itemprop=\"mainEntity\" itemscope=\"\" itemtype=\"https:\/\/schema.org\/Question\">\n<div class=\"toggle-link\">\n<h3 class=\"panel-title\" itemprop=\"name\">\n                Que faire si je ne peux pas acc\u00e9der \u00e0 l&#8217;interface du routeur Globe At Home?<\/h3>\n<\/div>\n<div class=\"panel-collapse\">\n<div class=\"panel-body\" itemprop=\"acceptedAnswer\" itemscope=\"\" itemtype=\"https:\/\/schema.org\/Answer\">\n<div itemprop=\"text\">\n<p>Assurez-vous que vous utilisez l&#8217;adresse IP correcte, <a href=http:\/\/192.168.254.254>192.168.254.254<\/a>, et les bons identifiants de connexion. Si cela ne fonctionne pas, essayez un autre appareil ou navigateur. Si tout \u00e9choue, vous devrez peut-\u00eatre r\u00e9initialiser votre routeur aux param\u00e8tres par d\u00e9faut.<\/p>\n<\/div>\n<\/div>\n<\/div>\n<\/div>\n<div class=\"panel\" itemprop=\"mainEntity\" itemscope=\"\" itemtype=\"https:\/\/schema.org\/Question\">\n<div class=\"toggle-link\">\n<h3 class=\"panel-title\" itemprop=\"name\">\n                Est-il n\u00e9cessaire de modifier les informations de connexion par d\u00e9faut de mon routeur Globe At Home?<\/h3>\n<\/div>\n<div class=\"panel-collapse\">\n<div class=\"panel-body\" itemprop=\"acceptedAnswer\" itemscope=\"\" itemtype=\"https:\/\/schema.org\/Answer\">\n<div itemprop=\"text\">\n<p>Bien que cela ne soit pas obligatoire, il est conseill\u00e9 de modifier les informations de connexion par d\u00e9faut de votre routeur pour assurer la s\u00e9curit\u00e9 de votre r\u00e9seau. Ne partagez pas ces informations et gardez-les \u00e0 l&#8217;abri des utilisateurs non autoris\u00e9s.<\/p>\n<\/div>\n<\/div>\n<\/div>\n<\/div>\n<div class=\"panel\" itemprop=\"mainEntity\" itemscope=\"\" itemtype=\"https:\/\/schema.org\/Question\">\n<div class=\"toggle-link\">\n<h3 class=\"panel-title\" itemprop=\"name\">\n                Que signifie 5GHz dans le r\u00e9seau sans fil?<\/h3>\n<\/div>\n<div class=\"panel-collapse\">\n<div class=\"panel-body\" itemprop=\"acceptedAnswer\" itemscope=\"\" itemtype=\"https:\/\/schema.org\/Answer\">\n<div itemprop=\"text\">\n<p>Dans le contexte de la technologie WiFi, 5GHz fait r\u00e9f\u00e9rence \u00e0 une bande de fr\u00e9quences qui peut transporter plus de donn\u00e9es que la bande de 2.4GHz g\u00e9n\u00e9ralement utilis\u00e9e. La plupart des routeurs sans fil modernes sont bi-bande, offrant \u00e0 la fois des r\u00e9seaux 2.4GHz et 5GHz.<\/p>\n<\/div>\n<\/div>\n<\/div>\n<\/div>\n<div class=\"panel\" itemprop=\"mainEntity\" itemscope=\"\" itemtype=\"https:\/\/schema.org\/Question\">\n<div class=\"toggle-link\">\n<h3 class=\"panel-title\" itemprop=\"name\">\n                Comment configurer mon r\u00e9seau 5GHz en utilisant l&#8217;interface web du routeur Globe At Home?<\/h3>\n<\/div>\n<div class=\"panel-collapse\">\n<div class=\"panel-body\" itemprop=\"acceptedAnswer\" itemscope=\"\" itemtype=\"https:\/\/schema.org\/Answer\">\n<div itemprop=\"text\">\n<p>Pour configurer votre r\u00e9seau 5GHz, connectez-vous \u00e0 l&#8217;interface du routeur globe, s\u00e9lectionnez l&#8217;option \u20185G Advanced\u2019 des param\u00e8tres Wlan. Modifiez vos param\u00e8tres comme n\u00e9cessaire, en veillant \u00e0 enregistrer toutes les modifications effectu\u00e9es.<\/p>\n<\/div>\n<\/div>\n<\/div>\n<\/div>\n<div class=\"panel\" itemprop=\"mainEntity\" itemscope=\"\" itemtype=\"https:\/\/schema.org\/Question\">\n<div class=\"toggle-link\">\n<h3 class=\"panel-title\" itemprop=\"name\">\n                Que faire si j&#8217;oublie mes identifiants de connexion personnalis\u00e9s?<\/h3>\n<\/div>\n<div class=\"panel-collapse\">\n<div class=\"panel-body\" itemprop=\"acceptedAnswer\" itemscope=\"\" itemtype=\"https:\/\/schema.org\/Answer\">\n<div itemprop=\"text\">\n<p>Si vous oubliez vos identifiants de connexion personnalis\u00e9s, vous devrez effectuer une r\u00e9initialisation d&#8217;usine de votre routeur. Cela effacera tous vos param\u00e8tres personnalis\u00e9s et restaurera les identifiants de connexion par d\u00e9faut.<\/p>\n<\/div>\n<\/div>\n<\/div>\n<\/div>\n<div class=\"panel\" itemprop=\"mainEntity\" itemscope=\"\" itemtype=\"https:\/\/schema.org\/Question\">\n<div class=\"toggle-link\">\n<h3 class=\"panel-title\" itemprop=\"name\">\n                Est-il n\u00e9cessaire d&#8217;avoir un mot de passe pour mon r\u00e9seau WiFi?<\/h3>\n<\/div>\n<div class=\"panel-collapse\">\n<div class=\"panel-body\" itemprop=\"acceptedAnswer\" itemscope=\"\" itemtype=\"https:\/\/schema.org\/Answer\">\n<div itemprop=\"text\">\n<p>Oui, avoir un mot de passe WiFi aide \u00e0 prot\u00e9ger votre r\u00e9seau contre une utilisation non d\u00e9sir\u00e9e et des menaces de s\u00e9curit\u00e9 potentielles.<\/p>\n<\/div>\n<\/div>\n<\/div>\n<\/div>\n<div class=\"panel\" itemprop=\"mainEntity\" itemscope=\"\" itemtype=\"https:\/\/schema.org\/Question\">\n<div class=\"toggle-link\">\n<h3 class=\"panel-title\" itemprop=\"name\">\n                Puis-je acc\u00e9der \u00e0 l&#8217;interface du routeur Globe At Home en utilisant mon t\u00e9l\u00e9phone?<\/h3>\n<\/div>\n<div class=\"panel-collapse\">\n<div class=\"panel-body\" itemprop=\"acceptedAnswer\" itemscope=\"\" itemtype=\"https:\/\/schema.org\/Answer\">\n<div itemprop=\"text\">\n<p>Oui, vous pouvez acc\u00e9der \u00e0 l&#8217;interface du routeur en utilisant l&#8217;adresse IP <a href=http:\/\/192.168.254.254>192.168.254.254<\/a> \u00e0 partir du navigateur de votre smartphone ou tablette.<\/p>\n<\/div>\n<\/div>\n<\/div>\n<\/div>\n<div class=\"panel\" itemprop=\"mainEntity\" itemscope=\"\" itemtype=\"https:\/\/schema.org\/Question\">\n<div class=\"toggle-link\">\n<h3 class=\"panel-title\" itemprop=\"name\">\n                Est-il possible de limiter le nombre d&#8217;appareils connect\u00e9s \u00e0 mon r\u00e9seau WiFi via le routeur Globe At Home?<\/h3>\n<\/div>\n<div class=\"panel-collapse\">\n<div class=\"panel-body\" itemprop=\"acceptedAnswer\" itemscope=\"\" itemtype=\"https:\/\/schema.org\/Answer\">\n<div itemprop=\"text\">\n<p>Oui, vous pouvez g\u00e9rer le nombre d&#8217;appareils connect\u00e9s \u00e0 votre r\u00e9seau en configurant les param\u00e8tres dans votre interface de routeur Globe At Home.<\/p>\n<\/div>\n<\/div>\n<\/div>\n<\/div>\n<div class=\"panel\" itemprop=\"mainEntity\" itemscope=\"\" itemtype=\"https:\/\/schema.org\/Question\">\n<div class=\"toggle-link\">\n<h3 class=\"panel-title\" itemprop=\"name\">\n                Puis-je surveiller ma consommation de donn\u00e9es via l&#8217;interface du routeur Globe At Home?<\/h3>\n<\/div>\n<div class=\"panel-collapse\">\n<div class=\"panel-body\" itemprop=\"acceptedAnswer\" itemscope=\"\" itemtype=\"https:\/\/schema.org\/Answer\">\n<div itemprop=\"text\">\n<p>Certains mod\u00e8les de routeur vous permettent de surveiller l&#8217;utilisation des donn\u00e9es via l&#8217;interface du routeur. Consultez le manuel de votre routeur ou ses fonctionnalit\u00e9s en ligne pour plus de d\u00e9tails.<\/p>\n<\/div>\n<\/div>\n<\/div>\n<\/div>\n<div class=\"panel\" itemprop=\"mainEntity\" itemscope=\"\" itemtype=\"https:\/\/schema.org\/Question\">\n<div class=\"toggle-link\">\n<h3 class=\"panel-title\" itemprop=\"name\">\n                Puis-je bloquer certains appareils sur mon r\u00e9seau WiFi?<\/h3>\n<\/div>\n<div class=\"panel-collapse\">\n<div class=\"panel-body\" itemprop=\"acceptedAnswer\" itemscope=\"\" itemtype=\"https:\/\/schema.org\/Answer\">\n<div itemprop=\"text\">\n<p>Vous pouvez bloquer certains appareils pour qu&#8217;ils n&#8217;acc\u00e8dent pas \u00e0 votre r\u00e9seau WiFi en acc\u00e9dant \u00e0 la section \u2018Device Settings\u2019 ou &#8216;Device Control&#8217; dans l&#8217;interface web de votre routeur Globe At Home.<\/p>\n<\/div>\n<\/div>\n<\/div>\n<\/div>\n<\/section>\n<\/article>\n","protected":false},"excerpt":{"rendered":"<p>Tout ce que vous devez savoir sur la connexion et la configuration du Wi-Fi pour le routeur Globe At Home Salut tout le monde, parlons de comment rendre votre exp\u00e9rience internet avec votre routeur Globe At Home encore meilleure que jamais! Oui, vous avez bien lu.&#128187;&#128526; Je vais vous guider sur comment acc\u00e9der et changer [&hellip;]<\/p>\n","protected":false},"author":2,"featured_media":15,"parent":0,"menu_order":0,"comment_status":"closed","ping_status":"closed","template":"chromecast.php","meta":{"_stopmodifiedupdate":false,"_modified_date":"","_lmt_disableupdate":"yes","_lmt_disable":""},"yoast_head":"<!-- This site is optimized with the Yoast SEO plugin v20.9 - https:\/\/yoast.com\/wordpress\/plugins\/seo\/ -->\n<title>Connexion au routeur Globe At Home. Mis \u00e0 jour en 2026<\/title>\n<meta name=\"robots\" content=\"index, follow, max-snippet:-1, max-image-preview:large, max-video-preview:-1\" \/>\n<link rel=\"canonical\" href=\"https:\/\/www.ping.fm\/ip\/fr\/connexion-globe-at-home\/\" \/>\n<meta property=\"og:locale\" content=\"en_US\" \/>\n<meta property=\"og:type\" content=\"article\" \/>\n<meta property=\"og:title\" content=\"Connexion au routeur Globe At Home. Mis \u00e0 jour en 2026\" \/>\n<meta property=\"og:description\" content=\"Tout ce que vous devez savoir sur la connexion et la configuration du Wi-Fi pour le routeur Globe At Home Salut tout le monde, parlons de comment rendre votre exp\u00e9rience internet avec votre routeur Globe At Home encore meilleure que jamais! Oui, vous avez bien lu.&#128187;&#128526; Je vais vous guider sur comment acc\u00e9der et changer [&hellip;]\" \/>\n<meta property=\"og:url\" content=\"https:\/\/www.ping.fm\/ip\/fr\/connexion-globe-at-home\/\" \/>\n<meta property=\"og:site_name\" content=\"IP\" \/>\n<meta property=\"og:image\" content=\"https:\/\/www.ping.fm\/ip\/wp-content\/uploads\/2023\/07\/wifi.jpg\" \/>\n\t<meta property=\"og:image:width\" content=\"1992\" \/>\n\t<meta property=\"og:image:height\" content=\"1852\" \/>\n\t<meta property=\"og:image:type\" content=\"image\/jpeg\" \/>\n<meta name=\"twitter:card\" content=\"summary_large_image\" \/>\n<script type=\"application\/ld+json\" class=\"yoast-schema-graph\">{\"@context\":\"https:\/\/schema.org\",\"@graph\":[{\"@type\":\"WebPage\",\"@id\":\"https:\/\/www.ping.fm\/ip\/fr\/connexion-globe-at-home\/\",\"url\":\"https:\/\/www.ping.fm\/ip\/fr\/connexion-globe-at-home\/\",\"name\":\"Connexion au routeur Globe At Home. Mis \u00e0 jour en 2026\",\"isPartOf\":{\"@id\":\"https:\/\/www.ping.fm\/ip\/#website\"},\"datePublished\":\"2023-10-20T18:05:21+00:00\",\"dateModified\":\"2023-10-20T18:05:21+00:00\",\"breadcrumb\":{\"@id\":\"https:\/\/www.ping.fm\/ip\/fr\/connexion-globe-at-home\/#breadcrumb\"},\"inLanguage\":\"en-US\",\"potentialAction\":[{\"@type\":\"ReadAction\",\"target\":[\"https:\/\/www.ping.fm\/ip\/fr\/connexion-globe-at-home\/\"]}]},{\"@type\":\"BreadcrumbList\",\"@id\":\"https:\/\/www.ping.fm\/ip\/fr\/connexion-globe-at-home\/#breadcrumb\",\"itemListElement\":[{\"@type\":\"ListItem\",\"position\":1,\"name\":\"Home\",\"item\":\"https:\/\/www.ping.fm\/ip\/\"},{\"@type\":\"ListItem\",\"position\":2,\"name\":\"Connexion au routeur Globe At Home\"}]},{\"@type\":\"WebSite\",\"@id\":\"https:\/\/www.ping.fm\/ip\/#website\",\"url\":\"https:\/\/www.ping.fm\/ip\/\",\"name\":\"IP\",\"description\":\"\",\"potentialAction\":[{\"@type\":\"SearchAction\",\"target\":{\"@type\":\"EntryPoint\",\"urlTemplate\":\"https:\/\/www.ping.fm\/ip\/?s={search_term_string}\"},\"query-input\":\"required name=search_term_string\"}],\"inLanguage\":\"en-US\"}]}<\/script>\n<!-- \/ Yoast SEO plugin. -->","yoast_head_json":{"title":"Connexion au routeur Globe At Home. Mis \u00e0 jour en 2026","robots":{"index":"index","follow":"follow","max-snippet":"max-snippet:-1","max-image-preview":"max-image-preview:large","max-video-preview":"max-video-preview:-1"},"canonical":"https:\/\/www.ping.fm\/ip\/fr\/connexion-globe-at-home\/","og_locale":"en_US","og_type":"article","og_title":"Connexion au routeur Globe At Home. Mis \u00e0 jour en 2026","og_description":"Tout ce que vous devez savoir sur la connexion et la configuration du Wi-Fi pour le routeur Globe At Home Salut tout le monde, parlons de comment rendre votre exp\u00e9rience internet avec votre routeur Globe At Home encore meilleure que jamais! Oui, vous avez bien lu.&#128187;&#128526; Je vais vous guider sur comment acc\u00e9der et changer [&hellip;]","og_url":"https:\/\/www.ping.fm\/ip\/fr\/connexion-globe-at-home\/","og_site_name":"IP","og_image":[{"width":1992,"height":1852,"url":"https:\/\/www.ping.fm\/ip\/wp-content\/uploads\/2023\/07\/wifi.jpg","type":"image\/jpeg"}],"twitter_card":"summary_large_image","schema":{"@context":"https:\/\/schema.org","@graph":[{"@type":"WebPage","@id":"https:\/\/www.ping.fm\/ip\/fr\/connexion-globe-at-home\/","url":"https:\/\/www.ping.fm\/ip\/fr\/connexion-globe-at-home\/","name":"Connexion au routeur Globe At Home. Mis \u00e0 jour en 2026","isPartOf":{"@id":"https:\/\/www.ping.fm\/ip\/#website"},"datePublished":"2023-10-20T18:05:21+00:00","dateModified":"2023-10-20T18:05:21+00:00","breadcrumb":{"@id":"https:\/\/www.ping.fm\/ip\/fr\/connexion-globe-at-home\/#breadcrumb"},"inLanguage":"en-US","potentialAction":[{"@type":"ReadAction","target":["https:\/\/www.ping.fm\/ip\/fr\/connexion-globe-at-home\/"]}]},{"@type":"BreadcrumbList","@id":"https:\/\/www.ping.fm\/ip\/fr\/connexion-globe-at-home\/#breadcrumb","itemListElement":[{"@type":"ListItem","position":1,"name":"Home","item":"https:\/\/www.ping.fm\/ip\/"},{"@type":"ListItem","position":2,"name":"Connexion au routeur Globe At Home"}]},{"@type":"WebSite","@id":"https:\/\/www.ping.fm\/ip\/#website","url":"https:\/\/www.ping.fm\/ip\/","name":"IP","description":"","potentialAction":[{"@type":"SearchAction","target":{"@type":"EntryPoint","urlTemplate":"https:\/\/www.ping.fm\/ip\/?s={search_term_string}"},"query-input":"required name=search_term_string"}],"inLanguage":"en-US"}]}},"_links":{"self":[{"href":"https:\/\/www.ping.fm\/ip\/wp-json\/wp\/v2\/pages\/755"}],"collection":[{"href":"https:\/\/www.ping.fm\/ip\/wp-json\/wp\/v2\/pages"}],"about":[{"href":"https:\/\/www.ping.fm\/ip\/wp-json\/wp\/v2\/types\/page"}],"author":[{"embeddable":true,"href":"https:\/\/www.ping.fm\/ip\/wp-json\/wp\/v2\/users\/2"}],"replies":[{"embeddable":true,"href":"https:\/\/www.ping.fm\/ip\/wp-json\/wp\/v2\/comments?post=755"}],"version-history":[{"count":1,"href":"https:\/\/www.ping.fm\/ip\/wp-json\/wp\/v2\/pages\/755\/revisions"}],"predecessor-version":[{"id":756,"href":"https:\/\/www.ping.fm\/ip\/wp-json\/wp\/v2\/pages\/755\/revisions\/756"}],"wp:featuredmedia":[{"embeddable":true,"href":"https:\/\/www.ping.fm\/ip\/wp-json\/wp\/v2\/media\/15"}],"wp:attachment":[{"href":"https:\/\/www.ping.fm\/ip\/wp-json\/wp\/v2\/media?parent=755"}],"curies":[{"name":"wp","href":"https:\/\/api.w.org\/{rel}","templated":true}]}}