{"id":738,"date":"2023-10-20T17:51:21","date_gmt":"2023-10-20T17:51:21","guid":{"rendered":"https:\/\/www.ping.fm\/ip\/?page_id=738"},"modified":"2023-10-20T17:51:21","modified_gmt":"2023-10-20T17:51:21","slug":"connexion-au-routeur-tenda","status":"publish","type":"page","link":"https:\/\/www.ping.fm\/ip\/fr\/connexion-au-routeur-tenda\/","title":{"rendered":"Connexion au routeur Tenda"},"content":{"rendered":"<article>\n<section>\n<h1>D\u00e9bloquer le potentiel du routeur Tenda : Guide complet pour la connexion, le changement d&#8217;identifiant SSID et du mot de passe WiFi<\/h1>\n<div class=\"inbrief\">\n<div>\n                                <img src=\"\/ip\/wp-content\/uploads\/generated\/Connexion-au-routeur-Tenda.jpg\" alt=\"Connexion au routeur Tenda\" title=\"Connexion au routeur Tenda\" width=\"1280\" height=\"720\"><\/p>\n<p>Votre routeur Tenda est bien plus qu&#8217;un simple appareil qui vous connecte \u00e0 Internet. Avec quelques \u00e9tapes simples, vous pouvez d\u00e9bloquer une multitude de param\u00e8tres et de fonctionnalit\u00e9s qui vous permettent vraiment de ma\u00eetriser votre r\u00e9seau domestique. Aujourd&#8217;hui, nous allons vous montrer toutes les bonnes choses que votre routeur Tenda a en r\u00e9serve. De la connexion \u00e0 la modification du nom de votre r\u00e9seau WiFi (SSID) et du mot de passe, nous vous avons tout pr\u00e9vu. Et bien s\u00fbr, nous le ferons \u00e0 notre mani\u00e8re, dans le style de MrBeast. Pas de fioritures, seulement des instructions \u00e9tape par \u00e9tape que vous pouvez suivre. Alors, commen\u00e7ons ! &#128640;<\/p>\n<\/div>\n<\/div>\n<\/section>\n<section>\n<div>\n<div>1<\/div>\n<h2>Se connecter \u00e0 votre panneau de contr\u00f4le de routeur Tenda<\/h2>\n<\/div>\n<p>Pour commencer, pour d\u00e9bloquer compl\u00e8tement votre routeur Tenda, vous devrez vous connecter au panneau de contr\u00f4le. Voici comment vous pouvez le faire : <\/p>\n<p> <b>\u00c9tape 1 :<\/b> Connectez votre PC au routeur. Vous pouvez utiliser un c\u00e2ble ethernet ou simplement vous connecter en utilisant le r\u00e9seau WiFi. <b>\u00c9tape 2 :<\/b> Ouvrez votre navigateur web pr\u00e9f\u00e9r\u00e9 et tapez l&#8217;adresse de la passerelle par d\u00e9faut : <a href='http:\/\/192.168.0.1'>http:\/\/192.168.0.1<\/a>. Appuyez sur la touche Entr\u00e9e. <b>\u00c9tape 3 :<\/b> Vous serez accueilli par une page de connexion. Le nom d&#8217;utilisateur et le mot de passe par d\u00e9faut sont <b>admin<\/b>. Ins\u00e9rez-les, appuyez sur Entr\u00e9e, et voil\u00e0, vous \u00eates connect\u00e9 ! \ud83d\udcbb <\/section>\n<section>\n<div>\n<div>2<\/div>\n<h2>Modifier l&#8217;identifiant SSID du r\u00e9seau WiFi Tenda<\/h2>\n<\/div>\n<p>Maintenant, pour une touche personnelle, vous voudrez peut-\u00eatre changer l&#8217;identifiant SSID, qui est le nom de votre r\u00e9seau WiFi. Voici comment :<\/p>\n<p> <b>\u00c9tape 1 :<\/b> Connectez-vous \u00e0 votre panneau de contr\u00f4le de routeur Tenda. <b>\u00c9tape 2 :<\/b> Une fois que vous y \u00eates, cliquez sur &#8216;Wireless&#8217; (sans fil) dans la colonne de gauche. <b>\u00c9tape 3 :<\/b> Cherchez &#8216;Network Name (SSID)&#8217;. Ici, vous devez entrer votre nouvel SSID et cliquer sur &#8216;Apply&#8217; (Appliquer) pour sauvegarder vos modifications. \ud83c\udf10 Votre routeur va effectuer un rapide red\u00e9marrage et votre nouvel SSID sera en place ! \u2728<\/section>\n<section>\n<div>\n<div>3<\/div>\n<h2>Changer le mot de passe du r\u00e9seau WiFi Tenda<\/h2>\n<\/div>\n<p>Passons maintenant \u00e0 la modification du mot de passe WiFi. Je vous guiderai \u00e0 travers les \u00e9tapes :<\/p>\n<p> <b>\u00c9tape 1 :<\/b> Allez dans le panneau de contr\u00f4le du routeur, cliquez sur &#8216;Wireless&#8217; (sans fil). Sous le param\u00e8tre de criptage, assurez-vous qu&#8217;il est r\u00e9gl\u00e9 sur WPA2-PSK. <b>\u00c9tape 2 :<\/b> C&#8217;est le moment de faire preuve de cr\u00e9ativit\u00e9 ! Entrez votre nouveau mot de passe WiFi (combination de 8 \u00e0 63 caract\u00e8res entre des lettres, des chiffres et des symboles) dans le champ &#8216;WPA Pre-Shared Key&#8217; (Cl\u00e9 pr\u00e9-partag\u00e9e WPA). Une fois cela fait, cliquez sur &#8216;Apply&#8217; (Appliquer) pour sauvegarder vos modifications. \u2764  Et voil\u00e0, vous avez un nouveau mot de passe WiFi, pr\u00eat \u00e0 l&#8217;emploi ! \ud83d\udcaa<\/section>\n<section>\n<h2>Conclusion : \ud83c\udfc1<\/h2>\n<div class=\"nonp\">\n<p>Voil\u00e0, c&#8217;est fait ! Avec ces \u00e9tapes simples, vous vous \u00eates non seulement connect\u00e9 \u00e0 votre routeur Tenda, mais vous avez \u00e9galement chang\u00e9 l&#8217;identifiant SSID et le mot de passe WiFi, tout cela par vous-m\u00eame. Votre routeur Tenda est maintenant vraiment \u00e0 vous. &#128526; Continuez \u00e0 exp\u00e9rimenter, explorer et d\u00e9bloquer. Parce que comme nous le disons toujours, le pouvoir est \u00e0 vous ! &#128165;<\/p>\n<\/div>\n<\/section>\n<section itemscope=\"\" itemtype=\"https:\/\/schema.org\/FAQPage\">\n<div class=\"panel\" itemprop=\"mainEntity\" itemscope=\"\" itemtype=\"https:\/\/schema.org\/Question\">\n<div class=\"toggle-link\">\n<h3 class=\"panel-title\" itemprop=\"name\">\n            Quelle est la passerelle par d\u00e9faut de mon routeur Tenda ?<\/h3>\n<\/div>\n<div class=\"panel-collapse\">\n<div class=\"panel-body\" itemprop=\"acceptedAnswer\" itemscope=\"\" itemtype=\"https:\/\/schema.org\/Answer\">\n<div itemprop=\"text\">\n<p>La passerelle par d\u00e9faut d&#8217;un routeur Tenda est <a href='http:\/\/192.168.0.1'>http:\/\/192.168.0.1<\/a>.<\/p>\n<\/div>\n<\/div>\n<\/div>\n<\/div>\n<div class=\"panel\" itemprop=\"mainEntity\" itemscope=\"\" itemtype=\"https:\/\/schema.org\/Question\">\n<div class=\"toggle-link\">\n<h3 class=\"panel-title\" itemprop=\"name\">\n            Quels sont le nom d&#8217;utilisateur et le mot de passe par d\u00e9faut pour un routeur Tenda ?<\/h3>\n<\/div>\n<div class=\"panel-collapse\">\n<div class=\"panel-body\" itemprop=\"acceptedAnswer\" itemscope=\"\" itemtype=\"https:\/\/schema.org\/Answer\">\n<div itemprop=\"text\">\n<p>Pour un routeur Tenda, le nom d&#8217;utilisateur et le mot de passe par d\u00e9faut sont tous deux &#8216;<b>admin<\/b>&#8216;.<\/p>\n<\/div>\n<\/div>\n<\/div>\n<\/div>\n<div class=\"panel\" itemprop=\"mainEntity\" itemscope=\"\" itemtype=\"https:\/\/schema.org\/Question\">\n<div class=\"toggle-link\">\n<h3 class=\"panel-title\" itemprop=\"name\">\n            Comment me connecter \u00e0 mon routeur Tenda ?<\/h3>\n<\/div>\n<div class=\"panel-collapse\">\n<div class=\"panel-body\" itemprop=\"acceptedAnswer\" itemscope=\"\" itemtype=\"https:\/\/schema.org\/Answer\">\n<div itemprop=\"text\">\n<p>Pour vous connecter, allez sur votre navigateur internet choisi et tapez <a href='http:\/\/192.168.0.1'>http:\/\/192.168.0.1<\/a> dans la barre d&#8217;adresse. Vous devrez entrer le nom d&#8217;utilisateur et le mot de passe par d\u00e9faut, tous deux &#8216;<b>admin<\/b>&#8216;.<\/p>\n<\/div>\n<\/div>\n<\/div>\n<\/div>\n<div class=\"panel\" itemprop=\"mainEntity\" itemscope=\"\" itemtype=\"https:\/\/schema.org\/Question\">\n<div class=\"toggle-link\">\n<h3 class=\"panel-title\" itemprop=\"name\">\n            Puis-je changer le SSID de mon r\u00e9seau Wifi Tenda ?<\/h3>\n<\/div>\n<div class=\"panel-collapse\">\n<div class=\"panel-body\" itemprop=\"acceptedAnswer\" itemscope=\"\" itemtype=\"https:\/\/schema.org\/Answer\">\n<div itemprop=\"text\">\n<p>Oui, vous pouvez changer votre SSID de r\u00e9seau Wifi Tenda. Cela se fait via le panneau de contr\u00f4le du routeur, o\u00f9 vous naviguez simplement vers &#8216;Wireless&#8217;, trouvez &#8216;Network Name (SSID)&#8217;, et entrez votre nouveau SSID.<\/p>\n<\/div>\n<\/div>\n<\/div>\n<\/div>\n<div class=\"panel\" itemprop=\"mainEntity\" itemscope=\"\" itemtype=\"https:\/\/schema.org\/Question\">\n<div class=\"toggle-link\">\n<h3 class=\"panel-title\" itemprop=\"name\">\n            Puis-je changer le mot de passe de mon r\u00e9seau WiFi Tenda ?<\/h3>\n<\/div>\n<div class=\"panel-collapse\">\n<div class=\"panel-body\" itemprop=\"acceptedAnswer\" itemscope=\"\" itemtype=\"https:\/\/schema.org\/Answer\">\n<div itemprop=\"text\">\n<p>Oui, vous pouvez changer votre mot de passe WiFi via le panneau de contr\u00f4le de votre routeur. Cela se fait en naviguant vers &#8216;Wireless&#8217;, en s&#8217;assurant que le cryptage est d\u00e9fini sur &#8216;WPA2-PSK&#8217;, et en entrant votre nouveau mot de passe dans le champ &#8216;WPA Pre-Shared Key&#8217;.<\/p>\n<\/div>\n<\/div>\n<\/div>\n<\/div>\n<div class=\"panel\" itemprop=\"mainEntity\" itemscope=\"\" itemtype=\"https:\/\/schema.org\/Question\">\n<div class=\"toggle-link\">\n<h3 class=\"panel-title\" itemprop=\"name\">\n            Comment configurer mon r\u00e9seau invit\u00e9 sur le routeur Tenda ?<\/h3>\n<\/div>\n<div class=\"panel-collapse\">\n<div class=\"panel-body\" itemprop=\"acceptedAnswer\" itemscope=\"\" itemtype=\"https:\/\/schema.org\/Answer\">\n<div itemprop=\"text\">\n<p>Depuis le panneau de contr\u00f4le du routeur Tenda, vous verrez une option pour &#8216;Guest Network&#8217;. En cliquant dessus, vous pouvez configurer un r\u00e9seau invit\u00e9, accordant un acc\u00e8s limit\u00e9 \u00e0 vos invit\u00e9s.<\/p>\n<\/div>\n<\/div>\n<\/div>\n<\/div>\n<div class=\"panel\" itemprop=\"mainEntity\" itemscope=\"\" itemtype=\"https:\/\/schema.org\/Question\">\n<div class=\"toggle-link\">\n<h3 class=\"panel-title\" itemprop=\"name\">\n            \u00c0 quoi sert le pare-feu sur mon routeur Tenda ?<\/h3>\n<\/div>\n<div class=\"panel-collapse\">\n<div class=\"panel-body\" itemprop=\"acceptedAnswer\" itemscope=\"\" itemtype=\"https:\/\/schema.org\/Answer\">\n<div itemprop=\"text\">\n<p>Le pare-feu sur votre routeur Tenda aide \u00e0 prot\u00e9ger votre r\u00e9seau domestique en bloquant le trafic entrant et sortant ind\u00e9sirable.<\/p>\n<\/div>\n<\/div>\n<\/div>\n<\/div>\n<div class=\"panel\" itemprop=\"mainEntity\" itemscope=\"\" itemtype=\"https:\/\/schema.org\/Question\">\n<div class=\"toggle-link\">\n<h3 class=\"panel-title\" itemprop=\"name\">\n            Comment utiliser le transfert de port sur mon routeur Tenda ?<\/h3>\n<\/div>\n<div class=\"panel-collapse\">\n<div class=\"panel-body\" itemprop=\"acceptedAnswer\" itemscope=\"\" itemtype=\"https:\/\/schema.org\/Answer\">\n<div itemprop=\"text\">\n<p>Pour configurer le transfert de port, naviguez vers &#8216;Forwarding&#8217; dans votre panneau de contr\u00f4le de routeur Tenda. Ici, vous pouvez ajouter de nouvelles r\u00e8gles de transfert.<\/p>\n<\/div>\n<\/div>\n<\/div>\n<\/div>\n<div class=\"panel\" itemprop=\"mainEntity\" itemscope=\"\" itemtype=\"https:\/\/schema.org\/Question\">\n<div class=\"toggle-link\">\n<h3 class=\"panel-title\" itemprop=\"name\">\n            Comment acc\u00e9der aux param\u00e8tres avanc\u00e9s sur mon routeur Tenda ?<\/h3>\n<\/div>\n<div class=\"panel-collapse\">\n<div class=\"panel-body\" itemprop=\"acceptedAnswer\" itemscope=\"\" itemtype=\"https:\/\/schema.org\/Answer\">\n<div itemprop=\"text\">\n<p>Pour acc\u00e9der \u00e0 des param\u00e8tres avanc\u00e9s tels que &#8216;Advanced Routing&#8217; et &#8216;Bandwidth Control&#8217;, allez \u00e0 votre panneau de contr\u00f4le de routeur Tenda. De l\u00e0, naviguez vers l&#8217;onglet &#8216;Advanced Settings&#8217;.<\/p>\n<\/div>\n<\/div>\n<\/div>\n<\/div>\n<div class=\"panel\" itemprop=\"mainEntity\" itemscope=\"\" itemtype=\"https:\/\/schema.org\/Question\">\n<div class=\"toggle-link\">\n<h3 class=\"panel-title\" itemprop=\"name\">\n            Puis-je g\u00e9rer mon routeur Tenda \u00e0 distance ?<\/h3>\n<\/div>\n<div class=\"panel-collapse\">\n<div class=\"panel-body\" itemprop=\"acceptedAnswer\" itemscope=\"\" itemtype=\"https:\/\/schema.org\/Answer\">\n<div itemprop=\"text\">\n<p>Oui, vous pouvez g\u00e9rer votre routeur Tenda \u00e0 distance en activant la fonction &#8216;Remote Management&#8217; via le panneau de contr\u00f4le du routeur.<\/p>\n<\/div>\n<\/div>\n<\/div>\n<\/div>\n<div class=\"panel\" itemprop=\"mainEntity\" itemscope=\"\" itemtype=\"https:\/\/schema.org\/Question\">\n<div class=\"toggle-link\">\n<h3 class=\"panel-title\" itemprop=\"name\">\n            Que dois-je faire si j&#8217;oublie mon mot de passe pour le routeur Tenda ?<\/h3>\n<\/div>\n<div class=\"panel-collapse\">\n<div class=\"panel-body\" itemprop=\"acceptedAnswer\" itemscope=\"\" itemtype=\"https:\/\/schema.org\/Answer\">\n<div itemprop=\"text\">\n<p>Si vous oubliez votre mot de passe, effectuez une r\u00e9initialisation d&#8217;usine sur le routeur. Cela r\u00e9initialisera tous les param\u00e8tres, y compris le mot de passe, aux valeurs par d\u00e9faut d&#8217;usine.<\/p>\n<\/div>\n<\/div>\n<\/div>\n<\/div>\n<div class=\"panel\" itemprop=\"mainEntity\" itemscope=\"\" itemtype=\"https:\/\/schema.org\/Question\">\n<div class=\"toggle-link\">\n<h3 class=\"panel-title\" itemprop=\"name\">\n            Comment r\u00e9initialiser mon routeur Tenda ?<\/h3>\n<\/div>\n<div class=\"panel-collapse\">\n<div class=\"panel-body\" itemprop=\"acceptedAnswer\" itemscope=\"\" itemtype=\"https:\/\/schema.org\/Answer\">\n<div itemprop=\"text\">\n<p>Pour une r\u00e9initialisation d&#8217;usine, maintenez enfonc\u00e9 le bouton de r\u00e9initialisation sur le routeur pendant environ dix secondes. Attendez que le routeur red\u00e9marre automatiquement puis vous pouvez utiliser les informations de connexion par d\u00e9faut.<\/p>\n<\/div>\n<\/div>\n<\/div>\n<\/div>\n<div class=\"panel\" itemprop=\"mainEntity\" itemscope=\"\" itemtype=\"https:\/\/schema.org\/Question\">\n<div class=\"toggle-link\">\n<h3 class=\"panel-title\" itemprop=\"name\">\n            Comment mettre \u00e0 jour le firmware de mon routeur Tenda ?<\/h3>\n<\/div>\n<div class=\"panel-collapse\">\n<div class=\"panel-body\" itemprop=\"acceptedAnswer\" itemscope=\"\" itemtype=\"https:\/\/schema.org\/Answer\">\n<div itemprop=\"text\">\n<p>Pour mettre \u00e0 jour le firmware, allez \u00e0 la section &#8216;System Tools&#8217; du panneau de contr\u00f4le. Cliquez sur &#8216;Firmware&#8217;, puis sur &#8216;Check for updates&#8217; pour commencer le processus.<\/p>\n<\/div>\n<\/div>\n<\/div>\n<\/div>\n<div class=\"panel\" itemprop=\"mainEntity\" itemscope=\"\" itemtype=\"https:\/\/schema.org\/Question\">\n<div class=\"toggle-link\">\n<h3 class=\"panel-title\" itemprop=\"name\">\n            Puis-je contr\u00f4ler la bande passante sur mon routeur Tenda ?<\/h3>\n<\/div>\n<div class=\"panel-collapse\">\n<div class=\"panel-body\" itemprop=\"acceptedAnswer\" itemscope=\"\" itemtype=\"https:\/\/schema.org\/Answer\">\n<div itemprop=\"text\">\n<p>Oui, le contr\u00f4le de la bande passante peut \u00eatre g\u00e9r\u00e9 sous &#8216;Bandwidth Control&#8217; dans l&#8217;onglet &#8216;Advanced Settings&#8217; du panneau de contr\u00f4le.<\/p>\n<\/div>\n<\/div>\n<\/div>\n<\/div>\n<div class=\"panel\" itemprop=\"mainEntity\" itemscope=\"\" itemtype=\"https:\/\/schema.org\/Question\">\n<div class=\"toggle-link\">\n<h3 class=\"panel-title\" itemprop=\"name\">\n            Comment activer le VPN sur mon routeur Tenda ?<\/h3>\n<\/div>\n<div class=\"panel-collapse\">\n<div class=\"panel-body\" itemprop=\"acceptedAnswer\" itemscope=\"\" itemtype=\"https:\/\/schema.org\/Answer\">\n<div itemprop=\"text\">\n<p>Via le panneau de contr\u00f4le du routeur, allez \u00e0 &#8216;VPN Settings&#8217; sous &#8216;Advanced Settings&#8217;. Suivez les instructions \u00e0 l&#8217;\u00e9cran pour configurer votre VPN.<\/p>\n<\/div>\n<\/div>\n<\/div>\n<\/div>\n<div class=\"panel\" itemprop=\"mainEntity\" itemscope=\"\" itemtype=\"https:\/\/schema.org\/Question\">\n<div class=\"toggle-link\">\n<h3 class=\"panel-title\" itemprop=\"name\">\n            Puis-je configurer les contr\u00f4les parentaux sur mon routeur Tenda ?<\/h3>\n<\/div>\n<div class=\"panel-collapse\">\n<div class=\"panel-body\" itemprop=\"acceptedAnswer\" itemscope=\"\" itemtype=\"https:\/\/schema.org\/Answer\">\n<div itemprop=\"text\">\n<p>Oui, les contr\u00f4les parentaux peuvent \u00eatre configur\u00e9s dans la section &#8216;Parental Control&#8217; de l&#8217;onglet &#8216;Advanced Settings&#8217; dans le panneau de contr\u00f4le. Cela vous permet de contr\u00f4ler et de limiter l&#8217;acc\u00e8s \u00e0 Internet pour certains appareils.<\/p>\n<\/div>\n<\/div>\n<\/div>\n<\/div>\n<div class=\"panel\" itemprop=\"mainEntity\" itemscope=\"\" itemtype=\"https:\/\/schema.org\/Question\">\n<div class=\"toggle-link\">\n<h3 class=\"panel-title\" itemprop=\"name\">\n            Comment rendre mon r\u00e9seau WiFi Tenda s\u00e9curis\u00e9 ?<\/h3>\n<\/div>\n<div class=\"panel-collapse\">\n<div class=\"panel-body\" itemprop=\"acceptedAnswer\" itemscope=\"\" itemtype=\"https:\/\/schema.org\/Answer\">\n<div itemprop=\"text\">\n<p>Pour une s\u00e9curit\u00e9 optimale, vous devriez changer r\u00e9guli\u00e8rement votre mot de passe de r\u00e9seau WiFi, d\u00e9sactiver la gestion \u00e0 distance, et activer le cryptage WPA2-PSK.<\/p>\n<\/div>\n<\/div>\n<\/div>\n<\/div>\n<div class=\"panel\" itemprop=\"mainEntity\" itemscope=\"\" itemtype=\"https:\/\/schema.org\/Question\">\n<div class=\"toggle-link\">\n<h3 class=\"panel-title\" itemprop=\"name\">\n            Comment am\u00e9liorer la force du signal wifi sur mon routeur Tenda ?<\/h3>\n<\/div>\n<div class=\"panel-collapse\">\n<div class=\"panel-body\" itemprop=\"acceptedAnswer\" itemscope=\"\" itemtype=\"https:\/\/schema.org\/Answer\">\n<div itemprop=\"text\">\n<p>Envisagez de placer le routeur dans un endroit central et ouvert de votre domicile, de r\u00e9duire les interf\u00e9rences provenant d&#8217;autres appareils \u00e9lectroniques, ou d&#8217;essayer de changer le canal sans fil dans les param\u00e8tres de votre routeur pour am\u00e9liorer la force du signal.<\/p>\n<\/div>\n<\/div>\n<\/div>\n<\/div>\n<div class=\"panel\" itemprop=\"mainEntity\" itemscope=\"\" itemtype=\"https:\/\/schema.org\/Question\">\n<div class=\"toggle-link\">\n<h3 class=\"panel-title\" itemprop=\"name\">\n            Puis-je changer l&#8217;adresse IP de mon routeur Tenda ?<\/h3>\n<\/div>\n<div class=\"panel-collapse\">\n<div class=\"panel-body\" itemprop=\"acceptedAnswer\" itemscope=\"\" itemtype=\"https:\/\/schema.org\/Answer\">\n<div itemprop=\"text\">\n<p>Oui, vous pouvez changer l&#8217;adresse IP de votre routeur Tenda en allant \u00e0 l&#8217;onglet &#8216;LAN Settings&#8217; du panneau de contr\u00f4le de votre routeur.<\/p>\n<\/div>\n<\/div>\n<\/div>\n<\/div>\n<div class=\"panel\" itemprop=\"mainEntity\" itemscope=\"\" itemtype=\"https:\/\/schema.org\/Question\">\n<div class=\"toggle-link\">\n<h3 class=\"panel-title\" itemprop=\"name\">\n            Pourquoi la lumi\u00e8re de mon routeur Tenda ne s&#8217;allume-t-elle pas ?<\/h3>\n<\/div>\n<div class=\"panel-collapse\">\n<div class=\"panel-body\" itemprop=\"acceptedAnswer\" itemscope=\"\" itemtype=\"https:\/\/schema.org\/Answer\">\n<div itemprop=\"text\">\n<p>Si la lumi\u00e8re ne s&#8217;allume pas, v\u00e9rifiez que le routeur est correctement connect\u00e9 \u00e0 une source d&#8217;alimentation. Si elle ne s&#8217;allume toujours pas, essayez de r\u00e9initialiser le routeur ou contactez le support Tenda pour obtenir de l&#8217;aide.<\/p>\n<\/div>\n<\/div>\n<\/div>\n<\/div>\n<\/section>\n<\/article>\n","protected":false},"excerpt":{"rendered":"<p>D\u00e9bloquer le potentiel du routeur Tenda : Guide complet pour la connexion, le changement d&#8217;identifiant SSID et du mot de passe WiFi Votre routeur Tenda est bien plus qu&#8217;un simple appareil qui vous connecte \u00e0 Internet. Avec quelques \u00e9tapes simples, vous pouvez d\u00e9bloquer une multitude de param\u00e8tres et de fonctionnalit\u00e9s qui vous permettent vraiment de [&hellip;]<\/p>\n","protected":false},"author":2,"featured_media":15,"parent":0,"menu_order":0,"comment_status":"closed","ping_status":"closed","template":"chromecast.php","meta":{"_stopmodifiedupdate":false,"_modified_date":"","_lmt_disableupdate":"yes","_lmt_disable":""},"yoast_head":"<!-- This site is optimized with the Yoast SEO plugin v20.9 - https:\/\/yoast.com\/wordpress\/plugins\/seo\/ -->\n<title>Connexion au routeur Tenda. Mis \u00e0 jour en 2026<\/title>\n<meta name=\"robots\" content=\"index, follow, max-snippet:-1, max-image-preview:large, max-video-preview:-1\" \/>\n<link rel=\"canonical\" href=\"https:\/\/www.ping.fm\/ip\/fr\/connexion-au-routeur-tenda\/\" \/>\n<meta property=\"og:locale\" content=\"en_US\" \/>\n<meta property=\"og:type\" content=\"article\" \/>\n<meta property=\"og:title\" content=\"Connexion au routeur Tenda. Mis \u00e0 jour en 2026\" \/>\n<meta property=\"og:description\" content=\"D\u00e9bloquer le potentiel du routeur Tenda : Guide complet pour la connexion, le changement d&#8217;identifiant SSID et du mot de passe WiFi Votre routeur Tenda est bien plus qu&#8217;un simple appareil qui vous connecte \u00e0 Internet. Avec quelques \u00e9tapes simples, vous pouvez d\u00e9bloquer une multitude de param\u00e8tres et de fonctionnalit\u00e9s qui vous permettent vraiment de [&hellip;]\" \/>\n<meta property=\"og:url\" content=\"https:\/\/www.ping.fm\/ip\/fr\/connexion-au-routeur-tenda\/\" \/>\n<meta property=\"og:site_name\" content=\"IP\" \/>\n<meta property=\"og:image\" content=\"https:\/\/www.ping.fm\/ip\/wp-content\/uploads\/2023\/07\/wifi.jpg\" \/>\n\t<meta property=\"og:image:width\" content=\"1992\" \/>\n\t<meta property=\"og:image:height\" content=\"1852\" \/>\n\t<meta property=\"og:image:type\" content=\"image\/jpeg\" \/>\n<meta name=\"twitter:card\" content=\"summary_large_image\" \/>\n<script type=\"application\/ld+json\" class=\"yoast-schema-graph\">{\"@context\":\"https:\/\/schema.org\",\"@graph\":[{\"@type\":\"WebPage\",\"@id\":\"https:\/\/www.ping.fm\/ip\/fr\/connexion-au-routeur-tenda\/\",\"url\":\"https:\/\/www.ping.fm\/ip\/fr\/connexion-au-routeur-tenda\/\",\"name\":\"Connexion au routeur Tenda. Mis \u00e0 jour en 2026\",\"isPartOf\":{\"@id\":\"https:\/\/www.ping.fm\/ip\/#website\"},\"datePublished\":\"2023-10-20T17:51:21+00:00\",\"dateModified\":\"2023-10-20T17:51:21+00:00\",\"breadcrumb\":{\"@id\":\"https:\/\/www.ping.fm\/ip\/fr\/connexion-au-routeur-tenda\/#breadcrumb\"},\"inLanguage\":\"en-US\",\"potentialAction\":[{\"@type\":\"ReadAction\",\"target\":[\"https:\/\/www.ping.fm\/ip\/fr\/connexion-au-routeur-tenda\/\"]}]},{\"@type\":\"BreadcrumbList\",\"@id\":\"https:\/\/www.ping.fm\/ip\/fr\/connexion-au-routeur-tenda\/#breadcrumb\",\"itemListElement\":[{\"@type\":\"ListItem\",\"position\":1,\"name\":\"Home\",\"item\":\"https:\/\/www.ping.fm\/ip\/\"},{\"@type\":\"ListItem\",\"position\":2,\"name\":\"Connexion au routeur Tenda\"}]},{\"@type\":\"WebSite\",\"@id\":\"https:\/\/www.ping.fm\/ip\/#website\",\"url\":\"https:\/\/www.ping.fm\/ip\/\",\"name\":\"IP\",\"description\":\"\",\"potentialAction\":[{\"@type\":\"SearchAction\",\"target\":{\"@type\":\"EntryPoint\",\"urlTemplate\":\"https:\/\/www.ping.fm\/ip\/?s={search_term_string}\"},\"query-input\":\"required name=search_term_string\"}],\"inLanguage\":\"en-US\"}]}<\/script>\n<!-- \/ Yoast SEO plugin. -->","yoast_head_json":{"title":"Connexion au routeur Tenda. Mis \u00e0 jour en 2026","robots":{"index":"index","follow":"follow","max-snippet":"max-snippet:-1","max-image-preview":"max-image-preview:large","max-video-preview":"max-video-preview:-1"},"canonical":"https:\/\/www.ping.fm\/ip\/fr\/connexion-au-routeur-tenda\/","og_locale":"en_US","og_type":"article","og_title":"Connexion au routeur Tenda. Mis \u00e0 jour en 2026","og_description":"D\u00e9bloquer le potentiel du routeur Tenda : Guide complet pour la connexion, le changement d&#8217;identifiant SSID et du mot de passe WiFi Votre routeur Tenda est bien plus qu&#8217;un simple appareil qui vous connecte \u00e0 Internet. Avec quelques \u00e9tapes simples, vous pouvez d\u00e9bloquer une multitude de param\u00e8tres et de fonctionnalit\u00e9s qui vous permettent vraiment de [&hellip;]","og_url":"https:\/\/www.ping.fm\/ip\/fr\/connexion-au-routeur-tenda\/","og_site_name":"IP","og_image":[{"width":1992,"height":1852,"url":"https:\/\/www.ping.fm\/ip\/wp-content\/uploads\/2023\/07\/wifi.jpg","type":"image\/jpeg"}],"twitter_card":"summary_large_image","schema":{"@context":"https:\/\/schema.org","@graph":[{"@type":"WebPage","@id":"https:\/\/www.ping.fm\/ip\/fr\/connexion-au-routeur-tenda\/","url":"https:\/\/www.ping.fm\/ip\/fr\/connexion-au-routeur-tenda\/","name":"Connexion au routeur Tenda. Mis \u00e0 jour en 2026","isPartOf":{"@id":"https:\/\/www.ping.fm\/ip\/#website"},"datePublished":"2023-10-20T17:51:21+00:00","dateModified":"2023-10-20T17:51:21+00:00","breadcrumb":{"@id":"https:\/\/www.ping.fm\/ip\/fr\/connexion-au-routeur-tenda\/#breadcrumb"},"inLanguage":"en-US","potentialAction":[{"@type":"ReadAction","target":["https:\/\/www.ping.fm\/ip\/fr\/connexion-au-routeur-tenda\/"]}]},{"@type":"BreadcrumbList","@id":"https:\/\/www.ping.fm\/ip\/fr\/connexion-au-routeur-tenda\/#breadcrumb","itemListElement":[{"@type":"ListItem","position":1,"name":"Home","item":"https:\/\/www.ping.fm\/ip\/"},{"@type":"ListItem","position":2,"name":"Connexion au routeur Tenda"}]},{"@type":"WebSite","@id":"https:\/\/www.ping.fm\/ip\/#website","url":"https:\/\/www.ping.fm\/ip\/","name":"IP","description":"","potentialAction":[{"@type":"SearchAction","target":{"@type":"EntryPoint","urlTemplate":"https:\/\/www.ping.fm\/ip\/?s={search_term_string}"},"query-input":"required name=search_term_string"}],"inLanguage":"en-US"}]}},"_links":{"self":[{"href":"https:\/\/www.ping.fm\/ip\/wp-json\/wp\/v2\/pages\/738"}],"collection":[{"href":"https:\/\/www.ping.fm\/ip\/wp-json\/wp\/v2\/pages"}],"about":[{"href":"https:\/\/www.ping.fm\/ip\/wp-json\/wp\/v2\/types\/page"}],"author":[{"embeddable":true,"href":"https:\/\/www.ping.fm\/ip\/wp-json\/wp\/v2\/users\/2"}],"replies":[{"embeddable":true,"href":"https:\/\/www.ping.fm\/ip\/wp-json\/wp\/v2\/comments?post=738"}],"version-history":[{"count":1,"href":"https:\/\/www.ping.fm\/ip\/wp-json\/wp\/v2\/pages\/738\/revisions"}],"predecessor-version":[{"id":739,"href":"https:\/\/www.ping.fm\/ip\/wp-json\/wp\/v2\/pages\/738\/revisions\/739"}],"wp:featuredmedia":[{"embeddable":true,"href":"https:\/\/www.ping.fm\/ip\/wp-json\/wp\/v2\/media\/15"}],"wp:attachment":[{"href":"https:\/\/www.ping.fm\/ip\/wp-json\/wp\/v2\/media?parent=738"}],"curies":[{"name":"wp","href":"https:\/\/api.w.org\/{rel}","templated":true}]}}