{"id":653,"date":"2023-10-20T16:43:05","date_gmt":"2023-10-20T16:43:05","guid":{"rendered":"https:\/\/www.ping.fm\/ip\/?page_id=653"},"modified":"2023-10-20T16:43:05","modified_gmt":"2023-10-20T16:43:05","slug":"connexion-au-modem-telstra","status":"publish","type":"page","link":"https:\/\/www.ping.fm\/ip\/fr\/connexion-au-modem-telstra\/","title":{"rendered":"Connexion au modem Telstra"},"content":{"rendered":"<article>\n<section>\n<h1>Maitrisez la Connexion au Modem Telstra : Guide Rapide et Facile &#128640;<\/h1>\n<div class=\"inbrief\">\n<div>\n                                <img src=\"\/ip\/wp-content\/uploads\/generated\/Connexion-au-modem-Telstra.jpg\" alt=\"Connexion au Modem Telstra\" title=\"Connexion au Modem Telstra\" width=\"1280\" height=\"720\"><\/p>\n<p>Quoi de neuf, les mecs? &#129300; Vous cherchez \u00e0 acc\u00e9der \u00e0 votre modem Telstra mais vous \u00eates confus sur la mani\u00e8re de proc\u00e9der? Ne vous inqui\u00e9tez pas, car nous avons ce qu&#8217;il vous faut! &#128526; Dans ce guide rapide et facile, nous allons passer par le processus de connexion \u00e0 votre modem Telstra, et comment changer votre mot de passe WiFi, le nom du r\u00e9seau, et plus encore! &#128187;&#127919; Attachez votre ceinture et c&#8217;est parti! &#128640;<\/p>\n<\/div>\n<\/div>\n<\/section>\n<section>\n<div>\n<div>1<\/div>\n<h2> Se Connecter au Modem Telstra<\/h2>\n<\/div>\n<p>Pr\u00eat \u00e0 devenir un ma\u00eetre en la mati\u00e8re? \ud83d\ude0e Voici comment faire. Commencez par ouvrir votre navigateur pr\u00e9f\u00e9r\u00e9 (chrome, firefox, safari, peu importe) et tapez l&#8217;adresse IP correcte ou l&#8217;URL de votre modem. \ud83c\udf10\u270c Voici les IP ou URL correctes pour diff\u00e9rents modems:<\/p>\n<ul>\n<li>Pour les modems nbn\u2122\/ADSL\/Velocity\/C\u00e2ble avec un adaptateur &#8211; entrez <a href='http:\/\/10.0.0.138'>http:\/\/10.0.0.138<\/a> ou <a href='http:\/\/telstra.gateway\/'>http:\/\/telstra.gateway\/<\/a> <\/li>\n<li>Pour les modems C\u00e2ble sans adaptateur &#8211; entrez <a href='http:\/\/192.166.0.1'>http:\/\/192.166.0.1<\/a> ou <a href='http:\/\/telstra.gateway\/'>http:\/\/telstra.gateway\/<\/a> <\/li>\n<li>Pour le Telstra Gateway Frontier\u00ae\/Telstra Smart Modem &#8211; entrez <a href='http:\/\/192.168.0.1'>http:\/\/192.168.0.1<\/a> ou <a href='http:\/\/mygateway\/'>http:\/\/mygateway\/<\/a><\/li>\n<\/ul>\n<p>\ud83d\ude0e\ud83d\udc4d<\/p>\n<p>Maintenant, vous devez vous connecter en entrant le Nom d&#8217;utilisateur et le Mot de passe par d\u00e9faut. Le nom d&#8217;utilisateur est toujours &#8216;admin&#8217; et le mot de passe d\u00e9pend de la version du modem.<\/p>\n<ul>\n<li>Pour le Telstra Smart Modem 1.1 et Gen 2, le mot de passe est &#8216;Telstra&#8217;.<\/li>\n<li>Pour Gen 3, le mot de passe est identique au mot de passe Wi-Fi situ\u00e9 au bas de votre modem. Sympa, non?\ud83d\udd11<\/li>\n<\/ul>\n<\/section>\n<section>\n<div>\n<div>2<\/div>\n<h2> Changement du Mot de Passe Wifi et du Nom de R\u00e9seau Telstra <\/h2>\n<\/div>\n<p>Vous voulez apporter quelques changements? Super! \ud83d\ude0e\ud83d\udc4d Changeons votre mot de passe Wifi Telstra et le nom de votre r\u00e9seau. Voici comment le faire! <\/p>\n<ol>\n<li> Connectez-vous \u00e0 votre panneau de contr\u00f4le Gateway Telstra. Notez que vous savez d\u00e9j\u00e0 comment le faire! \ud83d\ude09<\/li>\n<li>Choisissez l&#8217;option &#8216;Wi-Fi&#8217; dans le menu du haut sur l&#8217;\u00e9cran d&#8217;accueil.<\/li>\n<li>Dans les &#8216;Param\u00e8tres du r\u00e9seau Wi-Fi&#8217;, entrez le nom Wi-Fi que vous souhaitez dans le champ &#8216;Nom du r\u00e9seau&#8217;. Entrez votre nouveau mot de passe Wi-Fi dans le champ &#8216;Cl\u00e9 du r\u00e9seau&#8217;. \ud83d\ude80<\/li>\n<li>Cliquez sur &#8216;Appliquer&#8217; pour sauvegarder les modifications. Oui, c&#8217;est aussi simple! \ud83d\udc4c<\/li>\n<\/ol>\n<p>Rappelez-vous, si vous poss\u00e9dez un modem dual-band, vous devrez configurer les bandes 2,4 GHz ou 5 GHz s\u00e9par\u00e9ment. \ud83c\udf10 Vous pouvez \u00e9galement configurer le r\u00e9seau de vos invit\u00e9s \u00e0 partir d&#8217;ici!<\/p>\n<\/section>\n<section>\n<h2>Conclusion: \ud83c\udfc1<\/h2>\n<div class=\"nonp\">\n<p>Et voil\u00e0! &#128165; Vous \u00eates maintenant officiellement un expert en mati\u00e8re de connexion \u00e0 votre modem Telstra, de changement de votre mot de passe Wifi Telstra, du nom de votre r\u00e9seau et plus! &#127881; N&#8217;\u00e9tait-ce pas simple? &#128526; Souvenez-vous que changer votre nom de r\u00e9seau et votre mot de passe Wi-Fi p\u00e9riodiquement am\u00e9liore la s\u00e9curit\u00e9 de votre Wi-Fi. &#128161; Si vous avez besoin d&#8217;aide pour d&#8217;autres probl\u00e8mes technologiques, souvenez-vous que nous sommes l\u00e0 pour vous! &#129303;&#128187;&#128640; Restez g\u00e9nial, restez geek! &#127881;<\/p>\n<\/div>\n<\/section>\n<section itemscope=\"\" itemtype=\"https:\/\/schema.org\/FAQPage\">\n<div class=\"panel\" itemprop=\"mainEntity\" itemscope=\"\" itemtype=\"https:\/\/schema.org\/Question\">\n<div class=\"toggle-link\">\n<h3 class=\"panel-title\" itemprop=\"name\">\n            Qu&#8217;est-ce que Telstra Gateway?<\/h3>\n<\/div>\n<div class=\"panel-collapse\">\n<div class=\"panel-body\" itemprop=\"acceptedAnswer\" itemscope=\"\" itemtype=\"https:\/\/schema.org\/Answer\">\n<div itemprop=\"text\">\n<p>Telstra Gateway est un service qui vous permet de changer votre mot de passe WiFi, le nom du r\u00e9seau (SSID) et les param\u00e8tres par d\u00e9faut de votre modem en vous connectant \u00e0 celui-ci via son adresse IP ou l&#8217;URL http:\/\/telstra.gateway\/.<\/p>\n<\/div>\n<\/div>\n<\/div>\n<\/div>\n<div class=\"panel\" itemprop=\"mainEntity\" itemscope=\"\" itemtype=\"https:\/\/schema.org\/Question\">\n<div class=\"toggle-link\">\n<h3 class=\"panel-title\" itemprop=\"name\">\n            Comment puis-je me connecter au modem Telstra?<\/h3>\n<\/div>\n<div class=\"panel-collapse\">\n<div class=\"panel-body\" itemprop=\"acceptedAnswer\" itemscope=\"\" itemtype=\"https:\/\/schema.org\/Answer\">\n<div itemprop=\"text\">\n<p>Ouvrez un navigateur et entrez l&#8217;adresse IP correcte ou l&#8217;URL en fonction du type de votre modem. Pour les modems nbn\u2122\/ADSL\/Velocity\/Cable avec un adaptateur, utilisez <a href=http:\/\/10.0.0.138>http:\/\/10.0.0.138<\/a> ou <a href=http:\/\/telstra.gateway\/>http:\/\/telstra.gateway\/<\/a>. Pour les modems Cable sans adaptateur, utilisez <a href=http:\/\/192.166.0.1>http:\/\/192.166.0.1<\/a> ou <a href=http:\/\/telstra.gateway\/>http:\/\/telstra.gateway\/<\/a>. Pour Telstra Smart Modem Frontier\u00ae\/Telstra, utilisez <a href=http:\/\/192.168.0.1>http:\/\/192.168.0.1<\/a> ou <a href=http:\/\/mygateway\/>http:\/\/mygateway\/<\/a>. Entrez le nom d&#8217;utilisateur par d\u00e9faut &#8216;admin&#8217; et le mot de passe &#8216;Telstra&#8217; (pour Telstra Smart Modem 1.1 et Gen2) ou votre mot de passe WiFi (pour Telstra Smart Modem Gen3).<\/p>\n<\/div>\n<\/div>\n<\/div>\n<\/div>\n<div class=\"panel\" itemprop=\"mainEntity\" itemscope=\"\" itemtype=\"https:\/\/schema.org\/Question\">\n<div class=\"toggle-link\">\n<h3 class=\"panel-title\" itemprop=\"name\">\n            Puis-je changer le mot de passe Wi-Fi et le nom du r\u00e9seau en utilisant Telstra Gateway?<\/h3>\n<\/div>\n<div class=\"panel-collapse\">\n<div class=\"panel-body\" itemprop=\"acceptedAnswer\" itemscope=\"\" itemtype=\"https:\/\/schema.org\/Answer\">\n<div itemprop=\"text\">\n<p>Oui, apr\u00e8s vous \u00eatre connect\u00e9 au panneau de contr\u00f4le Telstra Gateway, vous pouvez choisir &#8216;Wi-Fi&#8217; dans le menu principal de l&#8217;\u00e9cran d&#8217;accueil. Dans les param\u00e8tres du &#8216;R\u00e9seau Wi-Fi&#8217;, vous pouvez entrer le nom et le mot de passe Wi-Fi dans les champs respectifs et cliquer sur &#8216;Appliquer&#8217; pour enregistrer les param\u00e8tres.<\/p>\n<\/div>\n<\/div>\n<\/div>\n<\/div>\n<div class=\"panel\" itemprop=\"mainEntity\" itemscope=\"\" itemtype=\"https:\/\/schema.org\/Question\">\n<div class=\"toggle-link\">\n<h3 class=\"panel-title\" itemprop=\"name\">\n            Que dois-je faire si l&#8217;adresse IP de mon modem Telstra ne s&#8217;ouvre pas?<\/h3>\n<\/div>\n<div class=\"panel-collapse\">\n<div class=\"panel-body\" itemprop=\"acceptedAnswer\" itemscope=\"\" itemtype=\"https:\/\/schema.org\/Answer\">\n<div itemprop=\"text\">\n<p>Vous devez trouver l&#8217;adresse IP par d\u00e9faut de votre modem et l&#8217;utiliser. La m\u00e9thode varie pour diff\u00e9rents modems, il est donc pr\u00e9f\u00e9rable de se r\u00e9f\u00e9rer au manuel d&#8217;instructions si vous utilisez un modem non-Telstra.<\/p>\n<\/div>\n<\/div>\n<\/div>\n<\/div>\n<div class=\"panel\" itemprop=\"mainEntity\" itemscope=\"\" itemtype=\"https:\/\/schema.org\/Question\">\n<div class=\"toggle-link\">\n<h3 class=\"panel-title\" itemprop=\"name\">\n            Dois-je configurer s\u00e9par\u00e9ment les bandes pour un modem bi-bande?<\/h3>\n<\/div>\n<div class=\"panel-collapse\">\n<div class=\"panel-body\" itemprop=\"acceptedAnswer\" itemscope=\"\" itemtype=\"https:\/\/schema.org\/Answer\">\n<div itemprop=\"text\">\n<p>Oui, si vous poss\u00e9dez un modem bi-bande, vous devrez configurer s\u00e9par\u00e9ment les bandes 2.4GHz and 5GHz.<\/p>\n<\/div>\n<\/div>\n<\/div>\n<\/div>\n<div class=\"panel\" itemprop=\"mainEntity\" itemscope=\"\" itemtype=\"https:\/\/schema.org\/Question\">\n<div class=\"toggle-link\">\n<h3 class=\"panel-title\" itemprop=\"name\">\n            Puis-je configurer un r\u00e9seau Invit\u00e9 \u00e0 partir des param\u00e8tres de Telstra Gateway?<\/h3>\n<\/div>\n<div class=\"panel-collapse\">\n<div class=\"panel-body\" itemprop=\"acceptedAnswer\" itemscope=\"\" itemtype=\"https:\/\/schema.org\/Answer\">\n<div itemprop=\"text\">\n<p>Oui, les param\u00e8tres Telstra Gateway vous permettent de configurer un r\u00e9seau Invit\u00e9.<\/p>\n<\/div>\n<\/div>\n<\/div>\n<\/div>\n<div class=\"panel\" itemprop=\"mainEntity\" itemscope=\"\" itemtype=\"https:\/\/schema.org\/Question\">\n<div class=\"toggle-link\">\n<h3 class=\"panel-title\" itemprop=\"name\">\n            Quel est le nom d&#8217;utilisateur et le mot de passe par d\u00e9faut pour se connecter au Telstra Smart Modem?<\/h3>\n<\/div>\n<div class=\"panel-collapse\">\n<div class=\"panel-body\" itemprop=\"acceptedAnswer\" itemscope=\"\" itemtype=\"https:\/\/schema.org\/Answer\">\n<div itemprop=\"text\">\n<p>Le nom d&#8217;utilisateur par d\u00e9faut est &#8216;admin&#8217; et le mot de passe est &#8216;Telstra&#8217; pour le Telstra Smart Modem 1.1 et Gen 2. Pour le Telstra Smart Modem Gen 3, votre mot de passe WiFi est le mot de passe par d\u00e9faut.<\/p>\n<\/div>\n<\/div>\n<\/div>\n<\/div>\n<div class=\"panel\" itemprop=\"mainEntity\" itemscope=\"\" itemtype=\"https:\/\/schema.org\/Question\">\n<div class=\"toggle-link\">\n<h3 class=\"panel-title\" itemprop=\"name\">\n            Comment enregistrer le nouveau mot de passe Wi-Fi et le nom du r\u00e9seau sur Telstra Gateway?<\/h3>\n<\/div>\n<div class=\"panel-collapse\">\n<div class=\"panel-body\" itemprop=\"acceptedAnswer\" itemscope=\"\" itemtype=\"https:\/\/schema.org\/Answer\">\n<div itemprop=\"text\">\n<p>Apr\u00e8s avoir entr\u00e9 le nouveau mot de passe Wi-Fi et le nom du r\u00e9seau dans les champs respectifs, vous devez cliquer sur &#8216;Appliquer&#8217; pour enregistrer les param\u00e8tres.<\/p>\n<\/div>\n<\/div>\n<\/div>\n<\/div>\n<div class=\"panel\" itemprop=\"mainEntity\" itemscope=\"\" itemtype=\"https:\/\/schema.org\/Question\">\n<div class=\"toggle-link\">\n<h3 class=\"panel-title\" itemprop=\"name\">\n            Quelle est l&#8217;URL pour Telstra Smart Modem Frontier\u00ae\/Telstra?<\/h3>\n<\/div>\n<div class=\"panel-collapse\">\n<div class=\"panel-body\" itemprop=\"acceptedAnswer\" itemscope=\"\" itemtype=\"https:\/\/schema.org\/Answer\">\n<div itemprop=\"text\">\n<p>Vous pouvez acc\u00e9der au Telstra Smart Modem Frontier\u00ae\/Telstra en utilisant <a href=http:\/\/192.168.0.1>http:\/\/192.168.0.1<\/a> ou <a href=http:\/\/mygateway\/>http:\/\/mygateway\/<\/a>.<\/p>\n<\/div>\n<\/div>\n<\/div>\n<\/div>\n<div class=\"panel\" itemprop=\"mainEntity\" itemscope=\"\" itemtype=\"https:\/\/schema.org\/Question\">\n<div class=\"toggle-link\">\n<h3 class=\"panel-title\" itemprop=\"name\">\n            Puis-je utiliser Telstra Gateway si j&#8217;ai un modem non-Telstra?<\/h3>\n<\/div>\n<div class=\"panel-collapse\">\n<div class=\"panel-body\" itemprop=\"acceptedAnswer\" itemscope=\"\" itemtype=\"https:\/\/schema.org\/Answer\">\n<div itemprop=\"text\">\n<p>Si vous poss\u00e9dez un modem non-Telstra, vous devez lire le manuel d&#8217;instructions qui a \u00e9t\u00e9 fourni avec votre modem car le processus peut \u00eatre diff\u00e9rent de celui d&#8217;un modem Telstra.<\/p>\n<\/div>\n<\/div>\n<\/div>\n<\/div>\n<div class=\"panel\" itemprop=\"mainEntity\" itemscope=\"\" itemtype=\"https:\/\/schema.org\/Question\">\n<div class=\"toggle-link\">\n<h3 class=\"panel-title\" itemprop=\"name\">\n            Comment puis-je me connecter au panneau de contr\u00f4le de Telstra Gateway?<\/h3>\n<\/div>\n<div class=\"panel-collapse\">\n<div class=\"panel-body\" itemprop=\"acceptedAnswer\" itemscope=\"\" itemtype=\"https:\/\/schema.org\/Answer\">\n<div itemprop=\"text\">\n<p>Vous pouvez vous connecter au panneau de contr\u00f4le Telstra Gateway en tapant l&#8217;adresse IP correcte ou l&#8217;URL dans votre navigateur, puis en entrant le nom d&#8217;utilisateur et le mot de passe par d\u00e9faut et en cliquant sur Connexion.<\/p>\n<\/div>\n<\/div>\n<\/div>\n<\/div>\n<div class=\"panel\" itemprop=\"mainEntity\" itemscope=\"\" itemtype=\"https:\/\/schema.org\/Question\">\n<div class=\"toggle-link\">\n<h3 class=\"panel-title\" itemprop=\"name\">\n            Dois-je utiliser la m\u00eame adresse IP pour tous les types de modems Telstra?<\/h3>\n<\/div>\n<div class=\"panel-collapse\">\n<div class=\"panel-body\" itemprop=\"acceptedAnswer\" itemscope=\"\" itemtype=\"https:\/\/schema.org\/Answer\">\n<div itemprop=\"text\">\n<p>Non, l&#8217;adresse IP ou l&#8217;URL \u00e0 utiliser d\u00e9pend du type de modem que vous poss\u00e9dez. Par exemple, les modems nbn\u2122\/ADSL\/Velocity\/Cable avec un adaptateur utilisent une adresse IP diff\u00e9rente des modems Cable sans adaptateur ou des modems Telstra Smart Modem Frontier\u00ae\/Telstra.<\/p>\n<\/div>\n<\/div>\n<\/div>\n<\/div>\n<div class=\"panel\" itemprop=\"mainEntity\" itemscope=\"\" itemtype=\"https:\/\/schema.org\/Question\">\n<div class=\"toggle-link\">\n<h3 class=\"panel-title\" itemprop=\"name\">\n            Quel est le mot de passe Wi-Fi pour le Telstra Smart Modem Gen 3?<\/h3>\n<\/div>\n<div class=\"panel-collapse\">\n<div class=\"panel-body\" itemprop=\"acceptedAnswer\" itemscope=\"\" itemtype=\"https:\/\/schema.org\/Answer\">\n<div itemprop=\"text\">\n<p>Le mot de passe Wi-Fi pour le Telstra Smart Modem Gen 3 est celui situ\u00e9 au bas de votre modem.<\/p>\n<\/div>\n<\/div>\n<\/div>\n<\/div>\n<div class=\"panel\" itemprop=\"mainEntity\" itemscope=\"\" itemtype=\"https:\/\/schema.org\/Question\">\n<div class=\"toggle-link\">\n<h3 class=\"panel-title\" itemprop=\"name\">\n            Si j&#8217;oublie le mot de passe Wi-Fi pour le Telstra Smart Modem Gen 3, o\u00f9 puis-je le trouver?<\/h3>\n<\/div>\n<div class=\"panel-collapse\">\n<div class=\"panel-body\" itemprop=\"acceptedAnswer\" itemscope=\"\" itemtype=\"https:\/\/schema.org\/Answer\">\n<div itemprop=\"text\">\n<p>Le mot de passe Wi-Fi pour le Telstra Smart Modem Gen 3 se trouve au bas du modem.<\/p>\n<\/div>\n<\/div>\n<\/div>\n<\/div>\n<div class=\"panel\" itemprop=\"mainEntity\" itemscope=\"\" itemtype=\"https:\/\/schema.org\/Question\">\n<div class=\"toggle-link\">\n<h3 class=\"panel-title\" itemprop=\"name\">\n            Quel est le nom d&#8217;utilisateur par d\u00e9faut pour le modem Telstra?<\/h3>\n<\/div>\n<div class=\"panel-collapse\">\n<div class=\"panel-body\" itemprop=\"acceptedAnswer\" itemscope=\"\" itemtype=\"https:\/\/schema.org\/Answer\">\n<div itemprop=\"text\">\n<p>Le nom d&#8217;utilisateur par d\u00e9faut pour les modems Telstra est &#8216;admin&#8217;.<\/p>\n<\/div>\n<\/div>\n<\/div>\n<\/div>\n<div class=\"panel\" itemprop=\"mainEntity\" itemscope=\"\" itemtype=\"https:\/\/schema.org\/Question\">\n<div class=\"toggle-link\">\n<h3 class=\"panel-title\" itemprop=\"name\">\n            Si je ne me souviens pas de l&#8217;adresse IP de mon modem Telstra, comment puis-je la trouver?<\/h3>\n<\/div>\n<div class=\"panel-collapse\">\n<div class=\"panel-body\" itemprop=\"acceptedAnswer\" itemscope=\"\" itemtype=\"https:\/\/schema.org\/Answer\">\n<div itemprop=\"text\">\n<p>Vous pouvez trouver l&#8217;adresse IP par d\u00e9faut de votre modem dans le manuel d&#8217;instruction ou en vous r\u00e9f\u00e9rant aux param\u00e8tres de votre modem.<\/p>\n<\/div>\n<\/div>\n<\/div>\n<\/div>\n<div class=\"panel\" itemprop=\"mainEntity\" itemscope=\"\" itemtype=\"https:\/\/schema.org\/Question\">\n<div class=\"toggle-link\">\n<h3 class=\"panel-title\" itemprop=\"name\">\n            Apr\u00e8s m&#8217;\u00eatre connect\u00e9 \u00e0 Telstra Gateway, comment puis-je changer mon mot de passe Wi-Fi?<\/h3>\n<\/div>\n<div class=\"panel-collapse\">\n<div class=\"panel-body\" itemprop=\"acceptedAnswer\" itemscope=\"\" itemtype=\"https:\/\/schema.org\/Answer\">\n<div itemprop=\"text\">\n<p>Apr\u00e8s vous \u00eatre connect\u00e9, choisissez &#8216;Wi-Fi&#8217; dans le menu principal de l&#8217;\u00e9cran d&#8217;accueil. Ensuite, sous &#8216;R\u00e9glages du r\u00e9seau Wi-Fi&#8217;, entrez le mot de passe Wi-Fi dans le champ Cl\u00e9 du r\u00e9seau. Cliquez sur &#8216;Appliquer&#8217; pour enregistrer les param\u00e8tres.<\/p>\n<\/div>\n<\/div>\n<\/div>\n<\/div>\n<div class=\"panel\" itemprop=\"mainEntity\" itemscope=\"\" itemtype=\"https:\/\/schema.org\/Question\">\n<div class=\"toggle-link\">\n<h3 class=\"panel-title\" itemprop=\"name\">\n            Que fait &#8216;Appliquer&#8217; dans les param\u00e8tres de Telstra Gateway?<\/h3>\n<\/div>\n<div class=\"panel-collapse\">\n<div class=\"panel-body\" itemprop=\"acceptedAnswer\" itemscope=\"\" itemtype=\"https:\/\/schema.org\/Answer\">\n<div itemprop=\"text\">\n<p>L&#8217;option &#8216;Appliquer&#8217; dans les param\u00e8tres de Telstra Gateway vous permet d&#8217;enregistrer tous les changements que vous avez effectu\u00e9s, y compris le changement du mot de passe Wi-Fi et du nom du r\u00e9seau.<\/p>\n<\/div>\n<\/div>\n<\/div>\n<\/div>\n<div class=\"panel\" itemprop=\"mainEntity\" itemscope=\"\" itemtype=\"https:\/\/schema.org\/Question\">\n<div class=\"toggle-link\">\n<h3 class=\"panel-title\" itemprop=\"name\">\n            Puis-je changer les param\u00e8tres par d\u00e9faut de mon modem en utilisant Telstra Gateway?<\/h3>\n<\/div>\n<div class=\"panel-collapse\">\n<div class=\"panel-body\" itemprop=\"acceptedAnswer\" itemscope=\"\" itemtype=\"https:\/\/schema.org\/Answer\">\n<div itemprop=\"text\">\n<p>Oui, en utilisant Telstra Gateway, vous pouvez changer les param\u00e8tres par d\u00e9faut de votre modem Telstra.<\/p>\n<\/div>\n<\/div>\n<\/div>\n<\/div>\n<div class=\"panel\" itemprop=\"mainEntity\" itemscope=\"\" itemtype=\"https:\/\/schema.org\/Question\">\n<div class=\"toggle-link\">\n<h3 class=\"panel-title\" itemprop=\"name\">\n            Comment acc\u00e9der \u00e0 Telstra Gateway?<\/h3>\n<\/div>\n<div class=\"panel-collapse\">\n<div class=\"panel-body\" itemprop=\"acceptedAnswer\" itemscope=\"\" itemtype=\"https:\/\/schema.org\/Answer\">\n<div itemprop=\"text\">\n<p>Vous pouvez acc\u00e9der \u00e0 Telstra Gateway en entrant l&#8217;adresse IP correcte ou l&#8217;URL de votre modem Telstra dans un navigateur, puis en vous connectant en utilisant le nom d&#8217;utilisateur et le mot de passe par d\u00e9faut.<\/p>\n<\/div>\n<\/div>\n<\/div>\n<\/div>\n<\/section>\n<\/article>\n","protected":false},"excerpt":{"rendered":"<p>Maitrisez la Connexion au Modem Telstra : Guide Rapide et Facile &#128640; Quoi de neuf, les mecs? &#129300; Vous cherchez \u00e0 acc\u00e9der \u00e0 votre modem Telstra mais vous \u00eates confus sur la mani\u00e8re de proc\u00e9der? Ne vous inqui\u00e9tez pas, car nous avons ce qu&#8217;il vous faut! &#128526; Dans ce guide rapide et facile, nous allons [&hellip;]<\/p>\n","protected":false},"author":2,"featured_media":15,"parent":0,"menu_order":0,"comment_status":"closed","ping_status":"closed","template":"chromecast.php","meta":{"_stopmodifiedupdate":false,"_modified_date":"","_lmt_disableupdate":"yes","_lmt_disable":""},"yoast_head":"<!-- This site is optimized with the Yoast SEO plugin v20.9 - https:\/\/yoast.com\/wordpress\/plugins\/seo\/ -->\n<title>Connexion au modem Telstra. Mis \u00e0 jour en 2026<\/title>\n<meta name=\"robots\" content=\"index, follow, max-snippet:-1, max-image-preview:large, max-video-preview:-1\" \/>\n<link rel=\"canonical\" href=\"https:\/\/www.ping.fm\/ip\/fr\/connexion-au-modem-telstra\/\" \/>\n<meta property=\"og:locale\" content=\"en_US\" \/>\n<meta property=\"og:type\" content=\"article\" \/>\n<meta property=\"og:title\" content=\"Connexion au modem Telstra. Mis \u00e0 jour en 2026\" \/>\n<meta property=\"og:description\" content=\"Maitrisez la Connexion au Modem Telstra : Guide Rapide et Facile &#128640; Quoi de neuf, les mecs? &#129300; Vous cherchez \u00e0 acc\u00e9der \u00e0 votre modem Telstra mais vous \u00eates confus sur la mani\u00e8re de proc\u00e9der? Ne vous inqui\u00e9tez pas, car nous avons ce qu&#8217;il vous faut! &#128526; Dans ce guide rapide et facile, nous allons [&hellip;]\" \/>\n<meta property=\"og:url\" content=\"https:\/\/www.ping.fm\/ip\/fr\/connexion-au-modem-telstra\/\" \/>\n<meta property=\"og:site_name\" content=\"IP\" \/>\n<meta property=\"og:image\" content=\"https:\/\/www.ping.fm\/ip\/wp-content\/uploads\/2023\/07\/wifi.jpg\" \/>\n\t<meta property=\"og:image:width\" content=\"1992\" \/>\n\t<meta property=\"og:image:height\" content=\"1852\" \/>\n\t<meta property=\"og:image:type\" content=\"image\/jpeg\" \/>\n<meta name=\"twitter:card\" content=\"summary_large_image\" \/>\n<script type=\"application\/ld+json\" class=\"yoast-schema-graph\">{\"@context\":\"https:\/\/schema.org\",\"@graph\":[{\"@type\":\"WebPage\",\"@id\":\"https:\/\/www.ping.fm\/ip\/fr\/connexion-au-modem-telstra\/\",\"url\":\"https:\/\/www.ping.fm\/ip\/fr\/connexion-au-modem-telstra\/\",\"name\":\"Connexion au modem Telstra. Mis \u00e0 jour en 2026\",\"isPartOf\":{\"@id\":\"https:\/\/www.ping.fm\/ip\/#website\"},\"datePublished\":\"2023-10-20T16:43:05+00:00\",\"dateModified\":\"2023-10-20T16:43:05+00:00\",\"breadcrumb\":{\"@id\":\"https:\/\/www.ping.fm\/ip\/fr\/connexion-au-modem-telstra\/#breadcrumb\"},\"inLanguage\":\"en-US\",\"potentialAction\":[{\"@type\":\"ReadAction\",\"target\":[\"https:\/\/www.ping.fm\/ip\/fr\/connexion-au-modem-telstra\/\"]}]},{\"@type\":\"BreadcrumbList\",\"@id\":\"https:\/\/www.ping.fm\/ip\/fr\/connexion-au-modem-telstra\/#breadcrumb\",\"itemListElement\":[{\"@type\":\"ListItem\",\"position\":1,\"name\":\"Home\",\"item\":\"https:\/\/www.ping.fm\/ip\/\"},{\"@type\":\"ListItem\",\"position\":2,\"name\":\"Connexion au modem Telstra\"}]},{\"@type\":\"WebSite\",\"@id\":\"https:\/\/www.ping.fm\/ip\/#website\",\"url\":\"https:\/\/www.ping.fm\/ip\/\",\"name\":\"IP\",\"description\":\"\",\"potentialAction\":[{\"@type\":\"SearchAction\",\"target\":{\"@type\":\"EntryPoint\",\"urlTemplate\":\"https:\/\/www.ping.fm\/ip\/?s={search_term_string}\"},\"query-input\":\"required name=search_term_string\"}],\"inLanguage\":\"en-US\"}]}<\/script>\n<!-- \/ Yoast SEO plugin. -->","yoast_head_json":{"title":"Connexion au modem Telstra. Mis \u00e0 jour en 2026","robots":{"index":"index","follow":"follow","max-snippet":"max-snippet:-1","max-image-preview":"max-image-preview:large","max-video-preview":"max-video-preview:-1"},"canonical":"https:\/\/www.ping.fm\/ip\/fr\/connexion-au-modem-telstra\/","og_locale":"en_US","og_type":"article","og_title":"Connexion au modem Telstra. Mis \u00e0 jour en 2026","og_description":"Maitrisez la Connexion au Modem Telstra : Guide Rapide et Facile &#128640; Quoi de neuf, les mecs? &#129300; Vous cherchez \u00e0 acc\u00e9der \u00e0 votre modem Telstra mais vous \u00eates confus sur la mani\u00e8re de proc\u00e9der? Ne vous inqui\u00e9tez pas, car nous avons ce qu&#8217;il vous faut! &#128526; Dans ce guide rapide et facile, nous allons [&hellip;]","og_url":"https:\/\/www.ping.fm\/ip\/fr\/connexion-au-modem-telstra\/","og_site_name":"IP","og_image":[{"width":1992,"height":1852,"url":"https:\/\/www.ping.fm\/ip\/wp-content\/uploads\/2023\/07\/wifi.jpg","type":"image\/jpeg"}],"twitter_card":"summary_large_image","schema":{"@context":"https:\/\/schema.org","@graph":[{"@type":"WebPage","@id":"https:\/\/www.ping.fm\/ip\/fr\/connexion-au-modem-telstra\/","url":"https:\/\/www.ping.fm\/ip\/fr\/connexion-au-modem-telstra\/","name":"Connexion au modem Telstra. Mis \u00e0 jour en 2026","isPartOf":{"@id":"https:\/\/www.ping.fm\/ip\/#website"},"datePublished":"2023-10-20T16:43:05+00:00","dateModified":"2023-10-20T16:43:05+00:00","breadcrumb":{"@id":"https:\/\/www.ping.fm\/ip\/fr\/connexion-au-modem-telstra\/#breadcrumb"},"inLanguage":"en-US","potentialAction":[{"@type":"ReadAction","target":["https:\/\/www.ping.fm\/ip\/fr\/connexion-au-modem-telstra\/"]}]},{"@type":"BreadcrumbList","@id":"https:\/\/www.ping.fm\/ip\/fr\/connexion-au-modem-telstra\/#breadcrumb","itemListElement":[{"@type":"ListItem","position":1,"name":"Home","item":"https:\/\/www.ping.fm\/ip\/"},{"@type":"ListItem","position":2,"name":"Connexion au modem Telstra"}]},{"@type":"WebSite","@id":"https:\/\/www.ping.fm\/ip\/#website","url":"https:\/\/www.ping.fm\/ip\/","name":"IP","description":"","potentialAction":[{"@type":"SearchAction","target":{"@type":"EntryPoint","urlTemplate":"https:\/\/www.ping.fm\/ip\/?s={search_term_string}"},"query-input":"required name=search_term_string"}],"inLanguage":"en-US"}]}},"_links":{"self":[{"href":"https:\/\/www.ping.fm\/ip\/wp-json\/wp\/v2\/pages\/653"}],"collection":[{"href":"https:\/\/www.ping.fm\/ip\/wp-json\/wp\/v2\/pages"}],"about":[{"href":"https:\/\/www.ping.fm\/ip\/wp-json\/wp\/v2\/types\/page"}],"author":[{"embeddable":true,"href":"https:\/\/www.ping.fm\/ip\/wp-json\/wp\/v2\/users\/2"}],"replies":[{"embeddable":true,"href":"https:\/\/www.ping.fm\/ip\/wp-json\/wp\/v2\/comments?post=653"}],"version-history":[{"count":1,"href":"https:\/\/www.ping.fm\/ip\/wp-json\/wp\/v2\/pages\/653\/revisions"}],"predecessor-version":[{"id":654,"href":"https:\/\/www.ping.fm\/ip\/wp-json\/wp\/v2\/pages\/653\/revisions\/654"}],"wp:featuredmedia":[{"embeddable":true,"href":"https:\/\/www.ping.fm\/ip\/wp-json\/wp\/v2\/media\/15"}],"wp:attachment":[{"href":"https:\/\/www.ping.fm\/ip\/wp-json\/wp\/v2\/media?parent=653"}],"curies":[{"name":"wp","href":"https:\/\/api.w.org\/{rel}","templated":true}]}}