{"id":645,"date":"2023-10-20T16:37:04","date_gmt":"2023-10-20T16:37:04","guid":{"rendered":"https:\/\/www.ping.fm\/ip\/?page_id=645"},"modified":"2023-10-20T16:37:04","modified_gmt":"2023-10-20T16:37:04","slug":"flybox-accueil","status":"publish","type":"page","link":"https:\/\/www.ping.fm\/ip\/fr\/flybox-accueil\/","title":{"rendered":"Flybox.accueil"},"content":{"rendered":"<article>\n<section>\n<h1>Ma\u00eetrisez Votre Orange Flybox: R\u00e9initialisez le Mot de Passe WiFi et Changez le Nom du R\u00e9seau<\/h1>\n<div class=\"inbrief\">\n<div>\n                                <img src=\"\/ip\/wp-content\/uploads\/generated\/Flybox-accueil.jpg\" alt=\"Flybox.accueil\" title=\"Flybox.accueil\" width=\"1280\" height=\"720\"><\/p>\n<p>Salut, qu&#8217;est-ce que tu racontes, les explorateurs d&#8217;Internet? &#128640; Avez-vous d\u00e9j\u00e0 ressenti que votre WiFi Orange Flybox avait besoin de changement? &#129300; Comme, <b>changer le mot de passe WiFi<\/b> ou modifier le <b>nom du r\u00e9seau<\/b> pour quelque chose de cool? &#128161; Si c&#8217;est le cas, vous \u00eates au bon endroit ! Aujourd&#8217;hui, nous allons plonger dans le monde fascinant de l&#8217;<b>interface administrateur d&#8217;Orange Flybox<\/b>. Pr\u00e9parez-vous \u00e0 lib\u00e9rer tout le potentiel de votre Flybox sur <a href=\"http:\/\/flybox.home\">http:\/\/flybox.home<\/a> ou <a href=\"http:\/\/&#49;&#57;&#50;.&#49;&#54;&#56;.&#49;.&#49;\">&#49;&#57;&#50;.&#49;&#54;&#56;.&#49;.&#49;<\/a>. Attachez vos ceintures, c&#8217;est parti!<\/p>\n<\/div>\n<\/div>\n<\/section>\n<section>\n<div>\n<div>1<\/div>\n<h2>Acc\u00e9der \u00e0 l&#8217;Interface Administrateur de la Flybox<\/h2>\n<\/div>\n<p>Avant de pouvoir commencer \u00e0 modifier les param\u00e8tres comme un patron, vous devez vous <b>connecter \u00e0 l&#8217;interface administrateur<\/b>. Ouvrez votre navigateur pr\u00e9f\u00e9r\u00e9 et dirigez-vous directement vers <a href=\"http:\/\/flybox.home\">http:\/\/flybox.home<\/a> ou <a href=\"http:\/\/192.168.1.1\">192.168.1.1<\/a>. Pr\u00eat \u00e0 contourner la s\u00e9curit\u00e9? Tapez &#8216;admin&#8217; pour les champs <b>Nom d&#8217;utilisateur<\/b> et <b>Mot de passe<\/b>, puis appuyez sur OK. Bienvenue au centre de commandement! \ud83d\ude0e<\/p>\n<\/section>\n<section>\n<div>\n<div>2<\/div>\n<h2>Changer le Mot de Passe WiFi et le Nom du R\u00e9seau<\/h2>\n<\/div>\n<p>Maintenant que vous \u00eates connect\u00e9, il est temps d&#8217;apporter quelques modifications. Allez au Menu <b>Configuration<\/b>. Ciblez les Param\u00e8tres WiFi \/ WLAN de base. Pr\u00eat \u00e0 retoucher un peu les choses? Entrez votre nom de r\u00e9seau choisi dans le champ <b>Nom du R\u00e9seau (SSID)<\/b>. Suivez-le avec votre mot de passe WiFi infaillible dans le champ <b>Mot de passe \/ WLAN<\/b>. C&#8217;est fait? Cliquez sur Appliquer &gt; OK. Boom! vous venez de personnaliser votre WiFi! \ud83d\ude80\ud83c\udf89<\/p>\n<\/section>\n<section>\n<h2>Conclusion: \ud83c\udfc1<\/h2>\n<div class=\"nonp\">\n<p>Et voil\u00e0, mes amis &#8211; comment ma\u00eetriser les <b>param\u00e8tres de l&#8217;Orange Flybox<\/b> comme un pro! Maintenant, vous pouvez donner un nouveau d\u00e9part \u00e0 votre WiFi avec un nouveau nom et mot de passe. &#128170; Souvenez-vous, cette astuce g\u00e9niale fonctionne parfaitement sur Flybox &#52;G MR&#50;&#48;&#48; et Flybox &#52;G+ (Huawei). Bon surf et restez g\u00e9nial! &#128526;<\/p>\n<\/div>\n<\/section>\n<section itemscope=\"\" itemtype=\"https:\/\/schema.org\/FAQPage\">\n<div class=\"panel\" itemprop=\"mainEntity\" itemscope=\"\" itemtype=\"https:\/\/schema.org\/Question\">\n<div class=\"toggle-link\">\n<h3 class=\"panel-title\" itemprop=\"name\">\n            Qu&#8217;est-ce que Flybox.home?<\/h3>\n<\/div>\n<div class=\"panel-collapse\">\n<div class=\"panel-body\" itemprop=\"acceptedAnswer\" itemscope=\"\" itemtype=\"https:\/\/schema.org\/Answer\">\n<div itemprop=\"text\">\n<p>Flybox.home est l&#8217;interface d&#8217;administration d&#8217;Orange Flybox qui permet aux utilisateurs de modifier leur mot de passe WiFi, le nom de leur r\u00e9seau et d&#8217;autres param\u00e8tres par d\u00e9faut de leur Orange Flybox. Vous pouvez y acc\u00e9der en visitant <a href='http:\/\/flybox.home'>http:\/\/flybox.home<\/a> ou <a href='http:\/\/192.168.1.1'>http:\/\/192.168.1.1<\/a>.<\/p>\n<\/div>\n<\/div>\n<\/div>\n<\/div>\n<div class=\"panel\" itemprop=\"mainEntity\" itemscope=\"\" itemtype=\"https:\/\/schema.org\/Question\">\n<div class=\"toggle-link\">\n<h3 class=\"panel-title\" itemprop=\"name\">\n            Quels appareils sont compatibles avec Flybox.home?<\/h3>\n<\/div>\n<div class=\"panel-collapse\">\n<div class=\"panel-body\" itemprop=\"acceptedAnswer\" itemscope=\"\" itemtype=\"https:\/\/schema.org\/Answer\">\n<div itemprop=\"text\">\n<p>L&#8217;article mentionne sp\u00e9cifiquement la compatibilit\u00e9 de la Flybox 4G MR200 et de la Flybox 4G+ (Huawei) avec Flybox.home.<\/p>\n<\/div>\n<\/div>\n<\/div>\n<\/div>\n<div class=\"panel\" itemprop=\"mainEntity\" itemscope=\"\" itemtype=\"https:\/\/schema.org\/Question\">\n<div class=\"toggle-link\">\n<h3 class=\"panel-title\" itemprop=\"name\">\n            Comment puis-je me connecter \u00e0 Orange Flybox?<\/h3>\n<\/div>\n<div class=\"panel-collapse\">\n<div class=\"panel-body\" itemprop=\"acceptedAnswer\" itemscope=\"\" itemtype=\"https:\/\/schema.org\/Answer\">\n<div itemprop=\"text\">\n<p>Vous devez lancer un navigateur et entrer <a href='http:\/\/flybox.home'>http:\/\/flybox.home<\/a> ou <a href='http:\/\/192.168.1.1'>http:\/\/192.168.1.1<\/a> dans la barre de recherche. Ensuite, mettez &#8216;admin&#8217; comme nom d&#8217;utilisateur et mot de passe, puis cliquez sur OK pour vous connecter avec succ\u00e8s \u00e0 l&#8217;interface d&#8217;administration d&#8217;Orange Flybox.<\/p>\n<\/div>\n<\/div>\n<\/div>\n<\/div>\n<div class=\"panel\" itemprop=\"mainEntity\" itemscope=\"\" itemtype=\"https:\/\/schema.org\/Question\">\n<div class=\"toggle-link\">\n<h3 class=\"panel-title\" itemprop=\"name\">\n            Comment puis-je changer mon mot de passe Wi-Fi Flybox et le nom de mon r\u00e9seau?<\/h3>\n<\/div>\n<div class=\"panel-collapse\">\n<div class=\"panel-body\" itemprop=\"acceptedAnswer\" itemscope=\"\" itemtype=\"https:\/\/schema.org\/Answer\">\n<div itemprop=\"text\">\n<p>Apr\u00e8s vous \u00eatre connect\u00e9 \u00e0 l&#8217;interface d&#8217;administration, allez dans le menu et s\u00e9lectionnez Configuration. L\u00e0, allez dans les param\u00e8tres Wi-Fi \/ WLAN de base. Dans le champ intitul\u00e9 Nom de r\u00e9seau (SSID), entrez le nom de r\u00e9seau que vous souhaitez. Vers le champ Mot de passe \/ WLAN, entrez votre nouveau mot de passe Wi-Fi. N&#8217;oubliez pas d&#8217;appliquer les modifications et de cliquer sur OK.<\/p>\n<\/div>\n<\/div>\n<\/div>\n<\/div>\n<div class=\"panel\" itemprop=\"mainEntity\" itemscope=\"\" itemtype=\"https:\/\/schema.org\/Question\">\n<div class=\"toggle-link\">\n<h3 class=\"panel-title\" itemprop=\"name\">\n            Ai-je besoin d&#8217;un nom d&#8217;utilisateur et d&#8217;un mot de passe pour me connecter \u00e0 l&#8217;interface d&#8217;administration de Flybox.home?<\/h3>\n<\/div>\n<div class=\"panel-collapse\">\n<div class=\"panel-body\" itemprop=\"acceptedAnswer\" itemscope=\"\" itemtype=\"https:\/\/schema.org\/Answer\">\n<div itemprop=\"text\">\n<p>Oui, pour vous connecter \u00e0 l&#8217;interface d&#8217;administration de Flybox.home, vous avez besoin d&#8217;un nom d&#8217;utilisateur et d&#8217;un mot de passe. Selon les informations donn\u00e9es, le nom d&#8217;utilisateur et le mot de passe sont tous deux &#8216;admin&#8217;.<\/p>\n<\/div>\n<\/div>\n<\/div>\n<\/div>\n<div class=\"panel\" itemprop=\"mainEntity\" itemscope=\"\" itemtype=\"https:\/\/schema.org\/Question\">\n<div class=\"toggle-link\">\n<h3 class=\"panel-title\" itemprop=\"name\">\n            Puis-je changer mon nom d&#8217;utilisateur et mon mot de passe pour l&#8217;interface d&#8217;administration de Flybox.home?<\/h3>\n<\/div>\n<div class=\"panel-collapse\">\n<div class=\"panel-body\" itemprop=\"acceptedAnswer\" itemscope=\"\" itemtype=\"https:\/\/schema.org\/Answer\">\n<div itemprop=\"text\">\n<p>Oui, vous pouvez changer votre nom d&#8217;utilisateur et votre mot de passe pour l&#8217;interface d&#8217;administration de Flybox.home. Cependant, le processus pour le faire n&#8217;est pas sp\u00e9cifi\u00e9 dans les informations fournies.<\/p>\n<\/div>\n<\/div>\n<\/div>\n<\/div>\n<div class=\"panel\" itemprop=\"mainEntity\" itemscope=\"\" itemtype=\"https:\/\/schema.org\/Question\">\n<div class=\"toggle-link\">\n<h3 class=\"panel-title\" itemprop=\"name\">\n            Puis-je acc\u00e9der \u00e0 Flybox.home \u00e0 partir de n&#8217;importe quel navigateur?<\/h3>\n<\/div>\n<div class=\"panel-collapse\">\n<div class=\"panel-body\" itemprop=\"acceptedAnswer\" itemscope=\"\" itemtype=\"https:\/\/schema.org\/Answer\">\n<div itemprop=\"text\">\n<p>Oui, vous pouvez acc\u00e9der \u00e0 Flybox.home \u00e0 partir de n&#8217;importe quel navigateur web en tapant <a href='http:\/\/flybox.home'>http:\/\/flybox.home<\/a> ou <a href='http:\/\/192.168.1.1'>http:\/\/192.168.1.1<\/a> dans la barre d&#8217;adresse.<\/p>\n<\/div>\n<\/div>\n<\/div>\n<\/div>\n<div class=\"panel\" itemprop=\"mainEntity\" itemscope=\"\" itemtype=\"https:\/\/schema.org\/Question\">\n<div class=\"toggle-link\">\n<h3 class=\"panel-title\" itemprop=\"name\">\n            Est-il n\u00e9cessaire d&#8217;utiliser un c\u00e2ble Ethernet pour acc\u00e9der \u00e0 Flybox.home?<\/h3>\n<\/div>\n<div class=\"panel-collapse\">\n<div class=\"panel-body\" itemprop=\"acceptedAnswer\" itemscope=\"\" itemtype=\"https:\/\/schema.org\/Answer\">\n<div itemprop=\"text\">\n<p>Les informations fournies ne sp\u00e9cifient pas la n\u00e9cessit\u00e9 d&#8217;un c\u00e2ble Ethernet pour acc\u00e9der \u00e0 Flybox.home. Il semble que vous puissiez y acc\u00e9der via n&#8217;importe quel appareil connect\u00e9 \u00e0 internet.<\/p>\n<\/div>\n<\/div>\n<\/div>\n<\/div>\n<div class=\"panel\" itemprop=\"mainEntity\" itemscope=\"\" itemtype=\"https:\/\/schema.org\/Question\">\n<div class=\"toggle-link\">\n<h3 class=\"panel-title\" itemprop=\"name\">\n            Puis-je changer d&#8217;autres param\u00e8tres via l&#8217;interface d&#8217;administration de Flybox.home en plus du mot de passe Wi-Fi et du nom de r\u00e9seau?<\/h3>\n<\/div>\n<div class=\"panel-collapse\">\n<div class=\"panel-body\" itemprop=\"acceptedAnswer\" itemscope=\"\" itemtype=\"https:\/\/schema.org\/Answer\">\n<div itemprop=\"text\">\n<p>Oui, en dehors de la possibilit\u00e9 de changer le mot de passe Wi-Fi et le nom de r\u00e9seau, l&#8217;interface d&#8217;administration de Flybox.home permet \u00e9galement de modifier les param\u00e8tres par d\u00e9faut d&#8217;Orange Flybox.<\/p>\n<\/div>\n<\/div>\n<\/div>\n<\/div>\n<div class=\"panel\" itemprop=\"mainEntity\" itemscope=\"\" itemtype=\"https:\/\/schema.org\/Question\">\n<div class=\"toggle-link\">\n<h3 class=\"panel-title\" itemprop=\"name\">\n            Flybox est-il compatible uniquement avec les fournisseurs de services Orange?<\/h3>\n<\/div>\n<div class=\"panel-collapse\">\n<div class=\"panel-body\" itemprop=\"acceptedAnswer\" itemscope=\"\" itemtype=\"https:\/\/schema.org\/Answer\">\n<div itemprop=\"text\">\n<p>Les informations fournies sugg\u00e8rent un lien entre Flybox et les fournisseurs de services Orange, mais elles n&#8217;indiquent pas explicitement une exclusivit\u00e9.<\/p>\n<\/div>\n<\/div>\n<\/div>\n<\/div>\n<div class=\"panel\" itemprop=\"mainEntity\" itemscope=\"\" itemtype=\"https:\/\/schema.org\/Question\">\n<div class=\"toggle-link\">\n<h3 class=\"panel-title\" itemprop=\"name\">\n            Puis-je acc\u00e9der \u00e0 l&#8217;interface d&#8217;administration de Flybox.home si j&#8217;oublie mon mot de passe?<\/h3>\n<\/div>\n<div class=\"panel-collapse\">\n<div class=\"panel-body\" itemprop=\"acceptedAnswer\" itemscope=\"\" itemtype=\"https:\/\/schema.org\/Answer\">\n<div itemprop=\"text\">\n<p>Les informations ne d\u00e9taillent pas une proc\u00e9dure sp\u00e9cifique \u00e0 suivre si vous oubliez votre mot de passe, ce qui sugg\u00e8re la n\u00e9cessit\u00e9 de conserver en s\u00e9curit\u00e9 vos identifiants d&#8217;origine.<\/p>\n<\/div>\n<\/div>\n<\/div>\n<\/div>\n<div class=\"panel\" itemprop=\"mainEntity\" itemscope=\"\" itemtype=\"https:\/\/schema.org\/Question\">\n<div class=\"toggle-link\">\n<h3 class=\"panel-title\" itemprop=\"name\">\n            Les \u00e9tapes pour changer le mot de passe Wi-Fi et le nom de r\u00e9seau sont-elles les m\u00eames pour la Flybox 4G MR200 et la Flybox 4G+ (Huawei)?<\/h3>\n<\/div>\n<div class=\"panel-collapse\">\n<div class=\"panel-body\" itemprop=\"acceptedAnswer\" itemscope=\"\" itemtype=\"https:\/\/schema.org\/Answer\">\n<div itemprop=\"text\">\n<p>Les informations fournies ne sp\u00e9cifient pas de proc\u00e9dures diff\u00e9rentes pour la Flybox 4G MR200 ou la Flybox 4G+ (Huawei), ce qui sugg\u00e8re que les \u00e9tapes sont identiques pour les deux appareils.<\/p>\n<\/div>\n<\/div>\n<\/div>\n<\/div>\n<div class=\"panel\" itemprop=\"mainEntity\" itemscope=\"\" itemtype=\"https:\/\/schema.org\/Question\">\n<div class=\"toggle-link\">\n<h3 class=\"panel-title\" itemprop=\"name\">\n            Flybox supporte-t-il la 5G?<\/h3>\n<\/div>\n<div class=\"panel-collapse\">\n<div class=\"panel-body\" itemprop=\"acceptedAnswer\" itemscope=\"\" itemtype=\"https:\/\/schema.org\/Answer\">\n<div itemprop=\"text\">\n<p>D&#8217;apr\u00e8s les informations donn\u00e9es, Flybox supporte la 4G. Aucune mention de la compatibilit\u00e9 avec la 5G n&#8217;est faite.<\/p>\n<\/div>\n<\/div>\n<\/div>\n<\/div>\n<div class=\"panel\" itemprop=\"mainEntity\" itemscope=\"\" itemtype=\"https:\/\/schema.org\/Question\">\n<div class=\"toggle-link\">\n<h3 class=\"panel-title\" itemprop=\"name\">\n            L&#8217;interface d&#8217;administration de Flybox.home est-elle accessible partout dans le monde?<\/h3>\n<\/div>\n<div class=\"panel-collapse\">\n<div class=\"panel-body\" itemprop=\"acceptedAnswer\" itemscope=\"\" itemtype=\"https:\/\/schema.org\/Answer\">\n<div itemprop=\"text\">\n<p>Bien que cela ne soit pas directement indiqu\u00e9, il est suppos\u00e9 que l&#8217;interface d&#8217;administration de Flybox.home est accessible de n&#8217;importe o\u00f9, \u00e0 condition que vous ayez une connexion internet et les bonnes informations de connexion.<\/p>\n<\/div>\n<\/div>\n<\/div>\n<\/div>\n<div class=\"panel\" itemprop=\"mainEntity\" itemscope=\"\" itemtype=\"https:\/\/schema.org\/Question\">\n<div class=\"toggle-link\">\n<h3 class=\"panel-title\" itemprop=\"name\">\n            Les param\u00e8tres de Flybox doivent-ils \u00eatre modifi\u00e9s r\u00e9guli\u00e8rement?<\/h3>\n<\/div>\n<div class=\"panel-collapse\">\n<div class=\"panel-body\" itemprop=\"acceptedAnswer\" itemscope=\"\" itemtype=\"https:\/\/schema.org\/Answer\">\n<div itemprop=\"text\">\n<p>Les informations ne dirigent pas les utilisateurs \u00e0 changer r\u00e9guli\u00e8rement leurs param\u00e8tres de Flybox. Cependant, les utilisateurs peuvent le faire s&#8217;ils le souhaitent, en particulier pour des raisons de s\u00e9curit\u00e9 ou pour modifier les conditions du r\u00e9seau.<\/p>\n<\/div>\n<\/div>\n<\/div>\n<\/div>\n<div class=\"panel\" itemprop=\"mainEntity\" itemscope=\"\" itemtype=\"https:\/\/schema.org\/Question\">\n<div class=\"toggle-link\">\n<h3 class=\"panel-title\" itemprop=\"name\">\n            Plus d&#8217;une personne peut-elle acc\u00e9der simultan\u00e9ment \u00e0 l&#8217;interface d&#8217;administration de Flybox.home?<\/h3>\n<\/div>\n<div class=\"panel-collapse\">\n<div class=\"panel-body\" itemprop=\"acceptedAnswer\" itemscope=\"\" itemtype=\"https:\/\/schema.org\/Answer\">\n<div itemprop=\"text\">\n<p>Les informations fournies n&#8217;indiquent pas si plusieurs utilisateurs peuvent acc\u00e9der simultan\u00e9ment \u00e0 l&#8217;interface d&#8217;administration de Flybox.home. Il est pr\u00e9f\u00e9rable de v\u00e9rifier cette information avec Orange ou le fournisseur de services Internet concern\u00e9.<\/p>\n<\/div>\n<\/div>\n<\/div>\n<\/div>\n<div class=\"panel\" itemprop=\"mainEntity\" itemscope=\"\" itemtype=\"https:\/\/schema.org\/Question\">\n<div class=\"toggle-link\">\n<h3 class=\"panel-title\" itemprop=\"name\">\n            Est-il possible de r\u00e9cup\u00e9rer le mot de passe Wi-Fi modifi\u00e9 si on l&#8217;a oubli\u00e9?<\/h3>\n<\/div>\n<div class=\"panel-collapse\">\n<div class=\"panel-body\" itemprop=\"acceptedAnswer\" itemscope=\"\" itemtype=\"https:\/\/schema.org\/Answer\">\n<div itemprop=\"text\">\n<p>Les informations ici ne couvrent pas la possibilit\u00e9 de r\u00e9cup\u00e9rer un mot de passe Wi-Fi oubli\u00e9. Si vous oubliez votre mot de passe modifi\u00e9, il est recommand\u00e9 de contacter le service client de votre fournisseur de services Internet.<\/p>\n<\/div>\n<\/div>\n<\/div>\n<\/div>\n<div class=\"panel\" itemprop=\"mainEntity\" itemscope=\"\" itemtype=\"https:\/\/schema.org\/Question\">\n<div class=\"toggle-link\">\n<h3 class=\"panel-title\" itemprop=\"name\">\n            Dois-je \u00eatre connect\u00e9 au r\u00e9seau Flybox pour acc\u00e9der \u00e0 Flybox.home?<\/h3>\n<\/div>\n<div class=\"panel-collapse\">\n<div class=\"panel-body\" itemprop=\"acceptedAnswer\" itemscope=\"\" itemtype=\"https:\/\/schema.org\/Answer\">\n<div itemprop=\"text\">\n<p>L&#8217;information ne confirme ni n&#8217;infirme cela, mais en g\u00e9n\u00e9ral, pour acc\u00e9der \u00e0 l&#8217;interface d&#8217;administration d&#8217;un routeur, un appareil doit \u00eatre connect\u00e9 \u00e0 ce r\u00e9seau, ce qui sugg\u00e8re que la m\u00eame chose s&#8217;applique \u00e0 Flybox.home.<\/p>\n<\/div>\n<\/div>\n<\/div>\n<\/div>\n<div class=\"panel\" itemprop=\"mainEntity\" itemscope=\"\" itemtype=\"https:\/\/schema.org\/Question\">\n<div class=\"toggle-link\">\n<h3 class=\"panel-title\" itemprop=\"name\">\n            Comment puis-je garantir le plus haut niveau de s\u00e9curit\u00e9 lors de l&#8217;utilisation de Flybox.home?<\/h3>\n<\/div>\n<div class=\"panel-collapse\">\n<div class=\"panel-body\" itemprop=\"acceptedAnswer\" itemscope=\"\" itemtype=\"https:\/\/schema.org\/Answer\">\n<div itemprop=\"text\">\n<p>Comme sugg\u00e9r\u00e9, la modification r\u00e9guli\u00e8re de votre mot de passe Wi-Fi am\u00e9liore la s\u00e9curit\u00e9. De plus, envisagez de changer r\u00e9guli\u00e8rement les informations d&#8217;administration et assurez-vous qu&#8217;elles sont suffisamment complexes pour pr\u00e9venir tout acc\u00e8s non autoris\u00e9 \u00e0 votre interface Flybox.home<\/p>\n<\/div>\n<\/div>\n<\/div>\n<\/div>\n<div class=\"panel\" itemprop=\"mainEntity\" itemscope=\"\" itemtype=\"https:\/\/schema.org\/Question\">\n<div class=\"toggle-link\">\n<h3 class=\"panel-title\" itemprop=\"name\">\n            Que se passe-t-il lorsque je clique sur &#8216;Appliquer&#8217; et &#8216;OK&#8217; dans l&#8217;interface Flybox.home?<\/h3>\n<\/div>\n<div class=\"panel-collapse\">\n<div class=\"panel-body\" itemprop=\"acceptedAnswer\" itemscope=\"\" itemtype=\"https:\/\/schema.org\/Answer\">\n<div itemprop=\"text\">\n<p>Apr\u00e8s avoir cliqu\u00e9 sur &#8216;Appliquer&#8217; et &#8216;OK&#8217;, les modifications que vous avez entr\u00e9es, comme le mot de passe Wi-Fi modifi\u00e9 et le nom de r\u00e9seau, sont enregistr\u00e9es et appliqu\u00e9es aux param\u00e8tres de votre Flybox.<\/p>\n<\/div>\n<\/div>\n<\/div>\n<\/div>\n<\/section>\n<\/article>\n","protected":false},"excerpt":{"rendered":"<p>Ma\u00eetrisez Votre Orange Flybox: R\u00e9initialisez le Mot de Passe WiFi et Changez le Nom du R\u00e9seau Salut, qu&#8217;est-ce que tu racontes, les explorateurs d&#8217;Internet? &#128640; Avez-vous d\u00e9j\u00e0 ressenti que votre WiFi Orange Flybox avait besoin de changement? &#129300; Comme, changer le mot de passe WiFi ou modifier le nom du r\u00e9seau pour quelque chose de [&hellip;]<\/p>\n","protected":false},"author":2,"featured_media":15,"parent":0,"menu_order":0,"comment_status":"closed","ping_status":"closed","template":"chromecast.php","meta":{"_stopmodifiedupdate":false,"_modified_date":"","_lmt_disableupdate":"yes","_lmt_disable":""},"yoast_head":"<!-- This site is optimized with the Yoast SEO plugin v20.9 - https:\/\/yoast.com\/wordpress\/plugins\/seo\/ -->\n<title>Flybox.accueil. Mis \u00e0 jour en 2026<\/title>\n<meta name=\"robots\" content=\"index, follow, max-snippet:-1, max-image-preview:large, max-video-preview:-1\" \/>\n<link rel=\"canonical\" href=\"https:\/\/www.ping.fm\/ip\/fr\/flybox-accueil\/\" \/>\n<meta property=\"og:locale\" content=\"en_US\" \/>\n<meta property=\"og:type\" content=\"article\" \/>\n<meta property=\"og:title\" content=\"Flybox.accueil. Mis \u00e0 jour en 2026\" \/>\n<meta property=\"og:description\" content=\"Ma\u00eetrisez Votre Orange Flybox: R\u00e9initialisez le Mot de Passe WiFi et Changez le Nom du R\u00e9seau Salut, qu&#8217;est-ce que tu racontes, les explorateurs d&#8217;Internet? &#128640; Avez-vous d\u00e9j\u00e0 ressenti que votre WiFi Orange Flybox avait besoin de changement? &#129300; Comme, changer le mot de passe WiFi ou modifier le nom du r\u00e9seau pour quelque chose de [&hellip;]\" \/>\n<meta property=\"og:url\" content=\"https:\/\/www.ping.fm\/ip\/fr\/flybox-accueil\/\" \/>\n<meta property=\"og:site_name\" content=\"IP\" \/>\n<meta property=\"og:image\" content=\"https:\/\/www.ping.fm\/ip\/wp-content\/uploads\/2023\/07\/wifi.jpg\" \/>\n\t<meta property=\"og:image:width\" content=\"1992\" \/>\n\t<meta property=\"og:image:height\" content=\"1852\" \/>\n\t<meta property=\"og:image:type\" content=\"image\/jpeg\" \/>\n<meta name=\"twitter:card\" content=\"summary_large_image\" \/>\n<script type=\"application\/ld+json\" class=\"yoast-schema-graph\">{\"@context\":\"https:\/\/schema.org\",\"@graph\":[{\"@type\":\"WebPage\",\"@id\":\"https:\/\/www.ping.fm\/ip\/fr\/flybox-accueil\/\",\"url\":\"https:\/\/www.ping.fm\/ip\/fr\/flybox-accueil\/\",\"name\":\"Flybox.accueil. Mis \u00e0 jour en 2026\",\"isPartOf\":{\"@id\":\"https:\/\/www.ping.fm\/ip\/#website\"},\"datePublished\":\"2023-10-20T16:37:04+00:00\",\"dateModified\":\"2023-10-20T16:37:04+00:00\",\"breadcrumb\":{\"@id\":\"https:\/\/www.ping.fm\/ip\/fr\/flybox-accueil\/#breadcrumb\"},\"inLanguage\":\"en-US\",\"potentialAction\":[{\"@type\":\"ReadAction\",\"target\":[\"https:\/\/www.ping.fm\/ip\/fr\/flybox-accueil\/\"]}]},{\"@type\":\"BreadcrumbList\",\"@id\":\"https:\/\/www.ping.fm\/ip\/fr\/flybox-accueil\/#breadcrumb\",\"itemListElement\":[{\"@type\":\"ListItem\",\"position\":1,\"name\":\"Home\",\"item\":\"https:\/\/www.ping.fm\/ip\/\"},{\"@type\":\"ListItem\",\"position\":2,\"name\":\"Flybox.accueil\"}]},{\"@type\":\"WebSite\",\"@id\":\"https:\/\/www.ping.fm\/ip\/#website\",\"url\":\"https:\/\/www.ping.fm\/ip\/\",\"name\":\"IP\",\"description\":\"\",\"potentialAction\":[{\"@type\":\"SearchAction\",\"target\":{\"@type\":\"EntryPoint\",\"urlTemplate\":\"https:\/\/www.ping.fm\/ip\/?s={search_term_string}\"},\"query-input\":\"required name=search_term_string\"}],\"inLanguage\":\"en-US\"}]}<\/script>\n<!-- \/ Yoast SEO plugin. -->","yoast_head_json":{"title":"Flybox.accueil. Mis \u00e0 jour en 2026","robots":{"index":"index","follow":"follow","max-snippet":"max-snippet:-1","max-image-preview":"max-image-preview:large","max-video-preview":"max-video-preview:-1"},"canonical":"https:\/\/www.ping.fm\/ip\/fr\/flybox-accueil\/","og_locale":"en_US","og_type":"article","og_title":"Flybox.accueil. Mis \u00e0 jour en 2026","og_description":"Ma\u00eetrisez Votre Orange Flybox: R\u00e9initialisez le Mot de Passe WiFi et Changez le Nom du R\u00e9seau Salut, qu&#8217;est-ce que tu racontes, les explorateurs d&#8217;Internet? &#128640; Avez-vous d\u00e9j\u00e0 ressenti que votre WiFi Orange Flybox avait besoin de changement? &#129300; Comme, changer le mot de passe WiFi ou modifier le nom du r\u00e9seau pour quelque chose de [&hellip;]","og_url":"https:\/\/www.ping.fm\/ip\/fr\/flybox-accueil\/","og_site_name":"IP","og_image":[{"width":1992,"height":1852,"url":"https:\/\/www.ping.fm\/ip\/wp-content\/uploads\/2023\/07\/wifi.jpg","type":"image\/jpeg"}],"twitter_card":"summary_large_image","schema":{"@context":"https:\/\/schema.org","@graph":[{"@type":"WebPage","@id":"https:\/\/www.ping.fm\/ip\/fr\/flybox-accueil\/","url":"https:\/\/www.ping.fm\/ip\/fr\/flybox-accueil\/","name":"Flybox.accueil. Mis \u00e0 jour en 2026","isPartOf":{"@id":"https:\/\/www.ping.fm\/ip\/#website"},"datePublished":"2023-10-20T16:37:04+00:00","dateModified":"2023-10-20T16:37:04+00:00","breadcrumb":{"@id":"https:\/\/www.ping.fm\/ip\/fr\/flybox-accueil\/#breadcrumb"},"inLanguage":"en-US","potentialAction":[{"@type":"ReadAction","target":["https:\/\/www.ping.fm\/ip\/fr\/flybox-accueil\/"]}]},{"@type":"BreadcrumbList","@id":"https:\/\/www.ping.fm\/ip\/fr\/flybox-accueil\/#breadcrumb","itemListElement":[{"@type":"ListItem","position":1,"name":"Home","item":"https:\/\/www.ping.fm\/ip\/"},{"@type":"ListItem","position":2,"name":"Flybox.accueil"}]},{"@type":"WebSite","@id":"https:\/\/www.ping.fm\/ip\/#website","url":"https:\/\/www.ping.fm\/ip\/","name":"IP","description":"","potentialAction":[{"@type":"SearchAction","target":{"@type":"EntryPoint","urlTemplate":"https:\/\/www.ping.fm\/ip\/?s={search_term_string}"},"query-input":"required name=search_term_string"}],"inLanguage":"en-US"}]}},"_links":{"self":[{"href":"https:\/\/www.ping.fm\/ip\/wp-json\/wp\/v2\/pages\/645"}],"collection":[{"href":"https:\/\/www.ping.fm\/ip\/wp-json\/wp\/v2\/pages"}],"about":[{"href":"https:\/\/www.ping.fm\/ip\/wp-json\/wp\/v2\/types\/page"}],"author":[{"embeddable":true,"href":"https:\/\/www.ping.fm\/ip\/wp-json\/wp\/v2\/users\/2"}],"replies":[{"embeddable":true,"href":"https:\/\/www.ping.fm\/ip\/wp-json\/wp\/v2\/comments?post=645"}],"version-history":[{"count":1,"href":"https:\/\/www.ping.fm\/ip\/wp-json\/wp\/v2\/pages\/645\/revisions"}],"predecessor-version":[{"id":646,"href":"https:\/\/www.ping.fm\/ip\/wp-json\/wp\/v2\/pages\/645\/revisions\/646"}],"wp:featuredmedia":[{"embeddable":true,"href":"https:\/\/www.ping.fm\/ip\/wp-json\/wp\/v2\/media\/15"}],"wp:attachment":[{"href":"https:\/\/www.ping.fm\/ip\/wp-json\/wp\/v2\/media?parent=645"}],"curies":[{"name":"wp","href":"https:\/\/api.w.org\/{rel}","templated":true}]}}