{"id":613,"date":"2023-10-20T16:03:19","date_gmt":"2023-10-20T16:03:19","guid":{"rendered":"https:\/\/www.ping.fm\/ip\/?page_id=613"},"modified":"2023-10-20T16:03:19","modified_gmt":"2023-10-20T16:03:19","slug":"vodafone-mobile-wifi","status":"publish","type":"page","link":"https:\/\/www.ping.fm\/ip\/fr\/vodafone-mobile-wifi\/","title":{"rendered":"VodafoneMobile.wifi"},"content":{"rendered":"<article>\n<section>\n<h1>Votre guide ultime de Vodafone Mobile WiFi : Param\u00e8tres r\u00e9seau, changement de mot de passe et plus encore !<\/h1>\n<div class=\"inbrief\">\n<div>\n                                <img src=\"\/ip\/wp-content\/uploads\/generated\/VodafoneMobile.wifi.jpg\" alt=\"VodafoneMobile.wifi\" title=\"VodafoneMobile.wifi\" width=\"1280\" height=\"720\"><\/p>\n<p><b>Vous luttez pour vous souvenir de votre mot de passe WiFi ? Vous voulez changer le nom de votre r\u00e9seau ? Pas de soucis, mon ami ! &#128588; <\/b>Avec l&#8217;interface web <a href='http:\/\/vodafonemobile.wifi'>VodafoneMobile.wifi<\/a>, vous avez le pouvoir de transformer vos soucis WiFi en merveilles WiFi.<\/p>\n<\/div>\n<\/div>\n<\/section>\n<section>\n<div>\n<div>1<\/div>\n<h2>Se connecter comme une b\u00eate<\/h2>\n<\/div>\n<p>Bon, champion, premi\u00e8re chose ! Pour commencer cette f\u00eate, vous devez vous connecter \u00e0 l&#8217;interface web <b><a href='http:\/\/vodafonemobile.wifi'>VodafoneMobile.wifi<\/a><\/b>. Facile, n&#8217;est-ce pas ? Ouvrez votre navigateur et tapez <b>vodafonemobile.wifi<\/b> dans la barre d&#8217;adresse. Pr\u00eat pour l&#8217;\u00e9tape suivante ? Allez sur le champ Password et entrez <b>admin<\/b>, puis cliquez sur Login. Bam! \ud83d\udca5 Vous \u00eates dedans ! \ud83d\ude09<\/p>\n<\/section>\n<section>\n<div>\n<div>2<\/div>\n<h2>INCROYABLE : Votre SSID WiFi et votre cl\u00e9 WiFi r\u00e9v\u00e9l\u00e9s<\/h2>\n<\/div>\n<p>Vous cherchez votre SSID WiFi et votre cl\u00e9 WiFi ? Ils sont plus proches que vous ne le pensez ! \ud83d\udd0d Vous les trouverez imprim\u00e9s sur un autocollant ou peut-\u00eatre m\u00eame sur l&#8217;\u00e9tiquette \u00e0 l&#8217;int\u00e9rieur du dos de votre appareil. Au fait, votre SSID, c&#8217;est juste le nom de votre r\u00e9seau WiFi et la cl\u00e9 ? Eh bien, c&#8217;est votre mot de passe WiFi. Gardez ces d\u00e9tails en s\u00e9curit\u00e9, copain \ud83e\udd1f.<\/p>\n<\/section>\n<section>\n<div>\n<div>3<\/div>\n<h2>Devenir un sorcier du WiFi : Changer le mot de passe et le nom du r\u00e9seau<\/h2>\n<\/div>\n<p>Tr\u00e8s bien ! Maintenant, amusons-nous un peu ! Vous voulez changer votre mot de passe WiFi et le nom de votre r\u00e9seau ? Il vous suffit de vous connecter \u00e0 l&#8217;interface web Vodafone Mobile WiFi, puis de cliquer sur <b>Wi-Fi<\/b> (vous le trouverez dans le menu sup\u00e9rieur). S\u00e9lectionnez <b>S\u00e9curit\u00e9<\/b>, et vous \u00eates pr\u00eat \u00e0 rouler ! Entrez le nouveau nom de r\u00e9seau WiFi dans le champ SSID et le nouveau mot de passe WiFi dans le champ Cl\u00e9. Cliquez sur <b>Enregistrer<\/b> et voil\u00e0 ! Vous \u00eates officiellement un sorcier du WiFi \ud83e\uddd9\u200d\u2642\ufe0f !<\/p>\n<\/section>\n<section>\n<h2>Conclusion : \ud83c\udfc1<\/h2>\n<div class=\"nonp\">\n<p>Eh bien, c&#8217;est fait ! Vous avez fait un carton sur <b><a href='http:\/\/vodafonemobile.wifi'>VodafoneMobile.wifi<\/a><\/b>, en vous connectant, en d\u00e9couvrant l&#8217;identit\u00e9 secr\u00e8te de votre SSID et de votre cl\u00e9, et m\u00eame en changeant votre mot de passe WiFi et le nom de votre r\u00e9seau ! On disait que c&#8217;\u00e9tait impossible, mais regardez-vous maintenant, accomplissant tout cela comme un patron &#038;#128526 ;. N&#8217;oubliez pas, avec l&#8217;interface web <b><a href='http:\/\/vodafonemobile.wifi'>VodafoneMobile.wifi<\/a><\/b>, vous avez ceci &#8211; et tous vos autres caprices WiFi &#8211; dans la poche !<\/p>\n<\/div>\n<\/section>\n<section itemscope=\"\" itemtype=\"https:\/\/schema.org\/FAQPage\">\n<div class=\"panel\" itemprop=\"mainEntity\" itemscope=\"\" itemtype=\"https:\/\/schema.org\/Question\">\n<div class=\"toggle-link\">\n<h3 class=\"panel-title\" itemprop=\"name\">\n            Quelles sont les proc\u00e9dures pour se connecter au routeur Vodafone Mobile WiFi?<\/h3>\n<\/div>\n<div class=\"panel-collapse\">\n<div class=\"panel-body\" itemprop=\"acceptedAnswer\" itemscope=\"\" itemtype=\"https:\/\/schema.org\/Answer\">\n<div itemprop=\"text\">\n<p>Pour acc\u00e9der au routeur <b>Vodafone Mobile WiFi<\/b>, lancez un navigateur web et tapez <a href='http:\/\/vodafonemobile.wifi'>vodafonemobile.wifi<\/a> dans la barre d&#8217;adresse. Entrez `admin` comme mot de passe dans le champ correspondant et cliquez sur le bouton Connexion. Suite \u00e0 cela, vous aurez acc\u00e8s \u00e0 l&#8217;interface web de Vodafone Mobile WiFi.<\/p>\n<\/div>\n<\/div>\n<\/div>\n<\/div>\n<div class=\"panel\" itemprop=\"mainEntity\" itemscope=\"\" itemtype=\"https:\/\/schema.org\/Question\">\n<div class=\"toggle-link\">\n<h3 class=\"panel-title\" itemprop=\"name\">\n            Pouvez-vous expliquer comment changer le mot de passe et le nom du r\u00e9seau Vodafone Mobile WiFi?<\/h3>\n<\/div>\n<div class=\"panel-collapse\">\n<div class=\"panel-body\" itemprop=\"acceptedAnswer\" itemscope=\"\" itemtype=\"https:\/\/schema.org\/Answer\">\n<div itemprop=\"text\">\n<p>Pour modifier le mot de passe et le nom du r\u00e9seau Vodafone Mobile WiFi, acc\u00e9dez d&#8217;abord \u00e0 l&#8217;interface web de Vodafone Mobile WiFi. S\u00e9lectionnez &#8216;Wi-Fi&#8217; dans le menu en haut et cliquez sur &#8216;S\u00e9curit\u00e9&#8217;. Entrez le nouveau nom du r\u00e9seau WiFi dans la zone &#8216;SSID&#8217; et le nouveau mot de passe WiFi dans l&#8217;espace &#8216;Cl\u00e9&#8217;. Ensuite, cliquez sur &#8216;Save&#8217; pour appliquer les modifications.<\/p>\n<\/div>\n<\/div>\n<\/div>\n<\/div>\n<div class=\"panel\" itemprop=\"mainEntity\" itemscope=\"\" itemtype=\"https:\/\/schema.org\/Question\">\n<div class=\"toggle-link\">\n<h3 class=\"panel-title\" itemprop=\"name\">\n            Est-il possible d&#8217;acc\u00e9der aux param\u00e8tres du Vodafone Mobile WiFi \u00e0 travers un navigateur?<\/h3>\n<\/div>\n<div class=\"panel-collapse\">\n<div class=\"panel-body\" itemprop=\"acceptedAnswer\" itemscope=\"\" itemtype=\"https:\/\/schema.org\/Answer\">\n<div itemprop=\"text\">\n<p>Oui, c&#8217;est possible. Tout ce que vous devez faire est d&#8217;ouvrir n&#8217;importe quel navigateur et d&#8217;entrer <a href='http:\/\/vodafonemobile.wifi'>vodafonemobile.wifi<\/a> dans la barre d&#8217;adresse. Cela vous dirigera vers l&#8217;interface web du Vodafone Mobile WiFi o\u00f9 vous pourrez ajuster les param\u00e8tres de votre routeur.<\/p>\n<\/div>\n<\/div>\n<\/div>\n<\/div>\n<div class=\"panel\" itemprop=\"mainEntity\" itemscope=\"\" itemtype=\"https:\/\/schema.org\/Question\">\n<div class=\"toggle-link\">\n<h3 class=\"panel-title\" itemprop=\"name\">\n            Comment localiser le SSID WiFi par d\u00e9faut et la cl\u00e9 WiFi pour Vodafone Mobile WiFi?<\/h3>\n<\/div>\n<div class=\"panel-collapse\">\n<div class=\"panel-body\" itemprop=\"acceptedAnswer\" itemscope=\"\" itemtype=\"https:\/\/schema.org\/Answer\">\n<div itemprop=\"text\">\n<p>Le SSID WiFi par d\u00e9faut et la cl\u00e9 WiFi sont g\u00e9n\u00e9ralement imprim\u00e9s sur un autocollant ou une \u00e9tiquette situ\u00e9e \u00e0 l&#8217;int\u00e9rieur du couvercle arri\u00e8re de votre appareil Vodafone Mobile WiFi.<\/p>\n<\/div>\n<\/div>\n<\/div>\n<\/div>\n<div class=\"panel\" itemprop=\"mainEntity\" itemscope=\"\" itemtype=\"https:\/\/schema.org\/Question\">\n<div class=\"toggle-link\">\n<h3 class=\"panel-title\" itemprop=\"name\">\n            Que dois-je faire si j&#8217;ai oubli\u00e9 mes coordonn\u00e9es de connexion \u00e0 VodafoneMobile.wifi?<\/h3>\n<\/div>\n<div class=\"panel-collapse\">\n<div class=\"panel-body\" itemprop=\"acceptedAnswer\" itemscope=\"\" itemtype=\"https:\/\/schema.org\/Answer\">\n<div itemprop=\"text\">\n<p>Si vous oubliez vos d\u00e9tails d&#8217;Internet, v\u00e9rifiez le <b>SSID WiFi<\/b> et la <b>Cl\u00e9 WiFi<\/b> qui devraient \u00eatre imprim\u00e9s sur un autocollant ou situ\u00e9s \u00e0 l&#8217;int\u00e9rieur du couvercle arri\u00e8re de votre appareil. Ce sont vos identifiants de connexion par d\u00e9faut.<\/p>\n<\/div>\n<\/div>\n<\/div>\n<\/div>\n<div class=\"panel\" itemprop=\"mainEntity\" itemscope=\"\" itemtype=\"https:\/\/schema.org\/Question\">\n<div class=\"toggle-link\">\n<h3 class=\"panel-title\" itemprop=\"name\">\n            Les param\u00e8tres par d\u00e9faut de Vodafone Mobile WiFi peuvent-ils \u00eatre modifi\u00e9s?<\/h3>\n<\/div>\n<div class=\"panel-collapse\">\n<div class=\"panel-body\" itemprop=\"acceptedAnswer\" itemscope=\"\" itemtype=\"https:\/\/schema.org\/Answer\">\n<div itemprop=\"text\">\n<p>Oui, c&#8217;est possible. En vous connectant \u00e0 l&#8217;interface web de <a href='http:\/\/vodafonemobile.wifi'>Vodafone Mobile WiFi<\/a>, vous pouvez vous rendre dans l&#8217;onglet &#8216;Wi-Fi&#8217; et s\u00e9lectionner &#8216;S\u00e9curit\u00e9&#8217;. Ici, vous pouvez modifier tous les r\u00e9glages, comme changer votre SSID ou votre cl\u00e9 WiFi.<\/p>\n<\/div>\n<\/div>\n<\/div>\n<\/div>\n<div class=\"panel\" itemprop=\"mainEntity\" itemscope=\"\" itemtype=\"https:\/\/schema.org\/Question\">\n<div class=\"toggle-link\">\n<h3 class=\"panel-title\" itemprop=\"name\">\n            Qu&#8217;est-ce que l&#8217;interface web de Vodafone Mobile WiFi?<\/h3>\n<\/div>\n<div class=\"panel-collapse\">\n<div class=\"panel-body\" itemprop=\"acceptedAnswer\" itemscope=\"\" itemtype=\"https:\/\/schema.org\/Answer\">\n<div itemprop=\"text\">\n<p>L&#8217;interface web de VodafoneMobile.wifi est un outil qui vous donne acc\u00e8s pour changer votre SSID, votre mot de passe WiFi, et d&#8217;autres param\u00e8tres par d\u00e9faut de votre routeur Vodafone Mobile WiFi.<\/p>\n<\/div>\n<\/div>\n<\/div>\n<\/div>\n<div class=\"panel\" itemprop=\"mainEntity\" itemscope=\"\" itemtype=\"https:\/\/schema.org\/Question\">\n<div class=\"toggle-link\">\n<h3 class=\"panel-title\" itemprop=\"name\">\n            Quelle est la s\u00e9curit\u00e9 de l&#8217;interface web de Vodafone Mobile WiFi?<\/h3>\n<\/div>\n<div class=\"panel-collapse\">\n<div class=\"panel-body\" itemprop=\"acceptedAnswer\" itemscope=\"\" itemtype=\"https:\/\/schema.org\/Answer\">\n<div itemprop=\"text\">\n<p>L&#8217;interface web de Vodafone Mobile WiFi est s\u00e9curis\u00e9e par un mot de passe par d\u00e9faut, qui est &#8216;admin&#8217;. Il est vivement conseill\u00e9 de modifier ce mot de passe par d\u00e9faut pour renforcer la s\u00e9curit\u00e9 de votre r\u00e9seau.<\/p>\n<\/div>\n<\/div>\n<\/div>\n<\/div>\n<div class=\"panel\" itemprop=\"mainEntity\" itemscope=\"\" itemtype=\"https:\/\/schema.org\/Question\">\n<div class=\"toggle-link\">\n<h3 class=\"panel-title\" itemprop=\"name\">\n            Quelles sont les \u00e9tapes pour modifier les param\u00e8tres r\u00e9seau de VodafoneMobile.wifi?<\/h3>\n<\/div>\n<div class=\"panel-collapse\">\n<div class=\"panel-body\" itemprop=\"acceptedAnswer\" itemscope=\"\" itemtype=\"https:\/\/schema.org\/Answer\">\n<div itemprop=\"text\">\n<p>Tout d&#8217;abord, ouvrez un navigateur et allez \u00e0 <a href='http:\/\/vodafonemobile.wifi'>vodafonemobile.wifi<\/a>. Ensuite, cliquez sur &#8216;Wi-Fi&#8217;, puis &#8216;S\u00e9curit\u00e9&#8217;. Ici, vous pouvez changer le nom du r\u00e9seau en entrant un nouveau dans le champ SSID, et modifier le mot de passe du r\u00e9seau en entrant un nouveau dans le champ Cl\u00e9. N&#8217;oubliez pas de cliquer sur &#8216;Save&#8217; pour confirmer les modifications.<\/p>\n<\/div>\n<\/div>\n<\/div>\n<\/div>\n<div class=\"panel\" itemprop=\"mainEntity\" itemscope=\"\" itemtype=\"https:\/\/schema.org\/Question\">\n<div class=\"toggle-link\">\n<h3 class=\"panel-title\" itemprop=\"name\">\n            Quel est le r\u00f4le du bouton &#8216;Save&#8217; dans l&#8217;interface web de VodafoneMobile.wifi?<\/h3>\n<\/div>\n<div class=\"panel-collapse\">\n<div class=\"panel-body\" itemprop=\"acceptedAnswer\" itemscope=\"\" itemtype=\"https:\/\/schema.org\/Answer\">\n<div itemprop=\"text\">\n<p>Le bouton &#8216;Save&#8217; est utilis\u00e9 pour appliquer et confirmer toute modification que vous avez apport\u00e9e aux param\u00e8tres WiFi dans l&#8217;interface web de Vodafone Mobile WiFi.<\/p>\n<\/div>\n<\/div>\n<\/div>\n<\/div>\n<div class=\"panel\" itemprop=\"mainEntity\" itemscope=\"\" itemtype=\"https:\/\/schema.org\/Question\">\n<div class=\"toggle-link\">\n<h3 class=\"panel-title\" itemprop=\"name\">\n            A quoi sert l&#8217;option &#8216;S\u00e9curit\u00e9&#8217; dans l&#8217;interface web de VodafoneMobile.wifi?<\/h3>\n<\/div>\n<div class=\"panel-collapse\">\n<div class=\"panel-body\" itemprop=\"acceptedAnswer\" itemscope=\"\" itemtype=\"https:\/\/schema.org\/Answer\">\n<div itemprop=\"text\">\n<p>L&#8217;option &#8216;S\u00e9curit\u00e9&#8217; dans l&#8217;interface web de VodafoneMobile.wifi est l&#8217;endroit o\u00f9 vous allez pour changer le nom de votre r\u00e9seau WiFi (SSID) et le mot de passe du r\u00e9seau (Cl\u00e9).<\/p>\n<\/div>\n<\/div>\n<\/div>\n<\/div>\n<div class=\"panel\" itemprop=\"mainEntity\" itemscope=\"\" itemtype=\"https:\/\/schema.org\/Question\">\n<div class=\"toggle-link\">\n<h3 class=\"panel-title\" itemprop=\"name\">\n            Pourquoi aurais-je besoin de modifier les param\u00e8tres de mon r\u00e9seau VodafoneMobile.wifi?<\/h3>\n<\/div>\n<div class=\"panel-collapse\">\n<div class=\"panel-body\" itemprop=\"acceptedAnswer\" itemscope=\"\" itemtype=\"https:\/\/schema.org\/Answer\">\n<div itemprop=\"text\">\n<p>Vous voudriez peut-\u00eatre changer vos param\u00e8tres de r\u00e9seau VodafoneMobile.wifi pour plusieurs raisons, telles que pour personnaliser le nom de votre r\u00e9seau, cr\u00e9er un mot de passe plus m\u00e9morable, ou pour am\u00e9liorer la s\u00e9curit\u00e9 du r\u00e9seau.<\/p>\n<\/div>\n<\/div>\n<\/div>\n<\/div>\n<div class=\"panel\" itemprop=\"mainEntity\" itemscope=\"\" itemtype=\"https:\/\/schema.org\/Question\">\n<div class=\"toggle-link\">\n<h3 class=\"panel-title\" itemprop=\"name\">\n            Que puis-je faire si l&#8217;interface web de VodafoneMobile.wifi ne s&#8217;ouvre pas dans mon navigateur web?<\/h3>\n<\/div>\n<div class=\"panel-collapse\">\n<div class=\"panel-body\" itemprop=\"acceptedAnswer\" itemscope=\"\" itemtype=\"https:\/\/schema.org\/Answer\">\n<div itemprop=\"text\">\n<p>Si l&#8217;interface web de VodafoneMobile.wifi ne s&#8217;ouvre pas dans votre navigateur, v\u00e9rifiez votre connexion r\u00e9seau. Si votre connexion est stable, essayez un autre navigateur, ou effacez le cache et les cookies de votre navigateur avant d&#8217;essayer \u00e0 nouveau.<\/p>\n<\/div>\n<\/div>\n<\/div>\n<\/div>\n<div class=\"panel\" itemprop=\"mainEntity\" itemscope=\"\" itemtype=\"https:\/\/schema.org\/Question\">\n<div class=\"toggle-link\">\n<h3 class=\"panel-title\" itemprop=\"name\">\n            Que dois-je faire si je n&#8217;arrive pas \u00e0 me souvenir des param\u00e8tres de mon r\u00e9seau VodafoneMobile.wifi apr\u00e8s les avoir modifi\u00e9s?<\/h3>\n<\/div>\n<div class=\"panel-collapse\">\n<div class=\"panel-body\" itemprop=\"acceptedAnswer\" itemscope=\"\" itemtype=\"https:\/\/schema.org\/Answer\">\n<div itemprop=\"text\">\n<p>Si vous ne vous souvenez pas de vos param\u00e8tres de r\u00e9seau VodafoneMobile.wifi apr\u00e8s les avoir chang\u00e9s, vous devrez peut-\u00eatre r\u00e9initialiser votre appareil \u00e0 ses param\u00e8tres d&#8217;usine, ce qui r\u00e9tablira tous vos param\u00e8tres \u00e0 ceux du moment de l&#8217;achat. N&#8217;oubliez pas, le SSID WiFi et la cl\u00e9 par d\u00e9faut seront \u00e0 l&#8217;int\u00e9rieur du bo\u00eetier arri\u00e8re de votre appareil apr\u00e8s la r\u00e9initialisation.<\/p>\n<\/div>\n<\/div>\n<\/div>\n<\/div>\n<div class=\"panel\" itemprop=\"mainEntity\" itemscope=\"\" itemtype=\"https:\/\/schema.org\/Question\">\n<div class=\"toggle-link\">\n<h3 class=\"panel-title\" itemprop=\"name\">\n            Puis-je modifier les param\u00e8tres du r\u00e9seau VodafoneMobile.wifi depuis un appareil mobile?<\/h3>\n<\/div>\n<div class=\"panel-collapse\">\n<div class=\"panel-body\" itemprop=\"acceptedAnswer\" itemscope=\"\" itemtype=\"https:\/\/schema.org\/Answer\">\n<div itemprop=\"text\">\n<p>Oui, vous pouvez modifier les param\u00e8tres depuis n&#8217;importe quel appareil avec un navigateur. Naviguez simplement vers <a href='http:\/\/vodafonemobile.wifi'>vodafonemobile.wifi<\/a> dans la barre d&#8217;adresse et connectez-vous. De l\u00e0, vous pouvez modifier vos param\u00e8tres de r\u00e9seau.<\/p>\n<\/div>\n<\/div>\n<\/div>\n<\/div>\n<div class=\"panel\" itemprop=\"mainEntity\" itemscope=\"\" itemtype=\"https:\/\/schema.org\/Question\">\n<div class=\"toggle-link\">\n<h3 class=\"panel-title\" itemprop=\"name\">\n            Est-il n\u00e9cessaire de changer le mot de passe administrateur par d\u00e9faut pour VodafoneMobile.wifi?<\/h3>\n<\/div>\n<div class=\"panel-collapse\">\n<div class=\"panel-body\" itemprop=\"acceptedAnswer\" itemscope=\"\" itemtype=\"https:\/\/schema.org\/Answer\">\n<div itemprop=\"text\">\n<p>Il est vivement conseill\u00e9 de changer votre mot de passe &#8216;admin&#8217; par d\u00e9faut. Cela garantira la s\u00e9curit\u00e9 de votre Vodafone Mobile WiFi car toute personne connect\u00e9e \u00e0 votre r\u00e9seau peut acc\u00e9der aux param\u00e8tres administrateur avec le mot de passe par d\u00e9faut.<\/p>\n<\/div>\n<\/div>\n<\/div>\n<\/div>\n<div class=\"panel\" itemprop=\"mainEntity\" itemscope=\"\" itemtype=\"https:\/\/schema.org\/Question\">\n<div class=\"toggle-link\">\n<h3 class=\"panel-title\" itemprop=\"name\">\n            Quelles sont les \u00e9tapes pour changer le mot de passe administrateur par d\u00e9faut pour le VodafoneMobile.wifi?<\/h3>\n<\/div>\n<div class=\"panel-collapse\">\n<div class=\"panel-body\" itemprop=\"acceptedAnswer\" itemscope=\"\" itemtype=\"https:\/\/schema.org\/Answer\">\n<div itemprop=\"text\">\n<p>Pour changer le mot de passe &#8216;admin&#8217; par d\u00e9faut, connectez-vous \u00e0 l&#8217;interface web du <a href='http:\/\/vodafonemobile.wifi'>Vodafone Mobile WiFi<\/a>, naviguez vers la section &#8216;Admin&#8217; et suivez les instructions pour changer le mot de passe.<\/p>\n<\/div>\n<\/div>\n<\/div>\n<\/div>\n<div class=\"panel\" itemprop=\"mainEntity\" itemscope=\"\" itemtype=\"https:\/\/schema.org\/Question\">\n<div class=\"toggle-link\">\n<h3 class=\"panel-title\" itemprop=\"name\">\n            Puis-je d\u00e9finir un mot de passe personnalis\u00e9 pour mon VodafoneMobile.wifi?<\/h3>\n<\/div>\n<div class=\"panel-collapse\">\n<div class=\"panel-body\" itemprop=\"acceptedAnswer\" itemscope=\"\" itemtype=\"https:\/\/schema.org\/Answer\">\n<div itemprop=\"text\">\n<p>Oui, vous pouvez d\u00e9finir un mot de passe personnalis\u00e9 pour votre VodafoneMobile.wifi. Vous pouvez le faire en vous connectant \u00e0 l&#8217;interface web, en naviguant vers &#8216;Wi-Fi&#8217; puis &#8216;S\u00e9curit\u00e9&#8217;, et en d\u00e9finissant un nouveau mot de passe dans le champ &#8216;Cl\u00e9&#8217;.<\/p>\n<\/div>\n<\/div>\n<\/div>\n<\/div>\n<div class=\"panel\" itemprop=\"mainEntity\" itemscope=\"\" itemtype=\"https:\/\/schema.org\/Question\">\n<div class=\"toggle-link\">\n<h3 class=\"panel-title\" itemprop=\"name\">\n            Comment puis-je surveiller qui est connect\u00e9 \u00e0 mon VodafoneMobile.wifi?<\/h3>\n<\/div>\n<div class=\"panel-collapse\">\n<div class=\"panel-body\" itemprop=\"acceptedAnswer\" itemscope=\"\" itemtype=\"https:\/\/schema.org\/Answer\">\n<div itemprop=\"text\">\n<p>Vous pouvez voir les appareils connect\u00e9s \u00e0 votre r\u00e9seau via l&#8217;interface web de Vodafone Mobile WiFi. Apr\u00e8s vous \u00eatre connect\u00e9, naviguez vers la section &#8216;Device&#8217; ou &#8216;Device Details&#8217; pour consulter cette information.<\/p>\n<\/div>\n<\/div>\n<\/div>\n<\/div>\n<div class=\"panel\" itemprop=\"mainEntity\" itemscope=\"\" itemtype=\"https:\/\/schema.org\/Question\">\n<div class=\"toggle-link\">\n<h3 class=\"panel-title\" itemprop=\"name\">\n            Existe-t-il une limite au nombre d&#8217;appareils qui peuvent se connecter \u00e0 VodafoneMobile.wifi?<\/h3>\n<\/div>\n<div class=\"panel-collapse\">\n<div class=\"panel-body\" itemprop=\"acceptedAnswer\" itemscope=\"\" itemtype=\"https:\/\/schema.org\/Answer\">\n<div itemprop=\"text\">\n<p>Le nombre d&#8217;appareils qui peuvent \u00eatre connect\u00e9s simultan\u00e9ment \u00e0 VodafoneMobile.wifi d\u00e9pend g\u00e9n\u00e9ralement de votre mod\u00e8le d&#8217;appareil. V\u00e9rifiez les sp\u00e9cifications de votre appareil pour confirmer cela.<\/p>\n<\/div>\n<\/div>\n<\/div>\n<\/div>\n<\/section>\n<\/article>\n","protected":false},"excerpt":{"rendered":"<p>Votre guide ultime de Vodafone Mobile WiFi : Param\u00e8tres r\u00e9seau, changement de mot de passe et plus encore ! Vous luttez pour vous souvenir de votre mot de passe WiFi ? Vous voulez changer le nom de votre r\u00e9seau ? Pas de soucis, mon ami ! &#128588; Avec l&#8217;interface web VodafoneMobile.wifi, vous avez le pouvoir [&hellip;]<\/p>\n","protected":false},"author":2,"featured_media":15,"parent":0,"menu_order":0,"comment_status":"closed","ping_status":"closed","template":"chromecast.php","meta":{"_stopmodifiedupdate":false,"_modified_date":"","_lmt_disableupdate":"yes","_lmt_disable":""},"yoast_head":"<!-- This site is optimized with the Yoast SEO plugin v20.9 - https:\/\/yoast.com\/wordpress\/plugins\/seo\/ -->\n<title>VodafoneMobile.wifi. Mis \u00e0 jour en 2026<\/title>\n<meta name=\"robots\" content=\"index, follow, max-snippet:-1, max-image-preview:large, max-video-preview:-1\" \/>\n<link rel=\"canonical\" href=\"https:\/\/www.ping.fm\/ip\/fr\/vodafone-mobile-wifi\/\" \/>\n<meta property=\"og:locale\" content=\"en_US\" \/>\n<meta property=\"og:type\" content=\"article\" \/>\n<meta property=\"og:title\" content=\"VodafoneMobile.wifi. Mis \u00e0 jour en 2026\" \/>\n<meta property=\"og:description\" content=\"Votre guide ultime de Vodafone Mobile WiFi : Param\u00e8tres r\u00e9seau, changement de mot de passe et plus encore ! Vous luttez pour vous souvenir de votre mot de passe WiFi ? Vous voulez changer le nom de votre r\u00e9seau ? Pas de soucis, mon ami ! &#128588; Avec l&#8217;interface web VodafoneMobile.wifi, vous avez le pouvoir [&hellip;]\" \/>\n<meta property=\"og:url\" content=\"https:\/\/www.ping.fm\/ip\/fr\/vodafone-mobile-wifi\/\" \/>\n<meta property=\"og:site_name\" content=\"IP\" \/>\n<meta property=\"og:image\" content=\"https:\/\/www.ping.fm\/ip\/wp-content\/uploads\/2023\/07\/wifi.jpg\" \/>\n\t<meta property=\"og:image:width\" content=\"1992\" \/>\n\t<meta property=\"og:image:height\" content=\"1852\" \/>\n\t<meta property=\"og:image:type\" content=\"image\/jpeg\" \/>\n<meta name=\"twitter:card\" content=\"summary_large_image\" \/>\n<script type=\"application\/ld+json\" class=\"yoast-schema-graph\">{\"@context\":\"https:\/\/schema.org\",\"@graph\":[{\"@type\":\"WebPage\",\"@id\":\"https:\/\/www.ping.fm\/ip\/fr\/vodafone-mobile-wifi\/\",\"url\":\"https:\/\/www.ping.fm\/ip\/fr\/vodafone-mobile-wifi\/\",\"name\":\"VodafoneMobile.wifi. Mis \u00e0 jour en 2026\",\"isPartOf\":{\"@id\":\"https:\/\/www.ping.fm\/ip\/#website\"},\"datePublished\":\"2023-10-20T16:03:19+00:00\",\"dateModified\":\"2023-10-20T16:03:19+00:00\",\"breadcrumb\":{\"@id\":\"https:\/\/www.ping.fm\/ip\/fr\/vodafone-mobile-wifi\/#breadcrumb\"},\"inLanguage\":\"en-US\",\"potentialAction\":[{\"@type\":\"ReadAction\",\"target\":[\"https:\/\/www.ping.fm\/ip\/fr\/vodafone-mobile-wifi\/\"]}]},{\"@type\":\"BreadcrumbList\",\"@id\":\"https:\/\/www.ping.fm\/ip\/fr\/vodafone-mobile-wifi\/#breadcrumb\",\"itemListElement\":[{\"@type\":\"ListItem\",\"position\":1,\"name\":\"Home\",\"item\":\"https:\/\/www.ping.fm\/ip\/\"},{\"@type\":\"ListItem\",\"position\":2,\"name\":\"VodafoneMobile.wifi\"}]},{\"@type\":\"WebSite\",\"@id\":\"https:\/\/www.ping.fm\/ip\/#website\",\"url\":\"https:\/\/www.ping.fm\/ip\/\",\"name\":\"IP\",\"description\":\"\",\"potentialAction\":[{\"@type\":\"SearchAction\",\"target\":{\"@type\":\"EntryPoint\",\"urlTemplate\":\"https:\/\/www.ping.fm\/ip\/?s={search_term_string}\"},\"query-input\":\"required name=search_term_string\"}],\"inLanguage\":\"en-US\"}]}<\/script>\n<!-- \/ Yoast SEO plugin. -->","yoast_head_json":{"title":"VodafoneMobile.wifi. Mis \u00e0 jour en 2026","robots":{"index":"index","follow":"follow","max-snippet":"max-snippet:-1","max-image-preview":"max-image-preview:large","max-video-preview":"max-video-preview:-1"},"canonical":"https:\/\/www.ping.fm\/ip\/fr\/vodafone-mobile-wifi\/","og_locale":"en_US","og_type":"article","og_title":"VodafoneMobile.wifi. Mis \u00e0 jour en 2026","og_description":"Votre guide ultime de Vodafone Mobile WiFi : Param\u00e8tres r\u00e9seau, changement de mot de passe et plus encore ! Vous luttez pour vous souvenir de votre mot de passe WiFi ? Vous voulez changer le nom de votre r\u00e9seau ? Pas de soucis, mon ami ! &#128588; Avec l&#8217;interface web VodafoneMobile.wifi, vous avez le pouvoir [&hellip;]","og_url":"https:\/\/www.ping.fm\/ip\/fr\/vodafone-mobile-wifi\/","og_site_name":"IP","og_image":[{"width":1992,"height":1852,"url":"https:\/\/www.ping.fm\/ip\/wp-content\/uploads\/2023\/07\/wifi.jpg","type":"image\/jpeg"}],"twitter_card":"summary_large_image","schema":{"@context":"https:\/\/schema.org","@graph":[{"@type":"WebPage","@id":"https:\/\/www.ping.fm\/ip\/fr\/vodafone-mobile-wifi\/","url":"https:\/\/www.ping.fm\/ip\/fr\/vodafone-mobile-wifi\/","name":"VodafoneMobile.wifi. Mis \u00e0 jour en 2026","isPartOf":{"@id":"https:\/\/www.ping.fm\/ip\/#website"},"datePublished":"2023-10-20T16:03:19+00:00","dateModified":"2023-10-20T16:03:19+00:00","breadcrumb":{"@id":"https:\/\/www.ping.fm\/ip\/fr\/vodafone-mobile-wifi\/#breadcrumb"},"inLanguage":"en-US","potentialAction":[{"@type":"ReadAction","target":["https:\/\/www.ping.fm\/ip\/fr\/vodafone-mobile-wifi\/"]}]},{"@type":"BreadcrumbList","@id":"https:\/\/www.ping.fm\/ip\/fr\/vodafone-mobile-wifi\/#breadcrumb","itemListElement":[{"@type":"ListItem","position":1,"name":"Home","item":"https:\/\/www.ping.fm\/ip\/"},{"@type":"ListItem","position":2,"name":"VodafoneMobile.wifi"}]},{"@type":"WebSite","@id":"https:\/\/www.ping.fm\/ip\/#website","url":"https:\/\/www.ping.fm\/ip\/","name":"IP","description":"","potentialAction":[{"@type":"SearchAction","target":{"@type":"EntryPoint","urlTemplate":"https:\/\/www.ping.fm\/ip\/?s={search_term_string}"},"query-input":"required name=search_term_string"}],"inLanguage":"en-US"}]}},"_links":{"self":[{"href":"https:\/\/www.ping.fm\/ip\/wp-json\/wp\/v2\/pages\/613"}],"collection":[{"href":"https:\/\/www.ping.fm\/ip\/wp-json\/wp\/v2\/pages"}],"about":[{"href":"https:\/\/www.ping.fm\/ip\/wp-json\/wp\/v2\/types\/page"}],"author":[{"embeddable":true,"href":"https:\/\/www.ping.fm\/ip\/wp-json\/wp\/v2\/users\/2"}],"replies":[{"embeddable":true,"href":"https:\/\/www.ping.fm\/ip\/wp-json\/wp\/v2\/comments?post=613"}],"version-history":[{"count":1,"href":"https:\/\/www.ping.fm\/ip\/wp-json\/wp\/v2\/pages\/613\/revisions"}],"predecessor-version":[{"id":614,"href":"https:\/\/www.ping.fm\/ip\/wp-json\/wp\/v2\/pages\/613\/revisions\/614"}],"wp:featuredmedia":[{"embeddable":true,"href":"https:\/\/www.ping.fm\/ip\/wp-json\/wp\/v2\/media\/15"}],"wp:attachment":[{"href":"https:\/\/www.ping.fm\/ip\/wp-json\/wp\/v2\/media?parent=613"}],"curies":[{"name":"wp","href":"https:\/\/api.w.org\/{rel}","templated":true}]}}