{"id":611,"date":"2023-10-20T16:01:55","date_gmt":"2023-10-20T16:01:55","guid":{"rendered":"https:\/\/www.ping.fm\/ip\/?page_id=611"},"modified":"2023-10-20T16:01:55","modified_gmt":"2023-10-20T16:01:55","slug":"connexion-a-lorange-router","status":"publish","type":"page","link":"https:\/\/www.ping.fm\/ip\/fr\/connexion-a-lorange-router\/","title":{"rendered":"Connexion \u00e0 l&#8217;Orange Router"},"content":{"rendered":"<article>\n<section>\n<h1>Guide de configuration du routeur Orange : nom du r\u00e9seau, param\u00e8tres Wi-Fi et SSID<\/h1>\n<div class=\"inbrief\">\n<div><img src=\"\/ip\/wp-content\/uploads\/generated\/Connexion-a-lOrange-Router.jpg\" alt=\"Connexion \u00e0 l'Orange Router\" title=\"Connexion \u00e0 l'Orange Router\" width=\"1280\" height=\"720\">Envie de changer vos param\u00e8tres Wi-Fi sur votre routeur Orange ? Si vous ne savez pas par o\u00f9 commencer, aucun probl\u00e8me ! &#128526; Ce guide est l\u00e0 pour vous aider ! Configurer votre routeur Orange est aussi simple que de respirer, et dans ce guide, nous allons vous guider \u00e0 travers toutes les \u00e9tapes &#127939;. Pr\u00e9parez-vous, c&#8217;est l&#8217;heure de changer le mot de passe ! &#128246; &#128161;<\/div>\n<\/div>\n<\/section>\n<section>\n<div>\n<div>1<\/div>\n<h2>Connexion au routeur Orange<\/h2>\n<\/div>\n<p> Tr\u00e8s bien, commen\u00e7ons par le d\u00e9but, nous devons acc\u00e9der aux param\u00e8tres du routeur Orange. Alors, saisissez votre t\u00e9l\u00e9phone ou votre ordinateur et suivez-moi de pr\u00e8s ici. \ud83c\udfc3 Ouvrez un navigateur de votre choix et tapez <a href='http:\/\/192.168.1.1'>http:\/\/192.168.1.1<\/a> dans la barre d&#8217;adresse. Maintenant, entrez l&#8217;<b>Identifiant<\/b> et le <b>Mot de passe<\/b> par d\u00e9faut (il s&#8217;agit de &#8216;admin&#8217; pour les deux \u00e0 moins que vous n&#8217;ayez modifi\u00e9 ces param\u00e8tres pr\u00e9c\u00e9demment). Cliquez sur le bouton de connexion et BOOM ! Vous \u00eates connect\u00e9 ! \ud83d\udc41\ufe0f\u200d\ud83d\udde8\ufe0f \ud83d\udcbb <\/p>\n<p> Vous ne connaissez pas l&#8217;<b>Identifiant<\/b> et le <b>Mot de passe<\/b> ? Pas de soucis ! Ils sont en fait imprim\u00e9s sur un joli petit autocollant \u00e0 l&#8217;arri\u00e8re de votre routeur. Comme une antis\u00e8che ! \ud83d\udcdd<\/section>\n<section>\n<div>\n<div>2<\/div>\n<h2>Changer le mot de passe Wi-Fi et le nom du r\u00e9seau (SSID) Orange<\/h2>\n<\/div>\n<p> Alors tout est en ordre et nous sommes connect\u00e9s. Maintenant, changeons votre mot de passe Wi-Fi et le nom de votre r\u00e9seau. \ud83d\udcdd Depuis le Menu, cliquez sur l&#8217;option de <b>Configuration Wi-Fi<\/b>. Ici, vous pouvez entrer votre nouveau nom de r\u00e9seau Wi-Fi dans le champ <b>SSID<\/b>, et d\u00e9finir votre nouveau mot de passe Wi-Fi ultra-secret dans le champ <b>Cl\u00e9<\/b>. Tout est pr\u00eat ? Super ! Maintenant, il suffit de cliquer sur Appliquer > OK, et c&#8217;est termin\u00e9. \ud83c\udf89  Niveau de s\u00e9curit\u00e9 du r\u00e9seau &#8211; AUGMENT\u00c9E ! \ud83d\udcc8 <\/p>\n<p> (Oh, et au fait, votre nom de r\u00e9seau est ce que vous voyez lorsque vous vous connectez \u00e0 un r\u00e9seau Wi-Fi. Donc, si vous en avez assez de voir &#8216;Orange1234&#8217; sur votre appareil, c&#8217;est l&#8217;occasion de le changer pour quelque chose de beaucoup plus cool. \ud83d\ude0e)<\/section>\n<section>\n<div>\n<div>3<\/div>\n<h2>Mod\u00e8les Orange applicables<\/h2>\n<\/div>\n<p> Ce guide n&#8217;est pas limit\u00e9 \u00e0 un seul mod\u00e8le de routeur ! Il fonctionne de la m\u00eame mani\u00e8re pour plusieurs mod\u00e8les de routeurs Orange, y compris l&#8217;<b>Orange Airbox<\/b>, l&#8217;<b>Orange Livebox<\/b>, l&#8217;<b>Orange Flybox<\/b>, l&#8217;<b>Orange Livebox Fibra<\/b>, et d&#8217;autres. Partagez l&#8217;amour, partagez le guide ! \ud83e\udde1 \ud83c\udf10<\/section>\n<section>\n<h2>Conclusion : \ud83c\udfc1<\/h2>\n<div class=\"nonp\">Et voil\u00e0, votre <b>routeur Orange<\/b> a maintenant un nouveau nom de r\u00e9seau et un nouveau mot de passe ! N&#8217;\u00e9tait-ce pas amusant? En suivant ces \u00e9tapes, vous avez plus de contr\u00f4le sur votre connexion internet et vous pouvez garantir une exp\u00e9rience Wi-Fi s\u00e9curis\u00e9e et personnalis\u00e9e. &#127760; &#128170; Si vous avez trouv\u00e9 ce guide utile, n&#8217;oubliez pas de rendre la pareille en le partageant avec vos amis. Apr\u00e8s tout, partager c&#8217;est aimer ! &#128521; &#129505; Jusqu&#8217;\u00e0 la prochaine fois, continuez \u00e0 changer r\u00e9guli\u00e8rement vos mots de passe, soyez en s\u00e9curit\u00e9 et souvenez-vous &#8211; vous avez maintenant le pouvoir ! &#128165;<\/div>\n<\/section>\n<section itemscope=\"\" itemtype=\"https:\/\/schema.org\/FAQPage\">\n<div class=\"panel\" itemprop=\"mainEntity\" itemscope=\"\" itemtype=\"https:\/\/schema.org\/Question\">\n<div class=\"toggle-link\">\n<h3 class=\"panel-title\" itemprop=\"name\">\n            Quelle est la fonction de l&#8217;interface d&#8217;administration du routeur Orange ?<\/h3>\n<\/div>\n<div class=\"panel-collapse\">\n<div class=\"panel-body\" itemprop=\"acceptedAnswer\" itemscope=\"\" itemtype=\"https:\/\/schema.org\/Answer\">\n<div itemprop=\"text\">\n<p>L&#8217;interface d&#8217;administration du routeur Orange permet aux utilisateurs de modifier des param\u00e8tres tels que le mot de passe WiFi, le nom du r\u00e9seau (SSID) et d&#8217;autres param\u00e8tres par d\u00e9faut du routeur\/modem.<\/p>\n<\/div>\n<\/div>\n<\/div>\n<\/div>\n<div class=\"panel\" itemprop=\"mainEntity\" itemscope=\"\" itemtype=\"https:\/\/schema.org\/Question\">\n<div class=\"toggle-link\">\n<h3 class=\"panel-title\" itemprop=\"name\">\n            Comment puis-je me connecter \u00e0 mon routeur Orange ?<\/h3>\n<\/div>\n<div class=\"panel-collapse\">\n<div class=\"panel-body\" itemprop=\"acceptedAnswer\" itemscope=\"\" itemtype=\"https:\/\/schema.org\/Answer\">\n<div itemprop=\"text\">\n<p>Pour vous connecter \u00e0 votre routeur Orange, ouvrez un navigateur web et entrez <a href=http:\/\/192.168.1.1>http:\/\/192.168.1.1<\/a> dans la barre d&#8217;adresse. Ensuite, saisissez le nom d&#8217;utilisateur et le mot de passe, puis cliquez sur Connexion.<\/p>\n<\/div>\n<\/div>\n<\/div>\n<\/div>\n<div class=\"panel\" itemprop=\"mainEntity\" itemscope=\"\" itemtype=\"https:\/\/schema.org\/Question\">\n<div class=\"toggle-link\">\n<h3 class=\"panel-title\" itemprop=\"name\">\n            O\u00f9 puis-je trouver l&#8217;adresse IP par d\u00e9faut du routeur, le nom d&#8217;utilisateur et le mot de passe de mon routeur Orange ?<\/h3>\n<\/div>\n<div class=\"panel-collapse\">\n<div class=\"panel-body\" itemprop=\"acceptedAnswer\" itemscope=\"\" itemtype=\"https:\/\/schema.org\/Answer\">\n<div itemprop=\"text\">\n<p>L&#8217;adresse IP par d\u00e9faut du routeur, le nom d&#8217;utilisateur et le mot de passe pour la plupart des routeurs Orange se trouvent g\u00e9n\u00e9ralement sur une \u00e9tiquette situ\u00e9e \u00e0 l&#8217;arri\u00e8re du routeur.<\/p>\n<\/div>\n<\/div>\n<\/div>\n<\/div>\n<div class=\"panel\" itemprop=\"mainEntity\" itemscope=\"\" itemtype=\"https:\/\/schema.org\/Question\">\n<div class=\"toggle-link\">\n<h3 class=\"panel-title\" itemprop=\"name\">\n            Quels sont les nom d&#8217;utilisateur et mot de passe par d\u00e9faut les plus courants pour les routeurs Orange ?<\/h3>\n<\/div>\n<div class=\"panel-collapse\">\n<div class=\"panel-body\" itemprop=\"acceptedAnswer\" itemscope=\"\" itemtype=\"https:\/\/schema.org\/Answer\">\n<div itemprop=\"text\">\n<p>Pour de nombreux mod\u00e8les de routeurs Orange, le nom d&#8217;utilisateur et le mot de passe par d\u00e9faut sont tous deux &#8216;admin&#8217;.<\/p>\n<\/div>\n<\/div>\n<\/div>\n<\/div>\n<div class=\"panel\" itemprop=\"mainEntity\" itemscope=\"\" itemtype=\"https:\/\/schema.org\/Question\">\n<div class=\"toggle-link\">\n<h3 class=\"panel-title\" itemprop=\"name\">\n            Puis-je modifier mon mot de passe Wi-Fi Orange et le nom de mon r\u00e9seau ?<\/h3>\n<\/div>\n<div class=\"panel-collapse\">\n<div class=\"panel-body\" itemprop=\"acceptedAnswer\" itemscope=\"\" itemtype=\"https:\/\/schema.org\/Answer\">\n<div itemprop=\"text\">\n<p>Oui, via l&#8217;interface d&#8217;administration du routeur, vous pouvez modifier votre mot de passe Wi-Fi Orange et le nom de votre r\u00e9seau.<\/p>\n<\/div>\n<\/div>\n<\/div>\n<\/div>\n<div class=\"panel\" itemprop=\"mainEntity\" itemscope=\"\" itemtype=\"https:\/\/schema.org\/Question\">\n<div class=\"toggle-link\">\n<h3 class=\"panel-title\" itemprop=\"name\">\n            Comment modifier mon mot de passe Wi-Fi Orange et le nom de mon r\u00e9seau ?<\/h3>\n<\/div>\n<div class=\"panel-collapse\">\n<div class=\"panel-body\" itemprop=\"acceptedAnswer\" itemscope=\"\" itemtype=\"https:\/\/schema.org\/Answer\">\n<div itemprop=\"text\">\n<p>Connectez-vous \u00e0 l&#8217;interface d&#8217;administration, choisissez &#8216;Wi-Fi&#8217; dans le menu de configuration. Entrez le nom de r\u00e9seau souhait\u00e9 dans le champ &#8216;SSID&#8217;. Saisissez votre nouveau mot de passe Wi-Fi dans le champ &#8216;Cl\u00e9&#8217;. Cliquez sur &#8216;Apply&#8217; puis sur &#8216;OK&#8217;.<\/p>\n<\/div>\n<\/div>\n<\/div>\n<\/div>\n<div class=\"panel\" itemprop=\"mainEntity\" itemscope=\"\" itemtype=\"https:\/\/schema.org\/Question\">\n<div class=\"toggle-link\">\n<h3 class=\"panel-title\" itemprop=\"name\">\n            \u00c0 quels mod\u00e8les de routeurs Orange ces informations sont-elles pertinentes ?<\/h3>\n<\/div>\n<div class=\"panel-collapse\">\n<div class=\"panel-body\" itemprop=\"acceptedAnswer\" itemscope=\"\" itemtype=\"https:\/\/schema.org\/Answer\">\n<div itemprop=\"text\">\n<p>Ces informations sont pertinentes pour une vari\u00e9t\u00e9 de mod\u00e8les de routeurs Orange, notamment mais pas exclusivement : Orange Airbox, Orange Livebox, Orange Flybox, Orange Livebox Fibra.<\/p>\n<\/div>\n<\/div>\n<\/div>\n<\/div>\n<div class=\"panel\" itemprop=\"mainEntity\" itemscope=\"\" itemtype=\"https:\/\/schema.org\/Question\">\n<div class=\"toggle-link\">\n<h3 class=\"panel-title\" itemprop=\"name\">\n            Puis-je me connecter \u00e0 mon routeur Orange \u00e0 partir de n&#8217;importe quel navigateur web ?<\/h3>\n<\/div>\n<div class=\"panel-collapse\">\n<div class=\"panel-body\" itemprop=\"acceptedAnswer\" itemscope=\"\" itemtype=\"https:\/\/schema.org\/Answer\">\n<div itemprop=\"text\">\n<p>Oui, vous pouvez vous connecter aux param\u00e8tres de votre routeur Orange en utilisant n&#8217;importe quel navigateur web standard.<\/p>\n<\/div>\n<\/div>\n<\/div>\n<\/div>\n<div class=\"panel\" itemprop=\"mainEntity\" itemscope=\"\" itemtype=\"https:\/\/schema.org\/Question\">\n<div class=\"toggle-link\">\n<h3 class=\"panel-title\" itemprop=\"name\">\n            Ai-je besoin d&#8217;un logiciel sp\u00e9cial pour me connecter \u00e0 mon routeur Orange ?<\/h3>\n<\/div>\n<div class=\"panel-collapse\">\n<div class=\"panel-body\" itemprop=\"acceptedAnswer\" itemscope=\"\" itemtype=\"https:\/\/schema.org\/Answer\">\n<div itemprop=\"text\">\n<p>Non, vous n&#8217;avez pas besoin d&#8217;un logiciel particulier pour acc\u00e9der \u00e0 votre routeur Orange. Un navigateur internet ordinaire suffit.<\/p>\n<\/div>\n<\/div>\n<\/div>\n<\/div>\n<div class=\"panel\" itemprop=\"mainEntity\" itemscope=\"\" itemtype=\"https:\/\/schema.org\/Question\">\n<div class=\"toggle-link\">\n<h3 class=\"panel-title\" itemprop=\"name\">\n            Quelqu&#8217;un d&#8217;autre peut-il acc\u00e9der \u00e0 mon routeur Orange s&#8217;il a l&#8217;adresse IP ?<\/h3>\n<\/div>\n<div class=\"panel-collapse\">\n<div class=\"panel-body\" itemprop=\"acceptedAnswer\" itemscope=\"\" itemtype=\"https:\/\/schema.org\/Answer\">\n<div itemprop=\"text\">\n<p>Non, avoir l&#8217;adresse IP seule n&#8217;est pas suffisant pour acc\u00e9der \u00e0 votre routeur Orange. Vous auriez \u00e9galement besoin du nom d&#8217;utilisateur et du mot de passe du routeur.<\/p>\n<\/div>\n<\/div>\n<\/div>\n<\/div>\n<div class=\"panel\" itemprop=\"mainEntity\" itemscope=\"\" itemtype=\"https:\/\/schema.org\/Question\">\n<div class=\"toggle-link\">\n<h3 class=\"panel-title\" itemprop=\"name\">\n            Puis-je modifier les identifiants de connexion par d\u00e9faut de mon routeur Orange ?<\/h3>\n<\/div>\n<div class=\"panel-collapse\">\n<div class=\"panel-body\" itemprop=\"acceptedAnswer\" itemscope=\"\" itemtype=\"https:\/\/schema.org\/Answer\">\n<div itemprop=\"text\">\n<p>Oui, pour des raisons de s\u00e9curit\u00e9, il est vivement recommand\u00e9 de modifier le nom d&#8217;utilisateur et le mot de passe par d\u00e9faut de votre routeur Orange.<\/p>\n<\/div>\n<\/div>\n<\/div>\n<\/div>\n<div class=\"panel\" itemprop=\"mainEntity\" itemscope=\"\" itemtype=\"https:\/\/schema.org\/Question\">\n<div class=\"toggle-link\">\n<h3 class=\"panel-title\" itemprop=\"name\">\n            Que se passe-t-il si j&#8217;oublie les informations de connexion de mon routeur Orange ?<\/h3>\n<\/div>\n<div class=\"panel-collapse\">\n<div class=\"panel-body\" itemprop=\"acceptedAnswer\" itemscope=\"\" itemtype=\"https:\/\/schema.org\/Answer\">\n<div itemprop=\"text\">\n<p>Si vous oubliez vos informations de connexion pour votre routeur Orange, vous pouvez r\u00e9initialiser le routeur \u00e0 ses r\u00e9glages d&#8217;usine, ce qui remettra les informations de connexion \u00e0 leurs valeurs par d\u00e9faut.<\/p>\n<\/div>\n<\/div>\n<\/div>\n<\/div>\n<div class=\"panel\" itemprop=\"mainEntity\" itemscope=\"\" itemtype=\"https:\/\/schema.org\/Question\">\n<div class=\"toggle-link\">\n<h3 class=\"panel-title\" itemprop=\"name\">\n            Comment r\u00e9initialiser mon routeur Orange si j&#8217;oublie mes identifiants de connexion ?<\/h3>\n<\/div>\n<div class=\"panel-collapse\">\n<div class=\"panel-body\" itemprop=\"acceptedAnswer\" itemscope=\"\" itemtype=\"https:\/\/schema.org\/Answer\">\n<div itemprop=\"text\">\n<p>Vous devez trouver le bouton de r\u00e9initialisation sur votre routeur, appuyer dessus et le maintenir pendant environ 10 secondes. Lorsque le voyant d&#8217;alimentation clignote, le routeur est r\u00e9initialis\u00e9 \u00e0 ses r\u00e9glages d&#8217;usine et les identifiants de connexion sont remis \u00e0 leurs valeurs par d\u00e9faut.<\/p>\n<\/div>\n<\/div>\n<\/div>\n<\/div>\n<div class=\"panel\" itemprop=\"mainEntity\" itemscope=\"\" itemtype=\"https:\/\/schema.org\/Question\">\n<div class=\"toggle-link\">\n<h3 class=\"panel-title\" itemprop=\"name\">\n            Mon nom de r\u00e9seau et mon mot de passe Wi-Fi sont-ils la m\u00eame chose ?<\/h3>\n<\/div>\n<div class=\"panel-collapse\">\n<div class=\"panel-body\" itemprop=\"acceptedAnswer\" itemscope=\"\" itemtype=\"https:\/\/schema.org\/Answer\">\n<div itemprop=\"text\">\n<p>Non, votre nom de r\u00e9seau, ou SSID, identifie votre r\u00e9seau pour vos utilisateurs, tandis que votre mot de passe Wi-Fi sert \u00e0 s\u00e9curiser votre r\u00e9seau contre les acc\u00e8s non autoris\u00e9s.<\/p>\n<\/div>\n<\/div>\n<\/div>\n<\/div>\n<div class=\"panel\" itemprop=\"mainEntity\" itemscope=\"\" itemtype=\"https:\/\/schema.org\/Question\">\n<div class=\"toggle-link\">\n<h3 class=\"panel-title\" itemprop=\"name\">\n            Que faire si mon appareil ne se connecte pas m\u00eame apr\u00e8s avoir entr\u00e9 le bon mot de passe Wi-Fi ?<\/h3>\n<\/div>\n<div class=\"panel-collapse\">\n<div class=\"panel-body\" itemprop=\"acceptedAnswer\" itemscope=\"\" itemtype=\"https:\/\/schema.org\/Answer\">\n<div itemprop=\"text\">\n<p>Il se peut que vous deviez &#8216;oublier&#8217; ou supprimer le r\u00e9seau de la liste des r\u00e9seaux enregistr\u00e9s de votre appareil avant d&#8217;essayer de vous reconnecter avec le nouveau mot de passe.<\/p>\n<\/div>\n<\/div>\n<\/div>\n<\/div>\n<div class=\"panel\" itemprop=\"mainEntity\" itemscope=\"\" itemtype=\"https:\/\/schema.org\/Question\">\n<div class=\"toggle-link\">\n<h3 class=\"panel-title\" itemprop=\"name\">\n            Le fait de changer mon mot de passe Wi-Fi a-t-il une incidence sur les appareils d\u00e9j\u00e0 connect\u00e9s \u00e0 mon r\u00e9seau ?<\/h3>\n<\/div>\n<div class=\"panel-collapse\">\n<div class=\"panel-body\" itemprop=\"acceptedAnswer\" itemscope=\"\" itemtype=\"https:\/\/schema.org\/Answer\">\n<div itemprop=\"text\">\n<p>Oui, le changement de votre mot de passe Wi-Fi d\u00e9connecte tous les appareils pr\u00e9c\u00e9demment connect\u00e9s. Ces appareils devront se reconnecter en utilisant le nouveau mot de passe.<\/p>\n<\/div>\n<\/div>\n<\/div>\n<\/div>\n<div class=\"panel\" itemprop=\"mainEntity\" itemscope=\"\" itemtype=\"https:\/\/schema.org\/Question\">\n<div class=\"toggle-link\">\n<h3 class=\"panel-title\" itemprop=\"name\">\n            Puis-je changer le SSID de mon routeur Orange en n&#8217;importe quel nom ?<\/h3>\n<\/div>\n<div class=\"panel-collapse\">\n<div class=\"panel-body\" itemprop=\"acceptedAnswer\" itemscope=\"\" itemtype=\"https:\/\/schema.org\/Answer\">\n<div itemprop=\"text\">\n<p>Oui, vous pouvez changer le SSID de votre routeur Orange en tout nom de votre choix. Toutefois, il est conseill\u00e9 de ne pas utiliser d&#8217;informations personnelles pour des raisons de s\u00e9curit\u00e9.<\/p>\n<\/div>\n<\/div>\n<\/div>\n<\/div>\n<div class=\"panel\" itemprop=\"mainEntity\" itemscope=\"\" itemtype=\"https:\/\/schema.org\/Question\">\n<div class=\"toggle-link\">\n<h3 class=\"panel-title\" itemprop=\"name\">\n            Les diff\u00e9rents routeurs Orange utilisent-ils diff\u00e9rentes adresses IP pour se connecter ?<\/h3>\n<\/div>\n<div class=\"panel-collapse\">\n<div class=\"panel-body\" itemprop=\"acceptedAnswer\" itemscope=\"\" itemtype=\"https:\/\/schema.org\/Answer\">\n<div itemprop=\"text\">\n<p>Non, la plupart des routeurs Orange utilisent la m\u00eame adresse IP, <a href=http:\/\/192.168.1.1>http:\/\/192.168.1.1<\/a>, pour acc\u00e9der \u00e0 la page de connexion.<\/p>\n<\/div>\n<\/div>\n<\/div>\n<\/div>\n<div class=\"panel\" itemprop=\"mainEntity\" itemscope=\"\" itemtype=\"https:\/\/schema.org\/Question\">\n<div class=\"toggle-link\">\n<h3 class=\"panel-title\" itemprop=\"name\">\n            Dois-je red\u00e9marrer mon routeur Orange apr\u00e8s avoir modifi\u00e9 mon mot de passe Wi-Fi et mon SSID ?<\/h3>\n<\/div>\n<div class=\"panel-collapse\">\n<div class=\"panel-body\" itemprop=\"acceptedAnswer\" itemscope=\"\" itemtype=\"https:\/\/schema.org\/Answer\">\n<div itemprop=\"text\">\n<p>Non, en g\u00e9n\u00e9ral, la sauvegarde des modifications de vos param\u00e8tres Wi-Fi sur votre routeur Orange ne n\u00e9cessite pas de red\u00e9marrage du routeur.<\/p>\n<\/div>\n<\/div>\n<\/div>\n<\/div>\n<div class=\"panel\" itemprop=\"mainEntity\" itemscope=\"\" itemtype=\"https:\/\/schema.org\/Question\">\n<div class=\"toggle-link\">\n<h3 class=\"panel-title\" itemprop=\"name\">\n            Comment puis-je garantir une s\u00e9curit\u00e9 maximale pour le routeur Orange ?<\/h3>\n<\/div>\n<div class=\"panel-collapse\">\n<div class=\"panel-body\" itemprop=\"acceptedAnswer\" itemscope=\"\" itemtype=\"https:\/\/schema.org\/Answer\">\n<div itemprop=\"text\">\n<p>Pour garantir une s\u00e9curit\u00e9 maximale, il est recommand\u00e9 de modifier les identifiants de connexion par d\u00e9faut, d&#8217;utiliser un mot de passe Wi-Fi fort et de mettre \u00e0 jour r\u00e9guli\u00e8rement le firmware de votre routeur.<\/p>\n<\/div>\n<\/div>\n<\/div>\n<\/div>\n<\/section>\n<\/article>\n","protected":false},"excerpt":{"rendered":"<p>Guide de configuration du routeur Orange : nom du r\u00e9seau, param\u00e8tres Wi-Fi et SSID Envie de changer vos param\u00e8tres Wi-Fi sur votre routeur Orange ? Si vous ne savez pas par o\u00f9 commencer, aucun probl\u00e8me ! &#128526; Ce guide est l\u00e0 pour vous aider ! Configurer votre routeur Orange est aussi simple que de respirer, [&hellip;]<\/p>\n","protected":false},"author":2,"featured_media":15,"parent":0,"menu_order":0,"comment_status":"closed","ping_status":"closed","template":"chromecast.php","meta":{"_stopmodifiedupdate":false,"_modified_date":"","_lmt_disableupdate":"yes","_lmt_disable":""},"yoast_head":"<!-- This site is optimized with the Yoast SEO plugin v20.9 - https:\/\/yoast.com\/wordpress\/plugins\/seo\/ -->\n<title>Connexion \u00e0 l&#039;Orange Router. Mis \u00e0 jour en 2026<\/title>\n<meta name=\"robots\" content=\"index, follow, max-snippet:-1, max-image-preview:large, max-video-preview:-1\" \/>\n<link rel=\"canonical\" href=\"https:\/\/www.ping.fm\/ip\/fr\/connexion-a-lorange-router\/\" \/>\n<meta property=\"og:locale\" content=\"en_US\" \/>\n<meta property=\"og:type\" content=\"article\" \/>\n<meta property=\"og:title\" content=\"Connexion \u00e0 l&#039;Orange Router. Mis \u00e0 jour en 2026\" \/>\n<meta property=\"og:description\" content=\"Guide de configuration du routeur Orange : nom du r\u00e9seau, param\u00e8tres Wi-Fi et SSID Envie de changer vos param\u00e8tres Wi-Fi sur votre routeur Orange ? Si vous ne savez pas par o\u00f9 commencer, aucun probl\u00e8me ! &#128526; Ce guide est l\u00e0 pour vous aider ! Configurer votre routeur Orange est aussi simple que de respirer, [&hellip;]\" \/>\n<meta property=\"og:url\" content=\"https:\/\/www.ping.fm\/ip\/fr\/connexion-a-lorange-router\/\" \/>\n<meta property=\"og:site_name\" content=\"IP\" \/>\n<meta property=\"og:image\" content=\"https:\/\/www.ping.fm\/ip\/wp-content\/uploads\/2023\/07\/wifi.jpg\" \/>\n\t<meta property=\"og:image:width\" content=\"1992\" \/>\n\t<meta property=\"og:image:height\" content=\"1852\" \/>\n\t<meta property=\"og:image:type\" content=\"image\/jpeg\" \/>\n<meta name=\"twitter:card\" content=\"summary_large_image\" \/>\n<script type=\"application\/ld+json\" class=\"yoast-schema-graph\">{\"@context\":\"https:\/\/schema.org\",\"@graph\":[{\"@type\":\"WebPage\",\"@id\":\"https:\/\/www.ping.fm\/ip\/fr\/connexion-a-lorange-router\/\",\"url\":\"https:\/\/www.ping.fm\/ip\/fr\/connexion-a-lorange-router\/\",\"name\":\"Connexion \u00e0 l'Orange Router. Mis \u00e0 jour en 2026\",\"isPartOf\":{\"@id\":\"https:\/\/www.ping.fm\/ip\/#website\"},\"datePublished\":\"2023-10-20T16:01:55+00:00\",\"dateModified\":\"2023-10-20T16:01:55+00:00\",\"breadcrumb\":{\"@id\":\"https:\/\/www.ping.fm\/ip\/fr\/connexion-a-lorange-router\/#breadcrumb\"},\"inLanguage\":\"en-US\",\"potentialAction\":[{\"@type\":\"ReadAction\",\"target\":[\"https:\/\/www.ping.fm\/ip\/fr\/connexion-a-lorange-router\/\"]}]},{\"@type\":\"BreadcrumbList\",\"@id\":\"https:\/\/www.ping.fm\/ip\/fr\/connexion-a-lorange-router\/#breadcrumb\",\"itemListElement\":[{\"@type\":\"ListItem\",\"position\":1,\"name\":\"Home\",\"item\":\"https:\/\/www.ping.fm\/ip\/\"},{\"@type\":\"ListItem\",\"position\":2,\"name\":\"Connexion \u00e0 l&#8217;Orange Router\"}]},{\"@type\":\"WebSite\",\"@id\":\"https:\/\/www.ping.fm\/ip\/#website\",\"url\":\"https:\/\/www.ping.fm\/ip\/\",\"name\":\"IP\",\"description\":\"\",\"potentialAction\":[{\"@type\":\"SearchAction\",\"target\":{\"@type\":\"EntryPoint\",\"urlTemplate\":\"https:\/\/www.ping.fm\/ip\/?s={search_term_string}\"},\"query-input\":\"required name=search_term_string\"}],\"inLanguage\":\"en-US\"}]}<\/script>\n<!-- \/ Yoast SEO plugin. -->","yoast_head_json":{"title":"Connexion \u00e0 l'Orange Router. Mis \u00e0 jour en 2026","robots":{"index":"index","follow":"follow","max-snippet":"max-snippet:-1","max-image-preview":"max-image-preview:large","max-video-preview":"max-video-preview:-1"},"canonical":"https:\/\/www.ping.fm\/ip\/fr\/connexion-a-lorange-router\/","og_locale":"en_US","og_type":"article","og_title":"Connexion \u00e0 l'Orange Router. Mis \u00e0 jour en 2026","og_description":"Guide de configuration du routeur Orange : nom du r\u00e9seau, param\u00e8tres Wi-Fi et SSID Envie de changer vos param\u00e8tres Wi-Fi sur votre routeur Orange ? Si vous ne savez pas par o\u00f9 commencer, aucun probl\u00e8me ! &#128526; Ce guide est l\u00e0 pour vous aider ! Configurer votre routeur Orange est aussi simple que de respirer, [&hellip;]","og_url":"https:\/\/www.ping.fm\/ip\/fr\/connexion-a-lorange-router\/","og_site_name":"IP","og_image":[{"width":1992,"height":1852,"url":"https:\/\/www.ping.fm\/ip\/wp-content\/uploads\/2023\/07\/wifi.jpg","type":"image\/jpeg"}],"twitter_card":"summary_large_image","schema":{"@context":"https:\/\/schema.org","@graph":[{"@type":"WebPage","@id":"https:\/\/www.ping.fm\/ip\/fr\/connexion-a-lorange-router\/","url":"https:\/\/www.ping.fm\/ip\/fr\/connexion-a-lorange-router\/","name":"Connexion \u00e0 l'Orange Router. Mis \u00e0 jour en 2026","isPartOf":{"@id":"https:\/\/www.ping.fm\/ip\/#website"},"datePublished":"2023-10-20T16:01:55+00:00","dateModified":"2023-10-20T16:01:55+00:00","breadcrumb":{"@id":"https:\/\/www.ping.fm\/ip\/fr\/connexion-a-lorange-router\/#breadcrumb"},"inLanguage":"en-US","potentialAction":[{"@type":"ReadAction","target":["https:\/\/www.ping.fm\/ip\/fr\/connexion-a-lorange-router\/"]}]},{"@type":"BreadcrumbList","@id":"https:\/\/www.ping.fm\/ip\/fr\/connexion-a-lorange-router\/#breadcrumb","itemListElement":[{"@type":"ListItem","position":1,"name":"Home","item":"https:\/\/www.ping.fm\/ip\/"},{"@type":"ListItem","position":2,"name":"Connexion \u00e0 l&#8217;Orange Router"}]},{"@type":"WebSite","@id":"https:\/\/www.ping.fm\/ip\/#website","url":"https:\/\/www.ping.fm\/ip\/","name":"IP","description":"","potentialAction":[{"@type":"SearchAction","target":{"@type":"EntryPoint","urlTemplate":"https:\/\/www.ping.fm\/ip\/?s={search_term_string}"},"query-input":"required name=search_term_string"}],"inLanguage":"en-US"}]}},"_links":{"self":[{"href":"https:\/\/www.ping.fm\/ip\/wp-json\/wp\/v2\/pages\/611"}],"collection":[{"href":"https:\/\/www.ping.fm\/ip\/wp-json\/wp\/v2\/pages"}],"about":[{"href":"https:\/\/www.ping.fm\/ip\/wp-json\/wp\/v2\/types\/page"}],"author":[{"embeddable":true,"href":"https:\/\/www.ping.fm\/ip\/wp-json\/wp\/v2\/users\/2"}],"replies":[{"embeddable":true,"href":"https:\/\/www.ping.fm\/ip\/wp-json\/wp\/v2\/comments?post=611"}],"version-history":[{"count":1,"href":"https:\/\/www.ping.fm\/ip\/wp-json\/wp\/v2\/pages\/611\/revisions"}],"predecessor-version":[{"id":612,"href":"https:\/\/www.ping.fm\/ip\/wp-json\/wp\/v2\/pages\/611\/revisions\/612"}],"wp:featuredmedia":[{"embeddable":true,"href":"https:\/\/www.ping.fm\/ip\/wp-json\/wp\/v2\/media\/15"}],"wp:attachment":[{"href":"https:\/\/www.ping.fm\/ip\/wp-json\/wp\/v2\/media?parent=611"}],"curies":[{"name":"wp","href":"https:\/\/api.w.org\/{rel}","templated":true}]}}