{"id":607,"date":"2023-10-20T15:58:13","date_gmt":"2023-10-20T15:58:13","guid":{"rendered":"https:\/\/www.ping.fm\/ip\/?page_id=607"},"modified":"2023-10-20T15:58:13","modified_gmt":"2023-10-20T15:58:13","slug":"myfios-gateway","status":"publish","type":"page","link":"https:\/\/www.ping.fm\/ip\/fr\/myfios-gateway\/","title":{"rendered":"Myfiosgateway.com"},"content":{"rendered":"<article>\n<section>\n<h1>Le guide ultime pour op\u00e9rer votre routeur Verizon via Myfiosgateway.com &#127760;<\/h1>\n<div class=\"inbrief\">\n<div>\n                                <img src=\"\/ip\/wp-content\/uploads\/generated\/Myfiosgateway.com.jpg\" alt=\"Myfiosgateway.com\" title=\"Myfiosgateway.com\" width=\"1280\" height=\"720\"><\/p>\n<p>Vous \u00eates-vous d\u00e9j\u00e0 demand\u00e9 comment g\u00e9rer votre routeur Verizon? Bienvenue dans le guide ultime pour utiliser votre routeur Verizon via <a href='http:\/\/myfiosgateway.com'>Myfiosgateway.com<\/a>. Gr\u00e2ce \u00e0 cette adresse, vous avez acc\u00e8s \u00e0 tous les param\u00e8tres cl\u00e9s du routeur et du r\u00e9seau sans fil. Ce guide est l\u00e0 pour vous aider \u00e9tape par \u00e9tape. &#128640;<\/p>\n<\/div>\n<\/div>\n<\/section>\n<section>\n<div>\n<div>1<\/div>\n<h2>Connexion \u00e0 MyFiosgateway.com \ud83d\udeaa<\/h2>\n<\/div>\n<p>La navigation sur <a href='http:\/\/myfiosgateway.com'>Myfiosgateway.com<\/a> est assez simple:<br \/><b>\u00c9tape 1<\/b> : Commencez par connecter votre ordinateur \u00e0 votre routeur Verizon. Vous pouvez le faire soit par une connexion Ethernet filaire ou sans fil. Pas mal, n&#8217;est-ce pas?<br \/><b>\u00c9tape 2<\/b> : Une fois que vous \u00eates connect\u00e9, ouvrez votre navigateur web pr\u00e9f\u00e9r\u00e9 et acc\u00e9dez \u00e0 un nouvel onglet. <b>Tapez http:\/\/myfiosgateway.com ou 192.168.1.1 dans la barre d&#8217;adresse et appuyez sur Entr\u00e9e.<\/b> Soyez pr\u00e9cis cependant, personne n&#8217;aime les erreurs de frappe. \ud83d\ude09<br \/><b>\u00c9tape 3:<\/b> Pr\u00eat pour l&#8217;action? Vous devriez maintenant \u00eatre sur l&#8217;\u00e9cran de connexion du routeur. Votre mission, si vous l&#8217;acceptez, est de fournir votre nom d&#8217;utilisateur et votre mot de passe. Les valeurs par d\u00e9faut sont g\u00e9n\u00e9ralement \u00e9crites sur une \u00e9tiquette sur le c\u00f4t\u00e9 du routeur. Le nom d\u2019utilisateur est \u00abadmin\u00bb et le mot de passe est unique pour chaque appareil.<br \/><b> \u00c9tape 4:<\/b> Entrez soigneusement les d\u00e9tails de connexion et BOOM! Vous \u00eates dedans. \ud83d\udcaa<\/p>\n<\/section>\n<section>\n<div>\n<div>2<\/div>\n<h2>La vie arrive, parfois des r\u00e9initialisations d&#8217;usine sont n\u00e9cessaires \ud83d\udd04<\/h2>\n<\/div>\n<p>Avez-vous d\u00e9j\u00e0 eu l\u2019un de ces jours o\u00f9 vous voulez tout rembobiner? Eh bien, les routeurs peuvent ne pas avoir de crises de vie, mais ils ont aussi parfois besoin de red\u00e9marrages. Supposons que vous oubliez votre mot de passe ou, pire encore, bousillez vos param\u00e8tres. Pas de probl\u00e8me, une r\u00e9initialisation d&#8217;usine est le super-h\u00e9ros ici.<br \/>Pour r\u00e9initialiser votre routeur Verizon en usine, suivez les \u00e9tapes suivantes:<br \/><b>\u00c9tape 1:<\/b> Cherchez le bouton Reset \u00e0 l&#8217;arri\u00e8re de votre routeur<br \/><b>\u00c9tape 2:<\/b> Prenez un objet pointu (un trombone ou une aiguille suffira)<br \/><b>\u00c9tape 3:<\/b> Avec votre routeur allum\u00e9, appuyez fermement sur le bouton Reset pendant 10 \u00e0 15 secondes avec l&#8217;objet choisi. Pas d&#8217;exag\u00e9ration, cependant!<br \/><b>\u00c9tape 4:<\/b> Rel\u00e2chez le bouton. Tapez des doigts pendant que les voyants LED clignotent et que le routeur passe par le processus de r\u00e9initialisation. Cela peut prendre un peu de temps, donc pas de panique! \ud83d\ude05<br \/>Et voil\u00e0! Votre routeur Verizon a rafra\u00eechi tous ses param\u00e8tres \u00e0 leur \u00e9tat d&#8217;origine. Tout, du nom d&#8217;utilisateur du routeur et du mot de passe aux param\u00e8tres Wi-Fi personnels, sera r\u00e9tabli aux param\u00e8tres d&#8217;usine.<\/p>\n<\/section>\n<section>\n<h2>Conclusion: \ud83c\udfc1<\/h2>\n<div class=\"nonp\">\n<p>Et c&#8217;est fini! Maintenant, vous connaissez tous les d\u00e9tails pour acc\u00e9der et g\u00e9rer votre routeur Verizon via <a href='http:\/\/myfiosgateway.com'>Myfiosgateway.com<\/a>. Que ce soit pour vous connecter ou effectuer une r\u00e9initialisation d&#8217;usine, avec ce guide, vous \u00eates bien \u00e9quip\u00e9 pour affronter tout cela. Alors allez-y et montrez \u00e0 votre routeur qui est le patron! &#128188; N&#8217;oubliez pas, avec de grands pouvoirs viennent de grandes responsabilit\u00e9s.<\/p>\n<\/div>\n<\/section>\n<section itemscope=\"\" itemtype=\"https:\/\/schema.org\/FAQPage\">\n<div class=\"panel\" itemprop=\"mainEntity\" itemscope=\"\" itemtype=\"https:\/\/schema.org\/Question\">\n<div class=\"toggle-link\">\n<h3 class=\"panel-title\" itemprop=\"name\">\n            Qu&#8217;est-ce que MyFiosGateway?<\/h3>\n<\/div>\n<div class=\"panel-collapse\">\n<div class=\"panel-body\" itemprop=\"acceptedAnswer\" itemscope=\"\" itemtype=\"https:\/\/schema.org\/Answer\">\n<div itemprop=\"text\">\n<p>MyFiosGateway est l&#8217;adresse web que les propri\u00e9taires de routeurs Verizon utilisent pour acc\u00e9der \u00e0 l&#8217;interface d&#8217;administration. De l\u00e0, ils peuvent modifier les param\u00e8tres du routeur et du r\u00e9seau sans fil. L&#8217;adresse exacte pour y acc\u00e9der est <a href=http:\/\/myfiosgateway.com>http:\/\/myfiosgateway.com<\/a> ou 192.168.1.1.<\/p>\n<\/div>\n<\/div>\n<\/div>\n<\/div>\n<div class=\"panel\" itemprop=\"mainEntity\" itemscope=\"\" itemtype=\"https:\/\/schema.org\/Question\">\n<div class=\"toggle-link\">\n<h3 class=\"panel-title\" itemprop=\"name\">\n            Comment me connecter \u00e0 MyFiosGateway?<\/h3>\n<\/div>\n<div class=\"panel-collapse\">\n<div class=\"panel-body\" itemprop=\"acceptedAnswer\" itemscope=\"\" itemtype=\"https:\/\/schema.org\/Answer\">\n<div itemprop=\"text\">\n<p>D&#8217;abord, connectez votre PC au routeur Verizon. Cela peut se faire sans fil ou via une connexion filaire en utilisant un c\u00e2ble Ethernet. Une fois connect\u00e9, ouvrez un navigateur web et dans la barre d&#8217;adresse, tapez <a href=http:\/\/myfiosgateway.com>http:\/\/myfiosgateway.com<\/a> ou 192.168.1.1, et appuyez sur la touche Entr\u00e9e. Vous serez dirig\u00e9 vers l&#8217;\u00e9cran de connexion o\u00f9 vous entrerez votre nom d&#8217;utilisateur et votre mot de passe.<\/p>\n<\/div>\n<\/div>\n<\/div>\n<\/div>\n<div class=\"panel\" itemprop=\"mainEntity\" itemscope=\"\" itemtype=\"https:\/\/schema.org\/Question\">\n<div class=\"toggle-link\">\n<h3 class=\"panel-title\" itemprop=\"name\">\n            Quelles sont les informations de connexion par d\u00e9faut pour MyFiosGateway?<\/h3>\n<\/div>\n<div class=\"panel-collapse\">\n<div class=\"panel-body\" itemprop=\"acceptedAnswer\" itemscope=\"\" itemtype=\"https:\/\/schema.org\/Answer\">\n<div itemprop=\"text\">\n<p>Les identifiants de connexion par d\u00e9faut pour un routeur FiOS ou Verizon sont le nom d&#8217;utilisateur: admin et le mot de passe peut \u00eatre trouv\u00e9 imprim\u00e9 sur un autocollant sur le c\u00f4t\u00e9 du routeur.<\/p>\n<\/div>\n<\/div>\n<\/div>\n<\/div>\n<div class=\"panel\" itemprop=\"mainEntity\" itemscope=\"\" itemtype=\"https:\/\/schema.org\/Question\">\n<div class=\"toggle-link\">\n<h3 class=\"panel-title\" itemprop=\"name\">\n            Comment puis-je me connecter si j&#8217;ai oubli\u00e9 mon mot de passe?<\/h3>\n<\/div>\n<div class=\"panel-collapse\">\n<div class=\"panel-body\" itemprop=\"acceptedAnswer\" itemscope=\"\" itemtype=\"https:\/\/schema.org\/Answer\">\n<div itemprop=\"text\">\n<p>Si vous avez oubli\u00e9 votre mot de passe, vous devrez effectuer une r\u00e9initialisation d&#8217;usine de votre routeur Verizon. Cela r\u00e9initialisera tout aux param\u00e8tres d&#8217;usine, y compris toute fonctionnalit\u00e9 personnalis\u00e9e et les noms d&#8217;utilisateur et mots de passe modifi\u00e9s.<\/p>\n<\/div>\n<\/div>\n<\/div>\n<\/div>\n<div class=\"panel\" itemprop=\"mainEntity\" itemscope=\"\" itemtype=\"https:\/\/schema.org\/Question\">\n<div class=\"toggle-link\">\n<h3 class=\"panel-title\" itemprop=\"name\">\n            Comment effectuer une r\u00e9initialisation d&#8217;usine de mon routeur Verizon?<\/h3>\n<\/div>\n<div class=\"panel-collapse\">\n<div class=\"panel-body\" itemprop=\"acceptedAnswer\" itemscope=\"\" itemtype=\"https:\/\/schema.org\/Answer\">\n<div itemprop=\"text\">\n<p>Sur un routeur allum\u00e9, localisez le bouton de r\u00e9initialisation, g\u00e9n\u00e9ralement situ\u00e9 \u00e0 l&#8217;arri\u00e8re du routeur. En utilisant un objet pointu, maintenez le bouton de r\u00e9initialisation enfonc\u00e9 pendant 10 \u00e0 15 secondes. Rel\u00e2chez le bouton et attendez que le routeur se r\u00e9initialise enti\u00e8rement et se rallume.<\/p>\n<\/div>\n<\/div>\n<\/div>\n<\/div>\n<div class=\"panel\" itemprop=\"mainEntity\" itemscope=\"\" itemtype=\"https:\/\/schema.org\/Question\">\n<div class=\"toggle-link\">\n<h3 class=\"panel-title\" itemprop=\"name\">\n            Que se passe-t-il lorsque je effectue une r\u00e9initialisation d&#8217;usine de mon routeur Verizon?<\/h3>\n<\/div>\n<div class=\"panel-collapse\">\n<div class=\"panel-body\" itemprop=\"acceptedAnswer\" itemscope=\"\" itemtype=\"https:\/\/schema.org\/Answer\">\n<div itemprop=\"text\">\n<p>Lorsque vous effectuez une r\u00e9initialisation d&#8217;usine de votre routeur Verizon, tous les param\u00e8tres personnalis\u00e9s, y compris les noms d&#8217;utilisateur modifi\u00e9s, les mots de passe, les param\u00e8tres WiFi et plus encore, seront r\u00e9initialis\u00e9s aux param\u00e8tres d&#8217;usine.<\/p>\n<\/div>\n<\/div>\n<\/div>\n<\/div>\n<div class=\"panel\" itemprop=\"mainEntity\" itemscope=\"\" itemtype=\"https:\/\/schema.org\/Question\">\n<div class=\"toggle-link\">\n<h3 class=\"panel-title\" itemprop=\"name\">\n            Puis-je modifier le routeur et les param\u00e8tres sans fil  via MyFiosGateway?<\/h3>\n<\/div>\n<div class=\"panel-collapse\">\n<div class=\"panel-body\" itemprop=\"acceptedAnswer\" itemscope=\"\" itemtype=\"https:\/\/schema.org\/Answer\">\n<div itemprop=\"text\">\n<p>Oui, une fois connect\u00e9 \u00e0 l&#8217;interface web d&#8217;administration de MyFiosGateway de votre routeur Verizon, les utilisateurs peuvent modifier divers param\u00e8tres et configurations li\u00e9s \u00e0 leur routeur et \u00e0 leur r\u00e9seau sans fil.<\/p>\n<\/div>\n<\/div>\n<\/div>\n<\/div>\n<div class=\"panel\" itemprop=\"mainEntity\" itemscope=\"\" itemtype=\"https:\/\/schema.org\/Question\">\n<div class=\"toggle-link\">\n<h3 class=\"panel-title\" itemprop=\"name\">\n            Quels types de param\u00e8tres puis-je modifier dans MyFiosGateway?<\/h3>\n<\/div>\n<div class=\"panel-collapse\">\n<div class=\"panel-body\" itemprop=\"acceptedAnswer\" itemscope=\"\" itemtype=\"https:\/\/schema.org\/Answer\">\n<div itemprop=\"text\">\n<p>Dans l&#8217;interface MyFiosGateway, vous pouvez modifier une large gamme de param\u00e8tres, y compris le nom d&#8217;utilisateur et le mot de passe du routeur, les param\u00e8tres Wi-Fi et d&#8217;autres configurations de r\u00e9seau.<\/p>\n<\/div>\n<\/div>\n<\/div>\n<\/div>\n<div class=\"panel\" itemprop=\"mainEntity\" itemscope=\"\" itemtype=\"https:\/\/schema.org\/Question\">\n<div class=\"toggle-link\">\n<h3 class=\"panel-title\" itemprop=\"name\">\n            Puis-je acc\u00e9der \u00e0 MyFiosGateway sur mon smartphone?<\/h3>\n<\/div>\n<div class=\"panel-collapse\">\n<div class=\"panel-body\" itemprop=\"acceptedAnswer\" itemscope=\"\" itemtype=\"https:\/\/schema.org\/Answer\">\n<div itemprop=\"text\">\n<p>Oui. Vous devez simplement vous assurer que votre smartphone est connect\u00e9 au r\u00e9seau du routeur, puis ouvrez un navigateur web et tapez <a href=http:\/\/myfiosgateway.com>http:\/\/myfiosgateway.com<\/a> ou 192.168.1.1 dans la barre d&#8217;adresse.<\/p>\n<\/div>\n<\/div>\n<\/div>\n<\/div>\n<div class=\"panel\" itemprop=\"mainEntity\" itemscope=\"\" itemtype=\"https:\/\/schema.org\/Question\">\n<div class=\"toggle-link\">\n<h3 class=\"panel-title\" itemprop=\"name\">\n            Quelle est l&#8217;importance du bouton de r\u00e9initialisation d&#8217;usine sur le routeur Verizon?<\/h3>\n<\/div>\n<div class=\"panel-collapse\">\n<div class=\"panel-body\" itemprop=\"acceptedAnswer\" itemscope=\"\" itemtype=\"https:\/\/schema.org\/Answer\">\n<div itemprop=\"text\">\n<p>Le bouton de r\u00e9initialisation d&#8217;usine sur le routeur Verizon est important pour quand un utilisateur veut revenir \u00e0 tous les param\u00e8tres par d\u00e9faut. Cela comprend tous les param\u00e8tres personnalis\u00e9s, les noms d&#8217;utilisateur, les mots de passe et les param\u00e8tres Wi-Fi.<\/p>\n<\/div>\n<\/div>\n<\/div>\n<\/div>\n<div class=\"panel\" itemprop=\"mainEntity\" itemscope=\"\" itemtype=\"https:\/\/schema.org\/Question\">\n<div class=\"toggle-link\">\n<h3 class=\"panel-title\" itemprop=\"name\">\n            Que dois-je faire si le routeur ne r\u00e9pond pas apr\u00e8s une r\u00e9initialisation d&#8217;usine?<\/h3>\n<\/div>\n<div class=\"panel-collapse\">\n<div class=\"panel-body\" itemprop=\"acceptedAnswer\" itemscope=\"\" itemtype=\"https:\/\/schema.org\/Answer\">\n<div itemprop=\"text\">\n<p>Si le routeur ne r\u00e9pond pas apr\u00e8s une r\u00e9initialisation d&#8217;usine, tentez un cycle de mise sous tension en le d\u00e9branchant, en attendant quelques instants, puis en le rebranchant. Si le probl\u00e8me persiste, contactez <a href=https:\/\/www.verizon.com\/support\/residential\/internet>le support internet de Verizon<\/a>.<\/p>\n<\/div>\n<\/div>\n<\/div>\n<\/div>\n<div class=\"panel\" itemprop=\"mainEntity\" itemscope=\"\" itemtype=\"https:\/\/schema.org\/Question\">\n<div class=\"toggle-link\">\n<h3 class=\"panel-title\" itemprop=\"name\">\n            Puis-je changer le nom et le mot de passe de mon r\u00e9seau Wi-Fi via MyFiosGateway?<\/h3>\n<\/div>\n<div class=\"panel-collapse\">\n<div class=\"panel-body\" itemprop=\"acceptedAnswer\" itemscope=\"\" itemtype=\"https:\/\/schema.org\/Answer\">\n<div itemprop=\"text\">\n<p>Oui. Une fois connect\u00e9 \u00e0 l&#8217;interface MyFiosGateway, acc\u00e9dez \u00e0 l&#8217;option de param\u00e8tres sans fil, o\u00f9 vous pouvez changer \u00e0 la fois le nom du r\u00e9seau et le mot de passe.<\/p>\n<\/div>\n<\/div>\n<\/div>\n<\/div>\n<div class=\"panel\" itemprop=\"mainEntity\" itemscope=\"\" itemtype=\"https:\/\/schema.org\/Question\">\n<div class=\"toggle-link\">\n<h3 class=\"panel-title\" itemprop=\"name\">\n            Que dois-je faire si je ne peux pas acc\u00e9der \u00e0 la page de connexion MyFiosGateway?<\/h3>\n<\/div>\n<div class=\"panel-collapse\">\n<div class=\"panel-body\" itemprop=\"acceptedAnswer\" itemscope=\"\" itemtype=\"https:\/\/schema.org\/Answer\">\n<div itemprop=\"text\">\n<p>Assurez-vous d&#8217;\u00eatre connect\u00e9 \u00e0 votre r\u00e9seau Verizon et r\u00e9essayez. Si vous ne pouvez toujours pas y acc\u00e9der, essayez de r\u00e9initialiser votre routeur ou contactez <a href=https:\/\/www.verizon.com\/support\/residential\/internet>le support internet de Verizon<\/a>.<\/p>\n<\/div>\n<\/div>\n<\/div>\n<\/div>\n<div class=\"panel\" itemprop=\"mainEntity\" itemscope=\"\" itemtype=\"https:\/\/schema.org\/Question\">\n<div class=\"toggle-link\">\n<h3 class=\"panel-title\" itemprop=\"name\">\n            Puis-je utiliser MyFiosGateway pour bloquer certains appareils de se connecter \u00e0 mon Wi-Fi?<\/h3>\n<\/div>\n<div class=\"panel-collapse\">\n<div class=\"panel-body\" itemprop=\"acceptedAnswer\" itemscope=\"\" itemtype=\"https:\/\/schema.org\/Answer\">\n<div itemprop=\"text\">\n<p>Oui, vous pouvez utiliser l&#8217;interface MyFiosGateway pour g\u00e9rer les appareils connect\u00e9s \u00e0 votre r\u00e9seau et bloquer l&#8217;acc\u00e8s \u00e0 certains appareils si vous le souhaitez.<\/p>\n<\/div>\n<\/div>\n<\/div>\n<\/div>\n<div class=\"panel\" itemprop=\"mainEntity\" itemscope=\"\" itemtype=\"https:\/\/schema.org\/Question\">\n<div class=\"toggle-link\">\n<h3 class=\"panel-title\" itemprop=\"name\">\n            Puis-je utiliser MyFiosGateway pour mettre en place des contr\u00f4les parentaux?<\/h3>\n<\/div>\n<div class=\"panel-collapse\">\n<div class=\"panel-body\" itemprop=\"acceptedAnswer\" itemscope=\"\" itemtype=\"https:\/\/schema.org\/Answer\">\n<div itemprop=\"text\">\n<p>Oui, MyFiosGateway vous permet de mettre en place des contr\u00f4les parentaux pour l&#8217;acc\u00e8s \u00e0 Internet, vous aidant \u00e0 restreindre l&#8217;acc\u00e8s \u00e0 certains sites Web ou \u00e0 programmer les heures d&#8217;acc\u00e8s \u00e0 Internet.<\/p>\n<\/div>\n<\/div>\n<\/div>\n<\/div>\n<div class=\"panel\" itemprop=\"mainEntity\" itemscope=\"\" itemtype=\"https:\/\/schema.org\/Question\">\n<div class=\"toggle-link\">\n<h3 class=\"panel-title\" itemprop=\"name\">\n            Ai-je besoin d&#8217;avoir un compte avec Verizon pour utiliser MyFiosGateway?<\/h3>\n<\/div>\n<div class=\"panel-collapse\">\n<div class=\"panel-body\" itemprop=\"acceptedAnswer\" itemscope=\"\" itemtype=\"https:\/\/schema.org\/Answer\">\n<div itemprop=\"text\">\n<p>Oui, MyFiosGateway est sp\u00e9cifiquement con\u00e7u pour les utilisateurs de routeurs Verizon. Par cons\u00e9quent, vous devez avoir un compte avec Verizon et un routeur Verizon pour utiliser MyFiosGateway.<\/p>\n<\/div>\n<\/div>\n<\/div>\n<\/div>\n<div class=\"panel\" itemprop=\"mainEntity\" itemscope=\"\" itemtype=\"https:\/\/schema.org\/Question\">\n<div class=\"toggle-link\">\n<h3 class=\"panel-title\" itemprop=\"name\">\n            Puis-je diriger mes ports en utilisant MyFiosGateway?<\/h3>\n<\/div>\n<div class=\"panel-collapse\">\n<div class=\"panel-body\" itemprop=\"acceptedAnswer\" itemscope=\"\" itemtype=\"https:\/\/schema.org\/Answer\">\n<div itemprop=\"text\">\n<p>Oui. Dans l&#8217;interface MyFiosGateway, vous avez la possibilit\u00e9 de configurer le transfert de port pour des appareils sp\u00e9cifiques sur votre r\u00e9seau, ce qui peut \u00eatre utile pour am\u00e9liorer les performances de certains jeux en ligne et logiciels.<\/p>\n<\/div>\n<\/div>\n<\/div>\n<\/div>\n<div class=\"panel\" itemprop=\"mainEntity\" itemscope=\"\" itemtype=\"https:\/\/schema.org\/Question\">\n<div class=\"toggle-link\">\n<h3 class=\"panel-title\" itemprop=\"name\">\n            Que signifie le clignotement de la LED pendant une r\u00e9initialisation d&#8217;usine?<\/h3>\n<\/div>\n<div class=\"panel-collapse\">\n<div class=\"panel-body\" itemprop=\"acceptedAnswer\" itemscope=\"\" itemtype=\"https:\/\/schema.org\/Answer\">\n<div itemprop=\"text\">\n<p>Pendant une r\u00e9initialisation d&#8217;usine, un clignotement de la LED sur votre routeur Verizon indique g\u00e9n\u00e9ralement que le processus de r\u00e9initialisation est en cours et que le routeur red\u00e9marrera une fois termin\u00e9.<\/p>\n<\/div>\n<\/div>\n<\/div>\n<\/div>\n<div class=\"panel\" itemprop=\"mainEntity\" itemscope=\"\" itemtype=\"https:\/\/schema.org\/Question\">\n<div class=\"toggle-link\">\n<h3 class=\"panel-title\" itemprop=\"name\">\n            Si j&#8217;ai oubli\u00e9 mon mot de passe personnalis\u00e9, puis-je toujours acc\u00e9der \u00e0 MyFiosGateway?<\/h3>\n<\/div>\n<div class=\"panel-collapse\">\n<div class=\"panel-body\" itemprop=\"acceptedAnswer\" itemscope=\"\" itemtype=\"https:\/\/schema.org\/Answer\">\n<div itemprop=\"text\">\n<p>Si vous avez oubli\u00e9 votre mot de passe personnalis\u00e9, vous devrez effectuer une r\u00e9initialisation d&#8217;usine de votre routeur qui r\u00e9tablira tout aux param\u00e8tres d&#8217;usine. Ensuite, vous pouvez utiliser les identifiants de connexion par d\u00e9faut pour acc\u00e9der \u00e0 MyFiosGateway.<\/p>\n<\/div>\n<\/div>\n<\/div>\n<\/div>\n<div class=\"panel\" itemprop=\"mainEntity\" itemscope=\"\" itemtype=\"https:\/\/schema.org\/Question\">\n<div class=\"toggle-link\">\n<h3 class=\"panel-title\" itemprop=\"name\">\n            Puis-je me connecter \u00e0 l&#8217;interface MyFiosGateway via une connexion par c\u00e2ble?<\/h3>\n<\/div>\n<div class=\"panel-collapse\">\n<div class=\"panel-body\" itemprop=\"acceptedAnswer\" itemscope=\"\" itemtype=\"https:\/\/schema.org\/Answer\">\n<div itemprop=\"text\">\n<p>Oui, vous pouvez vous connecter \u00e0 MyFiosGateway soit sans fil, soit \u00e0 travers une connexion filaire en utilisant un c\u00e2ble Ethernet branch\u00e9 sur votre routeur Verizon.<\/p>\n<\/div>\n<\/div>\n<\/div>\n<\/div>\n<\/section>\n<\/article>\n","protected":false},"excerpt":{"rendered":"<p>Le guide ultime pour op\u00e9rer votre routeur Verizon via Myfiosgateway.com &#127760; Vous \u00eates-vous d\u00e9j\u00e0 demand\u00e9 comment g\u00e9rer votre routeur Verizon? Bienvenue dans le guide ultime pour utiliser votre routeur Verizon via Myfiosgateway.com. Gr\u00e2ce \u00e0 cette adresse, vous avez acc\u00e8s \u00e0 tous les param\u00e8tres cl\u00e9s du routeur et du r\u00e9seau sans fil. Ce guide est l\u00e0 [&hellip;]<\/p>\n","protected":false},"author":2,"featured_media":15,"parent":0,"menu_order":0,"comment_status":"closed","ping_status":"closed","template":"chromecast.php","meta":{"_stopmodifiedupdate":false,"_modified_date":"","_lmt_disableupdate":"yes","_lmt_disable":""},"yoast_head":"<!-- This site is optimized with the Yoast SEO plugin v20.9 - https:\/\/yoast.com\/wordpress\/plugins\/seo\/ -->\n<title>Myfiosgateway.com. Mis \u00e0 jour en 2026<\/title>\n<meta name=\"robots\" content=\"index, follow, max-snippet:-1, max-image-preview:large, max-video-preview:-1\" \/>\n<link rel=\"canonical\" href=\"https:\/\/www.ping.fm\/ip\/fr\/myfios-gateway\/\" \/>\n<meta property=\"og:locale\" content=\"en_US\" \/>\n<meta property=\"og:type\" content=\"article\" \/>\n<meta property=\"og:title\" content=\"Myfiosgateway.com. Mis \u00e0 jour en 2026\" \/>\n<meta property=\"og:description\" content=\"Le guide ultime pour op\u00e9rer votre routeur Verizon via Myfiosgateway.com &#127760; Vous \u00eates-vous d\u00e9j\u00e0 demand\u00e9 comment g\u00e9rer votre routeur Verizon? Bienvenue dans le guide ultime pour utiliser votre routeur Verizon via Myfiosgateway.com. Gr\u00e2ce \u00e0 cette adresse, vous avez acc\u00e8s \u00e0 tous les param\u00e8tres cl\u00e9s du routeur et du r\u00e9seau sans fil. Ce guide est l\u00e0 [&hellip;]\" \/>\n<meta property=\"og:url\" content=\"https:\/\/www.ping.fm\/ip\/fr\/myfios-gateway\/\" \/>\n<meta property=\"og:site_name\" content=\"IP\" \/>\n<meta property=\"og:image\" content=\"https:\/\/www.ping.fm\/ip\/wp-content\/uploads\/2023\/07\/wifi.jpg\" \/>\n\t<meta property=\"og:image:width\" content=\"1992\" \/>\n\t<meta property=\"og:image:height\" content=\"1852\" \/>\n\t<meta property=\"og:image:type\" content=\"image\/jpeg\" \/>\n<meta name=\"twitter:card\" content=\"summary_large_image\" \/>\n<script type=\"application\/ld+json\" class=\"yoast-schema-graph\">{\"@context\":\"https:\/\/schema.org\",\"@graph\":[{\"@type\":\"WebPage\",\"@id\":\"https:\/\/www.ping.fm\/ip\/fr\/myfios-gateway\/\",\"url\":\"https:\/\/www.ping.fm\/ip\/fr\/myfios-gateway\/\",\"name\":\"Myfiosgateway.com. Mis \u00e0 jour en 2026\",\"isPartOf\":{\"@id\":\"https:\/\/www.ping.fm\/ip\/#website\"},\"datePublished\":\"2023-10-20T15:58:13+00:00\",\"dateModified\":\"2023-10-20T15:58:13+00:00\",\"breadcrumb\":{\"@id\":\"https:\/\/www.ping.fm\/ip\/fr\/myfios-gateway\/#breadcrumb\"},\"inLanguage\":\"en-US\",\"potentialAction\":[{\"@type\":\"ReadAction\",\"target\":[\"https:\/\/www.ping.fm\/ip\/fr\/myfios-gateway\/\"]}]},{\"@type\":\"BreadcrumbList\",\"@id\":\"https:\/\/www.ping.fm\/ip\/fr\/myfios-gateway\/#breadcrumb\",\"itemListElement\":[{\"@type\":\"ListItem\",\"position\":1,\"name\":\"Home\",\"item\":\"https:\/\/www.ping.fm\/ip\/\"},{\"@type\":\"ListItem\",\"position\":2,\"name\":\"Myfiosgateway.com\"}]},{\"@type\":\"WebSite\",\"@id\":\"https:\/\/www.ping.fm\/ip\/#website\",\"url\":\"https:\/\/www.ping.fm\/ip\/\",\"name\":\"IP\",\"description\":\"\",\"potentialAction\":[{\"@type\":\"SearchAction\",\"target\":{\"@type\":\"EntryPoint\",\"urlTemplate\":\"https:\/\/www.ping.fm\/ip\/?s={search_term_string}\"},\"query-input\":\"required name=search_term_string\"}],\"inLanguage\":\"en-US\"}]}<\/script>\n<!-- \/ Yoast SEO plugin. -->","yoast_head_json":{"title":"Myfiosgateway.com. Mis \u00e0 jour en 2026","robots":{"index":"index","follow":"follow","max-snippet":"max-snippet:-1","max-image-preview":"max-image-preview:large","max-video-preview":"max-video-preview:-1"},"canonical":"https:\/\/www.ping.fm\/ip\/fr\/myfios-gateway\/","og_locale":"en_US","og_type":"article","og_title":"Myfiosgateway.com. Mis \u00e0 jour en 2026","og_description":"Le guide ultime pour op\u00e9rer votre routeur Verizon via Myfiosgateway.com &#127760; Vous \u00eates-vous d\u00e9j\u00e0 demand\u00e9 comment g\u00e9rer votre routeur Verizon? Bienvenue dans le guide ultime pour utiliser votre routeur Verizon via Myfiosgateway.com. Gr\u00e2ce \u00e0 cette adresse, vous avez acc\u00e8s \u00e0 tous les param\u00e8tres cl\u00e9s du routeur et du r\u00e9seau sans fil. Ce guide est l\u00e0 [&hellip;]","og_url":"https:\/\/www.ping.fm\/ip\/fr\/myfios-gateway\/","og_site_name":"IP","og_image":[{"width":1992,"height":1852,"url":"https:\/\/www.ping.fm\/ip\/wp-content\/uploads\/2023\/07\/wifi.jpg","type":"image\/jpeg"}],"twitter_card":"summary_large_image","schema":{"@context":"https:\/\/schema.org","@graph":[{"@type":"WebPage","@id":"https:\/\/www.ping.fm\/ip\/fr\/myfios-gateway\/","url":"https:\/\/www.ping.fm\/ip\/fr\/myfios-gateway\/","name":"Myfiosgateway.com. Mis \u00e0 jour en 2026","isPartOf":{"@id":"https:\/\/www.ping.fm\/ip\/#website"},"datePublished":"2023-10-20T15:58:13+00:00","dateModified":"2023-10-20T15:58:13+00:00","breadcrumb":{"@id":"https:\/\/www.ping.fm\/ip\/fr\/myfios-gateway\/#breadcrumb"},"inLanguage":"en-US","potentialAction":[{"@type":"ReadAction","target":["https:\/\/www.ping.fm\/ip\/fr\/myfios-gateway\/"]}]},{"@type":"BreadcrumbList","@id":"https:\/\/www.ping.fm\/ip\/fr\/myfios-gateway\/#breadcrumb","itemListElement":[{"@type":"ListItem","position":1,"name":"Home","item":"https:\/\/www.ping.fm\/ip\/"},{"@type":"ListItem","position":2,"name":"Myfiosgateway.com"}]},{"@type":"WebSite","@id":"https:\/\/www.ping.fm\/ip\/#website","url":"https:\/\/www.ping.fm\/ip\/","name":"IP","description":"","potentialAction":[{"@type":"SearchAction","target":{"@type":"EntryPoint","urlTemplate":"https:\/\/www.ping.fm\/ip\/?s={search_term_string}"},"query-input":"required name=search_term_string"}],"inLanguage":"en-US"}]}},"_links":{"self":[{"href":"https:\/\/www.ping.fm\/ip\/wp-json\/wp\/v2\/pages\/607"}],"collection":[{"href":"https:\/\/www.ping.fm\/ip\/wp-json\/wp\/v2\/pages"}],"about":[{"href":"https:\/\/www.ping.fm\/ip\/wp-json\/wp\/v2\/types\/page"}],"author":[{"embeddable":true,"href":"https:\/\/www.ping.fm\/ip\/wp-json\/wp\/v2\/users\/2"}],"replies":[{"embeddable":true,"href":"https:\/\/www.ping.fm\/ip\/wp-json\/wp\/v2\/comments?post=607"}],"version-history":[{"count":1,"href":"https:\/\/www.ping.fm\/ip\/wp-json\/wp\/v2\/pages\/607\/revisions"}],"predecessor-version":[{"id":608,"href":"https:\/\/www.ping.fm\/ip\/wp-json\/wp\/v2\/pages\/607\/revisions\/608"}],"wp:featuredmedia":[{"embeddable":true,"href":"https:\/\/www.ping.fm\/ip\/wp-json\/wp\/v2\/media\/15"}],"wp:attachment":[{"href":"https:\/\/www.ping.fm\/ip\/wp-json\/wp\/v2\/media?parent=607"}],"curies":[{"name":"wp","href":"https:\/\/api.w.org\/{rel}","templated":true}]}}