{"id":585,"date":"2023-10-20T15:29:51","date_gmt":"2023-10-20T15:29:51","guid":{"rendered":"https:\/\/www.ping.fm\/ip\/?page_id=585"},"modified":"2023-10-20T15:29:51","modified_gmt":"2023-10-20T15:29:51","slug":"connexion-au-routeur-etisalat","status":"publish","type":"page","link":"https:\/\/www.ping.fm\/ip\/fr\/connexion-au-routeur-etisalat\/","title":{"rendered":"Connexion au routeur Etisalat"},"content":{"rendered":"<article>\n<section>\n<h1>D\u00e9bloquez la puissance de votre routeur Etisalat : Guide \u00e9tape par \u00e9tape pour configurer et personnaliser votre r\u00e9seau &#128246;<\/h1>\n<div class=\"inbrief\">\n<div>\n                                <img src=\"\/ip\/wp-content\/uploads\/generated\/Connexion-au-routeur-Etisalat.jpg\" alt=\"Connexion au routeur Etisalat\" title=\"Connexion au routeur Etisalat\" width=\"1280\" height=\"720\"><\/p>\n<p>Dites &#128075; \u00e0 une exp\u00e9rience Wi-Fi comme jamais auparavant! Gr\u00e2ce \u00e0 la magie de l&#8217;interface web de votre routeur Etisalat, vous avez maintenant la possibilit\u00e9 de cr\u00e9er un r\u00e9seau super chaud. Des vitesses fulgurantes, un nom qui crie VOUS, et m\u00eame un r\u00e9seau d\u00e9di\u00e9 \u00e0 vos invit\u00e9s &#8211; tout cela est disponible au tableau de bord de <a href=\"http:\/\/&#49;&#57;&#50;.&#49;&#54;&#56;.&#49;.&#49;\">http:\/\/&#49;&#57;&#50;.&#49;&#54;&#56;.&#49;.&#49;<\/a>. Soutenus par une vari\u00e9t\u00e9 de marques comme <b>TP-Link, Huawei, D-Link, HTC et Linksys<\/b>, vous \u00eates habilit\u00e9s \u00e0 cr\u00e9er votre exp\u00e9rience Internet de r\u00eave. Maintenant, d\u00e9couvrons ensemble la puissance de cette bo\u00eete magique! &#128170;<\/p>\n<\/div>\n<\/div>\n<\/section>\n<section>\n<div>\n<div>1<\/div>\n<h2>Connexion au routeur Etisalat \u2013 C&#8217;est plus facile que vous ne le pensez!<\/h2>\n<\/div>\n<p>Commen\u00e7ons par vous connecter \u00e0 cette interface web \u2013 aussi connue sous le nom de centre de commande de votre routeur. Ouvrez simplement le navigateur de votre choix et tapez <a href=\"http:\/\/192.168.1.1\">http:\/\/192.168.1.1<\/a> dans la barre d&#8217;adresse. Une fois arriv\u00e9 \u00e0 cette page, vous verrez des champs pour entrer votre nom d&#8217;utilisateur et votre mot de passe. Tapez simplement &#8216;admin&#8217; dans ces deux champs et voil\u00e0, vous y \u00eates! \ud83c\udf89 Vos param\u00e8tres de routeur par d\u00e9faut sont pratiquement affich\u00e9s sur une \u00e9tiquette \u00e0 l&#8217;arri\u00e8re de votre routeur au cas o\u00f9 vous auriez besoin de les consulter. <b>Note :<\/b> Les utilisateurs de routeurs D-Link, n&#8217;oubliez pas que votre adresse IP par d\u00e9faut est diff\u00e9rente: <a href=\"http:\/\/192.168.0.1\">http:\/\/192.168.0.1<\/a>.<\/p>\n<\/section>\n<section>\n<div>\n<div>2<\/div>\n<h2>Personnalisez votre nom et mot de passe Wi-Fi \u2013 Soyez cr\u00e9atif!<\/h2>\n<\/div>\n<p>Maintenant, c&#8217;est ici que le plaisir commence! Tout comme pour nommer un animal de compagnie, choisir le nom de votre r\u00e9seau (ou SSID comme on l&#8217;appelle techniquement) peut \u00eatre tr\u00e8s amusant. Alors, laissez votre imagination s&#8217;emballer, mais n&#8217;oubliez pas qu&#8217;il doit \u00eatre familial! \ud83d\ude1c Pour cela, allez \u00e0 <b>WiFi<\/b> > <b>G\u00e9n\u00e9ral<\/b> > <b>Nom Wi-Fi (SSID)<\/b> et entrez votre nouveau SSID Wi-Fi pour les sections 2.4 GHz et 5 GHz. Pendant que vous y \u00eates, vous pouvez \u00e9galement donner un coup de neuf \u00e0 votre mot de passe Wi-Fi dans le champ Mot de passe sans fil.<\/p>\n<\/section>\n<section>\n<div>\n<div>3<\/div>\n<h2>Verrouillez les \u00e9coutilles &#8211; Mettez en place la s\u00e9curit\u00e9<\/h2>\n<\/div>\n<p>Une fois que vous avez personnalis\u00e9 votre nom de r\u00e9seau et votre mot de passe, assurez-vous que votre r\u00e9seau est aussi s\u00e9curis\u00e9 que possible. Vous verrez des options pour <b>Protection Wi-Fi<\/b>. Choisissez <b>WPA + WPA2<\/b> et s\u00e9lectionnez votre type de chiffrement comme <b>TKIP<\/b> et <b>AES Encryption<\/b>. Appuyez sur &#8216;Appliquer&#8217; pour sauvegarder vos nouveaux param\u00e8tres. Souvenez-vous, vous n&#8217;\u00eates pas seulement un utilisateur de WiFi, vous \u00eates un ma\u00eetre du WiFi! \ud83d\udee1\ufe0f<\/p>\n<\/section>\n<section>\n<div>\n<div>4<\/div>\n<h2>Boostez vos capacit\u00e9s &#8211; Configurez un r\u00e9seau d&#8217;invit\u00e9s<\/h2>\n<\/div>\n<p>Enfin, si vous cherchez \u00e0 \u00eatre l&#8217;h\u00f4te ultime, vous pouvez mettre en place un r\u00e9seau d\u00e9di\u00e9 pour les invit\u00e9s! Revenez simplement aux m\u00eames param\u00e8tres et vous pouvez choisir d&#8217;activer\/d\u00e9sactiver le WiFi global 2.4Ghz ou 5Ghz. Vos invit\u00e9s vous remercieront pour l&#8217;accueil chaleureux sur votre r\u00e9seau Wi-Fi. \ud83d\ude0e<\/p>\n<\/section>\n<section>\n<h2>Conclusion: \ud83c\udfc1<\/h2>\n<div class=\"nonp\">\n<p>F\u00e9licitations! &#127881; Vous venez d&#8217;ouvrir tout un nouveau monde de possibilit\u00e9s avec votre routeur Etisalat. Vous avez personnalis\u00e9 votre r\u00e9seau, renforc\u00e9 votre s\u00e9curit\u00e9 et m\u00eame cr\u00e9\u00e9 un havre pour vos invit\u00e9s. Maintenant, vous ne naviguez plus simplement sur le web, vous pilotez le navire. Voici \u00e0 une navigation en douceur et \u00e0 des vitesses rapide sur votre r\u00e9seau personnalis\u00e9. Apr\u00e8s tout, qui ne veut pas avoir un nom Wi-Fi cool et le pouvoir de g\u00e9rer son royaume num\u00e9rique comme il le souhaite? &#128081;<\/p>\n<\/div>\n<\/section>\n<section itemscope=\"\" itemtype=\"https:\/\/schema.org\/FAQPage\">\n<div class=\"panel\" itemprop=\"mainEntity\" itemscope=\"\" itemtype=\"https:\/\/schema.org\/Question\">\n<div class=\"toggle-link\">\n<h3 class=\"panel-title\" itemprop=\"name\">\n            Comment puis-je acc\u00e9der \u00e0 la page de connexion du routeur Etisalat ?<\/h3>\n<\/div>\n<div class=\"panel-collapse\">\n<div class=\"panel-body\" itemprop=\"acceptedAnswer\" itemscope=\"\" itemtype=\"https:\/\/schema.org\/Answer\">\n<div itemprop=\"text\">\n<p>Vous pouvez vous connecter au routeur Etisalat en lan\u00e7ant un navigateur web, en entrant <a href=http:\/\/192.168.1.1>192.168.1.1<\/a> dans la barre d&#8217;adresse et en fournissant &#8216;admin&#8217; comme nom d&#8217;utilisateur et mot de passe.<\/p>\n<\/div>\n<\/div>\n<\/div>\n<\/div>\n<div class=\"panel\" itemprop=\"mainEntity\" itemscope=\"\" itemtype=\"https:\/\/schema.org\/Question\">\n<div class=\"toggle-link\">\n<h3 class=\"panel-title\" itemprop=\"name\">\n            Quel est le nom d&#8217;utilisateur et le mot de passe par d\u00e9faut du routeur Etisalat ?<\/h3>\n<\/div>\n<div class=\"panel-collapse\">\n<div class=\"panel-body\" itemprop=\"acceptedAnswer\" itemscope=\"\" itemtype=\"https:\/\/schema.org\/Answer\">\n<div itemprop=\"text\">\n<p>Le nom d&#8217;utilisateur et le mot de passe par d\u00e9faut du routeur Etisalat sont tous deux r\u00e9gl\u00e9s sur &#8216;admin&#8217;.<\/p>\n<\/div>\n<\/div>\n<\/div>\n<\/div>\n<div class=\"panel\" itemprop=\"mainEntity\" itemscope=\"\" itemtype=\"https:\/\/schema.org\/Question\">\n<div class=\"toggle-link\">\n<h3 class=\"panel-title\" itemprop=\"name\">\n            Puis-je modifier les param\u00e8tres de mon routeur Etisalat \u00e0 distance ?<\/h3>\n<\/div>\n<div class=\"panel-collapse\">\n<div class=\"panel-body\" itemprop=\"acceptedAnswer\" itemscope=\"\" itemtype=\"https:\/\/schema.org\/Answer\">\n<div itemprop=\"text\">\n<p>Oui, vous pouvez g\u00e9rer les param\u00e8tres de votre routeur via l&#8217;interface web d&#8217;Etisalat en entrant <a href=http:\/\/192.168.1.1>192.168.1.1<\/a> dans votre navigateur tout en \u00e9tant connect\u00e9 \u00e0 votre r\u00e9seau.<\/p>\n<\/div>\n<\/div>\n<\/div>\n<\/div>\n<div class=\"panel\" itemprop=\"mainEntity\" itemscope=\"\" itemtype=\"https:\/\/schema.org\/Question\">\n<div class=\"toggle-link\">\n<h3 class=\"panel-title\" itemprop=\"name\">\n            Comment puis-je changer mon mot de passe et mon SSID Wi-Fi Etisalat ?<\/h3>\n<\/div>\n<div class=\"panel-collapse\">\n<div class=\"panel-body\" itemprop=\"acceptedAnswer\" itemscope=\"\" itemtype=\"https:\/\/schema.org\/Answer\">\n<div itemprop=\"text\">\n<p>Apr\u00e8s vous \u00eatre connect\u00e9 \u00e0 l&#8217;interface web d&#8217;Etisalat, allez \u00e0 WiFi > G\u00e9n\u00e9ral > Nom du Wi-Fi (SSID) pour changer le nom de votre r\u00e9seau. Pour le mot de passe Wi-Fi, entrez le nouveau pour les modes 2,4 GHz et 5 GHz (optionnel) dans le champ Mot de passe sans fil, puis cliquez sur Appliquer.<\/p>\n<\/div>\n<\/div>\n<\/div>\n<\/div>\n<div class=\"panel\" itemprop=\"mainEntity\" itemscope=\"\" itemtype=\"https:\/\/schema.org\/Question\">\n<div class=\"toggle-link\">\n<h3 class=\"panel-title\" itemprop=\"name\">\n            Quel est le processus de mise en place d&#8217;un r\u00e9seau invit\u00e9 sur mon routeur Etisalat ?<\/h3>\n<\/div>\n<div class=\"panel-collapse\">\n<div class=\"panel-body\" itemprop=\"acceptedAnswer\" itemscope=\"\" itemtype=\"https:\/\/schema.org\/Answer\">\n<div itemprop=\"text\">\n<p>Les options d&#8217;installation du r\u00e9seau pour invit\u00e9s se trouvent dans la section &#8216;R\u00e9seau invit\u00e9&#8217; de l&#8217;interface du routeur Etisalat. Tous les routeurs ne supportent pas cette fonctionnalit\u00e9, alors consultez le manuel du routeur si elle ne s&#8217;affiche pas dans votre interface.<\/p>\n<\/div>\n<\/div>\n<\/div>\n<\/div>\n<div class=\"panel\" itemprop=\"mainEntity\" itemscope=\"\" itemtype=\"https:\/\/schema.org\/Question\">\n<div class=\"toggle-link\">\n<h3 class=\"panel-title\" itemprop=\"name\">\n            Je n&#8217;arrive pas \u00e0 me connecter \u00e0 mon routeur Etisalat. Que dois-je faire ?<\/h3>\n<\/div>\n<div class=\"panel-collapse\">\n<div class=\"panel-body\" itemprop=\"acceptedAnswer\" itemscope=\"\" itemtype=\"https:\/\/schema.org\/Answer\">\n<div itemprop=\"text\">\n<p>Si vous ne pouvez pas vous connecter, assurez-vous que vous tapez la bonne adresse IP. Pour TP-Link, Huawei, HTC et Linksys l&#8217;adresse est <a href=http:\/\/192.168.1.1>192.168.1.1<\/a>. Pour D-Link, c&#8217;est <a href=http:\/\/192.168.0.1>192.168.0.1<\/a>. Si vous ne pouvez toujours pas acc\u00e9der, r\u00e9initialisez votre routeur \u00e0 ses param\u00e8tres d&#8217;usine.<\/p>\n<\/div>\n<\/div>\n<\/div>\n<\/div>\n<div class=\"panel\" itemprop=\"mainEntity\" itemscope=\"\" itemtype=\"https:\/\/schema.org\/Question\">\n<div class=\"toggle-link\">\n<h3 class=\"panel-title\" itemprop=\"name\">\n            Comment puis-je activer ou d\u00e9sactiver le WiFi Global 2.4Ghz ou 5Ghz ?<\/h3>\n<\/div>\n<div class=\"panel-collapse\">\n<div class=\"panel-body\" itemprop=\"acceptedAnswer\" itemscope=\"\" itemtype=\"https:\/\/schema.org\/Answer\">\n<div itemprop=\"text\">\n<p>Vous pouvez le faire depuis la section WiFi > G\u00e9n\u00e9ral de l&#8217;interface web du routeur. Activez ou d\u00e9sactivez l&#8217;option correspondante selon vos pr\u00e9f\u00e9rences et cliquez sur Appliquer pour sauvegarder les modifications.<\/p>\n<\/div>\n<\/div>\n<\/div>\n<\/div>\n<div class=\"panel\" itemprop=\"mainEntity\" itemscope=\"\" itemtype=\"https:\/\/schema.org\/Question\">\n<div class=\"toggle-link\">\n<h3 class=\"panel-title\" itemprop=\"name\">\n            Puis-je changer les d\u00e9tails de connexion par d\u00e9faut de mon routeur Etisalat ?<\/h3>\n<\/div>\n<div class=\"panel-collapse\">\n<div class=\"panel-body\" itemprop=\"acceptedAnswer\" itemscope=\"\" itemtype=\"https:\/\/schema.org\/Answer\">\n<div itemprop=\"text\">\n<p>Oui, pour am\u00e9liorer la s\u00e9curit\u00e9, il est vivement recommand\u00e9 de changer le nom d&#8217;utilisateur et le mot de passe de connexion par d\u00e9faut de &#8216;admin&#8217; \u00e0 quelque chose de plus s\u00fbr.<\/p>\n<\/div>\n<\/div>\n<\/div>\n<\/div>\n<div class=\"panel\" itemprop=\"mainEntity\" itemscope=\"\" itemtype=\"https:\/\/schema.org\/Question\">\n<div class=\"toggle-link\">\n<h3 class=\"panel-title\" itemprop=\"name\">\n            Quelles marques de routeurs Etisalat supporte-t-il ?<\/h3>\n<\/div>\n<div class=\"panel-collapse\">\n<div class=\"panel-body\" itemprop=\"acceptedAnswer\" itemscope=\"\" itemtype=\"https:\/\/schema.org\/Answer\">\n<div itemprop=\"text\">\n<p>Etisalat prend en charge les routeurs TP-Link, Huawei, D-Link, HTC et Linksys pour la connectivit\u00e9 internet.<\/p>\n<\/div>\n<\/div>\n<\/div>\n<\/div>\n<div class=\"panel\" itemprop=\"mainEntity\" itemscope=\"\" itemtype=\"https:\/\/schema.org\/Question\">\n<div class=\"toggle-link\">\n<h3 class=\"panel-title\" itemprop=\"name\">\n            Puis-je changer le type de chiffrement sur mon routeur Etisalat ?<\/h3>\n<\/div>\n<div class=\"panel-collapse\">\n<div class=\"panel-body\" itemprop=\"acceptedAnswer\" itemscope=\"\" itemtype=\"https:\/\/schema.org\/Answer\">\n<div itemprop=\"text\">\n<p>Oui, dans les param\u00e8tres WiFi > G\u00e9n\u00e9ral, vous pouvez s\u00e9lectionner vos options pr\u00e9f\u00e9r\u00e9es de protection et de type de chiffrement Wi-Fi.<\/p>\n<\/div>\n<\/div>\n<\/div>\n<\/div>\n<div class=\"panel\" itemprop=\"mainEntity\" itemscope=\"\" itemtype=\"https:\/\/schema.org\/Question\">\n<div class=\"toggle-link\">\n<h3 class=\"panel-title\" itemprop=\"name\">\n            Quelle est l&#8217;adresse IP standard pour les routeurs D-Link ?<\/h3>\n<\/div>\n<div class=\"panel-collapse\">\n<div class=\"panel-body\" itemprop=\"acceptedAnswer\" itemscope=\"\" itemtype=\"https:\/\/schema.org\/Answer\">\n<div itemprop=\"text\">\n<p>L&#8217;adresse IP par d\u00e9faut pour les routeurs D-Link est <a href=http:\/\/192.168.0.1>192.168.0.1<\/a>.<\/p>\n<\/div>\n<\/div>\n<\/div>\n<\/div>\n<div class=\"panel\" itemprop=\"mainEntity\" itemscope=\"\" itemtype=\"https:\/\/schema.org\/Question\">\n<div class=\"toggle-link\">\n<h3 class=\"panel-title\" itemprop=\"name\">\n            Serait-il possible de me connecter au panneau d&#8217;administration du routeur Etisalat \u00e0 partir de n&#8217;importe quel navigateur ?<\/h3>\n<\/div>\n<div class=\"panel-collapse\">\n<div class=\"panel-body\" itemprop=\"acceptedAnswer\" itemscope=\"\" itemtype=\"https:\/\/schema.org\/Answer\">\n<div itemprop=\"text\">\n<p>Oui, vous pouvez acc\u00e9der au panneau d&#8217;administration du routeur Etisalat \u00e0 partir de n&#8217;importe quel navigateur web en entrant l&#8217;adresse IP du routeur.<\/p>\n<\/div>\n<\/div>\n<\/div>\n<\/div>\n<div class=\"panel\" itemprop=\"mainEntity\" itemscope=\"\" itemtype=\"https:\/\/schema.org\/Question\">\n<div class=\"toggle-link\">\n<h3 class=\"panel-title\" itemprop=\"name\">\n            Puis-je modifier les configurations du routeur \u00e0 l&#8217;aide de mon appareil mobile ?<\/h3>\n<\/div>\n<div class=\"panel-collapse\">\n<div class=\"panel-body\" itemprop=\"acceptedAnswer\" itemscope=\"\" itemtype=\"https:\/\/schema.org\/Answer\">\n<div itemprop=\"text\">\n<p>Oui, tant que votre appareil mobile est connect\u00e9 au r\u00e9seau, vous pouvez modifier les param\u00e8tres du routeur \u00e0 l&#8217;aide du navigateur de votre appareil.<\/p>\n<\/div>\n<\/div>\n<\/div>\n<\/div>\n<div class=\"panel\" itemprop=\"mainEntity\" itemscope=\"\" itemtype=\"https:\/\/schema.org\/Question\">\n<div class=\"toggle-link\">\n<h3 class=\"panel-title\" itemprop=\"name\">\n            Comment puis-je r\u00e9initialiser mon routeur Etisalat \u00e0 ses param\u00e8tres par d\u00e9faut ?<\/h3>\n<\/div>\n<div class=\"panel-collapse\">\n<div class=\"panel-body\" itemprop=\"acceptedAnswer\" itemscope=\"\" itemtype=\"https:\/\/schema.org\/Answer\">\n<div itemprop=\"text\">\n<p>Pour r\u00e9initialiser votre routeur, localisez le bouton de r\u00e9initialisation, g\u00e9n\u00e9ralement \u00e0 l&#8217;arri\u00e8re de l&#8217;appareil. Appuyez dessus et maintenez-le enfonc\u00e9 pendant environ 10 secondes jusqu&#8217;\u00e0 ce que le routeur red\u00e9marre et se r\u00e9tablisse \u00e0 ses param\u00e8tres d&#8217;usine.<\/p>\n<\/div>\n<\/div>\n<\/div>\n<\/div>\n<div class=\"panel\" itemprop=\"mainEntity\" itemscope=\"\" itemtype=\"https:\/\/schema.org\/Question\">\n<div class=\"toggle-link\">\n<h3 class=\"panel-title\" itemprop=\"name\">\n            Puis-je v\u00e9rifier la version actuelle du firmware de mon routeur Etisalat ?<\/h3>\n<\/div>\n<div class=\"panel-collapse\">\n<div class=\"panel-body\" itemprop=\"acceptedAnswer\" itemscope=\"\" itemtype=\"https:\/\/schema.org\/Answer\">\n<div itemprop=\"text\">\n<p>En effet, vous pouvez v\u00e9rifier la version du firmware du routeur \u00e0 partir de l&#8217;option &#8216;Outils syst\u00e8me&#8217; ou similaire disponible sur l&#8217;interface web du routeur.<\/p>\n<\/div>\n<\/div>\n<\/div>\n<\/div>\n<div class=\"panel\" itemprop=\"mainEntity\" itemscope=\"\" itemtype=\"https:\/\/schema.org\/Question\">\n<div class=\"toggle-link\">\n<h3 class=\"panel-title\" itemprop=\"name\">\n            Est-il possible de programmer l&#8217;op\u00e9ration WiFi sur mon routeur Etisalat ?<\/h3>\n<\/div>\n<div class=\"panel-collapse\">\n<div class=\"panel-body\" itemprop=\"acceptedAnswer\" itemscope=\"\" itemtype=\"https:\/\/schema.org\/Answer\">\n<div itemprop=\"text\">\n<p>Oui, certains mod\u00e8les de routeurs Etisalat supportent la programmation WiFi. Cette option se trouve g\u00e9n\u00e9ralement dans les &#8216;Param\u00e8tres avanc\u00e9s&#8217; ou une option similairement nomm\u00e9e dans l&#8217;interface web du routeur.<\/p>\n<\/div>\n<\/div>\n<\/div>\n<\/div>\n<div class=\"panel\" itemprop=\"mainEntity\" itemscope=\"\" itemtype=\"https:\/\/schema.org\/Question\">\n<div class=\"toggle-link\">\n<h3 class=\"panel-title\" itemprop=\"name\">\n            Y a-t-il un moyen de restreindre le nombre d&#8217;appareils connect\u00e9s \u00e0 mon WiFi Etisalat ?<\/h3>\n<\/div>\n<div class=\"panel-collapse\">\n<div class=\"panel-body\" itemprop=\"acceptedAnswer\" itemscope=\"\" itemtype=\"https:\/\/schema.org\/Answer\">\n<div itemprop=\"text\">\n<p>Oui, vous pouvez g\u00e9rer le nombre d&#8217;appareils connect\u00e9s via les param\u00e8tres DHCP dans l&#8217;interface web de votre routeur. Ici vous pouvez d\u00e9finir le nombre maximum d&#8217;utilisateurs DHCP.<\/p>\n<\/div>\n<\/div>\n<\/div>\n<\/div>\n<div class=\"panel\" itemprop=\"mainEntity\" itemscope=\"\" itemtype=\"https:\/\/schema.org\/Question\">\n<div class=\"toggle-link\">\n<h3 class=\"panel-title\" itemprop=\"name\">\n            Puis-je cr\u00e9er une liste blanche d&#8217;appareils pour me connecter \u00e0 mon WiFi ?<\/h3>\n<\/div>\n<div class=\"panel-collapse\">\n<div class=\"panel-body\" itemprop=\"acceptedAnswer\" itemscope=\"\" itemtype=\"https:\/\/schema.org\/Answer\">\n<div itemprop=\"text\">\n<p>Oui, vous pouvez autoriser des appareils sp\u00e9cifiques \u00e0 se connecter \u00e0 votre r\u00e9seau WiFi en utilisant la fonction de filtrage MAC dans les param\u00e8tres de votre routeur.<\/p>\n<\/div>\n<\/div>\n<\/div>\n<\/div>\n<div class=\"panel\" itemprop=\"mainEntity\" itemscope=\"\" itemtype=\"https:\/\/schema.org\/Question\">\n<div class=\"toggle-link\">\n<h3 class=\"panel-title\" itemprop=\"name\">\n            Mon routeur Etisalat peut-il bloquer des sites web sp\u00e9cifiques ?<\/h3>\n<\/div>\n<div class=\"panel-collapse\">\n<div class=\"panel-body\" itemprop=\"acceptedAnswer\" itemscope=\"\" itemtype=\"https:\/\/schema.org\/Answer\">\n<div itemprop=\"text\">\n<p>Oui, la plupart des routeurs, y compris ceux support\u00e9s par Etisalat, offrent une option pour bloquer certains sites web. Cela se trouve g\u00e9n\u00e9ralement dans la section &#8216;Contr\u00f4le parental&#8217; ou &#8216;Contr\u00f4le d&#8217;acc\u00e8s&#8217; des param\u00e8tres du routeur.<\/p>\n<\/div>\n<\/div>\n<\/div>\n<\/div>\n<div class=\"panel\" itemprop=\"mainEntity\" itemscope=\"\" itemtype=\"https:\/\/schema.org\/Question\">\n<div class=\"toggle-link\">\n<h3 class=\"panel-title\" itemprop=\"name\">\n            Puis-je voir les appareils actuellement connect\u00e9s \u00e0 mon WiFi Etisalat ?<\/h3>\n<\/div>\n<div class=\"panel-collapse\">\n<div class=\"panel-body\" itemprop=\"acceptedAnswer\" itemscope=\"\" itemtype=\"https:\/\/schema.org\/Answer\">\n<div itemprop=\"text\">\n<p>Oui, vous pouvez voir la liste des appareils connect\u00e9s en vous rendant \u00e0 la section &#8216;Liste des clients DHCP&#8217; ou similaire dans l&#8217;interface du routeur.<\/p>\n<\/div>\n<\/div>\n<\/div>\n<\/div>\n<\/section>\n<\/article>\n","protected":false},"excerpt":{"rendered":"<p>D\u00e9bloquez la puissance de votre routeur Etisalat : Guide \u00e9tape par \u00e9tape pour configurer et personnaliser votre r\u00e9seau &#128246; Dites &#128075; \u00e0 une exp\u00e9rience Wi-Fi comme jamais auparavant! Gr\u00e2ce \u00e0 la magie de l&#8217;interface web de votre routeur Etisalat, vous avez maintenant la possibilit\u00e9 de cr\u00e9er un r\u00e9seau super chaud. Des vitesses fulgurantes, un nom [&hellip;]<\/p>\n","protected":false},"author":2,"featured_media":15,"parent":0,"menu_order":0,"comment_status":"closed","ping_status":"closed","template":"chromecast.php","meta":{"_stopmodifiedupdate":false,"_modified_date":"","_lmt_disableupdate":"yes","_lmt_disable":""},"yoast_head":"<!-- This site is optimized with the Yoast SEO plugin v20.9 - https:\/\/yoast.com\/wordpress\/plugins\/seo\/ -->\n<title>Connexion au routeur Etisalat. Mis \u00e0 jour en 2026<\/title>\n<meta name=\"robots\" content=\"index, follow, max-snippet:-1, max-image-preview:large, max-video-preview:-1\" \/>\n<link rel=\"canonical\" href=\"https:\/\/www.ping.fm\/ip\/fr\/connexion-au-routeur-etisalat\/\" \/>\n<meta property=\"og:locale\" content=\"en_US\" \/>\n<meta property=\"og:type\" content=\"article\" \/>\n<meta property=\"og:title\" content=\"Connexion au routeur Etisalat. Mis \u00e0 jour en 2026\" \/>\n<meta property=\"og:description\" content=\"D\u00e9bloquez la puissance de votre routeur Etisalat : Guide \u00e9tape par \u00e9tape pour configurer et personnaliser votre r\u00e9seau &#128246; Dites &#128075; \u00e0 une exp\u00e9rience Wi-Fi comme jamais auparavant! Gr\u00e2ce \u00e0 la magie de l&#8217;interface web de votre routeur Etisalat, vous avez maintenant la possibilit\u00e9 de cr\u00e9er un r\u00e9seau super chaud. Des vitesses fulgurantes, un nom [&hellip;]\" \/>\n<meta property=\"og:url\" content=\"https:\/\/www.ping.fm\/ip\/fr\/connexion-au-routeur-etisalat\/\" \/>\n<meta property=\"og:site_name\" content=\"IP\" \/>\n<meta property=\"og:image\" content=\"https:\/\/www.ping.fm\/ip\/wp-content\/uploads\/2023\/07\/wifi.jpg\" \/>\n\t<meta property=\"og:image:width\" content=\"1992\" \/>\n\t<meta property=\"og:image:height\" content=\"1852\" \/>\n\t<meta property=\"og:image:type\" content=\"image\/jpeg\" \/>\n<meta name=\"twitter:card\" content=\"summary_large_image\" \/>\n<meta name=\"twitter:label1\" content=\"Est. reading time\" \/>\n\t<meta name=\"twitter:data1\" content=\"7 minutes\" \/>\n<script type=\"application\/ld+json\" class=\"yoast-schema-graph\">{\"@context\":\"https:\/\/schema.org\",\"@graph\":[{\"@type\":\"WebPage\",\"@id\":\"https:\/\/www.ping.fm\/ip\/fr\/connexion-au-routeur-etisalat\/\",\"url\":\"https:\/\/www.ping.fm\/ip\/fr\/connexion-au-routeur-etisalat\/\",\"name\":\"Connexion au routeur Etisalat. Mis \u00e0 jour en 2026\",\"isPartOf\":{\"@id\":\"https:\/\/www.ping.fm\/ip\/#website\"},\"datePublished\":\"2023-10-20T15:29:51+00:00\",\"dateModified\":\"2023-10-20T15:29:51+00:00\",\"breadcrumb\":{\"@id\":\"https:\/\/www.ping.fm\/ip\/fr\/connexion-au-routeur-etisalat\/#breadcrumb\"},\"inLanguage\":\"en-US\",\"potentialAction\":[{\"@type\":\"ReadAction\",\"target\":[\"https:\/\/www.ping.fm\/ip\/fr\/connexion-au-routeur-etisalat\/\"]}]},{\"@type\":\"BreadcrumbList\",\"@id\":\"https:\/\/www.ping.fm\/ip\/fr\/connexion-au-routeur-etisalat\/#breadcrumb\",\"itemListElement\":[{\"@type\":\"ListItem\",\"position\":1,\"name\":\"Home\",\"item\":\"https:\/\/www.ping.fm\/ip\/\"},{\"@type\":\"ListItem\",\"position\":2,\"name\":\"Connexion au routeur Etisalat\"}]},{\"@type\":\"WebSite\",\"@id\":\"https:\/\/www.ping.fm\/ip\/#website\",\"url\":\"https:\/\/www.ping.fm\/ip\/\",\"name\":\"IP\",\"description\":\"\",\"potentialAction\":[{\"@type\":\"SearchAction\",\"target\":{\"@type\":\"EntryPoint\",\"urlTemplate\":\"https:\/\/www.ping.fm\/ip\/?s={search_term_string}\"},\"query-input\":\"required name=search_term_string\"}],\"inLanguage\":\"en-US\"}]}<\/script>\n<!-- \/ Yoast SEO plugin. -->","yoast_head_json":{"title":"Connexion au routeur Etisalat. Mis \u00e0 jour en 2026","robots":{"index":"index","follow":"follow","max-snippet":"max-snippet:-1","max-image-preview":"max-image-preview:large","max-video-preview":"max-video-preview:-1"},"canonical":"https:\/\/www.ping.fm\/ip\/fr\/connexion-au-routeur-etisalat\/","og_locale":"en_US","og_type":"article","og_title":"Connexion au routeur Etisalat. Mis \u00e0 jour en 2026","og_description":"D\u00e9bloquez la puissance de votre routeur Etisalat : Guide \u00e9tape par \u00e9tape pour configurer et personnaliser votre r\u00e9seau &#128246; Dites &#128075; \u00e0 une exp\u00e9rience Wi-Fi comme jamais auparavant! Gr\u00e2ce \u00e0 la magie de l&#8217;interface web de votre routeur Etisalat, vous avez maintenant la possibilit\u00e9 de cr\u00e9er un r\u00e9seau super chaud. Des vitesses fulgurantes, un nom [&hellip;]","og_url":"https:\/\/www.ping.fm\/ip\/fr\/connexion-au-routeur-etisalat\/","og_site_name":"IP","og_image":[{"width":1992,"height":1852,"url":"https:\/\/www.ping.fm\/ip\/wp-content\/uploads\/2023\/07\/wifi.jpg","type":"image\/jpeg"}],"twitter_card":"summary_large_image","twitter_misc":{"Est. reading time":"7 minutes"},"schema":{"@context":"https:\/\/schema.org","@graph":[{"@type":"WebPage","@id":"https:\/\/www.ping.fm\/ip\/fr\/connexion-au-routeur-etisalat\/","url":"https:\/\/www.ping.fm\/ip\/fr\/connexion-au-routeur-etisalat\/","name":"Connexion au routeur Etisalat. Mis \u00e0 jour en 2026","isPartOf":{"@id":"https:\/\/www.ping.fm\/ip\/#website"},"datePublished":"2023-10-20T15:29:51+00:00","dateModified":"2023-10-20T15:29:51+00:00","breadcrumb":{"@id":"https:\/\/www.ping.fm\/ip\/fr\/connexion-au-routeur-etisalat\/#breadcrumb"},"inLanguage":"en-US","potentialAction":[{"@type":"ReadAction","target":["https:\/\/www.ping.fm\/ip\/fr\/connexion-au-routeur-etisalat\/"]}]},{"@type":"BreadcrumbList","@id":"https:\/\/www.ping.fm\/ip\/fr\/connexion-au-routeur-etisalat\/#breadcrumb","itemListElement":[{"@type":"ListItem","position":1,"name":"Home","item":"https:\/\/www.ping.fm\/ip\/"},{"@type":"ListItem","position":2,"name":"Connexion au routeur Etisalat"}]},{"@type":"WebSite","@id":"https:\/\/www.ping.fm\/ip\/#website","url":"https:\/\/www.ping.fm\/ip\/","name":"IP","description":"","potentialAction":[{"@type":"SearchAction","target":{"@type":"EntryPoint","urlTemplate":"https:\/\/www.ping.fm\/ip\/?s={search_term_string}"},"query-input":"required name=search_term_string"}],"inLanguage":"en-US"}]}},"_links":{"self":[{"href":"https:\/\/www.ping.fm\/ip\/wp-json\/wp\/v2\/pages\/585"}],"collection":[{"href":"https:\/\/www.ping.fm\/ip\/wp-json\/wp\/v2\/pages"}],"about":[{"href":"https:\/\/www.ping.fm\/ip\/wp-json\/wp\/v2\/types\/page"}],"author":[{"embeddable":true,"href":"https:\/\/www.ping.fm\/ip\/wp-json\/wp\/v2\/users\/2"}],"replies":[{"embeddable":true,"href":"https:\/\/www.ping.fm\/ip\/wp-json\/wp\/v2\/comments?post=585"}],"version-history":[{"count":2,"href":"https:\/\/www.ping.fm\/ip\/wp-json\/wp\/v2\/pages\/585\/revisions"}],"predecessor-version":[{"id":596,"href":"https:\/\/www.ping.fm\/ip\/wp-json\/wp\/v2\/pages\/585\/revisions\/596"}],"wp:featuredmedia":[{"embeddable":true,"href":"https:\/\/www.ping.fm\/ip\/wp-json\/wp\/v2\/media\/15"}],"wp:attachment":[{"href":"https:\/\/www.ping.fm\/ip\/wp-json\/wp\/v2\/media?parent=585"}],"curies":[{"name":"wp","href":"https:\/\/api.w.org\/{rel}","templated":true}]}}