{"id":583,"date":"2023-10-20T15:28:40","date_gmt":"2023-10-20T15:28:40","guid":{"rendered":"https:\/\/www.ping.fm\/ip\/?page_id=583"},"modified":"2023-10-20T15:28:40","modified_gmt":"2023-10-20T15:28:40","slug":"retenda-cn","status":"publish","type":"page","link":"https:\/\/www.ping.fm\/ip\/fr\/retenda-cn\/","title":{"rendered":"Re.tenda.cn"},"content":{"rendered":"<article>\n<section>\n<h1>Boostez Votre WiFi Comme une B\u00eate \u2013 Lib\u00e9rez la Puissance de l&#8217;Extendeur de Port\u00e9e Tenda &#128170;&#128640;<\/h1>\n<div class=\"inbrief\">\n<div>\n                                <img src=\"\/ip\/wp-content\/uploads\/generated\/Re.tenda.cn.jpg\" alt=\"Re.tenda.cn\" title=\"Re.tenda.cn\" width=\"1280\" height=\"720\"><\/p>\n<p>Yo, quoi de neuf, Gang de B\u00eates ! &#128047; Vous rencontrez des probl\u00e8mes avec des vitesses WiFi lentes ou des zones mortes dans votre crib ? Fini les soucis ! Conqu\u00e9rons ensemble ces probl\u00e8mes de WiFi gr\u00e2ce \u00e0 la puissance d&#8217;un Extendeur de Port\u00e9e Tenda. Attrapez votre extendeur, car nous allons plonger dans un guide d&#8217;installation simple mais stup\u00e9fiant sur <a href='http:\/\/re.tenda.cn'>re.tenda.cn<\/a> ou <a href='http:\/\/&#49;&#57;&#50;.&#49;&#54;&#56;.&#48;.&#50;&#53;&#52;'>&#49;&#57;&#50;.&#49;&#54;&#56;.&#48;.&#50;&#53;&#52;<\/a>.<\/p>\n<\/div>\n<\/div>\n<\/section>\n<section>\n<div>\n<div>1<\/div>\n<h2>D\u00e9veloppons ces Muscles WiFi \u2013 Configurez votre Extendeur de Port\u00e9e Tenda \ud83d\udcaa\ud83d\ude80<\/h2>\n<\/div>\n<p>Branchez votre Extendeur Tenda dans une prise de courant proche de votre routeur ou de votre modem. Ensuite, nous allons faire une petite poign\u00e9e de main avec le r\u00e9seau WiFi de l&#8217;extendeur. Allez chercher SSID : Tenda_XXXXXX et connectez-vous \u00e0 celui-ci. Sortez un navigateur sur votre appareil, et tapez re.tenda.cn ou <a href='http:\/\/192.168.0.254'>192.168.0.254<\/a> dans la barre d&#8217;adresse et appuyez sur Entrer.<\/p>\n<\/section>\n<section>\n<div>\n<div>2<\/div>\n<h2>Choisissez le Champion \u2013 S\u00e9lectionnez Votre WiFi \ud83c\udfc6<\/h2>\n<\/div>\n<p>S\u00e9lectionnez un r\u00e9seau WiFi que vous voulez booster. Vous allez appuyer sur le bouton Suivant et vous serez accueilli par une invite \u00e0 entrer le mot de passe WiFi de ce r\u00e9seau. Apr\u00e8s avoir tap\u00e9 le mot de passe, appuyez sur le bouton Terminer ! Dude, tu es \u00e0 mi-chemin !<\/p>\n<\/section>\n<section>\n<div>\n<div>3<\/div>\n<h2>Deux R\u00e9seaux, Double l&#8217;\u00c9nergie de la B\u00eate \u2013 Ajoutez un R\u00e9seau \u00c9tendu \ud83d\udca5<\/h2>\n<\/div>\n<p>Vous voulez monter d&#8217;un cran ? Gardez votre r\u00e9seau actuel et ajoutez un r\u00e9seau \u00e9tendu s\u00e9par\u00e9. Comment ? D\u00e9cochez l&#8217;option &#8216;R\u00e9gler le nom et le mot de passe du WiFi de l&#8217;extendeur comme ceux de la Station de Base&#8217;. Tapez le Nom et le mot de passe WiFi que vous d\u00e9sirez. Et boum ! Votre r\u00e9seau \u00e9tendu est vivant et actif \ud83e\udd18<\/p>\n<\/section>\n<section>\n<h2>Conclusion : \ud83c\udfc1<\/h2>\n<div class=\"nonp\">\n<p>Et voil\u00e0, Gang de B\u00eates, vous \u00eates maintenant le fier parent d&#8217;un r\u00e9seau WiFi supercharg\u00e9 et boost\u00e9. Que vous utilisiez un Extendeur de Port\u00e9e Tenda A&#57;, A&#49;&#53;, A&#51;&#48;&#49;, A&#49;&#56;, A&#50;&#49;, A&#50;&#55;, ou A&#51;&#51;, ces \u00e9tapes porteront votre jeu WiFi au sommet du leaderboard. Les c\u00e2bles Ethernet, c&#8217;est pour les ringards. Il s&#8217;agit maintenant d&#8217;Extendeurs de Port\u00e9e WiFi ! Alors rendez-vous sur <a href='http:\/\/re.tenda.cn'>re.tenda.cn<\/a> ou <a href='http:\/\/&#49;&#57;&#50;.&#49;&#54;&#56;.&#48;.&#50;&#53;&#52;'>&#49;&#57;&#50;.&#49;&#54;&#56;.&#48;.&#50;&#53;&#52;<\/a> et boostez votre WiFi comme une v\u00e9ritable b\u00eate ! &#128170;&#128640;<\/p>\n<\/div>\n<\/section>\n<section itemscope=\"\" itemtype=\"https:\/\/schema.org\/FAQPage\">\n<div class=\"panel\" itemprop=\"mainEntity\" itemscope=\"\" itemtype=\"https:\/\/schema.org\/Question\">\n<div class=\"toggle-link\">\n<h3 class=\"panel-title\" itemprop=\"name\">\n            Qu&#8217;est-ce que re.tenda.cn ?<\/h3>\n<\/div>\n<div class=\"panel-collapse\">\n<div class=\"panel-body\" itemprop=\"acceptedAnswer\" itemscope=\"\" itemtype=\"https:\/\/schema.org\/Answer\">\n<div itemprop=\"text\">\n<p>Re.tenda.cn est l&#8217;interface web utilisateur qui peut \u00eatre utilis\u00e9e pour configurer et modifier les param\u00e8tres WiFi par d\u00e9faut d&#8217;un r\u00e9p\u00e9teur de port\u00e9e Tenda. Cette interface peut \u00eatre accessible via http:\/\/re.tenda.cn ou 192.168.0.254 sur votre navigateur.<\/p>\n<\/div>\n<\/div>\n<\/div>\n<\/div>\n<div class=\"panel\" itemprop=\"mainEntity\" itemscope=\"\" itemtype=\"https:\/\/schema.org\/Question\">\n<div class=\"toggle-link\">\n<h3 class=\"panel-title\" itemprop=\"name\">\n            Comment me connecter \u00e0 re.tenda.cn ?<\/h3>\n<\/div>\n<div class=\"panel-collapse\">\n<div class=\"panel-body\" itemprop=\"acceptedAnswer\" itemscope=\"\" itemtype=\"https:\/\/schema.org\/Answer\">\n<div itemprop=\"text\">\n<p>Pour acc\u00e9der \u00e0 l&#8217;interface web du r\u00e9p\u00e9teur de port\u00e9e Tenda, branchez le r\u00e9p\u00e9teur sur une prise de courant, connectez-vous \u00e0 son r\u00e9seau WiFi (SSID: Tenda_XXXXXX), et entrez re.tenda.cn or 192.168.0.254 dans la barre d&#8217;adresse d&#8217;un navigateur.<\/p>\n<\/div>\n<\/div>\n<\/div>\n<\/div>\n<div class=\"panel\" itemprop=\"mainEntity\" itemscope=\"\" itemtype=\"https:\/\/schema.org\/Question\">\n<div class=\"toggle-link\">\n<h3 class=\"panel-title\" itemprop=\"name\">\n            Puis-je acc\u00e9der \u00e0 re.tenda.cn avec n&#8217;importe quel navigateur ?<\/h3>\n<\/div>\n<div class=\"panel-collapse\">\n<div class=\"panel-body\" itemprop=\"acceptedAnswer\" itemscope=\"\" itemtype=\"https:\/\/schema.org\/Answer\">\n<div itemprop=\"text\">\n<p>Oui, vous pouvez acc\u00e9der \u00e0 l&#8217;interface re.tenda.cn en utilisant des navigateurs populaires tels que Chrome, Safari, Firefox ou Edge.<\/p>\n<\/div>\n<\/div>\n<\/div>\n<\/div>\n<div class=\"panel\" itemprop=\"mainEntity\" itemscope=\"\" itemtype=\"https:\/\/schema.org\/Question\">\n<div class=\"toggle-link\">\n<h3 class=\"panel-title\" itemprop=\"name\">\n            \u00c0 quoi sert re.tenda.cn ?<\/h3>\n<\/div>\n<div class=\"panel-collapse\">\n<div class=\"panel-body\" itemprop=\"acceptedAnswer\" itemscope=\"\" itemtype=\"https:\/\/schema.org\/Answer\">\n<div itemprop=\"text\">\n<p>Le principal objectif de re.tenda.cn est de permettre aux utilisateurs de configurer et de modifier les param\u00e8tres WiFi par d\u00e9faut de leur r\u00e9p\u00e9teur de port\u00e9e Tenda. Cela inclut la s\u00e9lection d&#8217;un nom de WiFi \u00e0 \u00e9tendre, la saisie du mot de passe WiFi, et plus encore.<\/p>\n<\/div>\n<\/div>\n<\/div>\n<\/div>\n<div class=\"panel\" itemprop=\"mainEntity\" itemscope=\"\" itemtype=\"https:\/\/schema.org\/Question\">\n<div class=\"toggle-link\">\n<h3 class=\"panel-title\" itemprop=\"name\">\n            Existe-t-il une autre fa\u00e7on d&#8217;acc\u00e9der \u00e0 re.tenda.cn ?<\/h3>\n<\/div>\n<div class=\"panel-collapse\">\n<div class=\"panel-body\" itemprop=\"acceptedAnswer\" itemscope=\"\" itemtype=\"https:\/\/schema.org\/Answer\">\n<div itemprop=\"text\">\n<p>Oui, en plus de re.tenda.cn, l&#8217;interface du r\u00e9p\u00e9teur de port\u00e9e Tenda peut \u00e9galement \u00eatre accessible en saisissant 192.168.0.254 dans la barre d&#8217;adresse de votre navigateur.<\/p>\n<\/div>\n<\/div>\n<\/div>\n<\/div>\n<div class=\"panel\" itemprop=\"mainEntity\" itemscope=\"\" itemtype=\"https:\/\/schema.org\/Question\">\n<div class=\"toggle-link\">\n<h3 class=\"panel-title\" itemprop=\"name\">\n            Est-ce que re.tenda.cn supporte toute la gamme de r\u00e9p\u00e9teurs de Tenda ?<\/h3>\n<\/div>\n<div class=\"panel-collapse\">\n<div class=\"panel-body\" itemprop=\"acceptedAnswer\" itemscope=\"\" itemtype=\"https:\/\/schema.org\/Answer\">\n<div itemprop=\"text\">\n<p>Oui, les \u00e9tapes pour la configuration sur re.tenda.cn sont compatibles avec les r\u00e9p\u00e9teurs de port\u00e9e Wi-Fi Tenda A9, A15, A301, A18, A21, A27, et A33.<\/p>\n<\/div>\n<\/div>\n<\/div>\n<\/div>\n<div class=\"panel\" itemprop=\"mainEntity\" itemscope=\"\" itemtype=\"https:\/\/schema.org\/Question\">\n<div class=\"toggle-link\">\n<h3 class=\"panel-title\" itemprop=\"name\">\n            Quelles informations sont n\u00e9cessaires pour configurer le r\u00e9p\u00e9teur de port\u00e9e Tenda via re.tenda.cn ?<\/h3>\n<\/div>\n<div class=\"panel-collapse\">\n<div class=\"panel-body\" itemprop=\"acceptedAnswer\" itemscope=\"\" itemtype=\"https:\/\/schema.org\/Answer\">\n<div itemprop=\"text\">\n<p>Lors de la configuration du r\u00e9p\u00e9teur, vous devez s\u00e9lectionner un nom de WiFi que vous souhaitez \u00e9tendre, entrer le mot de passe correspondant et \u00e9ventuellement sp\u00e9cifier le nom et le mot de passe du WiFi pour le r\u00e9p\u00e9teur.<\/p>\n<\/div>\n<\/div>\n<\/div>\n<\/div>\n<div class=\"panel\" itemprop=\"mainEntity\" itemscope=\"\" itemtype=\"https:\/\/schema.org\/Question\">\n<div class=\"toggle-link\">\n<h3 class=\"panel-title\" itemprop=\"name\">\n            Que se passe-t-il apr\u00e8s avoir r\u00e9ussi \u00e0 se connecter \u00e0 re.tenda.cn ?<\/h3>\n<\/div>\n<div class=\"panel-collapse\">\n<div class=\"panel-body\" itemprop=\"acceptedAnswer\" itemscope=\"\" itemtype=\"https:\/\/schema.org\/Answer\">\n<div itemprop=\"text\">\n<p>Apr\u00e8s la connexion, vous serez guid\u00e9 \u00e0 travers le processus de configuration de votre r\u00e9p\u00e9teur de port\u00e9e Tenda, y compris la s\u00e9lection d&#8217;un r\u00e9seau WiFi \u00e0 \u00e9tendre, la configuration des d\u00e9tails du r\u00e9seau \u00e9tendu, et plus encore.<\/p>\n<\/div>\n<\/div>\n<\/div>\n<\/div>\n<div class=\"panel\" itemprop=\"mainEntity\" itemscope=\"\" itemtype=\"https:\/\/schema.org\/Question\">\n<div class=\"toggle-link\">\n<h3 class=\"panel-title\" itemprop=\"name\">\n            Puis-je \u00e9tendre plusieurs r\u00e9seaux WiFi en utilisant re.tenda.cn ?<\/h3>\n<\/div>\n<div class=\"panel-collapse\">\n<div class=\"panel-body\" itemprop=\"acceptedAnswer\" itemscope=\"\" itemtype=\"https:\/\/schema.org\/Answer\">\n<div itemprop=\"text\">\n<p>Non, lors de la configuration du r\u00e9p\u00e9teur de port\u00e9e Tenda via re.tenda.cn, vous ne pouvez s\u00e9lectionner qu&#8217;un seul r\u00e9seau WiFi \u00e0 \u00e9tendre.<\/p>\n<\/div>\n<\/div>\n<\/div>\n<\/div>\n<div class=\"panel\" itemprop=\"mainEntity\" itemscope=\"\" itemtype=\"https:\/\/schema.org\/Question\">\n<div class=\"toggle-link\">\n<h3 class=\"panel-title\" itemprop=\"name\">\n            Que signifie SSID: Tenda_XXXXXX ?<\/h3>\n<\/div>\n<div class=\"panel-collapse\">\n<div class=\"panel-body\" itemprop=\"acceptedAnswer\" itemscope=\"\" itemtype=\"https:\/\/schema.org\/Answer\">\n<div itemprop=\"text\">\n<p>SSID: Tenda_XXXXXX fait r\u00e9f\u00e9rence au nom par d\u00e9faut du r\u00e9seau WiFi du r\u00e9p\u00e9teur de port\u00e9e Tenda auquel vous devez vous connecter lors de la configuration. La partie XXXXXX est unique pour chaque r\u00e9p\u00e9teur.<\/p>\n<\/div>\n<\/div>\n<\/div>\n<\/div>\n<div class=\"panel\" itemprop=\"mainEntity\" itemscope=\"\" itemtype=\"https:\/\/schema.org\/Question\">\n<div class=\"toggle-link\">\n<h3 class=\"panel-title\" itemprop=\"name\">\n            Comment utiliser l&#8217;option Configurer le nom et le mot de passe du WiFi du r\u00e9p\u00e9teur de la m\u00eame mani\u00e8re que ceux de la station de base ?<\/h3>\n<\/div>\n<div class=\"panel-collapse\">\n<div class=\"panel-body\" itemprop=\"acceptedAnswer\" itemscope=\"\" itemtype=\"https:\/\/schema.org\/Answer\">\n<div itemprop=\"text\">\n<p>Pendant la configuration sur re.tenda.cn, vous pouvez d\u00e9cocher cette option si vous souhaitez cr\u00e9er un r\u00e9seau WiFi \u00e9tendu s\u00e9par\u00e9 avec un nom et un mot de passe diff\u00e9rent de votre r\u00e9seau WiFi existant.<\/p>\n<\/div>\n<\/div>\n<\/div>\n<\/div>\n<div class=\"panel\" itemprop=\"mainEntity\" itemscope=\"\" itemtype=\"https:\/\/schema.org\/Question\">\n<div class=\"toggle-link\">\n<h3 class=\"panel-title\" itemprop=\"name\">\n            Y a-t-il un endroit sp\u00e9cifique o\u00f9 je devrais installer mon r\u00e9p\u00e9teur de port\u00e9e Tenda ?<\/h3>\n<\/div>\n<div class=\"panel-collapse\">\n<div class=\"panel-body\" itemprop=\"acceptedAnswer\" itemscope=\"\" itemtype=\"https:\/\/schema.org\/Answer\">\n<div itemprop=\"text\">\n<p>Pour de meilleurs r\u00e9sultats, il est recommand\u00e9 de brancher le r\u00e9p\u00e9teur Tenda dans une prise de courant pr\u00e8s de votre routeur ou modem WiFi pendant la configuration.<\/p>\n<\/div>\n<\/div>\n<\/div>\n<\/div>\n<div class=\"panel\" itemprop=\"mainEntity\" itemscope=\"\" itemtype=\"https:\/\/schema.org\/Question\">\n<div class=\"toggle-link\">\n<h3 class=\"panel-title\" itemprop=\"name\">\n            Que faire si j&#8217;oublie mon mot de passe WiFi lors de la configuration sur re.tenda.cn ?<\/h3>\n<\/div>\n<div class=\"panel-collapse\">\n<div class=\"panel-body\" itemprop=\"acceptedAnswer\" itemscope=\"\" itemtype=\"https:\/\/schema.org\/Answer\">\n<div itemprop=\"text\">\n<p>Si vous oubliez votre mot de passe WiFi lors de la configuration, vous pouvez r\u00e9initialiser votre routeur ou modem et cr\u00e9er un nouveau mot de passe. Alternativement, vous pouvez contacter directement le service client\u00e8le correspondant pour obtenir de l&#8217;aide.<\/p>\n<\/div>\n<\/div>\n<\/div>\n<\/div>\n<div class=\"panel\" itemprop=\"mainEntity\" itemscope=\"\" itemtype=\"https:\/\/schema.org\/Question\">\n<div class=\"toggle-link\">\n<h3 class=\"panel-title\" itemprop=\"name\">\n            Puis-je changer mon nom et mon mot de passe WiFi \u00e9tendu apr\u00e8s la configuration sur re.tenda.cn ?<\/h3>\n<\/div>\n<div class=\"panel-collapse\">\n<div class=\"panel-body\" itemprop=\"acceptedAnswer\" itemscope=\"\" itemtype=\"https:\/\/schema.org\/Answer\">\n<div itemprop=\"text\">\n<p>Oui, le nom et le mot de passe du r\u00e9seau WiFi \u00e9tendu peuvent \u00eatre modifi\u00e9s m\u00eame apr\u00e8s la configuration initiale. Connectez-vous simplement \u00e0 re.tenda.cn ou 192.168.0.254 et allez aux param\u00e8tres correspondants.<\/p>\n<\/div>\n<\/div>\n<\/div>\n<\/div>\n<div class=\"panel\" itemprop=\"mainEntity\" itemscope=\"\" itemtype=\"https:\/\/schema.org\/Question\">\n<div class=\"toggle-link\">\n<h3 class=\"panel-title\" itemprop=\"name\">\n            La configuration du r\u00e9p\u00e9teur sur re.tenda.cn n\u00e9cessite-t-elle une connaissance technique sp\u00e9cifique ?<\/h3>\n<\/div>\n<div class=\"panel-collapse\">\n<div class=\"panel-body\" itemprop=\"acceptedAnswer\" itemscope=\"\" itemtype=\"https:\/\/schema.org\/Answer\">\n<div itemprop=\"text\">\n<p>Non, le processus de configuration d&#8217;un r\u00e9p\u00e9teur de port\u00e9e Tenda sur re.tenda.cn est con\u00e7u pour \u00eatre convivial, et des instructions d\u00e9taill\u00e9es sont fournies \u00e0 chaque \u00e9tape.<\/p>\n<\/div>\n<\/div>\n<\/div>\n<\/div>\n<div class=\"panel\" itemprop=\"mainEntity\" itemscope=\"\" itemtype=\"https:\/\/schema.org\/Question\">\n<div class=\"toggle-link\">\n<h3 class=\"panel-title\" itemprop=\"name\">\n            Que faire si je ne peux pas acc\u00e9der \u00e0 re.tenda.cn ?<\/h3>\n<\/div>\n<div class=\"panel-collapse\">\n<div class=\"panel-body\" itemprop=\"acceptedAnswer\" itemscope=\"\" itemtype=\"https:\/\/schema.org\/Answer\">\n<div itemprop=\"text\">\n<p>Si vous avez des probl\u00e8mes pour acc\u00e9der \u00e0 re.tenda.cn, assurez-vous que vous \u00eates connect\u00e9 au r\u00e9seau WiFi du r\u00e9p\u00e9teur et que vous avez correctement saisi le lien dans votre navigateur. Si le probl\u00e8me persiste, essayez de r\u00e9initialiser le r\u00e9p\u00e9teur ou contactez le support de Tenda.<\/p>\n<\/div>\n<\/div>\n<\/div>\n<\/div>\n<div class=\"panel\" itemprop=\"mainEntity\" itemscope=\"\" itemtype=\"https:\/\/schema.org\/Question\">\n<div class=\"toggle-link\">\n<h3 class=\"panel-title\" itemprop=\"name\">\n            Mes param\u00e8tres sont-ils sauvegard\u00e9s sur re.tenda.cn apr\u00e8s la configuration du r\u00e9p\u00e9teur de port\u00e9e Tenda?<\/h3>\n<\/div>\n<div class=\"panel-collapse\">\n<div class=\"panel-body\" itemprop=\"acceptedAnswer\" itemscope=\"\" itemtype=\"https:\/\/schema.org\/Answer\">\n<div itemprop=\"text\">\n<p>Oui, tous les param\u00e8tres configur\u00e9s sur re.tenda.cn pendant la configuration sont sauvegard\u00e9s. Vous pouvez les revoir et les modifier \u00e0 tout moment en vous connectant \u00e0 nouveau \u00e0 l&#8217;interface.<\/p>\n<\/div>\n<\/div>\n<\/div>\n<\/div>\n<div class=\"panel\" itemprop=\"mainEntity\" itemscope=\"\" itemtype=\"https:\/\/schema.org\/Question\">\n<div class=\"toggle-link\">\n<h3 class=\"panel-title\" itemprop=\"name\">\n            Ai-je besoin d&#8217;un compte Tenda pour utiliser re.tenda.cn ?<\/h3>\n<\/div>\n<div class=\"panel-collapse\">\n<div class=\"panel-body\" itemprop=\"acceptedAnswer\" itemscope=\"\" itemtype=\"https:\/\/schema.org\/Answer\">\n<div itemprop=\"text\">\n<p>Non, un compte Tenda n&#8217;est pas n\u00e9cessaire pour acc\u00e9der \u00e0 l&#8217;interface web re.tenda.cn et configurer votre r\u00e9p\u00e9teur de port\u00e9e Tenda.<\/p>\n<\/div>\n<\/div>\n<\/div>\n<\/div>\n<div class=\"panel\" itemprop=\"mainEntity\" itemscope=\"\" itemtype=\"https:\/\/schema.org\/Question\">\n<div class=\"toggle-link\">\n<h3 class=\"panel-title\" itemprop=\"name\">\n            La configuration du r\u00e9p\u00e9teur de port\u00e9e Tenda sur re.tenda.cn peut-elle \u00eatre effectu\u00e9e \u00e0 l&#8217;aide d&#8217;un smartphone ?<\/h3>\n<\/div>\n<div class=\"panel-collapse\">\n<div class=\"panel-body\" itemprop=\"acceptedAnswer\" itemscope=\"\" itemtype=\"https:\/\/schema.org\/Answer\">\n<div itemprop=\"text\">\n<p>Oui, le processus de configuration du r\u00e9p\u00e9teur Tenda sur re.tenda.cn peut \u00eatre effectu\u00e9 via le navigateur d&#8217;un smartphone, tant que celui-ci est connect\u00e9 au r\u00e9seau WiFi du r\u00e9p\u00e9teur.<\/p>\n<\/div>\n<\/div>\n<\/div>\n<\/div>\n<\/section>\n<\/article>\n","protected":false},"excerpt":{"rendered":"<p>Boostez Votre WiFi Comme une B\u00eate \u2013 Lib\u00e9rez la Puissance de l&#8217;Extendeur de Port\u00e9e Tenda &#128170;&#128640; Yo, quoi de neuf, Gang de B\u00eates ! &#128047; Vous rencontrez des probl\u00e8mes avec des vitesses WiFi lentes ou des zones mortes dans votre crib ? Fini les soucis ! Conqu\u00e9rons ensemble ces probl\u00e8mes de WiFi gr\u00e2ce \u00e0 la [&hellip;]<\/p>\n","protected":false},"author":2,"featured_media":15,"parent":0,"menu_order":0,"comment_status":"closed","ping_status":"closed","template":"chromecast.php","meta":{"_stopmodifiedupdate":false,"_modified_date":"","_lmt_disableupdate":"yes","_lmt_disable":""},"yoast_head":"<!-- This site is optimized with the Yoast SEO plugin v20.9 - https:\/\/yoast.com\/wordpress\/plugins\/seo\/ -->\n<title>Re.tenda.cn. Mis \u00e0 jour en 2026<\/title>\n<meta name=\"robots\" content=\"index, follow, max-snippet:-1, max-image-preview:large, max-video-preview:-1\" \/>\n<link rel=\"canonical\" href=\"https:\/\/www.ping.fm\/ip\/fr\/retenda-cn\/\" \/>\n<meta property=\"og:locale\" content=\"en_US\" \/>\n<meta property=\"og:type\" content=\"article\" \/>\n<meta property=\"og:title\" content=\"Re.tenda.cn. Mis \u00e0 jour en 2026\" \/>\n<meta property=\"og:description\" content=\"Boostez Votre WiFi Comme une B\u00eate \u2013 Lib\u00e9rez la Puissance de l&#8217;Extendeur de Port\u00e9e Tenda &#128170;&#128640; Yo, quoi de neuf, Gang de B\u00eates ! &#128047; Vous rencontrez des probl\u00e8mes avec des vitesses WiFi lentes ou des zones mortes dans votre crib ? Fini les soucis ! Conqu\u00e9rons ensemble ces probl\u00e8mes de WiFi gr\u00e2ce \u00e0 la [&hellip;]\" \/>\n<meta property=\"og:url\" content=\"https:\/\/www.ping.fm\/ip\/fr\/retenda-cn\/\" \/>\n<meta property=\"og:site_name\" content=\"IP\" \/>\n<meta property=\"og:image\" content=\"https:\/\/www.ping.fm\/ip\/wp-content\/uploads\/2023\/07\/wifi.jpg\" \/>\n\t<meta property=\"og:image:width\" content=\"1992\" \/>\n\t<meta property=\"og:image:height\" content=\"1852\" \/>\n\t<meta property=\"og:image:type\" content=\"image\/jpeg\" \/>\n<meta name=\"twitter:card\" content=\"summary_large_image\" \/>\n<script type=\"application\/ld+json\" class=\"yoast-schema-graph\">{\"@context\":\"https:\/\/schema.org\",\"@graph\":[{\"@type\":\"WebPage\",\"@id\":\"https:\/\/www.ping.fm\/ip\/fr\/retenda-cn\/\",\"url\":\"https:\/\/www.ping.fm\/ip\/fr\/retenda-cn\/\",\"name\":\"Re.tenda.cn. Mis \u00e0 jour en 2026\",\"isPartOf\":{\"@id\":\"https:\/\/www.ping.fm\/ip\/#website\"},\"datePublished\":\"2023-10-20T15:28:40+00:00\",\"dateModified\":\"2023-10-20T15:28:40+00:00\",\"breadcrumb\":{\"@id\":\"https:\/\/www.ping.fm\/ip\/fr\/retenda-cn\/#breadcrumb\"},\"inLanguage\":\"en-US\",\"potentialAction\":[{\"@type\":\"ReadAction\",\"target\":[\"https:\/\/www.ping.fm\/ip\/fr\/retenda-cn\/\"]}]},{\"@type\":\"BreadcrumbList\",\"@id\":\"https:\/\/www.ping.fm\/ip\/fr\/retenda-cn\/#breadcrumb\",\"itemListElement\":[{\"@type\":\"ListItem\",\"position\":1,\"name\":\"Home\",\"item\":\"https:\/\/www.ping.fm\/ip\/\"},{\"@type\":\"ListItem\",\"position\":2,\"name\":\"Re.tenda.cn\"}]},{\"@type\":\"WebSite\",\"@id\":\"https:\/\/www.ping.fm\/ip\/#website\",\"url\":\"https:\/\/www.ping.fm\/ip\/\",\"name\":\"IP\",\"description\":\"\",\"potentialAction\":[{\"@type\":\"SearchAction\",\"target\":{\"@type\":\"EntryPoint\",\"urlTemplate\":\"https:\/\/www.ping.fm\/ip\/?s={search_term_string}\"},\"query-input\":\"required name=search_term_string\"}],\"inLanguage\":\"en-US\"}]}<\/script>\n<!-- \/ Yoast SEO plugin. -->","yoast_head_json":{"title":"Re.tenda.cn. Mis \u00e0 jour en 2026","robots":{"index":"index","follow":"follow","max-snippet":"max-snippet:-1","max-image-preview":"max-image-preview:large","max-video-preview":"max-video-preview:-1"},"canonical":"https:\/\/www.ping.fm\/ip\/fr\/retenda-cn\/","og_locale":"en_US","og_type":"article","og_title":"Re.tenda.cn. Mis \u00e0 jour en 2026","og_description":"Boostez Votre WiFi Comme une B\u00eate \u2013 Lib\u00e9rez la Puissance de l&#8217;Extendeur de Port\u00e9e Tenda &#128170;&#128640; Yo, quoi de neuf, Gang de B\u00eates ! &#128047; Vous rencontrez des probl\u00e8mes avec des vitesses WiFi lentes ou des zones mortes dans votre crib ? Fini les soucis ! Conqu\u00e9rons ensemble ces probl\u00e8mes de WiFi gr\u00e2ce \u00e0 la [&hellip;]","og_url":"https:\/\/www.ping.fm\/ip\/fr\/retenda-cn\/","og_site_name":"IP","og_image":[{"width":1992,"height":1852,"url":"https:\/\/www.ping.fm\/ip\/wp-content\/uploads\/2023\/07\/wifi.jpg","type":"image\/jpeg"}],"twitter_card":"summary_large_image","schema":{"@context":"https:\/\/schema.org","@graph":[{"@type":"WebPage","@id":"https:\/\/www.ping.fm\/ip\/fr\/retenda-cn\/","url":"https:\/\/www.ping.fm\/ip\/fr\/retenda-cn\/","name":"Re.tenda.cn. Mis \u00e0 jour en 2026","isPartOf":{"@id":"https:\/\/www.ping.fm\/ip\/#website"},"datePublished":"2023-10-20T15:28:40+00:00","dateModified":"2023-10-20T15:28:40+00:00","breadcrumb":{"@id":"https:\/\/www.ping.fm\/ip\/fr\/retenda-cn\/#breadcrumb"},"inLanguage":"en-US","potentialAction":[{"@type":"ReadAction","target":["https:\/\/www.ping.fm\/ip\/fr\/retenda-cn\/"]}]},{"@type":"BreadcrumbList","@id":"https:\/\/www.ping.fm\/ip\/fr\/retenda-cn\/#breadcrumb","itemListElement":[{"@type":"ListItem","position":1,"name":"Home","item":"https:\/\/www.ping.fm\/ip\/"},{"@type":"ListItem","position":2,"name":"Re.tenda.cn"}]},{"@type":"WebSite","@id":"https:\/\/www.ping.fm\/ip\/#website","url":"https:\/\/www.ping.fm\/ip\/","name":"IP","description":"","potentialAction":[{"@type":"SearchAction","target":{"@type":"EntryPoint","urlTemplate":"https:\/\/www.ping.fm\/ip\/?s={search_term_string}"},"query-input":"required name=search_term_string"}],"inLanguage":"en-US"}]}},"_links":{"self":[{"href":"https:\/\/www.ping.fm\/ip\/wp-json\/wp\/v2\/pages\/583"}],"collection":[{"href":"https:\/\/www.ping.fm\/ip\/wp-json\/wp\/v2\/pages"}],"about":[{"href":"https:\/\/www.ping.fm\/ip\/wp-json\/wp\/v2\/types\/page"}],"author":[{"embeddable":true,"href":"https:\/\/www.ping.fm\/ip\/wp-json\/wp\/v2\/users\/2"}],"replies":[{"embeddable":true,"href":"https:\/\/www.ping.fm\/ip\/wp-json\/wp\/v2\/comments?post=583"}],"version-history":[{"count":1,"href":"https:\/\/www.ping.fm\/ip\/wp-json\/wp\/v2\/pages\/583\/revisions"}],"predecessor-version":[{"id":584,"href":"https:\/\/www.ping.fm\/ip\/wp-json\/wp\/v2\/pages\/583\/revisions\/584"}],"wp:featuredmedia":[{"embeddable":true,"href":"https:\/\/www.ping.fm\/ip\/wp-json\/wp\/v2\/media\/15"}],"wp:attachment":[{"href":"https:\/\/www.ping.fm\/ip\/wp-json\/wp\/v2\/media?parent=583"}],"curies":[{"name":"wp","href":"https:\/\/api.w.org\/{rel}","templated":true}]}}