{"id":579,"date":"2023-10-20T15:26:01","date_gmt":"2023-10-20T15:26:01","guid":{"rendered":"https:\/\/www.ping.fm\/ip\/?page_id=579"},"modified":"2023-10-20T15:26:01","modified_gmt":"2023-10-20T15:26:01","slug":"o2","status":"publish","type":"page","link":"https:\/\/www.ping.fm\/ip\/fr\/o2\/","title":{"rendered":"o2.spot"},"content":{"rendered":"<article>\n<section>\n<h1>D\u00e9bloquer le pouvoir du WiFi avec o&#50;.spot : Un guide \u00e0 la mani\u00e8re de MrBeast pour le r\u00e9seau domestique &#127760;<\/h1>\n<div class=\"inbrief\">\n<div>\n                                <img src=\"\/ip\/wp-content\/uploads\/generated\/o2.spot.jpg\" alt=\"o2.spot\" title=\"o2.spot\" width=\"1280\" height=\"720\"><\/p>\n<p><b>Hey, Famille Beast ! &#128227;<\/b> Vous \u00eates-vous d\u00e9j\u00e0 demand\u00e9 comment naviguer dans les param\u00e8tres de votre WiFi ou changer votre mot de passe sur <a href=\"http:\/\/o&#50;.spot\">o&#50;.spot<\/a> ? Tout comme la recherche de ce ch\u00e8que de $&#49;&#48;,&#48;&#48;&#48; dans nos vid\u00e9os pleines d&#8217;action, cela peut ressembler \u00e0 une chasse au tr\u00e9sor. Mais ne vous inqui\u00e9tez pas ! Nous avons relev\u00e9 ce d\u00e9fi, tout comme le fait de d\u00e9molir une maison de &#54; \u00e9tages avec des mains de Hulk &#128170;. Dans ce guide, nous allons vous montrer comment passer en mode beast et faire de ces param\u00e8tres votre terrain de jeu ! &#128074;&#128165;<\/p>\n<\/div>\n<\/div>\n<\/section>\n<section>\n<div>\n<div>1<\/div>\n<h2>Se connecter \u00e0 o2.spot comme une B\u00eate \ud83e\udd8d<\/h2>\n<\/div>\n<p>La premi\u00e8re \u00e9tape de notre voyage \u00e9pique ? Rendez-vous sur <a href=\"http:\/\/o2.spot\">o2.spot<\/a> ou tapez 192.168.1.1 dans la barre d&#8217;adresse de votre navigateur. Vous n&#8217;avez plus qu&#8217;\u00e0 entrer votre mot de passe et \u00e0 cliquer sur Connexion. Boom ! \ud83d\udca3Vous y \u00eates ! Vous pouvez trouver ce mot de passe au dos de votre appareil o2 HomeSpot, \u00e9crit sur une \u00e9tiquette &#8211; pas besoin de chercher le tr\u00e9sor ici ! \ud83c\udff4\u200d\u2620\ufe0f<\/p>\n<p>Et n&#8217;oubliez pas, les novices ! Votre appareil adore jouer \u00e0 ce jeu avec vous ! Il vous demandera d&#8217;entrer le code PIN de la carte SIM pour le d\u00e9verrouiller. Le code PIN de la carte SIM est comme votre cl\u00e9 magique &#8211; vous pouvez le trouver sur le plateau de la carte SIM. \ud83d\udddd\ufe0f\ud83d\udc96<\/p>\n<\/section>\n<section>\n<div>\n<div>2<\/div>\n<h2>Changer votre mot de passe WiFi et le nom du r\u00e9seau de votre o2 HomeSpot \ud83c\udccf\ud83d\udd11<\/h2>\n<\/div>\n<p>Une fois connect\u00e9, vous \u00eates essentiellement le seigneur du ch\u00e2teau WiFi ! \ud83c\udff0 Vous voulez un nouveau Nom de R\u00e9seau ou un mot de passe WiFi ? Facile ! Allez \u00e0 Netzwerk &gt; WLAN dans l&#8217;Interface Utilisateur. Tapez votre nouveau Nom de R\u00e9seau Wi-Fi dans le champ WLAN Name (SSID). Vous voulez aussi changer votre mot de passe Wi-Fi ? Inscrivez-le dans le champ WLAN Passwort. Ensuite, cliquez sur Speichern &#8211; emballez-le comme un cadeau de No\u00ebl ! \ud83c\udf81<\/p>\n<p>Et vous les b\u00eates qui voulez la manoeuvre de pouvoir ultime ? \ud83c\udf1fVous pouvez utiliser un SSID unifi\u00e9 pour les bandes 2.4 et 5 GHz ! Il suffit d&#8217;activer l&#8217;option Band Steering ! \ud83d\ude80\u2728<\/p>\n<\/section>\n<section>\n<h2>Conclusion : \ud83c\udfc1<\/h2>\n<div class=\"nonp\">\n<p>Bravo, vous avez r\u00e9ussi ! &#128170;&#128165; Tout comme briser un mur de glace avec des lance-flammes, vous avez franchi ces param\u00e8tres WiFi ! Que vous changiez votre mot de passe WiFi, le Nom de votre R\u00e9seau, ou que vous jouiez avec les param\u00e8tres de votre HomeSpot sur <a href=\"http:\/\/o&#50;.spot\">o&#50;.spot<\/a>, vous avez maintenant tout en main ! &#127760;&#128296; Et rappelez-vous, faites compter chaque changement de param\u00e8tres ! Faire des modifications peut sembler un d\u00e9fi, mais \u00e0 chaque clic, vous rendez votre exp\u00e9rience internet plus beast ! &#129470;&#128293; Tout ce que vous avez \u00e0 faire maintenant est de vous asseoir, de vous d\u00e9tendre, et de laisser votre WiFi maintenant boost\u00e9 faire son travail ! &#128715;&#65039;&#127752;<\/p>\n<\/div>\n<\/section>\n<section itemscope=\"\" itemtype=\"https:\/\/schema.org\/FAQPage\">\n<div class=\"panel\" itemprop=\"mainEntity\" itemscope=\"\" itemtype=\"https:\/\/schema.org\/Question\">\n<div class=\"toggle-link\">\n<h3 class=\"panel-title\" itemprop=\"name\">\n            Qu&#8217;est-ce que o2.spot?<\/h3>\n<\/div>\n<div class=\"panel-collapse\">\n<div class=\"panel-body\" itemprop=\"acceptedAnswer\" itemscope=\"\" itemtype=\"https:\/\/schema.org\/Answer\">\n<div itemprop=\"text\">\n<p>o2.spot est l&#8217;interface utilisateur qui vous permet de modifier le mot de passe WiFi, le nom du r\u00e9seau (SSID) et les param\u00e8tres par d\u00e9faut de o2 HomeSpot \u00e0 <a href=http:\/\/o2.spot>http:\/\/o2.spot<\/a> ou 192.168.1.1.<\/p>\n<\/div>\n<\/div>\n<\/div>\n<\/div>\n<div class=\"panel\" itemprop=\"mainEntity\" itemscope=\"\" itemtype=\"https:\/\/schema.org\/Question\">\n<div class=\"toggle-link\">\n<h3 class=\"panel-title\" itemprop=\"name\">\n            Comment puis-je me connecter \u00e0 o2 HomeSpot?<\/h3>\n<\/div>\n<div class=\"panel-collapse\">\n<div class=\"panel-body\" itemprop=\"acceptedAnswer\" itemscope=\"\" itemtype=\"https:\/\/schema.org\/Answer\">\n<div itemprop=\"text\">\n<p>Vous pouvez vous connecter \u00e0 o2 HomeSpot en ouvrant un navigateur et en tapant <a href=http:\/\/o2.spot>http:\/\/o2.spot<\/a> ou 192.168.1.1 dans la barre d&#8217;adresse. Saisissez le mot de passe et cliquez sur &#8216;Se connecter&#8217;. Le mot de passe est imprim\u00e9 sur une \u00e9tiquette au dos de votre appareil o2 HomeSpot.<\/p>\n<\/div>\n<\/div>\n<\/div>\n<\/div>\n<div class=\"panel\" itemprop=\"mainEntity\" itemscope=\"\" itemtype=\"https:\/\/schema.org\/Question\">\n<div class=\"toggle-link\">\n<h3 class=\"panel-title\" itemprop=\"name\">\n            Que se passera-t-il lorsque je me connecterai \u00e0 o2 HomeSpot pour la premi\u00e8re fois?<\/h3>\n<\/div>\n<div class=\"panel-collapse\">\n<div class=\"panel-body\" itemprop=\"acceptedAnswer\" itemscope=\"\" itemtype=\"https:\/\/schema.org\/Answer\">\n<div itemprop=\"text\">\n<p>Si vous vous connectez pour la premi\u00e8re fois, votre appareil vous demandera de saisir le code PIN de la carte SIM pour le d\u00e9verrouiller. Le code PIN de la carte SIM se trouve sur le plateau de la carte SIM.<\/p>\n<\/div>\n<\/div>\n<\/div>\n<\/div>\n<div class=\"panel\" itemprop=\"mainEntity\" itemscope=\"\" itemtype=\"https:\/\/schema.org\/Question\">\n<div class=\"toggle-link\">\n<h3 class=\"panel-title\" itemprop=\"name\">\n            Comment puis-je changer mon mot de passe Wi-Fi o2 HomeSpot et le nom du r\u00e9seau?<\/h3>\n<\/div>\n<div class=\"panel-collapse\">\n<div class=\"panel-body\" itemprop=\"acceptedAnswer\" itemscope=\"\" itemtype=\"https:\/\/schema.org\/Answer\">\n<div itemprop=\"text\">\n<p>Apr\u00e8s vous \u00eatre connect\u00e9 \u00e0 l&#8217;interface utilisateur, s\u00e9lectionnez &#8216;Netzwerk&#8217; &gt; &#8216;WLAN&#8217;. Entrez le nom du r\u00e9seau Wi-Fi dans le champ Nom WLAN (SSID). Saisissez le mot de passe Wi-Fi dans le champ Passwort WLAN. Enfin, cliquez sur &#8216;Speichern&#8217;.<\/p>\n<\/div>\n<\/div>\n<\/div>\n<\/div>\n<div class=\"panel\" itemprop=\"mainEntity\" itemscope=\"\" itemtype=\"https:\/\/schema.org\/Question\">\n<div class=\"toggle-link\">\n<h3 class=\"panel-title\" itemprop=\"name\">\n            Qu&#8217;est-ce que l&#8217;option &#8216;Band Steering&#8217; sur mon o2.spot?<\/h3>\n<\/div>\n<div class=\"panel-collapse\">\n<div class=\"panel-body\" itemprop=\"acceptedAnswer\" itemscope=\"\" itemtype=\"https:\/\/schema.org\/Answer\">\n<div itemprop=\"text\">\n<p>L&#8217;option &#8216;Band Steering&#8217; vous permet d&#8217;utiliser un SSID unifi\u00e9 pour 2,4 et 5 GHz lorsqu&#8217;elle est activ\u00e9e.<\/p>\n<\/div>\n<\/div>\n<\/div>\n<\/div>\n<div class=\"panel\" itemprop=\"mainEntity\" itemscope=\"\" itemtype=\"https:\/\/schema.org\/Question\">\n<div class=\"toggle-link\">\n<h3 class=\"panel-title\" itemprop=\"name\">\n            Puis-je changer mes param\u00e8tres o2.spot depuis n&#8217;importe quel ordinateur?<\/h3>\n<\/div>\n<div class=\"panel-collapse\">\n<div class=\"panel-body\" itemprop=\"acceptedAnswer\" itemscope=\"\" itemtype=\"https:\/\/schema.org\/Answer\">\n<div itemprop=\"text\">\n<p>Vous pouvez changer vos param\u00e8tres o2.spot depuis n&#8217;importe quel ordinateur qui dispose d&#8217;un navigateur web et qui est connect\u00e9 \u00e0 votre r\u00e9seau o2 HomeSpot.<\/p>\n<\/div>\n<\/div>\n<\/div>\n<\/div>\n<div class=\"panel\" itemprop=\"mainEntity\" itemscope=\"\" itemtype=\"https:\/\/schema.org\/Question\">\n<div class=\"toggle-link\">\n<h3 class=\"panel-title\" itemprop=\"name\">\n            Quel est le mot de passe par d\u00e9faut pour se connecter \u00e0 o2.spot?<\/h3>\n<\/div>\n<div class=\"panel-collapse\">\n<div class=\"panel-body\" itemprop=\"acceptedAnswer\" itemscope=\"\" itemtype=\"https:\/\/schema.org\/Answer\">\n<div itemprop=\"text\">\n<p>Le mot de passe par d\u00e9faut pour se connecter \u00e0 o2.spot est imprim\u00e9 sur une \u00e9tiquette \u00e0 l&#8217;arri\u00e8re de votre appareil o2 HomeSpot.<\/p>\n<\/div>\n<\/div>\n<\/div>\n<\/div>\n<div class=\"panel\" itemprop=\"mainEntity\" itemscope=\"\" itemtype=\"https:\/\/schema.org\/Question\">\n<div class=\"toggle-link\">\n<h3 class=\"panel-title\" itemprop=\"name\">\n            Que se passe-t-il si j&#8217;oublie le code PIN de la carte SIM lors de ma premi\u00e8re connexion?<\/h3>\n<\/div>\n<div class=\"panel-collapse\">\n<div class=\"panel-body\" itemprop=\"acceptedAnswer\" itemscope=\"\" itemtype=\"https:\/\/schema.org\/Answer\">\n<div itemprop=\"text\">\n<p>Si vous oubliez le code PIN de la carte SIM, vous devez consulter le plateau de la carte SIM o\u00f9 il est g\u00e9n\u00e9ralement imprim\u00e9.<\/p>\n<\/div>\n<\/div>\n<\/div>\n<\/div>\n<div class=\"panel\" itemprop=\"mainEntity\" itemscope=\"\" itemtype=\"https:\/\/schema.org\/Question\">\n<div class=\"toggle-link\">\n<h3 class=\"panel-title\" itemprop=\"name\">\n            Plusieurs appareils peuvent-ils se connecter \u00e0 o2 HomeSpot en m\u00eame temps?<\/h3>\n<\/div>\n<div class=\"panel-collapse\">\n<div class=\"panel-body\" itemprop=\"acceptedAnswer\" itemscope=\"\" itemtype=\"https:\/\/schema.org\/Answer\">\n<div itemprop=\"text\">\n<p>Oui, plusieurs appareils peuvent se connecter simultan\u00e9ment \u00e0 o2 HomeSpot sans probl\u00e8me.<\/p>\n<\/div>\n<\/div>\n<\/div>\n<\/div>\n<div class=\"panel\" itemprop=\"mainEntity\" itemscope=\"\" itemtype=\"https:\/\/schema.org\/Question\">\n<div class=\"toggle-link\">\n<h3 class=\"panel-title\" itemprop=\"name\">\n            Est-il s\u00fbr de modifier mes param\u00e8tres o2 HomeSpot?<\/h3>\n<\/div>\n<div class=\"panel-collapse\">\n<div class=\"panel-body\" itemprop=\"acceptedAnswer\" itemscope=\"\" itemtype=\"https:\/\/schema.org\/Answer\">\n<div itemprop=\"text\">\n<p>Oui, il est s\u00fbr de modifier vos param\u00e8tres o2 HomeSpot tant que vous gardez vos identifiants de connexion s\u00e9curis\u00e9s et priv\u00e9s.<\/p>\n<\/div>\n<\/div>\n<\/div>\n<\/div>\n<div class=\"panel\" itemprop=\"mainEntity\" itemscope=\"\" itemtype=\"https:\/\/schema.org\/Question\">\n<div class=\"toggle-link\">\n<h3 class=\"panel-title\" itemprop=\"name\">\n            Puis-je restaurer les param\u00e8tres par d\u00e9faut sur mon o2.spot?<\/h3>\n<\/div>\n<div class=\"panel-collapse\">\n<div class=\"panel-body\" itemprop=\"acceptedAnswer\" itemscope=\"\" itemtype=\"https:\/\/schema.org\/Answer\">\n<div itemprop=\"text\">\n<p>Vous pouvez restaurer les param\u00e8tres par d\u00e9faut sur votre o2.spot via l&#8217;interface utilisateur. Cependant, il vous faudra le mot de passe par d\u00e9faut imprim\u00e9 sur votre appareil o2 HomeSpot.<\/p>\n<\/div>\n<\/div>\n<\/div>\n<\/div>\n<div class=\"panel\" itemprop=\"mainEntity\" itemscope=\"\" itemtype=\"https:\/\/schema.org\/Question\">\n<div class=\"toggle-link\">\n<h3 class=\"panel-title\" itemprop=\"name\">\n            Que dois-je faire si j&#8217;ai des difficult\u00e9s \u00e0 me connecter \u00e0 o2.spot?<\/h3>\n<\/div>\n<div class=\"panel-collapse\">\n<div class=\"panel-body\" itemprop=\"acceptedAnswer\" itemscope=\"\" itemtype=\"https:\/\/schema.org\/Answer\">\n<div itemprop=\"text\">\n<p>Si vous rencontrez des difficult\u00e9s pour vous connecter \u00e0 o2.spot, vous devez r\u00e9initialiser votre appareil ou v\u00e9rifier si votre appareil est correctement connect\u00e9 au r\u00e9seau.<\/p>\n<\/div>\n<\/div>\n<\/div>\n<\/div>\n<div class=\"panel\" itemprop=\"mainEntity\" itemscope=\"\" itemtype=\"https:\/\/schema.org\/Question\">\n<div class=\"toggle-link\">\n<h3 class=\"panel-title\" itemprop=\"name\">\n            Qu&#8217;est-ce qu&#8217;un SSID?<\/h3>\n<\/div>\n<div class=\"panel-collapse\">\n<div class=\"panel-body\" itemprop=\"acceptedAnswer\" itemscope=\"\" itemtype=\"https:\/\/schema.org\/Answer\">\n<div itemprop=\"text\">\n<p>Un SSID (Service Set Identifier) est le terme technique pour le nom de votre r\u00e9seau Wi-Fi.<\/p>\n<\/div>\n<\/div>\n<\/div>\n<\/div>\n<div class=\"panel\" itemprop=\"mainEntity\" itemscope=\"\" itemtype=\"https:\/\/schema.org\/Question\">\n<div class=\"toggle-link\">\n<h3 class=\"panel-title\" itemprop=\"name\">\n            Que faire si j&#8217;oublie le nouveau mot de passe Wi-Fi que j&#8217;ai d\u00e9fini?<\/h3>\n<\/div>\n<div class=\"panel-collapse\">\n<div class=\"panel-body\" itemprop=\"acceptedAnswer\" itemscope=\"\" itemtype=\"https:\/\/schema.org\/Answer\">\n<div itemprop=\"text\">\n<p>Si vous oubliez le nouveau mot de passe Wi-Fi, vous pouvez le r\u00e9initialiser en vous connectant \u00e0 l&#8217;interface utilisateur de o2.spot et en suivant les \u00e9tapes pour changer le mot de passe.<\/p>\n<\/div>\n<\/div>\n<\/div>\n<\/div>\n<div class=\"panel\" itemprop=\"mainEntity\" itemscope=\"\" itemtype=\"https:\/\/schema.org\/Question\">\n<div class=\"toggle-link\">\n<h3 class=\"panel-title\" itemprop=\"name\">\n            Puis-je modifier les param\u00e8tres o2.spot \u00e0 l&#8217;aide d&#8217;un appareil mobile?<\/h3>\n<\/div>\n<div class=\"panel-collapse\">\n<div class=\"panel-body\" itemprop=\"acceptedAnswer\" itemscope=\"\" itemtype=\"https:\/\/schema.org\/Answer\">\n<div itemprop=\"text\">\n<p>Oui, vous pouvez modifier les param\u00e8tres o2.spot \u00e0 l&#8217;aide d&#8217;un appareil mobile tant qu&#8217;il dispose d&#8217;un navigateur web et qu&#8217;il est connect\u00e9 au r\u00e9seau o2 HomeSpot.<\/p>\n<\/div>\n<\/div>\n<\/div>\n<\/div>\n<div class=\"panel\" itemprop=\"mainEntity\" itemscope=\"\" itemtype=\"https:\/\/schema.org\/Question\">\n<div class=\"toggle-link\">\n<h3 class=\"panel-title\" itemprop=\"name\">\n            Puis-je acc\u00e9der \u00e0 l&#8217;interface utilisateur o2.spot lorsque je ne suis pas connect\u00e9 au r\u00e9seau o2 HomeSpot?<\/h3>\n<\/div>\n<div class=\"panel-collapse\">\n<div class=\"panel-body\" itemprop=\"acceptedAnswer\" itemscope=\"\" itemtype=\"https:\/\/schema.org\/Answer\">\n<div itemprop=\"text\">\n<p>Non, vous ne pouvez pas acc\u00e9der \u00e0 l&#8217;interface utilisateur o2.spot \u00e0 moins que votre appareil ne soit connect\u00e9 au r\u00e9seau o2 HomeSpot.<\/p>\n<\/div>\n<\/div>\n<\/div>\n<\/div>\n<div class=\"panel\" itemprop=\"mainEntity\" itemscope=\"\" itemtype=\"https:\/\/schema.org\/Question\">\n<div class=\"toggle-link\">\n<h3 class=\"panel-title\" itemprop=\"name\">\n            Que signifie &#8216;Netzwerk&#8217; dans o2.spot?<\/h3>\n<\/div>\n<div class=\"panel-collapse\">\n<div class=\"panel-body\" itemprop=\"acceptedAnswer\" itemscope=\"\" itemtype=\"https:\/\/schema.org\/Answer\">\n<div itemprop=\"text\">\n<p>&#8216;Netzwerk&#8217; est un mot allemand qui se traduit par &#8216;R\u00e9seau&#8217; en anglais. C&#8217;est l&#8217;une des options de l&#8217;interface utilisateur o2.spot et peut \u00eatre utilis\u00e9e pour modifier les param\u00e8tres li\u00e9s au r\u00e9seau.<\/p>\n<\/div>\n<\/div>\n<\/div>\n<\/div>\n<div class=\"panel\" itemprop=\"mainEntity\" itemscope=\"\" itemtype=\"https:\/\/schema.org\/Question\">\n<div class=\"toggle-link\">\n<h3 class=\"panel-title\" itemprop=\"name\">\n            Est-il n\u00e9cessaire de saisir le code PIN de la carte SIM la premi\u00e8re fois que je me connecte \u00e0 o2.spot?<\/h3>\n<\/div>\n<div class=\"panel-collapse\">\n<div class=\"panel-body\" itemprop=\"acceptedAnswer\" itemscope=\"\" itemtype=\"https:\/\/schema.org\/Answer\">\n<div itemprop=\"text\">\n<p>Oui, lors de votre premi\u00e8re connexion \u00e0 o2.spot, vous serez invit\u00e9 \u00e0 saisir le code PIN de la carte SIM pour d\u00e9verrouiller votre appareil.<\/p>\n<\/div>\n<\/div>\n<\/div>\n<\/div>\n<div class=\"panel\" itemprop=\"mainEntity\" itemscope=\"\" itemtype=\"https:\/\/schema.org\/Question\">\n<div class=\"toggle-link\">\n<h3 class=\"panel-title\" itemprop=\"name\">\n            Quelle est la fonction de l&#8217;interface utilisateur o2.spot?<\/h3>\n<\/div>\n<div class=\"panel-collapse\">\n<div class=\"panel-body\" itemprop=\"acceptedAnswer\" itemscope=\"\" itemtype=\"https:\/\/schema.org\/Answer\">\n<div itemprop=\"text\">\n<p>L&#8217;interface utilisateur o2.spot fournit une interface o\u00f9 vous pouvez changer votre mot de passe Wi-Fi, le nom du r\u00e9seau (SSID) et d&#8217;autres param\u00e8tres de o2 HomeSpot.<\/p>\n<\/div>\n<\/div>\n<\/div>\n<\/div>\n<div class=\"panel\" itemprop=\"mainEntity\" itemscope=\"\" itemtype=\"https:\/\/schema.org\/Question\">\n<div class=\"toggle-link\">\n<h3 class=\"panel-title\" itemprop=\"name\">\n            Chaque o2 HomeSpot a-t-il le m\u00eame mot de passe par d\u00e9faut?<\/h3>\n<\/div>\n<div class=\"panel-collapse\">\n<div class=\"panel-body\" itemprop=\"acceptedAnswer\" itemscope=\"\" itemtype=\"https:\/\/schema.org\/Answer\">\n<div itemprop=\"text\">\n<p>Non, chaque appareil o2 HomeSpot est livr\u00e9 avec son propre mot de passe qui est imprim\u00e9 sur une \u00e9tiquette \u00e0 l&#8217;arri\u00e8re de l&#8217;appareil.<\/p>\n<\/div>\n<\/div>\n<\/div>\n<\/div>\n<\/section>\n<\/article>\n","protected":false},"excerpt":{"rendered":"<p>D\u00e9bloquer le pouvoir du WiFi avec o&#50;.spot : Un guide \u00e0 la mani\u00e8re de MrBeast pour le r\u00e9seau domestique &#127760; Hey, Famille Beast ! &#128227; Vous \u00eates-vous d\u00e9j\u00e0 demand\u00e9 comment naviguer dans les param\u00e8tres de votre WiFi ou changer votre mot de passe sur o&#50;.spot ? Tout comme la recherche de ce ch\u00e8que de $&#49;&#48;,&#48;&#48;&#48; [&hellip;]<\/p>\n","protected":false},"author":2,"featured_media":15,"parent":0,"menu_order":0,"comment_status":"closed","ping_status":"closed","template":"chromecast.php","meta":{"_stopmodifiedupdate":false,"_modified_date":"","_lmt_disableupdate":"yes","_lmt_disable":""},"yoast_head":"<!-- This site is optimized with the Yoast SEO plugin v20.9 - https:\/\/yoast.com\/wordpress\/plugins\/seo\/ -->\n<title>o2.spot. Mis \u00e0 jour en 2026<\/title>\n<meta name=\"robots\" content=\"index, follow, max-snippet:-1, max-image-preview:large, max-video-preview:-1\" \/>\n<link rel=\"canonical\" href=\"https:\/\/www.ping.fm\/ip\/fr\/o2\/\" \/>\n<meta property=\"og:locale\" content=\"en_US\" \/>\n<meta property=\"og:type\" content=\"article\" \/>\n<meta property=\"og:title\" content=\"o2.spot. Mis \u00e0 jour en 2026\" \/>\n<meta property=\"og:description\" content=\"D\u00e9bloquer le pouvoir du WiFi avec o&#050;.spot : Un guide \u00e0 la mani\u00e8re de MrBeast pour le r\u00e9seau domestique &#127760; Hey, Famille Beast ! &#128227; Vous \u00eates-vous d\u00e9j\u00e0 demand\u00e9 comment naviguer dans les param\u00e8tres de votre WiFi ou changer votre mot de passe sur o&#050;.spot ? Tout comme la recherche de ce ch\u00e8que de $&#049;&#048;,&#048;&#048;&#048; [&hellip;]\" \/>\n<meta property=\"og:url\" content=\"https:\/\/www.ping.fm\/ip\/fr\/o2\/\" \/>\n<meta property=\"og:site_name\" content=\"IP\" \/>\n<meta property=\"og:image\" content=\"https:\/\/www.ping.fm\/ip\/wp-content\/uploads\/2023\/07\/wifi.jpg\" \/>\n\t<meta property=\"og:image:width\" content=\"1992\" \/>\n\t<meta property=\"og:image:height\" content=\"1852\" \/>\n\t<meta property=\"og:image:type\" content=\"image\/jpeg\" \/>\n<meta name=\"twitter:card\" content=\"summary_large_image\" \/>\n<script type=\"application\/ld+json\" class=\"yoast-schema-graph\">{\"@context\":\"https:\/\/schema.org\",\"@graph\":[{\"@type\":\"WebPage\",\"@id\":\"https:\/\/www.ping.fm\/ip\/fr\/o2\/\",\"url\":\"https:\/\/www.ping.fm\/ip\/fr\/o2\/\",\"name\":\"o2.spot. Mis \u00e0 jour en 2026\",\"isPartOf\":{\"@id\":\"https:\/\/www.ping.fm\/ip\/#website\"},\"datePublished\":\"2023-10-20T15:26:01+00:00\",\"dateModified\":\"2023-10-20T15:26:01+00:00\",\"breadcrumb\":{\"@id\":\"https:\/\/www.ping.fm\/ip\/fr\/o2\/#breadcrumb\"},\"inLanguage\":\"en-US\",\"potentialAction\":[{\"@type\":\"ReadAction\",\"target\":[\"https:\/\/www.ping.fm\/ip\/fr\/o2\/\"]}]},{\"@type\":\"BreadcrumbList\",\"@id\":\"https:\/\/www.ping.fm\/ip\/fr\/o2\/#breadcrumb\",\"itemListElement\":[{\"@type\":\"ListItem\",\"position\":1,\"name\":\"Home\",\"item\":\"https:\/\/www.ping.fm\/ip\/\"},{\"@type\":\"ListItem\",\"position\":2,\"name\":\"o2.spot\"}]},{\"@type\":\"WebSite\",\"@id\":\"https:\/\/www.ping.fm\/ip\/#website\",\"url\":\"https:\/\/www.ping.fm\/ip\/\",\"name\":\"IP\",\"description\":\"\",\"potentialAction\":[{\"@type\":\"SearchAction\",\"target\":{\"@type\":\"EntryPoint\",\"urlTemplate\":\"https:\/\/www.ping.fm\/ip\/?s={search_term_string}\"},\"query-input\":\"required name=search_term_string\"}],\"inLanguage\":\"en-US\"}]}<\/script>\n<!-- \/ Yoast SEO plugin. -->","yoast_head_json":{"title":"o2.spot. Mis \u00e0 jour en 2026","robots":{"index":"index","follow":"follow","max-snippet":"max-snippet:-1","max-image-preview":"max-image-preview:large","max-video-preview":"max-video-preview:-1"},"canonical":"https:\/\/www.ping.fm\/ip\/fr\/o2\/","og_locale":"en_US","og_type":"article","og_title":"o2.spot. Mis \u00e0 jour en 2026","og_description":"D\u00e9bloquer le pouvoir du WiFi avec o&#50;.spot : Un guide \u00e0 la mani\u00e8re de MrBeast pour le r\u00e9seau domestique &#127760; Hey, Famille Beast ! &#128227; Vous \u00eates-vous d\u00e9j\u00e0 demand\u00e9 comment naviguer dans les param\u00e8tres de votre WiFi ou changer votre mot de passe sur o&#50;.spot ? Tout comme la recherche de ce ch\u00e8que de $&#49;&#48;,&#48;&#48;&#48; [&hellip;]","og_url":"https:\/\/www.ping.fm\/ip\/fr\/o2\/","og_site_name":"IP","og_image":[{"width":1992,"height":1852,"url":"https:\/\/www.ping.fm\/ip\/wp-content\/uploads\/2023\/07\/wifi.jpg","type":"image\/jpeg"}],"twitter_card":"summary_large_image","schema":{"@context":"https:\/\/schema.org","@graph":[{"@type":"WebPage","@id":"https:\/\/www.ping.fm\/ip\/fr\/o2\/","url":"https:\/\/www.ping.fm\/ip\/fr\/o2\/","name":"o2.spot. Mis \u00e0 jour en 2026","isPartOf":{"@id":"https:\/\/www.ping.fm\/ip\/#website"},"datePublished":"2023-10-20T15:26:01+00:00","dateModified":"2023-10-20T15:26:01+00:00","breadcrumb":{"@id":"https:\/\/www.ping.fm\/ip\/fr\/o2\/#breadcrumb"},"inLanguage":"en-US","potentialAction":[{"@type":"ReadAction","target":["https:\/\/www.ping.fm\/ip\/fr\/o2\/"]}]},{"@type":"BreadcrumbList","@id":"https:\/\/www.ping.fm\/ip\/fr\/o2\/#breadcrumb","itemListElement":[{"@type":"ListItem","position":1,"name":"Home","item":"https:\/\/www.ping.fm\/ip\/"},{"@type":"ListItem","position":2,"name":"o2.spot"}]},{"@type":"WebSite","@id":"https:\/\/www.ping.fm\/ip\/#website","url":"https:\/\/www.ping.fm\/ip\/","name":"IP","description":"","potentialAction":[{"@type":"SearchAction","target":{"@type":"EntryPoint","urlTemplate":"https:\/\/www.ping.fm\/ip\/?s={search_term_string}"},"query-input":"required name=search_term_string"}],"inLanguage":"en-US"}]}},"_links":{"self":[{"href":"https:\/\/www.ping.fm\/ip\/wp-json\/wp\/v2\/pages\/579"}],"collection":[{"href":"https:\/\/www.ping.fm\/ip\/wp-json\/wp\/v2\/pages"}],"about":[{"href":"https:\/\/www.ping.fm\/ip\/wp-json\/wp\/v2\/types\/page"}],"author":[{"embeddable":true,"href":"https:\/\/www.ping.fm\/ip\/wp-json\/wp\/v2\/users\/2"}],"replies":[{"embeddable":true,"href":"https:\/\/www.ping.fm\/ip\/wp-json\/wp\/v2\/comments?post=579"}],"version-history":[{"count":1,"href":"https:\/\/www.ping.fm\/ip\/wp-json\/wp\/v2\/pages\/579\/revisions"}],"predecessor-version":[{"id":580,"href":"https:\/\/www.ping.fm\/ip\/wp-json\/wp\/v2\/pages\/579\/revisions\/580"}],"wp:featuredmedia":[{"embeddable":true,"href":"https:\/\/www.ping.fm\/ip\/wp-json\/wp\/v2\/media\/15"}],"wp:attachment":[{"href":"https:\/\/www.ping.fm\/ip\/wp-json\/wp\/v2\/media?parent=579"}],"curies":[{"name":"wp","href":"https:\/\/api.w.org\/{rel}","templated":true}]}}