{"id":577,"date":"2023-10-20T15:24:43","date_gmt":"2023-10-20T15:24:43","guid":{"rendered":"https:\/\/www.ping.fm\/ip\/?page_id=577"},"modified":"2023-10-20T15:24:43","modified_gmt":"2023-10-20T15:24:43","slug":"mon-mifi","status":"publish","type":"page","link":"https:\/\/www.ping.fm\/ip\/fr\/mon-mifi\/","title":{"rendered":"Mon.mifi"},"content":{"rendered":"<article>\n<section>\n<h1>Param\u00e9trez Votre Point d&#8217;Acc\u00e8s Mobile MiFi &#53;G Comme un Pro &#128081; : Guide Complet<\/h1>\n<div class=\"inbrief\">\n<div>\n                                <img src=\"\/ip\/wp-content\/uploads\/generated\/Mon-mifi.jpg\" alt=\"Mon.mifi\" title=\"Mon.mifi\" width=\"1280\" height=\"720\"><\/p>\n<p>Avez-vous d\u00e9j\u00e0 souhait\u00e9 pouvoir ma\u00eetriser les param\u00e8tres de votre Point d&#8217;Acc\u00e8s Mobile MiFi &#53;G comme un boss ? &#128170; Et bien, votre v\u0153u vient de se r\u00e9aliser ! Aujourd&#8217;hui, vous allez apprendre comment vous connecter \u00e0 la page d&#8217;administration de <a href='http:\/\/my.mifi'>My.mifi<\/a> et modifier votre mot de passe WiFi, le SSID, et d&#8217;autres param\u00e8tres par d\u00e9faut. &#128187;&#127760; Nous couvrirons le protocole pour le MiFi d&#8217;Inseego et autres points d&#8217;acc\u00e8s mobiles co-brand\u00e9s de T-Mobile, AT&#038;T et Verizon. Plongeons-y ! &#127946;&#8205;&#9794;&#65039;&#127754;<\/p>\n<\/div>\n<\/div>\n<\/section>\n<section>\n<div>\n<div>1<\/div>\n<h2>Connectez-vous \u00e0 votre My.mifi<\/h2>\n<\/div>\n<p>Plongez-vous dans le grand bain en ouvrant votre navigateur pr\u00e9f\u00e9r\u00e9 et en tapant <a href='http:\/\/my.mifi'>my.mifi<\/a> ou <a href='http:\/\/192.168.1.1'>192.168.1.1<\/a> dans la barre d&#8217;adresse. La chose suivante est de cliquer sur <b>Se connecter<\/b> situ\u00e9 dans le coin sup\u00e9rieur droit. Entrez votre mot de passe Admin et cliquez \u00e0 nouveau sur le bouton <b>Se connecter<\/b>. Si vous vous demandez o\u00f9 trouver votre mot de passe Admin, nous sommes l\u00e0 pour vous aider ! Il suffit de s\u00e9lectionner l&#8217;option d&#8217;aide \ud83c\udd98 sur l&#8217;\u00e9cran d&#8217;accueil de votre appareil MiFi, puis de choisir le site Web Admin. Voila ! Votre mot de passe Admin appara\u00eetra ! \ud83c\udf89<\/p>\n<\/section>\n<section>\n<div>\n<div>2<\/div>\n<h2>Comment Donner une Nouvelle Identit\u00e9 \u00e0 Votre WiFi &#038; SSID<\/h2>\n<\/div>\n<p>Une fois \u00e0 l&#8217;int\u00e9rieur de votre page d&#8217;administration MiFi, cherchez l&#8217;ic\u00f4ne du signal wifi \ud83d\udd3d sous <b>WiFi<\/b>. Cliquez dessus et s\u00e9lectionnez l&#8217;onglet R\u00e9seau principal. Apr\u00e8s cela, les choses commencent \u00e0 devenir encore plus int\u00e9ressantes : vous pouvez maintenant entrer le nom de votre r\u00e9seau WiFi pr\u00e9f\u00e9r\u00e9 dans le champ <b>Nom du r\u00e9seau principal (SSID)<\/b>. Juste \u00e0 c\u00f4t\u00e9, vous pouvez inventer un nouveau mot de passe WiFi et le taper dans la section <b>Mot de passe<\/b>. Pensez \u00e0 un mot de passe aussi dur qu&#8217;un diamant \ud83d\udc8e mais assez m\u00e9morable pour vous. Une fois termin\u00e9, cliquez sur <b>Enregistrer les modifications<\/b> et vous \u00eates pr\u00eat \u00e0 partir ! \ud83c\udfc1 Vos param\u00e8tres commenceront \u00e0 s&#8217;appliquer.<\/p>\n<\/section>\n<section>\n<div>\n<div>3<\/div>\n<h2>D&#8217;autres trucs cool que vous pouvez faire sur la page d&#8217;administration MiFi<\/h2>\n<\/div>\n<p>Ne nous arr\u00eatons pas simplement \u00e0 changer le nom et le mot de passe de votre Wi-Fi, vous pouvez jouer avec des tonnes d&#8217;autres param\u00e8tres dans le panneau d&#8217;administration MiFi. De la gestion des connexions, le param\u00e9trage des limites d&#8217;utilisation des donn\u00e9es, \u00e0 la mise en place des pr\u00e9f\u00e9rences de bande, et m\u00eame la visualisation des informations r\u00e9seau. Alors ne soyez pas un \u00e9tranger, explorez les diff\u00e9rentes options disponibles, \u00e0 chaque fois que vous le faites, votre connaissance de votre navigation MiFi s&#8217;enrichit et vous devenez encore plus cool. \ud83d\ude0e\u270c\ud83c\udffd<\/p>\n<\/section>\n<section>\n<h2>Conclusion : \ud83c\udfc1<\/h2>\n<div class=\"nonp\">\n<p>F\u00e9licitations ! Vous venez d&#8217;apprendre comment param\u00e9trer votre Point d&#8217;Acc\u00e8s Mobile MiFi &#53;G comme un vrai pro. Nous parions que MrBeast serait fier ! Vous n&#8217;avez pas seulement chang\u00e9 le nom de votre WiFi et cr\u00e9\u00e9 un nouveau mot de passe, mais vous avez \u00e9galement acquis des connaissances sur comment explorer une myriade d&#8217;autres param\u00e8tres. &#128079; La magie de l&#8217;informatique ne s&#8217;arr\u00eate pas ici, continuez \u00e0 explorer, continuez \u00e0 apprendre et continuez \u00e0 \u00e9pater tout le monde autour de vous avec vos comp\u00e9tences techniques. &#128302;&#10024; Le monde de la technologie est en constante \u00e9volution et vous devriez en faire autant. Bonne navigation ! &#127940;&#8205;&#9794;&#65039;&#127760;&#128077;<\/p>\n<\/div>\n<\/section>\n<section itemscope=\"\" itemtype=\"https:\/\/schema.org\/FAQPage\">\n<div class=\"panel\" itemprop=\"mainEntity\" itemscope=\"\" itemtype=\"https:\/\/schema.org\/Question\">\n<div class=\"toggle-link\">\n<h3 class=\"panel-title\" itemprop=\"name\">\n            Quel est le but de la page Admin de My.mifi ?<\/h3>\n<\/div>\n<div class=\"panel-collapse\">\n<div class=\"panel-body\" itemprop=\"acceptedAnswer\" itemscope=\"\" itemtype=\"https:\/\/schema.org\/Answer\">\n<div itemprop=\"text\">\n<p>La <b>page Admin de My.mifi<\/b> sert d&#8217;interface principale pour g\u00e9rer votre appareil My.mifi. Elle vous permet de modifier le mot de passe WiFi, le SSID, et d&#8217;autres param\u00e8tres par d\u00e9faut de votre point d&#8217;acc\u00e8s mobile 5G MiFi.<\/p>\n<\/div>\n<\/div>\n<\/div>\n<\/div>\n<div class=\"panel\" itemprop=\"mainEntity\" itemscope=\"\" itemtype=\"https:\/\/schema.org\/Question\">\n<div class=\"toggle-link\">\n<h3 class=\"panel-title\" itemprop=\"name\">\n            Comment puis-je me connecter \u00e0 la page Admin de My.mifi ?<\/h3>\n<\/div>\n<div class=\"panel-collapse\">\n<div class=\"panel-body\" itemprop=\"acceptedAnswer\" itemscope=\"\" itemtype=\"https:\/\/schema.org\/Answer\">\n<div itemprop=\"text\">\n<p>Pour vous connecter, ouvrez votre navigateur web et tapez <a href=http:\/\/my.mifi>my.mifi<\/a> ou <b>192.168.1.1<\/b> dans la barre d&#8217;adresse. Cliquez sur &#8216;Se connecter&#8217;, situ\u00e9 dans le coin sup\u00e9rieur droit. Entrez le mot de passe Admin puis cliquez \u00e0 nouveau sur &#8216;Se connecter&#8217;. Vous pouvez trouver le mot de passe Admin en s\u00e9lectionnant l&#8217;option &#8216;Aide&#8217; depuis l&#8217;\u00e9cran d&#8217;accueil de votre appareil MiFi puis en choisissant &#8216;Site web de l&#8217;Admin&#8217;.<\/p>\n<\/div>\n<\/div>\n<\/div>\n<\/div>\n<div class=\"panel\" itemprop=\"mainEntity\" itemscope=\"\" itemtype=\"https:\/\/schema.org\/Question\">\n<div class=\"toggle-link\">\n<h3 class=\"panel-title\" itemprop=\"name\">\n            O\u00f9 puis-je trouver le mot de passe Admin pour My.mifi ?<\/h3>\n<\/div>\n<div class=\"panel-collapse\">\n<div class=\"panel-body\" itemprop=\"acceptedAnswer\" itemscope=\"\" itemtype=\"https:\/\/schema.org\/Answer\">\n<div itemprop=\"text\">\n<p>Pour trouver votre mot de passe Admin, naviguez jusqu&#8217;\u00e0 l&#8217;\u00e9cran d&#8217;accueil de votre appareil MiFi et s\u00e9lectionnez &#8216;Aide&#8217;. Puis choisissez &#8216;Site web de l&#8217;Admin&#8217;. Cela affichera votre mot de passe Admin.<\/p>\n<\/div>\n<\/div>\n<\/div>\n<\/div>\n<div class=\"panel\" itemprop=\"mainEntity\" itemscope=\"\" itemtype=\"https:\/\/schema.org\/Question\">\n<div class=\"toggle-link\">\n<h3 class=\"panel-title\" itemprop=\"name\">\n            Comment puis-je changer le mot de passe et le SSID de MiFi ?<\/h3>\n<\/div>\n<div class=\"panel-collapse\">\n<div class=\"panel-body\" itemprop=\"acceptedAnswer\" itemscope=\"\" itemtype=\"https:\/\/schema.org\/Answer\">\n<div itemprop=\"text\">\n<p>Apr\u00e8s vous \u00eatre connect\u00e9 \u00e0 la page Admin Page, cliquez sur l&#8217;ic\u00f4ne fl\u00e8che &#8216;>&#8217; sous WiFi et s\u00e9lectionnez l&#8217;onglet &#8216;R\u00e9seau principal&#8217;. Entrez le nom de r\u00e9seau WiFi souhait\u00e9 dans le champ &#8216;Nom de r\u00e9seau principal (SSID)&#8217; et votre mot de passe WiFi souhait\u00e9 dans le champ &#8216;Mot de passe&#8217;. Cliquez sur &#8216;Sauvegarder les modifications&#8217; pour appliquer vos nouveaux param\u00e8tres.<\/p>\n<\/div>\n<\/div>\n<\/div>\n<\/div>\n<div class=\"panel\" itemprop=\"mainEntity\" itemscope=\"\" itemtype=\"https:\/\/schema.org\/Question\">\n<div class=\"toggle-link\">\n<h3 class=\"panel-title\" itemprop=\"name\">\n            Que me permet de faire l&#8217;onglet R\u00e9seau Principal ?<\/h3>\n<\/div>\n<div class=\"panel-collapse\">\n<div class=\"panel-body\" itemprop=\"acceptedAnswer\" itemscope=\"\" itemtype=\"https:\/\/schema.org\/Answer\">\n<div itemprop=\"text\">\n<p>L&#8217;onglet &#8216;R\u00e9seau Principal&#8217; dans l&#8217;interface admin de My.mifi vous permet de modifier le nom du r\u00e9seau WiFi et le mot de passe de votre appareil MiFi.<\/p>\n<\/div>\n<\/div>\n<\/div>\n<\/div>\n<div class=\"panel\" itemprop=\"mainEntity\" itemscope=\"\" itemtype=\"https:\/\/schema.org\/Question\">\n<div class=\"toggle-link\">\n<h3 class=\"panel-title\" itemprop=\"name\">\n            Comment puis-je sauvegarder les modifications des param\u00e8tres r\u00e9seau dans la page Admin de My.mifi ?<\/h3>\n<\/div>\n<div class=\"panel-collapse\">\n<div class=\"panel-body\" itemprop=\"acceptedAnswer\" itemscope=\"\" itemtype=\"https:\/\/schema.org\/Answer\">\n<div itemprop=\"text\">\n<p>Apr\u00e8s avoir effectu\u00e9 les modifications n\u00e9cessaires aux param\u00e8tres r\u00e9seau dans la <b>page Admin de My.mifi<\/b>, cliquez sur &#8216;Sauvegarder les modifications&#8217; pour mettre \u00e0 jour et appliquer les nouveaux param\u00e8tres \u00e0 votre appareil.<\/p>\n<\/div>\n<\/div>\n<\/div>\n<\/div>\n<div class=\"panel\" itemprop=\"mainEntity\" itemscope=\"\" itemtype=\"https:\/\/schema.org\/Question\">\n<div class=\"toggle-link\">\n<h3 class=\"panel-title\" itemprop=\"name\">\n            Ces \u00e9tapes sont-elles \u00e9galement applicables pour les points d&#8217;acc\u00e8s mobiles 5G de T-Mobile, AT&#038;T, et Verizon ?<\/h3>\n<\/div>\n<div class=\"panel-collapse\">\n<div class=\"panel-body\" itemprop=\"acceptedAnswer\" itemscope=\"\" itemtype=\"https:\/\/schema.org\/Answer\">\n<div itemprop=\"text\">\n<p>Oui, ces \u00e9tapes pour changer les param\u00e8tres sur la page Admin de My.mifi sont \u00e9galement efficaces pour les points d&#8217;acc\u00e8s mobiles 5G co-marqu\u00e9s T-Mobile, AT&#038;T, et Verizon.<\/p>\n<\/div>\n<\/div>\n<\/div>\n<\/div>\n<div class=\"panel\" itemprop=\"mainEntity\" itemscope=\"\" itemtype=\"https:\/\/schema.org\/Question\">\n<div class=\"toggle-link\">\n<h3 class=\"panel-title\" itemprop=\"name\">\n            Que dois-je taper dans la barre d&#8217;adresse du navigateur pour acc\u00e9der \u00e0 la page Admin de My.mifi ?<\/h3>\n<\/div>\n<div class=\"panel-collapse\">\n<div class=\"panel-body\" itemprop=\"acceptedAnswer\" itemscope=\"\" itemtype=\"https:\/\/schema.org\/Answer\">\n<div itemprop=\"text\">\n<p>Tapez <a href=http:\/\/my.mifi>my.mifi<\/a> ou <b>192.168.1.1<\/b> dans la barre d&#8217;adresse de votre navigateur web pour acc\u00e9der \u00e0 la page Admin de My.mifi.<\/p>\n<\/div>\n<\/div>\n<\/div>\n<\/div>\n<div class=\"panel\" itemprop=\"mainEntity\" itemscope=\"\" itemtype=\"https:\/\/schema.org\/Question\">\n<div class=\"toggle-link\">\n<h3 class=\"panel-title\" itemprop=\"name\">\n            O\u00f9 puis-je trouver le bouton &#8216;Se connecter&#8217; sur la page Admin de My.mifi ?<\/h3>\n<\/div>\n<div class=\"panel-collapse\">\n<div class=\"panel-body\" itemprop=\"acceptedAnswer\" itemscope=\"\" itemtype=\"https:\/\/schema.org\/Answer\">\n<div itemprop=\"text\">\n<p>Le bouton &#8216;Se connecter&#8217; se trouve dans le coin sup\u00e9rieur droit de la page Admin de My.mifi.<\/p>\n<\/div>\n<\/div>\n<\/div>\n<\/div>\n<div class=\"panel\" itemprop=\"mainEntity\" itemscope=\"\" itemtype=\"https:\/\/schema.org\/Question\">\n<div class=\"toggle-link\">\n<h3 class=\"panel-title\" itemprop=\"name\">\n            Comment puis-je personnaliser le nom du r\u00e9seau WiFi ?<\/h3>\n<\/div>\n<div class=\"panel-collapse\">\n<div class=\"panel-body\" itemprop=\"acceptedAnswer\" itemscope=\"\" itemtype=\"https:\/\/schema.org\/Answer\">\n<div itemprop=\"text\">\n<p>Vous pouvez changer le nom du r\u00e9seau WiFi en vous connectant \u00e0 la page Admin Page, en s\u00e9lectionnant l&#8217;ic\u00f4ne fl\u00e8che &#8216;>&#8217;, en choisissant &#8216;R\u00e9seau Principal&#8217;, et en entrant le nouveau nom du r\u00e9seau dans le champ &#8216;Nom du r\u00e9seau principal (SSID)&#8217;.<\/p>\n<\/div>\n<\/div>\n<\/div>\n<\/div>\n<div class=\"panel\" itemprop=\"mainEntity\" itemscope=\"\" itemtype=\"https:\/\/schema.org\/Question\">\n<div class=\"toggle-link\">\n<h3 class=\"panel-title\" itemprop=\"name\">\n            Comment puis-je r\u00e9initialiser le mot de passe WiFi ?<\/h3>\n<\/div>\n<div class=\"panel-collapse\">\n<div class=\"panel-body\" itemprop=\"acceptedAnswer\" itemscope=\"\" itemtype=\"https:\/\/schema.org\/Answer\">\n<div itemprop=\"text\">\n<p>Pour r\u00e9initialiser le mot de passe WiFi, connectez-vous \u00e0 la page Admin Page, cliquez sur l&#8217;ic\u00f4ne fl\u00e8che &#8216;>&#8217;, s\u00e9lectionnez &#8216;R\u00e9seau Principal&#8217;, entrez le nouveau mot de passe dans le champ &#8216;Mot de passe&#8217;, puis cliquez sur &#8216;Sauvegarder les modifications&#8217;.<\/p>\n<\/div>\n<\/div>\n<\/div>\n<\/div>\n<div class=\"panel\" itemprop=\"mainEntity\" itemscope=\"\" itemtype=\"https:\/\/schema.org\/Question\">\n<div class=\"toggle-link\">\n<h3 class=\"panel-title\" itemprop=\"name\">\n            O\u00f9 dois-je entrer le nouveau SSID et mot de passe pour mon My.mifi ?<\/h3>\n<\/div>\n<div class=\"panel-collapse\">\n<div class=\"panel-body\" itemprop=\"acceptedAnswer\" itemscope=\"\" itemtype=\"https:\/\/schema.org\/Answer\">\n<div itemprop=\"text\">\n<p>Vous pouvez entrer le nouveau SSID et mot de passe sous l&#8217;onglet &#8216;R\u00e9seau Principal&#8217; apr\u00e8s avoir cliqu\u00e9 sur l&#8217;ic\u00f4ne fl\u00e8che &#8216;>&#8217; sur la page Admin Page.<\/p>\n<\/div>\n<\/div>\n<\/div>\n<\/div>\n<div class=\"panel\" itemprop=\"mainEntity\" itemscope=\"\" itemtype=\"https:\/\/schema.org\/Question\">\n<div class=\"toggle-link\">\n<h3 class=\"panel-title\" itemprop=\"name\">\n            Comment l&#8217;option &#8216;Aide&#8217; sur l&#8217;\u00e9cran de l&#8217;appareil MiFi peut-elle m&#8217;assister ?<\/h3>\n<\/div>\n<div class=\"panel-collapse\">\n<div class=\"panel-body\" itemprop=\"acceptedAnswer\" itemscope=\"\" itemtype=\"https:\/\/schema.org\/Answer\">\n<div itemprop=\"text\">\n<p>L&#8217;option &#8216;Aide&#8217; sur l&#8217;\u00e9cran d&#8217;accueil de votre appareil MiFi vous fournit des conseils et une assistance, y compris l&#8217;affichage du mot de passe Admin pour la page Admin de My.mifi.<\/p>\n<\/div>\n<\/div>\n<\/div>\n<\/div>\n<div class=\"panel\" itemprop=\"mainEntity\" itemscope=\"\" itemtype=\"https:\/\/schema.org\/Question\">\n<div class=\"toggle-link\">\n<h3 class=\"panel-title\" itemprop=\"name\">\n            Puis-je acc\u00e9der \u00e0 la page Admin de My.mifi sur n&#8217;importe quel navigateur ?<\/h3>\n<\/div>\n<div class=\"panel-collapse\">\n<div class=\"panel-body\" itemprop=\"acceptedAnswer\" itemscope=\"\" itemtype=\"https:\/\/schema.org\/Answer\">\n<div itemprop=\"text\">\n<p>Oui, la page Admin de My.mifi peut \u00eatre accessible \u00e0 partir de n&#8217;importe quel navigateur web en tapant <a href=http:\/\/my.mifi>my.mifi<\/a> or <b>192.168.1.1<\/b> dans la barre d&#8217;adresse.<\/p>\n<\/div>\n<\/div>\n<\/div>\n<\/div>\n<div class=\"panel\" itemprop=\"mainEntity\" itemscope=\"\" itemtype=\"https:\/\/schema.org\/Question\">\n<div class=\"toggle-link\">\n<h3 class=\"panel-title\" itemprop=\"name\">\n            Que se passe-t-il si j&#8217;oublie mon mot de passe Admin ?<\/h3>\n<\/div>\n<div class=\"panel-collapse\">\n<div class=\"panel-body\" itemprop=\"acceptedAnswer\" itemscope=\"\" itemtype=\"https:\/\/schema.org\/Answer\">\n<div itemprop=\"text\">\n<p>Si vous oubliez votre mot de passe Admin, vous pouvez le trouver en s\u00e9lectionnant l&#8217;option &#8216;Aide&#8217; depuis l&#8217;\u00e9cran d&#8217;accueil de votre appareil MiFi puis en choisissant &#8216;Site web de l&#8217;Admin&#8217; qui affichera votre mot de passe Admin.<\/p>\n<\/div>\n<\/div>\n<\/div>\n<\/div>\n<div class=\"panel\" itemprop=\"mainEntity\" itemscope=\"\" itemtype=\"https:\/\/schema.org\/Question\">\n<div class=\"toggle-link\">\n<h3 class=\"panel-title\" itemprop=\"name\">\n            Quelles informations ai-je besoin de pour me connecter \u00e0 la page Admin de My.mifi ?<\/h3>\n<\/div>\n<div class=\"panel-collapse\">\n<div class=\"panel-body\" itemprop=\"acceptedAnswer\" itemscope=\"\" itemtype=\"https:\/\/schema.org\/Answer\">\n<div itemprop=\"text\">\n<p>Pour vous connecter \u00e0 la page Admin de My.mifi, vous aurez seulement besoin du mot de passe Admin, que vous pouvez trouver en s\u00e9lectionnant l&#8217;option &#8216;Aide&#8217; depuis l&#8217;\u00e9cran d&#8217;accueil de votre appareil MiFi puis en choisissant &#8216;Site web de l&#8217;Admin&#8217;.<\/p>\n<\/div>\n<\/div>\n<\/div>\n<\/div>\n<div class=\"panel\" itemprop=\"mainEntity\" itemscope=\"\" itemtype=\"https:\/\/schema.org\/Question\">\n<div class=\"toggle-link\">\n<h3 class=\"panel-title\" itemprop=\"name\">\n            Quelles \u00e9tapes dois-je prendre pour modifier les param\u00e8tres par d\u00e9faut de mon appareil My.mifi ?<\/h3>\n<\/div>\n<div class=\"panel-collapse\">\n<div class=\"panel-body\" itemprop=\"acceptedAnswer\" itemscope=\"\" itemtype=\"https:\/\/schema.org\/Answer\">\n<div itemprop=\"text\">\n<p>Pour modifier les param\u00e8tres par d\u00e9faut, connectez-vous \u00e0 la page Admin de My.mifi, s\u00e9lectionnez l&#8217;onglet &#8216;R\u00e9seau Principal&#8217; apr\u00e8s avoir cliqu\u00e9 sur l&#8217;ic\u00f4ne fl\u00e8che &#8216;>&#8217;, et continuez \u00e0 changer le nom du r\u00e9seau WiFi et le mot de passe. Ces nouveaux param\u00e8tres seront appliqu\u00e9s lorsque vous cliquerez sur &#8216;Sauvegarder les modifications&#8217;.<\/p>\n<\/div>\n<\/div>\n<\/div>\n<\/div>\n<div class=\"panel\" itemprop=\"mainEntity\" itemscope=\"\" itemtype=\"https:\/\/schema.org\/Question\">\n<div class=\"toggle-link\">\n<h3 class=\"panel-title\" itemprop=\"name\">\n            Puis-je modifier d&#8217;autres param\u00e8tres que le SSID et le mot de passe sur My.mifi ?<\/h3>\n<\/div>\n<div class=\"panel-collapse\">\n<div class=\"panel-body\" itemprop=\"acceptedAnswer\" itemscope=\"\" itemtype=\"https:\/\/schema.org\/Answer\">\n<div itemprop=\"text\">\n<p>Oui, la page Admin de My.mifi permet de modifier d&#8217;autres param\u00e8tres par d\u00e9faut en plus du nom du r\u00e9seau WiFi et du mot de passe. Cependant, pour une utilisation d\u00e9taill\u00e9e, veuillez vous r\u00e9f\u00e9rer au guide de l&#8217;utilisateur de votre appareil ou contacter le support client.<\/p>\n<\/div>\n<\/div>\n<\/div>\n<\/div>\n<div class=\"panel\" itemprop=\"mainEntity\" itemscope=\"\" itemtype=\"https:\/\/schema.org\/Question\">\n<div class=\"toggle-link\">\n<h3 class=\"panel-title\" itemprop=\"name\">\n            Ai-je besoin de comp\u00e9tences techniques sp\u00e9cifiques pour changer les param\u00e8tres par d\u00e9faut sur My.mifi ?<\/h3>\n<\/div>\n<div class=\"panel-collapse\">\n<div class=\"panel-body\" itemprop=\"acceptedAnswer\" itemscope=\"\" itemtype=\"https:\/\/schema.org\/Answer\">\n<div itemprop=\"text\">\n<p>Non, vous n&#8217;avez pas besoin de comp\u00e9tences techniques sp\u00e9cialis\u00e9es pour changer les param\u00e8tres par d\u00e9faut sur My.mifi. L&#8217;interface est con\u00e7ue pour \u00eatre conviviale et les instructions sont fournies \u00e9tape par \u00e9tape sur la page Admin pour une navigation facile.<\/p>\n<\/div>\n<\/div>\n<\/div>\n<\/div>\n<\/section>\n<\/article>\n","protected":false},"excerpt":{"rendered":"<p>Param\u00e9trez Votre Point d&#8217;Acc\u00e8s Mobile MiFi &#53;G Comme un Pro &#128081; : Guide Complet Avez-vous d\u00e9j\u00e0 souhait\u00e9 pouvoir ma\u00eetriser les param\u00e8tres de votre Point d&#8217;Acc\u00e8s Mobile MiFi &#53;G comme un boss ? &#128170; Et bien, votre v\u0153u vient de se r\u00e9aliser ! Aujourd&#8217;hui, vous allez apprendre comment vous connecter \u00e0 la page d&#8217;administration de My.mifi [&hellip;]<\/p>\n","protected":false},"author":2,"featured_media":15,"parent":0,"menu_order":0,"comment_status":"closed","ping_status":"closed","template":"chromecast.php","meta":{"_stopmodifiedupdate":false,"_modified_date":"","_lmt_disableupdate":"yes","_lmt_disable":""},"yoast_head":"<!-- This site is optimized with the Yoast SEO plugin v20.9 - https:\/\/yoast.com\/wordpress\/plugins\/seo\/ -->\n<title>Mon.mifi. Mis \u00e0 jour en 2026<\/title>\n<meta name=\"robots\" content=\"index, follow, max-snippet:-1, max-image-preview:large, max-video-preview:-1\" \/>\n<link rel=\"canonical\" href=\"https:\/\/www.ping.fm\/ip\/fr\/mon-mifi\/\" \/>\n<meta property=\"og:locale\" content=\"en_US\" \/>\n<meta property=\"og:type\" content=\"article\" \/>\n<meta property=\"og:title\" content=\"Mon.mifi. Mis \u00e0 jour en 2026\" \/>\n<meta property=\"og:description\" content=\"Param\u00e9trez Votre Point d&#8217;Acc\u00e8s Mobile MiFi &#053;G Comme un Pro &#128081; : Guide Complet Avez-vous d\u00e9j\u00e0 souhait\u00e9 pouvoir ma\u00eetriser les param\u00e8tres de votre Point d&#8217;Acc\u00e8s Mobile MiFi &#053;G comme un boss ? &#128170; Et bien, votre v\u0153u vient de se r\u00e9aliser ! Aujourd&#8217;hui, vous allez apprendre comment vous connecter \u00e0 la page d&#8217;administration de My.mifi [&hellip;]\" \/>\n<meta property=\"og:url\" content=\"https:\/\/www.ping.fm\/ip\/fr\/mon-mifi\/\" \/>\n<meta property=\"og:site_name\" content=\"IP\" \/>\n<meta property=\"og:image\" content=\"https:\/\/www.ping.fm\/ip\/wp-content\/uploads\/2023\/07\/wifi.jpg\" \/>\n\t<meta property=\"og:image:width\" content=\"1992\" \/>\n\t<meta property=\"og:image:height\" content=\"1852\" \/>\n\t<meta property=\"og:image:type\" content=\"image\/jpeg\" \/>\n<meta name=\"twitter:card\" content=\"summary_large_image\" \/>\n<meta name=\"twitter:label1\" content=\"Est. reading time\" \/>\n\t<meta name=\"twitter:data1\" content=\"7 minutes\" \/>\n<script type=\"application\/ld+json\" class=\"yoast-schema-graph\">{\"@context\":\"https:\/\/schema.org\",\"@graph\":[{\"@type\":\"WebPage\",\"@id\":\"https:\/\/www.ping.fm\/ip\/fr\/mon-mifi\/\",\"url\":\"https:\/\/www.ping.fm\/ip\/fr\/mon-mifi\/\",\"name\":\"Mon.mifi. Mis \u00e0 jour en 2026\",\"isPartOf\":{\"@id\":\"https:\/\/www.ping.fm\/ip\/#website\"},\"datePublished\":\"2023-10-20T15:24:43+00:00\",\"dateModified\":\"2023-10-20T15:24:43+00:00\",\"breadcrumb\":{\"@id\":\"https:\/\/www.ping.fm\/ip\/fr\/mon-mifi\/#breadcrumb\"},\"inLanguage\":\"en-US\",\"potentialAction\":[{\"@type\":\"ReadAction\",\"target\":[\"https:\/\/www.ping.fm\/ip\/fr\/mon-mifi\/\"]}]},{\"@type\":\"BreadcrumbList\",\"@id\":\"https:\/\/www.ping.fm\/ip\/fr\/mon-mifi\/#breadcrumb\",\"itemListElement\":[{\"@type\":\"ListItem\",\"position\":1,\"name\":\"Home\",\"item\":\"https:\/\/www.ping.fm\/ip\/\"},{\"@type\":\"ListItem\",\"position\":2,\"name\":\"Mon.mifi\"}]},{\"@type\":\"WebSite\",\"@id\":\"https:\/\/www.ping.fm\/ip\/#website\",\"url\":\"https:\/\/www.ping.fm\/ip\/\",\"name\":\"IP\",\"description\":\"\",\"potentialAction\":[{\"@type\":\"SearchAction\",\"target\":{\"@type\":\"EntryPoint\",\"urlTemplate\":\"https:\/\/www.ping.fm\/ip\/?s={search_term_string}\"},\"query-input\":\"required name=search_term_string\"}],\"inLanguage\":\"en-US\"}]}<\/script>\n<!-- \/ Yoast SEO plugin. -->","yoast_head_json":{"title":"Mon.mifi. Mis \u00e0 jour en 2026","robots":{"index":"index","follow":"follow","max-snippet":"max-snippet:-1","max-image-preview":"max-image-preview:large","max-video-preview":"max-video-preview:-1"},"canonical":"https:\/\/www.ping.fm\/ip\/fr\/mon-mifi\/","og_locale":"en_US","og_type":"article","og_title":"Mon.mifi. Mis \u00e0 jour en 2026","og_description":"Param\u00e9trez Votre Point d&#8217;Acc\u00e8s Mobile MiFi &#53;G Comme un Pro &#128081; : Guide Complet Avez-vous d\u00e9j\u00e0 souhait\u00e9 pouvoir ma\u00eetriser les param\u00e8tres de votre Point d&#8217;Acc\u00e8s Mobile MiFi &#53;G comme un boss ? &#128170; Et bien, votre v\u0153u vient de se r\u00e9aliser ! Aujourd&#8217;hui, vous allez apprendre comment vous connecter \u00e0 la page d&#8217;administration de My.mifi [&hellip;]","og_url":"https:\/\/www.ping.fm\/ip\/fr\/mon-mifi\/","og_site_name":"IP","og_image":[{"width":1992,"height":1852,"url":"https:\/\/www.ping.fm\/ip\/wp-content\/uploads\/2023\/07\/wifi.jpg","type":"image\/jpeg"}],"twitter_card":"summary_large_image","twitter_misc":{"Est. reading time":"7 minutes"},"schema":{"@context":"https:\/\/schema.org","@graph":[{"@type":"WebPage","@id":"https:\/\/www.ping.fm\/ip\/fr\/mon-mifi\/","url":"https:\/\/www.ping.fm\/ip\/fr\/mon-mifi\/","name":"Mon.mifi. Mis \u00e0 jour en 2026","isPartOf":{"@id":"https:\/\/www.ping.fm\/ip\/#website"},"datePublished":"2023-10-20T15:24:43+00:00","dateModified":"2023-10-20T15:24:43+00:00","breadcrumb":{"@id":"https:\/\/www.ping.fm\/ip\/fr\/mon-mifi\/#breadcrumb"},"inLanguage":"en-US","potentialAction":[{"@type":"ReadAction","target":["https:\/\/www.ping.fm\/ip\/fr\/mon-mifi\/"]}]},{"@type":"BreadcrumbList","@id":"https:\/\/www.ping.fm\/ip\/fr\/mon-mifi\/#breadcrumb","itemListElement":[{"@type":"ListItem","position":1,"name":"Home","item":"https:\/\/www.ping.fm\/ip\/"},{"@type":"ListItem","position":2,"name":"Mon.mifi"}]},{"@type":"WebSite","@id":"https:\/\/www.ping.fm\/ip\/#website","url":"https:\/\/www.ping.fm\/ip\/","name":"IP","description":"","potentialAction":[{"@type":"SearchAction","target":{"@type":"EntryPoint","urlTemplate":"https:\/\/www.ping.fm\/ip\/?s={search_term_string}"},"query-input":"required name=search_term_string"}],"inLanguage":"en-US"}]}},"_links":{"self":[{"href":"https:\/\/www.ping.fm\/ip\/wp-json\/wp\/v2\/pages\/577"}],"collection":[{"href":"https:\/\/www.ping.fm\/ip\/wp-json\/wp\/v2\/pages"}],"about":[{"href":"https:\/\/www.ping.fm\/ip\/wp-json\/wp\/v2\/types\/page"}],"author":[{"embeddable":true,"href":"https:\/\/www.ping.fm\/ip\/wp-json\/wp\/v2\/users\/2"}],"replies":[{"embeddable":true,"href":"https:\/\/www.ping.fm\/ip\/wp-json\/wp\/v2\/comments?post=577"}],"version-history":[{"count":2,"href":"https:\/\/www.ping.fm\/ip\/wp-json\/wp\/v2\/pages\/577\/revisions"}],"predecessor-version":[{"id":594,"href":"https:\/\/www.ping.fm\/ip\/wp-json\/wp\/v2\/pages\/577\/revisions\/594"}],"wp:featuredmedia":[{"embeddable":true,"href":"https:\/\/www.ping.fm\/ip\/wp-json\/wp\/v2\/media\/15"}],"wp:attachment":[{"href":"https:\/\/www.ping.fm\/ip\/wp-json\/wp\/v2\/media?parent=577"}],"curies":[{"name":"wp","href":"https:\/\/api.w.org\/{rel}","templated":true}]}}