{"id":571,"date":"2023-10-20T14:58:40","date_gmt":"2023-10-20T14:58:40","guid":{"rendered":"https:\/\/www.ping.fm\/ip\/?page_id=571"},"modified":"2023-10-20T14:58:40","modified_gmt":"2023-10-20T14:58:40","slug":"home-fr","status":"publish","type":"page","link":"https:\/\/www.ping.fm\/ip\/fr\/home-fr\/","title":{"rendered":"Home"},"content":{"rendered":"<section class=\"banner\">\n<div class=\"banner--img\">\n<div class=\"banner--inner\">\n<h1>Un guide complet pour se connecter au routeur et aux adresses IP<\/h1>\n<p>Plongez dans notre guide d\u00e9taill\u00e9 pour comprendre les processus de connexion au routeur, les adresses IP comme 192.168.1.1, 10.0.0.1 et bien d&#8217;autres. Apprenez \u00e0 acc\u00e9der et \u00e0 g\u00e9rer les param\u00e8tres de votre routeur, \u00e0 v\u00e9rifier votre IP priv\u00e9e et \u00e0 optimiser votre r\u00e9seau gr\u00e2ce \u00e0 notre guide \u00e9tape par \u00e9tape facile \u00e0 suivre.<\/p>\n<p>Parfait pour les d\u00e9butants et les utilisateurs avanc\u00e9s.<\/p>\n<\/div>\n<\/div>\n<\/section>\n","protected":false},"excerpt":{"rendered":"<p>Un guide complet pour se connecter au routeur et aux adresses IP Plongez dans notre guide d\u00e9taill\u00e9 pour comprendre les processus de connexion au routeur, les adresses IP comme 192.168.1.1, 10.0.0.1 et bien d&#8217;autres. Apprenez \u00e0 acc\u00e9der et \u00e0 g\u00e9rer les param\u00e8tres de votre routeur, \u00e0 v\u00e9rifier votre IP priv\u00e9e et \u00e0 optimiser votre r\u00e9seau [&hellip;]<\/p>\n","protected":false},"author":2,"featured_media":15,"parent":0,"menu_order":0,"comment_status":"closed","ping_status":"closed","template":"homepage.php","meta":{"_stopmodifiedupdate":false,"_modified_date":"","_lmt_disableupdate":"yes","_lmt_disable":""},"yoast_head":"<!-- This site is optimized with the Yoast SEO plugin v20.9 - https:\/\/yoast.com\/wordpress\/plugins\/seo\/ -->\n<title>Comprendre la connexion au routeur et les adresses IP | Vos indispensables en r\u00e9seau<\/title>\n<meta name=\"description\" content=\"Plongez-vous dans notre guide complet pour comprendre les processus de connexion de routeur, les adresses IP telles que 192.168.1.1, 10.0.0.1, et plus encore. Apprenez comment acc\u00e9der et g\u00e9rer les param\u00e8tres de votre routeur, v\u00e9rifier votre IP priv\u00e9e, et optimiser votre r\u00e9seau en utilisant notre guide \u00e9tape par \u00e9tape facile \u00e0 suivre.\" \/>\n<meta name=\"robots\" content=\"index, follow, max-snippet:-1, max-image-preview:large, max-video-preview:-1\" \/>\n<link rel=\"canonical\" href=\"https:\/\/www.ping.fm\/ip\/fr\/home-fr\/\" \/>\n<meta property=\"og:locale\" content=\"en_US\" \/>\n<meta property=\"og:type\" content=\"article\" \/>\n<meta property=\"og:title\" content=\"Comprendre la connexion au routeur et les adresses IP | Vos indispensables en r\u00e9seau\" \/>\n<meta property=\"og:description\" content=\"Plongez-vous dans notre guide complet pour comprendre les processus de connexion de routeur, les adresses IP telles que 192.168.1.1, 10.0.0.1, et plus encore. Apprenez comment acc\u00e9der et g\u00e9rer les param\u00e8tres de votre routeur, v\u00e9rifier votre IP priv\u00e9e, et optimiser votre r\u00e9seau en utilisant notre guide \u00e9tape par \u00e9tape facile \u00e0 suivre.\" \/>\n<meta property=\"og:url\" content=\"https:\/\/www.ping.fm\/ip\/fr\/home-fr\/\" \/>\n<meta property=\"og:site_name\" content=\"IP\" \/>\n<meta property=\"og:image\" content=\"https:\/\/www.ping.fm\/ip\/wp-content\/uploads\/2023\/07\/wifi.jpg\" \/>\n\t<meta property=\"og:image:width\" content=\"1992\" \/>\n\t<meta property=\"og:image:height\" content=\"1852\" \/>\n\t<meta property=\"og:image:type\" content=\"image\/jpeg\" \/>\n<meta name=\"twitter:card\" content=\"summary_large_image\" \/>\n<script type=\"application\/ld+json\" class=\"yoast-schema-graph\">{\"@context\":\"https:\/\/schema.org\",\"@graph\":[{\"@type\":\"WebPage\",\"@id\":\"https:\/\/www.ping.fm\/ip\/fr\/home-fr\/\",\"url\":\"https:\/\/www.ping.fm\/ip\/fr\/home-fr\/\",\"name\":\"Comprendre la connexion au routeur et les adresses IP | Vos indispensables en r\u00e9seau\",\"isPartOf\":{\"@id\":\"https:\/\/www.ping.fm\/ip\/#website\"},\"datePublished\":\"2023-10-20T14:58:40+00:00\",\"dateModified\":\"2023-10-20T14:58:40+00:00\",\"description\":\"Plongez-vous dans notre guide complet pour comprendre les processus de connexion de routeur, les adresses IP telles que 192.168.1.1, 10.0.0.1, et plus encore. Apprenez comment acc\u00e9der et g\u00e9rer les param\u00e8tres de votre routeur, v\u00e9rifier votre IP priv\u00e9e, et optimiser votre r\u00e9seau en utilisant notre guide \u00e9tape par \u00e9tape facile \u00e0 suivre.\",\"breadcrumb\":{\"@id\":\"https:\/\/www.ping.fm\/ip\/fr\/home-fr\/#breadcrumb\"},\"inLanguage\":\"en-US\",\"potentialAction\":[{\"@type\":\"ReadAction\",\"target\":[\"https:\/\/www.ping.fm\/ip\/fr\/home-fr\/\"]}]},{\"@type\":\"BreadcrumbList\",\"@id\":\"https:\/\/www.ping.fm\/ip\/fr\/home-fr\/#breadcrumb\",\"itemListElement\":[{\"@type\":\"ListItem\",\"position\":1,\"name\":\"Home\",\"item\":\"https:\/\/www.ping.fm\/ip\/\"},{\"@type\":\"ListItem\",\"position\":2,\"name\":\"Home\"}]},{\"@type\":\"WebSite\",\"@id\":\"https:\/\/www.ping.fm\/ip\/#website\",\"url\":\"https:\/\/www.ping.fm\/ip\/\",\"name\":\"IP\",\"description\":\"\",\"potentialAction\":[{\"@type\":\"SearchAction\",\"target\":{\"@type\":\"EntryPoint\",\"urlTemplate\":\"https:\/\/www.ping.fm\/ip\/?s={search_term_string}\"},\"query-input\":\"required name=search_term_string\"}],\"inLanguage\":\"en-US\"}]}<\/script>\n<!-- \/ Yoast SEO plugin. -->","yoast_head_json":{"title":"Comprendre la connexion au routeur et les adresses IP | Vos indispensables en r\u00e9seau","description":"Plongez-vous dans notre guide complet pour comprendre les processus de connexion de routeur, les adresses IP telles que 192.168.1.1, 10.0.0.1, et plus encore. Apprenez comment acc\u00e9der et g\u00e9rer les param\u00e8tres de votre routeur, v\u00e9rifier votre IP priv\u00e9e, et optimiser votre r\u00e9seau en utilisant notre guide \u00e9tape par \u00e9tape facile \u00e0 suivre.","robots":{"index":"index","follow":"follow","max-snippet":"max-snippet:-1","max-image-preview":"max-image-preview:large","max-video-preview":"max-video-preview:-1"},"canonical":"https:\/\/www.ping.fm\/ip\/fr\/home-fr\/","og_locale":"en_US","og_type":"article","og_title":"Comprendre la connexion au routeur et les adresses IP | Vos indispensables en r\u00e9seau","og_description":"Plongez-vous dans notre guide complet pour comprendre les processus de connexion de routeur, les adresses IP telles que 192.168.1.1, 10.0.0.1, et plus encore. Apprenez comment acc\u00e9der et g\u00e9rer les param\u00e8tres de votre routeur, v\u00e9rifier votre IP priv\u00e9e, et optimiser votre r\u00e9seau en utilisant notre guide \u00e9tape par \u00e9tape facile \u00e0 suivre.","og_url":"https:\/\/www.ping.fm\/ip\/fr\/home-fr\/","og_site_name":"IP","og_image":[{"width":1992,"height":1852,"url":"https:\/\/www.ping.fm\/ip\/wp-content\/uploads\/2023\/07\/wifi.jpg","type":"image\/jpeg"}],"twitter_card":"summary_large_image","schema":{"@context":"https:\/\/schema.org","@graph":[{"@type":"WebPage","@id":"https:\/\/www.ping.fm\/ip\/fr\/home-fr\/","url":"https:\/\/www.ping.fm\/ip\/fr\/home-fr\/","name":"Comprendre la connexion au routeur et les adresses IP | Vos indispensables en r\u00e9seau","isPartOf":{"@id":"https:\/\/www.ping.fm\/ip\/#website"},"datePublished":"2023-10-20T14:58:40+00:00","dateModified":"2023-10-20T14:58:40+00:00","description":"Plongez-vous dans notre guide complet pour comprendre les processus de connexion de routeur, les adresses IP telles que 192.168.1.1, 10.0.0.1, et plus encore. Apprenez comment acc\u00e9der et g\u00e9rer les param\u00e8tres de votre routeur, v\u00e9rifier votre IP priv\u00e9e, et optimiser votre r\u00e9seau en utilisant notre guide \u00e9tape par \u00e9tape facile \u00e0 suivre.","breadcrumb":{"@id":"https:\/\/www.ping.fm\/ip\/fr\/home-fr\/#breadcrumb"},"inLanguage":"en-US","potentialAction":[{"@type":"ReadAction","target":["https:\/\/www.ping.fm\/ip\/fr\/home-fr\/"]}]},{"@type":"BreadcrumbList","@id":"https:\/\/www.ping.fm\/ip\/fr\/home-fr\/#breadcrumb","itemListElement":[{"@type":"ListItem","position":1,"name":"Home","item":"https:\/\/www.ping.fm\/ip\/"},{"@type":"ListItem","position":2,"name":"Home"}]},{"@type":"WebSite","@id":"https:\/\/www.ping.fm\/ip\/#website","url":"https:\/\/www.ping.fm\/ip\/","name":"IP","description":"","potentialAction":[{"@type":"SearchAction","target":{"@type":"EntryPoint","urlTemplate":"https:\/\/www.ping.fm\/ip\/?s={search_term_string}"},"query-input":"required name=search_term_string"}],"inLanguage":"en-US"}]}},"_links":{"self":[{"href":"https:\/\/www.ping.fm\/ip\/wp-json\/wp\/v2\/pages\/571"}],"collection":[{"href":"https:\/\/www.ping.fm\/ip\/wp-json\/wp\/v2\/pages"}],"about":[{"href":"https:\/\/www.ping.fm\/ip\/wp-json\/wp\/v2\/types\/page"}],"author":[{"embeddable":true,"href":"https:\/\/www.ping.fm\/ip\/wp-json\/wp\/v2\/users\/2"}],"replies":[{"embeddable":true,"href":"https:\/\/www.ping.fm\/ip\/wp-json\/wp\/v2\/comments?post=571"}],"version-history":[{"count":1,"href":"https:\/\/www.ping.fm\/ip\/wp-json\/wp\/v2\/pages\/571\/revisions"}],"predecessor-version":[{"id":572,"href":"https:\/\/www.ping.fm\/ip\/wp-json\/wp\/v2\/pages\/571\/revisions\/572"}],"wp:featuredmedia":[{"embeddable":true,"href":"https:\/\/www.ping.fm\/ip\/wp-json\/wp\/v2\/media\/15"}],"wp:attachment":[{"href":"https:\/\/www.ping.fm\/ip\/wp-json\/wp\/v2\/media?parent=571"}],"curies":[{"name":"wp","href":"https:\/\/api.w.org\/{rel}","templated":true}]}}