{"id":494,"date":"2023-10-19T17:43:34","date_gmt":"2023-10-19T17:43:34","guid":{"rendered":"https:\/\/www.ping.fm\/ip\/?page_id=494"},"modified":"2023-10-19T17:43:34","modified_gmt":"2023-10-19T17:43:34","slug":"ptcl-router-anmeldung","status":"publish","type":"page","link":"https:\/\/www.ping.fm\/ip\/de\/ptcl-router-anmeldung\/","title":{"rendered":"PTCL Router Anmeldung"},"content":{"rendered":"<article>\n<section>\n<h1>Beherrsche den Weg zum Zugang und zur Modifizierung Ihres PTCL Routers<\/h1>\n<div class=\"inbrief\">\n<div>\n        <img src=\"\/ip\/wp-content\/uploads\/generated\/PTCL-Router-Anmeldung.jpg\" alt=\"PTCL Router Anmeldung\" title=\"PTCL Router Anmeldung\" width=\"1280\" height=\"720\"><\/p>\n<p>Wenn Sie jemals m\u00fcde von diesem langweiligen alten WiFi-Namen geworden sind und ein bisschen Schwung hinein bringen m\u00f6chten, oder einfach der Herrscher sein wollen, der wie ein Technikprofi die <b>PTCL Router Einstellungen<\/b> kontrolliert, dann sind Sie, Jungs und M\u00e4dels, absolut am richtigen Ort!&#127919; Warum Raketen ins All schicken, wenn man jeden Tag seine Router Stimmung durchmischen kann, und das direkt vom eigenen Kaffeetisch aus? In diesem epischen Tauchgang in die aufregende Welt der <b>Router<\/b> und <b>WiFi Einstellungen<\/b> bekommen Sie die ultimative Anleitung, wie Sie sich bei der PTCL Router Oberfl\u00e4che einloggen, Ihren WiFi-Namen \u00e4ndern (wir empfehlen ganz klar so etwas wie &#8216;Wu-Tang LAN&#8217; oder &#8216;The Promised LAN&#8217;) und sogar mit den Sicherheitseinstellungen herumspielen k\u00f6nnen.&#128274; Und das ist noch nicht alles. Sie lernen, wie Sie das alles machen, indem Sie das magische Portal <a href=\"http:\/\/&#49;&#57;&#50;.&#49;&#54;&#56;.&#49;&#48;.&#49;\">&#49;&#57;&#50;.&#49;&#54;&#56;.&#49;&#48;.&#49;<\/a> nutzen. Tauchen wir ein!<\/p>\n<\/div>\n<\/div>\n<\/section>\n<section>\n<div>\n<div>1<\/div>\n<h2>Anmeldung beim PTCL Router Interface<\/h2>\n<\/div>\n<p>Als erstes werden wir uns damit besch\u00e4ftigen, wie man sich in die PTCL Router Einstellungen einloggt. Es ist einfacher als Waldo zu finden und alles, was Sie tun m\u00fcssen, ist diese Anweisungen zu befolgen \u2013 Sie werden sich schneller einloggen als Sie &#8216;Router Royale&#8217; sagen k\u00f6nnen!\ud83d\ude80<\/p>\n<p>\u00d6ffnen Sie Ihren Lieblingsbrowser und geben Sie <a href=\"http:\/\/192.168.10.1\">192.168.10.1<\/a> ein. Dann m\u00fcssen Sie nur noch &#8216;admin&#8217; sowohl f\u00fcr Benutzername als auch Passwort eingeben und auf den Anmeldeknopf klicken. Boom &#8211; Sie sind drin!\ud83d\ude0e<\/p>\n<p>Falls Sie auf Probleme sto\u00dfen, keine Panik &#8211; probieren Sie es stattdessen mit <a href=\"http:\/\/192.168.1.1\">192.168.1.1<\/a>. Die Standard-IP-Adresse, Benutzername und Passwort sollten auch auf einem Aufkleber irgendwo auf der R\u00fcckseite Ihres Routers gedruckt sein &#8211; schlaues Ding!<\/p>\n<\/section>\n<section>\n<div>\n<div>2<\/div>\n<h2>\u00c4ndern Sie Ihr WiFi Passwort und SSID<\/h2>\n<\/div>\n<p>Jetzt, da wir drin sind, lassen Sie uns zu den lustigen Sachen kommen \u2013 Modifizierung Ihres <b>WiFi Passwords<\/b> und des <b>Netzwerknamens<\/b> (oder der <b>SSID<\/b>)! Endlich k\u00f6nnen Sie Ihrem WiFi den Namen geben, den es verdient, und nicht nur irgendeine zuf\u00e4llige Kombination aus Zahlen und Buchstaben.\ud83d\ude04<\/p>\n<p>\u00d6ffnen Sie erneut Ihren Browser und gehen Sie zu <a href=\"http:\/\/192.168.10.1\">192.168.10.1<\/a>. Melden Sie sich bei Ihrem Router an und w\u00e4hlen Sie Wireless aus dem Men\u00fc, das dann erscheint (es wird da sein, versprochen!). Geben Sie Ihren neuen, ausgefallenen WiFi Netzwerknamen in das SSID Feld ein und speichern Sie diese Einstellungen \u2013 klicken Sie auf den Schaltfl\u00e4che Speichern\/Anwenden, als w\u00e4re sie hei\u00df \u2013 denn das ist sie!\ud83d\udd25<\/p>\n<p>In der gleichen Wireless Sektion w\u00e4hlen Sie diesmal Sicherheit aus. Geben Sie Ihr neues WiFi Passwort in das WPA\/WPAI Passwort Feld ein. Sobald Sie das getan haben, klicken Sie auf Speichern\/Anwenden, um diese \u00c4nderungen zu speichern. Sehen Sie mal, das war doch spa\u00dfig und einfach!<\/p>\n<\/section>\n<section>\n<h2>Schlussfolgerung: \ud83c\udfc1<\/h2>\n<div class=\"nonp\">\n<p>Sie haben es geschafft &#8211; Sie sind nun ein echter, \u00fcberladener, unbestreitbarer Technikguru in der Welt der PTCL Router Einstellungen. Klopfen Sie sich auf die Schulter und prahlen Sie ruhig bei Ihren Freunden mit diesen tollen Technikkenntnissen, die Sie gerade gelernt haben. Sie haben nun die Kraft, Ihren WiFi Namen frei zu \u00e4ndern, sein Passwort zu modifizieren, UND sich wie ein Chef in Ihre PTCL Router Einstellungen einzuloggen! Denken Sie daran, mit gro\u00dfer Macht kommt gro\u00dfe Verantwortung, also nutzen Sie Ihre Router Kr\u00e4fte weise!&#128104;&#8205;&#128187;&#128105;&#8205;&#128187;<\/p>\n<p>Also, wie werden Sie Ihr WiFi nun nennen? Teilen Sie Ihre kreativen Antworten mit uns &#8211; es wird gro\u00dfartig sein, da sind wir uns sicher!&#128512;<\/p>\n<\/div>\n<\/section>\n<section itemscope=\"\" itemtype=\"https:\/\/schema.org\/FAQPage\">\n<div class=\"panel\" itemprop=\"mainEntity\" itemscope=\"\" itemtype=\"https:\/\/schema.org\/Question\">\n<div class=\"toggle-link\">\n<h3 class=\"panel-title\" itemprop=\"name\">\n                Was ist die Standardadresse, um auf die PTCL-Router-Einstellungen zuzugreifen?<\/h3>\n<\/div>\n<div class=\"panel-collapse\">\n<div class=\"panel-body\" itemprop=\"acceptedAnswer\" itemscope=\"\" itemtype=\"https:\/\/schema.org\/Answer\">\n<div itemprop=\"text\">\n<p>Die Standardadresse, um auf die PTCL-Router-Einstellungen zuzugreifen, ist die IP-Adresse <a href=http:\/\/192.168.10.1>192.168.10.1<\/a>. Wenn diese IP allerdings nicht funktioniert, probieren Sie alternativ die IP <a href=http:\/\/192.168.1.1>192.168.1.1<\/a>.<\/p>\n<\/div>\n<\/div>\n<\/div>\n<\/div>\n<div class=\"panel\" itemprop=\"mainEntity\" itemscope=\"\" itemtype=\"https:\/\/schema.org\/Question\">\n<div class=\"toggle-link\">\n<h3 class=\"panel-title\" itemprop=\"name\">\n                Was sind die Standard PTCL-Router-Anmeldedaten?<\/h3>\n<\/div>\n<div class=\"panel-collapse\">\n<div class=\"panel-body\" itemprop=\"acceptedAnswer\" itemscope=\"\" itemtype=\"https:\/\/schema.org\/Answer\">\n<div itemprop=\"text\">\n<p>Der Standard <b>Benutzername<\/b> und das <b>Passwort<\/b> f\u00fcr die PTCL-Router-Anmeldung sind beide &#8216;admin&#8217;. Diese Informationen finden Sie in der Regel auf einem Aufkleber auf der R\u00fcckseite Ihres Routers.<\/p>\n<\/div>\n<\/div>\n<\/div>\n<\/div>\n<div class=\"panel\" itemprop=\"mainEntity\" itemscope=\"\" itemtype=\"https:\/\/schema.org\/Question\">\n<div class=\"toggle-link\">\n<h3 class=\"panel-title\" itemprop=\"name\">\n                Wie melde ich mich bei dem PTCL-Router an?<\/h3>\n<\/div>\n<div class=\"panel-collapse\">\n<div class=\"panel-body\" itemprop=\"acceptedAnswer\" itemscope=\"\" itemtype=\"https:\/\/schema.org\/Answer\">\n<div itemprop=\"text\">\n<p>Um sich bei dem PTCL-Router anzumelden, geben Sie <a href=http:\/\/192.168.10.1>192.168.10.1<\/a> in die Adressleiste eines Webbrowsers ein. Anschlie\u00dfend geben Sie den <b>Benutzernamen<\/b> und das <b>Passwort<\/b>, welche beide &#8216;admin&#8217; sind, ein und klicken auf den &#8216;Login&#8217;-Button.<\/p>\n<\/div>\n<\/div>\n<\/div>\n<\/div>\n<div class=\"panel\" itemprop=\"mainEntity\" itemscope=\"\" itemtype=\"https:\/\/schema.org\/Question\">\n<div class=\"toggle-link\">\n<h3 class=\"panel-title\" itemprop=\"name\">\n                Was ist, wenn die Standard-PTCL-Router-Anmeldedaten nicht funktionieren?<\/h3>\n<\/div>\n<div class=\"panel-collapse\">\n<div class=\"panel-body\" itemprop=\"acceptedAnswer\" itemscope=\"\" itemtype=\"https:\/\/schema.org\/Answer\">\n<div itemprop=\"text\">\n<p>Wenn die Standard-PTCL-Router-Anmeldedaten nicht funktionieren, versuchen Sie, den richtigen Benutzernamen und das Passwort auf dem Aufkleber zu finden, der in der Regel auf der R\u00fcckseite des Routers angebracht ist.<\/p>\n<\/div>\n<\/div>\n<\/div>\n<\/div>\n<div class=\"panel\" itemprop=\"mainEntity\" itemscope=\"\" itemtype=\"https:\/\/schema.org\/Question\">\n<div class=\"toggle-link\">\n<h3 class=\"panel-title\" itemprop=\"name\">\n                Wie \u00e4ndere ich das WLAN-Passwort auf meinem PTCL-Router?<\/h3>\n<\/div>\n<div class=\"panel-collapse\">\n<div class=\"panel-body\" itemprop=\"acceptedAnswer\" itemscope=\"\" itemtype=\"https:\/\/schema.org\/Answer\">\n<div itemprop=\"text\">\n<p>Um Ihr PTCL WLAN-Passwort zu \u00e4ndern, melden Sie sich bei dem Router an, w\u00e4hlen Sie <b>Wireless<\/b> aus dem Men\u00fc, dann <b>Sicherheit<\/b>. Geben Sie Ihr gew\u00fcnschtes Passwort in das Feld <b>WPA\/WPAI-Phrase<\/b> ein, und klicken Sie auf <b>Anwenden\/Speichern<\/b>.<\/p>\n<\/div>\n<\/div>\n<\/div>\n<\/div>\n<div class=\"panel\" itemprop=\"mainEntity\" itemscope=\"\" itemtype=\"https:\/\/schema.org\/Question\">\n<div class=\"toggle-link\">\n<h3 class=\"panel-title\" itemprop=\"name\">\n                Wie \u00e4ndere ich die SSID meines PTCL-Routers?<\/h3>\n<\/div>\n<div class=\"panel-collapse\">\n<div class=\"panel-body\" itemprop=\"acceptedAnswer\" itemscope=\"\" itemtype=\"https:\/\/schema.org\/Answer\">\n<div itemprop=\"text\">\n<p>Um die SSID Ihres PTCL-Routers zu \u00e4ndern, navigieren Sie zu den Routereinstellungen, w\u00e4hlen Sie <b>Wireless<\/b> aus dem Men\u00fc und geben Sie Ihren gew\u00fcnschten Netzwerknamen in das Feld <b>SSID<\/b> ein. Best\u00e4tigen Sie die \u00c4nderungen, indem Sie auf <b>Anwenden\/Speichern<\/b> klicken.<\/p>\n<\/div>\n<\/div>\n<\/div>\n<\/div>\n<div class=\"panel\" itemprop=\"mainEntity\" itemscope=\"\" itemtype=\"https:\/\/schema.org\/Question\">\n<div class=\"toggle-link\">\n<h3 class=\"panel-title\" itemprop=\"name\">\n                Wie kann ich meinen PTCL-Router zur\u00fccksetzen?<\/h3>\n<\/div>\n<div class=\"panel-collapse\">\n<div class=\"panel-body\" itemprop=\"acceptedAnswer\" itemscope=\"\" itemtype=\"https:\/\/schema.org\/Answer\">\n<div itemprop=\"text\">\n<p>Wenn Sie Probleme mit dem PTCL-Router haben, befindet sich in der Regel ein kleiner Reset-Knopf auf dem Ger\u00e4t. Dr\u00fccken und halten Sie diesen, bis die Leuchten auf dem Router zu blinken beginnen, was signalisiert, dass der Router zur\u00fcckgesetzt wurde.<\/p>\n<\/div>\n<\/div>\n<\/div>\n<\/div>\n<div class=\"panel\" itemprop=\"mainEntity\" itemscope=\"\" itemtype=\"https:\/\/schema.org\/Question\">\n<div class=\"toggle-link\">\n<h3 class=\"panel-title\" itemprop=\"name\">\n                Ist es m\u00f6glich, die Standard-Login-IP-Adresse meines PTCL-Routers zu \u00e4ndern?<\/h3>\n<\/div>\n<div class=\"panel-collapse\">\n<div class=\"panel-body\" itemprop=\"acceptedAnswer\" itemscope=\"\" itemtype=\"https:\/\/schema.org\/Answer\">\n<div itemprop=\"text\">\n<p>Ja, Sie k\u00f6nnen die Standard-Login-IP Ihres PTCL-Routers \u00e4ndern. Um dies zu tun, melden Sie sich bei den Routereinstellungen an, gehen Sie zu den LAN-Einstellungen und \u00e4ndern Sie die IP-Adresse. Vergessen Sie nicht, die \u00c4nderungen zu speichern.<\/p>\n<\/div>\n<\/div>\n<\/div>\n<\/div>\n<div class=\"panel\" itemprop=\"mainEntity\" itemscope=\"\" itemtype=\"https:\/\/schema.org\/Question\">\n<div class=\"toggle-link\">\n<h3 class=\"panel-title\" itemprop=\"name\">\n                K\u00f6nnen die PTCL-Router-Einstellungen von einem mobilen Ger\u00e4t aus aufgerufen werden?<\/h3>\n<\/div>\n<div class=\"panel-collapse\">\n<div class=\"panel-body\" itemprop=\"acceptedAnswer\" itemscope=\"\" itemtype=\"https:\/\/schema.org\/Answer\">\n<div itemprop=\"text\">\n<p>Ja, die PTCL-Router-Einstellungen k\u00f6nnen von einem mobilen Ger\u00e4t aus aufgerufen werden. \u00d6ffnen Sie einfach einen Webbrowser auf Ihrem Handy und geben Sie die IP-Adresse des Routers in die Adressleiste ein.<\/p>\n<\/div>\n<\/div>\n<\/div>\n<\/div>\n<div class=\"panel\" itemprop=\"mainEntity\" itemscope=\"\" itemtype=\"https:\/\/schema.org\/Question\">\n<div class=\"toggle-link\">\n<h3 class=\"panel-title\" itemprop=\"name\">\n                Was ist, wenn ich die ge\u00e4nderten Anmeldedaten f\u00fcr meinen PTCL-Router vergesse?<\/h3>\n<\/div>\n<div class=\"panel-collapse\">\n<div class=\"panel-body\" itemprop=\"acceptedAnswer\" itemscope=\"\" itemtype=\"https:\/\/schema.org\/Answer\">\n<div itemprop=\"text\">\n<p>Wenn Sie die ge\u00e4nderten Anmeldedaten f\u00fcr Ihren PTCL-Router vergessen, k\u00f6nnen Sie den Router zur\u00fccksetzen, um die Standard-Login-Einstellungen wiederherzustellen. Dies kann durch Dr\u00fccken und Halten des Reset-Knopfs auf dem Router durchgef\u00fchrt werden.<\/p>\n<\/div>\n<\/div>\n<\/div>\n<\/div>\n<div class=\"panel\" itemprop=\"mainEntity\" itemscope=\"\" itemtype=\"https:\/\/schema.org\/Question\">\n<div class=\"toggle-link\">\n<h3 class=\"panel-title\" itemprop=\"name\">\n                Wird ein spezieller Browser ben\u00f6tigt, um auf die PTCL-Router-Einstellungen zuzugreifen?<\/h3>\n<\/div>\n<div class=\"panel-collapse\">\n<div class=\"panel-body\" itemprop=\"acceptedAnswer\" itemscope=\"\" itemtype=\"https:\/\/schema.org\/Answer\">\n<div itemprop=\"text\">\n<p>Nein, es wird kein spezieller Browser ben\u00f6tigt, um auf die PTCL-Router-Einstellungen zuzugreifen. Sie k\u00f6nnen jeden Browser Ihrer Wahl verwenden, wie Chrome, Firefox, Safari oder Edge.<\/p>\n<\/div>\n<\/div>\n<\/div>\n<\/div>\n<div class=\"panel\" itemprop=\"mainEntity\" itemscope=\"\" itemtype=\"https:\/\/schema.org\/Question\">\n<div class=\"toggle-link\">\n<h3 class=\"panel-title\" itemprop=\"name\">\n                Warum funktioniert 192.168.10.1 nicht, um mich bei meinem PTCL-Router anzumelden?<\/h3>\n<\/div>\n<div class=\"panel-collapse\">\n<div class=\"panel-body\" itemprop=\"acceptedAnswer\" itemscope=\"\" itemtype=\"https:\/\/schema.org\/Answer\">\n<div itemprop=\"text\">\n<p>Wenn 192.168.10.1 nicht funktioniert, ist es m\u00f6glich, dass die Standard-IP-Adresse Ihres PTCL-Routers ge\u00e4ndert wurde oder dass es Probleme mit Ihrer Netzwerkverbindung gibt. Versuchen Sie es mit einer anderen IP wie <a href=http:\/\/192.168.1.1>192.168.1.1<\/a>.<\/p>\n<\/div>\n<\/div>\n<\/div>\n<\/div>\n<div class=\"panel\" itemprop=\"mainEntity\" itemscope=\"\" itemtype=\"https:\/\/schema.org\/Question\">\n<div class=\"toggle-link\">\n<h3 class=\"panel-title\" itemprop=\"name\">\n                Wie finde ich die Standard-IP-Adresse meines PTCL-Routers?<\/h3>\n<\/div>\n<div class=\"panel-collapse\">\n<div class=\"panel-body\" itemprop=\"acceptedAnswer\" itemscope=\"\" itemtype=\"https:\/\/schema.org\/Answer\">\n<div itemprop=\"text\">\n<p>Die Standard-IP-Adresse des PTCL-Routers ist in der Regel auf einem Aufkleber auf der R\u00fcckseite des Ger\u00e4ts gedruckt. Wenn sie dort nicht steht, sind die am h\u00e4ufigsten verwendeten IPs <a href=http:\/\/192.168.10.1>192.168.10.1<\/a> und <a href=http:\/\/192.168.1.1>192.168.1.1<\/a>.<\/p>\n<\/div>\n<\/div>\n<\/div>\n<\/div>\n<div class=\"panel\" itemprop=\"mainEntity\" itemscope=\"\" itemtype=\"https:\/\/schema.org\/Question\">\n<div class=\"toggle-link\">\n<h3 class=\"panel-title\" itemprop=\"name\">\n                Welche Vorsichtsma\u00dfnahmen sollte ich treffen, bevor ich meine PTCL-Router-Einstellungen \u00e4ndere?<\/h3>\n<\/div>\n<div class=\"panel-collapse\">\n<div class=\"panel-body\" itemprop=\"acceptedAnswer\" itemscope=\"\" itemtype=\"https:\/\/schema.org\/Answer\">\n<div itemprop=\"text\">\n<p>Bevor Sie irgendwelche PTCL-Router-Einstellungen \u00e4ndern, ist es am besten, die bestehenden aufzuzeichnen. Eine unbeabsichtigte Einstellungs\u00e4nderung kann die Netzwerkkonnektivit\u00e4t st\u00f6ren und ein Aufzeichnen erm\u00f6glicht eine einfache Wiederherstellung der urspr\u00fcnglichen Einstellungen, wenn n\u00f6tig.<\/p>\n<\/div>\n<\/div>\n<\/div>\n<\/div>\n<div class=\"panel\" itemprop=\"mainEntity\" itemscope=\"\" itemtype=\"https:\/\/schema.org\/Question\">\n<div class=\"toggle-link\">\n<h3 class=\"panel-title\" itemprop=\"name\">\n                Wof\u00fcr steht SSID in den PTCL-Router-Einstellungen?<\/h3>\n<\/div>\n<div class=\"panel-collapse\">\n<div class=\"panel-body\" itemprop=\"acceptedAnswer\" itemscope=\"\" itemtype=\"https:\/\/schema.org\/Answer\">\n<div itemprop=\"text\">\n<p>In den Einstellungen des PTCL-Routers steht SSID f\u00fcr Service Set Identifier, was im Grunde genommen ein eindeutiger Name f\u00fcr Ihr drahtloses Netzwerk ist.<\/p>\n<\/div>\n<\/div>\n<\/div>\n<\/div>\n<div class=\"panel\" itemprop=\"mainEntity\" itemscope=\"\" itemtype=\"https:\/\/schema.org\/Question\">\n<div class=\"toggle-link\">\n<h3 class=\"panel-title\" itemprop=\"name\">\n                K\u00f6nnen mehrere Ger\u00e4te gleichzeitig mit einem PTCL-Router verbunden werden?<\/h3>\n<\/div>\n<div class=\"panel-collapse\">\n<div class=\"panel-body\" itemprop=\"acceptedAnswer\" itemscope=\"\" itemtype=\"https:\/\/schema.org\/Answer\">\n<div itemprop=\"text\">\n<p>Ja, mehrere Ger\u00e4te k\u00f6nnen gleichzeitig mit einem PTCL-Router verbunden werden. Die maximale Anzahl der Verbindungen und die Gesamtleistung k\u00f6nnen jedoch vom spezifischen Modell des Routers abh\u00e4ngen.<\/p>\n<\/div>\n<\/div>\n<\/div>\n<\/div>\n<div class=\"panel\" itemprop=\"mainEntity\" itemscope=\"\" itemtype=\"https:\/\/schema.org\/Question\">\n<div class=\"toggle-link\">\n<h3 class=\"panel-title\" itemprop=\"name\">\n                Was sollte ich tun, wenn ich mich nicht bei meinem PTCL-Router anmelden kann, auch nachdem ich ihn zur\u00fcckgesetzt habe?<\/h3>\n<\/div>\n<div class=\"panel-collapse\">\n<div class=\"panel-body\" itemprop=\"acceptedAnswer\" itemscope=\"\" itemtype=\"https:\/\/schema.org\/Answer\">\n<div itemprop=\"text\">\n<p>Wenn Sie sich nicht bei Ihrem PTCL-Router anmelden k\u00f6nnen, auch nachdem Sie ihn zur\u00fcckgesetzt haben, m\u00fcssen Sie m\u00f6glicherweise PTCL-Support f\u00fcr weitere Hilfe kontaktieren oder das Ger\u00e4t ersetzen, wenn es defekt ist.<\/p>\n<\/div>\n<\/div>\n<\/div>\n<\/div>\n<div class=\"panel\" itemprop=\"mainEntity\" itemscope=\"\" itemtype=\"https:\/\/schema.org\/Question\">\n<div class=\"toggle-link\">\n<h3 class=\"panel-title\" itemprop=\"name\">\n                Kann der WLAN-Kanal auf meinem PTCL-Router ge\u00e4ndert werden?<\/h3>\n<\/div>\n<div class=\"panel-collapse\">\n<div class=\"panel-body\" itemprop=\"acceptedAnswer\" itemscope=\"\" itemtype=\"https:\/\/schema.org\/Answer\">\n<div itemprop=\"text\">\n<p>Ja, der WLAN-Kanal auf einem PTCL-Router kann ge\u00e4ndert werden. Dies kann durch Anmelden bei den Einstellungen des Routers, Ausw\u00e4hlen der Option <b>Wireless<\/b> und Auswahl eines Kanals aus dem Dropdown-Men\u00fc erfolgen.<\/p>\n<\/div>\n<\/div>\n<\/div>\n<\/div>\n<div class=\"panel\" itemprop=\"mainEntity\" itemscope=\"\" itemtype=\"https:\/\/schema.org\/Question\">\n<div class=\"toggle-link\">\n<h3 class=\"panel-title\" itemprop=\"name\">\n                Wie sicher ist der PTCL-Router?<\/h3>\n<\/div>\n<div class=\"panel-collapse\">\n<div class=\"panel-body\" itemprop=\"acceptedAnswer\" itemscope=\"\" itemtype=\"https:\/\/schema.org\/Answer\">\n<div itemprop=\"text\">\n<p>Die Sicherheit des PTCL-Routers h\u00e4ngt von den Sicherheitseinstellungen ab, die Sie angewendet haben. Mindestens sollten Sie das Standard-Admin-Passwort \u00e4ndern und die WPA\/WPA2-Wireless-Verschl\u00fcsselung aktivieren. Regelm\u00e4\u00dfige Aktualisierungen der Router-Firmware tragen ebenfalls zur Sicherheit bei.<\/p>\n<\/div>\n<\/div>\n<\/div>\n<\/div>\n<div class=\"panel\" itemprop=\"mainEntity\" itemscope=\"\" itemtype=\"https:\/\/schema.org\/Question\">\n<div class=\"toggle-link\">\n<h3 class=\"panel-title\" itemprop=\"name\">\n                Was sind die Vorteile, wenn ich die Standard-PTCL-Router-Anmeldedaten \u00e4ndere?<\/h3>\n<\/div>\n<div class=\"panel-collapse\">\n<div class=\"panel-body\" itemprop=\"acceptedAnswer\" itemscope=\"\" itemtype=\"https:\/\/schema.org\/Answer\">\n<div itemprop=\"text\">\n<p>Die \u00c4nderung der Standard-PTCL-Router-Anmeldedaten erh\u00f6ht die Sicherheit Ihres Netzwerks. Diese Ma\u00dfnahme macht es Hackern schwerer, auf Ihre Netzwerkeinstellungen zuzugreifen und diese zu manipulieren.<\/p>\n<\/div>\n<\/div>\n<\/div>\n<\/div>\n<\/section>\n<\/article>\n","protected":false},"excerpt":{"rendered":"<p>Beherrsche den Weg zum Zugang und zur Modifizierung Ihres PTCL Routers Wenn Sie jemals m\u00fcde von diesem langweiligen alten WiFi-Namen geworden sind und ein bisschen Schwung hinein bringen m\u00f6chten, oder einfach der Herrscher sein wollen, der wie ein Technikprofi die PTCL Router Einstellungen kontrolliert, dann sind Sie, Jungs und M\u00e4dels, absolut am richtigen Ort!&#127919; Warum [&hellip;]<\/p>\n","protected":false},"author":2,"featured_media":15,"parent":0,"menu_order":0,"comment_status":"closed","ping_status":"closed","template":"chromecast.php","meta":{"_stopmodifiedupdate":false,"_modified_date":"","_lmt_disableupdate":"yes","_lmt_disable":""},"yoast_head":"<!-- This site is optimized with the Yoast SEO plugin v20.9 - https:\/\/yoast.com\/wordpress\/plugins\/seo\/ -->\n<title>PTCL Router Anmeldung. Aktualisiert im Jahr 2026<\/title>\n<meta name=\"robots\" content=\"index, follow, max-snippet:-1, max-image-preview:large, max-video-preview:-1\" \/>\n<link rel=\"canonical\" href=\"https:\/\/www.ping.fm\/ip\/de\/ptcl-router-anmeldung\/\" \/>\n<meta property=\"og:locale\" content=\"en_US\" \/>\n<meta property=\"og:type\" content=\"article\" \/>\n<meta property=\"og:title\" content=\"PTCL Router Anmeldung. Aktualisiert im Jahr 2026\" \/>\n<meta property=\"og:description\" content=\"Beherrsche den Weg zum Zugang und zur Modifizierung Ihres PTCL Routers Wenn Sie jemals m\u00fcde von diesem langweiligen alten WiFi-Namen geworden sind und ein bisschen Schwung hinein bringen m\u00f6chten, oder einfach der Herrscher sein wollen, der wie ein Technikprofi die PTCL Router Einstellungen kontrolliert, dann sind Sie, Jungs und M\u00e4dels, absolut am richtigen Ort!&#127919; Warum [&hellip;]\" \/>\n<meta property=\"og:url\" content=\"https:\/\/www.ping.fm\/ip\/de\/ptcl-router-anmeldung\/\" \/>\n<meta property=\"og:site_name\" content=\"IP\" \/>\n<meta property=\"og:image\" content=\"https:\/\/www.ping.fm\/ip\/wp-content\/uploads\/2023\/07\/wifi.jpg\" \/>\n\t<meta property=\"og:image:width\" content=\"1992\" \/>\n\t<meta property=\"og:image:height\" content=\"1852\" \/>\n\t<meta property=\"og:image:type\" content=\"image\/jpeg\" \/>\n<meta name=\"twitter:card\" content=\"summary_large_image\" \/>\n<meta name=\"twitter:label1\" content=\"Est. reading time\" \/>\n\t<meta name=\"twitter:data1\" content=\"6 minutes\" \/>\n<script type=\"application\/ld+json\" class=\"yoast-schema-graph\">{\"@context\":\"https:\/\/schema.org\",\"@graph\":[{\"@type\":\"WebPage\",\"@id\":\"https:\/\/www.ping.fm\/ip\/de\/ptcl-router-anmeldung\/\",\"url\":\"https:\/\/www.ping.fm\/ip\/de\/ptcl-router-anmeldung\/\",\"name\":\"PTCL Router Anmeldung. Aktualisiert im Jahr 2026\",\"isPartOf\":{\"@id\":\"https:\/\/www.ping.fm\/ip\/#website\"},\"datePublished\":\"2023-10-19T17:43:34+00:00\",\"dateModified\":\"2023-10-19T17:43:34+00:00\",\"breadcrumb\":{\"@id\":\"https:\/\/www.ping.fm\/ip\/de\/ptcl-router-anmeldung\/#breadcrumb\"},\"inLanguage\":\"en-US\",\"potentialAction\":[{\"@type\":\"ReadAction\",\"target\":[\"https:\/\/www.ping.fm\/ip\/de\/ptcl-router-anmeldung\/\"]}]},{\"@type\":\"BreadcrumbList\",\"@id\":\"https:\/\/www.ping.fm\/ip\/de\/ptcl-router-anmeldung\/#breadcrumb\",\"itemListElement\":[{\"@type\":\"ListItem\",\"position\":1,\"name\":\"Home\",\"item\":\"https:\/\/www.ping.fm\/ip\/\"},{\"@type\":\"ListItem\",\"position\":2,\"name\":\"PTCL Router Anmeldung\"}]},{\"@type\":\"WebSite\",\"@id\":\"https:\/\/www.ping.fm\/ip\/#website\",\"url\":\"https:\/\/www.ping.fm\/ip\/\",\"name\":\"IP\",\"description\":\"\",\"potentialAction\":[{\"@type\":\"SearchAction\",\"target\":{\"@type\":\"EntryPoint\",\"urlTemplate\":\"https:\/\/www.ping.fm\/ip\/?s={search_term_string}\"},\"query-input\":\"required name=search_term_string\"}],\"inLanguage\":\"en-US\"}]}<\/script>\n<!-- \/ Yoast SEO plugin. -->","yoast_head_json":{"title":"PTCL Router Anmeldung. Aktualisiert im Jahr 2026","robots":{"index":"index","follow":"follow","max-snippet":"max-snippet:-1","max-image-preview":"max-image-preview:large","max-video-preview":"max-video-preview:-1"},"canonical":"https:\/\/www.ping.fm\/ip\/de\/ptcl-router-anmeldung\/","og_locale":"en_US","og_type":"article","og_title":"PTCL Router Anmeldung. Aktualisiert im Jahr 2026","og_description":"Beherrsche den Weg zum Zugang und zur Modifizierung Ihres PTCL Routers Wenn Sie jemals m\u00fcde von diesem langweiligen alten WiFi-Namen geworden sind und ein bisschen Schwung hinein bringen m\u00f6chten, oder einfach der Herrscher sein wollen, der wie ein Technikprofi die PTCL Router Einstellungen kontrolliert, dann sind Sie, Jungs und M\u00e4dels, absolut am richtigen Ort!&#127919; Warum [&hellip;]","og_url":"https:\/\/www.ping.fm\/ip\/de\/ptcl-router-anmeldung\/","og_site_name":"IP","og_image":[{"width":1992,"height":1852,"url":"https:\/\/www.ping.fm\/ip\/wp-content\/uploads\/2023\/07\/wifi.jpg","type":"image\/jpeg"}],"twitter_card":"summary_large_image","twitter_misc":{"Est. reading time":"6 minutes"},"schema":{"@context":"https:\/\/schema.org","@graph":[{"@type":"WebPage","@id":"https:\/\/www.ping.fm\/ip\/de\/ptcl-router-anmeldung\/","url":"https:\/\/www.ping.fm\/ip\/de\/ptcl-router-anmeldung\/","name":"PTCL Router Anmeldung. Aktualisiert im Jahr 2026","isPartOf":{"@id":"https:\/\/www.ping.fm\/ip\/#website"},"datePublished":"2023-10-19T17:43:34+00:00","dateModified":"2023-10-19T17:43:34+00:00","breadcrumb":{"@id":"https:\/\/www.ping.fm\/ip\/de\/ptcl-router-anmeldung\/#breadcrumb"},"inLanguage":"en-US","potentialAction":[{"@type":"ReadAction","target":["https:\/\/www.ping.fm\/ip\/de\/ptcl-router-anmeldung\/"]}]},{"@type":"BreadcrumbList","@id":"https:\/\/www.ping.fm\/ip\/de\/ptcl-router-anmeldung\/#breadcrumb","itemListElement":[{"@type":"ListItem","position":1,"name":"Home","item":"https:\/\/www.ping.fm\/ip\/"},{"@type":"ListItem","position":2,"name":"PTCL Router Anmeldung"}]},{"@type":"WebSite","@id":"https:\/\/www.ping.fm\/ip\/#website","url":"https:\/\/www.ping.fm\/ip\/","name":"IP","description":"","potentialAction":[{"@type":"SearchAction","target":{"@type":"EntryPoint","urlTemplate":"https:\/\/www.ping.fm\/ip\/?s={search_term_string}"},"query-input":"required name=search_term_string"}],"inLanguage":"en-US"}]}},"_links":{"self":[{"href":"https:\/\/www.ping.fm\/ip\/wp-json\/wp\/v2\/pages\/494"}],"collection":[{"href":"https:\/\/www.ping.fm\/ip\/wp-json\/wp\/v2\/pages"}],"about":[{"href":"https:\/\/www.ping.fm\/ip\/wp-json\/wp\/v2\/types\/page"}],"author":[{"embeddable":true,"href":"https:\/\/www.ping.fm\/ip\/wp-json\/wp\/v2\/users\/2"}],"replies":[{"embeddable":true,"href":"https:\/\/www.ping.fm\/ip\/wp-json\/wp\/v2\/comments?post=494"}],"version-history":[{"count":2,"href":"https:\/\/www.ping.fm\/ip\/wp-json\/wp\/v2\/pages\/494\/revisions"}],"predecessor-version":[{"id":568,"href":"https:\/\/www.ping.fm\/ip\/wp-json\/wp\/v2\/pages\/494\/revisions\/568"}],"wp:featuredmedia":[{"embeddable":true,"href":"https:\/\/www.ping.fm\/ip\/wp-json\/wp\/v2\/media\/15"}],"wp:attachment":[{"href":"https:\/\/www.ping.fm\/ip\/wp-json\/wp\/v2\/media?parent=494"}],"curies":[{"name":"wp","href":"https:\/\/api.w.org\/{rel}","templated":true}]}}