{"id":471,"date":"2023-10-19T17:18:35","date_gmt":"2023-10-19T17:18:35","guid":{"rendered":"https:\/\/www.ping.fm\/ip\/?page_id=471"},"modified":"2023-10-19T17:18:35","modified_gmt":"2023-10-19T17:18:35","slug":"netis-router-anmeldung","status":"publish","type":"page","link":"https:\/\/www.ping.fm\/ip\/de\/netis-router-anmeldung\/","title":{"rendered":"Netis Router Anmeldung"},"content":{"rendered":"<article>\n<section>\n<h1>Die Leistung des Netis-Routers freischalten: Ein umfassender Leitfaden zum Netis Router Login<\/h1>\n<div class=\"inbrief\">\n<div>\n                                <img src=\"\/ip\/wp-content\/uploads\/generated\/Netis-Router-Anmeldung.jpg\" alt=\"Netis Router Anmeldung\" title=\"Netis Router Anmeldung\" width=\"1280\" height=\"720\"><br \/>\n                                Entfesseln Sie das volle Potenzial Ihres Netis-Routers, indem Sie lernen, wie man die Weboberfl\u00e4che navigiert. Dieser praktische Leitfaden f\u00fchrt Sie durch den Zugang zur Oberfl\u00e4che, die Einrichtung Ihres Netzwerknamens (SSID) und die \u00c4nderung Ihres WiFi-Passworts, und das alles mit nur wenigen Tastenanschl\u00e4gen auf Ihrer Tastatur. Also schnallen Sie sich an und tauchen wir direkt in die Welt der Routerautomatisierung ein unter <a href='http:\/\/netis.cc'>netis.cc<\/a> oder <a href='http:\/\/&#49;&#57;&#50;.&#49;&#54;&#56;.&#49;.&#49;'>&#49;&#57;&#50;.&#49;&#54;&#56;.&#49;.&#49;<\/a>. &#128526;<\/div>\n<\/div>\n<\/section>\n<section>\n<div>\n<div>1<\/div>\n<h2>Betreten Sie die Netis Router-Oberfl\u00e4che<\/h2>\n<\/div>\n<p>Beginnen Sie Ihre Reise, indem Sie Ihren Webbrowser \u00f6ffnen (es k\u00f6nnte Chrome, Firefox, Safari sein, Sie verstehen die Idee. \ud83d\ude09 ). Stellen Sie sicher, dass Sie mit dem Netzwerk Ihres Netis-Routers verbunden sind und geben Sie <a href='http:\/\/netis.cc'>netis.cc<\/a> oder <a href='http:\/\/192.168.1.1'>192.168.1.1<\/a> in die Adressleiste ein. Ein Anmeldebildschirm sollte Sie begr\u00fc\u00dfen. \ud83c\udf89 Geben Sie Ihren Benutzernamen und Ihr Passwort in die entsprechenden Felder ein (falls erforderlich) und dr\u00fccken Sie den Anmeldeknopf. <b>Voil\u00c0!<\/b> Sie sind jetzt im Herzen Ihrer Netis Router-Oberfl\u00e4che. \ud83d\udda5\ufe0f<\/section>\n<section>\n<div>\n<div>2<\/div>\n<h2>Personalisieren Sie Ihren Netzwerknamen (SSID)<\/h2>\n<\/div>\n<p>Wir alle lieben es, unseren pers\u00f6nlichen Touch in die Dinge zu bringen und ein Router sollte keine Ausnahme sein. Das Erste, was wir also tun werden, ist, den Netzwerknamen oder die SSID zu \u00e4ndern. Finden Sie Ihren Weg zu <b>&#8216;Wireless > Wireless Settings&#8217;<\/b> in der linken Seitenleiste. \ud83c\udf88 Wenn Sie ein 5G-Netzwerk einrichten, w\u00e4hlen Sie die Option <b>&#8216;Wireless 5G&#8217;<\/b>, denn wer liebt nicht Geschwindigkeit? \ud83d\ude80 Jetzt, im SSID-Feld, lassen Sie Ihrer Kreativit\u00e4t freien Lauf und geben Sie den neuen WiFi-Netzwerknamen ein, der Ihr Boot rockt. Vergessen Sie nicht, Ihr Meisterwerk zu speichern, indem Sie den Speichern-Knopf dr\u00fccken!<\/section>\n<section>\n<div>\n<div>3<\/div>\n<h2>Wechseln Sie Ihr WiFi-Passwort<\/h2>\n<\/div>\n<p>Denken Sie daran, starke Passw\u00f6rter sind wie Zwiebeln&#8230; sie haben Schichten! In der digitalen Welt haben sie auch eine Art, Eindringlinge fernzuhalten. Also \u00e4ndern wir das WiFi-Passwort in etwas, das sie in einem Jahrhundert nicht erraten werden. Klicken Sie auf <b>&#8216;Wireless > Wireless Security&#8217;<\/b> im linken Men\u00fc. W\u00e4hlen Sie <b>&#8216;Authentication Type&#8217;<\/b> als <b>WPA\/WPA2-PSK<\/b> (es ist das st\u00e4rkste, wir haben nachgepr\u00fcft \ud83d\ude09 ). Jetzt entscheiden Sie sich f\u00fcr ein neues WiFi-Passwort, das Sie in Zukunft sch\u00e4tzen werden. Denken Sie daran, keine Geburtsjahre von Kylie Jenner oder Geburtsdaten von Kanye West. \ud83e\udd2b Speichern Sie die \u00c4nderungen und boom, Sie haben ein brandneues Passwort!<\/section>\n<section>\n<div>\n<div>4<\/div>\n<h2>Abschied nehmen<\/h2>\n<\/div>\n<p>Nachdem Sie Ihren Router spektakul\u00e4r eingerichtet haben, loggen Sie sich aus, denn, nun ja, Sicherheit hat Vorrang. \ud83d\udc6e W\u00e4hlen Sie einfach <b>&#8216;Logout&#8217;<\/b> aus dem Men\u00fc und Sie sind fertig!<\/section>\n<section>\n<h2>Schlussfolgerung: \ud83c\udfc1<\/h2>\n<div class=\"nonp\">Puh, das war eine Fahrt! Die Anpassung des Routers scheint jetzt nicht mehr so be\u00e4ngstigend, oder? Jetzt wissen Sie, wie man den Netzwerknamen (SSID) und das WiFi-Passwort \u00e4ndert, und Sie haben gelernt, wie man die Netis Router-Oberfl\u00e4che navigiert. Jetzt surfen Sie los im Internet mit Ihren neu individuellen Routereinstellungen! &#127940; Denken Sie daran, das World Wide Web ist Ihr Spielplatz. Bleiben Sie sicher und frohes Surfen! &#128522;<\/div>\n<\/section>\n<section itemscope=\"\" itemtype=\"https:\/\/schema.org\/FAQPage\">\n<div class=\"panel\" itemprop=\"mainEntity\" itemscope=\"\" itemtype=\"https:\/\/schema.org\/Question\">\n<div class=\"toggle-link\">\n<h3 class=\"panel-title\" itemprop=\"name\">\n            Wie kann ich auf die Login-Seite des Netis-Routers zugreifen?<\/h3>\n<\/div>\n<div class=\"panel-collapse\">\n<div class=\"panel-body\" itemprop=\"acceptedAnswer\" itemscope=\"\" itemtype=\"https:\/\/schema.org\/Answer\">\n<div itemprop=\"text\">\n<p>Sie k\u00f6nnen auf die Login-Seite des Netis-Routers zugreifen, indem Sie einen Webbrowser starten und entweder <a href=https:\/\/www.netis.cc>netis.cc<\/a> oder <a href=http:\/\/192.168.1.1>192.168.1.1<\/a> in die Adresszeile eingeben. Nach dem Dr\u00fccken der Eingabetaste erscheint eine Login-Seite, auf der Sie Ihren Benutzernamen und Ihr Passwort eingeben und dann auf &#8216;Anmelden&#8217; klicken m\u00fcssen.<\/p>\n<\/div>\n<\/div>\n<\/div>\n<\/div>\n<div class=\"panel\" itemprop=\"mainEntity\" itemscope=\"\" itemtype=\"https:\/\/schema.org\/Question\">\n<div class=\"toggle-link\">\n<h3 class=\"panel-title\" itemprop=\"name\">\n            Wie lautet der Prozess zur \u00c4nderung des Netis Network Name (SSID)?<\/h3>\n<\/div>\n<div class=\"panel-collapse\">\n<div class=\"panel-body\" itemprop=\"acceptedAnswer\" itemscope=\"\" itemtype=\"https:\/\/schema.org\/Answer\">\n<div itemprop=\"text\">\n<p>Nachdem Sie sich im Netis Router Interface angemeldet haben, m\u00fcssen Sie &#8216;Drahtlos&#8217; &gt; &#8216;Drahtlose Einstellungen (2,4G)&#8217; in der Seitenleiste ausw\u00e4hlen. F\u00fcr die Einrichtung des 5G-Netzwerks klicken Sie stattdessen auf die Option &#8216;Wireless 5G&#8217;. Geben Sie dann den neuen WiFi-Netzwerk-SSID\/Namen in das Feld &#8216;SSID&#8217; ein und klicken Sie auf &#8216;Speichern&#8217;, um diese \u00c4nderungen zu speichern.<\/p>\n<\/div>\n<\/div>\n<\/div>\n<\/div>\n<div class=\"panel\" itemprop=\"mainEntity\" itemscope=\"\" itemtype=\"https:\/\/schema.org\/Question\">\n<div class=\"toggle-link\">\n<h3 class=\"panel-title\" itemprop=\"name\">\n            Wie kann ich mein Netis WiFi-Passwort aktualisieren?<\/h3>\n<\/div>\n<div class=\"panel-collapse\">\n<div class=\"panel-body\" itemprop=\"acceptedAnswer\" itemscope=\"\" itemtype=\"https:\/\/schema.org\/Answer\">\n<div itemprop=\"text\">\n<p>Anfangs m\u00fcssen Sie sich nach dem Login in die Netis Router Oberfl\u00e4che zur &#8216;Drahtlos &gt; Drahtlose Sicherheit&#8217; auf der Seitenleiste navigieren. W\u00e4hlen Sie &#8216;WPA\/WPA2-PSK&#8217; als Authentifizierungstyp aus. Geben Sie anschlie\u00dfend Ihr neues WiFi-Passwort in das entsprechende Feld ein. Schlie\u00dflich klicken Sie auf die Schaltfl\u00e4che &#8216;Speichern&#8217;, um die aktualisierten Einstellungen beizubehalten.<\/p>\n<\/div>\n<\/div>\n<\/div>\n<\/div>\n<div class=\"panel\" itemprop=\"mainEntity\" itemscope=\"\" itemtype=\"https:\/\/schema.org\/Question\">\n<div class=\"toggle-link\">\n<h3 class=\"panel-title\" itemprop=\"name\">\n            Wie aktiviere ich das 5G-Netzwerk auf dem Netis Router?<\/h3>\n<\/div>\n<div class=\"panel-collapse\">\n<div class=\"panel-body\" itemprop=\"acceptedAnswer\" itemscope=\"\" itemtype=\"https:\/\/schema.org\/Answer\">\n<div itemprop=\"text\">\n<p>Nachdem Sie die Oberfl\u00e4che des Routers betreten haben, w\u00e4hlen Sie &#8216;Wireless 5G&#8217; aus der Seitenleiste. Konfigurieren Sie dann die Einstellungen nach Bedarf und klicken Sie auf die Schaltfl\u00e4che &#8216;Speichern&#8217;, um das 5G-Netzwerk zu aktivieren.<\/p>\n<\/div>\n<\/div>\n<\/div>\n<\/div>\n<div class=\"panel\" itemprop=\"mainEntity\" itemscope=\"\" itemtype=\"https:\/\/schema.org\/Question\">\n<div class=\"toggle-link\">\n<h3 class=\"panel-title\" itemprop=\"name\">\n            Was sollte ich tun, wenn ich mein Netis Router Passwort vergessen habe?<\/h3>\n<\/div>\n<div class=\"panel-collapse\">\n<div class=\"panel-body\" itemprop=\"acceptedAnswer\" itemscope=\"\" itemtype=\"https:\/\/schema.org\/Answer\">\n<div itemprop=\"text\">\n<p>Wenn Sie Ihr Passwort verloren haben, besteht die einfachste L\u00f6sung darin, den Router auf die Werkseinstellungen zur\u00fcckzusetzen. Bitte beachten Sie, dass dieser Prozess alle Ihre individuellen Konfigurationen l\u00f6scht.<\/p>\n<\/div>\n<\/div>\n<\/div>\n<\/div>\n<div class=\"panel\" itemprop=\"mainEntity\" itemscope=\"\" itemtype=\"https:\/\/schema.org\/Question\">\n<div class=\"toggle-link\">\n<h3 class=\"panel-title\" itemprop=\"name\">\n            Wie f\u00fchre ich einen Werksreset an meinem Netis Router durch?<\/h3>\n<\/div>\n<div class=\"panel-collapse\">\n<div class=\"panel-body\" itemprop=\"acceptedAnswer\" itemscope=\"\" itemtype=\"https:\/\/schema.org\/Answer\">\n<div itemprop=\"text\">\n<p>Um einen Werksreset durchzuf\u00fchren, suchen Sie eine kleine Taste mit der Aufschrift &#8216;Reset&#8217; auf der R\u00fcckseite Ihres Routers. Dr\u00fccken und halten Sie die Taste etwa 10 Sekunden lang mit einer Nadel oder einem spitzen Gegenstand gedr\u00fcckt. Der Router startet automatisch neu und dann k\u00f6nnen Sie ihn wieder nach Ihren Anforderungen konfigurieren.<\/p>\n<\/div>\n<\/div>\n<\/div>\n<\/div>\n<div class=\"panel\" itemprop=\"mainEntity\" itemscope=\"\" itemtype=\"https:\/\/schema.org\/Question\">\n<div class=\"toggle-link\">\n<h3 class=\"panel-title\" itemprop=\"name\">\n            Wie kann ich meinen Netis Router nach dem Werksreset neu konfigurieren?<\/h3>\n<\/div>\n<div class=\"panel-collapse\">\n<div class=\"panel-body\" itemprop=\"acceptedAnswer\" itemscope=\"\" itemtype=\"https:\/\/schema.org\/Answer\">\n<div itemprop=\"text\">\n<p>Nachdem der Router nach einem Werksreset neu gestartet hat, geben Sie entweder <a href=https:\/\/www.netis.cc>netis.cc<\/a> oder <a href=http:\/\/192.168.1.1>192.168.1.1<\/a> in die Adressleiste Ihres Browsers ein und konfigurieren Sie die Einstellungen wieder nach Ihren Bed\u00fcrfnissen.<\/p>\n<\/div>\n<\/div>\n<\/div>\n<\/div>\n<div class=\"panel\" itemprop=\"mainEntity\" itemscope=\"\" itemtype=\"https:\/\/schema.org\/Question\">\n<div class=\"toggle-link\">\n<h3 class=\"panel-title\" itemprop=\"name\">\n            Werden Benutzername und Passwort jedes Mal f\u00fcr den Netis Router Login ben\u00f6tigt?<\/h3>\n<\/div>\n<div class=\"panel-collapse\">\n<div class=\"panel-body\" itemprop=\"acceptedAnswer\" itemscope=\"\" itemtype=\"https:\/\/schema.org\/Answer\">\n<div itemprop=\"text\">\n<p>Ja, aus Sicherheitsgr\u00fcnden fordert der Router jedes Mal Ihren Benutzernamen und Ihr Passwort an, wenn Sie auf seine Interface-Funktionalit\u00e4t zugreifen m\u00f6chten.<\/p>\n<\/div>\n<\/div>\n<\/div>\n<\/div>\n<div class=\"panel\" itemprop=\"mainEntity\" itemscope=\"\" itemtype=\"https:\/\/schema.org\/Question\">\n<div class=\"toggle-link\">\n<h3 class=\"panel-title\" itemprop=\"name\">\n            Was kann ich tun, wenn ich die Login-Seite des Netis-Routers nicht erreichen kann?<\/h3>\n<\/div>\n<div class=\"panel-collapse\">\n<div class=\"panel-body\" itemprop=\"acceptedAnswer\" itemscope=\"\" itemtype=\"https:\/\/schema.org\/Answer\">\n<div itemprop=\"text\">\n<p>Wenn Sie die Login-Seite nicht erreichen k\u00f6nnen, \u00fcberpr\u00fcfen Sie Ihre Internetverbindung oder versuchen Sie, Ihren Router neu zu starten. Wenn diese Ma\u00dfnahmen nicht helfen, m\u00fcssen Sie den Router m\u00f6glicherweise auf die Werkseinstellungen zur\u00fccksetzen.<\/p>\n<\/div>\n<\/div>\n<\/div>\n<\/div>\n<div class=\"panel\" itemprop=\"mainEntity\" itemscope=\"\" itemtype=\"https:\/\/schema.org\/Question\">\n<div class=\"toggle-link\">\n<h3 class=\"panel-title\" itemprop=\"name\">\n            Kann ich die Anmeldeinformationen f\u00fcr meinen Netis Router \u00e4ndern?<\/h3>\n<\/div>\n<div class=\"panel-collapse\">\n<div class=\"panel-body\" itemprop=\"acceptedAnswer\" itemscope=\"\" itemtype=\"https:\/\/schema.org\/Answer\">\n<div itemprop=\"text\">\n<p>Ja, es ist m\u00f6glich, die Anmeldeinformationen Ihres Routers zu \u00e4ndern. Diese Einstellung finden Sie in der Web-Oberfl\u00e4che des Routers, sobald Sie angemeldet sind.<\/p>\n<\/div>\n<\/div>\n<\/div>\n<\/div>\n<div class=\"panel\" itemprop=\"mainEntity\" itemscope=\"\" itemtype=\"https:\/\/schema.org\/Question\">\n<div class=\"toggle-link\">\n<h3 class=\"panel-title\" itemprop=\"name\">\n            Wie kann ich meinen Netis Router absichern?<\/h3>\n<\/div>\n<div class=\"panel-collapse\">\n<div class=\"panel-body\" itemprop=\"acceptedAnswer\" itemscope=\"\" itemtype=\"https:\/\/schema.org\/Answer\">\n<div itemprop=\"text\">\n<p>Zu den Ma\u00dfnahmen, die Sie ergreifen k\u00f6nnen, um Ihren Router abzusichern, geh\u00f6ren regelm\u00e4\u00dfige Aktualisierungen der Firmware Ihres Routers, das \u00c4ndern der Standard-Login-Daten Ihres Routers, die Aktivierung der Netzwerkverschl\u00fcsselung, die Deaktivierung der Fernverwaltung und das Absichern Ihres WiFi-Netzwerks mit einem starken Passwort.<\/p>\n<\/div>\n<\/div>\n<\/div>\n<\/div>\n<div class=\"panel\" itemprop=\"mainEntity\" itemscope=\"\" itemtype=\"https:\/\/schema.org\/Question\">\n<div class=\"toggle-link\">\n<h3 class=\"panel-title\" itemprop=\"name\">\n            Wie deaktiviere ich die Fernverwaltung auf meinem Netis Router?<\/h3>\n<\/div>\n<div class=\"panel-collapse\">\n<div class=\"panel-body\" itemprop=\"acceptedAnswer\" itemscope=\"\" itemtype=\"https:\/\/schema.org\/Answer\">\n<div itemprop=\"text\">\n<p>Nachdem Sie sich in Ihr Netis-Router-Interface eingeloggt haben, gehen Sie zu &#8216;Erweiterte Einstellungen&#8217; und w\u00e4hlen Sie &#8216;Fernverwaltung&#8217;. Klicken Sie auf die Schaltfl\u00e4che &#8216;Deaktivieren&#8217;, um die Fernverwaltung auszuschalten und so Ihren Router abzusichern.<\/p>\n<\/div>\n<\/div>\n<\/div>\n<\/div>\n<div class=\"panel\" itemprop=\"mainEntity\" itemscope=\"\" itemtype=\"https:\/\/schema.org\/Question\">\n<div class=\"toggle-link\">\n<h3 class=\"panel-title\" itemprop=\"name\">\n            Wo kann ich die neuesten Firmware-Updates f\u00fcr meinen Netis Router finden?<\/h3>\n<\/div>\n<div class=\"panel-collapse\">\n<div class=\"panel-body\" itemprop=\"acceptedAnswer\" itemscope=\"\" itemtype=\"https:\/\/schema.org\/Answer\">\n<div itemprop=\"text\">\n<p>\u00dcberpr\u00fcfen Sie auf der offiziellen <a href=https:\/\/www.netis-systems.com>Netis Systems<\/a> Website die neuesten Firmware-Updates f\u00fcr Ihr spezielles Router-Modell.<\/p>\n<\/div>\n<\/div>\n<\/div>\n<\/div>\n<div class=\"panel\" itemprop=\"mainEntity\" itemscope=\"\" itemtype=\"https:\/\/schema.org\/Question\">\n<div class=\"toggle-link\">\n<h3 class=\"panel-title\" itemprop=\"name\">\n            Wie installiere ich ein Firmware-Update f\u00fcr meinen Netis Router?<\/h3>\n<\/div>\n<div class=\"panel-collapse\">\n<div class=\"panel-body\" itemprop=\"acceptedAnswer\" itemscope=\"\" itemtype=\"https:\/\/schema.org\/Answer\">\n<div itemprop=\"text\">\n<p>Laden Sie die neueste Firmware von der offiziellen Netis-Website herunter und melden Sie sich in Ihrem Netis Router-Interface an. W\u00e4hlen Sie die Firmware-Aktualisierungsoption im Abschnitt &#8216;System Tools&#8217; aus und laden Sie die heruntergeladene Firmware-Datei hoch. Klicken Sie abschlie\u00dfend auf die Schaltfl\u00e4che &#8216;Aktualisieren&#8217;, um den Prozess zu starten.<\/p>\n<\/div>\n<\/div>\n<\/div>\n<\/div>\n<div class=\"panel\" itemprop=\"mainEntity\" itemscope=\"\" itemtype=\"https:\/\/schema.org\/Question\">\n<div class=\"toggle-link\">\n<h3 class=\"panel-title\" itemprop=\"name\">\n            Was tun, wenn die WiFi-Verbindung des Netis Routers st\u00e4ndig unterbrochen wird?<\/h3>\n<\/div>\n<div class=\"panel-collapse\">\n<div class=\"panel-body\" itemprop=\"acceptedAnswer\" itemscope=\"\" itemtype=\"https:\/\/schema.org\/Answer\">\n<div itemprop=\"text\">\n<p>Verbindungsprobleme k\u00f6nnen viele Gr\u00fcnde haben, von der Position des Routers bis zur veralteten Firmware. \u00dcberpr\u00fcfen Sie die Aufstellung Ihres Routers und stellen Sie sicher, dass er zentral aufgestellt ist und sich fern von anderen Elektronikger\u00e4ten befindet, die St\u00f6rungen verursachen k\u00f6nnen. Stellen Sie au\u00dferdem sicher, dass die Firmware Ihres Routers auf dem neuesten Stand ist.<\/p>\n<\/div>\n<\/div>\n<\/div>\n<\/div>\n<div class=\"panel\" itemprop=\"mainEntity\" itemscope=\"\" itemtype=\"https:\/\/schema.org\/Question\">\n<div class=\"toggle-link\">\n<h3 class=\"panel-title\" itemprop=\"name\">\n            Kann ich mit dem Netis Router den Internetzugang f\u00fcr ein Ger\u00e4t zeitlich begrenzen?<\/h3>\n<\/div>\n<div class=\"panel-collapse\">\n<div class=\"panel-body\" itemprop=\"acceptedAnswer\" itemscope=\"\" itemtype=\"https:\/\/schema.org\/Answer\">\n<div itemprop=\"text\">\n<p>Ja, Sie k\u00f6nnen Zugriffskontrollregeln in Ihrem Netis-Router-Interface einrichten. Mit dieser Funktion k\u00f6nnen Sie die Internetnutzungszeit f\u00fcr die mit Ihrem Netzwerk verbundenen Ger\u00e4te steuern.<\/p>\n<\/div>\n<\/div>\n<\/div>\n<\/div>\n<div class=\"panel\" itemprop=\"mainEntity\" itemscope=\"\" itemtype=\"https:\/\/schema.org\/Question\">\n<div class=\"toggle-link\">\n<h3 class=\"panel-title\" itemprop=\"name\">\n            Wie kann ich bestimmte Websites oder Dienste mit dem Netis Router blockieren?<\/h3>\n<\/div>\n<div class=\"panel-collapse\">\n<div class=\"panel-body\" itemprop=\"acceptedAnswer\" itemscope=\"\" itemtype=\"https:\/\/schema.org\/Answer\">\n<div itemprop=\"text\">\n<p>Sie k\u00f6nnen bestimmte Websites oder Dienste blockieren, indem Sie Filterregeln in den Zugriffskontrolleinstellungen einrichten, nachdem Sie sich in das Webinterface Ihres Netis-Routers eingeloggt haben.<\/p>\n<\/div>\n<\/div>\n<\/div>\n<\/div>\n<div class=\"panel\" itemprop=\"mainEntity\" itemscope=\"\" itemtype=\"https:\/\/schema.org\/Question\">\n<div class=\"toggle-link\">\n<h3 class=\"panel-title\" itemprop=\"name\">\n            Wie kann ich meinen Netis Router vor Hackern sch\u00fctzen?<\/h3>\n<\/div>\n<div class=\"panel-collapse\">\n<div class=\"panel-body\" itemprop=\"acceptedAnswer\" itemscope=\"\" itemtype=\"https:\/\/schema.org\/Answer\">\n<div itemprop=\"text\">\n<p>\u00c4ndern Sie Ihre Standard-Login-Daten, sichern Sie Ihr WiFi mit einem starken, einzigartigen Passwort, aktivieren Sie die Netzwerkverschl\u00fcsselung, deaktivieren Sie die Fernverwaltung, aktualisieren Sie regelm\u00e4\u00dfig die Firmware Ihres Routers und installieren Sie eine vertrauensw\u00fcrdige Sicherheitsl\u00f6sung, um Ihren Router vor Hackern abzusichern.<\/p>\n<\/div>\n<\/div>\n<\/div>\n<\/div>\n<div class=\"panel\" itemprop=\"mainEntity\" itemscope=\"\" itemtype=\"https:\/\/schema.org\/Question\">\n<div class=\"toggle-link\">\n<h3 class=\"panel-title\" itemprop=\"name\">\n            Ist es m\u00f6glich, ein VPN auf dem Netis Router einzurichten?<\/h3>\n<\/div>\n<div class=\"panel-collapse\">\n<div class=\"panel-body\" itemprop=\"acceptedAnswer\" itemscope=\"\" itemtype=\"https:\/\/schema.org\/Answer\">\n<div itemprop=\"text\">\n<p>Ja, Sie k\u00f6nnen ein VPN auf Ihrem Netis Router einrichten. Dazu m\u00fcssen Sie sich in das Interface Ihres Routers einloggen und die VPN-Einstellungen gem\u00e4\u00df den Anweisungen des VPN-Dienstleisters, den Sie verwenden, konfigurieren.<\/p>\n<\/div>\n<\/div>\n<\/div>\n<\/div>\n<\/section>\n<\/article>\n","protected":false},"excerpt":{"rendered":"<p>Die Leistung des Netis-Routers freischalten: Ein umfassender Leitfaden zum Netis Router Login Entfesseln Sie das volle Potenzial Ihres Netis-Routers, indem Sie lernen, wie man die Weboberfl\u00e4che navigiert. Dieser praktische Leitfaden f\u00fchrt Sie durch den Zugang zur Oberfl\u00e4che, die Einrichtung Ihres Netzwerknamens (SSID) und die \u00c4nderung Ihres WiFi-Passworts, und das alles mit nur wenigen Tastenanschl\u00e4gen auf [&hellip;]<\/p>\n","protected":false},"author":2,"featured_media":15,"parent":0,"menu_order":0,"comment_status":"closed","ping_status":"closed","template":"chromecast.php","meta":{"_stopmodifiedupdate":false,"_modified_date":"","_lmt_disableupdate":"yes","_lmt_disable":""},"yoast_head":"<!-- This site is optimized with the Yoast SEO plugin v20.9 - https:\/\/yoast.com\/wordpress\/plugins\/seo\/ -->\n<title>Netis Router Anmeldung. Aktualisiert im Jahr 2026<\/title>\n<meta name=\"robots\" content=\"index, follow, max-snippet:-1, max-image-preview:large, max-video-preview:-1\" \/>\n<link rel=\"canonical\" href=\"https:\/\/www.ping.fm\/ip\/de\/netis-router-anmeldung\/\" \/>\n<meta property=\"og:locale\" content=\"en_US\" \/>\n<meta property=\"og:type\" content=\"article\" \/>\n<meta property=\"og:title\" content=\"Netis Router Anmeldung. Aktualisiert im Jahr 2026\" \/>\n<meta property=\"og:description\" content=\"Die Leistung des Netis-Routers freischalten: Ein umfassender Leitfaden zum Netis Router Login Entfesseln Sie das volle Potenzial Ihres Netis-Routers, indem Sie lernen, wie man die Weboberfl\u00e4che navigiert. Dieser praktische Leitfaden f\u00fchrt Sie durch den Zugang zur Oberfl\u00e4che, die Einrichtung Ihres Netzwerknamens (SSID) und die \u00c4nderung Ihres WiFi-Passworts, und das alles mit nur wenigen Tastenanschl\u00e4gen auf [&hellip;]\" \/>\n<meta property=\"og:url\" content=\"https:\/\/www.ping.fm\/ip\/de\/netis-router-anmeldung\/\" \/>\n<meta property=\"og:site_name\" content=\"IP\" \/>\n<meta property=\"og:image\" content=\"https:\/\/www.ping.fm\/ip\/wp-content\/uploads\/2023\/07\/wifi.jpg\" \/>\n\t<meta property=\"og:image:width\" content=\"1992\" \/>\n\t<meta property=\"og:image:height\" content=\"1852\" \/>\n\t<meta property=\"og:image:type\" content=\"image\/jpeg\" \/>\n<meta name=\"twitter:card\" content=\"summary_large_image\" \/>\n<meta name=\"twitter:label1\" content=\"Est. reading time\" \/>\n\t<meta name=\"twitter:data1\" content=\"7 minutes\" \/>\n<script type=\"application\/ld+json\" class=\"yoast-schema-graph\">{\"@context\":\"https:\/\/schema.org\",\"@graph\":[{\"@type\":\"WebPage\",\"@id\":\"https:\/\/www.ping.fm\/ip\/de\/netis-router-anmeldung\/\",\"url\":\"https:\/\/www.ping.fm\/ip\/de\/netis-router-anmeldung\/\",\"name\":\"Netis Router Anmeldung. Aktualisiert im Jahr 2026\",\"isPartOf\":{\"@id\":\"https:\/\/www.ping.fm\/ip\/#website\"},\"datePublished\":\"2023-10-19T17:18:35+00:00\",\"dateModified\":\"2023-10-19T17:18:35+00:00\",\"breadcrumb\":{\"@id\":\"https:\/\/www.ping.fm\/ip\/de\/netis-router-anmeldung\/#breadcrumb\"},\"inLanguage\":\"en-US\",\"potentialAction\":[{\"@type\":\"ReadAction\",\"target\":[\"https:\/\/www.ping.fm\/ip\/de\/netis-router-anmeldung\/\"]}]},{\"@type\":\"BreadcrumbList\",\"@id\":\"https:\/\/www.ping.fm\/ip\/de\/netis-router-anmeldung\/#breadcrumb\",\"itemListElement\":[{\"@type\":\"ListItem\",\"position\":1,\"name\":\"Home\",\"item\":\"https:\/\/www.ping.fm\/ip\/\"},{\"@type\":\"ListItem\",\"position\":2,\"name\":\"Netis Router Anmeldung\"}]},{\"@type\":\"WebSite\",\"@id\":\"https:\/\/www.ping.fm\/ip\/#website\",\"url\":\"https:\/\/www.ping.fm\/ip\/\",\"name\":\"IP\",\"description\":\"\",\"potentialAction\":[{\"@type\":\"SearchAction\",\"target\":{\"@type\":\"EntryPoint\",\"urlTemplate\":\"https:\/\/www.ping.fm\/ip\/?s={search_term_string}\"},\"query-input\":\"required name=search_term_string\"}],\"inLanguage\":\"en-US\"}]}<\/script>\n<!-- \/ Yoast SEO plugin. -->","yoast_head_json":{"title":"Netis Router Anmeldung. Aktualisiert im Jahr 2026","robots":{"index":"index","follow":"follow","max-snippet":"max-snippet:-1","max-image-preview":"max-image-preview:large","max-video-preview":"max-video-preview:-1"},"canonical":"https:\/\/www.ping.fm\/ip\/de\/netis-router-anmeldung\/","og_locale":"en_US","og_type":"article","og_title":"Netis Router Anmeldung. Aktualisiert im Jahr 2026","og_description":"Die Leistung des Netis-Routers freischalten: Ein umfassender Leitfaden zum Netis Router Login Entfesseln Sie das volle Potenzial Ihres Netis-Routers, indem Sie lernen, wie man die Weboberfl\u00e4che navigiert. Dieser praktische Leitfaden f\u00fchrt Sie durch den Zugang zur Oberfl\u00e4che, die Einrichtung Ihres Netzwerknamens (SSID) und die \u00c4nderung Ihres WiFi-Passworts, und das alles mit nur wenigen Tastenanschl\u00e4gen auf [&hellip;]","og_url":"https:\/\/www.ping.fm\/ip\/de\/netis-router-anmeldung\/","og_site_name":"IP","og_image":[{"width":1992,"height":1852,"url":"https:\/\/www.ping.fm\/ip\/wp-content\/uploads\/2023\/07\/wifi.jpg","type":"image\/jpeg"}],"twitter_card":"summary_large_image","twitter_misc":{"Est. reading time":"7 minutes"},"schema":{"@context":"https:\/\/schema.org","@graph":[{"@type":"WebPage","@id":"https:\/\/www.ping.fm\/ip\/de\/netis-router-anmeldung\/","url":"https:\/\/www.ping.fm\/ip\/de\/netis-router-anmeldung\/","name":"Netis Router Anmeldung. Aktualisiert im Jahr 2026","isPartOf":{"@id":"https:\/\/www.ping.fm\/ip\/#website"},"datePublished":"2023-10-19T17:18:35+00:00","dateModified":"2023-10-19T17:18:35+00:00","breadcrumb":{"@id":"https:\/\/www.ping.fm\/ip\/de\/netis-router-anmeldung\/#breadcrumb"},"inLanguage":"en-US","potentialAction":[{"@type":"ReadAction","target":["https:\/\/www.ping.fm\/ip\/de\/netis-router-anmeldung\/"]}]},{"@type":"BreadcrumbList","@id":"https:\/\/www.ping.fm\/ip\/de\/netis-router-anmeldung\/#breadcrumb","itemListElement":[{"@type":"ListItem","position":1,"name":"Home","item":"https:\/\/www.ping.fm\/ip\/"},{"@type":"ListItem","position":2,"name":"Netis Router Anmeldung"}]},{"@type":"WebSite","@id":"https:\/\/www.ping.fm\/ip\/#website","url":"https:\/\/www.ping.fm\/ip\/","name":"IP","description":"","potentialAction":[{"@type":"SearchAction","target":{"@type":"EntryPoint","urlTemplate":"https:\/\/www.ping.fm\/ip\/?s={search_term_string}"},"query-input":"required name=search_term_string"}],"inLanguage":"en-US"}]}},"_links":{"self":[{"href":"https:\/\/www.ping.fm\/ip\/wp-json\/wp\/v2\/pages\/471"}],"collection":[{"href":"https:\/\/www.ping.fm\/ip\/wp-json\/wp\/v2\/pages"}],"about":[{"href":"https:\/\/www.ping.fm\/ip\/wp-json\/wp\/v2\/types\/page"}],"author":[{"embeddable":true,"href":"https:\/\/www.ping.fm\/ip\/wp-json\/wp\/v2\/users\/2"}],"replies":[{"embeddable":true,"href":"https:\/\/www.ping.fm\/ip\/wp-json\/wp\/v2\/comments?post=471"}],"version-history":[{"count":2,"href":"https:\/\/www.ping.fm\/ip\/wp-json\/wp\/v2\/pages\/471\/revisions"}],"predecessor-version":[{"id":513,"href":"https:\/\/www.ping.fm\/ip\/wp-json\/wp\/v2\/pages\/471\/revisions\/513"}],"wp:featuredmedia":[{"embeddable":true,"href":"https:\/\/www.ping.fm\/ip\/wp-json\/wp\/v2\/media\/15"}],"wp:attachment":[{"href":"https:\/\/www.ping.fm\/ip\/wp-json\/wp\/v2\/media?parent=471"}],"curies":[{"name":"wp","href":"https:\/\/api.w.org\/{rel}","templated":true}]}}