{"id":453,"date":"2023-10-19T17:07:38","date_gmt":"2023-10-19T17:07:38","guid":{"rendered":"https:\/\/www.ping.fm\/ip\/?page_id=453"},"modified":"2023-10-19T17:07:38","modified_gmt":"2023-10-19T17:07:38","slug":"192-168-8-1-ip","status":"publish","type":"page","link":"https:\/\/www.ping.fm\/ip\/de\/192-168-8-1-ip\/","title":{"rendered":"192.168.8.1"},"content":{"rendered":"<article>\n<section>\n<h1>GATEWAY zu Ihrem Router: Meistern Sie den &#49;&#57;&#50;.&#49;&#54;&#56;.&#56;.&#49; Login mit Leichtigkeit &#128640;&#128104;&#8205;&#128187;<\/h1>\n<div class=\"inbrief\">\n<div>\n                                <img src=\"\/ip\/wp-content\/uploads\/generated\/192.168.8.1.jpg\" alt=\"192.168.8.1\" title=\"192.168.8.1\" width=\"1280\" height=\"720\"><br \/>\n                                Machen Sie sich bereit, Tech-Ninjas! &#128049;&#8205;&#128187; Haben Sie sich jemals \u00fcber die mysteri\u00f6se <a href=\"http:\/\/&#49;&#57;&#50;.&#49;&#54;&#56;.&#56;.&#49;\">&#49;&#57;&#50;.&#49;&#54;&#56;.&#56;.&#49;<\/a> gewundert, die in Ihren Netzwerkeinstellungen auftaucht? Es ist die Standard-IP-Adresse Ihres Routers! &#128558; Ob Sie ein Huawei, Zain, Telcel, Zong, Telenor oder STC Benutzer sind, hier lernen Sie, wie Sie Ihr Wi-Fi Passwort, SSID und andere Routereinstellungen einfach \u00e4ndern k\u00f6nnen. Anschnallen, tauchen wir ein! &#127946;&#8205;&#9794;&#65039;<\/div>\n<\/div>\n<\/section>\n<section>\n<div>\n<div>1<\/div>\n<h2>Steigen Sie in den 192.168.8.1 Login Express \ud83d\ude85<\/h2>\n<\/div>\n<p>Ihre Reise zur Verwaltung Ihrer Routereinstellungen beginnt in Ihrem Webbrowser. Es ist kinderleicht! Tippen Sie <b>192.168.8.1<\/b> in die Adressleiste und verwenden Sie Ihren Standard-Benutzername und Passwort, um Zugang zur Einstellungsseite Ihres Routers zu erhalten. Ihre Anmeldedaten finden Sie direkt auf dem Etikett auf der R\u00fcckseite Ihres Ger\u00e4ts. Lustige Tatsache: Hier sind einige g\u00e4ngige Benutzernamen und Passw\u00f6rter f\u00fcr verschiedene Marken:<br \/> Huawei: &#8216;admin&#8217;<br \/>Zain: &#8216;admin&#8217; oder &#8216;user&#8217;<br \/>Telcel: &#8216;admin&#8217;, &#8216;Telcel&#8217; oder &#8216;Telcel_Admin&#8217;<br \/>Zong: &#8216;admin&#8217;<br \/>Telenor: &#8216;admin&#8217;<br \/>Dialog Home Broadband: &#8216;user&#8217; (Sehen Sie unter Ihrem Router nach) \ud83d\ude01<\/section>\n<section>\n<div>\n<div>2<\/div>\n<h2>Was passiert, wenn der Zugriff auf 192.168.8.1 nicht erfolgreich ist? \ud83e\udd14<\/h2>\n<\/div>\n<p> Was passiert, wenn Sie nicht \u00fcber <a href=\"192.168.8.1\">192.168.8.1<\/a> auf die Anmeldeseite zugreifen k\u00f6nnen? Keine Sorge! \ud83d\udca6\ud83d\udd25Es k\u00f6nnte einer dieser drei Gr\u00fcnde sein:<br \/> Tippfehler bei der IP-Adresse \ud83d\ude05, Falsche Standard-IP-Adresse \ud83d\ude2f oder ein IP-Adressen-Konflikt \ud83d\ude32, wenn Sie mehr als einen Router mit der gleichen IP verbunden haben. Aber hey, keine Sorgen! Genaues Tippen, das Finden des richtigen Standard-Gateways oder einfach das Einrichten statischer IP-Adressen k\u00f6nnen diese kleinen Hindernisse l\u00f6sen.<\/section>\n<section>\n<div>\n<div>3<\/div>\n<h2>Spender des Tages: Ein kostenloser Troubleshooting-Tipp! \ud83c\udf81<\/h2>\n<\/div>\n<p>Wenn Sie immer noch nicht auf die Anmeldeseite zugreifen k\u00f6nnen, versuchen Sie es mit einem anderen Ger\u00e4t oder Browser. Manchmal kann auch das L\u00f6schen Ihres Browser-Caches helfen. Wenn alles andere fehlschl\u00e4gt, haben die meisten Router einen kleinen Reset-Knopf. Verwenden Sie eine B\u00fcroklammer oder einen spitzen Gegenstand, um ihn zu dr\u00fccken und gedr\u00fcckt zu halten, f\u00fcr etwa 30 Sekunden. Ihr Router wird neu starten und auf die Werkseinstellungen zur\u00fcckgesetzt. Denken Sie daran, dass dies alles auf dem Router zur\u00fccksetzt, einschlie\u00dflich Ihres Wi-Fi-Netzwerknamens und des Passworts.<\/section>\n<section>\n<h2>Schlussfolgerung: \ud83c\udfc1<\/h2>\n<div class=\"nonp\">Und so sind Sie jetzt mit dem schwer fassbaren &#49;&#57;&#50;.&#49;&#54;&#56;.&#56;.&#49; Login vertraut! Es mag schwierig erscheinen, aber mit unserem Leitfaden haben Sie es geschafft. &#128171; Jetzt k\u00f6nnen Sie Ihr Wi-Fi-Passwort \u00e4ndern, Routereinstellungen \u00e4ndern oder wie ein ECHTER Tech Ninja Probleme l\u00f6sen! Denken Sie immer daran, mit gro\u00dfer Macht kommt gro\u00dfe Verantwortung, also nutzen Sie dieses neu erlangte Wissen mit Bedacht! &#127891; Jetzt zeigen Sie der Internetwelt, was Sie k\u00f6nnen! &#128170; Denken Sie daran, die Liebe zu teilen und diesen Leitfaden mit Ihren Freunden zu teilen, die vielleicht eine helfende Hand brauchen. &#128150;<\/div>\n<\/section>\n<section itemscope=\"\" itemtype=\"https:\/\/schema.org\/FAQPage\">\n<div class=\"panel\" itemprop=\"mainEntity\" itemscope=\"\" itemtype=\"https:\/\/schema.org\/Question\">\n<div class=\"toggle-link\">\n<h3 class=\"panel-title\" itemprop=\"name\">\n            Was bedeutet 192.168.8.1?<\/h3>\n<\/div>\n<div class=\"panel-collapse\">\n<div class=\"panel-body\" itemprop=\"acceptedAnswer\" itemscope=\"\" itemtype=\"https:\/\/schema.org\/Answer\">\n<div itemprop=\"text\">\n<p>Die IP-Adresse 192.168.8.1 wird typischerweise als Standard-Gateway von Huawei-, Telcel-, STC-, Zain-, Zong- und Telenor-Routern genutzt. Sie erm\u00f6glicht den Zugang zur Administrationskonsole des Routers, wo \u00c4nderungen an WiFi-Passw\u00f6rtern, SSID und anderen Einstellungen vorgenommen werden k\u00f6nnen. Benutzer werden zur Seite <a href=http:\/\/192.168.8.1\/>http:\/\/192.168.8.1\/<\/a> geleitet, um diese \u00c4nderungen vorzunehmen.<\/p>\n<\/div>\n<\/div>\n<\/div>\n<\/div>\n<div class=\"panel\" itemprop=\"mainEntity\" itemscope=\"\" itemtype=\"https:\/\/schema.org\/Question\">\n<div class=\"toggle-link\">\n<h3 class=\"panel-title\" itemprop=\"name\">\n            Wie logge ich mich \u00fcber 192.168.8.1 in meinen Router ein?<\/h3>\n<\/div>\n<div class=\"panel-collapse\">\n<div class=\"panel-body\" itemprop=\"acceptedAnswer\" itemscope=\"\" itemtype=\"https:\/\/schema.org\/Answer\">\n<div itemprop=\"text\">\n<p>Um sich in Ihren Router einzuloggen, \u00f6ffnen Sie einen Browser und geben Sie 192.168.8.1 in die Adressleiste ein. Geben Sie dann den Standard-Benutzernamen und das Standard-Passwort ein und klicken Sie auf &#8216;Einloggen&#8217;. Diese Anmeldedaten finden Sie in der Regel auf dem Etikett auf der R\u00fcckseite Ihres Routers\/Modems.<\/p>\n<\/div>\n<\/div>\n<\/div>\n<\/div>\n<div class=\"panel\" itemprop=\"mainEntity\" itemscope=\"\" itemtype=\"https:\/\/schema.org\/Question\">\n<div class=\"toggle-link\">\n<h3 class=\"panel-title\" itemprop=\"name\">\n            Wo finde ich die Standard-Benutzernamen und Passw\u00f6rter?<\/h3>\n<\/div>\n<div class=\"panel-collapse\">\n<div class=\"panel-body\" itemprop=\"acceptedAnswer\" itemscope=\"\" itemtype=\"https:\/\/schema.org\/Answer\">\n<div itemprop=\"text\">\n<p>Die Standard-Benutzernamen und Passw\u00f6rter f\u00fcr Ihren Router sollten deutlich auf der R\u00fcckseite Ihres Routers oder Modems gekennzeichnet sein. Beispielsweise sind die Standard-Zugangsdaten f\u00fcr einen Huawei-Router in der Regel &#8216;admin&#8217; f\u00fcr sowohl den Benutzernamen als auch das Passwort.<\/p>\n<\/div>\n<\/div>\n<\/div>\n<\/div>\n<div class=\"panel\" itemprop=\"mainEntity\" itemscope=\"\" itemtype=\"https:\/\/schema.org\/Question\">\n<div class=\"toggle-link\">\n<h3 class=\"panel-title\" itemprop=\"name\">\n            Was sollte ich tun, wenn ich nicht auf 192.168.8.1 zugreifen kann?<\/h3>\n<\/div>\n<div class=\"panel-collapse\">\n<div class=\"panel-body\" itemprop=\"acceptedAnswer\" itemscope=\"\" itemtype=\"https:\/\/schema.org\/Answer\">\n<div itemprop=\"text\">\n<p>Wenn Sie nicht auf 192.168.8.1 zugreifen k\u00f6nnen, k\u00f6nnte dies aufgrund einer falschen Standard-IP-Adresse, einer falsch eingegebenen IP-Adresse oder eines IP-Konflikts durch mehrere verbundene Router sein. Versuchen Sie, 192.168.0.1 oder 192.168.1.1 einzugeben, oder stellen Sie sicher, dass Sie keinen Tippfehler gemacht haben, wie zum Beispiel 192.168.8.l. Wenn mehrere Router verbunden sind, k\u00f6nnte die Zuweisung statischer IPs an jeden einzelnen die Konflikte l\u00f6sen.<\/p>\n<\/div>\n<\/div>\n<\/div>\n<\/div>\n<div class=\"panel\" itemprop=\"mainEntity\" itemscope=\"\" itemtype=\"https:\/\/schema.org\/Question\">\n<div class=\"toggle-link\">\n<h3 class=\"panel-title\" itemprop=\"name\">\n            Kann ich die Einstellungen meines Routers mit 192.168.8.1 \u00e4ndern?<\/h3>\n<\/div>\n<div class=\"panel-collapse\">\n<div class=\"panel-body\" itemprop=\"acceptedAnswer\" itemscope=\"\" itemtype=\"https:\/\/schema.org\/Answer\">\n<div itemprop=\"text\">\n<p>Ja, durch den Zugriff auf die Administrationskonsole Ihres Routers \u00fcber 192.168.8.1 k\u00f6nnen Sie Einstellungen wie das WiFi-Passwort und die SSID \u00e4ndern.<\/p>\n<\/div>\n<\/div>\n<\/div>\n<\/div>\n<div class=\"panel\" itemprop=\"mainEntity\" itemscope=\"\" itemtype=\"https:\/\/schema.org\/Question\">\n<div class=\"toggle-link\">\n<h3 class=\"panel-title\" itemprop=\"name\">\n            Gilt 192.168.8.1 nur f\u00fcr bestimmte Router-Marken?<\/h3>\n<\/div>\n<div class=\"panel-collapse\">\n<div class=\"panel-body\" itemprop=\"acceptedAnswer\" itemscope=\"\" itemtype=\"https:\/\/schema.org\/Answer\">\n<div itemprop=\"text\">\n<p>Die Standard-IP-Adresse 192.168.8.1 wird vorwiegend von Huawei-, Telcel-, STC-, Zain-, Zong- und Telenor-Routern genutzt. Allerdings verwenden andere Routermodelle m\u00f6glicherweise eine andere Standard-IP-Adresse.<\/p>\n<\/div>\n<\/div>\n<\/div>\n<\/div>\n<div class=\"panel\" itemprop=\"mainEntity\" itemscope=\"\" itemtype=\"https:\/\/schema.org\/Question\">\n<div class=\"toggle-link\">\n<h3 class=\"panel-title\" itemprop=\"name\">\n            Was k\u00f6nnte einen IP-Adressenkonflikt verursachen?<\/h3>\n<\/div>\n<div class=\"panel-collapse\">\n<div class=\"panel-body\" itemprop=\"acceptedAnswer\" itemscope=\"\" itemtype=\"https:\/\/schema.org\/Answer\">\n<div itemprop=\"text\">\n<p>Ein IP-Adressenkonflikt kann auftreten, wenn mehr als ein an das Modem angeschlossener Router die gleiche IP-Adresse zu verwenden versucht. In solchen F\u00e4llen kann die Zuweisung statischer IP-Adressen zu jedem Router dazu beitragen, Konflikte zu beseitigen.<\/p>\n<\/div>\n<\/div>\n<\/div>\n<\/div>\n<div class=\"panel\" itemprop=\"mainEntity\" itemscope=\"\" itemtype=\"https:\/\/schema.org\/Question\">\n<div class=\"toggle-link\">\n<h3 class=\"panel-title\" itemprop=\"name\">\n            Was passiert, wenn ich die Standard-Zugangsdaten meines Routers vergesse?<\/h3>\n<\/div>\n<div class=\"panel-collapse\">\n<div class=\"panel-body\" itemprop=\"acceptedAnswer\" itemscope=\"\" itemtype=\"https:\/\/schema.org\/Answer\">\n<div itemprop=\"text\">\n<p>Wenn Sie die Standard-Zugangsdaten Ihres Routers nicht mehr kennen, suchen Sie diese auf dem Etikett, das sich auf Ihrem Router befindet. Falls Sie diese zuvor ge\u00e4ndert haben und Ihre neuen Zugangsdaten vergessen haben, m\u00fcssen Sie m\u00f6glicherweise Ihren Router zur\u00fccksetzen und mit dem Standard-Benutzernamen und Passwort erneut einloggen.<\/p>\n<\/div>\n<\/div>\n<\/div>\n<\/div>\n<div class=\"panel\" itemprop=\"mainEntity\" itemscope=\"\" itemtype=\"https:\/\/schema.org\/Question\">\n<div class=\"toggle-link\">\n<h3 class=\"panel-title\" itemprop=\"name\">\n            Verwenden alle Router dieselben Standard-Zugangsdaten?<\/h3>\n<\/div>\n<div class=\"panel-collapse\">\n<div class=\"panel-body\" itemprop=\"acceptedAnswer\" itemscope=\"\" itemtype=\"https:\/\/schema.org\/Answer\">\n<div itemprop=\"text\">\n<p>Nein, der Standard-Benutzername und das Standard-Passwort variieren zwischen den Routern. W\u00e4hrend der Standard-Benutzername und das Standard-Passwort von Huawei m\u00f6glicherweise beide &#8216;admin&#8217; sind, k\u00f6nnten die von Telcel &#8216;admin&#8217; und &#8216;1111&#8217; oder &#8216;Telcel&#8217; sein.<\/p>\n<\/div>\n<\/div>\n<\/div>\n<\/div>\n<div class=\"panel\" itemprop=\"mainEntity\" itemscope=\"\" itemtype=\"https:\/\/schema.org\/Question\">\n<div class=\"toggle-link\">\n<h3 class=\"panel-title\" itemprop=\"name\">\n            Warum kann ich beim Eingeben von 192.168.8.1 keine Buchstaben eingeben?<\/h3>\n<\/div>\n<div class=\"panel-collapse\">\n<div class=\"panel-body\" itemprop=\"acceptedAnswer\" itemscope=\"\" itemtype=\"https:\/\/schema.org\/Answer\">\n<div itemprop=\"text\">\n<p>Bei der Eingabe einer IP-Adresse sind nur numerische Eingaben zul\u00e4ssig. Ein Buchstabe wie &#8216;l&#8217; anstelle der Zahl &#8216;1&#8217; w\u00fcrde zu einem fehlgeschlagenen Zugriffsversuch f\u00fchren, da 192.168.8.l keine g\u00fcltige IP-Adresse ist.<\/p>\n<\/div>\n<\/div>\n<\/div>\n<\/div>\n<div class=\"panel\" itemprop=\"mainEntity\" itemscope=\"\" itemtype=\"https:\/\/schema.org\/Question\">\n<div class=\"toggle-link\">\n<h3 class=\"panel-title\" itemprop=\"name\">\n            Wie kann ich meinen Router absichern, nachdem ich \u00c4nderungen an 192.168.8.1 vorgenommen habe?<\/h3>\n<\/div>\n<div class=\"panel-collapse\">\n<div class=\"panel-body\" itemprop=\"acceptedAnswer\" itemscope=\"\" itemtype=\"https:\/\/schema.org\/Answer\">\n<div itemprop=\"text\">\n<p>Durch regelm\u00e4\u00dfiges \u00c4ndern Ihres WiFi-Passworts k\u00f6nnen Sie Ihren Router absichern. Denken Sie immer daran, sich aus der Administrationskonsole auszuloggen, nachdem Sie \u00c4nderungen an den Einstellungen Ihres Routers vorgenommen haben.<\/p>\n<\/div>\n<\/div>\n<\/div>\n<\/div>\n<div class=\"panel\" itemprop=\"mainEntity\" itemscope=\"\" itemtype=\"https:\/\/schema.org\/Question\">\n<div class=\"toggle-link\">\n<h3 class=\"panel-title\" itemprop=\"name\">\n            Welche Vorteile bietet die Nutzung von 192.168.8.1?<\/h3>\n<\/div>\n<div class=\"panel-collapse\">\n<div class=\"panel-body\" itemprop=\"acceptedAnswer\" itemscope=\"\" itemtype=\"https:\/\/schema.org\/Answer\">\n<div itemprop=\"text\">\n<p>Der Zugriff auf die Administrationskonsole Ihres Routers \u00fcber 192.168.8.1 erm\u00f6glicht es Ihnen, die Einstellungen Ihres Routers zu verwalten und zu bearbeiten, beispielsweise das WiFi-Passwort zu \u00e4ndern oder die SSID des Netzwerks f\u00fcr eine verbesserte Sicherheit und Anpassung zu \u00e4ndern.<\/p>\n<\/div>\n<\/div>\n<\/div>\n<\/div>\n<div class=\"panel\" itemprop=\"mainEntity\" itemscope=\"\" itemtype=\"https:\/\/schema.org\/Question\">\n<div class=\"toggle-link\">\n<h3 class=\"panel-title\" itemprop=\"name\">\n            Was passiert, wenn ich die IP-Adresse als 192.168.8.l statt 192.168.8.1 eingebe?<\/h3>\n<\/div>\n<div class=\"panel-collapse\">\n<div class=\"panel-body\" itemprop=\"acceptedAnswer\" itemscope=\"\" itemtype=\"https:\/\/schema.org\/Answer\">\n<div itemprop=\"text\">\n<p>Wenn Sie die IP-Adresse als 192.168.8.l statt als 192.168.8.1 eingeben, f\u00fchrt dies zu einem fehlgeschlagenen Zugriffsversuch, da dies keine g\u00fcltige IP-Adresse ist. Nur numerische Eingaben sind in einer IP-Adresse g\u00fcltig.<\/p>\n<\/div>\n<\/div>\n<\/div>\n<\/div>\n<div class=\"panel\" itemprop=\"mainEntity\" itemscope=\"\" itemtype=\"https:\/\/schema.org\/Question\">\n<div class=\"toggle-link\">\n<h3 class=\"panel-title\" itemprop=\"name\">\n            Was sollte ich tun, wenn ich nach wie vor keinen Zugang zu 192.168.8.1 habe?<\/h3>\n<\/div>\n<div class=\"panel-collapse\">\n<div class=\"panel-body\" itemprop=\"acceptedAnswer\" itemscope=\"\" itemtype=\"https:\/\/schema.org\/Answer\">\n<div itemprop=\"text\">\n<p>Wenn Sie keinen Zugang zu 192.168.8.1 haben, versuchen Sie, einen anderen Browser zu verwenden oder den Cache Ihres aktuellen Browsers zu l\u00f6schen. Wenn das Problem weiterhin besteht, wenden Sie sich an Ihren Internetdienstanbieter (ISP) um Hilfe.<\/p>\n<\/div>\n<\/div>\n<\/div>\n<\/div>\n<div class=\"panel\" itemprop=\"mainEntity\" itemscope=\"\" itemtype=\"https:\/\/schema.org\/Question\">\n<div class=\"toggle-link\">\n<h3 class=\"panel-title\" itemprop=\"name\">\n            Ist 192.168.8.1 auf allen Ger\u00e4ten zug\u00e4nglich?<\/h3>\n<\/div>\n<div class=\"panel-collapse\">\n<div class=\"panel-body\" itemprop=\"acceptedAnswer\" itemscope=\"\" itemtype=\"https:\/\/schema.org\/Answer\">\n<div itemprop=\"text\">\n<p>Ja, jedes Ger\u00e4t mit einem Browser kann auf 192.168.8.1 zugreifen, solange es mit dem gleichen Netzwerk wie der Router verbunden ist.<\/p>\n<\/div>\n<\/div>\n<\/div>\n<\/div>\n<div class=\"panel\" itemprop=\"mainEntity\" itemscope=\"\" itemtype=\"https:\/\/schema.org\/Question\">\n<div class=\"toggle-link\">\n<h3 class=\"panel-title\" itemprop=\"name\">\n            Ist es m\u00f6glich, die Standard-IP-Adresse meines Routers von 192.168.8.1 auf etwas anderes zu \u00e4ndern?<\/h3>\n<\/div>\n<div class=\"panel-collapse\">\n<div class=\"panel-body\" itemprop=\"acceptedAnswer\" itemscope=\"\" itemtype=\"https:\/\/schema.org\/Answer\">\n<div itemprop=\"text\">\n<p>Ja, es ist m\u00f6glich, die Standard-IP Ihres Routers zu \u00e4ndern, aber es k\u00f6nnte schwieriger sein, den Router zu verwalten, wenn Sie die neue IP-Adresse vergessen. Gehen Sie vorsichtig vor und dokumentieren Sie die neue IP-Adresse.<\/p>\n<\/div>\n<\/div>\n<\/div>\n<\/div>\n<div class=\"panel\" itemprop=\"mainEntity\" itemscope=\"\" itemtype=\"https:\/\/schema.org\/Question\">\n<div class=\"toggle-link\">\n<h3 class=\"panel-title\" itemprop=\"name\">\n            Warum sollte ich die SSID meines Routers \u00e4ndern?<\/h3>\n<\/div>\n<div class=\"panel-collapse\">\n<div class=\"panel-body\" itemprop=\"acceptedAnswer\" itemscope=\"\" itemtype=\"https:\/\/schema.org\/Answer\">\n<div itemprop=\"text\">\n<p>Das \u00c4ndern der SSID Ihres Routers kann die Sicherheit verbessern und es einfacher machen, Ihr Netzwerk von anderen in der N\u00e4he zu unterscheiden. Eine einzigartige SSID verleiht Ihrem Netzwerk eine pers\u00f6nliche Note.<\/p>\n<\/div>\n<\/div>\n<\/div>\n<\/div>\n<div class=\"panel\" itemprop=\"mainEntity\" itemscope=\"\" itemtype=\"https:\/\/schema.org\/Question\">\n<div class=\"toggle-link\">\n<h3 class=\"panel-title\" itemprop=\"name\">\n            Was, wenn jemand anderer mein Netzwerk ohne Erlaubnis benutzt?<\/h3>\n<\/div>\n<div class=\"panel-collapse\">\n<div class=\"panel-body\" itemprop=\"acceptedAnswer\" itemscope=\"\" itemtype=\"https:\/\/schema.org\/Answer\">\n<div itemprop=\"text\">\n<p>Wenn unbefugte Benutzer auf Ihr Netzwerk zugreifen, sollten Sie vielleicht Ihr WiFi-Passwort durch die Administrationskonsole mit der IP-Adresse 192.168.8.1 zu einem st\u00e4rkeren, komplexeren Passwort \u00e4ndern. Wenn das Problem weiterhin besteht, ziehen Sie in Betracht, Ihre SSID zu \u00e4ndern oder Ihren ISP zu kontaktieren.<\/p>\n<\/div>\n<\/div>\n<\/div>\n<\/div>\n<div class=\"panel\" itemprop=\"mainEntity\" itemscope=\"\" itemtype=\"https:\/\/schema.org\/Question\">\n<div class=\"toggle-link\">\n<h3 class=\"panel-title\" itemprop=\"name\">\n            Kann ich die Standard-Zugangsdaten meines Routers \u00e4ndern?<\/h3>\n<\/div>\n<div class=\"panel-collapse\">\n<div class=\"panel-body\" itemprop=\"acceptedAnswer\" itemscope=\"\" itemtype=\"https:\/\/schema.org\/Answer\">\n<div itemprop=\"text\">\n<p>Ja, es ist sogar sehr empfohlen, den Standard-Benutzernamen und das Standard-Passwort Ihres Routers zu \u00e4ndern, um die Sicherheit Ihres Netzwerks zu erh\u00f6hen.<\/p>\n<\/div>\n<\/div>\n<\/div>\n<\/div>\n<div class=\"panel\" itemprop=\"mainEntity\" itemscope=\"\" itemtype=\"https:\/\/schema.org\/Question\">\n<div class=\"toggle-link\">\n<h3 class=\"panel-title\" itemprop=\"name\">\n            Welche Schritte kann ich unternehmen, wenn ich meine benutzerdefinierten Router-Zugangsdaten vergessen habe?<\/h3>\n<\/div>\n<div class=\"panel-collapse\">\n<div class=\"panel-body\" itemprop=\"acceptedAnswer\" itemscope=\"\" itemtype=\"https:\/\/schema.org\/Answer\">\n<div itemprop=\"text\">\n<p>Wenn Sie Ihre benutzerdefinierten Zugangsdaten vergessen haben, m\u00fcssen Sie Ihren Router auf die Werkseinstellungen zur\u00fccksetzen. Dadurch werden Ihr Benutzername und Ihr Passwort auf die Standard-Einstellungen zur\u00fcckgesetzt. Danach k\u00f6nnen Sie sich mit den Standard-Zugangsdaten einloggen, die normalerweise auf dem Etikett Ihres Routers zu finden sind.<\/p>\n<\/div>\n<\/div>\n<\/div>\n<\/div>\n<\/section>\n<\/article>\n","protected":false},"excerpt":{"rendered":"<p>GATEWAY zu Ihrem Router: Meistern Sie den &#49;&#57;&#50;.&#49;&#54;&#56;.&#56;.&#49; Login mit Leichtigkeit &#128640;&#128104;&#8205;&#128187; Machen Sie sich bereit, Tech-Ninjas! &#128049;&#8205;&#128187; Haben Sie sich jemals \u00fcber die mysteri\u00f6se &#49;&#57;&#50;.&#49;&#54;&#56;.&#56;.&#49; gewundert, die in Ihren Netzwerkeinstellungen auftaucht? Es ist die Standard-IP-Adresse Ihres Routers! &#128558; Ob Sie ein Huawei, Zain, Telcel, Zong, Telenor oder STC Benutzer sind, hier lernen Sie, wie [&hellip;]<\/p>\n","protected":false},"author":2,"featured_media":15,"parent":0,"menu_order":0,"comment_status":"closed","ping_status":"closed","template":"chromecast.php","meta":{"_stopmodifiedupdate":false,"_modified_date":"","_lmt_disableupdate":"yes","_lmt_disable":""},"yoast_head":"<!-- This site is optimized with the Yoast SEO plugin v20.9 - https:\/\/yoast.com\/wordpress\/plugins\/seo\/ -->\n<title>192.168.8.1. Aktualisiert im Jahr 2026<\/title>\n<meta name=\"robots\" content=\"index, follow, max-snippet:-1, max-image-preview:large, max-video-preview:-1\" \/>\n<link rel=\"canonical\" href=\"https:\/\/www.ping.fm\/ip\/de\/192-168-8-1-ip\/\" \/>\n<meta property=\"og:locale\" content=\"en_US\" \/>\n<meta property=\"og:type\" content=\"article\" \/>\n<meta property=\"og:title\" content=\"192.168.8.1. Aktualisiert im Jahr 2026\" \/>\n<meta property=\"og:description\" content=\"GATEWAY zu Ihrem Router: Meistern Sie den &#049;&#057;&#050;.&#049;&#054;&#056;.&#056;.&#049; Login mit Leichtigkeit &#128640;&#128104;&#8205;&#128187; Machen Sie sich bereit, Tech-Ninjas! &#128049;&#8205;&#128187; Haben Sie sich jemals \u00fcber die mysteri\u00f6se &#049;&#057;&#050;.&#049;&#054;&#056;.&#056;.&#049; gewundert, die in Ihren Netzwerkeinstellungen auftaucht? Es ist die Standard-IP-Adresse Ihres Routers! &#128558; Ob Sie ein Huawei, Zain, Telcel, Zong, Telenor oder STC Benutzer sind, hier lernen Sie, wie [&hellip;]\" \/>\n<meta property=\"og:url\" content=\"https:\/\/www.ping.fm\/ip\/de\/192-168-8-1-ip\/\" \/>\n<meta property=\"og:site_name\" content=\"IP\" \/>\n<meta property=\"og:image\" content=\"https:\/\/www.ping.fm\/ip\/wp-content\/uploads\/2023\/07\/wifi.jpg\" \/>\n\t<meta property=\"og:image:width\" content=\"1992\" \/>\n\t<meta property=\"og:image:height\" content=\"1852\" \/>\n\t<meta property=\"og:image:type\" content=\"image\/jpeg\" \/>\n<meta name=\"twitter:card\" content=\"summary_large_image\" \/>\n<script type=\"application\/ld+json\" class=\"yoast-schema-graph\">{\"@context\":\"https:\/\/schema.org\",\"@graph\":[{\"@type\":\"WebPage\",\"@id\":\"https:\/\/www.ping.fm\/ip\/de\/192-168-8-1-ip\/\",\"url\":\"https:\/\/www.ping.fm\/ip\/de\/192-168-8-1-ip\/\",\"name\":\"192.168.8.1. Aktualisiert im Jahr 2026\",\"isPartOf\":{\"@id\":\"https:\/\/www.ping.fm\/ip\/#website\"},\"datePublished\":\"2023-10-19T17:07:38+00:00\",\"dateModified\":\"2023-10-19T17:07:38+00:00\",\"breadcrumb\":{\"@id\":\"https:\/\/www.ping.fm\/ip\/de\/192-168-8-1-ip\/#breadcrumb\"},\"inLanguage\":\"en-US\",\"potentialAction\":[{\"@type\":\"ReadAction\",\"target\":[\"https:\/\/www.ping.fm\/ip\/de\/192-168-8-1-ip\/\"]}]},{\"@type\":\"BreadcrumbList\",\"@id\":\"https:\/\/www.ping.fm\/ip\/de\/192-168-8-1-ip\/#breadcrumb\",\"itemListElement\":[{\"@type\":\"ListItem\",\"position\":1,\"name\":\"Home\",\"item\":\"https:\/\/www.ping.fm\/ip\/\"},{\"@type\":\"ListItem\",\"position\":2,\"name\":\"192.168.8.1\"}]},{\"@type\":\"WebSite\",\"@id\":\"https:\/\/www.ping.fm\/ip\/#website\",\"url\":\"https:\/\/www.ping.fm\/ip\/\",\"name\":\"IP\",\"description\":\"\",\"potentialAction\":[{\"@type\":\"SearchAction\",\"target\":{\"@type\":\"EntryPoint\",\"urlTemplate\":\"https:\/\/www.ping.fm\/ip\/?s={search_term_string}\"},\"query-input\":\"required name=search_term_string\"}],\"inLanguage\":\"en-US\"}]}<\/script>\n<!-- \/ Yoast SEO plugin. -->","yoast_head_json":{"title":"192.168.8.1. Aktualisiert im Jahr 2026","robots":{"index":"index","follow":"follow","max-snippet":"max-snippet:-1","max-image-preview":"max-image-preview:large","max-video-preview":"max-video-preview:-1"},"canonical":"https:\/\/www.ping.fm\/ip\/de\/192-168-8-1-ip\/","og_locale":"en_US","og_type":"article","og_title":"192.168.8.1. Aktualisiert im Jahr 2026","og_description":"GATEWAY zu Ihrem Router: Meistern Sie den &#49;&#57;&#50;.&#49;&#54;&#56;.&#56;.&#49; Login mit Leichtigkeit &#128640;&#128104;&#8205;&#128187; Machen Sie sich bereit, Tech-Ninjas! &#128049;&#8205;&#128187; Haben Sie sich jemals \u00fcber die mysteri\u00f6se &#49;&#57;&#50;.&#49;&#54;&#56;.&#56;.&#49; gewundert, die in Ihren Netzwerkeinstellungen auftaucht? Es ist die Standard-IP-Adresse Ihres Routers! &#128558; Ob Sie ein Huawei, Zain, Telcel, Zong, Telenor oder STC Benutzer sind, hier lernen Sie, wie [&hellip;]","og_url":"https:\/\/www.ping.fm\/ip\/de\/192-168-8-1-ip\/","og_site_name":"IP","og_image":[{"width":1992,"height":1852,"url":"https:\/\/www.ping.fm\/ip\/wp-content\/uploads\/2023\/07\/wifi.jpg","type":"image\/jpeg"}],"twitter_card":"summary_large_image","schema":{"@context":"https:\/\/schema.org","@graph":[{"@type":"WebPage","@id":"https:\/\/www.ping.fm\/ip\/de\/192-168-8-1-ip\/","url":"https:\/\/www.ping.fm\/ip\/de\/192-168-8-1-ip\/","name":"192.168.8.1. Aktualisiert im Jahr 2026","isPartOf":{"@id":"https:\/\/www.ping.fm\/ip\/#website"},"datePublished":"2023-10-19T17:07:38+00:00","dateModified":"2023-10-19T17:07:38+00:00","breadcrumb":{"@id":"https:\/\/www.ping.fm\/ip\/de\/192-168-8-1-ip\/#breadcrumb"},"inLanguage":"en-US","potentialAction":[{"@type":"ReadAction","target":["https:\/\/www.ping.fm\/ip\/de\/192-168-8-1-ip\/"]}]},{"@type":"BreadcrumbList","@id":"https:\/\/www.ping.fm\/ip\/de\/192-168-8-1-ip\/#breadcrumb","itemListElement":[{"@type":"ListItem","position":1,"name":"Home","item":"https:\/\/www.ping.fm\/ip\/"},{"@type":"ListItem","position":2,"name":"192.168.8.1"}]},{"@type":"WebSite","@id":"https:\/\/www.ping.fm\/ip\/#website","url":"https:\/\/www.ping.fm\/ip\/","name":"IP","description":"","potentialAction":[{"@type":"SearchAction","target":{"@type":"EntryPoint","urlTemplate":"https:\/\/www.ping.fm\/ip\/?s={search_term_string}"},"query-input":"required name=search_term_string"}],"inLanguage":"en-US"}]}},"_links":{"self":[{"href":"https:\/\/www.ping.fm\/ip\/wp-json\/wp\/v2\/pages\/453"}],"collection":[{"href":"https:\/\/www.ping.fm\/ip\/wp-json\/wp\/v2\/pages"}],"about":[{"href":"https:\/\/www.ping.fm\/ip\/wp-json\/wp\/v2\/types\/page"}],"author":[{"embeddable":true,"href":"https:\/\/www.ping.fm\/ip\/wp-json\/wp\/v2\/users\/2"}],"replies":[{"embeddable":true,"href":"https:\/\/www.ping.fm\/ip\/wp-json\/wp\/v2\/comments?post=453"}],"version-history":[{"count":1,"href":"https:\/\/www.ping.fm\/ip\/wp-json\/wp\/v2\/pages\/453\/revisions"}],"predecessor-version":[{"id":454,"href":"https:\/\/www.ping.fm\/ip\/wp-json\/wp\/v2\/pages\/453\/revisions\/454"}],"wp:featuredmedia":[{"embeddable":true,"href":"https:\/\/www.ping.fm\/ip\/wp-json\/wp\/v2\/media\/15"}],"wp:attachment":[{"href":"https:\/\/www.ping.fm\/ip\/wp-json\/wp\/v2\/media?parent=453"}],"curies":[{"name":"wp","href":"https:\/\/api.w.org\/{rel}","templated":true}]}}