{"id":448,"date":"2023-10-19T17:04:07","date_gmt":"2023-10-19T17:04:07","guid":{"rendered":"https:\/\/www.ping.fm\/ip\/?page_id=448"},"modified":"2023-10-19T17:04:07","modified_gmt":"2023-10-19T17:04:07","slug":"zte-router-anmeldung","status":"publish","type":"page","link":"https:\/\/www.ping.fm\/ip\/de\/zte-router-anmeldung\/","title":{"rendered":"ZTE Router Anmeldung"},"content":{"rendered":"<article>\n<section>\n<h1>ZTE Router Anleitung: Meistern Sie die Kunst, WiFi-Einstellungen wie ein Profi zu \u00e4ndern! &#128165;&#128187;<\/h1>\n<div class=\"inbrief\">\n<div>\n                                <img src=\"\/ip\/wp-content\/uploads\/generated\/ZTE-Router-Anmeldung.jpg\" alt=\"ZTE Router Anmeldung\" title=\"ZTE Router Anmeldung\" width=\"1280\" height=\"720\"><\/p>\n<p><b>Hallo, hallo, hallo, meine technikaffinen Freunde! &#128526; Machen Sie sich bereit f\u00fcr einen epischen Ritt durch die digitalen Wellen Ihres ZTE Routers. Heute werden wir Sie in ein echtes Zauberkind verwandeln, das in der Lage ist, WiFi-Einstellungen schneller zu \u00e4ndern, als Sie <a href='http:\/\/&#49;&#57;&#50;.&#49;&#54;&#56;.&#49;.&#49;'>&#49;&#57;&#50;.&#49;&#54;&#56;.&#49;.&#49;<\/a> sagen k\u00f6nnen. Tauchen wir ein! &#128187;&#127754;&#128293;<\/b><\/p>\n<\/div>\n<\/div>\n<\/section>\n<section>\n<div>\n<div>1<\/div>\n<h2>Ankleiden f\u00fcr die Party: Anmelden an Ihrem ZTE Router<\/h2>\n<\/div>\n<p>Zuerst das Wichtigste: Wir m\u00fcssen Sie hineinbringen. \u00d6ffnen Sie Ihren bevorzugten Webbrowser (Chrome, Firefox oder, wenn Sie altmodisch sind, Internet Explorer, kein Urteil hier!) \ud83d\ude01. Geben Sie <a href='http:\/\/192.168.1.1' target='_blank' rel=\"noopener\">192.168.1.1<\/a> oder <a href='http:\/\/192.168.0.1' target='_blank' rel=\"noopener\">192.168.0.1<\/a> in die Adressleiste ein, als ob es Ihnen Geld schuldet! Dann kommt Ihr cooler Geheimagenten-Moment: Geben Sie &#8216;admin&#8217; sowohl f\u00fcr den Benutzernamen als auch f\u00fcr das Passwort ein und klicken Sie auf &#8216;Anmelden&#8217;. Wenn &#8216;admin&#8217; nicht funktioniert, versuchen Sie &#8216;<a href='mailto:[email&#160;protected]'>[email&#160;protected]<\/a>&#8216;. Sie sollten nun Ihre ZTE Router Oberfl\u00e4che sehen. Herzlichen Gl\u00fcckwunsch, Sie sind drin! \ud83d\udd11\ud83d\udeaa\ud83d\udca5<\/p>\n<\/section>\n<section>\n<div>\n<div>2<\/div>\n<h2>Das Spiel des Namens: \u00c4ndern Ihres WiFi-Netzwerknamens (SSID) auf ZTE Routern<\/h2>\n<\/div>\n<p>So, Schritt zwei. \ud83c\udfaf. Lassen Sie uns dieses WiFi-Netzwerk umgestalten! Nachdem Sie sich angemeldet haben, suchen Sie &#8216;Netzwerk&#8217; im linken Men\u00fc und klicken Sie darauf. W\u00e4hlen Sie dann &#8216;WLAN&#8217;. Suchen Sie nun im WLAN-Abschnitt nach &#8216;SSID-Einstellungen&#8217;. Haben Sie es? Super! \ud83d\udc4dW\u00e4hlen Sie &#8216;SSID1&#8217; und nun ist es an der Zeit, kreativ zu werden. Geben Sie Ihren tollen, neuen WLAN-Namen in das Feld &#8216;SSID-Name&#8217; ein. Dr\u00fccken Sie den &#8216;Absenden&#8217;-Knopf und BAM! Ihr WiFi-Netzwerk hat eine brandneue Identit\u00e4t. \ud83c\udf89\ud83d\udd24\ud83c\udf10<\/p>\n<\/section>\n<section>\n<div>\n<div>3<\/div>\n<h2>Abschlie\u00dfen: \u00c4ndern Ihres WiFi-Passworts auf ZTE Routern<\/h2>\n<\/div>\n<p>Denken Sie jetzt nicht, dass wir nur Ihren WiFi-Namen aktualisieren. Wir werden auch Ihr Passwort \u00e4ndern, um f\u00fcr mehr Sicherheit zu sorgen! \ud83d\udcaa\ud83d\udd12Melden Sie sich erneut an, gehen Sie zur\u00fcck zu der Option &#8216;Netzwerk&#8217; und w\u00e4hlen Sie &#8216;WLAN&#8217;. W\u00e4hlen Sie diesmal im WLAN-Bereich &#8216;Sicherheit&#8217;. W\u00e4hlen Sie erneut &#8216;SSID1&#8217; und stellen Sie &#8216;Authentifizierungsart&#8217; auf &#8216;WPA\/WPA2-PSK&#8217;. Bereit, alles abzuschlie\u00dfen? Geben Sie Ihr neues, super geheimes, nicht zu knackendes Passwort in das Feld &#8216;WPA-Passphrase&#8217; ein. Schlagen Sie auf den &#8216;Absenden&#8217;-Knopf und voila! Sie haben Ihre WiFi-Sicherheit auf 11 aufgedreht. \ud83d\ude80\ud83d\udd13\ud83d\udc51<\/p>\n<\/section>\n<section>\n<h2>Schlussfolgerung: \ud83c\udfc1<\/h2>\n<div class=\"nonp\">\n<p><b>Und so sind Sie von einem normalen Kerl zu einem ZTE Router-Meister geworden! &#127926; Jetzt k\u00f6nnen Sie Ihre WiFi-Einstellungen \u00e4ndern, wann immer Sie wollen, wie Sie wollen, wie ein echter Gesch\u00e4ftemacher. Es ist so einfach wie der Besuch von <a href='http:\/\/&#49;&#57;&#50;.&#49;&#54;&#56;.&#49;.&#49;'>&#49;&#57;&#50;.&#49;&#54;&#56;.&#49;.&#49;<\/a> oder <a href='http:\/\/&#49;&#57;&#50;.&#49;&#54;&#56;.&#48;.&#49;'>&#49;&#57;&#50;.&#49;&#54;&#56;.&#48;.&#49;<\/a>. &#128640; Vertrauen Sie mir; wenn Sie diese einfachen Schritte gemeistert haben, werden Sie das Gespr\u00e4chsthema der digitalen Stadt sein! &#127760;&#128172; Denken Sie daran, Sie schaffen das! Bleiben Sie am Lernen, am Wachsen und rocken Sie weiterhin die ZTE Router-Welt! Meine technikaffinen Freunde, bis zum n\u00e4chsten Mal. &#9996;&#128526;&#128171;<\/b><\/p>\n<\/div>\n<\/section>\n<section itemscope=\"\" itemtype=\"https:\/\/schema.org\/FAQPage\">\n<div class=\"panel\" itemprop=\"mainEntity\" itemscope=\"\" itemtype=\"https:\/\/schema.org\/Question\">\n<div class=\"toggle-link\">\n<h3 class=\"panel-title\" itemprop=\"name\">\n            Was sind die Schritte zur Anmeldung am ZTE Router?<\/h3>\n<\/div>\n<div class=\"panel-collapse\">\n<div class=\"panel-body\" itemprop=\"acceptedAnswer\" itemscope=\"\" itemtype=\"https:\/\/schema.org\/Answer\">\n<div itemprop=\"text\">\n<p>Um sich bei dem ZTE Router anzumelden, \u00f6ffnen Sie Ihren Browser und geben Sie <a href=http:\/\/192.168.1.1>192.168.1.1<\/a> oder <a href=http:\/\/192.168.0.1>192.168.0.1<\/a> in die Suchleiste ein. Geben Sie f\u00fcr beide Username und Passwort admin ein und dr\u00fccken Sie Login. Wenn admin Sie nicht anmeldet, versuchen Sie es mit [email protected] als Passwort. Dieser Prozess erm\u00f6glicht es Ihnen, Zugriff auf das Interface Ihres ZTE Routers zu erhalten.<\/p>\n<\/div>\n<\/div>\n<\/div>\n<\/div>\n<div class=\"panel\" itemprop=\"mainEntity\" itemscope=\"\" itemtype=\"https:\/\/schema.org\/Question\">\n<div class=\"toggle-link\">\n<h3 class=\"panel-title\" itemprop=\"name\">\n            Wie lautet das Verfahren zur \u00c4nderung des WiFi Netzwerknamens (SSID) auf einem ZTE Router?<\/h3>\n<\/div>\n<div class=\"panel-collapse\">\n<div class=\"panel-body\" itemprop=\"acceptedAnswer\" itemscope=\"\" itemtype=\"https:\/\/schema.org\/Answer\">\n<div itemprop=\"text\">\n<p>Geben Sie zun\u00e4chst in Ihrem Browser <a href=http:\/\/192.168.1.1>192.168.1.1<\/a> oder <a href=http:\/\/192.168.0.1>192.168.0.1<\/a> ein und melden Sie sich mit Ihrem entsprechenden Benutzernamen und Passwort an. W\u00e4hlen Sie Netzwerk aus dem linken Men\u00fc und dann WLAN. Unter WLAN klicken Sie auf SSID Einstellungen. W\u00e4hlen Sie SSID1 und \u00e4ndern Sie den WiFi-Namen im Feld SSID Name. Zum Schluss klicken Sie auf \u00dcbermitteln, um die \u00c4nderungen zu best\u00e4tigen.<\/p>\n<\/div>\n<\/div>\n<\/div>\n<\/div>\n<div class=\"panel\" itemprop=\"mainEntity\" itemscope=\"\" itemtype=\"https:\/\/schema.org\/Question\">\n<div class=\"toggle-link\">\n<h3 class=\"panel-title\" itemprop=\"name\">\n            Wie kann ich das WiFi Passwort auf meinem ZTE Router \u00e4ndern?<\/h3>\n<\/div>\n<div class=\"panel-collapse\">\n<div class=\"panel-body\" itemprop=\"acceptedAnswer\" itemscope=\"\" itemtype=\"https:\/\/schema.org\/Answer\">\n<div itemprop=\"text\">\n<p>Um das Passwort zu \u00e4ndern, \u00f6ffnen Sie einen Browser und geben Sie <a href=http:\/\/192.168.1.1>192.168.1.1<\/a> oder <a href=http:\/\/192.168.0.1>192.168.0.1<\/a> in die URL-Leiste ein. Nach der Anmeldung klicken Sie auf Netzwerk im linken Men\u00fc und w\u00e4hlen WLAN. Dort gehen Sie zum Abschnitt Sicherheit. W\u00e4hlen Sie SSID1 und setzen das Authentifizierungsverfahren auf WPA\/WPA2-PSK. Geben Sie in das Feld WPA Passphrase Ihr neues WiFi Passwort ein. Dr\u00fccken Sie die Schaltfl\u00e4che Senden, um Ihre \u00c4nderungen zu speichern.<\/p>\n<\/div>\n<\/div>\n<\/div>\n<\/div>\n<div class=\"panel\" itemprop=\"mainEntity\" itemscope=\"\" itemtype=\"https:\/\/schema.org\/Question\">\n<div class=\"toggle-link\">\n<h3 class=\"panel-title\" itemprop=\"name\">\n            Was ist der Zweck der ZTE Router Web-Schnittstelle?<\/h3>\n<\/div>\n<div class=\"panel-collapse\">\n<div class=\"panel-body\" itemprop=\"acceptedAnswer\" itemscope=\"\" itemtype=\"https:\/\/schema.org\/Answer\">\n<div itemprop=\"text\">\n<p>Mit der ZTE Router Web Interface k\u00f6nnen Sie die Standardeinstellungen Ihres Routers \u00e4ndern, wie zum Beispiel Ihr WiFi-Passwort und SSID Name, indem Sie sich auf <a href=http:\/\/192.168.1.1>192.168.1.1<\/a> oder <a href=http:\/\/192.168.0.1>192.168.0.1<\/a> einloggen.<\/p>\n<\/div>\n<\/div>\n<\/div>\n<\/div>\n<div class=\"panel\" itemprop=\"mainEntity\" itemscope=\"\" itemtype=\"https:\/\/schema.org\/Question\">\n<div class=\"toggle-link\">\n<h3 class=\"panel-title\" itemprop=\"name\">\n            Kann dieser Anmeldevorgang auf allen ZTE Routern durchgef\u00fchrt werden?<\/h3>\n<\/div>\n<div class=\"panel-collapse\">\n<div class=\"panel-body\" itemprop=\"acceptedAnswer\" itemscope=\"\" itemtype=\"https:\/\/schema.org\/Answer\">\n<div itemprop=\"text\">\n<p>Ja, diese Prozesse sind kompatibel mit ZTE Router Modellen wie ZTE F609, F660, F680, F668 und anderen ZTE Router Modellen.<\/p>\n<\/div>\n<\/div>\n<\/div>\n<\/div>\n<div class=\"panel\" itemprop=\"mainEntity\" itemscope=\"\" itemtype=\"https:\/\/schema.org\/Question\">\n<div class=\"toggle-link\">\n<h3 class=\"panel-title\" itemprop=\"name\">\n            Was sind der Standard Benutzername und das Passwort f\u00fcr ZTE Router?<\/h3>\n<\/div>\n<div class=\"panel-collapse\">\n<div class=\"panel-body\" itemprop=\"acceptedAnswer\" itemscope=\"\" itemtype=\"https:\/\/schema.org\/Answer\">\n<div itemprop=\"text\">\n<p>Der Standard Benutzername und das Passwort f\u00fcr ZTE Router sind beide &#8216;admin&#8217;. Wenn dies nicht funktioniert, k\u00f6nnen Sie &#8216;[email protected]&#8217; f\u00fcr das Passwort versuchen.<\/p>\n<\/div>\n<\/div>\n<\/div>\n<\/div>\n<div class=\"panel\" itemprop=\"mainEntity\" itemscope=\"\" itemtype=\"https:\/\/schema.org\/Question\">\n<div class=\"toggle-link\">\n<h3 class=\"panel-title\" itemprop=\"name\">\n            Welche Ma\u00dfnahmen sollten ergriffen werden, wenn die Standard Login Daten nicht funktionieren?<\/h3>\n<\/div>\n<div class=\"panel-collapse\">\n<div class=\"panel-body\" itemprop=\"acceptedAnswer\" itemscope=\"\" itemtype=\"https:\/\/schema.org\/Answer\">\n<div itemprop=\"text\">\n<p>Wenn &#8216;admin&#8217; nicht funktioniert, verwenden Sie f\u00fcr das Passwort &#8216;[email protected]&#8217;. Wenn alles andere scheitert, bedeutet das, dass die standardm\u00e4\u00dfigen Login-Daten ge\u00e4ndert wurden. M\u00f6glicherweise m\u00fcssen Sie dann einen Werksreset auf Ihrem Router durchf\u00fchren.<\/p>\n<\/div>\n<\/div>\n<\/div>\n<\/div>\n<div class=\"panel\" itemprop=\"mainEntity\" itemscope=\"\" itemtype=\"https:\/\/schema.org\/Question\">\n<div class=\"toggle-link\">\n<h3 class=\"panel-title\" itemprop=\"name\">\n            K\u00f6nnen alle Einstellungen auf dem ZTE Router mit der Web-Schnittstelle ge\u00e4ndert werden?<\/h3>\n<\/div>\n<div class=\"panel-collapse\">\n<div class=\"panel-body\" itemprop=\"acceptedAnswer\" itemscope=\"\" itemtype=\"https:\/\/schema.org\/Answer\">\n<div itemprop=\"text\">\n<p>Ja, \u00fcber die ZTE Router Web-Schnittstelle, k\u00f6nnen Sie eine Vielzahl von Standardeinstellungen wie WiFi Passwort, SSID und andere Netzwerkspezifikationen anpassen.<\/p>\n<\/div>\n<\/div>\n<\/div>\n<\/div>\n<div class=\"panel\" itemprop=\"mainEntity\" itemscope=\"\" itemtype=\"https:\/\/schema.org\/Question\">\n<div class=\"toggle-link\">\n<h3 class=\"panel-title\" itemprop=\"name\">\n            Welche Einstellung sollte ausgew\u00e4hlt werden, um das WiFi Passwort zu \u00e4ndern?<\/h3>\n<\/div>\n<div class=\"panel-collapse\">\n<div class=\"panel-body\" itemprop=\"acceptedAnswer\" itemscope=\"\" itemtype=\"https:\/\/schema.org\/Answer\">\n<div itemprop=\"text\">\n<p>Um das WiFi Passwort zu \u00e4ndern, w\u00e4hlen Sie die Einstellung &#8216;Sicherheit&#8217; unter dem Abschnitt &#8216;WLAN&#8217; aus, nachdem Sie auf &#8216;Netzwerk&#8217; im linken Men\u00fc der Web Schnittstelle geklickt haben.<\/p>\n<\/div>\n<\/div>\n<\/div>\n<\/div>\n<div class=\"panel\" itemprop=\"mainEntity\" itemscope=\"\" itemtype=\"https:\/\/schema.org\/Question\">\n<div class=\"toggle-link\">\n<h3 class=\"panel-title\" itemprop=\"name\">\n            Wie kann ich die Sicherheitseinstellungen meines Routers konfigurieren?<\/h3>\n<\/div>\n<div class=\"panel-collapse\">\n<div class=\"panel-body\" itemprop=\"acceptedAnswer\" itemscope=\"\" itemtype=\"https:\/\/schema.org\/Answer\">\n<div itemprop=\"text\">\n<p>Indem Sie auf &#8216;Netzwerk&#8217; klicken und &#8216;WLAN&#8217; ausw\u00e4hlen, nachdem Sie sich in die Web Interface eingeloggt haben, k\u00f6nnen Sie auf die Option &#8216;Sicherheit&#8217; unter &#8216;WLAN&#8217; zugreifen. Hier k\u00f6nnen Sie Ihr WiFi-Passwort \u00e4ndern oder den Sicherheitstyp konfigurieren.<\/p>\n<\/div>\n<\/div>\n<\/div>\n<\/div>\n<div class=\"panel\" itemprop=\"mainEntity\" itemscope=\"\" itemtype=\"https:\/\/schema.org\/Question\">\n<div class=\"toggle-link\">\n<h3 class=\"panel-title\" itemprop=\"name\">\n            Wie kann der Name meines WiFi Netzwerks (SSID) ge\u00e4ndert werden?<\/h3>\n<\/div>\n<div class=\"panel-collapse\">\n<div class=\"panel-body\" itemprop=\"acceptedAnswer\" itemscope=\"\" itemtype=\"https:\/\/schema.org\/Answer\">\n<div itemprop=\"text\">\n<p>Der Name Ihres WiFi Netzwerks (SSID) kann unter der Option &#8216;SSID Einstellungen&#8217; ge\u00e4ndert werden, die Sie unter dem Abschnitt &#8216;WLAN&#8217; finden. Sie w\u00e4hlen einfach &#8216;SSID1&#8217; aus und geben den neuen gew\u00fcnschten Namen in das Feld &#8216;SSID Name&#8217; ein.<\/p>\n<\/div>\n<\/div>\n<\/div>\n<\/div>\n<div class=\"panel\" itemprop=\"mainEntity\" itemscope=\"\" itemtype=\"https:\/\/schema.org\/Question\">\n<div class=\"toggle-link\">\n<h3 class=\"panel-title\" itemprop=\"name\">\n            Was bedeutet es, &#8216;SSID1&#8217; auszuw\u00e4hlen?<\/h3>\n<\/div>\n<div class=\"panel-collapse\">\n<div class=\"panel-body\" itemprop=\"acceptedAnswer\" itemscope=\"\" itemtype=\"https:\/\/schema.org\/Answer\">\n<div itemprop=\"text\">\n<p>&#8216;SSID1&#8217; ist in der Regel die erste Option in der Liste der verf\u00fcgbaren Netzwerke von Ihrem ZTE Router. Indem Sie &#8216;SSID1&#8217; ausw\u00e4hlen, w\u00e4hlen Sie das prim\u00e4re Netzwerk zur Modifikation.<\/p>\n<\/div>\n<\/div>\n<\/div>\n<\/div>\n<div class=\"panel\" itemprop=\"mainEntity\" itemscope=\"\" itemtype=\"https:\/\/schema.org\/Question\">\n<div class=\"toggle-link\">\n<h3 class=\"panel-title\" itemprop=\"name\">\n            Wie kann ich den Authentifizierungstypen auf meinem ZTE Router \u00e4ndern?<\/h3>\n<\/div>\n<div class=\"panel-collapse\">\n<div class=\"panel-body\" itemprop=\"acceptedAnswer\" itemscope=\"\" itemtype=\"https:\/\/schema.org\/Answer\">\n<div itemprop=\"text\">\n<p>Um den Authentifizierungstyp zu \u00e4ndern, navigieren Sie zur Option &#8216;Sicherheit&#8217; unter der Kategorie &#8216;WLAN&#8217;. Hier k\u00f6nnen Sie WPA\/WPA2-PSK aus dem Dropdown-Men\u00fc f\u00fcr den &#8216;Authentifizierungstyp&#8217; ausw\u00e4hlen.<\/p>\n<\/div>\n<\/div>\n<\/div>\n<\/div>\n<div class=\"panel\" itemprop=\"mainEntity\" itemscope=\"\" itemtype=\"https:\/\/schema.org\/Question\">\n<div class=\"toggle-link\">\n<h3 class=\"panel-title\" itemprop=\"name\">\n            Welches sollte der Authentifizierungstyp f\u00fcr sichere Verbindungen sein?<\/h3>\n<\/div>\n<div class=\"panel-collapse\">\n<div class=\"panel-body\" itemprop=\"acceptedAnswer\" itemscope=\"\" itemtype=\"https:\/\/schema.org\/Answer\">\n<div itemprop=\"text\">\n<p>F\u00fcr sichere Verbindungen ist es empfehlenswert, WPA\/WPA2-PSK als Authentifizierungstyp zu w\u00e4hlen.<\/p>\n<\/div>\n<\/div>\n<\/div>\n<\/div>\n<div class=\"panel\" itemprop=\"mainEntity\" itemscope=\"\" itemtype=\"https:\/\/schema.org\/Question\">\n<div class=\"toggle-link\">\n<h3 class=\"panel-title\" itemprop=\"name\">\n            Was bedeutet der Authentifizierungstyp WPA\/WPA2-PSK?<\/h3>\n<\/div>\n<div class=\"panel-collapse\">\n<div class=\"panel-body\" itemprop=\"acceptedAnswer\" itemscope=\"\" itemtype=\"https:\/\/schema.org\/Answer\">\n<div itemprop=\"text\">\n<p>WPA\/WPA2-PSK ist ein Sicherheitsprotokoll, das f\u00fcr Wi-Fi Protected Access mit Pre-shared Key steht. Dies stellt eine sichere Verbindung her, indem f\u00fcr den Zugriff auf das drahtlose Netzwerk ein Passwort erforderlich ist.<\/p>\n<\/div>\n<\/div>\n<\/div>\n<\/div>\n<div class=\"panel\" itemprop=\"mainEntity\" itemscope=\"\" itemtype=\"https:\/\/schema.org\/Question\">\n<div class=\"toggle-link\">\n<h3 class=\"panel-title\" itemprop=\"name\">\n            Was muss ich tun, um \u00c4nderungen an meinen Netzwerkeinstellungen zu speichern?<\/h3>\n<\/div>\n<div class=\"panel-collapse\">\n<div class=\"panel-body\" itemprop=\"acceptedAnswer\" itemscope=\"\" itemtype=\"https:\/\/schema.org\/Answer\">\n<div itemprop=\"text\">\n<p>Nachdem Sie Anpassungen in den Netzwerkeinstellungen \u00fcber das Web-Interface vorgenommen haben, m\u00fcssen Sie die Schaltfl\u00e4che &#8216;Senden&#8217; anklicken, um Ihre \u00c4nderungen zu speichern.<\/p>\n<\/div>\n<\/div>\n<\/div>\n<\/div>\n<div class=\"panel\" itemprop=\"mainEntity\" itemscope=\"\" itemtype=\"https:\/\/schema.org\/Question\">\n<div class=\"toggle-link\">\n<h3 class=\"panel-title\" itemprop=\"name\">\n            Was passiert, wenn ich vergesse, \u00c4nderungen zu speichern?<\/h3>\n<\/div>\n<div class=\"panel-collapse\">\n<div class=\"panel-body\" itemprop=\"acceptedAnswer\" itemscope=\"\" itemtype=\"https:\/\/schema.org\/Answer\">\n<div itemprop=\"text\">\n<p>Wenn Sie vergessen, Ihre \u00c4nderungen zu speichern, beh\u00e4lt der ZTE Router die alten Einstellungen bei. Es ist wichtig, auf &#8216;Senden&#8217; zu klicken, sobald \u00c4nderungen vorgenommen wurden.<\/p>\n<\/div>\n<\/div>\n<\/div>\n<\/div>\n<div class=\"panel\" itemprop=\"mainEntity\" itemscope=\"\" itemtype=\"https:\/\/schema.org\/Question\">\n<div class=\"toggle-link\">\n<h3 class=\"panel-title\" itemprop=\"name\">\n            Wie wirkt sich das \u00c4ndern des SSID-Namens auf meine Ger\u00e4te aus?<\/h3>\n<\/div>\n<div class=\"panel-collapse\">\n<div class=\"panel-body\" itemprop=\"acceptedAnswer\" itemscope=\"\" itemtype=\"https:\/\/schema.org\/Answer\">\n<div itemprop=\"text\">\n<p>Nachdem der SSID-Name ge\u00e4ndert wurde, werden Ger\u00e4te, die zuvor mit dem Netzwerk verbunden waren, getrennt. Diese m\u00fcssen dann das neu benannte Netzwerk suchen und sich daran anschlie\u00dfen.<\/p>\n<\/div>\n<\/div>\n<\/div>\n<\/div>\n<div class=\"panel\" itemprop=\"mainEntity\" itemscope=\"\" itemtype=\"https:\/\/schema.org\/Question\">\n<div class=\"toggle-link\">\n<h3 class=\"panel-title\" itemprop=\"name\">\n            Welche Vorsichtsma\u00dfnahmen sollten bei der \u00c4nderung des WiFi Passwortes getroffen werden?<\/h3>\n<\/div>\n<div class=\"panel-collapse\">\n<div class=\"panel-body\" itemprop=\"acceptedAnswer\" itemscope=\"\" itemtype=\"https:\/\/schema.org\/Answer\">\n<div itemprop=\"text\">\n<p>Bei der \u00c4nderung Ihres WiFi Passwortes ist es wichtig, ein starkes und einzigartiges Passwort zu verwenden, um unbefugten Zugang zu verhindern. Dar\u00fcber hinaus m\u00fcssen Sie nach der \u00c4nderung des Passwortes alle verbundenen Ger\u00e4te mit dem neuen Passwort aktualisieren.<\/p>\n<\/div>\n<\/div>\n<\/div>\n<\/div>\n<div class=\"panel\" itemprop=\"mainEntity\" itemscope=\"\" itemtype=\"https:\/\/schema.org\/Question\">\n<div class=\"toggle-link\">\n<h3 class=\"panel-title\" itemprop=\"name\">\n            Was passiert, wenn ich das neue WiFi Passwort vergesse?<\/h3>\n<\/div>\n<div class=\"panel-collapse\">\n<div class=\"panel-body\" itemprop=\"acceptedAnswer\" itemscope=\"\" itemtype=\"https:\/\/schema.org\/Answer\">\n<div itemprop=\"text\">\n<p>Wenn Sie das neue WiFi Passwort vergessen, muss am Router ein Werksreset durchgef\u00fchrt werden. Dies f\u00fchrt Ihre Einstellungen auf den Standard zur\u00fcck und erm\u00f6glicht es Ihnen, Ihre Netzwerkeinstellungen neu zu konfigurieren.<\/p>\n<\/div>\n<\/div>\n<\/div>\n<\/div>\n<\/section>\n<\/article>\n","protected":false},"excerpt":{"rendered":"<p>ZTE Router Anleitung: Meistern Sie die Kunst, WiFi-Einstellungen wie ein Profi zu \u00e4ndern! &#128165;&#128187; Hallo, hallo, hallo, meine technikaffinen Freunde! &#128526; Machen Sie sich bereit f\u00fcr einen epischen Ritt durch die digitalen Wellen Ihres ZTE Routers. Heute werden wir Sie in ein echtes Zauberkind verwandeln, das in der Lage ist, WiFi-Einstellungen schneller zu \u00e4ndern, als [&hellip;]<\/p>\n","protected":false},"author":2,"featured_media":15,"parent":0,"menu_order":0,"comment_status":"closed","ping_status":"closed","template":"chromecast.php","meta":{"_stopmodifiedupdate":false,"_modified_date":"","_lmt_disableupdate":"yes","_lmt_disable":""},"yoast_head":"<!-- This site is optimized with the Yoast SEO plugin v20.9 - https:\/\/yoast.com\/wordpress\/plugins\/seo\/ -->\n<title>ZTE Router Anmeldung. Aktualisiert im Jahr 2026<\/title>\n<meta name=\"robots\" content=\"index, follow, max-snippet:-1, max-image-preview:large, max-video-preview:-1\" \/>\n<link rel=\"canonical\" href=\"https:\/\/www.ping.fm\/ip\/de\/zte-router-anmeldung\/\" \/>\n<meta property=\"og:locale\" content=\"en_US\" \/>\n<meta property=\"og:type\" content=\"article\" \/>\n<meta property=\"og:title\" content=\"ZTE Router Anmeldung. Aktualisiert im Jahr 2026\" \/>\n<meta property=\"og:description\" content=\"ZTE Router Anleitung: Meistern Sie die Kunst, WiFi-Einstellungen wie ein Profi zu \u00e4ndern! &#128165;&#128187; Hallo, hallo, hallo, meine technikaffinen Freunde! &#128526; Machen Sie sich bereit f\u00fcr einen epischen Ritt durch die digitalen Wellen Ihres ZTE Routers. Heute werden wir Sie in ein echtes Zauberkind verwandeln, das in der Lage ist, WiFi-Einstellungen schneller zu \u00e4ndern, als [&hellip;]\" \/>\n<meta property=\"og:url\" content=\"https:\/\/www.ping.fm\/ip\/de\/zte-router-anmeldung\/\" \/>\n<meta property=\"og:site_name\" content=\"IP\" \/>\n<meta property=\"og:image\" content=\"https:\/\/www.ping.fm\/ip\/wp-content\/uploads\/2023\/07\/wifi.jpg\" \/>\n\t<meta property=\"og:image:width\" content=\"1992\" \/>\n\t<meta property=\"og:image:height\" content=\"1852\" \/>\n\t<meta property=\"og:image:type\" content=\"image\/jpeg\" \/>\n<meta name=\"twitter:card\" content=\"summary_large_image\" \/>\n<meta name=\"twitter:label1\" content=\"Est. reading time\" \/>\n\t<meta name=\"twitter:data1\" content=\"6 minutes\" \/>\n<script type=\"application\/ld+json\" class=\"yoast-schema-graph\">{\"@context\":\"https:\/\/schema.org\",\"@graph\":[{\"@type\":\"WebPage\",\"@id\":\"https:\/\/www.ping.fm\/ip\/de\/zte-router-anmeldung\/\",\"url\":\"https:\/\/www.ping.fm\/ip\/de\/zte-router-anmeldung\/\",\"name\":\"ZTE Router Anmeldung. Aktualisiert im Jahr 2026\",\"isPartOf\":{\"@id\":\"https:\/\/www.ping.fm\/ip\/#website\"},\"datePublished\":\"2023-10-19T17:04:07+00:00\",\"dateModified\":\"2023-10-19T17:04:07+00:00\",\"breadcrumb\":{\"@id\":\"https:\/\/www.ping.fm\/ip\/de\/zte-router-anmeldung\/#breadcrumb\"},\"inLanguage\":\"en-US\",\"potentialAction\":[{\"@type\":\"ReadAction\",\"target\":[\"https:\/\/www.ping.fm\/ip\/de\/zte-router-anmeldung\/\"]}]},{\"@type\":\"BreadcrumbList\",\"@id\":\"https:\/\/www.ping.fm\/ip\/de\/zte-router-anmeldung\/#breadcrumb\",\"itemListElement\":[{\"@type\":\"ListItem\",\"position\":1,\"name\":\"Home\",\"item\":\"https:\/\/www.ping.fm\/ip\/\"},{\"@type\":\"ListItem\",\"position\":2,\"name\":\"ZTE Router Anmeldung\"}]},{\"@type\":\"WebSite\",\"@id\":\"https:\/\/www.ping.fm\/ip\/#website\",\"url\":\"https:\/\/www.ping.fm\/ip\/\",\"name\":\"IP\",\"description\":\"\",\"potentialAction\":[{\"@type\":\"SearchAction\",\"target\":{\"@type\":\"EntryPoint\",\"urlTemplate\":\"https:\/\/www.ping.fm\/ip\/?s={search_term_string}\"},\"query-input\":\"required name=search_term_string\"}],\"inLanguage\":\"en-US\"}]}<\/script>\n<!-- \/ Yoast SEO plugin. -->","yoast_head_json":{"title":"ZTE Router Anmeldung. Aktualisiert im Jahr 2026","robots":{"index":"index","follow":"follow","max-snippet":"max-snippet:-1","max-image-preview":"max-image-preview:large","max-video-preview":"max-video-preview:-1"},"canonical":"https:\/\/www.ping.fm\/ip\/de\/zte-router-anmeldung\/","og_locale":"en_US","og_type":"article","og_title":"ZTE Router Anmeldung. Aktualisiert im Jahr 2026","og_description":"ZTE Router Anleitung: Meistern Sie die Kunst, WiFi-Einstellungen wie ein Profi zu \u00e4ndern! &#128165;&#128187; Hallo, hallo, hallo, meine technikaffinen Freunde! &#128526; Machen Sie sich bereit f\u00fcr einen epischen Ritt durch die digitalen Wellen Ihres ZTE Routers. Heute werden wir Sie in ein echtes Zauberkind verwandeln, das in der Lage ist, WiFi-Einstellungen schneller zu \u00e4ndern, als [&hellip;]","og_url":"https:\/\/www.ping.fm\/ip\/de\/zte-router-anmeldung\/","og_site_name":"IP","og_image":[{"width":1992,"height":1852,"url":"https:\/\/www.ping.fm\/ip\/wp-content\/uploads\/2023\/07\/wifi.jpg","type":"image\/jpeg"}],"twitter_card":"summary_large_image","twitter_misc":{"Est. reading time":"6 minutes"},"schema":{"@context":"https:\/\/schema.org","@graph":[{"@type":"WebPage","@id":"https:\/\/www.ping.fm\/ip\/de\/zte-router-anmeldung\/","url":"https:\/\/www.ping.fm\/ip\/de\/zte-router-anmeldung\/","name":"ZTE Router Anmeldung. Aktualisiert im Jahr 2026","isPartOf":{"@id":"https:\/\/www.ping.fm\/ip\/#website"},"datePublished":"2023-10-19T17:04:07+00:00","dateModified":"2023-10-19T17:04:07+00:00","breadcrumb":{"@id":"https:\/\/www.ping.fm\/ip\/de\/zte-router-anmeldung\/#breadcrumb"},"inLanguage":"en-US","potentialAction":[{"@type":"ReadAction","target":["https:\/\/www.ping.fm\/ip\/de\/zte-router-anmeldung\/"]}]},{"@type":"BreadcrumbList","@id":"https:\/\/www.ping.fm\/ip\/de\/zte-router-anmeldung\/#breadcrumb","itemListElement":[{"@type":"ListItem","position":1,"name":"Home","item":"https:\/\/www.ping.fm\/ip\/"},{"@type":"ListItem","position":2,"name":"ZTE Router Anmeldung"}]},{"@type":"WebSite","@id":"https:\/\/www.ping.fm\/ip\/#website","url":"https:\/\/www.ping.fm\/ip\/","name":"IP","description":"","potentialAction":[{"@type":"SearchAction","target":{"@type":"EntryPoint","urlTemplate":"https:\/\/www.ping.fm\/ip\/?s={search_term_string}"},"query-input":"required name=search_term_string"}],"inLanguage":"en-US"}]}},"_links":{"self":[{"href":"https:\/\/www.ping.fm\/ip\/wp-json\/wp\/v2\/pages\/448"}],"collection":[{"href":"https:\/\/www.ping.fm\/ip\/wp-json\/wp\/v2\/pages"}],"about":[{"href":"https:\/\/www.ping.fm\/ip\/wp-json\/wp\/v2\/types\/page"}],"author":[{"embeddable":true,"href":"https:\/\/www.ping.fm\/ip\/wp-json\/wp\/v2\/users\/2"}],"replies":[{"embeddable":true,"href":"https:\/\/www.ping.fm\/ip\/wp-json\/wp\/v2\/comments?post=448"}],"version-history":[{"count":2,"href":"https:\/\/www.ping.fm\/ip\/wp-json\/wp\/v2\/pages\/448\/revisions"}],"predecessor-version":[{"id":523,"href":"https:\/\/www.ping.fm\/ip\/wp-json\/wp\/v2\/pages\/448\/revisions\/523"}],"wp:featuredmedia":[{"embeddable":true,"href":"https:\/\/www.ping.fm\/ip\/wp-json\/wp\/v2\/media\/15"}],"wp:attachment":[{"href":"https:\/\/www.ping.fm\/ip\/wp-json\/wp\/v2\/media?parent=448"}],"curies":[{"name":"wp","href":"https:\/\/api.w.org\/{rel}","templated":true}]}}