{"id":443,"date":"2023-10-19T17:00:56","date_gmt":"2023-10-19T17:00:56","guid":{"rendered":"https:\/\/www.ping.fm\/ip\/?page_id=443"},"modified":"2023-10-19T17:00:56","modified_gmt":"2023-10-19T17:00:56","slug":"smart-bro-router-anmeldung","status":"publish","type":"page","link":"https:\/\/www.ping.fm\/ip\/de\/smart-bro-router-anmeldung\/","title":{"rendered":"Smart Bro Router Anmeldung"},"content":{"rendered":"<article>\n<section>\n<h1>Leitfaden zum Zugriff und zur Verwaltung Ihrer Smart Bro Router-Einstellungen<\/h1>\n<div class=\"inbrief\">\n<div>\n                                <img src=\"\/ip\/wp-content\/uploads\/generated\/Smart-Bro-Router-Anmeldung.jpg\" alt=\"Smart Bro Router Anmeldung\" title=\"Smart Bro Router Anmeldung\" width=\"1280\" height=\"720\"><\/p>\n<p>&#128187;<b>Willkommen zu Ihrem Leitfaden<\/b>, der Ihnen zeigt, wie Sie sich problemlos durch das <b>Login-Verfahren Ihres Smart Bro Routers<\/b> navigieren. Der Vorteil an diesem Leitfaden? Sie lernen, wie Sie die Einstellungen f\u00fcr Ihr <b>LTE Pocket WiFi<\/b>, <b>Home WiFi<\/b> und Ihr <b>PLDT Prepaid Home WiFi<\/b> verwalten. So wird auch das \u00c4ndern Ihres WiFi-Namens und -Passworts ein Kinderspiel! &#128077;<\/p>\n<p>Haben Sie sich jemals gefragt, wie Sie den SSID oder das Passwort Ihres Smart Bro WiFi \u00e4ndern k\u00f6nnen? Was, wenn Sie Ihr Admin-Passwort vergessen haben? Keine Sorge, Sie werden lernen, wie man die Dinge wieder ins Lot bringt! <\/p>\n<\/div>\n<\/div>\n<\/section>\n<section>\n<div>\n<div>1<\/div>\n<h2>Anmeldung beim Smart Bro Router<\/h2>\n<\/div>\n<p>Geben Sie <a href=\"http:\/\/192.168.1.1\">192.168.1.1<\/a> in die Adressleiste Ihres Browsers ein. Abh\u00e4ngig vom Browser k\u00f6nnte eine Warnung \u26a0\ufe0f erscheinen. Keine Panik. Klicken Sie bei Google Chrome auf &#8216;ERWEITERT&#8217;, dann auf &#8216;Fortfahren zu 192.168.1.1 (unsicher)&#8217;. Bei Microsoft Edge klicken Sie auf &#8216;Details&#8217;, dann auf &#8216;Weiter zur Webseite (nicht empfohlen)&#8217;. Schlie\u00dflich, bei Mozilla Firefox, klicken Sie auf &#8216;Erweitert&#8217; und dann auf &#8216;Risiko akzeptieren und fortfahren&#8217;. Geben Sie Ihren Benutzernamen und Ihr Passwort ein und klicken Sie auf &#8216;Anmelden&#8217;, um auf die Smart Bro Web Dashboard UI zuzugreifen. Herzlichen Gl\u00fcckwunsch! Sie sind drin! \ud83c\udf89<\/p>\n<\/section>\n<section>\n<div>\n<div>2<\/div>\n<h2>Unterschiedliche Anmeldeinformationen f\u00fcr Smart Bro-Ger\u00e4te<\/h2>\n<\/div>\n<p>Die Standard-Benutzernamen und Passw\u00f6rter f\u00fcr verschiedene Ger\u00e4te lauten wie folgt:<\/p>\n<ul>\n<li>Smart Bro Home Wi-Fi: Benutzername &#8211; smartbro, Passwort &#8211; smartbro<\/li>\n<li>Smart Bro LTE Pocket WiFi: Benutzername &#8211; smartbro, Passwort &#8211; smartbro<\/li>\n<li>Smart Bro LTE-Advanced Pocket WiFi: Benutzername &#8211; smartlte, Passwort &#8211; smartlte<\/li>\n<li>PLDT Prepaid Home WiFi: Benutzername &#8211; pldthome, Passwort &#8211; pldthome<\/li>\n<\/ul>\n<p><b>Der wichtigste Tipp f\u00fcr die Sicherheit<\/b> &#8211; \u00c4ndern Sie Ihr Standard-Admin-Passwort, sobald Sie das erste Mal einloggen! \ud83d\udca1<\/p>\n<\/section>\n<section>\n<div>\n<div>3<\/div>\n<h2>\u00c4ndern des Smart Bro WiFi-Passworts und Namens<\/h2>\n<\/div>\n<p>Verbinden Sie sich mit dem Smart Bro WiFi und melden Sie sich am <b>Smart Bro Web Dashboard<\/b> an. Klicken Sie auf die Registerkarte &#8216;NAME UND PASSWORT \u00c4NDERN&#8217;. Voila! Jetzt k\u00f6nnen Sie Ihren neuen 2,4G- und 5G-WiFi-Namen und Ihr Passwort eingeben. Klicken Sie auf &#8216;Speichern&#8217;. Boom! Es ist so einfach! \ud83d\ude80<\/p>\n<\/section>\n<section>\n<div>\n<div>4<\/div>\n<h2>Zur\u00fccksetzen Ihres Smart Bro WiFi<\/h2>\n<\/div>\n<p>Wenn Sie sich nicht an Ihren Benutzernamen oder Ihr Passwort erinnern k\u00f6nnen, machen Sie sich keine Sorgen \ud83e\udd37\u200d\u2642\ufe0f. F\u00fchren Sie einfach einen Werksreset durch! Beim Smart Bro LTE Pocket WiFi befindet sich die Reset-Taste im Sim-Kartensteckplatz. Bei Home WiFi finden Sie diese an der Seite mit der Aufschrift RST. Dr\u00fccken Sie diese Taste f\u00fcr 10-15 Sekunden, bis die LEDs aufleuchten und zu blinken beginnen. Fertig! Sie sind wieder auf den Standardeinstellungen und k\u00f6nnen sich mit dem Standardbenutzernamen und -passwort erneut anmelden. \ud83d\ude4c<\/p>\n<\/section>\n<section>\n<h2>Schlussfolgerung: \ud83c\udfc1<\/h2>\n<div class=\"nonp\">\n<p>Das war der Leitfaden! Sie sind jetzt ein Meister Ihres Smart Bro Routers! Nur Sie kontrollieren Ihren <b>WiFi-Namen und Ihr Passwort<\/b>. Haben Sie Ihre Daten vergessen? Keine Notwendigkeit, den Kundendienst anzurufen! Sie sind der Probleml\u00f6ser! &#128104;&#8205;&#128187; Mit diesem Leitfaden haben Sie gelernt, wie Sie Ihre Internetverbindung vollst\u00e4ndig kontrollieren k\u00f6nnen. Jagen Sie das WiFi nicht. Seien Sie das WiFi! &#127760; Jetzt gehen Sie los und lassen Sie das Internet nach Ihrer Pfeife tanzen! &#128131;&#127997;&#128421;&#65039;<\/p>\n<\/div>\n<\/section>\n<section itemscope=\"\" itemtype=\"https:\/\/schema.org\/FAQPage\">\n<div class=\"panel\" itemprop=\"mainEntity\" itemscope=\"\" itemtype=\"https:\/\/schema.org\/Question\">\n<div class=\"toggle-link\">\n<h3 class=\"panel-title\" itemprop=\"name\">\n            Was ist der erste Schritt, um sich beim Smart Bro Router anzumelden?<\/h3>\n<\/div>\n<div class=\"panel-collapse\">\n<div class=\"panel-body\" itemprop=\"acceptedAnswer\" itemscope=\"\" itemtype=\"https:\/\/schema.org\/Answer\">\n<div itemprop=\"text\">\n<p>Der erste Schritt besteht darin, einen Webbrowser zu starten und <a href=http:\/\/192.168.1.1>192.168.1.1<\/a> in die Adressleiste des Browsers einzugeben.<\/p>\n<\/div>\n<\/div>\n<\/div>\n<\/div>\n<div class=\"panel\" itemprop=\"mainEntity\" itemscope=\"\" itemtype=\"https:\/\/schema.org\/Question\">\n<div class=\"toggle-link\">\n<h3 class=\"panel-title\" itemprop=\"name\">\n            Was k\u00f6nnte passieren, wenn man versucht, sich mit bestimmten Browsern beim Smart Bro Router anzumelden?<\/h3>\n<\/div>\n<div class=\"panel-collapse\">\n<div class=\"panel-body\" itemprop=\"acceptedAnswer\" itemscope=\"\" itemtype=\"https:\/\/schema.org\/Answer\">\n<div itemprop=\"text\">\n<p>Je nach Browser k\u00f6nnen Sicherheitswarnungen angezeigt werden. Browser wie Google Chrome, Microsoft Edge und Mozilla Firefox k\u00f6nnen Warnungen anzeigen, dass die Verbindung nicht privat ist oder die Seite nicht sicher ist. Sie m\u00fcssen die Website trotz dieser Warnungen aufrufen.<\/p>\n<\/div>\n<\/div>\n<\/div>\n<\/div>\n<div class=\"panel\" itemprop=\"mainEntity\" itemscope=\"\" itemtype=\"https:\/\/schema.org\/Question\">\n<div class=\"toggle-link\">\n<h3 class=\"panel-title\" itemprop=\"name\">\n            Was sind die Standardbenutzernamen und Passw\u00f6rter f\u00fcr verschiedene Smart Bro Router?<\/h3>\n<\/div>\n<div class=\"panel-collapse\">\n<div class=\"panel-body\" itemprop=\"acceptedAnswer\" itemscope=\"\" itemtype=\"https:\/\/schema.org\/Answer\">\n<div itemprop=\"text\">\n<p>F\u00fcr Smart Bro Home WiFi und Smart Bro LTE Pocket WiFi sind sowohl Benutzername als auch Passwort smartbro. F\u00fcr Smart Bro LTE-Advanced Pocket WiFi ist &#8216;smartlte&#8217; sowohl Benutzername als auch Passwort. Das PLDT Prepaid Home WiFi nutzt pldthome als Benutzernamen und Passwort.<\/p>\n<\/div>\n<\/div>\n<\/div>\n<\/div>\n<div class=\"panel\" itemprop=\"mainEntity\" itemscope=\"\" itemtype=\"https:\/\/schema.org\/Question\">\n<div class=\"toggle-link\">\n<h3 class=\"panel-title\" itemprop=\"name\">\n            Was soll ich tun, wenn ich zum ersten Mal auf das Dashboard der Smart Bro Ger\u00e4teeinstellungen zugreife?<\/h3>\n<\/div>\n<div class=\"panel-collapse\">\n<div class=\"panel-body\" itemprop=\"acceptedAnswer\" itemscope=\"\" itemtype=\"https:\/\/schema.org\/Answer\">\n<div itemprop=\"text\">\n<p>Bei Ihrem ersten Login zum Dashboard der Smart Bro Ger\u00e4teeinstellungen wird ein Popup-Fenster angezeigt, das Sie auffordert, das Standard-Admin-Passwort und das WiFi-Passwort zu \u00e4ndern.<\/p>\n<\/div>\n<\/div>\n<\/div>\n<\/div>\n<div class=\"panel\" itemprop=\"mainEntity\" itemscope=\"\" itemtype=\"https:\/\/schema.org\/Question\">\n<div class=\"toggle-link\">\n<h3 class=\"panel-title\" itemprop=\"name\">\n            Wie k\u00f6nnen Sie das Smart Bro WiFi-Passwort und den Namen (SSID) \u00e4ndern?<\/h3>\n<\/div>\n<div class=\"panel-collapse\">\n<div class=\"panel-body\" itemprop=\"acceptedAnswer\" itemscope=\"\" itemtype=\"https:\/\/schema.org\/Answer\">\n<div itemprop=\"text\">\n<p>Verbinden Sie sich mit dem Smart Bro WiFi-Netzwerk und melden Sie sich beim Smart Bro Web Dashboard an. Navigieren Sie dann zur Registerkarte &#8216;NAME UND PASSWORT \u00c4NDERN&#8217;. Geben Sie Ihren neuen 2.4G und 5G WiFi-Namen und das Passwort ein und speichern Sie die \u00c4nderungen.<\/p>\n<\/div>\n<\/div>\n<\/div>\n<\/div>\n<div class=\"panel\" itemprop=\"mainEntity\" itemscope=\"\" itemtype=\"https:\/\/schema.org\/Question\">\n<div class=\"toggle-link\">\n<h3 class=\"panel-title\" itemprop=\"name\">\n            Wie l\u00e4sst sich ein Smart Bro Pocket WiFi oder Home WiFi-Ger\u00e4t auf die Werkseinstellungen zur\u00fccksetzen?<\/h3>\n<\/div>\n<div class=\"panel-collapse\">\n<div class=\"panel-body\" itemprop=\"acceptedAnswer\" itemscope=\"\" itemtype=\"https:\/\/schema.org\/Answer\">\n<div itemprop=\"text\">\n<p>Wenn Sie Ihren Benutzernamen oder Ihr Passwort f\u00fcr die Admin-Einstellungen oder das WiFi-Netzwerk vergessen haben, k\u00f6nnen Sie einen Factory-Reset durchf\u00fchren, um die Standardeinstellungen wiederherzustellen. In Ihrem Smart Bro LTE Pocket WiFi sollte sich eine kleine &#8216;RESET&#8217;-Taste im Sim-Karten-Slot befinden, oder eine &#8216;RST&#8217;-Taste an der Seite Ihres Home WiFi. Halten Sie die Taste f\u00fcr etwa 10-15 Sekunden gedr\u00fcckt, bis Sie die LEDs blinken sehen, was auf einen erfolgreichen Reset hinweist. Sie k\u00f6nnen dann den Standard-Benutzernamen und das Passwort verwenden, um sich erneut anzumelden.<\/p>\n<\/div>\n<\/div>\n<\/div>\n<\/div>\n<div class=\"panel\" itemprop=\"mainEntity\" itemscope=\"\" itemtype=\"https:\/\/schema.org\/Question\">\n<div class=\"toggle-link\">\n<h3 class=\"panel-title\" itemprop=\"name\">\n            Wie gehe ich vor, wenn eine Sicherheitswarnung erscheint, w\u00e4hrend ich versuche, mich beim Router anzumelden?<\/h3>\n<\/div>\n<div class=\"panel-collapse\">\n<div class=\"panel-body\" itemprop=\"acceptedAnswer\" itemscope=\"\" itemtype=\"https:\/\/schema.org\/Answer\">\n<div itemprop=\"text\">\n<p>Wenn eine Sicherheitswarnung erscheint, klicken Sie auf den &#8216;Erweitert&#8217;-Knopf in Chrome oder &#8216;Details&#8217; in Edge oder &#8216;Erweitert&#8217; in Firefox. W\u00e4hlen Sie dann &#8216;Weiter zu 192.168.1.1 (unsicher)&#8217;, &#8216;Fortfahren zur Webseite (nicht empfohlen)&#8217;, oder &#8216;Risiko akzeptieren und fortfahren&#8217;.<\/p>\n<\/div>\n<\/div>\n<\/div>\n<\/div>\n<div class=\"panel\" itemprop=\"mainEntity\" itemscope=\"\" itemtype=\"https:\/\/schema.org\/Question\">\n<div class=\"toggle-link\">\n<h3 class=\"panel-title\" itemprop=\"name\">\n            Was geschieht nach erfolgreicher Anmeldung beim Smart Bro Web Dashboard?<\/h3>\n<\/div>\n<div class=\"panel-collapse\">\n<div class=\"panel-body\" itemprop=\"acceptedAnswer\" itemscope=\"\" itemtype=\"https:\/\/schema.org\/Answer\">\n<div itemprop=\"text\">\n<p>Nach dem Anmelden k\u00f6nnen Sie auf die Router-Einstellungen zugreifen und \u00c4nderungen vornehmen, wie beispielsweise das \u00c4ndern des WiFi-Passworts und des Namens, unter anderem.<\/p>\n<\/div>\n<\/div>\n<\/div>\n<\/div>\n<div class=\"panel\" itemprop=\"mainEntity\" itemscope=\"\" itemtype=\"https:\/\/schema.org\/Question\">\n<div class=\"toggle-link\">\n<h3 class=\"panel-title\" itemprop=\"name\">\n            Was ist die URL f\u00fcr das Smart Bro Web UI?<\/h3>\n<\/div>\n<div class=\"panel-collapse\">\n<div class=\"panel-body\" itemprop=\"acceptedAnswer\" itemscope=\"\" itemtype=\"https:\/\/schema.org\/Answer\">\n<div itemprop=\"text\">\n<p>Die URL f\u00fcr das Smart Bro Web UI ist <a href=http:\/\/192.168.1.1>192.168.1.1<\/a>.<\/p>\n<\/div>\n<\/div>\n<\/div>\n<\/div>\n<div class=\"panel\" itemprop=\"mainEntity\" itemscope=\"\" itemtype=\"https:\/\/schema.org\/Question\">\n<div class=\"toggle-link\">\n<h3 class=\"panel-title\" itemprop=\"name\">\n            Wie finde ich die &#8216;RESET&#8217;-Taste auf meinem Smart Bro LTE Pocket WiFi?<\/h3>\n<\/div>\n<div class=\"panel-collapse\">\n<div class=\"panel-body\" itemprop=\"acceptedAnswer\" itemscope=\"\" itemtype=\"https:\/\/schema.org\/Answer\">\n<div itemprop=\"text\">\n<p>Die &#8216;RESET&#8217;-Taste befindet sich oft im Sim-Karten-Slot des Ger\u00e4ts.<\/p>\n<\/div>\n<\/div>\n<\/div>\n<\/div>\n<div class=\"panel\" itemprop=\"mainEntity\" itemscope=\"\" itemtype=\"https:\/\/schema.org\/Question\">\n<div class=\"toggle-link\">\n<h3 class=\"panel-title\" itemprop=\"name\">\n            Was, wenn das Dashboard der Smart Bro Ger\u00e4teeinstellungen mich auffordert, das standardm\u00e4\u00dfige Admin-Passwort und das WiFi-Passwort zu \u00e4ndern?<\/h3>\n<\/div>\n<div class=\"panel-collapse\">\n<div class=\"panel-body\" itemprop=\"acceptedAnswer\" itemscope=\"\" itemtype=\"https:\/\/schema.org\/Answer\">\n<div itemprop=\"text\">\n<p>Dies ist normal beim ersten Login. Befolgen Sie die Aufforderung und \u00e4ndern Sie sowohl das Admin-Passwort als auch das WiFi-Passwort.<\/p>\n<\/div>\n<\/div>\n<\/div>\n<\/div>\n<div class=\"panel\" itemprop=\"mainEntity\" itemscope=\"\" itemtype=\"https:\/\/schema.org\/Question\">\n<div class=\"toggle-link\">\n<h3 class=\"panel-title\" itemprop=\"name\">\n            Wie ist der Prozess, um meinen 5G WiFi-Namen und das Passwort zu \u00e4ndern?<\/h3>\n<\/div>\n<div class=\"panel-collapse\">\n<div class=\"panel-body\" itemprop=\"acceptedAnswer\" itemscope=\"\" itemtype=\"https:\/\/schema.org\/Answer\">\n<div itemprop=\"text\">\n<p>Der Prozess ist der gleiche wie das \u00c4ndern Ihres 2.4G WiFi-Namens und Passworts, sobald Sie sich beim Smart Bro Web Dashboard angemeldet haben. Sie m\u00fcssen nur die Registerkarte &#8216;NAME UND PASSWORT \u00c4NDERN&#8217; ausw\u00e4hlen und Ihre neuen Informationen eingeben.<\/p>\n<\/div>\n<\/div>\n<\/div>\n<\/div>\n<div class=\"panel\" itemprop=\"mainEntity\" itemscope=\"\" itemtype=\"https:\/\/schema.org\/Question\">\n<div class=\"toggle-link\">\n<h3 class=\"panel-title\" itemprop=\"name\">\n            Was sollte mein Standardbenutzername und Passwort sein, wenn ich PLDT Prepaid Home WiFi verwende?<\/h3>\n<\/div>\n<div class=\"panel-collapse\">\n<div class=\"panel-body\" itemprop=\"acceptedAnswer\" itemscope=\"\" itemtype=\"https:\/\/schema.org\/Answer\">\n<div itemprop=\"text\">\n<p>Wenn Sie das PLDT Prepaid Home WiFi-System verwenden, sind der Standardbenutzername und das Passwort beide &#8216;pldthome&#8217;.<\/p>\n<\/div>\n<\/div>\n<\/div>\n<\/div>\n<div class=\"panel\" itemprop=\"mainEntity\" itemscope=\"\" itemtype=\"https:\/\/schema.org\/Question\">\n<div class=\"toggle-link\">\n<h3 class=\"panel-title\" itemprop=\"name\">\n            Wie lange sollte ich die &#8216;RESET&#8217;-Taste f\u00fcr einen Werksreset dr\u00fccken?<\/h3>\n<\/div>\n<div class=\"panel-collapse\">\n<div class=\"panel-body\" itemprop=\"acceptedAnswer\" itemscope=\"\" itemtype=\"https:\/\/schema.org\/Answer\">\n<div itemprop=\"text\">\n<p>Die &#8216;RESET&#8217;-Taste sollte f\u00fcr etwa 10-15 Sekunden gedr\u00fcckt und gehalten werden, bis die LEDs zu blinken beginnen.<\/p>\n<\/div>\n<\/div>\n<\/div>\n<\/div>\n<div class=\"panel\" itemprop=\"mainEntity\" itemscope=\"\" itemtype=\"https:\/\/schema.org\/Question\">\n<div class=\"toggle-link\">\n<h3 class=\"panel-title\" itemprop=\"name\">\n            Was kann ich tun, wenn ich meinen Benutzernamen oder mein Passwort f\u00fcr die Admin-Einstellungen vergessen habe?<\/h3>\n<\/div>\n<div class=\"panel-collapse\">\n<div class=\"panel-body\" itemprop=\"acceptedAnswer\" itemscope=\"\" itemtype=\"https:\/\/schema.org\/Answer\">\n<div itemprop=\"text\">\n<p>Wenn Sie Ihren Benutzernamen oder Ihr Passwort vergessen haben, sollten Sie einen Werksreset durchf\u00fchren. Dadurch k\u00f6nnen Sie sich erneut mit dem Standardbenutzernamen und -passwort anmelden.<\/p>\n<\/div>\n<\/div>\n<\/div>\n<\/div>\n<div class=\"panel\" itemprop=\"mainEntity\" itemscope=\"\" itemtype=\"https:\/\/schema.org\/Question\">\n<div class=\"toggle-link\">\n<h3 class=\"panel-title\" itemprop=\"name\">\n            Wie greife ich auf die Registerkarte &#8216;NAME UND PASSWORT \u00c4NDERN&#8217; zu?<\/h3>\n<\/div>\n<div class=\"panel-collapse\">\n<div class=\"panel-body\" itemprop=\"acceptedAnswer\" itemscope=\"\" itemtype=\"https:\/\/schema.org\/Answer\">\n<div itemprop=\"text\">\n<p>Verbinden Sie sich zun\u00e4chst mit dem Smart Bro WiFi-Netzwerk und melden Sie sich beim Smart Bro Web Dashboard an. Navigieren Sie dann zur Registerkarte &#8216;NAME UND PASSWORT \u00c4NDERN&#8217;.<\/p>\n<\/div>\n<\/div>\n<\/div>\n<\/div>\n<div class=\"panel\" itemprop=\"mainEntity\" itemscope=\"\" itemtype=\"https:\/\/schema.org\/Question\">\n<div class=\"toggle-link\">\n<h3 class=\"panel-title\" itemprop=\"name\">\n            Was sollte ich tun, wenn ich mich zum ersten Mal beim Smart Bro Router anmelde?<\/h3>\n<\/div>\n<div class=\"panel-collapse\">\n<div class=\"panel-body\" itemprop=\"acceptedAnswer\" itemscope=\"\" itemtype=\"https:\/\/schema.org\/Answer\">\n<div itemprop=\"text\">\n<p>Wenn Sie sich zum ersten Mal anmelden, werden Sie aufgefordert, das standardm\u00e4\u00dfige Admin-Passwort und das WiFi-Passwort zu \u00e4ndern. Befolgen Sie diese Aufforderungen, um Ihren Router abzusichern.<\/p>\n<\/div>\n<\/div>\n<\/div>\n<\/div>\n<div class=\"panel\" itemprop=\"mainEntity\" itemscope=\"\" itemtype=\"https:\/\/schema.org\/Question\">\n<div class=\"toggle-link\">\n<h3 class=\"panel-title\" itemprop=\"name\">\n            Kann ich den WiFi-Namen und das Passwort meines Smart Bro Routers anpassen?<\/h3>\n<\/div>\n<div class=\"panel-collapse\">\n<div class=\"panel-body\" itemprop=\"acceptedAnswer\" itemscope=\"\" itemtype=\"https:\/\/schema.org\/Answer\">\n<div itemprop=\"text\">\n<p>Ja, Sie k\u00f6nnen Ihren Smart Bro WiFi-Namen und das Passwort \u00e4ndern, indem Sie sich beim Smart Bro Web Dashboard anmelden und zur Registerkarte &#8216;NAME UND PASSWORT \u00c4NDERN&#8217; navigieren.<\/p>\n<\/div>\n<\/div>\n<\/div>\n<\/div>\n<div class=\"panel\" itemprop=\"mainEntity\" itemscope=\"\" itemtype=\"https:\/\/schema.org\/Question\">\n<div class=\"toggle-link\">\n<h3 class=\"panel-title\" itemprop=\"name\">\n            Was, wenn ich mein Smart Bro WiFi-Passwort nicht mehr wei\u00df?<\/h3>\n<\/div>\n<div class=\"panel-collapse\">\n<div class=\"panel-body\" itemprop=\"acceptedAnswer\" itemscope=\"\" itemtype=\"https:\/\/schema.org\/Answer\">\n<div itemprop=\"text\">\n<p>Wenn Sie Ihr WiFi-Passwort vergessen haben, k\u00f6nnen Sie einen Werksreset an Ihrem Ger\u00e4t durchf\u00fchren. Nach dem Reset k\u00f6nnen Sie sich mit dem Standardbenutzernamen und -passwort anmelden.<\/p>\n<\/div>\n<\/div>\n<\/div>\n<\/div>\n<div class=\"panel\" itemprop=\"mainEntity\" itemscope=\"\" itemtype=\"https:\/\/schema.org\/Question\">\n<div class=\"toggle-link\">\n<h3 class=\"panel-title\" itemprop=\"name\">\n            Wof\u00fcr blinken die LEDs nach dem Dr\u00fccken der &#8216;RESET&#8217;-Taste?<\/h3>\n<\/div>\n<div class=\"panel-collapse\">\n<div class=\"panel-body\" itemprop=\"acceptedAnswer\" itemscope=\"\" itemtype=\"https:\/\/schema.org\/Answer\">\n<div itemprop=\"text\">\n<p>Wenn die LEDs nach dem Dr\u00fccken der &#8216;RESET&#8217;-Taste zu blinken beginnen, deutet dies auf einen erfolgreichen Werkreset hin.<\/p>\n<\/div>\n<\/div>\n<\/div>\n<\/div>\n<\/section>\n<\/article>\n","protected":false},"excerpt":{"rendered":"<p>Leitfaden zum Zugriff und zur Verwaltung Ihrer Smart Bro Router-Einstellungen &#128187;Willkommen zu Ihrem Leitfaden, der Ihnen zeigt, wie Sie sich problemlos durch das Login-Verfahren Ihres Smart Bro Routers navigieren. Der Vorteil an diesem Leitfaden? Sie lernen, wie Sie die Einstellungen f\u00fcr Ihr LTE Pocket WiFi, Home WiFi und Ihr PLDT Prepaid Home WiFi verwalten. So [&hellip;]<\/p>\n","protected":false},"author":2,"featured_media":15,"parent":0,"menu_order":0,"comment_status":"closed","ping_status":"closed","template":"chromecast.php","meta":{"_stopmodifiedupdate":false,"_modified_date":"","_lmt_disableupdate":"yes","_lmt_disable":""},"yoast_head":"<!-- This site is optimized with the Yoast SEO plugin v20.9 - https:\/\/yoast.com\/wordpress\/plugins\/seo\/ -->\n<title>Smart Bro Router Anmeldung. Aktualisiert im Jahr 2026<\/title>\n<meta name=\"robots\" content=\"index, follow, max-snippet:-1, max-image-preview:large, max-video-preview:-1\" \/>\n<link rel=\"canonical\" href=\"https:\/\/www.ping.fm\/ip\/de\/smart-bro-router-anmeldung\/\" \/>\n<meta property=\"og:locale\" content=\"en_US\" \/>\n<meta property=\"og:type\" content=\"article\" \/>\n<meta property=\"og:title\" content=\"Smart Bro Router Anmeldung. Aktualisiert im Jahr 2026\" \/>\n<meta property=\"og:description\" content=\"Leitfaden zum Zugriff und zur Verwaltung Ihrer Smart Bro Router-Einstellungen &#128187;Willkommen zu Ihrem Leitfaden, der Ihnen zeigt, wie Sie sich problemlos durch das Login-Verfahren Ihres Smart Bro Routers navigieren. Der Vorteil an diesem Leitfaden? Sie lernen, wie Sie die Einstellungen f\u00fcr Ihr LTE Pocket WiFi, Home WiFi und Ihr PLDT Prepaid Home WiFi verwalten. So [&hellip;]\" \/>\n<meta property=\"og:url\" content=\"https:\/\/www.ping.fm\/ip\/de\/smart-bro-router-anmeldung\/\" \/>\n<meta property=\"og:site_name\" content=\"IP\" \/>\n<meta property=\"og:image\" content=\"https:\/\/www.ping.fm\/ip\/wp-content\/uploads\/2023\/07\/wifi.jpg\" \/>\n\t<meta property=\"og:image:width\" content=\"1992\" \/>\n\t<meta property=\"og:image:height\" content=\"1852\" \/>\n\t<meta property=\"og:image:type\" content=\"image\/jpeg\" \/>\n<meta name=\"twitter:card\" content=\"summary_large_image\" \/>\n<meta name=\"twitter:label1\" content=\"Est. reading time\" \/>\n\t<meta name=\"twitter:data1\" content=\"6 minutes\" \/>\n<script type=\"application\/ld+json\" class=\"yoast-schema-graph\">{\"@context\":\"https:\/\/schema.org\",\"@graph\":[{\"@type\":\"WebPage\",\"@id\":\"https:\/\/www.ping.fm\/ip\/de\/smart-bro-router-anmeldung\/\",\"url\":\"https:\/\/www.ping.fm\/ip\/de\/smart-bro-router-anmeldung\/\",\"name\":\"Smart Bro Router Anmeldung. Aktualisiert im Jahr 2026\",\"isPartOf\":{\"@id\":\"https:\/\/www.ping.fm\/ip\/#website\"},\"datePublished\":\"2023-10-19T17:00:56+00:00\",\"dateModified\":\"2023-10-19T17:00:56+00:00\",\"breadcrumb\":{\"@id\":\"https:\/\/www.ping.fm\/ip\/de\/smart-bro-router-anmeldung\/#breadcrumb\"},\"inLanguage\":\"en-US\",\"potentialAction\":[{\"@type\":\"ReadAction\",\"target\":[\"https:\/\/www.ping.fm\/ip\/de\/smart-bro-router-anmeldung\/\"]}]},{\"@type\":\"BreadcrumbList\",\"@id\":\"https:\/\/www.ping.fm\/ip\/de\/smart-bro-router-anmeldung\/#breadcrumb\",\"itemListElement\":[{\"@type\":\"ListItem\",\"position\":1,\"name\":\"Home\",\"item\":\"https:\/\/www.ping.fm\/ip\/\"},{\"@type\":\"ListItem\",\"position\":2,\"name\":\"Smart Bro Router Anmeldung\"}]},{\"@type\":\"WebSite\",\"@id\":\"https:\/\/www.ping.fm\/ip\/#website\",\"url\":\"https:\/\/www.ping.fm\/ip\/\",\"name\":\"IP\",\"description\":\"\",\"potentialAction\":[{\"@type\":\"SearchAction\",\"target\":{\"@type\":\"EntryPoint\",\"urlTemplate\":\"https:\/\/www.ping.fm\/ip\/?s={search_term_string}\"},\"query-input\":\"required name=search_term_string\"}],\"inLanguage\":\"en-US\"}]}<\/script>\n<!-- \/ Yoast SEO plugin. -->","yoast_head_json":{"title":"Smart Bro Router Anmeldung. Aktualisiert im Jahr 2026","robots":{"index":"index","follow":"follow","max-snippet":"max-snippet:-1","max-image-preview":"max-image-preview:large","max-video-preview":"max-video-preview:-1"},"canonical":"https:\/\/www.ping.fm\/ip\/de\/smart-bro-router-anmeldung\/","og_locale":"en_US","og_type":"article","og_title":"Smart Bro Router Anmeldung. Aktualisiert im Jahr 2026","og_description":"Leitfaden zum Zugriff und zur Verwaltung Ihrer Smart Bro Router-Einstellungen &#128187;Willkommen zu Ihrem Leitfaden, der Ihnen zeigt, wie Sie sich problemlos durch das Login-Verfahren Ihres Smart Bro Routers navigieren. Der Vorteil an diesem Leitfaden? Sie lernen, wie Sie die Einstellungen f\u00fcr Ihr LTE Pocket WiFi, Home WiFi und Ihr PLDT Prepaid Home WiFi verwalten. So [&hellip;]","og_url":"https:\/\/www.ping.fm\/ip\/de\/smart-bro-router-anmeldung\/","og_site_name":"IP","og_image":[{"width":1992,"height":1852,"url":"https:\/\/www.ping.fm\/ip\/wp-content\/uploads\/2023\/07\/wifi.jpg","type":"image\/jpeg"}],"twitter_card":"summary_large_image","twitter_misc":{"Est. reading time":"6 minutes"},"schema":{"@context":"https:\/\/schema.org","@graph":[{"@type":"WebPage","@id":"https:\/\/www.ping.fm\/ip\/de\/smart-bro-router-anmeldung\/","url":"https:\/\/www.ping.fm\/ip\/de\/smart-bro-router-anmeldung\/","name":"Smart Bro Router Anmeldung. Aktualisiert im Jahr 2026","isPartOf":{"@id":"https:\/\/www.ping.fm\/ip\/#website"},"datePublished":"2023-10-19T17:00:56+00:00","dateModified":"2023-10-19T17:00:56+00:00","breadcrumb":{"@id":"https:\/\/www.ping.fm\/ip\/de\/smart-bro-router-anmeldung\/#breadcrumb"},"inLanguage":"en-US","potentialAction":[{"@type":"ReadAction","target":["https:\/\/www.ping.fm\/ip\/de\/smart-bro-router-anmeldung\/"]}]},{"@type":"BreadcrumbList","@id":"https:\/\/www.ping.fm\/ip\/de\/smart-bro-router-anmeldung\/#breadcrumb","itemListElement":[{"@type":"ListItem","position":1,"name":"Home","item":"https:\/\/www.ping.fm\/ip\/"},{"@type":"ListItem","position":2,"name":"Smart Bro Router Anmeldung"}]},{"@type":"WebSite","@id":"https:\/\/www.ping.fm\/ip\/#website","url":"https:\/\/www.ping.fm\/ip\/","name":"IP","description":"","potentialAction":[{"@type":"SearchAction","target":{"@type":"EntryPoint","urlTemplate":"https:\/\/www.ping.fm\/ip\/?s={search_term_string}"},"query-input":"required name=search_term_string"}],"inLanguage":"en-US"}]}},"_links":{"self":[{"href":"https:\/\/www.ping.fm\/ip\/wp-json\/wp\/v2\/pages\/443"}],"collection":[{"href":"https:\/\/www.ping.fm\/ip\/wp-json\/wp\/v2\/pages"}],"about":[{"href":"https:\/\/www.ping.fm\/ip\/wp-json\/wp\/v2\/types\/page"}],"author":[{"embeddable":true,"href":"https:\/\/www.ping.fm\/ip\/wp-json\/wp\/v2\/users\/2"}],"replies":[{"embeddable":true,"href":"https:\/\/www.ping.fm\/ip\/wp-json\/wp\/v2\/comments?post=443"}],"version-history":[{"count":2,"href":"https:\/\/www.ping.fm\/ip\/wp-json\/wp\/v2\/pages\/443\/revisions"}],"predecessor-version":[{"id":525,"href":"https:\/\/www.ping.fm\/ip\/wp-json\/wp\/v2\/pages\/443\/revisions\/525"}],"wp:featuredmedia":[{"embeddable":true,"href":"https:\/\/www.ping.fm\/ip\/wp-json\/wp\/v2\/media\/15"}],"wp:attachment":[{"href":"https:\/\/www.ping.fm\/ip\/wp-json\/wp\/v2\/media?parent=443"}],"curies":[{"name":"wp","href":"https:\/\/api.w.org\/{rel}","templated":true}]}}