{"id":433,"date":"2023-10-19T16:42:54","date_gmt":"2023-10-19T16:42:54","guid":{"rendered":"https:\/\/www.ping.fm\/ip\/?page_id=433"},"modified":"2023-10-19T16:42:54","modified_gmt":"2023-10-19T16:42:54","slug":"jiofi-local","status":"publish","type":"page","link":"https:\/\/www.ping.fm\/ip\/de\/jiofi-local\/","title":{"rendered":"jiofi.local.html"},"content":{"rendered":"<article>\n<section>\n<h1>Die Kraft von JioFi freisetzen: Wie man Ihr Ger\u00e4t einrichtet und anpasst &#128640;<\/h1>\n<div class=\"inbrief\">\n<div>\n                                <img src=\"\/ip\/wp-content\/uploads\/generated\/jiofi.local.html.jpg\" alt=\"jiofi.local.html\" title=\"jiofi.local.html\" width=\"1280\" height=\"720\"><\/p>\n<p>Willkommen, Internet-Freaks! &#128187; Aus meinen Erfahrungen habe ich erkannt, dass Technologie, wenn sie gez\u00e4hmt wird, das Potenzial hat, unser Leben zu ver\u00e4ndern. Heute stelle ich Ihnen einen Zauberstab vor, der Sie in k\u00fcrzester Zeit in die digitale Welt teleportieren kann. Es ist nichts anderes als der <b>JioFi<\/b>, ein tragbares Hotspot-Ger\u00e4t von Reliance Digital. &#128640; Jetzt tauchen wir in diesen stressfreien Guide ein, wie man seinen JioFi-Dongle einrichtet und \u00fcber <a href='http:\/\/jiofi.local.html'>jiofi.local.html<\/a> oder <a href='http:\/\/&#49;&#57;&#50;.&#49;&#54;&#56;.&#50;&#50;&#53;.&#49;'>http:\/\/&#49;&#57;&#50;.&#49;&#54;&#56;.&#50;&#50;&#53;.&#49;<\/a> \u00fcber die Admin-Schnittstelle steuert.<\/p>\n<\/div>\n<\/div>\n<\/section>\n<section>\n<div>\n<div>1<\/div>\n<h2>Anmelden beim JioFi Admin-Panel \ud83d\udeaa<\/h2>\n<\/div>\n<p>Um zu beginnen, verbinden Sie Ihr Ger\u00e4t mit dem JioFi WiFi-Netzwerk. \ud83d\udce1 Dann starten Sie einen Browser und geben Sie entweder <a href='http:\/\/jiofi.local.html'>http:\/\/jiofi.local.html<\/a> oder <a href='http:\/\/192.168.225.1'>http:\/\/192.168.225.1<\/a> ein. Sie werden zu einer Anmeldeseite weitergeleitet. Geben Sie den Standard-Benutzernamen und das Passwort ein (normalerweise &#8220;Administrator&#8221; f\u00fcr beides). Bingo! Sie sind jetzt im JioFi Admin-Panel. \ud83c\udf89<\/p>\n<\/section>\n<section>\n<div>\n<div>2<\/div>\n<h2>Wie aktualisiert man das JioFi-Passwort? \ud83d\udd11<\/h2>\n<\/div>\n<p>Es ist wichtig und einfach, Ihr Passwort zu erneuern. \ud83e\udd67 Gehen Sie zur oben genannten Stelle, um zu den JioFi-Admin-Einstellungen zu gelangen. Suchen Sie <b>Netzwerk<\/b>, dann <b>Wi-Fi-Konfiguration<\/b>. Geben Sie hier Ihr neues Passwort ein und klicken Sie auf die Schaltfl\u00e4che Anwenden. Das war&#8217;s! Ihr Passwort wurde aktualisiert. \ud83d\udd04<\/p>\n<\/section>\n<section>\n<div>\n<div>3<\/div>\n<h2>Wie \u00e4ndert man den JioFi Netzwerknamen (SSID)? \u270d\ufe0f<\/h2>\n<\/div>\n<p>Es ist absolut machbar, Ihrem Netzwerknamen eine pers\u00f6nliche Note zu verleihen. Folgen Sie dem Vorgehen vom Login-Schritt, um zu Ihren JioFi-Admin-Einstellungen zu gelangen. Gehen Sie zu <b>Netzwerk<\/b>, dann <b>Wi-Fi-Konfiguration<\/b>. Geben Sie Ihren neuen WiFi-Namen im Feld Netzwerkname (SSID) ein. Best\u00e4tigen Sie Ihre Wahl, indem Sie auf die Schaltfl\u00e4che Anwenden klicken. Einfach, oder? \ud83c\udf4b<\/p>\n<\/section>\n<section>\n<div>\n<div>4<\/div>\n<h2>JioFi Admin Interface Probleme l\u00f6sen \ud83d\udee0\ufe0f<\/h2>\n<\/div>\n<p>Wenn Sie beim Laden von jiofi.local.html auf Probleme sto\u00dfen, keine Sorge. M\u00f6glicherweise sind einige Einstellungen des JioFi-Dongles falsch konfiguriert. \ud83d\udcadDie beste und mit Abstand einfachste L\u00f6sung ist die Durchf\u00fchrung eines Werksresets. Dies bringt alle Einstellungen wieder auf den Anfang und l\u00f6st so Ihr Problem. \ud83d\udd04 Beachten Sie, dass dadurch alle Anpassungen r\u00fcckg\u00e4ngig gemacht werden, so dass Sie sie danach erneut einrichten m\u00fcssen. Benutzen Sie diese L\u00f6sung weise! \ud83e\udd89<\/p>\n<\/section>\n<section>\n<div>\n<div>5<\/div>\n<h2>Zugriff auf MicroSD-Karte \u00fcber JioFi \ud83d\udcf7<\/h2>\n<\/div>\n<p>Eine coole Eigenschaft, die JioFi zu bieten hat, ist die MicroSD-Karten-Slot-Funktion. Stecken Sie eine MicroSD-Karte in den daf\u00fcr vorgesehenen Slot, und schalten Sie das Ger\u00e4t ein. Geben Sie <b>Speicher<\/b> ein, und w\u00e4hlen Sie die folgenden Optionen: <b>Speicherkonto: Aktivieren<\/b>, <b>Speicher-Benutzername: W\u00e4hlen Sie einen Benutzernamen<\/b>, <b>Speicher-Passwort: Erstellen Sie ein sicheres Passwort<\/b> und <b>Speicher-Modus: WiFi-Speicher<\/b>. Teilen Sie die SD-Karten-URL mit den verbundenen Benutzern und voila! Ihre SD-Karten-Inhalte sind jetzt f\u00fcr sie zug\u00e4nglich! Genial, nicht wahr? \ud83d\udca5<\/p>\n<\/section>\n<section>\n<h2>Schlussfolgerung: \ud83c\udfc1<\/h2>\n<div class=\"nonp\">\n<p>Und genau so, liebe Lebenden Legenden, haben Sie die Feinheiten Ihres JioFi-Ger\u00e4ts kennengelernt! &#127881;&#128187; Ist das nicht etwas zum Feiern? Denken Sie daran, der Schl\u00fcssel zur Beherrschung der digitalen Welt liegt in Ihren H\u00e4nden. Das Potenzial von Ger\u00e4ten wie JioFi zu entfesseln, ist nur der Anfang. Weiter erforschen, innovieren und vor allem, haben Sie Spa\u00df dabei! Bis zum n\u00e4chsten Mal, bleiben Sie technologie-abenteuerlustig! &#128640;<\/p>\n<\/div>\n<\/section>\n<section itemscope=\"\" itemtype=\"https:\/\/schema.org\/FAQPage\">\n<div class=\"panel\" itemprop=\"mainEntity\" itemscope=\"\" itemtype=\"https:\/\/schema.org\/Question\">\n<div class=\"toggle-link\">\n<h3 class=\"panel-title\" itemprop=\"name\">\n            Was bedeutet der Begriff jiofi.local.html?<\/h3>\n<\/div>\n<div class=\"panel-collapse\">\n<div class=\"panel-body\" itemprop=\"acceptedAnswer\" itemscope=\"\" itemtype=\"https:\/\/schema.org\/Answer\">\n<div itemprop=\"text\">\n<p>Es handelt sich dabei um die Admin-Schnittstelle f\u00fcr den JioFi-Dongle, die zum \u00c4ndern von Einstellungen wie JioFi-Passwort, SSID und anderen verwendet wird. Sie kann unter <a href=http:\/\/jiofi.local.html>http:\/\/jiofi.local.html<\/a> oder <a href=http:\/\/192.168.225.1>http:\/\/192.168.225.1<\/a> aufgerufen werden.<\/p>\n<\/div>\n<\/div>\n<\/div>\n<\/div>\n<div class=\"panel\" itemprop=\"mainEntity\" itemscope=\"\" itemtype=\"https:\/\/schema.org\/Question\">\n<div class=\"toggle-link\">\n<h3 class=\"panel-title\" itemprop=\"name\">\n            Wie melde ich mich \u00fcber jiofi.local.html im Admin-Panel meines JioFi-Routers an?<\/h3>\n<\/div>\n<div class=\"panel-collapse\">\n<div class=\"panel-body\" itemprop=\"acceptedAnswer\" itemscope=\"\" itemtype=\"https:\/\/schema.org\/Answer\">\n<div itemprop=\"text\">\n<p>Zum Anmelden verbinden Sie Ihr Ger\u00e4t mit dem JioFi-WiFi-Netzwerk und \u00f6ffnen einen Browser. Geben Sie <a href=http:\/\/jiofi.local.html>http:\/\/jiofi.local.html<\/a> oder <a href=http:\/\/192.168.225.1>http:\/\/192.168.225.1<\/a> ein. Geben Sie den Benutzernamen und das Passwort ein (beide standardm\u00e4\u00dfig als &#8216;Administrator&#8217;) und melden Sie sich an.<\/p>\n<\/div>\n<\/div>\n<\/div>\n<\/div>\n<div class=\"panel\" itemprop=\"mainEntity\" itemscope=\"\" itemtype=\"https:\/\/schema.org\/Question\">\n<div class=\"toggle-link\">\n<h3 class=\"panel-title\" itemprop=\"name\">\n            Welche Schritte kann ich befolgen, um mein JioFi-Passwort zu \u00e4ndern?<\/h3>\n<\/div>\n<div class=\"panel-collapse\">\n<div class=\"panel-body\" itemprop=\"acceptedAnswer\" itemscope=\"\" itemtype=\"https:\/\/schema.org\/Answer\">\n<div itemprop=\"text\">\n<p>Um Ihr JioFi-Passwort zu \u00e4ndern, gehen Sie zu <a href=http:\/\/jiofi.local.html>http:\/\/jiofi.local.html<\/a> oder <a href=http:\/\/192.168.225.1>http:\/\/192.168.225.1<\/a>. Melden Sie sich mit &#8216;Administrator&#8217; als Benutzername und Passwort an. Wechseln Sie dann zu Netzwerk > Wi-Fi-Konfiguration > Geben Sie Ihr neues Passwort in das Passwortfeld ein. Klicken Sie auf die Schaltfl\u00e4che Anwenden, um die \u00c4nderungen zu speichern.<\/p>\n<\/div>\n<\/div>\n<\/div>\n<\/div>\n<div class=\"panel\" itemprop=\"mainEntity\" itemscope=\"\" itemtype=\"https:\/\/schema.org\/Question\">\n<div class=\"toggle-link\">\n<h3 class=\"panel-title\" itemprop=\"name\">\n            Wie \u00e4ndere ich den Netzwerknamen (SSID) meines JioFi-Routers?<\/h3>\n<\/div>\n<div class=\"panel-collapse\">\n<div class=\"panel-body\" itemprop=\"acceptedAnswer\" itemscope=\"\" itemtype=\"https:\/\/schema.org\/Answer\">\n<div itemprop=\"text\">\n<p>Um den Netzwerknamen zu \u00e4ndern, melden Sie sich mit den oben genannten Anmeldedaten im Admin-Panel an. Gehen Sie zu Netzwerk > Wi-Fi-Konfiguration > Geben Sie Ihren neuen WiFi-Namen in das Netzwerkname (SSID) Feld ein. Klicken Sie auf die Schaltfl\u00e4che Anwenden, um die neuen Einstellungen zu speichern.<\/p>\n<\/div>\n<\/div>\n<\/div>\n<\/div>\n<div class=\"panel\" itemprop=\"mainEntity\" itemscope=\"\" itemtype=\"https:\/\/schema.org\/Question\">\n<div class=\"toggle-link\">\n<h3 class=\"panel-title\" itemprop=\"name\">\n            Was soll ich tun, wenn jiofi.local.html nicht ge\u00f6ffnet wird?<\/h3>\n<\/div>\n<div class=\"panel-collapse\">\n<div class=\"panel-body\" itemprop=\"acceptedAnswer\" itemscope=\"\" itemtype=\"https:\/\/schema.org\/Answer\">\n<div itemprop=\"text\">\n<p>Wenn jiofi.local.html nicht l\u00e4dt, liegt dies wahrscheinlich an einer falschen Konfiguration der Einstellungen des JioFi-Dongles. Die schnellste L\u00f6sung ist ein Werkreset. Nehmen Sie die R\u00fcckabdeckung ab, w\u00e4hrend sie eingeschaltet ist, suchen Sie die RESET-Taste, dr\u00fccken Sie sie f\u00fcr etwa 10-15 Sekunden, dann lassen Sie los. Das Ger\u00e4t wird neu gestartet und nach dem Zur\u00fccksetzen auf die Standardeinstellungen sollten Sie auf das Admin-Panel zugreifen k\u00f6nnen.<\/p>\n<\/div>\n<\/div>\n<\/div>\n<\/div>\n<div class=\"panel\" itemprop=\"mainEntity\" itemscope=\"\" itemtype=\"https:\/\/schema.org\/Question\">\n<div class=\"toggle-link\">\n<h3 class=\"panel-title\" itemprop=\"name\">\n            Kann ich eine microSD-Karte mit meinem JioFi-Ger\u00e4t verwenden?<\/h3>\n<\/div>\n<div class=\"panel-collapse\">\n<div class=\"panel-body\" itemprop=\"acceptedAnswer\" itemscope=\"\" itemtype=\"https:\/\/schema.org\/Answer\">\n<div itemprop=\"text\">\n<p>Ja, JioFi-Ger\u00e4te haben einen microSD-Kartenslot. Benutzer k\u00f6nnen Fotos, Videos und andere Dateien mit anderen Benutzern im selben Netzwerk teilen. F\u00fcgen Sie einfach Ihre microSD-Karte in den Slot ein, schalten Sie das Ger\u00e4t ein und melden Sie sich in den Admin-Einstellungen an. Gehen Sie dann zu Einstellungen > Speicher und passen Sie diese Ihren Vorstellungen entsprechend an.<\/p>\n<\/div>\n<\/div>\n<\/div>\n<\/div>\n<div class=\"panel\" itemprop=\"mainEntity\" itemscope=\"\" itemtype=\"https:\/\/schema.org\/Question\">\n<div class=\"toggle-link\">\n<h3 class=\"panel-title\" itemprop=\"name\">\n            Was ist ein JioFi-Ger\u00e4t?<\/h3>\n<\/div>\n<div class=\"panel-collapse\">\n<div class=\"panel-body\" itemprop=\"acceptedAnswer\" itemscope=\"\" itemtype=\"https:\/\/schema.org\/Answer\">\n<div itemprop=\"text\">\n<p>Ein JioFi-Ger\u00e4t ist ein portabler Hotspot von Reliance Digital, der in der Lage ist, High-Speed-4G-Internet bereitzustellen. Es unterst\u00fctzt Download-Geschwindigkeiten von bis zu 150 Mbps und Upload-Geschwindigkeiten von bis zu 50 Mbps.<\/p>\n<\/div>\n<\/div>\n<\/div>\n<\/div>\n<div class=\"panel\" itemprop=\"mainEntity\" itemscope=\"\" itemtype=\"https:\/\/schema.org\/Question\">\n<div class=\"toggle-link\">\n<h3 class=\"panel-title\" itemprop=\"name\">\n            Was ist der Preis eines JioFi-Ger\u00e4tes?<\/h3>\n<\/div>\n<div class=\"panel-collapse\">\n<div class=\"panel-body\" itemprop=\"acceptedAnswer\" itemscope=\"\" itemtype=\"https:\/\/schema.org\/Answer\">\n<div itemprop=\"text\">\n<p>Der aktuelle Preis eines JioFi-Ger\u00e4tes betr\u00e4gt 1.999 INR und beinhaltet ein Starter-Kit.<\/p>\n<\/div>\n<\/div>\n<\/div>\n<\/div>\n<div class=\"panel\" itemprop=\"mainEntity\" itemscope=\"\" itemtype=\"https:\/\/schema.org\/Question\">\n<div class=\"toggle-link\">\n<h3 class=\"panel-title\" itemprop=\"name\">\n            Wo kann ich ein JioFi-Ger\u00e4t kaufen?<\/h3>\n<\/div>\n<div class=\"panel-collapse\">\n<div class=\"panel-body\" itemprop=\"acceptedAnswer\" itemscope=\"\" itemtype=\"https:\/\/schema.org\/Answer\">\n<div itemprop=\"text\">\n<p>JioFi-Ger\u00e4te sind in allen Reliance Digital Gesch\u00e4ften und online auf Plattformen wie Amazon und Snapdeal erh\u00e4ltlich.<\/p>\n<\/div>\n<\/div>\n<\/div>\n<\/div>\n<div class=\"panel\" itemprop=\"mainEntity\" itemscope=\"\" itemtype=\"https:\/\/schema.org\/Question\">\n<div class=\"toggle-link\">\n<h3 class=\"panel-title\" itemprop=\"name\">\n            Was unterscheidet JioFi von MiFi?<\/h3>\n<\/div>\n<div class=\"panel-collapse\">\n<div class=\"panel-body\" itemprop=\"acceptedAnswer\" itemscope=\"\" itemtype=\"https:\/\/schema.org\/Answer\">\n<div itemprop=\"text\">\n<p>Es besteht kein wesentlicher Unterschied. Sowohl JioFi als auch MiFi sind Ger\u00e4te, die High-Speed-4G-Internet bereitstellen.<\/p>\n<\/div>\n<\/div>\n<\/div>\n<\/div>\n<div class=\"panel\" itemprop=\"mainEntity\" itemscope=\"\" itemtype=\"https:\/\/schema.org\/Question\">\n<div class=\"toggle-link\">\n<h3 class=\"panel-title\" itemprop=\"name\">\n            Was ist im JioFi-Paket enthalten?<\/h3>\n<\/div>\n<div class=\"panel-collapse\">\n<div class=\"panel-body\" itemprop=\"acceptedAnswer\" itemscope=\"\" itemtype=\"https:\/\/schema.org\/Answer\">\n<div itemprop=\"text\">\n<p>Wenn Sie ein JioFi-Ger\u00e4t kaufen, erhalten Sie ein Starter-Kit. Dieses Kit enth\u00e4lt das JioFi tragbare Hotspot-Ger\u00e4t selbst, eine einj\u00e4hrige Jio GST-Softwarel\u00f6sung, 25 GB Daten (f\u00fcr 1 Jahr), unbegrenzte Sprachanrufe und eine Abrechnungs- &amp; Verwaltungsanwendung.<\/p>\n<\/div>\n<\/div>\n<\/div>\n<\/div>\n<div class=\"panel\" itemprop=\"mainEntity\" itemscope=\"\" itemtype=\"https:\/\/schema.org\/Question\">\n<div class=\"toggle-link\">\n<h3 class=\"panel-title\" itemprop=\"name\">\n            Wie kann ich eine JioFi-SIM erhalten?<\/h3>\n<\/div>\n<div class=\"panel-collapse\">\n<div class=\"panel-body\" itemprop=\"acceptedAnswer\" itemscope=\"\" itemtype=\"https:\/\/schema.org\/Answer\">\n<div itemprop=\"text\">\n<p>Jio-SIM-Karten k\u00f6nnen in jedem Reliance Jio Digital Store gekauft werden. Ein Identit\u00e4tsnachweis ist f\u00fcr Verifizierungszwecke erforderlich.<\/p>\n<\/div>\n<\/div>\n<\/div>\n<\/div>\n<div class=\"panel\" itemprop=\"mainEntity\" itemscope=\"\" itemtype=\"https:\/\/schema.org\/Question\">\n<div class=\"toggle-link\">\n<h3 class=\"panel-title\" itemprop=\"name\">\n            Wie viele Ger\u00e4te k\u00f6nnen gleichzeitig an ein JioFi-Ger\u00e4t angeschlossen werden?<\/h3>\n<\/div>\n<div class=\"panel-collapse\">\n<div class=\"panel-body\" itemprop=\"acceptedAnswer\" itemscope=\"\" itemtype=\"https:\/\/schema.org\/Answer\">\n<div itemprop=\"text\">\n<p>Bis zu 31 Ger\u00e4te k\u00f6nnen gleichzeitig an ein JioFi-Ger\u00e4t angeschlossen werden. Es ist jedoch ratsam, die Anzahl der verbundenen Ger\u00e4te zu begrenzen, um Probleme mit Bandbreite und Geschwindigkeit zu vermeiden.<\/p>\n<\/div>\n<\/div>\n<\/div>\n<\/div>\n<div class=\"panel\" itemprop=\"mainEntity\" itemscope=\"\" itemtype=\"https:\/\/schema.org\/Question\">\n<div class=\"toggle-link\">\n<h3 class=\"panel-title\" itemprop=\"name\">\n            Wie lange dauert es, ein JioFi-Ger\u00e4t vollst\u00e4ndig aufzuladen und wie lange h\u00e4lt der Akku?<\/h3>\n<\/div>\n<div class=\"panel-collapse\">\n<div class=\"panel-body\" itemprop=\"acceptedAnswer\" itemscope=\"\" itemtype=\"https:\/\/schema.org\/Answer\">\n<div itemprop=\"text\">\n<p>Das JioFi-Ger\u00e4t, ausgestattet mit einem 2300 mAh Akku, ben\u00f6tigt in der Regel etwa 3 Stunden, um vollst\u00e4ndig aufgeladen zu werden. Die Akkulaufzeit betr\u00e4gt etwa 6 Stunden bei voller Ladung.<\/p>\n<\/div>\n<\/div>\n<\/div>\n<\/div>\n<div class=\"panel\" itemprop=\"mainEntity\" itemscope=\"\" itemtype=\"https:\/\/schema.org\/Question\">\n<div class=\"toggle-link\">\n<h3 class=\"panel-title\" itemprop=\"name\">\n            Kann ich meine Internetverbindung mit einem JioFi-Ger\u00e4t an einen PC weiterleiten?<\/h3>\n<\/div>\n<div class=\"panel-collapse\">\n<div class=\"panel-body\" itemprop=\"acceptedAnswer\" itemscope=\"\" itemtype=\"https:\/\/schema.org\/Answer\">\n<div itemprop=\"text\">\n<p>Ja, JioFi-Ger\u00e4te bieten USB-Tethering. Mit einem speziellen USB-Port und einem Micro-USB-Kabel k\u00f6nnen Sie Ihre Verbindung an einen PC weiterleiten.<\/p>\n<\/div>\n<\/div>\n<\/div>\n<\/div>\n<\/section>\n<\/article>\n","protected":false},"excerpt":{"rendered":"<p>Die Kraft von JioFi freisetzen: Wie man Ihr Ger\u00e4t einrichtet und anpasst &#128640; Willkommen, Internet-Freaks! &#128187; Aus meinen Erfahrungen habe ich erkannt, dass Technologie, wenn sie gez\u00e4hmt wird, das Potenzial hat, unser Leben zu ver\u00e4ndern. Heute stelle ich Ihnen einen Zauberstab vor, der Sie in k\u00fcrzester Zeit in die digitale Welt teleportieren kann. Es ist [&hellip;]<\/p>\n","protected":false},"author":2,"featured_media":15,"parent":0,"menu_order":0,"comment_status":"closed","ping_status":"closed","template":"chromecast.php","meta":{"_stopmodifiedupdate":false,"_modified_date":"","_lmt_disableupdate":"yes","_lmt_disable":""},"yoast_head":"<!-- This site is optimized with the Yoast SEO plugin v20.9 - https:\/\/yoast.com\/wordpress\/plugins\/seo\/ -->\n<title>jiofi.local.html. Aktualisiert im Jahr 2026<\/title>\n<meta name=\"robots\" content=\"index, follow, max-snippet:-1, max-image-preview:large, max-video-preview:-1\" \/>\n<link rel=\"canonical\" href=\"https:\/\/www.ping.fm\/ip\/de\/jiofi-local\/\" \/>\n<meta property=\"og:locale\" content=\"en_US\" \/>\n<meta property=\"og:type\" content=\"article\" \/>\n<meta property=\"og:title\" content=\"jiofi.local.html. Aktualisiert im Jahr 2026\" \/>\n<meta property=\"og:description\" content=\"Die Kraft von JioFi freisetzen: Wie man Ihr Ger\u00e4t einrichtet und anpasst &#128640; Willkommen, Internet-Freaks! &#128187; Aus meinen Erfahrungen habe ich erkannt, dass Technologie, wenn sie gez\u00e4hmt wird, das Potenzial hat, unser Leben zu ver\u00e4ndern. Heute stelle ich Ihnen einen Zauberstab vor, der Sie in k\u00fcrzester Zeit in die digitale Welt teleportieren kann. Es ist [&hellip;]\" \/>\n<meta property=\"og:url\" content=\"https:\/\/www.ping.fm\/ip\/de\/jiofi-local\/\" \/>\n<meta property=\"og:site_name\" content=\"IP\" \/>\n<meta property=\"og:image\" content=\"https:\/\/www.ping.fm\/ip\/wp-content\/uploads\/2023\/07\/wifi.jpg\" \/>\n\t<meta property=\"og:image:width\" content=\"1992\" \/>\n\t<meta property=\"og:image:height\" content=\"1852\" \/>\n\t<meta property=\"og:image:type\" content=\"image\/jpeg\" \/>\n<meta name=\"twitter:card\" content=\"summary_large_image\" \/>\n<script type=\"application\/ld+json\" class=\"yoast-schema-graph\">{\"@context\":\"https:\/\/schema.org\",\"@graph\":[{\"@type\":\"WebPage\",\"@id\":\"https:\/\/www.ping.fm\/ip\/de\/jiofi-local\/\",\"url\":\"https:\/\/www.ping.fm\/ip\/de\/jiofi-local\/\",\"name\":\"jiofi.local.html. Aktualisiert im Jahr 2026\",\"isPartOf\":{\"@id\":\"https:\/\/www.ping.fm\/ip\/#website\"},\"datePublished\":\"2023-10-19T16:42:54+00:00\",\"dateModified\":\"2023-10-19T16:42:54+00:00\",\"breadcrumb\":{\"@id\":\"https:\/\/www.ping.fm\/ip\/de\/jiofi-local\/#breadcrumb\"},\"inLanguage\":\"en-US\",\"potentialAction\":[{\"@type\":\"ReadAction\",\"target\":[\"https:\/\/www.ping.fm\/ip\/de\/jiofi-local\/\"]}]},{\"@type\":\"BreadcrumbList\",\"@id\":\"https:\/\/www.ping.fm\/ip\/de\/jiofi-local\/#breadcrumb\",\"itemListElement\":[{\"@type\":\"ListItem\",\"position\":1,\"name\":\"Home\",\"item\":\"https:\/\/www.ping.fm\/ip\/\"},{\"@type\":\"ListItem\",\"position\":2,\"name\":\"jiofi.local.html\"}]},{\"@type\":\"WebSite\",\"@id\":\"https:\/\/www.ping.fm\/ip\/#website\",\"url\":\"https:\/\/www.ping.fm\/ip\/\",\"name\":\"IP\",\"description\":\"\",\"potentialAction\":[{\"@type\":\"SearchAction\",\"target\":{\"@type\":\"EntryPoint\",\"urlTemplate\":\"https:\/\/www.ping.fm\/ip\/?s={search_term_string}\"},\"query-input\":\"required name=search_term_string\"}],\"inLanguage\":\"en-US\"}]}<\/script>\n<!-- \/ Yoast SEO plugin. -->","yoast_head_json":{"title":"jiofi.local.html. Aktualisiert im Jahr 2026","robots":{"index":"index","follow":"follow","max-snippet":"max-snippet:-1","max-image-preview":"max-image-preview:large","max-video-preview":"max-video-preview:-1"},"canonical":"https:\/\/www.ping.fm\/ip\/de\/jiofi-local\/","og_locale":"en_US","og_type":"article","og_title":"jiofi.local.html. Aktualisiert im Jahr 2026","og_description":"Die Kraft von JioFi freisetzen: Wie man Ihr Ger\u00e4t einrichtet und anpasst &#128640; Willkommen, Internet-Freaks! &#128187; Aus meinen Erfahrungen habe ich erkannt, dass Technologie, wenn sie gez\u00e4hmt wird, das Potenzial hat, unser Leben zu ver\u00e4ndern. Heute stelle ich Ihnen einen Zauberstab vor, der Sie in k\u00fcrzester Zeit in die digitale Welt teleportieren kann. Es ist [&hellip;]","og_url":"https:\/\/www.ping.fm\/ip\/de\/jiofi-local\/","og_site_name":"IP","og_image":[{"width":1992,"height":1852,"url":"https:\/\/www.ping.fm\/ip\/wp-content\/uploads\/2023\/07\/wifi.jpg","type":"image\/jpeg"}],"twitter_card":"summary_large_image","schema":{"@context":"https:\/\/schema.org","@graph":[{"@type":"WebPage","@id":"https:\/\/www.ping.fm\/ip\/de\/jiofi-local\/","url":"https:\/\/www.ping.fm\/ip\/de\/jiofi-local\/","name":"jiofi.local.html. Aktualisiert im Jahr 2026","isPartOf":{"@id":"https:\/\/www.ping.fm\/ip\/#website"},"datePublished":"2023-10-19T16:42:54+00:00","dateModified":"2023-10-19T16:42:54+00:00","breadcrumb":{"@id":"https:\/\/www.ping.fm\/ip\/de\/jiofi-local\/#breadcrumb"},"inLanguage":"en-US","potentialAction":[{"@type":"ReadAction","target":["https:\/\/www.ping.fm\/ip\/de\/jiofi-local\/"]}]},{"@type":"BreadcrumbList","@id":"https:\/\/www.ping.fm\/ip\/de\/jiofi-local\/#breadcrumb","itemListElement":[{"@type":"ListItem","position":1,"name":"Home","item":"https:\/\/www.ping.fm\/ip\/"},{"@type":"ListItem","position":2,"name":"jiofi.local.html"}]},{"@type":"WebSite","@id":"https:\/\/www.ping.fm\/ip\/#website","url":"https:\/\/www.ping.fm\/ip\/","name":"IP","description":"","potentialAction":[{"@type":"SearchAction","target":{"@type":"EntryPoint","urlTemplate":"https:\/\/www.ping.fm\/ip\/?s={search_term_string}"},"query-input":"required name=search_term_string"}],"inLanguage":"en-US"}]}},"_links":{"self":[{"href":"https:\/\/www.ping.fm\/ip\/wp-json\/wp\/v2\/pages\/433"}],"collection":[{"href":"https:\/\/www.ping.fm\/ip\/wp-json\/wp\/v2\/pages"}],"about":[{"href":"https:\/\/www.ping.fm\/ip\/wp-json\/wp\/v2\/types\/page"}],"author":[{"embeddable":true,"href":"https:\/\/www.ping.fm\/ip\/wp-json\/wp\/v2\/users\/2"}],"replies":[{"embeddable":true,"href":"https:\/\/www.ping.fm\/ip\/wp-json\/wp\/v2\/comments?post=433"}],"version-history":[{"count":1,"href":"https:\/\/www.ping.fm\/ip\/wp-json\/wp\/v2\/pages\/433\/revisions"}],"predecessor-version":[{"id":434,"href":"https:\/\/www.ping.fm\/ip\/wp-json\/wp\/v2\/pages\/433\/revisions\/434"}],"wp:featuredmedia":[{"embeddable":true,"href":"https:\/\/www.ping.fm\/ip\/wp-json\/wp\/v2\/media\/15"}],"wp:attachment":[{"href":"https:\/\/www.ping.fm\/ip\/wp-json\/wp\/v2\/media?parent=433"}],"curies":[{"name":"wp","href":"https:\/\/api.w.org\/{rel}","templated":true}]}}