{"id":431,"date":"2023-10-19T16:41:27","date_gmt":"2023-10-19T16:41:27","guid":{"rendered":"https:\/\/www.ping.fm\/ip\/?page_id=431"},"modified":"2023-10-19T16:41:27","modified_gmt":"2023-10-19T16:41:27","slug":"mercusys-router-anmeldung","status":"publish","type":"page","link":"https:\/\/www.ping.fm\/ip\/de\/mercusys-router-anmeldung\/","title":{"rendered":"Mercusys Router Anmeldung"},"content":{"rendered":"<article>\n<section>\n<h1>Anmeldung am Mercusys Router: WiFi-Passwort und SSID \u00e4ndern &#128272;<\/h1>\n<div class=\"inbrief\">\n<div>\n                                <img src=\"\/ip\/wp-content\/uploads\/generated\/Mercusys-Router-Anmeldung.jpg\" alt=\"Mercusys Router Anmeldung\" title=\"Mercusys Router Anmeldung\" width=\"1280\" height=\"720\"><\/p>\n<p>Sind Sie bereit, die Kontrolle \u00fcber Ihr WiFi-Spiel zu \u00fcbernehmen? Wenn Sie einen Mercusys-Router besitzen, wird Sie das verbl\u00fcffen. &#129327; Jetzt k\u00f6nnen Sie Ihr WiFi-Passwort, den Netzwerknamen (SSID) und andere Standardeinstellungen des Routers ganz einfach \u00fcber die <a href='http:\/\/mwlogin.net'>Mercusys-Webverwaltungsseite<\/a> oder unter <a href='http:\/\/&#49;&#57;&#50;.&#49;&#54;&#56;.&#49;.&#49;'>&#49;&#57;&#50;.&#49;&#54;&#56;.&#49;.&#49;<\/a> \u00e4ndern. Es ist, als w\u00fcrde man im Videospiel ein verstecktes Osterei finden, aber es ist hier im echten Leben. Es ist einfach, es ist kinderleicht und genau das, was Sie ben\u00f6tigen, um Ihr WiFi zu verbessern.&#128187;&#128225;<\/p>\n<\/div>\n<\/div>\n<\/section>\n<section>\n<div>\n<div>1<\/div>\n<h2>Anmeldung am Mercusys Router<\/h2>\n<\/div>\n<p>Willkommen bei dieser coolen Mission namens Anmeldung an Ihrem Mercusys-Router. \ud83d\ude80Fangen Sie an, starten Sie einen Webbrowser und geben Sie <a href='http:\/\/mwlogin.net'>mwlogin.net<\/a> oder <a href='http:\/\/192.168.1.1'>192.168.1.1<\/a> in die Adressleiste ein. Wie beim Versuch, einige epische Beute freizuschalten, ben\u00f6tigen Sie das Anmeldepasswort, um Zugang zu erhalten.\ud83d\udd11<\/p>\n<p>\u00dcbrigens, diese geheime Mission funktioniert f\u00fcr coole Modelle wie MW301R, MW305R, MW325R, MR50G, MR70X, MR30G, und AC10. Wenn Ihr Routermodell nicht in dieser Liste ist, verwenden Sie einfach &#8216;admin&#8217; f\u00fcr Benutzername und Passwort, um Einlass zu erhalten. \ud83d\ude0e<\/p>\n<p>Wenn Sie zum ersten Mal in das K\u00f6nigreich des Mercusys-Routers abtauchen, m\u00fcssen Sie ein neues Anmeldepasswort erstellen, um Zugang zur sagenumwobenen webbasierten Verwaltungsseite zu erhalten. Sie k\u00f6nnen sich nicht an Ihr Passwort erinnern? Dr\u00fccken Sie einfach die Reset-Taste und halten Sie sie gedr\u00fcckt, bis die LEDs leuchten, nachdem Sie Ihren Router eingeschaltet haben, um ihn auf seine werkseitigen Standardeinstellungen zur\u00fcckzusetzen. Genau wie in Videospielen gibt es immer zweite Chancen. \ud83d\ude09<\/p>\n<\/section>\n<section>\n<div>\n<div>2<\/div>\n<h2>Mercusys WiFi-Passwort und SSID \u00e4ndern \ud83d\udcab<\/h2>\n<\/div>\n<p>Gut gemacht! Jetzt, wo Sie sich auf der Verwaltungsseite des Mercusys-Routers befinden, beginnt die Magie. Navigieren Sie von der Startseite aus unter den Grundeinstellungen und klicken Sie auf Wireless. Es ist, als w\u00fcrde man den Quellcode der Matrix betreten. Nur dass Sie dieses Mal die Regeln (und das WiFi-Passwort) \u00e4ndern d\u00fcrfen.<\/p>\n<p>Geben Sie Ihren neuen Netzwerknamen in das SSID-Feld und das neue WiFi-Passwort in das Passwortfeld ein. Klicken Sie dann auf Speichern, um die \u00c4nderungen anzuwenden. Es ist, als w\u00fcrde man seine R\u00fcstung in einem RPG aufwerten, nur dass es dieses Mal f\u00fcr Ihre WiFi-Verbindung ist!\ud83d\udd1d<\/p>\n<p>Wenn Sie das Gl\u00fcck haben, einen Dual-Band-Router zu besitzen, m\u00fcssen Sie beide Netzwerkb\u00e4nder, 2.4GHz und 5GHz, separat einrichten. Dazu geh\u00f6ren Modelle wie MW305R, MW300D, MW325R und alle anderen. Es ist, als w\u00fcrde man eine extra Aufgabe f\u00fcr Bonuspunkte erledigen. Und wer liebt nicht Bonuspunkte? \ud83d\udc96<\/p>\n<\/section>\n<section>\n<h2>Schlussfolgerung: \ud83c\udfc1<\/h2>\n<div class=\"nonp\">\n<p>So, das war&#8217;s! Sie haben gerade gelernt, wie Sie sich an Ihrem Mercusys-Router anmelden und Ihr WiFi-Passwort und SSID \u00e4ndern. Es ist, als w\u00fcrde man ein Spiel mit Cheat-Codes spielen, aber der Spa\u00df ist echt. Denken Sie daran, mit gro\u00dfer Macht kommt gro\u00dfe WiFi-Verantwortung. Sch\u00fctzen Sie also immer Ihr Netzwerk, aktualisieren Sie regelm\u00e4\u00dfig Ihre Passw\u00f6rter und viel Spa\u00df beim Surfen! &#127940;&#8205;&#9794;&#65039;&#127882;<\/p>\n<\/div>\n<\/section>\n<section itemscope=\"\" itemtype=\"https:\/\/schema.org\/FAQPage\">\n<div class=\"panel\" itemprop=\"mainEntity\" itemscope=\"\" itemtype=\"https:\/\/schema.org\/Question\">\n<div class=\"toggle-link\">\n<h3 class=\"panel-title\" itemprop=\"name\">\n            Wie kann ich mich bei meinem Mercusys Router anmelden?<\/h3>\n<\/div>\n<div class=\"panel-collapse\">\n<div class=\"panel-body\" itemprop=\"acceptedAnswer\" itemscope=\"\" itemtype=\"https:\/\/schema.org\/Answer\">\n<div itemprop=\"text\">\n<p>Um Zugang zu Ihrem Mercusys-Router zu erhalten, starten Sie Ihren Webbrowser und geben Sie <a href=http:\/\/mwlogin.net>http:\/\/mwlogin.net<\/a> oder <a href=http:\/\/192.168.1.1>192.168.1.1<\/a> in die Adressleiste ein. Geben Sie das Login-Passwort ein, falls erforderlich, um Zugang zu erhalten. Der Standardbenutzername und das Standardpasswort f\u00fcr einige Modelle sind &#8216;admin&#8217;. Denken Sie daran, beim ersten Login ein einzigartiges Passwort zu erstellen, um die Web-Management-Seite zu sichern. Wenn das Login-Passwort vergessen wurde, ist ein Reset auf die Werkseinstellungen erforderlich, indem die Reset-Taste gedr\u00fcckt gehalten wird, bis die LEDs aufleuchten.<\/p>\n<\/div>\n<\/div>\n<\/div>\n<\/div>\n<div class=\"panel\" itemprop=\"mainEntity\" itemscope=\"\" itemtype=\"https:\/\/schema.org\/Question\">\n<div class=\"toggle-link\">\n<h3 class=\"panel-title\" itemprop=\"name\">\n            Wie kann ich mein Mercusys WiFi-Passwort und den Netzwerknamen (SSID) \u00e4ndern?<\/h3>\n<\/div>\n<div class=\"panel-collapse\">\n<div class=\"panel-body\" itemprop=\"acceptedAnswer\" itemscope=\"\" itemtype=\"https:\/\/schema.org\/Answer\">\n<div itemprop=\"text\">\n<p>Loggen Sie sich in die Mercusys Router-Oberfl\u00e4che ein und unter den Grund-Einstellungen finden Sie die Option &#8216;Wireless&#8217;. Geben Sie den gew\u00fcnschten Netzwerknamen in das SSID Feld ein. Geben Sie das neue WiFi-Passwort in das vorgesehene Passwortfeld ein. Klicken Sie auf die Option Speichern, um sicherzustellen, dass Ihre \u00c4nderungen \u00fcbernommen werden. Wenn Ihr Router Dual-Band unterst\u00fctzt, f\u00fchren Sie diese Schritte f\u00fcr beide Netzbandbreiten, 2,4GHz und 5GHz aus.<\/p>\n<\/div>\n<\/div>\n<\/div>\n<\/div>\n<div class=\"panel\" itemprop=\"mainEntity\" itemscope=\"\" itemtype=\"https:\/\/schema.org\/Question\">\n<div class=\"toggle-link\">\n<h3 class=\"panel-title\" itemprop=\"name\">\n            Gibt es eine spezifische URL, um auf die Mercusys-Router Oberfl\u00e4che zuzugreifen?<\/h3>\n<\/div>\n<div class=\"panel-collapse\">\n<div class=\"panel-body\" itemprop=\"acceptedAnswer\" itemscope=\"\" itemtype=\"https:\/\/schema.org\/Answer\">\n<div itemprop=\"text\">\n<p>Ja, Sie k\u00f6nnen auf die Mercusys Router Login-Oberfl\u00e4che zugreifen, indem Sie <a href=http:\/\/mwlogin.net>http:\/\/mwlogin.net<\/a> oder <a href=http:\/\/192.168.1.1>192.168.1.1<\/a> in die Adressleiste Ihres Browsers eingeben.<\/p>\n<\/div>\n<\/div>\n<\/div>\n<\/div>\n<div class=\"panel\" itemprop=\"mainEntity\" itemscope=\"\" itemtype=\"https:\/\/schema.org\/Question\">\n<div class=\"toggle-link\">\n<h3 class=\"panel-title\" itemprop=\"name\">\n            Welche Login-Daten nutze ich w\u00e4hrend meinem ersten Zugang zum Mercusys Router?<\/h3>\n<\/div>\n<div class=\"panel-collapse\">\n<div class=\"panel-body\" itemprop=\"acceptedAnswer\" itemscope=\"\" itemtype=\"https:\/\/schema.org\/Answer\">\n<div itemprop=\"text\">\n<p>Bei Ihrem ersten Login erlauben einige Modelle von Mercusys-Routern die Verwendung von &#8216;admin&#8217; f\u00fcr Username und Passwort. Sie werden jedoch aufgefordert, ein einzigartiges Passwort f\u00fcr den zugriff auf die webbasierte Verwaltungsseite zu erstellen.<\/p>\n<\/div>\n<\/div>\n<\/div>\n<\/div>\n<div class=\"panel\" itemprop=\"mainEntity\" itemscope=\"\" itemtype=\"https:\/\/schema.org\/Question\">\n<div class=\"toggle-link\">\n<h3 class=\"panel-title\" itemprop=\"name\">\n            Ich habe mein Mercusys Router Login-Passwort vergessen, was soll ich tun?<\/h3>\n<\/div>\n<div class=\"panel-collapse\">\n<div class=\"panel-body\" itemprop=\"acceptedAnswer\" itemscope=\"\" itemtype=\"https:\/\/schema.org\/Answer\">\n<div itemprop=\"text\">\n<p>Wenn Sie das Login-Passwort vergessen haben, dr\u00fccken und halten Sie die Reset-Taste auf Ihrem Router, bis die LEDs aufleuchten. Dieses Verfahren stellt Ihren Router auf die Werkseinstellungen zur\u00fcck und Sie k\u00f6nnen die Standard Login-Daten verwenden.<\/p>\n<\/div>\n<\/div>\n<\/div>\n<\/div>\n<div class=\"panel\" itemprop=\"mainEntity\" itemscope=\"\" itemtype=\"https:\/\/schema.org\/Question\">\n<div class=\"toggle-link\">\n<h3 class=\"panel-title\" itemprop=\"name\">\n            Wo finde ich die Wireless-Option, um meinen Netzwerknamen (SSID) und WiFi-Passwort zu \u00e4ndern?<\/h3>\n<\/div>\n<div class=\"panel-collapse\">\n<div class=\"panel-body\" itemprop=\"acceptedAnswer\" itemscope=\"\" itemtype=\"https:\/\/schema.org\/Answer\">\n<div itemprop=\"text\">\n<p>Die Option &#8216;Wireless&#8217; befindet sich unter den Grund-Einstellungen auf der Mercusys-Router-Webverwaltung Seite. Hier k\u00f6nnen Sie den Netzwerknamen (SSID) und WiFi-Passwort \u00e4ndern.<\/p>\n<\/div>\n<\/div>\n<\/div>\n<\/div>\n<div class=\"panel\" itemprop=\"mainEntity\" itemscope=\"\" itemtype=\"https:\/\/schema.org\/Question\">\n<div class=\"toggle-link\">\n<h3 class=\"panel-title\" itemprop=\"name\">\n            Ich besitze einen dual-band Mercusys Router, muss ich das WiFi-Passwort f\u00fcr beide B\u00e4nder separat einstellen?<\/h3>\n<\/div>\n<div class=\"panel-collapse\">\n<div class=\"panel-body\" itemprop=\"acceptedAnswer\" itemscope=\"\" itemtype=\"https:\/\/schema.org\/Answer\">\n<div itemprop=\"text\">\n<p>Ja, f\u00fcr einen dual-band Router ist es notwendig, die 2,4GHz und 5GHz Netzwerkb\u00e4nder separat einzurichten.<\/p>\n<\/div>\n<\/div>\n<\/div>\n<\/div>\n<div class=\"panel\" itemprop=\"mainEntity\" itemscope=\"\" itemtype=\"https:\/\/schema.org\/Question\">\n<div class=\"toggle-link\">\n<h3 class=\"panel-title\" itemprop=\"name\">\n            Welche Details gebe ich in das SSID-Feld ein, wenn ich meinen Netzwerknamen \u00e4ndere?<\/h3>\n<\/div>\n<div class=\"panel-collapse\">\n<div class=\"panel-body\" itemprop=\"acceptedAnswer\" itemscope=\"\" itemtype=\"https:\/\/schema.org\/Answer\">\n<div itemprop=\"text\">\n<p>In das SSID-Feld der &#8216;Wireless&#8217; Einstellungen geben Sie den gew\u00fcnschten Netzwerknamen ein, mit dem Ihr Router identifiziert werden soll.<\/p>\n<\/div>\n<\/div>\n<\/div>\n<\/div>\n<div class=\"panel\" itemprop=\"mainEntity\" itemscope=\"\" itemtype=\"https:\/\/schema.org\/Question\">\n<div class=\"toggle-link\">\n<h3 class=\"panel-title\" itemprop=\"name\">\n            Wie sichere ich meinen Mercusys Router nach dem ersten Login?<\/h3>\n<\/div>\n<div class=\"panel-collapse\">\n<div class=\"panel-body\" itemprop=\"acceptedAnswer\" itemscope=\"\" itemtype=\"https:\/\/schema.org\/Answer\">\n<div itemprop=\"text\">\n<p>W\u00e4hrend Ihres ersten Logins werden Sie aufgefordert, ein einzigartiges Passwort zu erstellen. Dieses einzigartige Passwort sichert Ihren Router durch Einschr\u00e4nkung des Zugriffs auf die Web-Management-Seite.<\/p>\n<\/div>\n<\/div>\n<\/div>\n<\/div>\n<div class=\"panel\" itemprop=\"mainEntity\" itemscope=\"\" itemtype=\"https:\/\/schema.org\/Question\">\n<div class=\"toggle-link\">\n<h3 class=\"panel-title\" itemprop=\"name\">\n            Was passiert, wenn ich die Reset-Taste an meinem Mercusys Router gedr\u00fcckt halte?<\/h3>\n<\/div>\n<div class=\"panel-collapse\">\n<div class=\"panel-body\" itemprop=\"acceptedAnswer\" itemscope=\"\" itemtype=\"https:\/\/schema.org\/Answer\">\n<div itemprop=\"text\">\n<p>Wenn die Reset-Taste an Ihrem Mercusys-Router gedr\u00fcckt und bis zum Aufleuchten der LEDs gehalten wird, wird der Router auf die Werkseinstellungen zur\u00fcckgesetzt.<\/p>\n<\/div>\n<\/div>\n<\/div>\n<\/div>\n<div class=\"panel\" itemprop=\"mainEntity\" itemscope=\"\" itemtype=\"https:\/\/schema.org\/Question\">\n<div class=\"toggle-link\">\n<h3 class=\"panel-title\" itemprop=\"name\">\n            Welche Modelle des Mercusys Routers kann ich mit der von Ihnen beschriebenen Vorgehensweise aufrufen?<\/h3>\n<\/div>\n<div class=\"panel-collapse\">\n<div class=\"panel-body\" itemprop=\"acceptedAnswer\" itemscope=\"\" itemtype=\"https:\/\/schema.org\/Answer\">\n<div itemprop=\"text\">\n<p>Sie k\u00f6nnen die Modelle MW301R, MW305R, MW325R, MR50G, MR70X, MR30G und AC10 mit der vorgegebenen Prozedur aufrufen. Andere Modelle sollten \u00e4hnliche Schritte befolgen.<\/p>\n<\/div>\n<\/div>\n<\/div>\n<\/div>\n<div class=\"panel\" itemprop=\"mainEntity\" itemscope=\"\" itemtype=\"https:\/\/schema.org\/Question\">\n<div class=\"toggle-link\">\n<h3 class=\"panel-title\" itemprop=\"name\">\n            Wo gebe ich das neue WiFi Passwort ein, wenn ich es \u00e4ndere?<\/h3>\n<\/div>\n<div class=\"panel-collapse\">\n<div class=\"panel-body\" itemprop=\"acceptedAnswer\" itemscope=\"\" itemtype=\"https:\/\/schema.org\/Answer\">\n<div itemprop=\"text\">\n<p>Wenn Sie das WiFi-Passwort \u00e4ndern, geben Sie das neue Passwort in das Passwortfeld ein, das in der Option &#8216;Wireless&#8217; unter den Grund-Einstellungen der Mercusys Router-Schnittstelle zu finden ist.<\/p>\n<\/div>\n<\/div>\n<\/div>\n<\/div>\n<div class=\"panel\" itemprop=\"mainEntity\" itemscope=\"\" itemtype=\"https:\/\/schema.org\/Question\">\n<div class=\"toggle-link\">\n<h3 class=\"panel-title\" itemprop=\"name\">\n            Wenn ich den Netzwerknamen (SSID) \u00e4ndere, wirkt sich das auf das WiFi-Passwort aus?<\/h3>\n<\/div>\n<div class=\"panel-collapse\">\n<div class=\"panel-body\" itemprop=\"acceptedAnswer\" itemscope=\"\" itemtype=\"https:\/\/schema.org\/Answer\">\n<div itemprop=\"text\">\n<p>Nein, die \u00c4nderung des Netzwerknamens (SSID) auf Ihrem Mercusys Router hat keinen Einfluss auf das WiFi-Passwort. Sie sind zwei unterschiedliche Einstellungen, die unabh\u00e4ngig voneinander ge\u00e4ndert werden k\u00f6nnen.<\/p>\n<\/div>\n<\/div>\n<\/div>\n<\/div>\n<div class=\"panel\" itemprop=\"mainEntity\" itemscope=\"\" itemtype=\"https:\/\/schema.org\/Question\">\n<div class=\"toggle-link\">\n<h3 class=\"panel-title\" itemprop=\"name\">\n            Was ist die Bedeutung eines einzigartigen Passworts f\u00fcr den Mercusys Router?<\/h3>\n<\/div>\n<div class=\"panel-collapse\">\n<div class=\"panel-body\" itemprop=\"acceptedAnswer\" itemscope=\"\" itemtype=\"https:\/\/schema.org\/Answer\">\n<div itemprop=\"text\">\n<p>Das Erstellen eines einzigartigen Passworts hilft, Ihren Router zu sch\u00fctzen, indem der Zugriff auf die Web-Management-Seite des Routers eingeschr\u00e4nkt wird. Das einzigartige Passwort sichert Ihren Router gegen unbeabsichtigte Eingriffe ab.<\/p>\n<\/div>\n<\/div>\n<\/div>\n<\/div>\n<div class=\"panel\" itemprop=\"mainEntity\" itemscope=\"\" itemtype=\"https:\/\/schema.org\/Question\">\n<div class=\"toggle-link\">\n<h3 class=\"panel-title\" itemprop=\"name\">\n            Wie kann ich meinen Mercusys Router auf die Werkseinstellungen zur\u00fccksetzen?<\/h3>\n<\/div>\n<div class=\"panel-collapse\">\n<div class=\"panel-body\" itemprop=\"acceptedAnswer\" itemscope=\"\" itemtype=\"https:\/\/schema.org\/Answer\">\n<div itemprop=\"text\">\n<p>Um Ihren Mercusys Router auf die Werkseinstellungen zur\u00fcckzusetzen, dr\u00fccken und halten Sie die Reset-Taste, bis alle LEDs aufleuchten. Dieser Prozess setzt alle Einstellungen, einschlie\u00dflich des Passworts, auf den urspr\u00fcnglichen Zustand zur\u00fcck.<\/p>\n<\/div>\n<\/div>\n<\/div>\n<\/div>\n<div class=\"panel\" itemprop=\"mainEntity\" itemscope=\"\" itemtype=\"https:\/\/schema.org\/Question\">\n<div class=\"toggle-link\">\n<h3 class=\"panel-title\" itemprop=\"name\">\n            Warum kommen w\u00e4hrend des Logins verschiedene Modelle des Mercusys Routers vor?<\/h3>\n<\/div>\n<div class=\"panel-collapse\">\n<div class=\"panel-body\" itemprop=\"acceptedAnswer\" itemscope=\"\" itemtype=\"https:\/\/schema.org\/Answer\">\n<div itemprop=\"text\">\n<p>Die unterschiedlichen Mercusys Router Modelle kommen w\u00e4hrend des Logins aufgrund der leichten Variationen in deren initialen Login-Daten vor. Der Login-Prozess ist jedoch \u00fcber alle Modelle hinweg weitestgehend \u00e4hnlich.<\/p>\n<\/div>\n<\/div>\n<\/div>\n<\/div>\n<div class=\"panel\" itemprop=\"mainEntity\" itemscope=\"\" itemtype=\"https:\/\/schema.org\/Question\">\n<div class=\"toggle-link\">\n<h3 class=\"panel-title\" itemprop=\"name\">\n            Wo befindet sich der Speichern Button auf der Mercusys Router-Webverwaltung-Seite?<\/h3>\n<\/div>\n<div class=\"panel-collapse\">\n<div class=\"panel-body\" itemprop=\"acceptedAnswer\" itemscope=\"\" itemtype=\"https:\/\/schema.org\/Answer\">\n<div itemprop=\"text\">\n<p>Der Speichern-Button befindet sich unter den Grund-Einstellungen auf der Mercusys-Router-Webverwaltung-Seite. Er finalisiert alle gemachten \u00c4nderungen innerhalb der drahtlosen Einstellungen.<\/p>\n<\/div>\n<\/div>\n<\/div>\n<\/div>\n<div class=\"panel\" itemprop=\"mainEntity\" itemscope=\"\" itemtype=\"https:\/\/schema.org\/Question\">\n<div class=\"toggle-link\">\n<h3 class=\"panel-title\" itemprop=\"name\">\n            Beeinflusst ein Reset meines Mercusys-Routers die Zugangsdaten f\u00fcr das Login?<\/h3>\n<\/div>\n<div class=\"panel-collapse\">\n<div class=\"panel-body\" itemprop=\"acceptedAnswer\" itemscope=\"\" itemtype=\"https:\/\/schema.org\/Answer\">\n<div itemprop=\"text\">\n<p>Ein Reset Ihres Mercusys-Routers beeinflusst die f\u00fcr das Login verwendeten Zugangsdaten. Es setzt alle Einstellungen, einschlie\u00dflich Benutzername und Passwort, auf ihren urspr\u00fcnglichen Zustand zur\u00fcck.<\/p>\n<\/div>\n<\/div>\n<\/div>\n<\/div>\n<div class=\"panel\" itemprop=\"mainEntity\" itemscope=\"\" itemtype=\"https:\/\/schema.org\/Question\">\n<div class=\"toggle-link\">\n<h3 class=\"panel-title\" itemprop=\"name\">\n            Muss ich nach der \u00c4nderung des WiFi-Passwort meinen Mercusys-Router neu starten?<\/h3>\n<\/div>\n<div class=\"panel-collapse\">\n<div class=\"panel-body\" itemprop=\"acceptedAnswer\" itemscope=\"\" itemtype=\"https:\/\/schema.org\/Answer\">\n<div itemprop=\"text\">\n<p>Nein, es ist nicht notwendig, Ihren Mercusys-Router nach der \u00c4nderung des WiFi-Passworts neu zu starten, es sei denn, es ist spezifiziert. Die \u00c4nderungen treten in der Regel sofort nach dem Speichern in Kraft.<\/p>\n<\/div>\n<\/div>\n<\/div>\n<\/div>\n<div class=\"panel\" itemprop=\"mainEntity\" itemscope=\"\" itemtype=\"https:\/\/schema.org\/Question\">\n<div class=\"toggle-link\">\n<h3 class=\"panel-title\" itemprop=\"name\">\n            Ich habe mehrere erfolglose Versuche unternommen, mich bei meinem Mercusys-Router anzumelden, was kann ich tun?<\/h3>\n<\/div>\n<div class=\"panel-collapse\">\n<div class=\"panel-body\" itemprop=\"acceptedAnswer\" itemscope=\"\" itemtype=\"https:\/\/schema.org\/Answer\">\n<div itemprop=\"text\">\n<p>Wenn Sie sich nicht bei Ihrem Mercusys-Router anmelden k\u00f6nnen, m\u00fcssen Sie ihn m\u00f6glicherweise auf die Werkseinstellungen zur\u00fccksetzen, indem Sie die Reset-Taste gedr\u00fcckt halten, bis die LEDs aufleuchten. Dann melden Sie sich mit den Standard-Zugangsdaten erneut an.<\/p>\n<\/div>\n<\/div>\n<\/div>\n<\/div>\n<\/section>\n<\/article>\n","protected":false},"excerpt":{"rendered":"<p>Anmeldung am Mercusys Router: WiFi-Passwort und SSID \u00e4ndern &#128272; Sind Sie bereit, die Kontrolle \u00fcber Ihr WiFi-Spiel zu \u00fcbernehmen? Wenn Sie einen Mercusys-Router besitzen, wird Sie das verbl\u00fcffen. &#129327; Jetzt k\u00f6nnen Sie Ihr WiFi-Passwort, den Netzwerknamen (SSID) und andere Standardeinstellungen des Routers ganz einfach \u00fcber die Mercusys-Webverwaltungsseite oder unter &#49;&#57;&#50;.&#49;&#54;&#56;.&#49;.&#49; \u00e4ndern. Es ist, als w\u00fcrde [&hellip;]<\/p>\n","protected":false},"author":2,"featured_media":15,"parent":0,"menu_order":0,"comment_status":"closed","ping_status":"closed","template":"chromecast.php","meta":{"_stopmodifiedupdate":false,"_modified_date":"","_lmt_disableupdate":"yes","_lmt_disable":""},"yoast_head":"<!-- This site is optimized with the Yoast SEO plugin v20.9 - https:\/\/yoast.com\/wordpress\/plugins\/seo\/ -->\n<title>Mercusys Router Anmeldung. Aktualisiert im Jahr 2026<\/title>\n<meta name=\"robots\" content=\"index, follow, max-snippet:-1, max-image-preview:large, max-video-preview:-1\" \/>\n<link rel=\"canonical\" href=\"https:\/\/www.ping.fm\/ip\/de\/mercusys-router-anmeldung\/\" \/>\n<meta property=\"og:locale\" content=\"en_US\" \/>\n<meta property=\"og:type\" content=\"article\" \/>\n<meta property=\"og:title\" content=\"Mercusys Router Anmeldung. Aktualisiert im Jahr 2026\" \/>\n<meta property=\"og:description\" content=\"Anmeldung am Mercusys Router: WiFi-Passwort und SSID \u00e4ndern &#128272; Sind Sie bereit, die Kontrolle \u00fcber Ihr WiFi-Spiel zu \u00fcbernehmen? Wenn Sie einen Mercusys-Router besitzen, wird Sie das verbl\u00fcffen. &#129327; Jetzt k\u00f6nnen Sie Ihr WiFi-Passwort, den Netzwerknamen (SSID) und andere Standardeinstellungen des Routers ganz einfach \u00fcber die Mercusys-Webverwaltungsseite oder unter &#049;&#057;&#050;.&#049;&#054;&#056;.&#049;.&#049; \u00e4ndern. Es ist, als w\u00fcrde [&hellip;]\" \/>\n<meta property=\"og:url\" content=\"https:\/\/www.ping.fm\/ip\/de\/mercusys-router-anmeldung\/\" \/>\n<meta property=\"og:site_name\" content=\"IP\" \/>\n<meta property=\"og:image\" content=\"https:\/\/www.ping.fm\/ip\/wp-content\/uploads\/2023\/07\/wifi.jpg\" \/>\n\t<meta property=\"og:image:width\" content=\"1992\" \/>\n\t<meta property=\"og:image:height\" content=\"1852\" \/>\n\t<meta property=\"og:image:type\" content=\"image\/jpeg\" \/>\n<meta name=\"twitter:card\" content=\"summary_large_image\" \/>\n<meta name=\"twitter:label1\" content=\"Est. reading time\" \/>\n\t<meta name=\"twitter:data1\" content=\"6 minutes\" \/>\n<script type=\"application\/ld+json\" class=\"yoast-schema-graph\">{\"@context\":\"https:\/\/schema.org\",\"@graph\":[{\"@type\":\"WebPage\",\"@id\":\"https:\/\/www.ping.fm\/ip\/de\/mercusys-router-anmeldung\/\",\"url\":\"https:\/\/www.ping.fm\/ip\/de\/mercusys-router-anmeldung\/\",\"name\":\"Mercusys Router Anmeldung. Aktualisiert im Jahr 2026\",\"isPartOf\":{\"@id\":\"https:\/\/www.ping.fm\/ip\/#website\"},\"datePublished\":\"2023-10-19T16:41:27+00:00\",\"dateModified\":\"2023-10-19T16:41:27+00:00\",\"breadcrumb\":{\"@id\":\"https:\/\/www.ping.fm\/ip\/de\/mercusys-router-anmeldung\/#breadcrumb\"},\"inLanguage\":\"en-US\",\"potentialAction\":[{\"@type\":\"ReadAction\",\"target\":[\"https:\/\/www.ping.fm\/ip\/de\/mercusys-router-anmeldung\/\"]}]},{\"@type\":\"BreadcrumbList\",\"@id\":\"https:\/\/www.ping.fm\/ip\/de\/mercusys-router-anmeldung\/#breadcrumb\",\"itemListElement\":[{\"@type\":\"ListItem\",\"position\":1,\"name\":\"Home\",\"item\":\"https:\/\/www.ping.fm\/ip\/\"},{\"@type\":\"ListItem\",\"position\":2,\"name\":\"Mercusys Router Anmeldung\"}]},{\"@type\":\"WebSite\",\"@id\":\"https:\/\/www.ping.fm\/ip\/#website\",\"url\":\"https:\/\/www.ping.fm\/ip\/\",\"name\":\"IP\",\"description\":\"\",\"potentialAction\":[{\"@type\":\"SearchAction\",\"target\":{\"@type\":\"EntryPoint\",\"urlTemplate\":\"https:\/\/www.ping.fm\/ip\/?s={search_term_string}\"},\"query-input\":\"required name=search_term_string\"}],\"inLanguage\":\"en-US\"}]}<\/script>\n<!-- \/ Yoast SEO plugin. -->","yoast_head_json":{"title":"Mercusys Router Anmeldung. Aktualisiert im Jahr 2026","robots":{"index":"index","follow":"follow","max-snippet":"max-snippet:-1","max-image-preview":"max-image-preview:large","max-video-preview":"max-video-preview:-1"},"canonical":"https:\/\/www.ping.fm\/ip\/de\/mercusys-router-anmeldung\/","og_locale":"en_US","og_type":"article","og_title":"Mercusys Router Anmeldung. Aktualisiert im Jahr 2026","og_description":"Anmeldung am Mercusys Router: WiFi-Passwort und SSID \u00e4ndern &#128272; Sind Sie bereit, die Kontrolle \u00fcber Ihr WiFi-Spiel zu \u00fcbernehmen? Wenn Sie einen Mercusys-Router besitzen, wird Sie das verbl\u00fcffen. &#129327; Jetzt k\u00f6nnen Sie Ihr WiFi-Passwort, den Netzwerknamen (SSID) und andere Standardeinstellungen des Routers ganz einfach \u00fcber die Mercusys-Webverwaltungsseite oder unter &#49;&#57;&#50;.&#49;&#54;&#56;.&#49;.&#49; \u00e4ndern. Es ist, als w\u00fcrde [&hellip;]","og_url":"https:\/\/www.ping.fm\/ip\/de\/mercusys-router-anmeldung\/","og_site_name":"IP","og_image":[{"width":1992,"height":1852,"url":"https:\/\/www.ping.fm\/ip\/wp-content\/uploads\/2023\/07\/wifi.jpg","type":"image\/jpeg"}],"twitter_card":"summary_large_image","twitter_misc":{"Est. reading time":"6 minutes"},"schema":{"@context":"https:\/\/schema.org","@graph":[{"@type":"WebPage","@id":"https:\/\/www.ping.fm\/ip\/de\/mercusys-router-anmeldung\/","url":"https:\/\/www.ping.fm\/ip\/de\/mercusys-router-anmeldung\/","name":"Mercusys Router Anmeldung. Aktualisiert im Jahr 2026","isPartOf":{"@id":"https:\/\/www.ping.fm\/ip\/#website"},"datePublished":"2023-10-19T16:41:27+00:00","dateModified":"2023-10-19T16:41:27+00:00","breadcrumb":{"@id":"https:\/\/www.ping.fm\/ip\/de\/mercusys-router-anmeldung\/#breadcrumb"},"inLanguage":"en-US","potentialAction":[{"@type":"ReadAction","target":["https:\/\/www.ping.fm\/ip\/de\/mercusys-router-anmeldung\/"]}]},{"@type":"BreadcrumbList","@id":"https:\/\/www.ping.fm\/ip\/de\/mercusys-router-anmeldung\/#breadcrumb","itemListElement":[{"@type":"ListItem","position":1,"name":"Home","item":"https:\/\/www.ping.fm\/ip\/"},{"@type":"ListItem","position":2,"name":"Mercusys Router Anmeldung"}]},{"@type":"WebSite","@id":"https:\/\/www.ping.fm\/ip\/#website","url":"https:\/\/www.ping.fm\/ip\/","name":"IP","description":"","potentialAction":[{"@type":"SearchAction","target":{"@type":"EntryPoint","urlTemplate":"https:\/\/www.ping.fm\/ip\/?s={search_term_string}"},"query-input":"required name=search_term_string"}],"inLanguage":"en-US"}]}},"_links":{"self":[{"href":"https:\/\/www.ping.fm\/ip\/wp-json\/wp\/v2\/pages\/431"}],"collection":[{"href":"https:\/\/www.ping.fm\/ip\/wp-json\/wp\/v2\/pages"}],"about":[{"href":"https:\/\/www.ping.fm\/ip\/wp-json\/wp\/v2\/types\/page"}],"author":[{"embeddable":true,"href":"https:\/\/www.ping.fm\/ip\/wp-json\/wp\/v2\/users\/2"}],"replies":[{"embeddable":true,"href":"https:\/\/www.ping.fm\/ip\/wp-json\/wp\/v2\/comments?post=431"}],"version-history":[{"count":2,"href":"https:\/\/www.ping.fm\/ip\/wp-json\/wp\/v2\/pages\/431\/revisions"}],"predecessor-version":[{"id":529,"href":"https:\/\/www.ping.fm\/ip\/wp-json\/wp\/v2\/pages\/431\/revisions\/529"}],"wp:featuredmedia":[{"embeddable":true,"href":"https:\/\/www.ping.fm\/ip\/wp-json\/wp\/v2\/media\/15"}],"wp:attachment":[{"href":"https:\/\/www.ping.fm\/ip\/wp-json\/wp\/v2\/media?parent=431"}],"curies":[{"name":"wp","href":"https:\/\/api.w.org\/{rel}","templated":true}]}}