{"id":381,"date":"2023-10-19T16:08:47","date_gmt":"2023-10-19T16:08:47","guid":{"rendered":"https:\/\/www.ping.fm\/ip\/?page_id=381"},"modified":"2023-10-19T16:10:11","modified_gmt":"2023-10-19T16:10:11","slug":"bsnl-router-anmeldung","status":"publish","type":"page","link":"https:\/\/www.ping.fm\/ip\/de\/bsnl-router-anmeldung\/","title":{"rendered":"BSNL Router Anmeldung"},"content":{"rendered":"<article>\n<section>\n<h1>Leitfaden zur Anmeldung an Ihrem BSNL Router und zur \u00c4nderung der Wi-Fi-Einstellungen erkl\u00e4rt &#128295;&#9881;&#65039;&#128187;<\/h1>\n<div class=\"inbrief\">\n<div>\n                                <img src=\"\/ip\/wp-content\/uploads\/generated\/BSNL-Router-Anmeldung.jpg\" alt=\"BSNL Router Anmeldung\" title=\"BSNL Router Anmeldung\" width=\"1280\" height=\"720\"><\/p>\n<p>Die Admin-Seite Ihres BSNL Routers ist Ihr Zugang zu den tiefsten Einstellungen Ihres Heimnetzwerks, einschlie\u00dflich <b>\u00c4nderungen des Wi-Fi-Passworts<\/b>, \u00c4nderungen des <b>Netzwerknamens (SSID)<\/b> und den Standardkonfigurationen Ihres Routers oder Modems. Wir zeigen Ihnen, wie Sie auf diesen wichtigen Aspekt der Internetverbindung zugreifen und durch ihn navigieren k\u00f6nnen, ganz bequem von Ihrem eigenen Ger\u00e4t aus! &#128273;&#127760;&#10024;<\/p>\n<\/div>\n<\/div>\n<\/section>\n<section>\n<div>\n<div>1<\/div>\n<h2>Anmelden bei Ihrem BSNL Router \ud83d\udd12<\/h2>\n<\/div>\n<p>Um zu beginnen, holen Sie sich Ihren BSNL Router, denn wir tauchen gleich in seine Einstellungen ein! \u00d6ffnen Sie einen Webbrowser Ihrer Wahl und geben Sie <a href='http:\/\/192.168.1.1'>192.168.1.1<\/a> in die Adressleiste ein. Geben Sie Benutzername und Passwort als &#8216;admin&#8217; f\u00fcr beide ein. Klicken Sie auf die Schaltfl\u00e4che Login und voila! \ud83d\udca5 Sie sind in Ihren Routereinstellungen! Achten Sie jedoch darauf, dass Ihr Ger\u00e4t mit dem BSNL Wi-Fi-Netzwerk verbunden ist, entweder drahtlos oder \u00fcber ein Ethernet-Kabel. \ud83d\udda5\ufe0f\ud83d\udd17\ud83d\udce1<\/p>\n<\/section>\n<section>\n<div>\n<div>2<\/div>\n<h2>Wi-Fi-Passwort und Netzwerkname auf verschiedenen BSNL-Routern \u00e4ndern \ud83d\udd04<\/h2>\n<\/div>\n<p>Es ist in Ordnung, wenn Sie sich jetzt ein wenig \u00fcberfordert f\u00fchlen, wir haben Sie abgedeckt! Egal, ob Sie einen BSNL FTTH, ADSL Router oder einen anderen besitzen, wir gehen den genauen Prozess zur \u00c4nderung der Einstellungen f\u00fcr jeden Schritt f\u00fcr Schritt durch. \ud83d\udd79\ufe0f\ud83c\udfae\ud83c\udfaf<\/p>\n<h3>F\u00fcr BSNL FTTH:<\/h3>\n<p>Sie haben sich erfolgreich angemeldet. Gehen Sie zu Netzwerk &gt; WLAN &gt; WLAN Basic. Im SSID-Feld geben Sie Ihren gew\u00fcnschten Netzwerknamen ein und vergessen Sie nicht, auf \u00c4nderungen anwenden zu klicken. Gehen Sie zur WLAN-Sicherheit, setzen Sie Ihr neues Wi-Fi-Passwort im Feld f\u00fcr den voreingestellten Schl\u00fcssel und klicken Sie erneut auf \u00c4nderungen anwenden.  \ud83d\udcaa\ud83d\ude01\ud83c\udf88<\/p>\n<h3>F\u00fcr den BSNL ADSL Router:<\/h3>\n<p>Nach der Anmeldung navigieren Sie zu Interface Setup &gt; Wireless. Hier sehen Sie die Option Access Point aktivieren, die Sie einschalten m\u00fcssen. Im SSID-Feld unter der Einstellung Multiple SSIDs geben Sie Ihren neuen Wi-Fi Netzwerknamen ein. Dann f\u00fcllen Sie Ihr Wi-Fi-Passwort im Feld f\u00fcr den voreingestellten Schl\u00fcssel ein. Vergessen Sie nicht, auf SAVE zu klicken, um die \u00c4nderungen anzuwenden. \ud83d\udc4f\ud83e\udd13\ud83c\udf08<\/p>\n<h3>F\u00fcr D-Link und DIGISOL Router:<\/h3>\n<p>D-Link und DIGISOL Routerbesitzer, seid nicht entt\u00e4uscht, wir kommen zu euch! Gehen Sie zu Wireless &gt; Wireless Basic. Im SSID-Feld muss Ihr Wi-Fi-Netzwerkname eingestellt sein. Nachdem Sie diese \u00c4nderung vorgenommen haben, gehen Sie auf Apply. Weiter geht es zu Wireless &gt; Wireless Security. Geben Sie Ihr neues Wi-Fi-Passwort im Pre-Shared Key-Feld ein und klicken Sie auf Apply, um die \u00c4nderungen zu speichern. Mit DIGISOL ist es ziemlich das Gleiche, nur dass Sie mit &#8216;Setup&#8217; statt &#8216;Wireless&#8217; beginnen. Wenn Sie einen Dualband-DIGISOL-Router wie den DG-GR6821AC XPON ONU haben, w\u00e4hlen Sie unter Netzwerk zwischen der 5G- oder 2.4G-Option, um die Einstellungen zu \u00e4ndern. Es ist kinderleicht! \ud83c\udf4b\ud83d\ude05\ud83c\udf89<\/p>\n<\/section>\n<section>\n<h2>Fazit: \ud83c\udfc1<\/h2>\n<div class=\"nonp\">\n<p>Nach all dem, was gesagt und getan ist, hoffen wir, dass Sie sich jetzt sicher und bef\u00e4higt f\u00fchlen, Ihre BSNL-Routereinstellungen wie ein Profi zu navigieren! &#127894;&#65039;&#127942;&#129351;. Egal, ob Sie l\u00e4stige Eindringlinge loswerden, die Geschwindigkeit Ihres Netzwerks verbessern oder einfach nur den Namen Ihres Wi-Fi-Netzwerks zum Spa\u00df \u00e4ndern m\u00f6chten, Sie haben jetzt die Kontrolle in Ihren H\u00e4nden (ganz w\u00f6rtlich!) &#128080;&#9889;&#128165;. Denken Sie daran, gro\u00dfe Macht kommt mit gro\u00dfer Verantwortung, also seien Sie nicht zu schnell mit Passwort\u00e4nderungen! &#128521;&#128514;&#128077;<\/p>\n<\/div>\n<\/section>\n<section itemscope=\"\" itemtype=\"https:\/\/schema.org\/FAQPage\">\n<div class=\"panel\" itemprop=\"mainEntity\" itemscope=\"\" itemtype=\"https:\/\/schema.org\/Question\">\n<div class=\"toggle-link\">\n<h3 class=\"panel-title\" itemprop=\"name\">\n            Was ist die Login-Adresse des BSNL-Routers?<\/h3>\n<\/div>\n<div class=\"panel-collapse\">\n<div class=\"panel-body\" itemprop=\"acceptedAnswer\" itemscope=\"\" itemtype=\"https:\/\/schema.org\/Answer\">\n<div itemprop=\"text\">\n<p>Die Login-Adresse des BSNL-Routers ist in der Regel <a href=http:\/\/192.168.1.1>http:\/\/192.168.1.1<\/a>. Dies ist die Standard-IP-Adresse, die verwendet wird, um auf die BSNL-Admin-Oberfl\u00e4che zuzugreifen.<\/p>\n<\/div>\n<\/div>\n<\/div>\n<\/div>\n<div class=\"panel\" itemprop=\"mainEntity\" itemscope=\"\" itemtype=\"https:\/\/schema.org\/Question\">\n<div class=\"toggle-link\">\n<h3 class=\"panel-title\" itemprop=\"name\">\n            Was sind die Standardanmeldeinformationen f\u00fcr das BSNL-Router-Login?<\/h3>\n<\/div>\n<div class=\"panel-collapse\">\n<div class=\"panel-body\" itemprop=\"acceptedAnswer\" itemscope=\"\" itemtype=\"https:\/\/schema.org\/Answer\">\n<div itemprop=\"text\">\n<p>Die Standardanmeldeinformationen f\u00fcr den Zugriff auf die BSNL-Router-Oberfl\u00e4che sind normalerweise Benutzername: <b>admin<\/b> und Passwort: <b>admin<\/b>. Es kann jedoch je nach spezifischem Modell des Routers variieren.<\/p>\n<\/div>\n<\/div>\n<\/div>\n<\/div>\n<div class=\"panel\" itemprop=\"mainEntity\" itemscope=\"\" itemtype=\"https:\/\/schema.org\/Question\">\n<div class=\"toggle-link\">\n<h3 class=\"panel-title\" itemprop=\"name\">\n            Wie kann ich auf die Einstellungen des BSNL-Routers zugreifen?<\/h3>\n<\/div>\n<div class=\"panel-collapse\">\n<div class=\"panel-body\" itemprop=\"acceptedAnswer\" itemscope=\"\" itemtype=\"https:\/\/schema.org\/Answer\">\n<div itemprop=\"text\">\n<p>Sie k\u00f6nnen auf die Einstellungen des BSNL-Routers zugreifen, indem Sie Ihr Ger\u00e4t zuerst mit dem BSNL-Wi-Fi-Netzwerk verbinden, dann einen Browser \u00f6ffnen und <a href=http:\/\/192.168.1.1>192.168.1.1<\/a> in die Adressleiste eingeben. Geben Sie den erforderlichen Benutzernamen und das Passwort ein, um sich anzumelden.<\/p>\n<\/div>\n<\/div>\n<\/div>\n<\/div>\n<div class=\"panel\" itemprop=\"mainEntity\" itemscope=\"\" itemtype=\"https:\/\/schema.org\/Question\">\n<div class=\"toggle-link\">\n<h3 class=\"panel-title\" itemprop=\"name\">\n            Wie kann ich das Wi-Fi-Passwort meines BSNL-Routers \u00e4ndern?<\/h3>\n<\/div>\n<div class=\"panel-collapse\">\n<div class=\"panel-body\" itemprop=\"acceptedAnswer\" itemscope=\"\" itemtype=\"https:\/\/schema.org\/Answer\">\n<div itemprop=\"text\">\n<p>Um das Wi-Fi-Passwort f\u00fcr einen BSNL-Router zu \u00e4ndern, navigieren Sie nach dem Einloggen in die Admin-Oberfl\u00e4che zu den WLAN-Sicherheitseinstellungen. Hier k\u00f6nnen Sie ein neues Passwort in das Feld Pre-Shared Key eingeben.<\/p>\n<\/div>\n<\/div>\n<\/div>\n<\/div>\n<div class=\"panel\" itemprop=\"mainEntity\" itemscope=\"\" itemtype=\"https:\/\/schema.org\/Question\">\n<div class=\"toggle-link\">\n<h3 class=\"panel-title\" itemprop=\"name\">\n            Welches sind die Schritte, um den Netzwerknamen (SSID) auf meinem BSNL-Router zu \u00e4ndern?<\/h3>\n<\/div>\n<div class=\"panel-collapse\">\n<div class=\"panel-body\" itemprop=\"acceptedAnswer\" itemscope=\"\" itemtype=\"https:\/\/schema.org\/Answer\">\n<div itemprop=\"text\">\n<p>Um den Netzwerknamen oder die SSID auf einem BSNL-Router zu \u00e4ndern, loggen Sie sich in die Admin-Oberfl\u00e4che ein. Unter den WLAN-Basiseinstellungen finden Sie das Feld SSID und geben den neuen Netzwerknamen ein. Speichern Sie die \u00c4nderungen, um die neue SSID anzuwenden.<\/p>\n<\/div>\n<\/div>\n<\/div>\n<\/div>\n<div class=\"panel\" itemprop=\"mainEntity\" itemscope=\"\" itemtype=\"https:\/\/schema.org\/Question\">\n<div class=\"toggle-link\">\n<h3 class=\"panel-title\" itemprop=\"name\">\n            Kann die Standard-IP-Adresse des BSNL-Routers ge\u00e4ndert werden?<\/h3>\n<\/div>\n<div class=\"panel-collapse\">\n<div class=\"panel-body\" itemprop=\"acceptedAnswer\" itemscope=\"\" itemtype=\"https:\/\/schema.org\/Answer\">\n<div itemprop=\"text\">\n<p>Ja, Sie k\u00f6nnen die Standard-IP-Adresse des BSNL-Routers \u00e4ndern. Nach dem Einloggen in die Router-Admin-Oberfl\u00e4che, navigieren Sie zur LAN-Setup-Seite, wo Sie die IP-Adresse \u00e4ndern und die \u00c4nderungen speichern k\u00f6nnen.<\/p>\n<\/div>\n<\/div>\n<\/div>\n<\/div>\n<div class=\"panel\" itemprop=\"mainEntity\" itemscope=\"\" itemtype=\"https:\/\/schema.org\/Question\">\n<div class=\"toggle-link\">\n<h3 class=\"panel-title\" itemprop=\"name\">\n            Wie setze ich den BSNL-Router auf die Standardeinstellungen zur\u00fcck?<\/h3>\n<\/div>\n<div class=\"panel-collapse\">\n<div class=\"panel-body\" itemprop=\"acceptedAnswer\" itemscope=\"\" itemtype=\"https:\/\/schema.org\/Answer\">\n<div itemprop=\"text\">\n<p>Um den BSNL-Router zur\u00fcckzusetzen, finden und dr\u00fccken Sie die Reset-Taste, die sich an der R\u00fcckseite oder Unterseite des Ger\u00e4ts befindet. Halten Sie sie ungef\u00e4hr zehn Sekunden lang gedr\u00fcckt, bis der Router neu startet und die Werkseinstellungen wiederherstellt.<\/p>\n<\/div>\n<\/div>\n<\/div>\n<\/div>\n<div class=\"panel\" itemprop=\"mainEntity\" itemscope=\"\" itemtype=\"https:\/\/schema.org\/Question\">\n<div class=\"toggle-link\">\n<h3 class=\"panel-title\" itemprop=\"name\">\n            Kann ich den Datenverbrauch f\u00fcr bestimmte Ger\u00e4te, die mit meinem BSNL-Router verbunden sind, begrenzen?<\/h3>\n<\/div>\n<div class=\"panel-collapse\">\n<div class=\"panel-body\" itemprop=\"acceptedAnswer\" itemscope=\"\" itemtype=\"https:\/\/schema.org\/Answer\">\n<div itemprop=\"text\">\n<p>Ja, mit der Bandbreitensteuerungsfunktion in der Admin-Oberfl\u00e4che des Routers k\u00f6nnen Sie den Datenverbrauch f\u00fcr bestimmte Ger\u00e4te, die mit Ihrem Netzwerk verbunden sind, einschr\u00e4nken.<\/p>\n<\/div>\n<\/div>\n<\/div>\n<\/div>\n<div class=\"panel\" itemprop=\"mainEntity\" itemscope=\"\" itemtype=\"https:\/\/schema.org\/Question\">\n<div class=\"toggle-link\">\n<h3 class=\"panel-title\" itemprop=\"name\">\n            Wie kann ich die Firmware meines BSNL-Routers aktualisieren?<\/h3>\n<\/div>\n<div class=\"panel-collapse\">\n<div class=\"panel-body\" itemprop=\"acceptedAnswer\" itemscope=\"\" itemtype=\"https:\/\/schema.org\/Answer\">\n<div itemprop=\"text\">\n<p>Aktualisierungen der Firmware Ihres BSNL-Routers k\u00f6nnen \u00fcber die Router-Admin-Oberfl\u00e4che, unter den Systemtools oder \u00e4hnlichem Abschnitt, durchgef\u00fchrt werden. Denken Sie daran, w\u00e4hrend des Update-Vorgangs eine stabile Internetverbindung zu haben.<\/p>\n<\/div>\n<\/div>\n<\/div>\n<\/div>\n<div class=\"panel\" itemprop=\"mainEntity\" itemscope=\"\" itemtype=\"https:\/\/schema.org\/Question\">\n<div class=\"toggle-link\">\n<h3 class=\"panel-title\" itemprop=\"name\">\n            Wie richte ich ein Gastnetzwerk in meinem BSNL-Router ein?<\/h3>\n<\/div>\n<div class=\"panel-collapse\">\n<div class=\"panel-body\" itemprop=\"acceptedAnswer\" itemscope=\"\" itemtype=\"https:\/\/schema.org\/Answer\">\n<div itemprop=\"text\">\n<p>Um ein Gastnetzwerk auf einem BSNL-Router zu erstellen, melden Sie sich an der Admin-Oberfl\u00e4che an und finden Sie die Gastnetzwerkeinstellung unter den drahtlosen Einstellungen. Folgen Sie den Schritten, um eine separate SSID und ein Passwort f\u00fcr den Gastzugang festzulegen.<\/p>\n<\/div>\n<\/div>\n<\/div>\n<\/div>\n<div class=\"panel\" itemprop=\"mainEntity\" itemscope=\"\" itemtype=\"https:\/\/schema.org\/Question\">\n<div class=\"toggle-link\">\n<h3 class=\"panel-title\" itemprop=\"name\">\n            Kann ich den Kanal auf meinem BSNL-Router \u00e4ndern, um die Wi-Fi-Konnektivit\u00e4t zu verbessern?<\/h3>\n<\/div>\n<div class=\"panel-collapse\">\n<div class=\"panel-body\" itemprop=\"acceptedAnswer\" itemscope=\"\" itemtype=\"https:\/\/schema.org\/Answer\">\n<div itemprop=\"text\">\n<p>Ja, indem Sie sich in die Admin-Oberfl\u00e4che Ihres BSNL-Routers einloggen, k\u00f6nnen Sie den Wi-Fi-Kanal unter den WLAN- oder drahtlosen Einstellungen \u00e4ndern, um die Wi-Fi-Leistung zu verbessern.<\/p>\n<\/div>\n<\/div>\n<\/div>\n<\/div>\n<div class=\"panel\" itemprop=\"mainEntity\" itemscope=\"\" itemtype=\"https:\/\/schema.org\/Question\">\n<div class=\"toggle-link\">\n<h3 class=\"panel-title\" itemprop=\"name\">\n            Was soll ich tun, wenn ich das Admin-Passwort meines BSNL-Routers vergessen habe?<\/h3>\n<\/div>\n<div class=\"panel-collapse\">\n<div class=\"panel-body\" itemprop=\"acceptedAnswer\" itemscope=\"\" itemtype=\"https:\/\/schema.org\/Answer\">\n<div itemprop=\"text\">\n<p>Wenn Sie das Admin-Passwort Ihres BSNL-Routers vergessen haben, ist der beste Weg, um den Zugriff auf die Einstellungen Ihres Routers wiederherzustellen, das Zur\u00fccksetzen des Routers auf seine Werkseinstellungen.<\/p>\n<\/div>\n<\/div>\n<\/div>\n<\/div>\n<div class=\"panel\" itemprop=\"mainEntity\" itemscope=\"\" itemtype=\"https:\/\/schema.org\/Question\">\n<div class=\"toggle-link\">\n<h3 class=\"panel-title\" itemprop=\"name\">\n            Wie kann ich mein BSNL-Wi-Fi-Netzwerk sichern?<\/h3>\n<\/div>\n<div class=\"panel-collapse\">\n<div class=\"panel-body\" itemprop=\"acceptedAnswer\" itemscope=\"\" itemtype=\"https:\/\/schema.org\/Answer\">\n<div itemprop=\"text\">\n<p>Sie k\u00f6nnen Ihr BSNL-Wi-Fi-Netzwerk sichern, indem Sie die Standard-Admin-Anmeldeinformationen \u00e4ndern, ein starkes Wi-Fi-Passwort einstellen und die WPA2- oder WPA3-Verschl\u00fcsselung in den Einstellungen der Router-Admin-Oberfl\u00e4che aktivieren.<\/p>\n<\/div>\n<\/div>\n<\/div>\n<\/div>\n<div class=\"panel\" itemprop=\"mainEntity\" itemscope=\"\" itemtype=\"https:\/\/schema.org\/Question\">\n<div class=\"toggle-link\">\n<h3 class=\"panel-title\" itemprop=\"name\">\n            Warum kann ich die Login-Seite des BSNL-Routers nicht erreichen?<\/h3>\n<\/div>\n<div class=\"panel-collapse\">\n<div class=\"panel-body\" itemprop=\"acceptedAnswer\" itemscope=\"\" itemtype=\"https:\/\/schema.org\/Answer\">\n<div itemprop=\"text\">\n<p>Wenn Sie die Login-Seite des BSNL-Routers nicht erreichen k\u00f6nnen, k\u00f6nnte dies auf ein Netzwerkproblem, eine falsche IP-Adresse oder ein Problem mit Ihrem Browser zur\u00fcckzuf\u00fchren sein. Stellen Sie sicher, dass Ihr Ger\u00e4t mit dem BSNL-Netzwerk verbunden ist und versuchen Sie, ein anderes Ger\u00e4t oder einen anderen Browser zu verwenden.<\/p>\n<\/div>\n<\/div>\n<\/div>\n<\/div>\n<div class=\"panel\" itemprop=\"mainEntity\" itemscope=\"\" itemtype=\"https:\/\/schema.org\/Question\">\n<div class=\"toggle-link\">\n<h3 class=\"panel-title\" itemprop=\"name\">\n            Wie kann ich die Ger\u00e4te \u00fcberwachen, die mit meinem BSNL-Router verbunden sind?<\/h3>\n<\/div>\n<div class=\"panel-collapse\">\n<div class=\"panel-body\" itemprop=\"acceptedAnswer\" itemscope=\"\" itemtype=\"https:\/\/schema.org\/Answer\">\n<div itemprop=\"text\">\n<p>Sie k\u00f6nnen Ger\u00e4te \u00fcberwachen, die mit dem BSNL-Router verbunden sind, indem Sie sich in die Admin-Oberfl\u00e4che einloggen. Suchen Sie nach der Option, die die Anzahl der verbundenen Ger\u00e4te zusammen mit Details wie ihren IP-Adressen, MAC-Adressen und Verbindungsstatus anzeigt.<\/p>\n<\/div>\n<\/div>\n<\/div>\n<\/div>\n<div class=\"panel\" itemprop=\"mainEntity\" itemscope=\"\" itemtype=\"https:\/\/schema.org\/Question\">\n<div class=\"toggle-link\">\n<h3 class=\"panel-title\" itemprop=\"name\">\n            Wie kann ich ein Ger\u00e4t daran hindern, auf meinen BSNL-Router zuzugreifen?<\/h3>\n<\/div>\n<div class=\"panel-collapse\">\n<div class=\"panel-body\" itemprop=\"acceptedAnswer\" itemscope=\"\" itemtype=\"https:\/\/schema.org\/Answer\">\n<div itemprop=\"text\">\n<p>Sie k\u00f6nnen ein Ger\u00e4t daran hindern, auf Ihr BSNL-Wi-Fi zuzugreifen, indem Sie die MAC-Filteroption in den Admin-Einstellungen des Routers verwenden. F\u00fcgen Sie die MAC-Adresse des betroffenen Ger\u00e4ts zur schwarzen Liste hinzu.<\/p>\n<\/div>\n<\/div>\n<\/div>\n<\/div>\n<div class=\"panel\" itemprop=\"mainEntity\" itemscope=\"\" itemtype=\"https:\/\/schema.org\/Question\">\n<div class=\"toggle-link\">\n<h3 class=\"panel-title\" itemprop=\"name\">\n            Kann ich einen Zeitplan festlegen, um Wi-Fi auf einem BSNL-Router automatisch ein- und auszuschalten?<\/h3>\n<\/div>\n<div class=\"panel-collapse\">\n<div class=\"panel-body\" itemprop=\"acceptedAnswer\" itemscope=\"\" itemtype=\"https:\/\/schema.org\/Answer\">\n<div itemprop=\"text\">\n<p>Ja, einige BSNL-Router bieten eine Wi-Fi-Zeitplanfunktion. Durch den Zugriff auf die Admin-Oberfl\u00e4che des Routers k\u00f6nnen Sie einen Zeitplan festlegen, um Ihre Wi-Fi-Verbindung automatisch zu aktivieren oder zu deaktivieren.<\/p>\n<\/div>\n<\/div>\n<\/div>\n<\/div>\n<div class=\"panel\" itemprop=\"mainEntity\" itemscope=\"\" itemtype=\"https:\/\/schema.org\/Question\">\n<div class=\"toggle-link\">\n<h3 class=\"panel-title\" itemprop=\"name\">\n            Wo finde ich die Standard-IP-Adresse, den Benutzernamen und das Passwort f\u00fcr meinen BSNL-Router?<\/h3>\n<\/div>\n<div class=\"panel-collapse\">\n<div class=\"panel-body\" itemprop=\"acceptedAnswer\" itemscope=\"\" itemtype=\"https:\/\/schema.org\/Answer\">\n<div itemprop=\"text\">\n<p>Die Standard-IP-Adresse, den Benutzernamen und das Passwort f\u00fcr Ihren BSNL-Router finden Sie in der Regel auf einem Aufkleber auf der R\u00fcckseite oder Unterseite Ihres Routers.<\/p>\n<\/div>\n<\/div>\n<\/div>\n<\/div>\n<div class=\"panel\" itemprop=\"mainEntity\" itemscope=\"\" itemtype=\"https:\/\/schema.org\/Question\">\n<div class=\"toggle-link\">\n<h3 class=\"panel-title\" itemprop=\"name\">\n            Wie kann ich mein BSNL-Wi-Fi-Netzwerk beschleunigen?<\/h3>\n<\/div>\n<div class=\"panel-collapse\">\n<div class=\"panel-body\" itemprop=\"acceptedAnswer\" itemscope=\"\" itemtype=\"https:\/\/schema.org\/Answer\">\n<div itemprop=\"text\">\n<p>Sie k\u00f6nnen Ihr BSNL-Wi-Fi-Netzwerk beschleunigen, indem Sie den Wi-Fi-Kanal \u00e4ndern, den Router an einer zentralen Stelle platzieren, die Firmware des Routers aktualisieren oder die Bandbreite f\u00fcr bestimmte Ger\u00e4te begrenzen.<\/p>\n<\/div>\n<\/div>\n<\/div>\n<\/div>\n<div class=\"panel\" itemprop=\"mainEntity\" itemscope=\"\" itemtype=\"https:\/\/schema.org\/Question\">\n<div class=\"toggle-link\">\n<h3 class=\"panel-title\" itemprop=\"name\">\n            Kann ich einen VPN mit meinem BSNL-Router verwenden?<\/h3>\n<\/div>\n<div class=\"panel-collapse\">\n<div class=\"panel-body\" itemprop=\"acceptedAnswer\" itemscope=\"\" itemtype=\"https:\/\/schema.org\/Answer\">\n<div itemprop=\"text\">\n<p>Ja, ein VPN kann mit einem BSNL-Router verwendet werden. Einige Router haben eingebaute VPN-Funktionen, w\u00e4hrend andere m\u00f6glicherweise VPN-Konfigurationseinstellungen ben\u00f6tigen. Es ist am besten, das Handbuch Ihres Routers oder den VPN-Dienstanbieter um Einrichtungsanweisungen zu konsultieren.<\/p>\n<\/div>\n<\/div>\n<\/div>\n<\/div>\n<\/section>\n<\/article>\n","protected":false},"excerpt":{"rendered":"<p>Leitfaden zur Anmeldung an Ihrem BSNL Router und zur \u00c4nderung der Wi-Fi-Einstellungen erkl\u00e4rt &#128295;&#9881;&#65039;&#128187; Die Admin-Seite Ihres BSNL Routers ist Ihr Zugang zu den tiefsten Einstellungen Ihres Heimnetzwerks, einschlie\u00dflich \u00c4nderungen des Wi-Fi-Passworts, \u00c4nderungen des Netzwerknamens (SSID) und den Standardkonfigurationen Ihres Routers oder Modems. Wir zeigen Ihnen, wie Sie auf diesen wichtigen Aspekt der Internetverbindung zugreifen [&hellip;]<\/p>\n","protected":false},"author":2,"featured_media":15,"parent":0,"menu_order":0,"comment_status":"closed","ping_status":"closed","template":"chromecast.php","meta":{"_stopmodifiedupdate":false,"_modified_date":"","_lmt_disableupdate":"yes","_lmt_disable":""},"yoast_head":"<!-- This site is optimized with the Yoast SEO plugin v20.9 - https:\/\/yoast.com\/wordpress\/plugins\/seo\/ -->\n<title>BSNL Router Anmeldung. Aktualisiert im Jahr 2026<\/title>\n<meta name=\"robots\" content=\"index, follow, max-snippet:-1, max-image-preview:large, max-video-preview:-1\" \/>\n<link rel=\"canonical\" href=\"https:\/\/www.ping.fm\/ip\/de\/bsnl-router-anmeldung\/\" \/>\n<meta property=\"og:locale\" content=\"en_US\" \/>\n<meta property=\"og:type\" content=\"article\" \/>\n<meta property=\"og:title\" content=\"BSNL Router Anmeldung. Aktualisiert im Jahr 2026\" \/>\n<meta property=\"og:description\" content=\"Leitfaden zur Anmeldung an Ihrem BSNL Router und zur \u00c4nderung der Wi-Fi-Einstellungen erkl\u00e4rt &#128295;&#9881;&#65039;&#128187; Die Admin-Seite Ihres BSNL Routers ist Ihr Zugang zu den tiefsten Einstellungen Ihres Heimnetzwerks, einschlie\u00dflich \u00c4nderungen des Wi-Fi-Passworts, \u00c4nderungen des Netzwerknamens (SSID) und den Standardkonfigurationen Ihres Routers oder Modems. Wir zeigen Ihnen, wie Sie auf diesen wichtigen Aspekt der Internetverbindung zugreifen [&hellip;]\" \/>\n<meta property=\"og:url\" content=\"https:\/\/www.ping.fm\/ip\/de\/bsnl-router-anmeldung\/\" \/>\n<meta property=\"og:site_name\" content=\"IP\" \/>\n<meta property=\"article:modified_time\" content=\"2023-10-19T16:10:11+00:00\" \/>\n<meta property=\"og:image\" content=\"https:\/\/www.ping.fm\/ip\/wp-content\/uploads\/2023\/07\/wifi.jpg\" \/>\n\t<meta property=\"og:image:width\" content=\"1992\" \/>\n\t<meta property=\"og:image:height\" content=\"1852\" \/>\n\t<meta property=\"og:image:type\" content=\"image\/jpeg\" \/>\n<meta name=\"twitter:card\" content=\"summary_large_image\" \/>\n<meta name=\"twitter:label1\" content=\"Est. reading time\" \/>\n\t<meta name=\"twitter:data1\" content=\"7 minutes\" \/>\n<script type=\"application\/ld+json\" class=\"yoast-schema-graph\">{\"@context\":\"https:\/\/schema.org\",\"@graph\":[{\"@type\":\"WebPage\",\"@id\":\"https:\/\/www.ping.fm\/ip\/de\/bsnl-router-anmeldung\/\",\"url\":\"https:\/\/www.ping.fm\/ip\/de\/bsnl-router-anmeldung\/\",\"name\":\"BSNL Router Anmeldung. Aktualisiert im Jahr 2026\",\"isPartOf\":{\"@id\":\"https:\/\/www.ping.fm\/ip\/#website\"},\"datePublished\":\"2023-10-19T16:08:47+00:00\",\"dateModified\":\"2023-10-19T16:10:11+00:00\",\"breadcrumb\":{\"@id\":\"https:\/\/www.ping.fm\/ip\/de\/bsnl-router-anmeldung\/#breadcrumb\"},\"inLanguage\":\"en-US\",\"potentialAction\":[{\"@type\":\"ReadAction\",\"target\":[\"https:\/\/www.ping.fm\/ip\/de\/bsnl-router-anmeldung\/\"]}]},{\"@type\":\"BreadcrumbList\",\"@id\":\"https:\/\/www.ping.fm\/ip\/de\/bsnl-router-anmeldung\/#breadcrumb\",\"itemListElement\":[{\"@type\":\"ListItem\",\"position\":1,\"name\":\"Home\",\"item\":\"https:\/\/www.ping.fm\/ip\/\"},{\"@type\":\"ListItem\",\"position\":2,\"name\":\"BSNL Router Anmeldung\"}]},{\"@type\":\"WebSite\",\"@id\":\"https:\/\/www.ping.fm\/ip\/#website\",\"url\":\"https:\/\/www.ping.fm\/ip\/\",\"name\":\"IP\",\"description\":\"\",\"potentialAction\":[{\"@type\":\"SearchAction\",\"target\":{\"@type\":\"EntryPoint\",\"urlTemplate\":\"https:\/\/www.ping.fm\/ip\/?s={search_term_string}\"},\"query-input\":\"required name=search_term_string\"}],\"inLanguage\":\"en-US\"}]}<\/script>\n<!-- \/ Yoast SEO plugin. -->","yoast_head_json":{"title":"BSNL Router Anmeldung. Aktualisiert im Jahr 2026","robots":{"index":"index","follow":"follow","max-snippet":"max-snippet:-1","max-image-preview":"max-image-preview:large","max-video-preview":"max-video-preview:-1"},"canonical":"https:\/\/www.ping.fm\/ip\/de\/bsnl-router-anmeldung\/","og_locale":"en_US","og_type":"article","og_title":"BSNL Router Anmeldung. Aktualisiert im Jahr 2026","og_description":"Leitfaden zur Anmeldung an Ihrem BSNL Router und zur \u00c4nderung der Wi-Fi-Einstellungen erkl\u00e4rt &#128295;&#9881;&#65039;&#128187; Die Admin-Seite Ihres BSNL Routers ist Ihr Zugang zu den tiefsten Einstellungen Ihres Heimnetzwerks, einschlie\u00dflich \u00c4nderungen des Wi-Fi-Passworts, \u00c4nderungen des Netzwerknamens (SSID) und den Standardkonfigurationen Ihres Routers oder Modems. Wir zeigen Ihnen, wie Sie auf diesen wichtigen Aspekt der Internetverbindung zugreifen [&hellip;]","og_url":"https:\/\/www.ping.fm\/ip\/de\/bsnl-router-anmeldung\/","og_site_name":"IP","article_modified_time":"2023-10-19T16:10:11+00:00","og_image":[{"width":1992,"height":1852,"url":"https:\/\/www.ping.fm\/ip\/wp-content\/uploads\/2023\/07\/wifi.jpg","type":"image\/jpeg"}],"twitter_card":"summary_large_image","twitter_misc":{"Est. reading time":"7 minutes"},"schema":{"@context":"https:\/\/schema.org","@graph":[{"@type":"WebPage","@id":"https:\/\/www.ping.fm\/ip\/de\/bsnl-router-anmeldung\/","url":"https:\/\/www.ping.fm\/ip\/de\/bsnl-router-anmeldung\/","name":"BSNL Router Anmeldung. Aktualisiert im Jahr 2026","isPartOf":{"@id":"https:\/\/www.ping.fm\/ip\/#website"},"datePublished":"2023-10-19T16:08:47+00:00","dateModified":"2023-10-19T16:10:11+00:00","breadcrumb":{"@id":"https:\/\/www.ping.fm\/ip\/de\/bsnl-router-anmeldung\/#breadcrumb"},"inLanguage":"en-US","potentialAction":[{"@type":"ReadAction","target":["https:\/\/www.ping.fm\/ip\/de\/bsnl-router-anmeldung\/"]}]},{"@type":"BreadcrumbList","@id":"https:\/\/www.ping.fm\/ip\/de\/bsnl-router-anmeldung\/#breadcrumb","itemListElement":[{"@type":"ListItem","position":1,"name":"Home","item":"https:\/\/www.ping.fm\/ip\/"},{"@type":"ListItem","position":2,"name":"BSNL Router Anmeldung"}]},{"@type":"WebSite","@id":"https:\/\/www.ping.fm\/ip\/#website","url":"https:\/\/www.ping.fm\/ip\/","name":"IP","description":"","potentialAction":[{"@type":"SearchAction","target":{"@type":"EntryPoint","urlTemplate":"https:\/\/www.ping.fm\/ip\/?s={search_term_string}"},"query-input":"required name=search_term_string"}],"inLanguage":"en-US"}]}},"_links":{"self":[{"href":"https:\/\/www.ping.fm\/ip\/wp-json\/wp\/v2\/pages\/381"}],"collection":[{"href":"https:\/\/www.ping.fm\/ip\/wp-json\/wp\/v2\/pages"}],"about":[{"href":"https:\/\/www.ping.fm\/ip\/wp-json\/wp\/v2\/types\/page"}],"author":[{"embeddable":true,"href":"https:\/\/www.ping.fm\/ip\/wp-json\/wp\/v2\/users\/2"}],"replies":[{"embeddable":true,"href":"https:\/\/www.ping.fm\/ip\/wp-json\/wp\/v2\/comments?post=381"}],"version-history":[{"count":3,"href":"https:\/\/www.ping.fm\/ip\/wp-json\/wp\/v2\/pages\/381\/revisions"}],"predecessor-version":[{"id":543,"href":"https:\/\/www.ping.fm\/ip\/wp-json\/wp\/v2\/pages\/381\/revisions\/543"}],"wp:featuredmedia":[{"embeddable":true,"href":"https:\/\/www.ping.fm\/ip\/wp-json\/wp\/v2\/media\/15"}],"wp:attachment":[{"href":"https:\/\/www.ping.fm\/ip\/wp-json\/wp\/v2\/media?parent=381"}],"curies":[{"name":"wp","href":"https:\/\/api.w.org\/{rel}","templated":true}]}}