{"id":379,"date":"2023-10-19T16:07:41","date_gmt":"2023-10-19T16:07:41","guid":{"rendered":"https:\/\/www.ping.fm\/ip\/?page_id=379"},"modified":"2023-10-19T16:07:41","modified_gmt":"2023-10-19T16:07:41","slug":"10-1-1-1-ip","status":"publish","type":"page","link":"https:\/\/www.ping.fm\/ip\/de\/10-1-1-1-ip\/","title":{"rendered":"10.1.1.1"},"content":{"rendered":"<article>\n<section>\n<h1>Meisterung der WLAN-Einstellungen: Anmeldung bei &#49;&#48;.&#49;.&#49;.&#49; &#128526;<\/h1>\n<div class=\"inbrief\">\n<div>\n                                <img src=\"\/ip\/wp-content\/uploads\/generated\/10.1.1.1.jpg\" alt=\"10.1.1.1\" title=\"10.1.1.1\" width=\"1280\" height=\"720\"><\/p>\n<p>Sie haben genug von dem langweiligen WLAN-Netzwerknamen? Vergessen Sie so etwas Gew\u00f6hnliches wie &#8216;Awesome Wifi&#8217; oder &#8216;Nicht f\u00fcr die \u00f6ffentliche Nutzung&#8217;. Wie w\u00e4re es mit etwas Flair, um Ihre digitale Pr\u00e4senz aufzupeppen? Lernen Sie, wie man die private IP-Adresse <b>&#49;&#48;.&#49;.&#49;.&#49;<\/b> nutzt, um die WLAN-Einstellungen wie ein Profi zu \u00e4ndern &#128516;. Auf <a href='http:\/\/&#49;&#48;.&#49;.&#49;.&#49;\/'>http:\/\/&#49;&#48;.&#49;.&#49;.&#49;\/<\/a>, \u00e4ndern Sie den Netzwerknamen Ihres Routers oder die SSID, passen Sie die Passw\u00f6rter an (Bitte verwenden Sie nicht &#8216;Passwort&#49;&#50;&#51;&#52;&#8217; &#128530;) und \u00e4ndern Sie andere Standardeinstellungen. F\u00fcr die Neulinge hier, keine Sorge, sogar ein &#53;-J\u00e4hriger kann dies mit etwas Anleitung tun. Also bleiben Sie dran. Lassen Sie uns loslegen!! &#127946;&#8205;&#9794;&#65039;<\/p>\n<\/div>\n<\/div>\n<\/section>\n<section>\n<div>\n<div>1<\/div>\n<h2>Anmeldung bei 10.1.1.1 wie ein Profi<\/h2>\n<\/div>\n<p>Um zu beginnen, \u00f6ffnen Sie Ihren beliebten Browser (Chrome, Safari, Firefox, Edge; wir urteilen nicht \ud83d\ude09). Geben Sie die magische Nummer <b>10.1.1.1<\/b> in die Adressleiste ein und dr\u00fccken Sie die Eingabetaste \ud83d\udca5. Wenn Sie eine Dialogbox sehen, melden Sie sich mit dem Standard-Benutzernamen und Passwort \ud83d\udd75\ufe0f an. Herzlichen Gl\u00fcckwunsch! Sie befinden sich jetzt im Router-Interface-Dashboard \ud83e\udd73.<\/p>\n<p><b>Hinweis:<\/b> Auf der R\u00fcckseite (oder Seite) Ihres Routers\/Ger\u00e4ts befindet sich normalerweise ein Etikett mit dem Standard-Benutzernamen und Passwort. Beachten Sie die Tabelle mit den Standard-Anmeldeinformationen f\u00fcr verschiedene Marken.\ud83d\udc47<\/p>\n<table>\n<tr>\n<th>Markenname<\/th>\n<th>Benutzername<\/th>\n<th>Passwort<\/th>\n<\/tr>\n<tr>\n<td>iiNet<\/td>\n<td>admin<\/td>\n<td>admin<\/td>\n<\/tr>\n<tr>\n<td>Optus<\/td>\n<td>admin<\/td>\n<td>password<\/td>\n<\/tr>\n<tr>\n<td>D-Link<\/td>\n<td>admin<\/td>\n<td>admin<\/td>\n<\/tr>\n<tr>\n<td>Belkin<\/td>\n<td>admin<\/td>\n<td>admin<\/td>\n<\/tr>\n<\/table>\n<\/section>\n<section>\n<div>\n<div>2<\/div>\n<h2>Oh Nein! Ich kann mich nicht anmelden \ud83d\ude31<\/h2>\n<\/div>\n<p>Wenn die Technikg\u00f6tter Ihnen heute nicht wohlgesonnen sind, \u00fcberpr\u00fcfen Sie, ob Sie mit dem WLAN-Netzwerk verbunden sind \ud83e\udd14. Stellen Sie sicher, dass Sie tats\u00e4chlich die richtige Router-IP-Adresse verwenden. Jedes Ger\u00e4t &#038; Modell hat eine andere. Sehen Sie sich einige Standard-IP-Adressen und Passwortlisten im Web an \ud83d\udca1. <\/p>\n<p>\ud83d\udea8Haben Sie Ihren Benutzernamen oder Ihr Passwort vergessen? Sie haben Gl\u00fcck! \ud83c\udf40 F\u00fchren Sie einen guten alten Werksreset durch. <b>Vorsicht:<\/b> Dadurch werden alle manuellen Konfigurationen gel\u00f6scht und die Einrichtung beginnt von vorne. Um dies zu tun, halten Sie auf der Unterseite Ihres Routers die kleine &#8216;Reset&#8217;-Taste f\u00fcr 10-15 Sekunden gedr\u00fcckt, bis die LED-Lampen zu blinken beginnen \ud83c\udf86.<\/p>\n<\/section>\n<section>\n<h2>Schlussfolgerung: \ud83c\udfc1<\/h2>\n<div class=\"nonp\">\n<p>So Leute, Sie haben die Macht erlangt! Jetzt ist es an der Zeit, den neuen Netzwerknamen zu pr\u00e4sentieren und alle beim Suchen von WLAN-Netzwerken stutzen zu lassen &#128541; Vergessen Sie nicht, die &#49;&#48;.&#49;.&#49;.&#49; private IP-Adresse ist Ihr goldenes Ticket, um die Routereinstellungen wie ein Chef zu konfigurieren &#128081;. Spielen Sie mit Ihrem neu erworbenen Wissen herum, sehen Sie, was passt und bleiben Sie fantastisch! &#128588;<\/p>\n<\/div>\n<\/section>\n<section itemscope=\"\" itemtype=\"https:\/\/schema.org\/FAQPage\">\n<div class=\"panel\" itemprop=\"mainEntity\" itemscope=\"\" itemtype=\"https:\/\/schema.org\/Question\">\n<div class=\"toggle-link\">\n<h3 class=\"panel-title\" itemprop=\"name\">\n            Was ist die Vorgehensweise zum Einloggen in das 10.1.1.1 Gateway?<\/h3>\n<\/div>\n<div class=\"panel-collapse\">\n<div class=\"panel-body\" itemprop=\"acceptedAnswer\" itemscope=\"\" itemtype=\"https:\/\/schema.org\/Answer\">\n<div itemprop=\"text\">\n<p>Um auf das 10.1.1.1 Gateway zuzugreifen, m\u00fcssen Sie Ihren Webbrowser \u00f6ffnen und 10.1.1.1 in die Adressleiste eingeben. Geben Sie den Standard-Benutzernamen und das Passwort ein, die auf dem Etikett Ihres Modems oder Routers angegeben sind, und klicken Sie dann auf &#8216;Anmelden&#8217;.<\/p>\n<\/div>\n<\/div>\n<\/div>\n<\/div>\n<div class=\"panel\" itemprop=\"mainEntity\" itemscope=\"\" itemtype=\"https:\/\/schema.org\/Question\">\n<div class=\"toggle-link\">\n<h3 class=\"panel-title\" itemprop=\"name\">\n            Gibt es eindeutige Anmeldedaten f\u00fcr verschiedene Marken zum Einloggen in die 10.1.1.1 Schnittstelle?<\/h3>\n<\/div>\n<div class=\"panel-collapse\">\n<div class=\"panel-body\" itemprop=\"acceptedAnswer\" itemscope=\"\" itemtype=\"https:\/\/schema.org\/Answer\">\n<div itemprop=\"text\">\n<p>Ja, verschiedene Marken wie iiNet, Optus, D-Link und Belkin haben alle einzigartige Standard-Benutzernamen und Passw\u00f6rter. Sie k\u00f6nnen die Liste der <a href=http:\/\/10.1.1.1\/>Standard-IP-Adressen und Passw\u00f6rter<\/a> \u00fcberpr\u00fcfen, um Ihre Anmeldedaten zu best\u00e4tigen. Denken Sie immer daran, Ihr Passwort aus Sicherheitsgr\u00fcnden vom Standard zu \u00e4ndern.<\/p>\n<\/div>\n<\/div>\n<\/div>\n<\/div>\n<div class=\"panel\" itemprop=\"mainEntity\" itemscope=\"\" itemtype=\"https:\/\/schema.org\/Question\">\n<div class=\"toggle-link\">\n<h3 class=\"panel-title\" itemprop=\"name\">\n            Was soll ich tun, wenn ich nicht auf die IP-Adresse 10.1.1.1 zugreifen kann?<\/h3>\n<\/div>\n<div class=\"panel-collapse\">\n<div class=\"panel-body\" itemprop=\"acceptedAnswer\" itemscope=\"\" itemtype=\"https:\/\/schema.org\/Answer\">\n<div itemprop=\"text\">\n<p>Wenn Sie nicht auf die IP-Adresse 10.1.1.1 zugreifen k\u00f6nnen, ist es wichtig sicherzustellen, dass Sie mit Ihrem Wi-Fi-Netzwerk verbunden sind, bevor Sie versuchen, auf das Router-Gateway zuzugreifen. Wenn Sie immer noch nicht einloggen k\u00f6nnen, kann es sein, dass Ihr Router oder Modem eine andere IP-Adresse hat. \u00dcberpr\u00fcfen Sie die Liste der <a href=http:\/\/10.1.1.1\/>Standard-IP-Adressen und Passw\u00f6rter<\/a> zur Best\u00e4tigung.<\/p>\n<\/div>\n<\/div>\n<\/div>\n<\/div>\n<div class=\"panel\" itemprop=\"mainEntity\" itemscope=\"\" itemtype=\"https:\/\/schema.org\/Question\">\n<div class=\"toggle-link\">\n<h3 class=\"panel-title\" itemprop=\"name\">\n            Wie kann ich meinen Router zur\u00fccksetzen, wenn ich den Benutzernamen oder das Passwort vergessen habe?<\/h3>\n<\/div>\n<div class=\"panel-collapse\">\n<div class=\"panel-body\" itemprop=\"acceptedAnswer\" itemscope=\"\" itemtype=\"https:\/\/schema.org\/Answer\">\n<div itemprop=\"text\">\n<p>Wenn Sie Ihren Benutzernamen oder Ihr Passwort vergessen haben, k\u00f6nnen Sie einen Werksreset an Ihrem Router durchf\u00fchren. Dr\u00fccken Sie etwa 10-15 Sekunden lang auf die kleine &#8216;Reset&#8217;-Taste an der Unterseite Ihres Routers, bis die LED-Lichter zu blinken beginnen. Diese Methode l\u00f6scht alle manuellen Konfigurationen, sodass Sie sich mit den Standard-Anmeldedaten einloggen k\u00f6nnen.<\/p>\n<\/div>\n<\/div>\n<\/div>\n<\/div>\n<div class=\"panel\" itemprop=\"mainEntity\" itemscope=\"\" itemtype=\"https:\/\/schema.org\/Question\">\n<div class=\"toggle-link\">\n<h3 class=\"panel-title\" itemprop=\"name\">\n            Kann das 10.1.1.1 Gateway in jedem Webbrowser aufgerufen werden?<\/h3>\n<\/div>\n<div class=\"panel-collapse\">\n<div class=\"panel-body\" itemprop=\"acceptedAnswer\" itemscope=\"\" itemtype=\"https:\/\/schema.org\/Answer\">\n<div itemprop=\"text\">\n<p>Ja, Sie k\u00f6nnen jeden modernen Webbrowser verwenden, um sich in das 10.1.1.1 Gateway einzuloggen. Beispiele sind Google Chrome, Mozilla Firefox und Safari.<\/p>\n<\/div>\n<\/div>\n<\/div>\n<\/div>\n<div class=\"panel\" itemprop=\"mainEntity\" itemscope=\"\" itemtype=\"https:\/\/schema.org\/Question\">\n<div class=\"toggle-link\">\n<h3 class=\"panel-title\" itemprop=\"name\">\n            Muss man mit dem Wi-Fi-Netzwerk verbunden sein, bevor man sich in die Router-Schnittstelle einloggt?<\/h3>\n<\/div>\n<div class=\"panel-collapse\">\n<div class=\"panel-body\" itemprop=\"acceptedAnswer\" itemscope=\"\" itemtype=\"https:\/\/schema.org\/Answer\">\n<div itemprop=\"text\">\n<p>Ja, das ist notwendig. Sie m\u00fcssen mit dem Wi-Fi-Netzwerk, das Sie verwalten m\u00f6chten, verbunden sein, bevor Sie sich in das Router-Gateway einloggen.<\/p>\n<\/div>\n<\/div>\n<\/div>\n<\/div>\n<div class=\"panel\" itemprop=\"mainEntity\" itemscope=\"\" itemtype=\"https:\/\/schema.org\/Question\">\n<div class=\"toggle-link\">\n<h3 class=\"panel-title\" itemprop=\"name\">\n            Was ist die Bedeutung der IP-Adresse 10.1.1.1?<\/h3>\n<\/div>\n<div class=\"panel-collapse\">\n<div class=\"panel-body\" itemprop=\"acceptedAnswer\" itemscope=\"\" itemtype=\"https:\/\/schema.org\/Answer\">\n<div itemprop=\"text\">\n<p>Die IP-Adresse 10.1.1.1 ist eine private IP-Adresse, die speziell zur \u00c4nderung von Wi-Fi-Passw\u00f6rtern, Netzwerknamen (SSID) und anderen Standardeinstellungen f\u00fcr Modem oder Router verwendet wird.<\/p>\n<\/div>\n<\/div>\n<\/div>\n<\/div>\n<div class=\"panel\" itemprop=\"mainEntity\" itemscope=\"\" itemtype=\"https:\/\/schema.org\/Question\">\n<div class=\"toggle-link\">\n<h3 class=\"panel-title\" itemprop=\"name\">\n            Ist es m\u00f6glich, den Standard-Benutzernamen und das Passwort des Routers zu \u00e4ndern?<\/h3>\n<\/div>\n<div class=\"panel-collapse\">\n<div class=\"panel-body\" itemprop=\"acceptedAnswer\" itemscope=\"\" itemtype=\"https:\/\/schema.org\/Answer\">\n<div itemprop=\"text\">\n<p>Ja, es wird dringend empfohlen, den Standard-Benutzernamen und das Passwort Ihres Routers zu \u00e4ndern, um die Netzwerksicherheit zu gew\u00e4hrleisten.<\/p>\n<\/div>\n<\/div>\n<\/div>\n<\/div>\n<div class=\"panel\" itemprop=\"mainEntity\" itemscope=\"\" itemtype=\"https:\/\/schema.org\/Question\">\n<div class=\"toggle-link\">\n<h3 class=\"panel-title\" itemprop=\"name\">\n            Was sind die Schritte zum \u00c4ndern des Wi-Fi-Passworts \u00fcber die Router-Schnittstelle 10.1.1.1?<\/h3>\n<\/div>\n<div class=\"panel-collapse\">\n<div class=\"panel-body\" itemprop=\"acceptedAnswer\" itemscope=\"\" itemtype=\"https:\/\/schema.org\/Answer\">\n<div itemprop=\"text\">\n<p>Nach dem Einloggen in die 10.1.1.1 Schnittstelle m\u00fcssen Sie die &#8216;Wi-Fi&#8217; oder &#8216;Drahtlose&#8217; Einstellungen finden. Dann k\u00f6nnen Sie Ihr Passwort in diesen Einstellungen \u00e4ndern. Denken Sie immer daran, Ihre \u00c4nderungen zu speichern, bevor Sie beenden.<\/p>\n<\/div>\n<\/div>\n<\/div>\n<\/div>\n<div class=\"panel\" itemprop=\"mainEntity\" itemscope=\"\" itemtype=\"https:\/\/schema.org\/Question\">\n<div class=\"toggle-link\">\n<h3 class=\"panel-title\" itemprop=\"name\">\n            Ist der Standard-Benutzername und das Passwort f\u00fcr jede Router-Marke gleich?<\/h3>\n<\/div>\n<div class=\"panel-collapse\">\n<div class=\"panel-body\" itemprop=\"acceptedAnswer\" itemscope=\"\" itemtype=\"https:\/\/schema.org\/Answer\">\n<div itemprop=\"text\">\n<p>Nein, verschiedene Router-Marken haben einzigartige Standard-Benutzernamen und Passw\u00f6rter. Es wird empfohlen, das Etikett Ihres Routers oder die Liste der <a href=http:\/\/10.1.1.1\/>Standard-IP-Adressen und Passw\u00f6rter<\/a> zur \u00dcberpr\u00fcfung heranzuziehen.<\/p>\n<\/div>\n<\/div>\n<\/div>\n<\/div>\n<div class=\"panel\" itemprop=\"mainEntity\" itemscope=\"\" itemtype=\"https:\/\/schema.org\/Question\">\n<div class=\"toggle-link\">\n<h3 class=\"panel-title\" itemprop=\"name\">\n            Wo finde ich die richtige IP-Adresse f\u00fcr meinen Router oder mein Modem?<\/h3>\n<\/div>\n<div class=\"panel-collapse\">\n<div class=\"panel-body\" itemprop=\"acceptedAnswer\" itemscope=\"\" itemtype=\"https:\/\/schema.org\/Answer\">\n<div itemprop=\"text\">\n<p>Die richtige IP-Adresse f\u00fcr Ihren Router oder Ihr Modem befindet sich in der Regel auf einem am Ger\u00e4t angebrachten Etikett. Wenn es nicht aufgef\u00fchrt ist, k\u00f6nnen Sie sich auf die Liste der <a href=http:\/\/10.1.1.1\/>Standard-IP-Adressen und Passw\u00f6rter<\/a> beziehen.<\/p>\n<\/div>\n<\/div>\n<\/div>\n<\/div>\n<div class=\"panel\" itemprop=\"mainEntity\" itemscope=\"\" itemtype=\"https:\/\/schema.org\/Question\">\n<div class=\"toggle-link\">\n<h3 class=\"panel-title\" itemprop=\"name\">\n            Wie lange dauert es, einen Router auf die Werkseinstellungen zur\u00fcckzusetzen?<\/h3>\n<\/div>\n<div class=\"panel-collapse\">\n<div class=\"panel-body\" itemprop=\"acceptedAnswer\" itemscope=\"\" itemtype=\"https:\/\/schema.org\/Answer\">\n<div itemprop=\"text\">\n<p>Um einen Werksreset durchzuf\u00fchren, dr\u00fccken Sie einfach etwa 10-15 Sekunden lang auf die Reset-Taste des Ger\u00e4ts. Die Zeit, die das Ger\u00e4t zum Neustart und zur erneuten Verwendung ben\u00f6tigt, kann jedoch variieren.<\/p>\n<\/div>\n<\/div>\n<\/div>\n<\/div>\n<div class=\"panel\" itemprop=\"mainEntity\" itemscope=\"\" itemtype=\"https:\/\/schema.org\/Question\">\n<div class=\"toggle-link\">\n<h3 class=\"panel-title\" itemprop=\"name\">\n            Welche Informationen kann ich \u00fcber die 10.1.1.1 Router-Schnittstelle aufrufen?<\/h3>\n<\/div>\n<div class=\"panel-collapse\">\n<div class=\"panel-body\" itemprop=\"acceptedAnswer\" itemscope=\"\" itemtype=\"https:\/\/schema.org\/Answer\">\n<div itemprop=\"text\">\n<p>\u00dcber die 10.1.1.1 Schnittstelle k\u00f6nnen Sie Wi-Fi-Passw\u00f6rter, Netzwerknamen (SSID) und andere Standardeinstellungen des Routers oder Modems verwalten und \u00e4ndern.<\/p>\n<\/div>\n<\/div>\n<\/div>\n<\/div>\n<div class=\"panel\" itemprop=\"mainEntity\" itemscope=\"\" itemtype=\"https:\/\/schema.org\/Question\">\n<div class=\"toggle-link\">\n<h3 class=\"panel-title\" itemprop=\"name\">\n            Gibt es einen bestimmten Ort f\u00fcr die Reset-Taste des Routers?<\/h3>\n<\/div>\n<div class=\"panel-collapse\">\n<div class=\"panel-body\" itemprop=\"acceptedAnswer\" itemscope=\"\" itemtype=\"https:\/\/schema.org\/Answer\">\n<div itemprop=\"text\">\n<p>Normalerweise befindet sich die Reset-Taste auf der R\u00fcckseite oder Unterseite des Routers oder Modems. Es handelt sich oft um eine kleine, versenkte Taste, die mit einer Nadel oder einem \u00e4hnlichen Werkzeug gedr\u00fcckt werden muss.<\/p>\n<\/div>\n<\/div>\n<\/div>\n<\/div>\n<div class=\"panel\" itemprop=\"mainEntity\" itemscope=\"\" itemtype=\"https:\/\/schema.org\/Question\">\n<div class=\"toggle-link\">\n<h3 class=\"panel-title\" itemprop=\"name\">\n            Wenn das Wi-Fi-Passwort \u00fcber die 10.1.1.1 Schnittstelle ge\u00e4ndert wird, wirkt sich dies auf verbundene Ger\u00e4te aus?<\/h3>\n<\/div>\n<div class=\"panel-collapse\">\n<div class=\"panel-body\" itemprop=\"acceptedAnswer\" itemscope=\"\" itemtype=\"https:\/\/schema.org\/Answer\">\n<div itemprop=\"text\">\n<p>Ja, eine \u00c4nderung des Wi-Fi-Passworts f\u00fchrt zur Trennung aller zuvor verbundenen Ger\u00e4te. Diese Ger\u00e4te m\u00fcssen sich mit dem neuen Passwort verbinden, um den Internetzugang zu erhalten.<\/p>\n<\/div>\n<\/div>\n<\/div>\n<\/div>\n<div class=\"panel\" itemprop=\"mainEntity\" itemscope=\"\" itemtype=\"https:\/\/schema.org\/Question\">\n<div class=\"toggle-link\">\n<h3 class=\"panel-title\" itemprop=\"name\">\n            Setzt ein Werksreset die IP-Adresse des Routers zur\u00fcck auf 10.1.1.1?<\/h3>\n<\/div>\n<div class=\"panel-collapse\">\n<div class=\"panel-body\" itemprop=\"acceptedAnswer\" itemscope=\"\" itemtype=\"https:\/\/schema.org\/Answer\">\n<div itemprop=\"text\">\n<p>Nach einem Werksreset wird die IP-Adresse auf die von dem Hersteller zugewiesenen Standardeinstellungen zur\u00fcckgesetzt. Wenn die urspr\u00fcngliche IP-Adresse 10.1.1.1 war, wird sie zu dieser zur\u00fcckgesetzt.<\/p>\n<\/div>\n<\/div>\n<\/div>\n<\/div>\n<div class=\"panel\" itemprop=\"mainEntity\" itemscope=\"\" itemtype=\"https:\/\/schema.org\/Question\">\n<div class=\"toggle-link\">\n<h3 class=\"panel-title\" itemprop=\"name\">\n            Was ist der Zweck des Blinkens der LED-Leuchten w\u00e4hrend eines Werksresets des Routers?<\/h3>\n<\/div>\n<div class=\"panel-collapse\">\n<div class=\"panel-body\" itemprop=\"acceptedAnswer\" itemscope=\"\" itemtype=\"https:\/\/schema.org\/Answer\">\n<div itemprop=\"text\">\n<p>Das Blinken der LED-Leuchten w\u00e4hrend eines Werksresets zeigt an, dass der Reset-Prozess stattfindet. Sobald die Lichter wieder stetig leuchten, ist der Reset-Prozess abgeschlossen.<\/p>\n<\/div>\n<\/div>\n<\/div>\n<\/div>\n<div class=\"panel\" itemprop=\"mainEntity\" itemscope=\"\" itemtype=\"https:\/\/schema.org\/Question\">\n<div class=\"toggle-link\">\n<h3 class=\"panel-title\" itemprop=\"name\">\n            Ist die IP-Adresse 10.1.1.1 die einzige M\u00f6glichkeit, die Standardeinstellungen des Routers zu \u00e4ndern?<\/h3>\n<\/div>\n<div class=\"panel-collapse\">\n<div class=\"panel-body\" itemprop=\"acceptedAnswer\" itemscope=\"\" itemtype=\"https:\/\/schema.org\/Answer\">\n<div itemprop=\"text\">\n<p>Nein, auch andere private IP-Adressen wie 192.168.0.1 oder 192.168.1.1 k\u00f6nnen verwendet werden, um auf die Standardeinstellungen des Routers zuzugreifen und diese zu \u00e4ndern. Die spezifische Adresse h\u00e4ngt von der Marke und dem Modell des Routers ab.<\/p>\n<\/div>\n<\/div>\n<\/div>\n<\/div>\n<div class=\"panel\" itemprop=\"mainEntity\" itemscope=\"\" itemtype=\"https:\/\/schema.org\/Question\">\n<div class=\"toggle-link\">\n<h3 class=\"panel-title\" itemprop=\"name\">\n            Funktioniert die IP-Adresse 10.1.1.1 sowohl f\u00fcr Router als auch f\u00fcr Modems?<\/h3>\n<\/div>\n<div class=\"panel-collapse\">\n<div class=\"panel-body\" itemprop=\"acceptedAnswer\" itemscope=\"\" itemtype=\"https:\/\/schema.org\/Answer\">\n<div itemprop=\"text\">\n<p>Die IP-Adresse 10.1.1.1 kann verwendet werden, um auf die Einstellungen sowohl f\u00fcr Router als auch f\u00fcr Modems zuzugreifen. Die spezifische, verwendete IP-Adresse kann jedoch je nach Ger\u00e4tehersteller variieren.<\/p>\n<\/div>\n<\/div>\n<\/div>\n<\/div>\n<div class=\"panel\" itemprop=\"mainEntity\" itemscope=\"\" itemtype=\"https:\/\/schema.org\/Question\">\n<div class=\"toggle-link\">\n<h3 class=\"panel-title\" itemprop=\"name\">\n            Ist die 10.1.1.1 Schnittstelle benutzerfreundlich f\u00fcr eine technisch unerfahrene Person?<\/h3>\n<\/div>\n<div class=\"panel-collapse\">\n<div class=\"panel-body\" itemprop=\"acceptedAnswer\" itemscope=\"\" itemtype=\"https:\/\/schema.org\/Answer\">\n<div itemprop=\"text\">\n<p>Ja, die 10.1.1.1 Schnittstelle ist so konzipiert, dass sie benutzerfreundlich und intuitiv ist, so dass auch technisch weniger versierte Personen ihre Netzwerkeinstellungen effektiv verwalten k\u00f6nnen.<\/p>\n<\/div>\n<\/div>\n<\/div>\n<\/div>\n<\/section>\n<\/article>\n","protected":false},"excerpt":{"rendered":"<p>Meisterung der WLAN-Einstellungen: Anmeldung bei &#49;&#48;.&#49;.&#49;.&#49; &#128526; Sie haben genug von dem langweiligen WLAN-Netzwerknamen? Vergessen Sie so etwas Gew\u00f6hnliches wie &#8216;Awesome Wifi&#8217; oder &#8216;Nicht f\u00fcr die \u00f6ffentliche Nutzung&#8217;. Wie w\u00e4re es mit etwas Flair, um Ihre digitale Pr\u00e4senz aufzupeppen? Lernen Sie, wie man die private IP-Adresse &#49;&#48;.&#49;.&#49;.&#49; nutzt, um die WLAN-Einstellungen wie ein Profi zu [&hellip;]<\/p>\n","protected":false},"author":2,"featured_media":15,"parent":0,"menu_order":0,"comment_status":"closed","ping_status":"closed","template":"chromecast.php","meta":{"_stopmodifiedupdate":false,"_modified_date":"","_lmt_disableupdate":"yes","_lmt_disable":""},"yoast_head":"<!-- This site is optimized with the Yoast SEO plugin v20.9 - https:\/\/yoast.com\/wordpress\/plugins\/seo\/ -->\n<title>10.1.1.1. Aktualisiert im Jahr 2026<\/title>\n<meta name=\"robots\" content=\"index, follow, max-snippet:-1, max-image-preview:large, max-video-preview:-1\" \/>\n<link rel=\"canonical\" href=\"https:\/\/www.ping.fm\/ip\/de\/10-1-1-1-ip\/\" \/>\n<meta property=\"og:locale\" content=\"en_US\" \/>\n<meta property=\"og:type\" content=\"article\" \/>\n<meta property=\"og:title\" content=\"10.1.1.1. Aktualisiert im Jahr 2026\" \/>\n<meta property=\"og:description\" content=\"Meisterung der WLAN-Einstellungen: Anmeldung bei &#049;&#048;.&#049;.&#049;.&#049; &#128526; Sie haben genug von dem langweiligen WLAN-Netzwerknamen? Vergessen Sie so etwas Gew\u00f6hnliches wie &#8216;Awesome Wifi&#8217; oder &#8216;Nicht f\u00fcr die \u00f6ffentliche Nutzung&#8217;. Wie w\u00e4re es mit etwas Flair, um Ihre digitale Pr\u00e4senz aufzupeppen? Lernen Sie, wie man die private IP-Adresse &#049;&#048;.&#049;.&#049;.&#049; nutzt, um die WLAN-Einstellungen wie ein Profi zu [&hellip;]\" \/>\n<meta property=\"og:url\" content=\"https:\/\/www.ping.fm\/ip\/de\/10-1-1-1-ip\/\" \/>\n<meta property=\"og:site_name\" content=\"IP\" \/>\n<meta property=\"og:image\" content=\"https:\/\/www.ping.fm\/ip\/wp-content\/uploads\/2023\/07\/wifi.jpg\" \/>\n\t<meta property=\"og:image:width\" content=\"1992\" \/>\n\t<meta property=\"og:image:height\" content=\"1852\" \/>\n\t<meta property=\"og:image:type\" content=\"image\/jpeg\" \/>\n<meta name=\"twitter:card\" content=\"summary_large_image\" \/>\n<script type=\"application\/ld+json\" class=\"yoast-schema-graph\">{\"@context\":\"https:\/\/schema.org\",\"@graph\":[{\"@type\":\"WebPage\",\"@id\":\"https:\/\/www.ping.fm\/ip\/de\/10-1-1-1-ip\/\",\"url\":\"https:\/\/www.ping.fm\/ip\/de\/10-1-1-1-ip\/\",\"name\":\"10.1.1.1. Aktualisiert im Jahr 2026\",\"isPartOf\":{\"@id\":\"https:\/\/www.ping.fm\/ip\/#website\"},\"datePublished\":\"2023-10-19T16:07:41+00:00\",\"dateModified\":\"2023-10-19T16:07:41+00:00\",\"breadcrumb\":{\"@id\":\"https:\/\/www.ping.fm\/ip\/de\/10-1-1-1-ip\/#breadcrumb\"},\"inLanguage\":\"en-US\",\"potentialAction\":[{\"@type\":\"ReadAction\",\"target\":[\"https:\/\/www.ping.fm\/ip\/de\/10-1-1-1-ip\/\"]}]},{\"@type\":\"BreadcrumbList\",\"@id\":\"https:\/\/www.ping.fm\/ip\/de\/10-1-1-1-ip\/#breadcrumb\",\"itemListElement\":[{\"@type\":\"ListItem\",\"position\":1,\"name\":\"Home\",\"item\":\"https:\/\/www.ping.fm\/ip\/\"},{\"@type\":\"ListItem\",\"position\":2,\"name\":\"10.1.1.1\"}]},{\"@type\":\"WebSite\",\"@id\":\"https:\/\/www.ping.fm\/ip\/#website\",\"url\":\"https:\/\/www.ping.fm\/ip\/\",\"name\":\"IP\",\"description\":\"\",\"potentialAction\":[{\"@type\":\"SearchAction\",\"target\":{\"@type\":\"EntryPoint\",\"urlTemplate\":\"https:\/\/www.ping.fm\/ip\/?s={search_term_string}\"},\"query-input\":\"required name=search_term_string\"}],\"inLanguage\":\"en-US\"}]}<\/script>\n<!-- \/ Yoast SEO plugin. -->","yoast_head_json":{"title":"10.1.1.1. Aktualisiert im Jahr 2026","robots":{"index":"index","follow":"follow","max-snippet":"max-snippet:-1","max-image-preview":"max-image-preview:large","max-video-preview":"max-video-preview:-1"},"canonical":"https:\/\/www.ping.fm\/ip\/de\/10-1-1-1-ip\/","og_locale":"en_US","og_type":"article","og_title":"10.1.1.1. Aktualisiert im Jahr 2026","og_description":"Meisterung der WLAN-Einstellungen: Anmeldung bei &#49;&#48;.&#49;.&#49;.&#49; &#128526; Sie haben genug von dem langweiligen WLAN-Netzwerknamen? Vergessen Sie so etwas Gew\u00f6hnliches wie &#8216;Awesome Wifi&#8217; oder &#8216;Nicht f\u00fcr die \u00f6ffentliche Nutzung&#8217;. Wie w\u00e4re es mit etwas Flair, um Ihre digitale Pr\u00e4senz aufzupeppen? Lernen Sie, wie man die private IP-Adresse &#49;&#48;.&#49;.&#49;.&#49; nutzt, um die WLAN-Einstellungen wie ein Profi zu [&hellip;]","og_url":"https:\/\/www.ping.fm\/ip\/de\/10-1-1-1-ip\/","og_site_name":"IP","og_image":[{"width":1992,"height":1852,"url":"https:\/\/www.ping.fm\/ip\/wp-content\/uploads\/2023\/07\/wifi.jpg","type":"image\/jpeg"}],"twitter_card":"summary_large_image","schema":{"@context":"https:\/\/schema.org","@graph":[{"@type":"WebPage","@id":"https:\/\/www.ping.fm\/ip\/de\/10-1-1-1-ip\/","url":"https:\/\/www.ping.fm\/ip\/de\/10-1-1-1-ip\/","name":"10.1.1.1. Aktualisiert im Jahr 2026","isPartOf":{"@id":"https:\/\/www.ping.fm\/ip\/#website"},"datePublished":"2023-10-19T16:07:41+00:00","dateModified":"2023-10-19T16:07:41+00:00","breadcrumb":{"@id":"https:\/\/www.ping.fm\/ip\/de\/10-1-1-1-ip\/#breadcrumb"},"inLanguage":"en-US","potentialAction":[{"@type":"ReadAction","target":["https:\/\/www.ping.fm\/ip\/de\/10-1-1-1-ip\/"]}]},{"@type":"BreadcrumbList","@id":"https:\/\/www.ping.fm\/ip\/de\/10-1-1-1-ip\/#breadcrumb","itemListElement":[{"@type":"ListItem","position":1,"name":"Home","item":"https:\/\/www.ping.fm\/ip\/"},{"@type":"ListItem","position":2,"name":"10.1.1.1"}]},{"@type":"WebSite","@id":"https:\/\/www.ping.fm\/ip\/#website","url":"https:\/\/www.ping.fm\/ip\/","name":"IP","description":"","potentialAction":[{"@type":"SearchAction","target":{"@type":"EntryPoint","urlTemplate":"https:\/\/www.ping.fm\/ip\/?s={search_term_string}"},"query-input":"required name=search_term_string"}],"inLanguage":"en-US"}]}},"_links":{"self":[{"href":"https:\/\/www.ping.fm\/ip\/wp-json\/wp\/v2\/pages\/379"}],"collection":[{"href":"https:\/\/www.ping.fm\/ip\/wp-json\/wp\/v2\/pages"}],"about":[{"href":"https:\/\/www.ping.fm\/ip\/wp-json\/wp\/v2\/types\/page"}],"author":[{"embeddable":true,"href":"https:\/\/www.ping.fm\/ip\/wp-json\/wp\/v2\/users\/2"}],"replies":[{"embeddable":true,"href":"https:\/\/www.ping.fm\/ip\/wp-json\/wp\/v2\/comments?post=379"}],"version-history":[{"count":1,"href":"https:\/\/www.ping.fm\/ip\/wp-json\/wp\/v2\/pages\/379\/revisions"}],"predecessor-version":[{"id":380,"href":"https:\/\/www.ping.fm\/ip\/wp-json\/wp\/v2\/pages\/379\/revisions\/380"}],"wp:featuredmedia":[{"embeddable":true,"href":"https:\/\/www.ping.fm\/ip\/wp-json\/wp\/v2\/media\/15"}],"wp:attachment":[{"href":"https:\/\/www.ping.fm\/ip\/wp-json\/wp\/v2\/media?parent=379"}],"curies":[{"name":"wp","href":"https:\/\/api.w.org\/{rel}","templated":true}]}}