{"id":367,"date":"2023-10-19T15:59:34","date_gmt":"2023-10-19T15:59:34","guid":{"rendered":"https:\/\/www.ping.fm\/ip\/?page_id=367"},"modified":"2023-10-19T15:59:34","modified_gmt":"2023-10-19T15:59:34","slug":"vodafone-router-anmeldung","status":"publish","type":"page","link":"https:\/\/www.ping.fm\/ip\/de\/vodafone-router-anmeldung\/","title":{"rendered":"Vodafone Router Anmeldung"},"content":{"rendered":"<article>\n<section>\n<h1>Entdecken Sie die Geheimnisse Ihres Vodafone Router Login: Eine Schritt-f\u00fcr-Schritt Anleitung<\/h1>\n<div class=\"inbrief\">\n<div>\n                                <img src=\"\/ip\/wp-content\/uploads\/generated\/Vodafone-Router-Anmeldung.jpg\" alt=\"Vodafone Router Anmeldung\" title=\"Vodafone Router Anmeldung\" width=\"1280\" height=\"720\"><\/p>\n<p>Willkommen zur\u00fcck, alle zusammen! &#128165; Genau wie Sie es lieben, die Einstellungen Ihres neuesten Spiels vorzunehmen, raten Sie mal? Ihr Vodafone Router hat auch einige Einstellungen, mit denen Sie spielen k\u00f6nnen. &#127918; Und ich spreche nicht nur von irgendwelchen Einstellungen. Wir sprechen hier \u00fcber Ihr Wi-Fi Passwort, Ihren Netzwerknamen und die Standard-Routereinstellungen. &#128526; Lassen Sie uns diese Geheimnisse gemeinsam entschl\u00fcsseln, gehen Sie einfach zu <a href='http:\/\/&#49;&#57;&#50;.&#49;&#54;&#56;.&#49;.&#49;'>http:\/\/&#49;&#57;&#50;.&#49;&#54;&#56;.&#49;.&#49;<\/a> oder <a href='http:\/\/&#49;&#57;&#50;.&#49;&#54;&#56;.&#48;.&#49;'>http:\/\/&#49;&#57;&#50;.&#49;&#54;&#56;.&#48;.&#49;<\/a> um loszulegen!<\/p>\n<\/div>\n<\/div>\n<\/section>\n<section>\n<div>\n<div>1<\/div>\n<h2>Einloggen in Ihren Vodafone Router<\/h2>\n<\/div>\n<p>Zuerst m\u00fcssen wir uns in die Vodafone Router Einstellungen einloggen. \ud83d\udc68\u200d\ud83d\udcbb Also, ziehen Sie Ihre Schuhe aus, \u00f6ffnen Sie ein frisches Browserfenster und geben Sie <a href='http:\/\/192.168.1.1'>192.168.1.1<\/a> oder <a href='http:\/\/192.168.0.1'>192.168.0.1<\/a> in Ihre Adresszeile ein. Geben Sie anschlie\u00dfend Ihren Router-Benutzernamen und das Passwort ein. Klicken Sie auf &#8216;Login&#8217; und \ud83c\udf89 BOOM! \ud83c\udf89 Sie befinden sich jetzt im Herzen Ihrer Vodafone Router Einstellungen. Ich wusste, dass Sie es in sich haben! \ud83c\udfaf<\/p>\n<p>Wenn Ihr Router Sie ignoriert, \ud83d\udc4b keine Sorge, ich habe die L\u00f6sung f\u00fcr Sie. Die Standard IP-Adresse, der Benutzername und das Passwort sollten auf einem Aufkleber auf Ihrem Router gedruckt sein. Lassen Sie uns einige Standardm\u00f6glichkeiten durchgehen:<\/p>\n<ul>\n<li>Benutzername: admin, Passwort: password<\/li>\n<li>Benutzername: <i>(leer)<\/i>, Passwort: vodafone<\/li>\n<li>Benutzername: admin, Passwort: <i>(Auf der R\u00fcckseite gedruckt)<\/i><\/li>\n<li>Benutzername: vodafone, Passwort: vodafone<\/li>\n<li>Benutzername: admin, Passwort: admin<\/li>\n<li>Benutzername: root, Passwort: 123456<\/li>\n<\/ul>\n<\/section>\n<section>\n<div>\n<div>2<\/div>\n<h2>Anpassen Ihres Wi-Fi Passwortes und Netzwerknamens<\/h2>\n<\/div>\n<p>Jetzt ist es an der Zeit, Ihrem WLAN-Netzwerk etwas Liebe zu zeigen und ihm ein Makeover zu verpassen. \ud83d\udc85 Loggen Sie sich in das Vodafone Breitbandportal ein. Sie sollten die Wi-Fi oder WLAN-Option im oberen Men\u00fc ausw\u00e4hlen. W\u00e4hlen Sie &#8216;General Wi-Fi Settings&#8217; und geben Sie Ihren super coolen Netzwerknamen in das Feld &#8216;Wi-Fi SSID \/ WLAN SSID&#8217; ein. Vergessen Sie nicht, ein sicheres Passwort zu erstellen und es in das Feld &#8216;Wi-Fi Password \/ WLAN Password&#8217; einzugeben. Jetzt klicken Sie auf &#8216;Apply&#8217; und boom, Sie haben einen brandneuen Netzwerk-Look. \ud83d\udc60\ud83d\udc84<\/p>\n<p>Optional k\u00f6nnen Sie die erweiterten Optionen nutzen: um die 2,4 GHz und 5 GHz Wi-Fi B\u00e4nder getrennt zu konfigurieren, klicken Sie einfach auf die Option &#8216;Wi-Fi B\u00e4nder teilen (SSID)&#8217;. Lassen Sie die Magie geschehen!<\/p>\n<\/section>\n<section>\n<h2>Schlussfolgerung: \ud83c\udfc1<\/h2>\n<div class=\"nonp\">\n<p>Und da haben wir es, Leute! Mit nur wenigen Klicks haben Sie gro\u00dfe Ver\u00e4nderungen an Ihrem Vodafone Router vorgenommen. Jetzt hat Ihr WLAN-Netzwerk einen schicken neuen Namen und ist mit einem einzigartigen Passwort gesichert. Es ist wirklich nicht so schwer, oder? &#128515; Denken Sie daran, Sie sind der Meister Ihres eigenen digitalen Bereichs und mit dem Wissen, das Sie heute erworben haben, k\u00f6nnen Sie ihn wirklich zu Ihrem eigenen machen. Also gehen Sie raus und lassen Sie uns das Internet weiter zu unserem Spielplatz machen! &#128640; Bis zum n\u00e4chsten Mal, sch\u00f6ne Zeit! &#9996;&#65039;<\/p>\n<\/div>\n<\/section>\n<section itemscope=\"\" itemtype=\"https:\/\/schema.org\/FAQPage\">\n<div class=\"panel\" itemprop=\"mainEntity\" itemscope=\"\" itemtype=\"https:\/\/schema.org\/Question\">\n<div class=\"toggle-link\">\n<h3 class=\"panel-title\" itemprop=\"name\">\n            Was ist die Standard-Router-Anmeldeseite f\u00fcr Vodafone?<\/h3>\n<\/div>\n<div class=\"panel-collapse\">\n<div class=\"panel-body\" itemprop=\"acceptedAnswer\" itemscope=\"\" itemtype=\"https:\/\/schema.org\/Answer\">\n<div itemprop=\"text\">\n<p>Die Standard-Anmeldeseite f\u00fcr einen Vodafone-Router kann aufgerufen werden, indem entweder <a href=http:\/\/192.168.1.1>http:\/\/192.168.1.1<\/a> oder <a href=http:\/\/192.168.0.1>http:\/\/192.168.0.1<\/a> in die Adressleiste Ihres Webbrowsers eingegeben wird.<\/p>\n<\/div>\n<\/div>\n<\/div>\n<\/div>\n<div class=\"panel\" itemprop=\"mainEntity\" itemscope=\"\" itemtype=\"https:\/\/schema.org\/Question\">\n<div class=\"toggle-link\">\n<h3 class=\"panel-title\" itemprop=\"name\">\n            Welche Informationen ben\u00f6tige ich, um mich bei meinem Vodafone-Router anzumelden?<\/h3>\n<\/div>\n<div class=\"panel-collapse\">\n<div class=\"panel-body\" itemprop=\"acceptedAnswer\" itemscope=\"\" itemtype=\"https:\/\/schema.org\/Answer\">\n<div itemprop=\"text\">\n<p>Sie ben\u00f6tigen den Benutzernamen und das Passwort Ihres Routers. Diese finden Sie auf einem Aufkleber, der sich auf der Seite oder R\u00fcckseite Ihres Vodafone-Routers befindet.<\/p>\n<\/div>\n<\/div>\n<\/div>\n<\/div>\n<div class=\"panel\" itemprop=\"mainEntity\" itemscope=\"\" itemtype=\"https:\/\/schema.org\/Question\">\n<div class=\"toggle-link\">\n<h3 class=\"panel-title\" itemprop=\"name\">\n            Welche sind die m\u00f6glichen Standard-Benutzernamen und Passwort-Kombinationen f\u00fcr Vodafone-Router?<\/h3>\n<\/div>\n<div class=\"panel-collapse\">\n<div class=\"panel-body\" itemprop=\"acceptedAnswer\" itemscope=\"\" itemtype=\"https:\/\/schema.org\/Answer\">\n<div itemprop=\"text\">\n<p>Hier sind einige der m\u00f6glichen Standard-Benutzernamen und Passwort-Kombinationen f\u00fcr Vodafone-Router:<br \/>\n                <b>Benutzername: admin, Passwort: password;<\/b><br \/>\n                <b>Benutzername: leer, Passwort: vodafone;<\/b><br \/>\n                <b>Benutzername: admin, Passwort: siehe auf der R\u00fcckseite des Routers;<\/b><br \/>\n                <b>Benutzername: vodafone, Passwort: vodafone;<\/b><br \/>\n                <b>Benutzername: admin, Passwort: admin;<\/b><br \/>\n                <b>Benutzername: root, Passwort: 123456.<\/b><\/p>\n<\/div>\n<\/div>\n<\/div>\n<\/div>\n<div class=\"panel\" itemprop=\"mainEntity\" itemscope=\"\" itemtype=\"https:\/\/schema.org\/Question\">\n<div class=\"toggle-link\">\n<h3 class=\"panel-title\" itemprop=\"name\">\n            Wo finde ich den Standard-Vodafone Router Benutzernamen und Passwort?<\/h3>\n<\/div>\n<div class=\"panel-collapse\">\n<div class=\"panel-body\" itemprop=\"acceptedAnswer\" itemscope=\"\" itemtype=\"https:\/\/schema.org\/Answer\">\n<div itemprop=\"text\">\n<p>Die Standard Router IP-Adresse, Benutzername und Passwort sind in der Regel auf einem Aufkleber auf der Seite oder R\u00fcckseite Ihres Vodafone Routers gedruckt.<\/p>\n<\/div>\n<\/div>\n<\/div>\n<\/div>\n<div class=\"panel\" itemprop=\"mainEntity\" itemscope=\"\" itemtype=\"https:\/\/schema.org\/Question\">\n<div class=\"toggle-link\">\n<h3 class=\"panel-title\" itemprop=\"name\">\n            Wie \u00e4ndere ich mein Vodafone Wi-Fi Passwort und Netzwerkname?<\/h3>\n<\/div>\n<div class=\"panel-collapse\">\n<div class=\"panel-body\" itemprop=\"acceptedAnswer\" itemscope=\"\" itemtype=\"https:\/\/schema.org\/Answer\">\n<div itemprop=\"text\">\n<p>Zuerst melden Sie sich im Vodafone-Breitband-Portal an. W\u00e4hlen Sie im oberen Men\u00fc Wi-Fi\/WLAN aus. W\u00e4hlen Sie Allgemeine WLAN-Einstellungen. Geben Sie den neuen Wi-Fi-Netzwerknamen im Feld Wi-Fi SSID \/ WLAN SSID ein und das neue Wi-Fi-Passwort im Feld Wi-Fi-Passwort \/ WLAN-Passwort. Klicken Sie schlie\u00dflich auf Anwenden, um die \u00c4nderungen zu speichern.<\/p>\n<\/div>\n<\/div>\n<\/div>\n<\/div>\n<div class=\"panel\" itemprop=\"mainEntity\" itemscope=\"\" itemtype=\"https:\/\/schema.org\/Question\">\n<div class=\"toggle-link\">\n<h3 class=\"panel-title\" itemprop=\"name\">\n            Kann ich die 2,4 GHz und 5 GHz Wi-Fi-B\u00e4nder getrennt auf meinem Vodafone Router konfigurieren?<\/h3>\n<\/div>\n<div class=\"panel-collapse\">\n<div class=\"panel-body\" itemprop=\"acceptedAnswer\" itemscope=\"\" itemtype=\"https:\/\/schema.org\/Answer\">\n<div itemprop=\"text\">\n<p>Ja, Sie k\u00f6nnen diese getrennt im Vodafone-Breitband-Portal konfigurieren, indem Sie die Option Wi-Fi-B\u00e4nder splitten (SSID) aktivieren.<\/p>\n<\/div>\n<\/div>\n<\/div>\n<\/div>\n<div class=\"panel\" itemprop=\"mainEntity\" itemscope=\"\" itemtype=\"https:\/\/schema.org\/Question\">\n<div class=\"toggle-link\">\n<h3 class=\"panel-title\" itemprop=\"name\">\n            Wie setze ich die Einstellungen meines Vodafone-Routers auf die Werkseinstellungen zur\u00fcck?<\/h3>\n<\/div>\n<div class=\"panel-collapse\">\n<div class=\"panel-body\" itemprop=\"acceptedAnswer\" itemscope=\"\" itemtype=\"https:\/\/schema.org\/Answer\">\n<div itemprop=\"text\">\n<p>Sie k\u00f6nnen Ihren Router in der Regel auf die Werkseinstellungen zur\u00fccksetzen, indem Sie auf die Reset-Taste auf der R\u00fcckseite oder Unterseite Ihres Routers klicken. Dies stellt die Standard-Benutzername und Passwort wieder her.<\/p>\n<\/div>\n<\/div>\n<\/div>\n<\/div>\n<div class=\"panel\" itemprop=\"mainEntity\" itemscope=\"\" itemtype=\"https:\/\/schema.org\/Question\">\n<div class=\"toggle-link\">\n<h3 class=\"panel-title\" itemprop=\"name\">\n            Wie stelle ich sicher, dass meine Vodafone Wi-Fi-Verbindung sicher ist?<\/h3>\n<\/div>\n<div class=\"panel-collapse\">\n<div class=\"panel-body\" itemprop=\"acceptedAnswer\" itemscope=\"\" itemtype=\"https:\/\/schema.org\/Answer\">\n<div itemprop=\"text\">\n<p>Es wird empfohlen, Ihre Wi-Fi-Verbindung mit einem starken Passwort zu sch\u00fctzen und es regelm\u00e4\u00dfig zu \u00e4ndern. Verwenden Sie eine Mischung aus Gro\u00df- und Kleinbuchstaben, Zahlen und Symbolen f\u00fcr ein sicheres Passwort und geben Sie es niemals an Dritte weiter.<\/p>\n<\/div>\n<\/div>\n<\/div>\n<\/div>\n<div class=\"panel\" itemprop=\"mainEntity\" itemscope=\"\" itemtype=\"https:\/\/schema.org\/Question\">\n<div class=\"toggle-link\">\n<h3 class=\"panel-title\" itemprop=\"name\">\n            Was kann ich tun, wenn ich nicht auf die Anmeldeseite meines Vodafone-Routers zugreifen kann?<\/h3>\n<\/div>\n<div class=\"panel-collapse\">\n<div class=\"panel-body\" itemprop=\"acceptedAnswer\" itemscope=\"\" itemtype=\"https:\/\/schema.org\/Answer\">\n<div itemprop=\"text\">\n<p>Stellen Sie zun\u00e4chst sicher, dass Ihr Ger\u00e4t richtig mit dem Router \u00fcber Wi-Fi oder ein Ethernet-Kabel verbunden ist. Wenn das Problem weiterhin besteht, versuchen Sie, Ihren Router und Ihr Ger\u00e4t neu zu starten, oder verwenden Sie einen anderen Browser.<\/p>\n<\/div>\n<\/div>\n<\/div>\n<\/div>\n<div class=\"panel\" itemprop=\"mainEntity\" itemscope=\"\" itemtype=\"https:\/\/schema.org\/Question\">\n<div class=\"toggle-link\">\n<h3 class=\"panel-title\" itemprop=\"name\">\n            Ist es notwendig, die IP-Adresse meines Vodafone-Routers im Ged\u00e4chtnis zu behalten?<\/h3>\n<\/div>\n<div class=\"panel-collapse\">\n<div class=\"panel-body\" itemprop=\"acceptedAnswer\" itemscope=\"\" itemtype=\"https:\/\/schema.org\/Answer\">\n<div itemprop=\"text\">\n<p>Es ist zwar nicht immer notwendig, die IP-Adresse Ihres Routers zu merken, es ist jedoch n\u00fctzlich, wenn Sie sich in die Einstellungen des Routers einloggen m\u00f6chten. Diese Adresse ist typischerweise entweder 192.168.1.1 oder 192.168.0.1 f\u00fcr Vodafone-Router.<\/p>\n<\/div>\n<\/div>\n<\/div>\n<\/div>\n<div class=\"panel\" itemprop=\"mainEntity\" itemscope=\"\" itemtype=\"https:\/\/schema.org\/Question\">\n<div class=\"toggle-link\">\n<h3 class=\"panel-title\" itemprop=\"name\">\n            K\u00f6nnen andere auf meine Vodafone Router-Anmeldeseite zugreifen?<\/h3>\n<\/div>\n<div class=\"panel-collapse\">\n<div class=\"panel-body\" itemprop=\"acceptedAnswer\" itemscope=\"\" itemtype=\"https:\/\/schema.org\/Answer\">\n<div itemprop=\"text\">\n<p>Andere k\u00f6nnen nur auf Ihren Vodafone-Router zugreifen, wenn sie Ihre Benutzername und Passwort haben und mit Ihrem Wi-Fi-Netzwerk verbunden sind. Jedoch kann unbefugter Zugriff durch Sicherung Ihres Wi-Fi-Netzwerkes mit einem starken Passwort verhindert werden.<\/p>\n<\/div>\n<\/div>\n<\/div>\n<\/div>\n<div class=\"panel\" itemprop=\"mainEntity\" itemscope=\"\" itemtype=\"https:\/\/schema.org\/Question\">\n<div class=\"toggle-link\">\n<h3 class=\"panel-title\" itemprop=\"name\">\n            Wie kann ich die Standard-Vodafone Router-Anmeldedetails \u00e4ndern?<\/h3>\n<\/div>\n<div class=\"panel-collapse\">\n<div class=\"panel-body\" itemprop=\"acceptedAnswer\" itemscope=\"\" itemtype=\"https:\/\/schema.org\/Answer\">\n<div itemprop=\"text\">\n<p>Sie k\u00f6nnen die Standard-Anmeldedetails in den Router-Einstellungen \u00e4ndern, sobald Sie angemeldet sind. Dies erh\u00f6ht die Sicherheit Ihres Netzwerks. Die Optionen zur \u00c4nderung des Benutzernamens und des Passworts finden Sie in der Regel unter den &#8216;Administrator&#8217;- oder &#8216;Sicherheits&#8217;-Einstellungen.<\/p>\n<\/div>\n<\/div>\n<\/div>\n<\/div>\n<div class=\"panel\" itemprop=\"mainEntity\" itemscope=\"\" itemtype=\"https:\/\/schema.org\/Question\">\n<div class=\"toggle-link\">\n<h3 class=\"panel-title\" itemprop=\"name\">\n            Warum ist es wichtig, mein Wi-Fi-Passwort regelm\u00e4\u00dfig zu \u00e4ndern?<\/h3>\n<\/div>\n<div class=\"panel-collapse\">\n<div class=\"panel-body\" itemprop=\"acceptedAnswer\" itemscope=\"\" itemtype=\"https:\/\/schema.org\/Answer\">\n<div itemprop=\"text\">\n<p>Das regelm\u00e4\u00dfige \u00c4ndern Ihres Wi-Fi-Passworts erh\u00f6ht die Sicherheit, indem es f\u00fcr nicht autorisierte Ger\u00e4te schwieriger wird, auf Ihr Wi-Fi-Netzwerk zuzugreifen.<\/p>\n<\/div>\n<\/div>\n<\/div>\n<\/div>\n<div class=\"panel\" itemprop=\"mainEntity\" itemscope=\"\" itemtype=\"https:\/\/schema.org\/Question\">\n<div class=\"toggle-link\">\n<h3 class=\"panel-title\" itemprop=\"name\">\n            Wie kann ich die Sicherheit meines Vodafone-Routers erh\u00f6hen?<\/h3>\n<\/div>\n<div class=\"panel-collapse\">\n<div class=\"panel-body\" itemprop=\"acceptedAnswer\" itemscope=\"\" itemtype=\"https:\/\/schema.org\/Answer\">\n<div itemprop=\"text\">\n<p>Neben der \u00c4nderung der Standard-Anmeldedaten und des Wi-Fi-Passworts k\u00f6nnen Sie die Sicherheit Ihres Routers erh\u00f6hen, indem Sie die Fernverwaltung deaktivieren, die Netzwerkverschl\u00fcsselung aktivieren und regelm\u00e4\u00dfig die Software Ihres Routers aktualisieren.<\/p>\n<\/div>\n<\/div>\n<\/div>\n<\/div>\n<div class=\"panel\" itemprop=\"mainEntity\" itemscope=\"\" itemtype=\"https:\/\/schema.org\/Question\">\n<div class=\"toggle-link\">\n<h3 class=\"panel-title\" itemprop=\"name\">\n            Wie \u00e4ndere ich den Netzwerknamen (SSID) auf meinem Vodafone-Router?<\/h3>\n<\/div>\n<div class=\"panel-collapse\">\n<div class=\"panel-body\" itemprop=\"acceptedAnswer\" itemscope=\"\" itemtype=\"https:\/\/schema.org\/Answer\">\n<div itemprop=\"text\">\n<p>Sie k\u00f6nnen den Netzwerknamen (SSID) \u00e4ndern, indem Sie sich im Vodafone-Breitband-Portal anmelden, Wi-Fi\/WLAN aus dem oberen Men\u00fc ausw\u00e4hlen und den neuen Namen in das Feld Wi-Fi SSID\/WLAN SSID eingeben. Klicken Sie auf &#8216;Anwenden&#8217;, um die \u00c4nderungen zu speichern.<\/p>\n<\/div>\n<\/div>\n<\/div>\n<\/div>\n<div class=\"panel\" itemprop=\"mainEntity\" itemscope=\"\" itemtype=\"https:\/\/schema.org\/Question\">\n<div class=\"toggle-link\">\n<h3 class=\"panel-title\" itemprop=\"name\">\n            K\u00f6nnen andere die Einstellungen meines Vodafone-Routers \u00e4ndern?<\/h3>\n<\/div>\n<div class=\"panel-collapse\">\n<div class=\"panel-body\" itemprop=\"acceptedAnswer\" itemscope=\"\" itemtype=\"https:\/\/schema.org\/Answer\">\n<div itemprop=\"text\">\n<p>Nur Personen, die den Benutzernamen und das Passwort haben und mit Ihrem Netzwerk verbunden sind, k\u00f6nnen die Einstellungen Ihres Routers \u00e4ndern. Um unbefugten Zugriff zu verhindern, sichern Sie Ihr Wi-Fi mit einem starken Passwort und \u00e4ndern Sie es regelm\u00e4\u00dfig.<\/p>\n<\/div>\n<\/div>\n<\/div>\n<\/div>\n<div class=\"panel\" itemprop=\"mainEntity\" itemscope=\"\" itemtype=\"https:\/\/schema.org\/Question\">\n<div class=\"toggle-link\">\n<h3 class=\"panel-title\" itemprop=\"name\">\n            Kann ich bestimmte Ger\u00e4te von meinem Vodafone Wi-Fi-Netzwerk blockieren?<\/h3>\n<\/div>\n<div class=\"panel-collapse\">\n<div class=\"panel-body\" itemprop=\"acceptedAnswer\" itemscope=\"\" itemtype=\"https:\/\/schema.org\/Answer\">\n<div itemprop=\"text\">\n<p>Ja, Sie k\u00f6nnen den Zugang zu Ihrem Wi-Fi f\u00fcr bestimmte Ger\u00e4te in den Einstellungen des Routers blockieren. Diese Funktion befindet sich oft unter &#8216;Wireless&#8217; oder &#8216;Security&#8217; Einstellungen.<\/p>\n<\/div>\n<\/div>\n<\/div>\n<\/div>\n<div class=\"panel\" itemprop=\"mainEntity\" itemscope=\"\" itemtype=\"https:\/\/schema.org\/Question\">\n<div class=\"toggle-link\">\n<h3 class=\"panel-title\" itemprop=\"name\">\n            Kann ich die Ger\u00e4te, die mit meinem Vodafone Wi-Fi verbunden sind, \u00fcberwachen?<\/h3>\n<\/div>\n<div class=\"panel-collapse\">\n<div class=\"panel-body\" itemprop=\"acceptedAnswer\" itemscope=\"\" itemtype=\"https:\/\/schema.org\/Answer\">\n<div itemprop=\"text\">\n<p>Ja, Sie haben in der Regel die M\u00f6glichkeit, verbundene Ger\u00e4te in den Einstellungen des Routers zu sehen. Dies kann Ihnen helfen, nicht autorisierte Ger\u00e4te zu identifizieren und die Sicherheit Ihres Netzwerks aufrechtzuerhalten.<\/p>\n<\/div>\n<\/div>\n<\/div>\n<\/div>\n<div class=\"panel\" itemprop=\"mainEntity\" itemscope=\"\" itemtype=\"https:\/\/schema.org\/Question\">\n<div class=\"toggle-link\">\n<h3 class=\"panel-title\" itemprop=\"name\">\n            Was sollte ich tun, wenn ich die Anmeldedaten meines Vodafone-Routers vergessen habe?<\/h3>\n<\/div>\n<div class=\"panel-collapse\">\n<div class=\"panel-body\" itemprop=\"acceptedAnswer\" itemscope=\"\" itemtype=\"https:\/\/schema.org\/Answer\">\n<div itemprop=\"text\">\n<p>Wenn Sie die Anmeldedaten Ihres Routers vergessen haben, k\u00f6nnen Sie den Router auf die Werkseinstellungen zur\u00fccksetzen. Dadurch werden der Standard-Benutzername und das Passwort wiederhergestellt, die auf dem Router gedruckt sind.<\/p>\n<\/div>\n<\/div>\n<\/div>\n<\/div>\n<div class=\"panel\" itemprop=\"mainEntity\" itemscope=\"\" itemtype=\"https:\/\/schema.org\/Question\">\n<div class=\"toggle-link\">\n<h3 class=\"panel-title\" itemprop=\"name\">\n            Was kann ich tun, wenn ich mich mit den Standard-Anmeldeinformationen nicht bei meinem Vodafone-Router anmelden kann?<\/h3>\n<\/div>\n<div class=\"panel-collapse\">\n<div class=\"panel-body\" itemprop=\"acceptedAnswer\" itemscope=\"\" itemtype=\"https:\/\/schema.org\/Answer\">\n<div itemprop=\"text\">\n<p>Wenn die Standard-Anmeldeinformationen f\u00fcr Ihren Vodafone-Router nicht funktionieren, bedeutet das wahrscheinlich, dass sie ge\u00e4ndert wurden. Sie m\u00fcssten den Router auf die Werkseinstellungen zur\u00fccksetzen, um die Standard-Anmeldeinformationen wiederherzustellen und verwenden zu k\u00f6nnen.<\/p>\n<\/div>\n<\/div>\n<\/div>\n<\/div>\n<\/section>\n<\/article>\n","protected":false},"excerpt":{"rendered":"<p>Entdecken Sie die Geheimnisse Ihres Vodafone Router Login: Eine Schritt-f\u00fcr-Schritt Anleitung Willkommen zur\u00fcck, alle zusammen! &#128165; Genau wie Sie es lieben, die Einstellungen Ihres neuesten Spiels vorzunehmen, raten Sie mal? Ihr Vodafone Router hat auch einige Einstellungen, mit denen Sie spielen k\u00f6nnen. &#127918; Und ich spreche nicht nur von irgendwelchen Einstellungen. Wir sprechen hier \u00fcber [&hellip;]<\/p>\n","protected":false},"author":2,"featured_media":15,"parent":0,"menu_order":0,"comment_status":"closed","ping_status":"closed","template":"chromecast.php","meta":{"_stopmodifiedupdate":false,"_modified_date":"","_lmt_disableupdate":"yes","_lmt_disable":""},"yoast_head":"<!-- This site is optimized with the Yoast SEO plugin v20.9 - https:\/\/yoast.com\/wordpress\/plugins\/seo\/ -->\n<title>Vodafone Router Anmeldung. Aktualisiert im Jahr 2026<\/title>\n<meta name=\"robots\" content=\"index, follow, max-snippet:-1, max-image-preview:large, max-video-preview:-1\" \/>\n<link rel=\"canonical\" href=\"https:\/\/www.ping.fm\/ip\/de\/vodafone-router-anmeldung\/\" \/>\n<meta property=\"og:locale\" content=\"en_US\" \/>\n<meta property=\"og:type\" content=\"article\" \/>\n<meta property=\"og:title\" content=\"Vodafone Router Anmeldung. Aktualisiert im Jahr 2026\" \/>\n<meta property=\"og:description\" content=\"Entdecken Sie die Geheimnisse Ihres Vodafone Router Login: Eine Schritt-f\u00fcr-Schritt Anleitung Willkommen zur\u00fcck, alle zusammen! &#128165; Genau wie Sie es lieben, die Einstellungen Ihres neuesten Spiels vorzunehmen, raten Sie mal? Ihr Vodafone Router hat auch einige Einstellungen, mit denen Sie spielen k\u00f6nnen. &#127918; Und ich spreche nicht nur von irgendwelchen Einstellungen. Wir sprechen hier \u00fcber [&hellip;]\" \/>\n<meta property=\"og:url\" content=\"https:\/\/www.ping.fm\/ip\/de\/vodafone-router-anmeldung\/\" \/>\n<meta property=\"og:site_name\" content=\"IP\" \/>\n<meta property=\"og:image\" content=\"https:\/\/www.ping.fm\/ip\/wp-content\/uploads\/2023\/07\/wifi.jpg\" \/>\n\t<meta property=\"og:image:width\" content=\"1992\" \/>\n\t<meta property=\"og:image:height\" content=\"1852\" \/>\n\t<meta property=\"og:image:type\" content=\"image\/jpeg\" \/>\n<meta name=\"twitter:card\" content=\"summary_large_image\" \/>\n<meta name=\"twitter:label1\" content=\"Est. reading time\" \/>\n\t<meta name=\"twitter:data1\" content=\"6 minutes\" \/>\n<script type=\"application\/ld+json\" class=\"yoast-schema-graph\">{\"@context\":\"https:\/\/schema.org\",\"@graph\":[{\"@type\":\"WebPage\",\"@id\":\"https:\/\/www.ping.fm\/ip\/de\/vodafone-router-anmeldung\/\",\"url\":\"https:\/\/www.ping.fm\/ip\/de\/vodafone-router-anmeldung\/\",\"name\":\"Vodafone Router Anmeldung. Aktualisiert im Jahr 2026\",\"isPartOf\":{\"@id\":\"https:\/\/www.ping.fm\/ip\/#website\"},\"datePublished\":\"2023-10-19T15:59:34+00:00\",\"dateModified\":\"2023-10-19T15:59:34+00:00\",\"breadcrumb\":{\"@id\":\"https:\/\/www.ping.fm\/ip\/de\/vodafone-router-anmeldung\/#breadcrumb\"},\"inLanguage\":\"en-US\",\"potentialAction\":[{\"@type\":\"ReadAction\",\"target\":[\"https:\/\/www.ping.fm\/ip\/de\/vodafone-router-anmeldung\/\"]}]},{\"@type\":\"BreadcrumbList\",\"@id\":\"https:\/\/www.ping.fm\/ip\/de\/vodafone-router-anmeldung\/#breadcrumb\",\"itemListElement\":[{\"@type\":\"ListItem\",\"position\":1,\"name\":\"Home\",\"item\":\"https:\/\/www.ping.fm\/ip\/\"},{\"@type\":\"ListItem\",\"position\":2,\"name\":\"Vodafone Router Anmeldung\"}]},{\"@type\":\"WebSite\",\"@id\":\"https:\/\/www.ping.fm\/ip\/#website\",\"url\":\"https:\/\/www.ping.fm\/ip\/\",\"name\":\"IP\",\"description\":\"\",\"potentialAction\":[{\"@type\":\"SearchAction\",\"target\":{\"@type\":\"EntryPoint\",\"urlTemplate\":\"https:\/\/www.ping.fm\/ip\/?s={search_term_string}\"},\"query-input\":\"required name=search_term_string\"}],\"inLanguage\":\"en-US\"}]}<\/script>\n<!-- \/ Yoast SEO plugin. -->","yoast_head_json":{"title":"Vodafone Router Anmeldung. Aktualisiert im Jahr 2026","robots":{"index":"index","follow":"follow","max-snippet":"max-snippet:-1","max-image-preview":"max-image-preview:large","max-video-preview":"max-video-preview:-1"},"canonical":"https:\/\/www.ping.fm\/ip\/de\/vodafone-router-anmeldung\/","og_locale":"en_US","og_type":"article","og_title":"Vodafone Router Anmeldung. Aktualisiert im Jahr 2026","og_description":"Entdecken Sie die Geheimnisse Ihres Vodafone Router Login: Eine Schritt-f\u00fcr-Schritt Anleitung Willkommen zur\u00fcck, alle zusammen! &#128165; Genau wie Sie es lieben, die Einstellungen Ihres neuesten Spiels vorzunehmen, raten Sie mal? Ihr Vodafone Router hat auch einige Einstellungen, mit denen Sie spielen k\u00f6nnen. &#127918; Und ich spreche nicht nur von irgendwelchen Einstellungen. Wir sprechen hier \u00fcber [&hellip;]","og_url":"https:\/\/www.ping.fm\/ip\/de\/vodafone-router-anmeldung\/","og_site_name":"IP","og_image":[{"width":1992,"height":1852,"url":"https:\/\/www.ping.fm\/ip\/wp-content\/uploads\/2023\/07\/wifi.jpg","type":"image\/jpeg"}],"twitter_card":"summary_large_image","twitter_misc":{"Est. reading time":"6 minutes"},"schema":{"@context":"https:\/\/schema.org","@graph":[{"@type":"WebPage","@id":"https:\/\/www.ping.fm\/ip\/de\/vodafone-router-anmeldung\/","url":"https:\/\/www.ping.fm\/ip\/de\/vodafone-router-anmeldung\/","name":"Vodafone Router Anmeldung. Aktualisiert im Jahr 2026","isPartOf":{"@id":"https:\/\/www.ping.fm\/ip\/#website"},"datePublished":"2023-10-19T15:59:34+00:00","dateModified":"2023-10-19T15:59:34+00:00","breadcrumb":{"@id":"https:\/\/www.ping.fm\/ip\/de\/vodafone-router-anmeldung\/#breadcrumb"},"inLanguage":"en-US","potentialAction":[{"@type":"ReadAction","target":["https:\/\/www.ping.fm\/ip\/de\/vodafone-router-anmeldung\/"]}]},{"@type":"BreadcrumbList","@id":"https:\/\/www.ping.fm\/ip\/de\/vodafone-router-anmeldung\/#breadcrumb","itemListElement":[{"@type":"ListItem","position":1,"name":"Home","item":"https:\/\/www.ping.fm\/ip\/"},{"@type":"ListItem","position":2,"name":"Vodafone Router Anmeldung"}]},{"@type":"WebSite","@id":"https:\/\/www.ping.fm\/ip\/#website","url":"https:\/\/www.ping.fm\/ip\/","name":"IP","description":"","potentialAction":[{"@type":"SearchAction","target":{"@type":"EntryPoint","urlTemplate":"https:\/\/www.ping.fm\/ip\/?s={search_term_string}"},"query-input":"required name=search_term_string"}],"inLanguage":"en-US"}]}},"_links":{"self":[{"href":"https:\/\/www.ping.fm\/ip\/wp-json\/wp\/v2\/pages\/367"}],"collection":[{"href":"https:\/\/www.ping.fm\/ip\/wp-json\/wp\/v2\/pages"}],"about":[{"href":"https:\/\/www.ping.fm\/ip\/wp-json\/wp\/v2\/types\/page"}],"author":[{"embeddable":true,"href":"https:\/\/www.ping.fm\/ip\/wp-json\/wp\/v2\/users\/2"}],"replies":[{"embeddable":true,"href":"https:\/\/www.ping.fm\/ip\/wp-json\/wp\/v2\/comments?post=367"}],"version-history":[{"count":2,"href":"https:\/\/www.ping.fm\/ip\/wp-json\/wp\/v2\/pages\/367\/revisions"}],"predecessor-version":[{"id":547,"href":"https:\/\/www.ping.fm\/ip\/wp-json\/wp\/v2\/pages\/367\/revisions\/547"}],"wp:featuredmedia":[{"embeddable":true,"href":"https:\/\/www.ping.fm\/ip\/wp-json\/wp\/v2\/media\/15"}],"wp:attachment":[{"href":"https:\/\/www.ping.fm\/ip\/wp-json\/wp\/v2\/media?parent=367"}],"curies":[{"name":"wp","href":"https:\/\/api.w.org\/{rel}","templated":true}]}}