{"id":338,"date":"2023-10-19T15:30:15","date_gmt":"2023-10-19T15:30:15","guid":{"rendered":"https:\/\/www.ping.fm\/ip\/?page_id=338"},"modified":"2023-10-19T15:30:15","modified_gmt":"2023-10-19T15:30:15","slug":"orange-router-anmeldung","status":"publish","type":"page","link":"https:\/\/www.ping.fm\/ip\/de\/orange-router-anmeldung\/","title":{"rendered":"Orange Router Anmeldung"},"content":{"rendered":"<article>\n<section>\n<h1>Orange Router Einrichtungsanleitung: Netzwerkname, WiFi &#038; SSID Einstellungen<\/h1>\n<div class=\"inbrief\">\n<div>\n                                <img src=\"\/ip\/wp-content\/uploads\/generated\/Orange-Router-Anmeldung.jpg\" alt=\"Orange Router Anmeldung\" title=\"Orange Router Anmeldung\" width=\"1280\" height=\"720\"><br \/>\n                                M\u00f6chten Sie Ihre Wi-Fi-Einstellungen an Ihrem Orange Router \u00e4ndern? Wenn Sie nicht herausfinden k\u00f6nnen, wo Sie anfangen sollen, hey, kein Problem! &#128526; Dieser Leitfaden hier hat Sie abgedeckt! Die Einrichtung Ihres Orange Routers ist so einfach wie das Atmen, und in diesem Leitfaden werden wir Sie durch alle erforderlichen Schritte f\u00fchren &#127939;. Machen Sie sich bereit, es ist Zeit, das Passwort zu \u00e4ndern! &#128246; &#128161;<\/div>\n<\/div>\n<\/section>\n<section>\n<div>\n<div>1<\/div>\n<h2>Login zum Orange Router<\/h2>\n<\/div>\n<p> Also, zuerst m\u00fcssen wir auf die Einstellungen des Orange Routers zugreifen. Also schnappen Sie sich Ihr Handy oder Ihren Computer und folgen Sie mir hier genau. \ud83c\udfc3 \u00d6ffnen Sie einen beliebigen Browser und geben Sie <a href='http:\/\/192.168.1.1'>http:\/\/192.168.1.1<\/a> in die Adressleiste ein. Geben Sie jetzt den Standard <b>Benutzernamen<\/b> und <b>Passwort<\/b> ein (es ist &#8216;admin&#8217; f\u00fcr beides, es sei denn, Ihr fr\u00fcheres Ich hat herumgespielt und es ge\u00e4ndert). Dr\u00fccken Sie die Login-Taste und BAM! Du bist drin! \ud83d\udc41\ufe0f\u200d\ud83d\udde8\ufe0f \ud83d\udcbb <\/p>\n<p> Kennen Sie den <b>Benutzernamen<\/b> und das <b>Passwort<\/b> nicht? Keine Sorge! Dies ist tats\u00e4chlich auf einem schicken kleinen Aufkleber an der R\u00fcckseite Ihres Routers aufgedruckt. Genau wie das Spickzettelchen! \ud83d\udcdd<\/section>\n<section>\n<div>\n<div>2<\/div>\n<h2>\u00c4ndern des Orange Wi-Fi-Passworts &#038; Netzwerknamens (SSID)<\/h2>\n<\/div>\n<p> Also, alles ist cool und wir sind drin. Jetzt \u00e4ndern wir Ihr Wi-Fi-Passwort und den Netzwerknamen. \ud83d\udcdd Gehen Sie im Men\u00fc zu den <b>Wi-Fi-Konfiguration<\/b> Einstellungen. Hier k\u00f6nnen Sie Ihren neuen Wi-Fi-Netzwerknamen in das Feld <b>SSID<\/b> eingeben und Ihr neues supergeheimes Wi-Fi-Passwort in das Feld <b>Schl\u00fcssel<\/b> eingeben. Alles fertig? Super! Klicken Sie nun auf Anwenden &gt; OK, und Sie sind fertig. \ud83c\udf89 Netzwerksicherheitslevel &#8211; HOCH! \ud83d\udcc8 <\/p>\n<p> (\u00dcbrigens, Ihr Netzwerkname ist das, was Sie sehen, wenn Sie eine Verbindung zum Wi-Fi herstellen. Also, wenn Sie es satt haben, &#8216;Orange1234&#8217; auf Ihrem Ger\u00e4t zu sehen, hier ist Ihre Chance, es in etwas viel Coolerem zu \u00e4ndern. \ud83d\ude0e)<\/section>\n<section>\n<div>\n<div>3<\/div>\n<h2>Anwendbare Orange Modelle<\/h2>\n<\/div>\n<p> \u00dcbrigens, dieser Leitfaden ist nicht auf ein einziges Routermodell beschr\u00e4nkt! Es funktioniert genauso f\u00fcr mehrere Orange Router Modelle, einschlie\u00dflich des <b>Orange Airbox<\/b>, <b>Orange Livebox<\/b>, <b>Orange Flybox<\/b>, <b>Orange Livebox Fibra<\/b> und anderen. Teilen Sie die Liebe, teilen Sie den Leitfaden! \ud83e\udde1 \ud83c\udf10<\/section>\n<section>\n<h2>Schlussfolgerung: \ud83c\udfc1<\/h2>\n<div class=\"nonp\">Da haben Sie es &#8211; Ihr <b>Orange Router<\/b> hat jetzt einen neuen Netzwerknamen und Passwort! War das nicht spa\u00dfig? Indem Sie diese Schritte befolgen, haben Sie mehr Kontrolle \u00fcber Ihre Internetverbindung und k\u00f6nnen ein sicheres und personalisiertes Wi-Fi-Erlebnis gew\u00e4hrleisten. &#127760; &#128170; Wenn Sie diese Anleitung hilfreich gefunden haben, vergessen Sie nicht, die Gunst zu erwidern, indem Sie sie mit Ihren Freunden teilen. Schlie\u00dflich ist Teilen F\u00fcrsorge! &#128521; &#129505; Bis zum n\u00e4chsten Mal, \u00e4ndern Sie weiterhin regelm\u00e4\u00dfig Ihre Passw\u00f6rter, bleiben Sie sicher und bedenken Sie &#8211; jetzt haben Sie die Macht! &#128165;<\/div>\n<\/section>\n<section itemscope=\"\" itemtype=\"https:\/\/schema.org\/FAQPage\">\n<div class=\"panel\" itemprop=\"mainEntity\" itemscope=\"\" itemtype=\"https:\/\/schema.org\/Question\">\n<div class=\"toggle-link\">\n<h3 class=\"panel-title\" itemprop=\"name\">\n            Was ist der Zweck der administrativen Schnittstelle des Orange Routers?<\/h3>\n<\/div>\n<div class=\"panel-collapse\">\n<div class=\"panel-body\" itemprop=\"acceptedAnswer\" itemscope=\"\" itemtype=\"https:\/\/schema.org\/Answer\">\n<div itemprop=\"text\">\n<p>Die administrative Schnittstelle des Orange Routers erm\u00f6glicht es Benutzern, Einstellungen wie das WLAN-Passwort, den Netzwerknamen (SSID) und andere Standard-Router\/Modem-Einstellungen zu \u00e4ndern.<\/p>\n<\/div>\n<\/div>\n<\/div>\n<\/div>\n<div class=\"panel\" itemprop=\"mainEntity\" itemscope=\"\" itemtype=\"https:\/\/schema.org\/Question\">\n<div class=\"toggle-link\">\n<h3 class=\"panel-title\" itemprop=\"name\">\n            Wie melde ich mich an meinem Orange Router an?<\/h3>\n<\/div>\n<div class=\"panel-collapse\">\n<div class=\"panel-body\" itemprop=\"acceptedAnswer\" itemscope=\"\" itemtype=\"https:\/\/schema.org\/Answer\">\n<div itemprop=\"text\">\n<p>Um sich bei Ihrem Orange Router anzumelden, \u00f6ffnen Sie einen Webbrowser und geben Sie <a href=http:\/\/192.168.1.1>http:\/\/192.168.1.1<\/a> in die Adressleiste ein. Geben Sie anschlie\u00dfend den Benutzernamen und das Passwort ein und klicken Sie auf Anmelden.<\/p>\n<\/div>\n<\/div>\n<\/div>\n<\/div>\n<div class=\"panel\" itemprop=\"mainEntity\" itemscope=\"\" itemtype=\"https:\/\/schema.org\/Question\">\n<div class=\"toggle-link\">\n<h3 class=\"panel-title\" itemprop=\"name\">\n            Wo finde ich die standardm\u00e4\u00dfige Router IP-Adresse, den Benutzernamen und das Passwort f\u00fcr meinen Orange Router?<\/h3>\n<\/div>\n<div class=\"panel-collapse\">\n<div class=\"panel-body\" itemprop=\"acceptedAnswer\" itemscope=\"\" itemtype=\"https:\/\/schema.org\/Answer\">\n<div itemprop=\"text\">\n<p>Die standardm\u00e4\u00dfige Router IP-Adresse, der Benutzername und das Passwort f\u00fcr die meisten Orange Router befinden sich in der Regel auf einem Aufkleber auf der R\u00fcckseite des Routers.<\/p>\n<\/div>\n<\/div>\n<\/div>\n<\/div>\n<div class=\"panel\" itemprop=\"mainEntity\" itemscope=\"\" itemtype=\"https:\/\/schema.org\/Question\">\n<div class=\"toggle-link\">\n<h3 class=\"panel-title\" itemprop=\"name\">\n            Was sind die h\u00e4ufigsten Standardbenutzernamen und -passw\u00f6rter f\u00fcr Orange Router?<\/h3>\n<\/div>\n<div class=\"panel-collapse\">\n<div class=\"panel-body\" itemprop=\"acceptedAnswer\" itemscope=\"\" itemtype=\"https:\/\/schema.org\/Answer\">\n<div itemprop=\"text\">\n<p>Bei zahlreichen Modellen von Orange Routern sind der Standardbenutzername und das Standardpasswort beide &#8216;admin&#8217;.<\/p>\n<\/div>\n<\/div>\n<\/div>\n<\/div>\n<div class=\"panel\" itemprop=\"mainEntity\" itemscope=\"\" itemtype=\"https:\/\/schema.org\/Question\">\n<div class=\"toggle-link\">\n<h3 class=\"panel-title\" itemprop=\"name\">\n            Kann ich mein Orange WLAN-Passwort und Netzwerknamen \u00e4ndern?<\/h3>\n<\/div>\n<div class=\"panel-collapse\">\n<div class=\"panel-body\" itemprop=\"acceptedAnswer\" itemscope=\"\" itemtype=\"https:\/\/schema.org\/Answer\">\n<div itemprop=\"text\">\n<p>Ja, \u00fcber die administrative Schnittstelle des Routers k\u00f6nnen Sie Ihr Orange WLAN-Passwort und den Netzwerknamen \u00e4ndern.<\/p>\n<\/div>\n<\/div>\n<\/div>\n<\/div>\n<div class=\"panel\" itemprop=\"mainEntity\" itemscope=\"\" itemtype=\"https:\/\/schema.org\/Question\">\n<div class=\"toggle-link\">\n<h3 class=\"panel-title\" itemprop=\"name\">\n            Wie \u00e4ndere ich mein Orange WLAN-Passwort und den Netzwerknamen?<\/h3>\n<\/div>\n<div class=\"panel-collapse\">\n<div class=\"panel-body\" itemprop=\"acceptedAnswer\" itemscope=\"\" itemtype=\"https:\/\/schema.org\/Answer\">\n<div itemprop=\"text\">\n<p>Melden Sie sich bei der Admin-Schnittstelle an, w\u00e4hlen Sie &#8216;Wi-Fi&#8217; Konfiguration aus dem Men\u00fc. Geben Sie den gew\u00fcnschten Netzwerknamen in das Feld &#8216;SSID&#8217; ein. Geben Sie Ihr neues WLAN-Passwort in das Feld &#8216;Key&#8217; ein. Klicken Sie auf &#8216;Apply&#8217; dann auf &#8216;OK&#8217;.<\/p>\n<\/div>\n<\/div>\n<\/div>\n<\/div>\n<div class=\"panel\" itemprop=\"mainEntity\" itemscope=\"\" itemtype=\"https:\/\/schema.org\/Question\">\n<div class=\"toggle-link\">\n<h3 class=\"panel-title\" itemprop=\"name\">\n            F\u00fcr welche Orange Router ist diese Information relevant?<\/h3>\n<\/div>\n<div class=\"panel-collapse\">\n<div class=\"panel-body\" itemprop=\"acceptedAnswer\" itemscope=\"\" itemtype=\"https:\/\/schema.org\/Answer\">\n<div itemprop=\"text\">\n<p>Die Informationen sind relevant f\u00fcr eine Vielzahl von Orange Routermodellen, einschlie\u00dflich, aber nicht beschr\u00e4nkt auf: Orange Airbox, Orange Livebox, Orange Flybox, Orange Livebox Fibra.<\/p>\n<\/div>\n<\/div>\n<\/div>\n<\/div>\n<div class=\"panel\" itemprop=\"mainEntity\" itemscope=\"\" itemtype=\"https:\/\/schema.org\/Question\">\n<div class=\"toggle-link\">\n<h3 class=\"panel-title\" itemprop=\"name\">\n            Kann ich mich von jedem Webbrowser aus bei meinem Orange Router anmelden?<\/h3>\n<\/div>\n<div class=\"panel-collapse\">\n<div class=\"panel-body\" itemprop=\"acceptedAnswer\" itemscope=\"\" itemtype=\"https:\/\/schema.org\/Answer\">\n<div itemprop=\"text\">\n<p>Ja, Sie k\u00f6nnen sich mit jedem standardm\u00e4\u00dfigen Webbrowser in den Einstellungen Ihres Orange Routers anmelden.<\/p>\n<\/div>\n<\/div>\n<\/div>\n<\/div>\n<div class=\"panel\" itemprop=\"mainEntity\" itemscope=\"\" itemtype=\"https:\/\/schema.org\/Question\">\n<div class=\"toggle-link\">\n<h3 class=\"panel-title\" itemprop=\"name\">\n            Ben\u00f6tige ich eine spezielle Software, um mich bei meinem Orange Router anzumelden?<\/h3>\n<\/div>\n<div class=\"panel-collapse\">\n<div class=\"panel-body\" itemprop=\"acceptedAnswer\" itemscope=\"\" itemtype=\"https:\/\/schema.org\/Answer\">\n<div itemprop=\"text\">\n<p>Nein, Sie ben\u00f6tigen keine spezielle Software, um auf Ihren Orange Router zuzugreifen. Ein regul\u00e4rer Internetbrowser ist ausreichend.<\/p>\n<\/div>\n<\/div>\n<\/div>\n<\/div>\n<div class=\"panel\" itemprop=\"mainEntity\" itemscope=\"\" itemtype=\"https:\/\/schema.org\/Question\">\n<div class=\"toggle-link\">\n<h3 class=\"panel-title\" itemprop=\"name\">\n            Kann jemand anderes auf meinen Orange Router zugreifen, wenn er die IP-Adresse hat?<\/h3>\n<\/div>\n<div class=\"panel-collapse\">\n<div class=\"panel-body\" itemprop=\"acceptedAnswer\" itemscope=\"\" itemtype=\"https:\/\/schema.org\/Answer\">\n<div itemprop=\"text\">\n<p>Nein, allein mit der IP-Adresse kann man nicht auf Ihren Orange Router zugreifen. Man ben\u00f6tigt auch den Benutzernamen und das Passwort des Routers.<\/p>\n<\/div>\n<\/div>\n<\/div>\n<\/div>\n<div class=\"panel\" itemprop=\"mainEntity\" itemscope=\"\" itemtype=\"https:\/\/schema.org\/Question\">\n<div class=\"toggle-link\">\n<h3 class=\"panel-title\" itemprop=\"name\">\n            Kann ich die Standard-Login-Daten auf meinem Orange Router \u00e4ndern?<\/h3>\n<\/div>\n<div class=\"panel-collapse\">\n<div class=\"panel-body\" itemprop=\"acceptedAnswer\" itemscope=\"\" itemtype=\"https:\/\/schema.org\/Answer\">\n<div itemprop=\"text\">\n<p>Ja, aus Sicherheitsgr\u00fcnden wird dringend empfohlen, den Standard-Login-Benutzernamen und das Passwort auf Ihrem Orange Router zu \u00e4ndern.<\/p>\n<\/div>\n<\/div>\n<\/div>\n<\/div>\n<div class=\"panel\" itemprop=\"mainEntity\" itemscope=\"\" itemtype=\"https:\/\/schema.org\/Question\">\n<div class=\"toggle-link\">\n<h3 class=\"panel-title\" itemprop=\"name\">\n            Was passiert, wenn ich die Login-Informationen f\u00fcr meinen Orange Router vergesse?<\/h3>\n<\/div>\n<div class=\"panel-collapse\">\n<div class=\"panel-body\" itemprop=\"acceptedAnswer\" itemscope=\"\" itemtype=\"https:\/\/schema.org\/Answer\">\n<div itemprop=\"text\">\n<p>Wenn Sie Ihre Login-Informationen f\u00fcr den Orange Router vergessen, k\u00f6nnen Sie den Router auf die Werkseinstellungen zur\u00fccksetzen, wodurch die Login-Informationen auf die Standardwerte zur\u00fcckgesetzt werden.<\/p>\n<\/div>\n<\/div>\n<\/div>\n<\/div>\n<div class=\"panel\" itemprop=\"mainEntity\" itemscope=\"\" itemtype=\"https:\/\/schema.org\/Question\">\n<div class=\"toggle-link\">\n<h3 class=\"panel-title\" itemprop=\"name\">\n            Wie setze ich meinen Orange Router zur\u00fcck, wenn ich meine Anmeldedaten vergessen habe?<\/h3>\n<\/div>\n<div class=\"panel-collapse\">\n<div class=\"panel-body\" itemprop=\"acceptedAnswer\" itemscope=\"\" itemtype=\"https:\/\/schema.org\/Answer\">\n<div itemprop=\"text\">\n<p>Sie m\u00fcssen den Reset-Knopf an Ihrem Router finden, dr\u00fccken und f\u00fcr etwa 10 Sekunden gedr\u00fcckt halten. Wenn die Betriebsleuchte blinkt, ist der Router auf die Werkseinstellungen zur\u00fcckgesetzt und die Anmeldedaten sind auf die Standardwerte zur\u00fcckgesetzt.<\/p>\n<\/div>\n<\/div>\n<\/div>\n<\/div>\n<div class=\"panel\" itemprop=\"mainEntity\" itemscope=\"\" itemtype=\"https:\/\/schema.org\/Question\">\n<div class=\"toggle-link\">\n<h3 class=\"panel-title\" itemprop=\"name\">\n            Sind mein Netzwerkname und mein WLAN-Passwort das Gleiche?<\/h3>\n<\/div>\n<div class=\"panel-collapse\">\n<div class=\"panel-body\" itemprop=\"acceptedAnswer\" itemscope=\"\" itemtype=\"https:\/\/schema.org\/Answer\">\n<div itemprop=\"text\">\n<p>Nein, Ihr Netzwerkname oder SSID identifiziert Ihr Netzwerk f\u00fcr Ihre Nutzer, w\u00e4hrend Ihr WLAN-Passwort zum Schutz Ihres Netzwerks vor unbefugtem Zugriff verwendet wird.<\/p>\n<\/div>\n<\/div>\n<\/div>\n<\/div>\n<div class=\"panel\" itemprop=\"mainEntity\" itemscope=\"\" itemtype=\"https:\/\/schema.org\/Question\">\n<div class=\"toggle-link\">\n<h3 class=\"panel-title\" itemprop=\"name\">\n            Was passiert, wenn mein Ger\u00e4t auch nach Eingabe des richtigen WLAN-Passworts keine Verbindung herstellt?<\/h3>\n<\/div>\n<div class=\"panel-collapse\">\n<div class=\"panel-body\" itemprop=\"acceptedAnswer\" itemscope=\"\" itemtype=\"https:\/\/schema.org\/Answer\">\n<div itemprop=\"text\">\n<p>M\u00f6glicherweise m\u00fcssen Sie das Netzwerk auf der Liste der gespeicherten Netzwerke Ihres Ger\u00e4ts &#8216;vergessen&#8217; oder l\u00f6schen, bevor Sie versuchen, erneut mit dem neuen Passwort eine Verbindung herzustellen.<\/p>\n<\/div>\n<\/div>\n<\/div>\n<\/div>\n<div class=\"panel\" itemprop=\"mainEntity\" itemscope=\"\" itemtype=\"https:\/\/schema.org\/Question\">\n<div class=\"toggle-link\">\n<h3 class=\"panel-title\" itemprop=\"name\">\n            Beeinflusst die \u00c4nderung meines WLAN-Passworts bereits verbundene Ger\u00e4te?<\/h3>\n<\/div>\n<div class=\"panel-collapse\">\n<div class=\"panel-body\" itemprop=\"acceptedAnswer\" itemscope=\"\" itemtype=\"https:\/\/schema.org\/Answer\">\n<div itemprop=\"text\">\n<p>Ja, die \u00c4nderung Ihres WLAN-Passworts trennt alle zuvor verbundenen Ger\u00e4te. Diese Ger\u00e4te m\u00fcssen sich mit dem neuen Passwort erneut verbinden.<\/p>\n<\/div>\n<\/div>\n<\/div>\n<\/div>\n<div class=\"panel\" itemprop=\"mainEntity\" itemscope=\"\" itemtype=\"https:\/\/schema.org\/Question\">\n<div class=\"toggle-link\">\n<h3 class=\"panel-title\" itemprop=\"name\">\n            Kann ich die SSID meines Orange Routers auf einen beliebigen Namen \u00e4ndern?<\/h3>\n<\/div>\n<div class=\"panel-collapse\">\n<div class=\"panel-body\" itemprop=\"acceptedAnswer\" itemscope=\"\" itemtype=\"https:\/\/schema.org\/Answer\">\n<div itemprop=\"text\">\n<p>Ja, Sie k\u00f6nnen die SSID Ihres Orange Routers auf einen beliebigen Namen Ihrer Wahl \u00e4ndern. Es wird jedoch empfohlen, keine pers\u00f6nlichen Informationen zu verwenden, um die Sicherheit zu gew\u00e4hrleisten.<\/p>\n<\/div>\n<\/div>\n<\/div>\n<\/div>\n<div class=\"panel\" itemprop=\"mainEntity\" itemscope=\"\" itemtype=\"https:\/\/schema.org\/Question\">\n<div class=\"toggle-link\">\n<h3 class=\"panel-title\" itemprop=\"name\">\n            Verwenden verschiedene Orange Router unterschiedliche IP-Adressen f\u00fcr die Anmeldung?<\/h3>\n<\/div>\n<div class=\"panel-collapse\">\n<div class=\"panel-body\" itemprop=\"acceptedAnswer\" itemscope=\"\" itemtype=\"https:\/\/schema.org\/Answer\">\n<div itemprop=\"text\">\n<p>Nein, die meisten Orange Router verwenden die gleiche IP-Adresse, <a href=http:\/\/192.168.1.1>http:\/\/192.168.1.1<\/a>, um auf die Anmeldeseite zuzugreifen.<\/p>\n<\/div>\n<\/div>\n<\/div>\n<\/div>\n<div class=\"panel\" itemprop=\"mainEntity\" itemscope=\"\" itemtype=\"https:\/\/schema.org\/Question\">\n<div class=\"toggle-link\">\n<h3 class=\"panel-title\" itemprop=\"name\">\n            Muss ich meinen Orange Router nach der \u00c4nderung meines WLAN-Passworts und der SSID neu starten?<\/h3>\n<\/div>\n<div class=\"panel-collapse\">\n<div class=\"panel-body\" itemprop=\"acceptedAnswer\" itemscope=\"\" itemtype=\"https:\/\/schema.org\/Answer\">\n<div itemprop=\"text\">\n<p>Nein, in der Regel erfordert das Speichern von \u00c4nderungen an Ihren WLAN-Einstellungen auf Ihrem Orange Router keinen Neustart des Routers.<\/p>\n<\/div>\n<\/div>\n<\/div>\n<\/div>\n<div class=\"panel\" itemprop=\"mainEntity\" itemscope=\"\" itemtype=\"https:\/\/schema.org\/Question\">\n<div class=\"toggle-link\">\n<h3 class=\"panel-title\" itemprop=\"name\">\n            Wie kann ich maximale Sicherheit f\u00fcr den Orange Router gew\u00e4hrleisten?<\/h3>\n<\/div>\n<div class=\"panel-collapse\">\n<div class=\"panel-body\" itemprop=\"acceptedAnswer\" itemscope=\"\" itemtype=\"https:\/\/schema.org\/Answer\">\n<div itemprop=\"text\">\n<p>Um maximale Sicherheit zu gew\u00e4hrleisten, wird empfohlen, die standardm\u00e4\u00dfigen Login-Daten zu \u00e4ndern, ein starkes WLAN-Passwort zu verwenden und regelm\u00e4\u00dfig die Firmware Ihres Routers zu aktualisieren.<\/p>\n<\/div>\n<\/div>\n<\/div>\n<\/div>\n<\/section>\n<\/article>\n","protected":false},"excerpt":{"rendered":"<p>Orange Router Einrichtungsanleitung: Netzwerkname, WiFi &#038; SSID Einstellungen M\u00f6chten Sie Ihre Wi-Fi-Einstellungen an Ihrem Orange Router \u00e4ndern? Wenn Sie nicht herausfinden k\u00f6nnen, wo Sie anfangen sollen, hey, kein Problem! &#128526; Dieser Leitfaden hier hat Sie abgedeckt! Die Einrichtung Ihres Orange Routers ist so einfach wie das Atmen, und in diesem Leitfaden werden wir Sie durch [&hellip;]<\/p>\n","protected":false},"author":2,"featured_media":15,"parent":0,"menu_order":0,"comment_status":"closed","ping_status":"closed","template":"chromecast.php","meta":{"_stopmodifiedupdate":false,"_modified_date":"","_lmt_disableupdate":"yes","_lmt_disable":""},"yoast_head":"<!-- This site is optimized with the Yoast SEO plugin v20.9 - https:\/\/yoast.com\/wordpress\/plugins\/seo\/ -->\n<title>Orange Router Anmeldung. Aktualisiert im Jahr 2026<\/title>\n<meta name=\"robots\" content=\"index, follow, max-snippet:-1, max-image-preview:large, max-video-preview:-1\" \/>\n<link rel=\"canonical\" href=\"https:\/\/www.ping.fm\/ip\/de\/orange-router-anmeldung\/\" \/>\n<meta property=\"og:locale\" content=\"en_US\" \/>\n<meta property=\"og:type\" content=\"article\" \/>\n<meta property=\"og:title\" content=\"Orange Router Anmeldung. Aktualisiert im Jahr 2026\" \/>\n<meta property=\"og:description\" content=\"Orange Router Einrichtungsanleitung: Netzwerkname, WiFi &#038; SSID Einstellungen M\u00f6chten Sie Ihre Wi-Fi-Einstellungen an Ihrem Orange Router \u00e4ndern? Wenn Sie nicht herausfinden k\u00f6nnen, wo Sie anfangen sollen, hey, kein Problem! &#128526; Dieser Leitfaden hier hat Sie abgedeckt! Die Einrichtung Ihres Orange Routers ist so einfach wie das Atmen, und in diesem Leitfaden werden wir Sie durch [&hellip;]\" \/>\n<meta property=\"og:url\" content=\"https:\/\/www.ping.fm\/ip\/de\/orange-router-anmeldung\/\" \/>\n<meta property=\"og:site_name\" content=\"IP\" \/>\n<meta property=\"og:image\" content=\"https:\/\/www.ping.fm\/ip\/wp-content\/uploads\/2023\/07\/wifi.jpg\" \/>\n\t<meta property=\"og:image:width\" content=\"1992\" \/>\n\t<meta property=\"og:image:height\" content=\"1852\" \/>\n\t<meta property=\"og:image:type\" content=\"image\/jpeg\" \/>\n<meta name=\"twitter:card\" content=\"summary_large_image\" \/>\n<meta name=\"twitter:label1\" content=\"Est. reading time\" \/>\n\t<meta name=\"twitter:data1\" content=\"6 minutes\" \/>\n<script type=\"application\/ld+json\" class=\"yoast-schema-graph\">{\"@context\":\"https:\/\/schema.org\",\"@graph\":[{\"@type\":\"WebPage\",\"@id\":\"https:\/\/www.ping.fm\/ip\/de\/orange-router-anmeldung\/\",\"url\":\"https:\/\/www.ping.fm\/ip\/de\/orange-router-anmeldung\/\",\"name\":\"Orange Router Anmeldung. Aktualisiert im Jahr 2026\",\"isPartOf\":{\"@id\":\"https:\/\/www.ping.fm\/ip\/#website\"},\"datePublished\":\"2023-10-19T15:30:15+00:00\",\"dateModified\":\"2023-10-19T15:30:15+00:00\",\"breadcrumb\":{\"@id\":\"https:\/\/www.ping.fm\/ip\/de\/orange-router-anmeldung\/#breadcrumb\"},\"inLanguage\":\"en-US\",\"potentialAction\":[{\"@type\":\"ReadAction\",\"target\":[\"https:\/\/www.ping.fm\/ip\/de\/orange-router-anmeldung\/\"]}]},{\"@type\":\"BreadcrumbList\",\"@id\":\"https:\/\/www.ping.fm\/ip\/de\/orange-router-anmeldung\/#breadcrumb\",\"itemListElement\":[{\"@type\":\"ListItem\",\"position\":1,\"name\":\"Home\",\"item\":\"https:\/\/www.ping.fm\/ip\/\"},{\"@type\":\"ListItem\",\"position\":2,\"name\":\"Orange Router Anmeldung\"}]},{\"@type\":\"WebSite\",\"@id\":\"https:\/\/www.ping.fm\/ip\/#website\",\"url\":\"https:\/\/www.ping.fm\/ip\/\",\"name\":\"IP\",\"description\":\"\",\"potentialAction\":[{\"@type\":\"SearchAction\",\"target\":{\"@type\":\"EntryPoint\",\"urlTemplate\":\"https:\/\/www.ping.fm\/ip\/?s={search_term_string}\"},\"query-input\":\"required name=search_term_string\"}],\"inLanguage\":\"en-US\"}]}<\/script>\n<!-- \/ Yoast SEO plugin. -->","yoast_head_json":{"title":"Orange Router Anmeldung. Aktualisiert im Jahr 2026","robots":{"index":"index","follow":"follow","max-snippet":"max-snippet:-1","max-image-preview":"max-image-preview:large","max-video-preview":"max-video-preview:-1"},"canonical":"https:\/\/www.ping.fm\/ip\/de\/orange-router-anmeldung\/","og_locale":"en_US","og_type":"article","og_title":"Orange Router Anmeldung. Aktualisiert im Jahr 2026","og_description":"Orange Router Einrichtungsanleitung: Netzwerkname, WiFi &#038; SSID Einstellungen M\u00f6chten Sie Ihre Wi-Fi-Einstellungen an Ihrem Orange Router \u00e4ndern? Wenn Sie nicht herausfinden k\u00f6nnen, wo Sie anfangen sollen, hey, kein Problem! &#128526; Dieser Leitfaden hier hat Sie abgedeckt! Die Einrichtung Ihres Orange Routers ist so einfach wie das Atmen, und in diesem Leitfaden werden wir Sie durch [&hellip;]","og_url":"https:\/\/www.ping.fm\/ip\/de\/orange-router-anmeldung\/","og_site_name":"IP","og_image":[{"width":1992,"height":1852,"url":"https:\/\/www.ping.fm\/ip\/wp-content\/uploads\/2023\/07\/wifi.jpg","type":"image\/jpeg"}],"twitter_card":"summary_large_image","twitter_misc":{"Est. reading time":"6 minutes"},"schema":{"@context":"https:\/\/schema.org","@graph":[{"@type":"WebPage","@id":"https:\/\/www.ping.fm\/ip\/de\/orange-router-anmeldung\/","url":"https:\/\/www.ping.fm\/ip\/de\/orange-router-anmeldung\/","name":"Orange Router Anmeldung. Aktualisiert im Jahr 2026","isPartOf":{"@id":"https:\/\/www.ping.fm\/ip\/#website"},"datePublished":"2023-10-19T15:30:15+00:00","dateModified":"2023-10-19T15:30:15+00:00","breadcrumb":{"@id":"https:\/\/www.ping.fm\/ip\/de\/orange-router-anmeldung\/#breadcrumb"},"inLanguage":"en-US","potentialAction":[{"@type":"ReadAction","target":["https:\/\/www.ping.fm\/ip\/de\/orange-router-anmeldung\/"]}]},{"@type":"BreadcrumbList","@id":"https:\/\/www.ping.fm\/ip\/de\/orange-router-anmeldung\/#breadcrumb","itemListElement":[{"@type":"ListItem","position":1,"name":"Home","item":"https:\/\/www.ping.fm\/ip\/"},{"@type":"ListItem","position":2,"name":"Orange Router Anmeldung"}]},{"@type":"WebSite","@id":"https:\/\/www.ping.fm\/ip\/#website","url":"https:\/\/www.ping.fm\/ip\/","name":"IP","description":"","potentialAction":[{"@type":"SearchAction","target":{"@type":"EntryPoint","urlTemplate":"https:\/\/www.ping.fm\/ip\/?s={search_term_string}"},"query-input":"required name=search_term_string"}],"inLanguage":"en-US"}]}},"_links":{"self":[{"href":"https:\/\/www.ping.fm\/ip\/wp-json\/wp\/v2\/pages\/338"}],"collection":[{"href":"https:\/\/www.ping.fm\/ip\/wp-json\/wp\/v2\/pages"}],"about":[{"href":"https:\/\/www.ping.fm\/ip\/wp-json\/wp\/v2\/types\/page"}],"author":[{"embeddable":true,"href":"https:\/\/www.ping.fm\/ip\/wp-json\/wp\/v2\/users\/2"}],"replies":[{"embeddable":true,"href":"https:\/\/www.ping.fm\/ip\/wp-json\/wp\/v2\/comments?post=338"}],"version-history":[{"count":2,"href":"https:\/\/www.ping.fm\/ip\/wp-json\/wp\/v2\/pages\/338\/revisions"}],"predecessor-version":[{"id":554,"href":"https:\/\/www.ping.fm\/ip\/wp-json\/wp\/v2\/pages\/338\/revisions\/554"}],"wp:featuredmedia":[{"embeddable":true,"href":"https:\/\/www.ping.fm\/ip\/wp-json\/wp\/v2\/media\/15"}],"wp:attachment":[{"href":"https:\/\/www.ping.fm\/ip\/wp-json\/wp\/v2\/media?parent=338"}],"curies":[{"name":"wp","href":"https:\/\/api.w.org\/{rel}","templated":true}]}}