{"id":322,"date":"2023-10-19T15:06:57","date_gmt":"2023-10-19T15:06:57","guid":{"rendered":"https:\/\/www.ping.fm\/ip\/?page_id=322"},"modified":"2023-10-19T15:06:57","modified_gmt":"2023-10-19T15:06:57","slug":"zyxel-router-anmeldung","status":"publish","type":"page","link":"https:\/\/www.ping.fm\/ip\/de\/zyxel-router-anmeldung\/","title":{"rendered":"Zyxel Router Anmeldung"},"content":{"rendered":"<article>\n<section>\n<h1>Die ultimative Chronik zur Navigation &#038; Anpassung des Zyxel Router-Logins<\/h1>\n<div class=\"inbrief\">\n<div>\n                                <img src=\"\/ip\/wp-content\/uploads\/generated\/Zyxel-Router-Anmeldung.jpg\" alt=\"Zyxel Router Anmeldung\" title=\"Zyxel Router Anmeldung\" width=\"1280\" height=\"720\"><br \/>\n                                Hallo Leute, habt ihr euch in euer WLAN-Netzwerk eingeloggt, nur um festzustellen, dass es unglaublich langsam ist? Genervt von den neugierigen Nachbarn, die euer WLAN aussaugen? Ich habe den Ninja-Hack, den ihr braucht: Router Login! Es ist euer erster Schritt, um eure WLAN-Freiheit wiederzugewinnen, wenn euer Netzwerk au\u00dfer Kontrolle zu geraten scheint &#8211; \u00e4ndert Passw\u00f6rter, erstellt Gastnetzwerke und verwandelt euer Netzwerk in eine Internetfestung. Laienhaft ausgedr\u00fcckt, ist es wie euer eigenes Internet-Dashboard. Tauchen wir ein &#8211; Zyxel Router Login. &#128187;&#128640;<\/div>\n<\/div>\n<\/section>\n<section>\n<div>\n<div>1<\/div>\n<h2>Einloggen in den Zyxel Router<\/h2>\n<\/div>\n<p>Also, wie loggt man sich in seinen Zyxel-Router ein, fragt ihr? Ganz einfach. \u00d6ffnet euren Internetbrowser (Chrome, Firefox oder den Microsoft-Browser, dessen Name nicht genannt werden soll) und gebt, wie ihr es bei &#8216;www.facebook.com&#8217; tun w\u00fcrdet, <a href='http:\/\/192.168.1.1'>192.168.1.1<\/a> in die Adressleiste ein. Sobald ihr Enter dr\u00fcckt und die Seite geladen ist, verwendet die Standard-Login-Daten: Benutzername <b>admin<\/b> und Passwort <b>1234<\/b> und klickt auf den Login-Button. Bevor ihr es bemerkt, seid ihr in das Zyxel-Konfigurationsinterface eingedrungen! \ud83c\udfa9\u2728<\/section>\n<section>\n<div>\n<div>2<\/div>\n<h2>\u00c4ndern des Zyxel WiFi-Passworts und der SSID<\/h2>\n<\/div>\n<p>In Ordnung, ihr habt das Zyxel Router-Interface infiltriert. Was jetzt? Beginnen wir damit, das WiFi-Passwort zu \u00e4ndern, okay? Wieder auf der <a href='http:\/\/192.168.1.1'>192.168.1.1<\/a> Seite, gebt den Standard-Benutzernamen: <b>admin<\/b> und das Passwort: <b>1234<\/b> (wieder) ein, klickt auf Login. Einmal eingeloggt, navigiert ihr zu den Netzwerkeinstellungen, die ihr im oberen rechten Men\u00fc findet. Aus dem Dropdown-Men\u00fc w\u00e4hlt Wireless. Ihr findet euch auf einem neuen Formular wieder, auf dem ihr euren Wireless Network Name (SSID &#8211; keine Sorge, das ist nur Tech-Jargon f\u00fcr euren WLAN-Netzwerknamen) \u00e4ndern k\u00f6nnt. W\u00e4hlt au\u00dferdem unter Security Level den Security Mode als WPA2-PSK (euer WLAN-Schutzlevel &#8211; WPA2-PSK ist eher ein Schild f\u00fcr euren Ritter) und gebt das neue WLAN-Passwort ein. Dr\u00fcckt auf Apply. Lehnt euch zur\u00fcck und genie\u00dft, wie euer WLAN-Netzwerk nun besser gesch\u00fctzt ist. \ud83c\udfae\ud83d\udd12<\/section>\n<section>\n<div>\n<div>3<\/div>\n<h2>Konfiguration des 2.4G und 5G Wireless Band separat<\/h2>\n<\/div>\n<p>Wartet mal, wir haben noch etwas extra f\u00fcr die Technik-Gourmets. Wenn ihr daran interessiert seid, die 2.4G und 5G Wireless B\u00e4nder separat zu konfigurieren, haben wir das, was ihr braucht (Fast wie zwei verschiedene Radios mit unterschiedlichen Liedern &#8211; in diesem Fall, Internetkan\u00e4len!). Deaktiviert die Option &#8216;Die gleichen Einstellungen f\u00fcr 2.4G und 5G Wireless-Netzwerke beibehalten&#8217; unter euren Wireless-Einstellungen. Jetzt k\u00f6nnt ihr sie separat einstellen. Ist das nicht ein cooler Trick? \ud83c\udf9b\ud83c\udfb5<\/section>\n<section>\n<h2>Schlussfolgerung: \ud83c\udfc1<\/h2>\n<div class=\"nonp\">Und da habt ihr es, Leute! Das ist euer Schritt-f\u00fcr-Schritt-Leitfaden zur magischen Welt des Zyxel Router Logins. Ihr habt jetzt die Kunst des Netzwerk-Anpassens, Passwort-Wechselns und sogar des Konfigurierens verschiedener Wireless-B\u00e4nder gemeistert. Vergesst nicht, mit der Macht des Internets kommt auch gro\u00dfe Verantwortung. Denkt also an die Spiderman-Regel und sch\u00fctzt euer WLAN gut! Lasst uns mit dieser neu entdeckten Macht das WLAN-Universum erobern. Bis zum n\u00e4chsten Mal, haltet eure Netzwerke gesund und sicher! &#128375;&#128188;&#127760;<\/div>\n<\/section>\n<section itemscope=\"\" itemtype=\"https:\/\/schema.org\/FAQPage\">\n<div class=\"panel\" itemprop=\"mainEntity\" itemscope=\"\" itemtype=\"https:\/\/schema.org\/Question\">\n<div class=\"toggle-link\">\n<h3 class=\"panel-title\" itemprop=\"name\">\n            Wie ist der Prozess, um auf die Zyxel-Router-Anmeldeschnittstelle zuzugreifen?<\/h3>\n<\/div>\n<div class=\"panel-collapse\">\n<div class=\"panel-body\" itemprop=\"acceptedAnswer\" itemscope=\"\" itemtype=\"https:\/\/schema.org\/Answer\">\n<div itemprop=\"text\">\n<p>Um auf die Anmeldeschnittstelle des Zyxel-Routers zuzugreifen, starten Sie einen Webbrowser und geben <a href=http:\/\/192.168.1.1>192.168.1.1<\/a> in die Adressleiste ein. Wenn Sie dazu aufgefordert werden, geben Sie den Standardbenutzernamen, das ist <b>admin<\/b> und das Standardpasswort <b>1234<\/b> ein, und klicken Sie auf Anmelden.<\/p>\n<\/div>\n<\/div>\n<\/div>\n<\/div>\n<div class=\"panel\" itemprop=\"mainEntity\" itemscope=\"\" itemtype=\"https:\/\/schema.org\/Question\">\n<div class=\"toggle-link\">\n<h3 class=\"panel-title\" itemprop=\"name\">\n            Wie \u00e4ndere ich das WLAN-Passwort und die SSID meines Zyxel-Routers?<\/h3>\n<\/div>\n<div class=\"panel-collapse\">\n<div class=\"panel-body\" itemprop=\"acceptedAnswer\" itemscope=\"\" itemtype=\"https:\/\/schema.org\/Answer\">\n<div itemprop=\"text\">\n<p>Um das WLAN-Passwort und die SSID Ihres Zyxel-Routers zu \u00e4ndern, \u00f6ffnen Sie einen Webbrowser, gehen Sie zu <a href=http:\/\/192.168.1.1>192.168.1.1<\/a> und melden Sie sich mit den Standardanmeldeinformationen an. \u00dcber das Men\u00fc oben rechts navigieren Sie zu <b>Netzwerkeinstellungen &gt; Drahtlos<\/b>. Hier k\u00f6nnen Sie den Namen des drahtlosen Netzwerks (SSID) \u00e4ndern und ein neues WLAN-Passwort unter der Sicherheitsstufe festlegen. Klicken Sie auf \u00dcbernehmen, um die \u00c4nderungen zu speichern.<\/p>\n<\/div>\n<\/div>\n<\/div>\n<\/div>\n<div class=\"panel\" itemprop=\"mainEntity\" itemscope=\"\" itemtype=\"https:\/\/schema.org\/Question\">\n<div class=\"toggle-link\">\n<h3 class=\"panel-title\" itemprop=\"name\">\n            Gibt es eine M\u00f6glichkeit, die 2,4G und 5G Wireless Bands auf dem Zyxel-Router separat zu konfigurieren?<\/h3>\n<\/div>\n<div class=\"panel-collapse\">\n<div class=\"panel-body\" itemprop=\"acceptedAnswer\" itemscope=\"\" itemtype=\"https:\/\/schema.org\/Answer\">\n<div itemprop=\"text\">\n<p>Um die 2,4G und 5G Wireless Bands auf dem Zyxel-Router einzeln zu konfigurieren, m\u00fcssen Sie die Option Gleiche Einstellungen f\u00fcr 2,4G und 5G Wireless-Netzwerke beibehalten deaktivieren. Diese finden Sie in den Netzwerkeinstellungen, die Sie \u00fcber die Webschnittstelle unter <a href=http:\/\/192.168.1.1>192.168.1.1<\/a> aufrufen k\u00f6nnen.<\/p>\n<\/div>\n<\/div>\n<\/div>\n<\/div>\n<div class=\"panel\" itemprop=\"mainEntity\" itemscope=\"\" itemtype=\"https:\/\/schema.org\/Question\">\n<div class=\"toggle-link\">\n<h3 class=\"panel-title\" itemprop=\"name\">\n            Was sind die Standardanmeldeinformationen f\u00fcr den Zyxel-Router?<\/h3>\n<\/div>\n<div class=\"panel-collapse\">\n<div class=\"panel-body\" itemprop=\"acceptedAnswer\" itemscope=\"\" itemtype=\"https:\/\/schema.org\/Answer\">\n<div itemprop=\"text\">\n<p>Die Standardanmeldeinformationen f\u00fcr den Zyxel-Router sind <b>Benutzername: admin<\/b> und <b>Passwort: 1234<\/b>.<\/p>\n<\/div>\n<\/div>\n<\/div>\n<\/div>\n<div class=\"panel\" itemprop=\"mainEntity\" itemscope=\"\" itemtype=\"https:\/\/schema.org\/Question\">\n<div class=\"toggle-link\">\n<h3 class=\"panel-title\" itemprop=\"name\">\n            Wie kann ich sicherstellen, dass die \u00c4nderungen, die ich an den Einstellungen meines Zyxel-Routers vorgenommen habe, gespeichert werden?<\/h3>\n<\/div>\n<div class=\"panel-collapse\">\n<div class=\"panel-body\" itemprop=\"acceptedAnswer\" itemscope=\"\" itemtype=\"https:\/\/schema.org\/Answer\">\n<div itemprop=\"text\">\n<p>Nachdem Sie \u00c4nderungen an den Einstellungen Ihres Zyxel-Routers \u00fcber die Webschnittstelle vorgenommen haben, m\u00fcssen Sie auf die Schaltfl\u00e4che \u00dcbernehmen dr\u00fccken, um sicherzustellen, dass Ihre \u00c4nderungen gespeichert werden.<\/p>\n<\/div>\n<\/div>\n<\/div>\n<\/div>\n<div class=\"panel\" itemprop=\"mainEntity\" itemscope=\"\" itemtype=\"https:\/\/schema.org\/Question\">\n<div class=\"toggle-link\">\n<h3 class=\"panel-title\" itemprop=\"name\">\n            Wo finde ich in der Zyxel-Router-Konfigurationsschnittstelle die Einstellungen f\u00fcr die Sicherheitsstufe?<\/h3>\n<\/div>\n<div class=\"panel-collapse\">\n<div class=\"panel-body\" itemprop=\"acceptedAnswer\" itemscope=\"\" itemtype=\"https:\/\/schema.org\/Answer\">\n<div itemprop=\"text\">\n<p>Die Einstellungen f\u00fcr die Sicherheitsstufe in der Zyxel-Router-Konfigurationsschnittstelle finden Sie unter <b>Netzwerkeinstellungen &gt; Drahtlos<\/b> nachdem Sie sich in die Webschnittstelle unter <a href=http:\/\/192.168.1.1>192.168.1.1<\/a> eingeloggt haben.<\/p>\n<\/div>\n<\/div>\n<\/div>\n<\/div>\n<div class=\"panel\" itemprop=\"mainEntity\" itemscope=\"\" itemtype=\"https:\/\/schema.org\/Question\">\n<div class=\"toggle-link\">\n<h3 class=\"panel-title\" itemprop=\"name\">\n            Welchen Browser sollte ich verwenden, um mich bei Zyxel-Router anzumelden?<\/h3>\n<\/div>\n<div class=\"panel-collapse\">\n<div class=\"panel-body\" itemprop=\"acceptedAnswer\" itemscope=\"\" itemtype=\"https:\/\/schema.org\/Answer\">\n<div itemprop=\"text\">\n<p>Sie k\u00f6nnen jeden Webbrowser wie Chrome, Firefox, Safari oder Edge verwenden, um sich bei der Webschnittstelle Ihres Zyxel-Routers anzumelden.<\/p>\n<\/div>\n<\/div>\n<\/div>\n<\/div>\n<div class=\"panel\" itemprop=\"mainEntity\" itemscope=\"\" itemtype=\"https:\/\/schema.org\/Question\">\n<div class=\"toggle-link\">\n<h3 class=\"panel-title\" itemprop=\"name\">\n            Was passiert, wenn ich das Anmelde-Passwort meines Zyxel-Routers nicht mehr wei\u00df?<\/h3>\n<\/div>\n<div class=\"panel-collapse\">\n<div class=\"panel-body\" itemprop=\"acceptedAnswer\" itemscope=\"\" itemtype=\"https:\/\/schema.org\/Answer\">\n<div itemprop=\"text\">\n<p>Wenn Sie das Anmelde-Passwort Ihres Zyxel-Routers vergessen haben, m\u00fcssen Sie Ihren Router auf die Werkseinstellungen zur\u00fccksetzen. Nach dem Zur\u00fccksetzen k\u00f6nnen Sie die Standard-Anmeldeinformationen f\u00fcr den Zugriff verwenden.<\/p>\n<\/div>\n<\/div>\n<\/div>\n<\/div>\n<div class=\"panel\" itemprop=\"mainEntity\" itemscope=\"\" itemtype=\"https:\/\/schema.org\/Question\">\n<div class=\"toggle-link\">\n<h3 class=\"panel-title\" itemprop=\"name\">\n            Wie setze ich den Zyxel-Router auf die Werkseinstellungen zur\u00fcck?<\/h3>\n<\/div>\n<div class=\"panel-collapse\">\n<div class=\"panel-body\" itemprop=\"acceptedAnswer\" itemscope=\"\" itemtype=\"https:\/\/schema.org\/Answer\">\n<div itemprop=\"text\">\n<p>Um Ihren Zyxel-Router auf die Werkseinstellungen zur\u00fcckzusetzen, suchen Sie die Reset-Taste auf der R\u00fcckseite des Routers, dr\u00fccken Sie sie mit einer B\u00fcroklammer oder einer Nadel und halten Sie sie etwa zehn Sekunden lang gedr\u00fcckt. Danach startet Ihr Router mit den Werkseinstellungen neu.<\/p>\n<\/div>\n<\/div>\n<\/div>\n<\/div>\n<div class=\"panel\" itemprop=\"mainEntity\" itemscope=\"\" itemtype=\"https:\/\/schema.org\/Question\">\n<div class=\"toggle-link\">\n<h3 class=\"panel-title\" itemprop=\"name\">\n            Was soll ich tun, wenn ich die Anmeldeseite des Zyxel-Routers nicht aufrufen kann?<\/h3>\n<\/div>\n<div class=\"panel-collapse\">\n<div class=\"panel-body\" itemprop=\"acceptedAnswer\" itemscope=\"\" itemtype=\"https:\/\/schema.org\/Answer\">\n<div itemprop=\"text\">\n<p>Wenn Sie die Anmeldeseite des Zyxel-Routers nicht aufrufen k\u00f6nnen, stellen Sie sicher, dass Sie mit dem Netzwerk des Routers verbunden sind, dass der Router eingeschaltet ist und dass die korrekte Webadresse verwendet wird. Die Webadresse lautet <a href=http:\/\/192.168.1.1>192.168.1.1<\/a>.<\/p>\n<\/div>\n<\/div>\n<\/div>\n<\/div>\n<div class=\"panel\" itemprop=\"mainEntity\" itemscope=\"\" itemtype=\"https:\/\/schema.org\/Question\">\n<div class=\"toggle-link\">\n<h3 class=\"panel-title\" itemprop=\"name\">\n            Ist es m\u00f6glich, ein Gastnetzwerk auf dem Zyxel-Router einzurichten?<\/h3>\n<\/div>\n<div class=\"panel-collapse\">\n<div class=\"panel-body\" itemprop=\"acceptedAnswer\" itemscope=\"\" itemtype=\"https:\/\/schema.org\/Answer\">\n<div itemprop=\"text\">\n<p>Ja, Sie k\u00f6nnen ein Gastnetzwerk auf Ihrem Zyxel-Router \u00fcber die Webschnittstelle des Routers im Bereich der drahtlosen Einstellungen einrichten.<\/p>\n<\/div>\n<\/div>\n<\/div>\n<\/div>\n<div class=\"panel\" itemprop=\"mainEntity\" itemscope=\"\" itemtype=\"https:\/\/schema.org\/Question\">\n<div class=\"toggle-link\">\n<h3 class=\"panel-title\" itemprop=\"name\">\n            Wie kann ich meinen Zyxel-Router sichern?<\/h3>\n<\/div>\n<div class=\"panel-collapse\">\n<div class=\"panel-body\" itemprop=\"acceptedAnswer\" itemscope=\"\" itemtype=\"https:\/\/schema.org\/Answer\">\n<div itemprop=\"text\">\n<p>Sie k\u00f6nnen Ihren Zyxel-Router sichern, indem Sie die Standard-Anmeldeinformationen \u00e4ndern, den WPA2-PSK-Sicherheitsmodus f\u00fcr Ihre WLAN-Netzwerke aktivieren und die Firmware des Routers regelm\u00e4\u00dfig aktualisieren.<\/p>\n<\/div>\n<\/div>\n<\/div>\n<\/div>\n<div class=\"panel\" itemprop=\"mainEntity\" itemscope=\"\" itemtype=\"https:\/\/schema.org\/Question\">\n<div class=\"toggle-link\">\n<h3 class=\"panel-title\" itemprop=\"name\">\n            Wie kann ich die Firmware-Version meines Zyxel-Routers pr\u00fcfen?<\/h3>\n<\/div>\n<div class=\"panel-collapse\">\n<div class=\"panel-body\" itemprop=\"acceptedAnswer\" itemscope=\"\" itemtype=\"https:\/\/schema.org\/Answer\">\n<div itemprop=\"text\">\n<p>Um die Firmware-Version Ihres Zyxel-Routers zu pr\u00fcfen, melden Sie sich bei der Webschnittstelle des Routers unter <a href=http:\/\/192.168.1.1>192.168.1.1<\/a> an und navigieren Sie zum Bereich Systeminformationen oder \u00dcber.<\/p>\n<\/div>\n<\/div>\n<\/div>\n<\/div>\n<div class=\"panel\" itemprop=\"mainEntity\" itemscope=\"\" itemtype=\"https:\/\/schema.org\/Question\">\n<div class=\"toggle-link\">\n<h3 class=\"panel-title\" itemprop=\"name\">\n            Wie aktualisiere ich die Firmware meines Zyxel-Routers?<\/h3>\n<\/div>\n<div class=\"panel-collapse\">\n<div class=\"panel-body\" itemprop=\"acceptedAnswer\" itemscope=\"\" itemtype=\"https:\/\/schema.org\/Answer\">\n<div itemprop=\"text\">\n<p>Um die Firmware Ihres Zyxel-Routers zu aktualisieren, laden Sie die neueste Firmware-Version von der Zyxel-Website herunter. Melden Sie sich bei der Webschnittstelle Ihres Routers an, navigieren Sie zum Bereich der Firmware-Aktualisierung und laden Sie die heruntergeladene Datei hoch.<\/p>\n<\/div>\n<\/div>\n<\/div>\n<\/div>\n<div class=\"panel\" itemprop=\"mainEntity\" itemscope=\"\" itemtype=\"https:\/\/schema.org\/Question\">\n<div class=\"toggle-link\">\n<h3 class=\"panel-title\" itemprop=\"name\">\n            Kann ich den Admin-Benutzernamen meines Zyxel-Routers \u00e4ndern?<\/h3>\n<\/div>\n<div class=\"panel-collapse\">\n<div class=\"panel-body\" itemprop=\"acceptedAnswer\" itemscope=\"\" itemtype=\"https:\/\/schema.org\/Answer\">\n<div itemprop=\"text\">\n<p>Ja, Sie k\u00f6nnen den Standard <b>admin<\/b> Benutzernamen auf Ihrem Zyxel-Router \u00fcber die Webschnittstelle des Routers \u00e4ndern. Dieser Prozess variiert leicht je nach Modell, wird aber in der Regel unter System- oder Netzwerkeinstellungen gefunden.<\/p>\n<\/div>\n<\/div>\n<\/div>\n<\/div>\n<div class=\"panel\" itemprop=\"mainEntity\" itemscope=\"\" itemtype=\"https:\/\/schema.org\/Question\">\n<div class=\"toggle-link\">\n<h3 class=\"panel-title\" itemprop=\"name\">\n            Wof\u00fcr steht SSID und welche Rolle spielt es?<\/h3>\n<\/div>\n<div class=\"panel-collapse\">\n<div class=\"panel-body\" itemprop=\"acceptedAnswer\" itemscope=\"\" itemtype=\"https:\/\/schema.org\/Answer\">\n<div itemprop=\"text\">\n<p>Die SSID steht f\u00fcr Service Set Identifier. Es handelt sich dabei um den \u00f6ffentlichen Namen eines drahtlosen Netzwerks, den Ger\u00e4tee beim Scannen von WLAN-Verbindungen sehen. Im Zyxel-Router k\u00f6nnen Sie die SSID \u00e4ndern, um Ihr Netzwerk leicht identifizierbar zu machen.<\/p>\n<\/div>\n<\/div>\n<\/div>\n<\/div>\n<div class=\"panel\" itemprop=\"mainEntity\" itemscope=\"\" itemtype=\"https:\/\/schema.org\/Question\">\n<div class=\"toggle-link\">\n<h3 class=\"panel-title\" itemprop=\"name\">\n            Wie finde ich heraus, was die aktuelle SSID meines Zyxel-Routers ist?<\/h3>\n<\/div>\n<div class=\"panel-collapse\">\n<div class=\"panel-body\" itemprop=\"acceptedAnswer\" itemscope=\"\" itemtype=\"https:\/\/schema.org\/Answer\">\n<div itemprop=\"text\">\n<p>Sie k\u00f6nnen die aktuelle SSID Ihres Zyxel-Routers herausfinden, indem Sie ein Ger\u00e4t mit dem Netzwerk des Routers verbinden und den Netzwerknamen pr\u00fcfen. Alternativ k\u00f6nnen Sie diese auch von der Webschnittstelle des Routers unter &#8216;Drahtlos&#8217; Einstellungen pr\u00fcfen.<\/p>\n<\/div>\n<\/div>\n<\/div>\n<\/div>\n<div class=\"panel\" itemprop=\"mainEntity\" itemscope=\"\" itemtype=\"https:\/\/schema.org\/Question\">\n<div class=\"toggle-link\">\n<h3 class=\"panel-title\" itemprop=\"name\">\n            Ist es notwendig, die Standard-Anmeldeinformationen des Zyxel-Routers zu \u00e4ndern?<\/h3>\n<\/div>\n<div class=\"panel-collapse\">\n<div class=\"panel-body\" itemprop=\"acceptedAnswer\" itemscope=\"\" itemtype=\"https:\/\/schema.org\/Answer\">\n<div itemprop=\"text\">\n<p>Es wird empfohlen, die Standard-Anmeldeinformationen des Zyxel-Routers zu \u00e4ndern, da dies eine zus\u00e4tzliche Sicherheitsebene zu Ihrem Netzwerk hinzuf\u00fcgt und den unbefugten Zugriff verhindert.<\/p>\n<\/div>\n<\/div>\n<\/div>\n<\/div>\n<div class=\"panel\" itemprop=\"mainEntity\" itemscope=\"\" itemtype=\"https:\/\/schema.org\/Question\">\n<div class=\"toggle-link\">\n<h3 class=\"panel-title\" itemprop=\"name\">\n            Gibt es eine M\u00f6glichkeit, die IP-Adresse des Zyxel-Routers herauszufinden?<\/h3>\n<\/div>\n<div class=\"panel-collapse\">\n<div class=\"panel-body\" itemprop=\"acceptedAnswer\" itemscope=\"\" itemtype=\"https:\/\/schema.org\/Answer\">\n<div itemprop=\"text\">\n<p>Sie k\u00f6nnen die IP-Adresse des Zyxel-Routers innerhalb der Webschnittstelle des Routers finden, normalerweise unter &#8216;Systeminformationen&#8217; oder &#8216;Netzwerkeinstellungen&#8217;. Die Standard-IP-Adresse f\u00fcr Zyxel-Router ist normalerweise <a href=http:\/\/192.168.1.1>192.168.1.1<\/a>.<\/p>\n<\/div>\n<\/div>\n<\/div>\n<\/div>\n<div class=\"panel\" itemprop=\"mainEntity\" itemscope=\"\" itemtype=\"https:\/\/schema.org\/Question\">\n<div class=\"toggle-link\">\n<h3 class=\"panel-title\" itemprop=\"name\">\n            Warum sollte ich den WPA2-PSK-Sicherheitsmodus auf meinem Zyxel-Router aktivieren?<\/h3>\n<\/div>\n<div class=\"panel-collapse\">\n<div class=\"panel-body\" itemprop=\"acceptedAnswer\" itemscope=\"\" itemtype=\"https:\/\/schema.org\/Answer\">\n<div itemprop=\"text\">\n<p>Durch die Aktivierung des WPA2-PSK-Sicherheitsmodus auf Ihrem Zyxel-Router wird eine hohe Verschl\u00fcsselungsstufe f\u00fcr Ihr WLAN-Netzwerk bereitgestellt, das es gegen unbefugten Zugriff und m\u00f6gliche Bedrohungen sch\u00fctzt.<\/p>\n<\/div>\n<\/div>\n<\/div>\n<\/div>\n<\/section>\n<\/article>\n","protected":false},"excerpt":{"rendered":"<p>Die ultimative Chronik zur Navigation &#038; Anpassung des Zyxel Router-Logins Hallo Leute, habt ihr euch in euer WLAN-Netzwerk eingeloggt, nur um festzustellen, dass es unglaublich langsam ist? Genervt von den neugierigen Nachbarn, die euer WLAN aussaugen? Ich habe den Ninja-Hack, den ihr braucht: Router Login! Es ist euer erster Schritt, um eure WLAN-Freiheit wiederzugewinnen, wenn [&hellip;]<\/p>\n","protected":false},"author":2,"featured_media":15,"parent":0,"menu_order":0,"comment_status":"closed","ping_status":"closed","template":"chromecast.php","meta":{"_stopmodifiedupdate":false,"_modified_date":"","_lmt_disableupdate":"yes","_lmt_disable":""},"yoast_head":"<!-- This site is optimized with the Yoast SEO plugin v20.9 - https:\/\/yoast.com\/wordpress\/plugins\/seo\/ -->\n<title>Zyxel Router Anmeldung. Aktualisiert im Jahr 2026<\/title>\n<meta name=\"robots\" content=\"index, follow, max-snippet:-1, max-image-preview:large, max-video-preview:-1\" \/>\n<link rel=\"canonical\" href=\"https:\/\/www.ping.fm\/ip\/de\/zyxel-router-anmeldung\/\" \/>\n<meta property=\"og:locale\" content=\"en_US\" \/>\n<meta property=\"og:type\" content=\"article\" \/>\n<meta property=\"og:title\" content=\"Zyxel Router Anmeldung. Aktualisiert im Jahr 2026\" \/>\n<meta property=\"og:description\" content=\"Die ultimative Chronik zur Navigation &#038; Anpassung des Zyxel Router-Logins Hallo Leute, habt ihr euch in euer WLAN-Netzwerk eingeloggt, nur um festzustellen, dass es unglaublich langsam ist? Genervt von den neugierigen Nachbarn, die euer WLAN aussaugen? Ich habe den Ninja-Hack, den ihr braucht: Router Login! Es ist euer erster Schritt, um eure WLAN-Freiheit wiederzugewinnen, wenn [&hellip;]\" \/>\n<meta property=\"og:url\" content=\"https:\/\/www.ping.fm\/ip\/de\/zyxel-router-anmeldung\/\" \/>\n<meta property=\"og:site_name\" content=\"IP\" \/>\n<meta property=\"og:image\" content=\"https:\/\/www.ping.fm\/ip\/wp-content\/uploads\/2023\/07\/wifi.jpg\" \/>\n\t<meta property=\"og:image:width\" content=\"1992\" \/>\n\t<meta property=\"og:image:height\" content=\"1852\" \/>\n\t<meta property=\"og:image:type\" content=\"image\/jpeg\" \/>\n<meta name=\"twitter:card\" content=\"summary_large_image\" \/>\n<meta name=\"twitter:label1\" content=\"Est. reading time\" \/>\n\t<meta name=\"twitter:data1\" content=\"6 minutes\" \/>\n<script type=\"application\/ld+json\" class=\"yoast-schema-graph\">{\"@context\":\"https:\/\/schema.org\",\"@graph\":[{\"@type\":\"WebPage\",\"@id\":\"https:\/\/www.ping.fm\/ip\/de\/zyxel-router-anmeldung\/\",\"url\":\"https:\/\/www.ping.fm\/ip\/de\/zyxel-router-anmeldung\/\",\"name\":\"Zyxel Router Anmeldung. Aktualisiert im Jahr 2026\",\"isPartOf\":{\"@id\":\"https:\/\/www.ping.fm\/ip\/#website\"},\"datePublished\":\"2023-10-19T15:06:57+00:00\",\"dateModified\":\"2023-10-19T15:06:57+00:00\",\"breadcrumb\":{\"@id\":\"https:\/\/www.ping.fm\/ip\/de\/zyxel-router-anmeldung\/#breadcrumb\"},\"inLanguage\":\"en-US\",\"potentialAction\":[{\"@type\":\"ReadAction\",\"target\":[\"https:\/\/www.ping.fm\/ip\/de\/zyxel-router-anmeldung\/\"]}]},{\"@type\":\"BreadcrumbList\",\"@id\":\"https:\/\/www.ping.fm\/ip\/de\/zyxel-router-anmeldung\/#breadcrumb\",\"itemListElement\":[{\"@type\":\"ListItem\",\"position\":1,\"name\":\"Home\",\"item\":\"https:\/\/www.ping.fm\/ip\/\"},{\"@type\":\"ListItem\",\"position\":2,\"name\":\"Zyxel Router Anmeldung\"}]},{\"@type\":\"WebSite\",\"@id\":\"https:\/\/www.ping.fm\/ip\/#website\",\"url\":\"https:\/\/www.ping.fm\/ip\/\",\"name\":\"IP\",\"description\":\"\",\"potentialAction\":[{\"@type\":\"SearchAction\",\"target\":{\"@type\":\"EntryPoint\",\"urlTemplate\":\"https:\/\/www.ping.fm\/ip\/?s={search_term_string}\"},\"query-input\":\"required name=search_term_string\"}],\"inLanguage\":\"en-US\"}]}<\/script>\n<!-- \/ Yoast SEO plugin. -->","yoast_head_json":{"title":"Zyxel Router Anmeldung. Aktualisiert im Jahr 2026","robots":{"index":"index","follow":"follow","max-snippet":"max-snippet:-1","max-image-preview":"max-image-preview:large","max-video-preview":"max-video-preview:-1"},"canonical":"https:\/\/www.ping.fm\/ip\/de\/zyxel-router-anmeldung\/","og_locale":"en_US","og_type":"article","og_title":"Zyxel Router Anmeldung. Aktualisiert im Jahr 2026","og_description":"Die ultimative Chronik zur Navigation &#038; Anpassung des Zyxel Router-Logins Hallo Leute, habt ihr euch in euer WLAN-Netzwerk eingeloggt, nur um festzustellen, dass es unglaublich langsam ist? Genervt von den neugierigen Nachbarn, die euer WLAN aussaugen? Ich habe den Ninja-Hack, den ihr braucht: Router Login! Es ist euer erster Schritt, um eure WLAN-Freiheit wiederzugewinnen, wenn [&hellip;]","og_url":"https:\/\/www.ping.fm\/ip\/de\/zyxel-router-anmeldung\/","og_site_name":"IP","og_image":[{"width":1992,"height":1852,"url":"https:\/\/www.ping.fm\/ip\/wp-content\/uploads\/2023\/07\/wifi.jpg","type":"image\/jpeg"}],"twitter_card":"summary_large_image","twitter_misc":{"Est. reading time":"6 minutes"},"schema":{"@context":"https:\/\/schema.org","@graph":[{"@type":"WebPage","@id":"https:\/\/www.ping.fm\/ip\/de\/zyxel-router-anmeldung\/","url":"https:\/\/www.ping.fm\/ip\/de\/zyxel-router-anmeldung\/","name":"Zyxel Router Anmeldung. Aktualisiert im Jahr 2026","isPartOf":{"@id":"https:\/\/www.ping.fm\/ip\/#website"},"datePublished":"2023-10-19T15:06:57+00:00","dateModified":"2023-10-19T15:06:57+00:00","breadcrumb":{"@id":"https:\/\/www.ping.fm\/ip\/de\/zyxel-router-anmeldung\/#breadcrumb"},"inLanguage":"en-US","potentialAction":[{"@type":"ReadAction","target":["https:\/\/www.ping.fm\/ip\/de\/zyxel-router-anmeldung\/"]}]},{"@type":"BreadcrumbList","@id":"https:\/\/www.ping.fm\/ip\/de\/zyxel-router-anmeldung\/#breadcrumb","itemListElement":[{"@type":"ListItem","position":1,"name":"Home","item":"https:\/\/www.ping.fm\/ip\/"},{"@type":"ListItem","position":2,"name":"Zyxel Router Anmeldung"}]},{"@type":"WebSite","@id":"https:\/\/www.ping.fm\/ip\/#website","url":"https:\/\/www.ping.fm\/ip\/","name":"IP","description":"","potentialAction":[{"@type":"SearchAction","target":{"@type":"EntryPoint","urlTemplate":"https:\/\/www.ping.fm\/ip\/?s={search_term_string}"},"query-input":"required name=search_term_string"}],"inLanguage":"en-US"}]}},"_links":{"self":[{"href":"https:\/\/www.ping.fm\/ip\/wp-json\/wp\/v2\/pages\/322"}],"collection":[{"href":"https:\/\/www.ping.fm\/ip\/wp-json\/wp\/v2\/pages"}],"about":[{"href":"https:\/\/www.ping.fm\/ip\/wp-json\/wp\/v2\/types\/page"}],"author":[{"embeddable":true,"href":"https:\/\/www.ping.fm\/ip\/wp-json\/wp\/v2\/users\/2"}],"replies":[{"embeddable":true,"href":"https:\/\/www.ping.fm\/ip\/wp-json\/wp\/v2\/comments?post=322"}],"version-history":[{"count":3,"href":"https:\/\/www.ping.fm\/ip\/wp-json\/wp\/v2\/pages\/322\/revisions"}],"predecessor-version":[{"id":558,"href":"https:\/\/www.ping.fm\/ip\/wp-json\/wp\/v2\/pages\/322\/revisions\/558"}],"wp:featuredmedia":[{"embeddable":true,"href":"https:\/\/www.ping.fm\/ip\/wp-json\/wp\/v2\/media\/15"}],"wp:attachment":[{"href":"https:\/\/www.ping.fm\/ip\/wp-json\/wp\/v2\/media?parent=322"}],"curies":[{"name":"wp","href":"https:\/\/api.w.org\/{rel}","templated":true}]}}