{"id":318,"date":"2023-10-19T15:04:17","date_gmt":"2023-10-19T15:04:17","guid":{"rendered":"https:\/\/www.ping.fm\/ip\/?page_id=318"},"modified":"2023-10-19T15:04:17","modified_gmt":"2023-10-19T15:04:17","slug":"mein-mifi","status":"publish","type":"page","link":"https:\/\/www.ping.fm\/ip\/de\/mein-mifi\/","title":{"rendered":"Mein.mifi"},"content":{"rendered":"<article>\n<section>\n<h1>Optimieren Sie Ihren &#53;G MiFi Mobile Hotspot wie ein Profi &#128081;: Ein vollst\u00e4ndiger Leitfaden<\/h1>\n<div class=\"inbrief\">\n<div>\n                                <img src=\"\/ip\/wp-content\/uploads\/generated\/Mein-mifi.jpg\" alt=\"Mein.mifi\" title=\"Mein.mifi\" width=\"1280\" height=\"720\"><\/p>\n<p>Haben Sie sich jemals gew\u00fcnscht, Sie k\u00f6nnten Ihre &#53;G MiFi Mobile Hotspot Einstellungen wie ein Boss beherrschen? &#128170; Nun, Ihr Wunsch ist gerade in Erf\u00fcllung gegangen! Heute lernen Sie, wie Sie sich bei der <a href='http:\/\/my.mifi'>My.mifi<\/a> Admin Seite einloggen und Ihr WiFi Passwort, SSID und andere Standardeinstellungen \u00e4ndern k\u00f6nnen. &#128187;&#127760; Wir behandeln das Protokoll f\u00fcr Inseego MiFi und andere Co-Branding Mobile Hotspots von T-Mobile, AT&amp;T und Verizon. Lassen Sie uns eintauchen! &#127946;&#8205;&#9794;&#65039;&#127754;<\/p>\n<\/div>\n<\/div>\n<\/section>\n<section>\n<div>\n<div>1<\/div>\n<h2>Login zu Ihrem My.mifi<\/h2>\n<\/div>\n<p>St\u00fcrzen Sie sich ins kalte Wasser, indem Sie Ihren Lieblingsbrowser \u00f6ffnen und <a href='http:\/\/my.mifi'>my.mifi<\/a> oder <a href='http:\/\/192.168.1.1'>192.168.1.1<\/a> in die Adressleiste eingeben. Klicken Sie auf die Schaltfl\u00e4che <b>Sign In<\/b>, die sich in der oberen rechten Ecke befindet. Geben Sie Ihr Admin Passwort ein und klicken Sie erneut auf die Schaltfl\u00e4che <b>Sign In<\/b>. Wenn Sie sich fragen, wo Sie Ihr Admin Passwort finden, keine Sorge! W\u00e4hlen Sie einfach die Hilfefunktion \ud83c\udd98 auf dem Startbildschirm Ihres MiFi Ger\u00e4tes und w\u00e4hlen Sie dann Admin Webseite. Voila! Ihr Admin Passwort wird angezeigt! \ud83c\udf89<\/p>\n<\/section>\n<section>\n<div>\n<div>2<\/div>\n<h2>So geben Sie Ihrem WiFi &#038; SSID eine neue Identit\u00e4t<\/h2>\n<\/div>\n<p>Sobald Sie sich auf der Admin Seite Ihres MiFi befinden, suchen Sie nach dem WiFi Signal Icon \ud83d\udd3d unter <b>WiFi<\/b>. Klicken Sie darauf und w\u00e4hlen Sie die Registerkarte Prim\u00e4res Netzwerk. Danach wird es noch interessanter: Sie k\u00f6nnen nun Ihren bevorzugten WiFi Netzwerknamen in das Feld <b>Name des prim\u00e4ren Netzwerks (SSID)<\/b> eingeben. Gleich daneben k\u00f6nnen Sie ein neues WiFi Passwort erstellen und in den Bereich <b>Passwort<\/b> eingeben. Denken Sie sich ein Passwort aus, das so hart wie Diamant ist \ud83d\udc8e, aber trotzdem leicht zu merken. Wenn Sie fertig sind, klicken Sie auf <b>\u00c4nderungen speichern<\/b> und Sie sind fertig! \ud83c\udfc1 Ihre Einstellungen werden \u00fcbernommen.<\/p>\n<\/section>\n<section>\n<div>\n<div>3<\/div>\n<h2>Andere coole Dinge, die Sie auf der MiFi Admin Seite tun k\u00f6nnen<\/h2>\n<\/div>\n<p>Lassen Sie uns nicht nur bei der \u00c4nderung des Namens und des Passworts Ihres Wi-Fi stehen, Sie k\u00f6nnen mit vielen anderen Einstellungen in der MiFi Admin Panel spielen. Sie k\u00f6nnen Verbindungen verwalten, Datenverbrauchslimits einrichten, Bandpr\u00e4ferenzen festlegen und sogar Netzinformationen anzeigen. Also seien Sie kein Fremder, erkunden Sie die verschiedenen Optionen, jedes Mal, wenn Sie dies tun, wird Ihr Wissen \u00fcber Ihre MiFi Navigation reicher und Sie werden noch cooler. \ud83d\ude0e\u270c\ud83c\udffd<\/p>\n<\/section>\n<section>\n<h2>Fazit: \ud83c\udfc1<\/h2>\n<div class=\"nonp\">\n<p>Herzlichen Gl\u00fcckwunsch! Sie haben gerade gelernt, wie Sie Ihre &#53;G MiFi Mobile Hotspot Einstellungen wie ein echter Profi optimieren k\u00f6nnen. Wir wetten, MrBeast w\u00e4re stolz! Sie haben nicht nur Ihren WiFi Namen ge\u00e4ndert und ein neues Passwort erstellt, sondern haben auch das How-to erworben, um eine Vielzahl von anderen Einstellungen zu erkunden. &#128079; Computerzauberei h\u00f6rt hier nicht auf, fahren Sie fort zu erkunden, weiter zu lernen und jeden um Sie herum mit Ihren technischen F\u00e4higkeiten zu beeindrucken. &#128302;&#10024; Die Technologiewelt entwickelt sich st\u00e4ndig weiter und Sie sollten es auch. Frohes Surfen! &#127940;&#8205;&#9794;&#65039;&#127760;&#128077;<\/p>\n<\/div>\n<\/section>\n<section itemscope=\"\" itemtype=\"https:\/\/schema.org\/FAQPage\">\n<div class=\"panel\" itemprop=\"mainEntity\" itemscope=\"\" itemtype=\"https:\/\/schema.org\/Question\">\n<div class=\"toggle-link\">\n<h3 class=\"panel-title\" itemprop=\"name\">\n            Was ist der Zweck der My.mifi Admin-Seite?<\/h3>\n<\/div>\n<div class=\"panel-collapse\">\n<div class=\"panel-body\" itemprop=\"acceptedAnswer\" itemscope=\"\" itemtype=\"https:\/\/schema.org\/Answer\">\n<div itemprop=\"text\">\n<p>Die <b>My.mifi Admin-Seite<\/b> dient als prim\u00e4re Schnittstelle zur Verwaltung Ihres My.mifi-Ger\u00e4ts. Sie erm\u00f6glicht Ihnen, das WiFi-Passwort, die SSID und andere Standardeinstellungen Ihres 5G MiFi Mobile Hotspot zu \u00e4ndern.<\/p>\n<\/div>\n<\/div>\n<\/div>\n<\/div>\n<div class=\"panel\" itemprop=\"mainEntity\" itemscope=\"\" itemtype=\"https:\/\/schema.org\/Question\">\n<div class=\"toggle-link\">\n<h3 class=\"panel-title\" itemprop=\"name\">\n            Wie melde ich mich auf der My.mifi Admin-Seite an?<\/h3>\n<\/div>\n<div class=\"panel-collapse\">\n<div class=\"panel-body\" itemprop=\"acceptedAnswer\" itemscope=\"\" itemtype=\"https:\/\/schema.org\/Answer\">\n<div itemprop=\"text\">\n<p>Um sich anzumelden, \u00f6ffnen Sie Ihren Webbrowser und geben Sie <a href=http:\/\/my.mifi>my.mifi<\/a> oder <b>192.168.1.1<\/b> in die Adressleiste ein. Klicken Sie auf &#8216;Anmelden&#8217;, das sich in der oberen rechten Ecke befindet. Geben Sie das Admin-Passwort ein und klicken Sie dann erneut auf &#8216;Anmelden&#8217;. Das Admin-Passwort finden Sie, indem Sie die Option &#8216;Hilfe&#8217; im Startbildschirm Ihres MiFi-Ger\u00e4ts ausw\u00e4hlen und dann &#8216;Admin-Website&#8217; w\u00e4hlen.<\/p>\n<\/div>\n<\/div>\n<\/div>\n<\/div>\n<div class=\"panel\" itemprop=\"mainEntity\" itemscope=\"\" itemtype=\"https:\/\/schema.org\/Question\">\n<div class=\"toggle-link\">\n<h3 class=\"panel-title\" itemprop=\"name\">\n            Wo finde ich das Admin-Passwort f\u00fcr My.mifi?<\/h3>\n<\/div>\n<div class=\"panel-collapse\">\n<div class=\"panel-body\" itemprop=\"acceptedAnswer\" itemscope=\"\" itemtype=\"https:\/\/schema.org\/Answer\">\n<div itemprop=\"text\">\n<p>Um Ihr Admin-Passwort zu finden, navigieren Sie zum Startbildschirm Ihres MiFi-Ger\u00e4ts und w\u00e4hlen Sie &#8216;Hilfe&#8217;. W\u00e4hlen Sie dann &#8216;Admin-Website&#8217;. Hier wird Ihr Admin-Passwort angezeigt.<\/p>\n<\/div>\n<\/div>\n<\/div>\n<\/div>\n<div class=\"panel\" itemprop=\"mainEntity\" itemscope=\"\" itemtype=\"https:\/\/schema.org\/Question\">\n<div class=\"toggle-link\">\n<h3 class=\"panel-title\" itemprop=\"name\">\n            Wie kann ich das MiFi-Passwort und die SSID \u00e4ndern?<\/h3>\n<\/div>\n<div class=\"panel-collapse\">\n<div class=\"panel-body\" itemprop=\"acceptedAnswer\" itemscope=\"\" itemtype=\"https:\/\/schema.org\/Answer\">\n<div itemprop=\"text\">\n<p>Nachdem Sie sich auf der Admin-Seite angemeldet haben, klicken Sie auf das Pfeilsymbol &#8216;>&#8217; unter WiFi und w\u00e4hlen Sie die Registerkarte &#8216;Prim\u00e4res Netzwerk&#8217;. Geben Sie den gew\u00fcnschten WiFi-Netzwerknamen in das Feld &#8216;Prim\u00e4rer Netzwerkname (SSID)&#8217; und Ihr gew\u00fcnschtes WiFi-Passwort in das Feld &#8216;Passwort&#8217; ein. Klicken Sie auf &#8216;\u00c4nderungen speichern&#8217;, um Ihre neuen Einstellungen zu \u00fcbernehmen.<\/p>\n<\/div>\n<\/div>\n<\/div>\n<\/div>\n<div class=\"panel\" itemprop=\"mainEntity\" itemscope=\"\" itemtype=\"https:\/\/schema.org\/Question\">\n<div class=\"toggle-link\">\n<h3 class=\"panel-title\" itemprop=\"name\">\n            Was kann ich mit der Registerkarte Prim\u00e4res Netzwerk tun?<\/h3>\n<\/div>\n<div class=\"panel-collapse\">\n<div class=\"panel-body\" itemprop=\"acceptedAnswer\" itemscope=\"\" itemtype=\"https:\/\/schema.org\/Answer\">\n<div itemprop=\"text\">\n<p>Die Registerkarte &#8216;Prim\u00e4res Netzwerk&#8217; in der My.mifi Admin-Schnittstelle erm\u00f6glicht es Ihnen, den WiFi-Netzwerknamen und das WiFi-Passwort Ihres MiFi-Ger\u00e4ts zu \u00e4ndern.<\/p>\n<\/div>\n<\/div>\n<\/div>\n<\/div>\n<div class=\"panel\" itemprop=\"mainEntity\" itemscope=\"\" itemtype=\"https:\/\/schema.org\/Question\">\n<div class=\"toggle-link\">\n<h3 class=\"panel-title\" itemprop=\"name\">\n            Wie speichere ich \u00c4nderungen an den Netzwerkeinstellungen auf der My.mifi Admin-Seite?<\/h3>\n<\/div>\n<div class=\"panel-collapse\">\n<div class=\"panel-body\" itemprop=\"acceptedAnswer\" itemscope=\"\" itemtype=\"https:\/\/schema.org\/Answer\">\n<div itemprop=\"text\">\n<p>Nachdem Sie die notwendigen \u00c4nderungen an den Netzwerkeinstellungen auf der <b>My.mifi Admin-Seite<\/b> vorgenommen haben, klicken Sie auf &#8216;\u00c4nderungen speichern&#8217;, um die neuen Einstellungen f\u00fcr Ihr Ger\u00e4t zu aktualisieren und anzuwenden.<\/p>\n<\/div>\n<\/div>\n<\/div>\n<\/div>\n<div class=\"panel\" itemprop=\"mainEntity\" itemscope=\"\" itemtype=\"https:\/\/schema.org\/Question\">\n<div class=\"toggle-link\">\n<h3 class=\"panel-title\" itemprop=\"name\">\n            Gelten diese Schritte auch f\u00fcr T-Mobile, AT&#038;T und Verizon 5G Mobile Hotspots?<\/h3>\n<\/div>\n<div class=\"panel-collapse\">\n<div class=\"panel-body\" itemprop=\"acceptedAnswer\" itemscope=\"\" itemtype=\"https:\/\/schema.org\/Answer\">\n<div itemprop=\"text\">\n<p>Ja, diese Schritte zur \u00c4nderung der Einstellungen auf der My.mifi Admin-Seite gelten auch f\u00fcr Co-Branding-T-Mobile, AT&#038;T und Verizon 5G Mobile Hotspots.<\/p>\n<\/div>\n<\/div>\n<\/div>\n<\/div>\n<div class=\"panel\" itemprop=\"mainEntity\" itemscope=\"\" itemtype=\"https:\/\/schema.org\/Question\">\n<div class=\"toggle-link\">\n<h3 class=\"panel-title\" itemprop=\"name\">\n            Was gebe ich in die Adressleiste des Browsers ein, um auf die My.mifi Admin-Seite zuzugreifen?<\/h3>\n<\/div>\n<div class=\"panel-collapse\">\n<div class=\"panel-body\" itemprop=\"acceptedAnswer\" itemscope=\"\" itemtype=\"https:\/\/schema.org\/Answer\">\n<div itemprop=\"text\">\n<p>Geben Sie <a href=http:\/\/my.mifi>my.mifi<\/a> oder <b>192.168.1.1<\/b> in die Adressleiste Ihres Webbrowsers ein, um auf die My.mifi Admin-Seite zuzugreifen.<\/p>\n<\/div>\n<\/div>\n<\/div>\n<\/div>\n<div class=\"panel\" itemprop=\"mainEntity\" itemscope=\"\" itemtype=\"https:\/\/schema.org\/Question\">\n<div class=\"toggle-link\">\n<h3 class=\"panel-title\" itemprop=\"name\">\n            Wo finde ich den &#8216;Anmelden&#8217;-Button auf der My.mifi Admin-Seite?<\/h3>\n<\/div>\n<div class=\"panel-collapse\">\n<div class=\"panel-body\" itemprop=\"acceptedAnswer\" itemscope=\"\" itemtype=\"https:\/\/schema.org\/Answer\">\n<div itemprop=\"text\">\n<p>Der &#8216;Anmelden&#8217;-Button befindet sich in der oberen rechten Ecke der My.mifi Admin-Seite.<\/p>\n<\/div>\n<\/div>\n<\/div>\n<\/div>\n<div class=\"panel\" itemprop=\"mainEntity\" itemscope=\"\" itemtype=\"https:\/\/schema.org\/Question\">\n<div class=\"toggle-link\">\n<h3 class=\"panel-title\" itemprop=\"name\">\n            Wie kann ich den WiFi-Netzwerknamen anpassen?<\/h3>\n<\/div>\n<div class=\"panel-collapse\">\n<div class=\"panel-body\" itemprop=\"acceptedAnswer\" itemscope=\"\" itemtype=\"https:\/\/schema.org\/Answer\">\n<div itemprop=\"text\">\n<p>Sie k\u00f6nnen den WiFi-Netzwerknamen \u00e4ndern, indem Sie sich auf der Admin-Seite anmelden, das Pfeilsymbol &#8216;>&#8217;, &#8216;Prim\u00e4res Netzwerk&#8217; ausw\u00e4hlen und den neuen Netzwerknamen in das Feld &#8216;Prim\u00e4rer Netzwerkname (SSID)&#8217; eingeben.<\/p>\n<\/div>\n<\/div>\n<\/div>\n<\/div>\n<div class=\"panel\" itemprop=\"mainEntity\" itemscope=\"\" itemtype=\"https:\/\/schema.org\/Question\">\n<div class=\"toggle-link\">\n<h3 class=\"panel-title\" itemprop=\"name\">\n            Wie kann ich das WiFi-Passwort zur\u00fccksetzen?<\/h3>\n<\/div>\n<div class=\"panel-collapse\">\n<div class=\"panel-body\" itemprop=\"acceptedAnswer\" itemscope=\"\" itemtype=\"https:\/\/schema.org\/Answer\">\n<div itemprop=\"text\">\n<p>Um das WiFi-Passwort zur\u00fcckzusetzen, melden Sie sich auf der Admin-Seite an, klicken Sie auf das Pfeilsymbol &#8216;>&#8217;, w\u00e4hlen Sie &#8216;Prim\u00e4res Netzwerk&#8217;, geben Sie das neue Passwort in das Feld &#8216;Passwort&#8217; ein und klicken Sie dann auf &#8216;\u00c4nderungen speichern&#8217;.<\/p>\n<\/div>\n<\/div>\n<\/div>\n<\/div>\n<div class=\"panel\" itemprop=\"mainEntity\" itemscope=\"\" itemtype=\"https:\/\/schema.org\/Question\">\n<div class=\"toggle-link\">\n<h3 class=\"panel-title\" itemprop=\"name\">\n            Wo gebe ich die neue SSID und das Passwort f\u00fcr mein My.mifi ein?<\/h3>\n<\/div>\n<div class=\"panel-collapse\">\n<div class=\"panel-body\" itemprop=\"acceptedAnswer\" itemscope=\"\" itemtype=\"https:\/\/schema.org\/Answer\">\n<div itemprop=\"text\">\n<p>Sie k\u00f6nnen die neue SSID und das Passwort unter der Registerkarte &#8216;Prim\u00e4res Netzwerk&#8217; eingeben, nachdem Sie das Pfeilsymbol &#8216;>&#8217; auf der Admin-Seite angeklickt haben.<\/p>\n<\/div>\n<\/div>\n<\/div>\n<\/div>\n<div class=\"panel\" itemprop=\"mainEntity\" itemscope=\"\" itemtype=\"https:\/\/schema.org\/Question\">\n<div class=\"toggle-link\">\n<h3 class=\"panel-title\" itemprop=\"name\">\n            Wie hilft mir die Option &#8216;Hilfe&#8217; auf dem Bildschirm des MiFi-Ger\u00e4ts?<\/h3>\n<\/div>\n<div class=\"panel-collapse\">\n<div class=\"panel-body\" itemprop=\"acceptedAnswer\" itemscope=\"\" itemtype=\"https:\/\/schema.org\/Answer\">\n<div itemprop=\"text\">\n<p>Die Option &#8216;Hilfe&#8217; auf dem Startbildschirm Ihres MiFi-Ger\u00e4ts bietet Anleitung und Unterst\u00fctzung, einschlie\u00dflich der Anzeige des Admin-Passworts f\u00fcr die My.mifi Admin-Seite.<\/p>\n<\/div>\n<\/div>\n<\/div>\n<\/div>\n<div class=\"panel\" itemprop=\"mainEntity\" itemscope=\"\" itemtype=\"https:\/\/schema.org\/Question\">\n<div class=\"toggle-link\">\n<h3 class=\"panel-title\" itemprop=\"name\">\n            Kann ich die My.mifi Admin-Seite in jedem Browser \u00f6ffnen?<\/h3>\n<\/div>\n<div class=\"panel-collapse\">\n<div class=\"panel-body\" itemprop=\"acceptedAnswer\" itemscope=\"\" itemtype=\"https:\/\/schema.org\/Answer\">\n<div itemprop=\"text\">\n<p>Ja, die My.mifi Admin-Seite kann mit jedem Webbrowser ge\u00f6ffnet werden, indem Sie <a href=http:\/\/my.mifi>my.mifi<\/a> oder <b>192.168.1.1<\/b> in die Adressleiste eingeben.<\/p>\n<\/div>\n<\/div>\n<\/div>\n<\/div>\n<div class=\"panel\" itemprop=\"mainEntity\" itemscope=\"\" itemtype=\"https:\/\/schema.org\/Question\">\n<div class=\"toggle-link\">\n<h3 class=\"panel-title\" itemprop=\"name\">\n            Was passiert, wenn ich mein Admin-Passwort vergesse?<\/h3>\n<\/div>\n<div class=\"panel-collapse\">\n<div class=\"panel-body\" itemprop=\"acceptedAnswer\" itemscope=\"\" itemtype=\"https:\/\/schema.org\/Answer\">\n<div itemprop=\"text\">\n<p>Wenn Sie Ihr Admin-Passwort vergessen haben, k\u00f6nnen Sie es finden, indem Sie die Option &#8216;Hilfe&#8217; im Startbildschirm Ihres MiFi-Ger\u00e4ts ausw\u00e4hlen und dann &#8216;Admin-Website&#8217; w\u00e4hlen, was Ihr Admin-Passwort anzeigt.<\/p>\n<\/div>\n<\/div>\n<\/div>\n<\/div>\n<div class=\"panel\" itemprop=\"mainEntity\" itemscope=\"\" itemtype=\"https:\/\/schema.org\/Question\">\n<div class=\"toggle-link\">\n<h3 class=\"panel-title\" itemprop=\"name\">\n            Welche Informationen ben\u00f6tige ich, um mich auf der My.mifi Admin-Seite anzumelden?<\/h3>\n<\/div>\n<div class=\"panel-collapse\">\n<div class=\"panel-body\" itemprop=\"acceptedAnswer\" itemscope=\"\" itemtype=\"https:\/\/schema.org\/Answer\">\n<div itemprop=\"text\">\n<p>Um sich auf der My.mifi Admin-Seite anzumelden, ben\u00f6tigen Sie nur das Admin-Passwort, das Sie finden, indem Sie die Option &#8216;Hilfe&#8217; auf dem Startbildschirm Ihres MiFi-Ger\u00e4ts ausw\u00e4hlen und dann &#8216;Admin-Website&#8217; w\u00e4hlen.<\/p>\n<\/div>\n<\/div>\n<\/div>\n<\/div>\n<div class=\"panel\" itemprop=\"mainEntity\" itemscope=\"\" itemtype=\"https:\/\/schema.org\/Question\">\n<div class=\"toggle-link\">\n<h3 class=\"panel-title\" itemprop=\"name\">\n            Welche Schritte muss ich unternehmen, um die Standardeinstellungen auf meinem My.mifi-Ger\u00e4t zu \u00e4ndern?<\/h3>\n<\/div>\n<div class=\"panel-collapse\">\n<div class=\"panel-body\" itemprop=\"acceptedAnswer\" itemscope=\"\" itemtype=\"https:\/\/schema.org\/Answer\">\n<div itemprop=\"text\">\n<p>Um die Standardeinstellungen zu \u00e4ndern, melden Sie sich auf der My.mifi Admin-Seite an, w\u00e4hlen Sie die Registerkarte &#8216;Prim\u00e4res Netzwerk&#8217; aus, nachdem Sie auf das Pfeilsymbol &#8216;>&#8217; geklickt haben, und \u00e4ndern Sie dann den WiFi-Netzwerknamen und das Passwort. Diese neuen Einstellungen werden angewendet, wenn Sie auf &#8216;\u00c4nderungen speichern&#8217; klicken.<\/p>\n<\/div>\n<\/div>\n<\/div>\n<\/div>\n<div class=\"panel\" itemprop=\"mainEntity\" itemscope=\"\" itemtype=\"https:\/\/schema.org\/Question\">\n<div class=\"toggle-link\">\n<h3 class=\"panel-title\" itemprop=\"name\">\n            Kann ich auf My.mifi andere Einstellungen als SSID und Passwort \u00e4ndern?<\/h3>\n<\/div>\n<div class=\"panel-collapse\">\n<div class=\"panel-body\" itemprop=\"acceptedAnswer\" itemscope=\"\" itemtype=\"https:\/\/schema.org\/Answer\">\n<div itemprop=\"text\">\n<p>Ja, auf der My.mifi Admin-Seite k\u00f6nnen Sie auch andere Standardeinstellungen \u00e4ndern als den WiFi-Netzwerknamen und das Passwort. F\u00fcr detaillierte Anwendungen konsultieren Sie bitte die Bedienungsanleitung Ihres Ger\u00e4ts oder wenden Sie sich an den Kundendienst.<\/p>\n<\/div>\n<\/div>\n<\/div>\n<\/div>\n<div class=\"panel\" itemprop=\"mainEntity\" itemscope=\"\" itemtype=\"https:\/\/schema.org\/Question\">\n<div class=\"toggle-link\">\n<h3 class=\"panel-title\" itemprop=\"name\">\n            Brauche ich besondere technische Kenntnisse, um die Standardeinstellungen auf My.mifi zu \u00e4ndern?<\/h3>\n<\/div>\n<div class=\"panel-collapse\">\n<div class=\"panel-body\" itemprop=\"acceptedAnswer\" itemscope=\"\" itemtype=\"https:\/\/schema.org\/Answer\">\n<div itemprop=\"text\">\n<p>Nein, Sie ben\u00f6tigen keine besonderen technischen Kenntnisse, um die Standardeinstellungen auf My.mifi zu \u00e4ndern. Die Oberfl\u00e4che ist benutzerfreundlich gestaltet und auf der Admin-Seite werden die Anweisungen Schritt f\u00fcr Schritt zur leichteren Navigation bereitgestellt.<\/p>\n<\/div>\n<\/div>\n<\/div>\n<\/div>\n<\/section>\n<\/article>\n","protected":false},"excerpt":{"rendered":"<p>Optimieren Sie Ihren &#53;G MiFi Mobile Hotspot wie ein Profi &#128081;: Ein vollst\u00e4ndiger Leitfaden Haben Sie sich jemals gew\u00fcnscht, Sie k\u00f6nnten Ihre &#53;G MiFi Mobile Hotspot Einstellungen wie ein Boss beherrschen? &#128170; Nun, Ihr Wunsch ist gerade in Erf\u00fcllung gegangen! Heute lernen Sie, wie Sie sich bei der My.mifi Admin Seite einloggen und Ihr WiFi [&hellip;]<\/p>\n","protected":false},"author":2,"featured_media":15,"parent":0,"menu_order":0,"comment_status":"closed","ping_status":"closed","template":"chromecast.php","meta":{"_stopmodifiedupdate":false,"_modified_date":"","_lmt_disableupdate":"yes","_lmt_disable":""},"yoast_head":"<!-- This site is optimized with the Yoast SEO plugin v20.9 - https:\/\/yoast.com\/wordpress\/plugins\/seo\/ -->\n<title>Mein.mifi. Aktualisiert im Jahr 2026<\/title>\n<meta name=\"robots\" content=\"index, follow, max-snippet:-1, max-image-preview:large, max-video-preview:-1\" \/>\n<link rel=\"canonical\" href=\"https:\/\/www.ping.fm\/ip\/de\/mein-mifi\/\" \/>\n<meta property=\"og:locale\" content=\"en_US\" \/>\n<meta property=\"og:type\" content=\"article\" \/>\n<meta property=\"og:title\" content=\"Mein.mifi. Aktualisiert im Jahr 2026\" \/>\n<meta property=\"og:description\" content=\"Optimieren Sie Ihren &#053;G MiFi Mobile Hotspot wie ein Profi &#128081;: Ein vollst\u00e4ndiger Leitfaden Haben Sie sich jemals gew\u00fcnscht, Sie k\u00f6nnten Ihre &#053;G MiFi Mobile Hotspot Einstellungen wie ein Boss beherrschen? &#128170; Nun, Ihr Wunsch ist gerade in Erf\u00fcllung gegangen! Heute lernen Sie, wie Sie sich bei der My.mifi Admin Seite einloggen und Ihr WiFi [&hellip;]\" \/>\n<meta property=\"og:url\" content=\"https:\/\/www.ping.fm\/ip\/de\/mein-mifi\/\" \/>\n<meta property=\"og:site_name\" content=\"IP\" \/>\n<meta property=\"og:image\" content=\"https:\/\/www.ping.fm\/ip\/wp-content\/uploads\/2023\/07\/wifi.jpg\" \/>\n\t<meta property=\"og:image:width\" content=\"1992\" \/>\n\t<meta property=\"og:image:height\" content=\"1852\" \/>\n\t<meta property=\"og:image:type\" content=\"image\/jpeg\" \/>\n<meta name=\"twitter:card\" content=\"summary_large_image\" \/>\n<meta name=\"twitter:label1\" content=\"Est. reading time\" \/>\n\t<meta name=\"twitter:data1\" content=\"6 minutes\" \/>\n<script type=\"application\/ld+json\" class=\"yoast-schema-graph\">{\"@context\":\"https:\/\/schema.org\",\"@graph\":[{\"@type\":\"WebPage\",\"@id\":\"https:\/\/www.ping.fm\/ip\/de\/mein-mifi\/\",\"url\":\"https:\/\/www.ping.fm\/ip\/de\/mein-mifi\/\",\"name\":\"Mein.mifi. Aktualisiert im Jahr 2026\",\"isPartOf\":{\"@id\":\"https:\/\/www.ping.fm\/ip\/#website\"},\"datePublished\":\"2023-10-19T15:04:17+00:00\",\"dateModified\":\"2023-10-19T15:04:17+00:00\",\"breadcrumb\":{\"@id\":\"https:\/\/www.ping.fm\/ip\/de\/mein-mifi\/#breadcrumb\"},\"inLanguage\":\"en-US\",\"potentialAction\":[{\"@type\":\"ReadAction\",\"target\":[\"https:\/\/www.ping.fm\/ip\/de\/mein-mifi\/\"]}]},{\"@type\":\"BreadcrumbList\",\"@id\":\"https:\/\/www.ping.fm\/ip\/de\/mein-mifi\/#breadcrumb\",\"itemListElement\":[{\"@type\":\"ListItem\",\"position\":1,\"name\":\"Home\",\"item\":\"https:\/\/www.ping.fm\/ip\/\"},{\"@type\":\"ListItem\",\"position\":2,\"name\":\"Mein.mifi\"}]},{\"@type\":\"WebSite\",\"@id\":\"https:\/\/www.ping.fm\/ip\/#website\",\"url\":\"https:\/\/www.ping.fm\/ip\/\",\"name\":\"IP\",\"description\":\"\",\"potentialAction\":[{\"@type\":\"SearchAction\",\"target\":{\"@type\":\"EntryPoint\",\"urlTemplate\":\"https:\/\/www.ping.fm\/ip\/?s={search_term_string}\"},\"query-input\":\"required name=search_term_string\"}],\"inLanguage\":\"en-US\"}]}<\/script>\n<!-- \/ Yoast SEO plugin. -->","yoast_head_json":{"title":"Mein.mifi. Aktualisiert im Jahr 2026","robots":{"index":"index","follow":"follow","max-snippet":"max-snippet:-1","max-image-preview":"max-image-preview:large","max-video-preview":"max-video-preview:-1"},"canonical":"https:\/\/www.ping.fm\/ip\/de\/mein-mifi\/","og_locale":"en_US","og_type":"article","og_title":"Mein.mifi. Aktualisiert im Jahr 2026","og_description":"Optimieren Sie Ihren &#53;G MiFi Mobile Hotspot wie ein Profi &#128081;: Ein vollst\u00e4ndiger Leitfaden Haben Sie sich jemals gew\u00fcnscht, Sie k\u00f6nnten Ihre &#53;G MiFi Mobile Hotspot Einstellungen wie ein Boss beherrschen? &#128170; Nun, Ihr Wunsch ist gerade in Erf\u00fcllung gegangen! Heute lernen Sie, wie Sie sich bei der My.mifi Admin Seite einloggen und Ihr WiFi [&hellip;]","og_url":"https:\/\/www.ping.fm\/ip\/de\/mein-mifi\/","og_site_name":"IP","og_image":[{"width":1992,"height":1852,"url":"https:\/\/www.ping.fm\/ip\/wp-content\/uploads\/2023\/07\/wifi.jpg","type":"image\/jpeg"}],"twitter_card":"summary_large_image","twitter_misc":{"Est. reading time":"6 minutes"},"schema":{"@context":"https:\/\/schema.org","@graph":[{"@type":"WebPage","@id":"https:\/\/www.ping.fm\/ip\/de\/mein-mifi\/","url":"https:\/\/www.ping.fm\/ip\/de\/mein-mifi\/","name":"Mein.mifi. Aktualisiert im Jahr 2026","isPartOf":{"@id":"https:\/\/www.ping.fm\/ip\/#website"},"datePublished":"2023-10-19T15:04:17+00:00","dateModified":"2023-10-19T15:04:17+00:00","breadcrumb":{"@id":"https:\/\/www.ping.fm\/ip\/de\/mein-mifi\/#breadcrumb"},"inLanguage":"en-US","potentialAction":[{"@type":"ReadAction","target":["https:\/\/www.ping.fm\/ip\/de\/mein-mifi\/"]}]},{"@type":"BreadcrumbList","@id":"https:\/\/www.ping.fm\/ip\/de\/mein-mifi\/#breadcrumb","itemListElement":[{"@type":"ListItem","position":1,"name":"Home","item":"https:\/\/www.ping.fm\/ip\/"},{"@type":"ListItem","position":2,"name":"Mein.mifi"}]},{"@type":"WebSite","@id":"https:\/\/www.ping.fm\/ip\/#website","url":"https:\/\/www.ping.fm\/ip\/","name":"IP","description":"","potentialAction":[{"@type":"SearchAction","target":{"@type":"EntryPoint","urlTemplate":"https:\/\/www.ping.fm\/ip\/?s={search_term_string}"},"query-input":"required name=search_term_string"}],"inLanguage":"en-US"}]}},"_links":{"self":[{"href":"https:\/\/www.ping.fm\/ip\/wp-json\/wp\/v2\/pages\/318"}],"collection":[{"href":"https:\/\/www.ping.fm\/ip\/wp-json\/wp\/v2\/pages"}],"about":[{"href":"https:\/\/www.ping.fm\/ip\/wp-json\/wp\/v2\/types\/page"}],"author":[{"embeddable":true,"href":"https:\/\/www.ping.fm\/ip\/wp-json\/wp\/v2\/users\/2"}],"replies":[{"embeddable":true,"href":"https:\/\/www.ping.fm\/ip\/wp-json\/wp\/v2\/comments?post=318"}],"version-history":[{"count":2,"href":"https:\/\/www.ping.fm\/ip\/wp-json\/wp\/v2\/pages\/318\/revisions"}],"predecessor-version":[{"id":560,"href":"https:\/\/www.ping.fm\/ip\/wp-json\/wp\/v2\/pages\/318\/revisions\/560"}],"wp:featuredmedia":[{"embeddable":true,"href":"https:\/\/www.ping.fm\/ip\/wp-json\/wp\/v2\/media\/15"}],"wp:attachment":[{"href":"https:\/\/www.ping.fm\/ip\/wp-json\/wp\/v2\/media?parent=318"}],"curies":[{"name":"wp","href":"https:\/\/api.w.org\/{rel}","templated":true}]}}