{"id":307,"date":"2023-10-19T14:55:35","date_gmt":"2023-10-19T14:55:35","guid":{"rendered":"https:\/\/www.ping.fm\/ip\/?page_id=307"},"modified":"2023-10-19T14:55:35","modified_gmt":"2023-10-19T14:55:35","slug":"o-2-spot","status":"publish","type":"page","link":"https:\/\/www.ping.fm\/ip\/de\/o-2-spot\/","title":{"rendered":"o2.spot"},"content":{"rendered":"<article>\n<section>\n<h1>Dekodieren der Wifi-Leistung mit o&#50;.spot: Ein MrBeast-Stil-Leitfaden f\u00fcr Heimnetzwerke &#127760;<\/h1>\n<div class=\"inbrief\">\n<div>\n                                <img src=\"\/ip\/wp-content\/uploads\/generated\/o2.spot.jpg\" alt=\"o2.spot\" title=\"o2.spot\" width=\"1280\" height=\"720\"><\/p>\n<p><b>Hey, Beast Fam! &#128227;<\/b> Haben Sie sich jemals gefragt, wie Sie Ihren WiFi-Einstellungen den Dreh rausgeben oder Ihr Passwort auf <a href=\"http:\/\/o&#50;.spot\">o&#50;.spot<\/a> \u00e4ndern k\u00f6nnen? Genau wie die Jagd nach diesem $&#49;&#48;,&#48;&#48;&#48; Scheck in unseren actiongeladenen Videos kann es sich wie eine Schatzsuche anf\u00fchlen. Aber kein Schwei\u00df! Genau wie beim Hausabriss mit Hulk-H\u00e4nden &#128170;, haben wir diese Herausforderung im Griff. In diesem Leitfaden zeigen wir Ihnen, wie Sie in den Beast-Modus wechseln und diese Einstellungen zu Ihrem Spielzeug machen! &#128074;&#128165;<\/p>\n<\/div>\n<\/div>\n<\/section>\n<section>\n<div>\n<div>1<\/div>\n<h2>Anmeldung bei o2.spot wie ein Beast \ud83e\udd8d<\/h2>\n<\/div>\n<p>Der erste Schritt auf unserer epischen Reise? Gehe zu <a href=\"http:\/\/o2.spot\">o2.spot<\/a> oder gib 192.168.1.1 in der Adressleiste deines Browsers ein. Jetzt musst du nur noch dein Passwort eingeben und auf Login klicken. Boom! \ud83d\udca3 Du bist drin! Du findest dieses Passwort auf der R\u00fcckseite deines o2 HomeSpot Ger\u00e4ts, auf einem Etikett geschrieben \u2013 hier musst du keinen Schatz graben! \ud83c\udff4\u200d\u2620\ufe0f<\/p>\n<p>Und vergiss nicht, Erstbenutzer! Dein Ger\u00e4t spielt dieses Spiel gerne mit dir! Es wird dich bitten, die SIM-Karten-PIN zum Entsperren einzugeben. Die SIM-Karten-PIN ist wie dein Zauberstab \u2013 du findest sie auf dem SIM-Kartentablett. \ud83d\udddd\ufe0f\ud83d\udc96<\/p>\n<\/section>\n<section>\n<div>\n<div>2<\/div>\n<h2>\u00c4nderung Ihres o2-HomeSpot-Wi-Fi-Kennworts und Netzwerknamens \ud83c\udccf\ud83d\udd11<\/h2>\n<\/div>\n<p>Frisch eingeloggt, bist du quasi der Herr des Wifi-Schlosses! \ud83c\udff0 Willst du einen neuen Netzwerknamen oder WLAN-Passwort? Kein Problem! Gehe zu Netzwerk &gt; WLAN in der Benutzeroberfl\u00e4che. Gib deinen neuen WLAN-Netzwerknamen in das Feld WLAN-Name (SSID) ein. Willst du auch dein WLAN-Passwort \u00e4ndern? F\u00fcge es in das Feld WLAN-Passwort ein. Dann klicke auf Speichern \u2013 packe es wie ein Weihnachtsgeschenk ein! \ud83c\udf81<\/p>\n<p>Und f\u00fcr euch Beasts, die den ultimativen Power-Move wollen? \ud83c\udf1f Verwendet eine Unified SSID f\u00fcr sowohl 2.4 als auch 5 GHz-B\u00e4nder! Schalte einfach die Band Steering Option ein! \ud83d\ude80\u2728<\/p>\n<\/section>\n<section>\n<h2>Schlussfolgerung: \ud83c\udfc1<\/h2>\n<div class=\"nonp\">\n<p>Ja, du hast es geschafft! &#128170;&#128165; Genau wie beim Durchbrechen einer Eiswand mit Flammenwerfern, hast du dich durch diese WLAN-Einstellungen gek\u00e4mpft! Ob du dein WLAN-Passwort \u00e4nderst, deinen Netzwerknamen, oder mit deinen HomeSpot Einstellungen auf <a href=\"http:\/\/o&#50;.spot\">o&#50;.spot<\/a> herumspielst, jetzt hast du es drauf! &#127760;&#128296; Und denke daran, \u00c4nderungen kontieren! \u00c4nderungen k\u00f6nnen wie eine Herausforderung wirken, aber mit jedem Klick verbesserst du deine Internet-Erfahrung, machst sie beastly! &#129470;&#128293; Jetzt musst du sitzen zur\u00fccklehnen, entspannen und dein jetzt aufgepepptes WLAN seine Sache machen lassen! &#128715;&#65039;&#127752;<\/p>\n<\/div>\n<\/section>\n<section itemscope=\"\" itemtype=\"https:\/\/schema.org\/FAQPage\">\n<div class=\"panel\" itemprop=\"mainEntity\" itemscope=\"\" itemtype=\"https:\/\/schema.org\/Question\">\n<div class=\"toggle-link\">\n<h3 class=\"panel-title\" itemprop=\"name\">\n            Was ist o2.spot?<\/h3>\n<\/div>\n<div class=\"panel-collapse\">\n<div class=\"panel-body\" itemprop=\"acceptedAnswer\" itemscope=\"\" itemtype=\"https:\/\/schema.org\/Answer\">\n<div itemprop=\"text\">\n<p>o2.spot ist die Benutzeroberfl\u00e4che, die Ihnen erlaubt, das WLAN-Passwort, Netzwerknamen (SSID) und Standard o2 HomeSpot Einstellungen zu \u00e4ndern, auf <a href=http:\/\/o2.spot>http:\/\/o2.spot<\/a> oder 192.168.1.1.<\/p>\n<\/div>\n<\/div>\n<\/div>\n<\/div>\n<div class=\"panel\" itemprop=\"mainEntity\" itemscope=\"\" itemtype=\"https:\/\/schema.org\/Question\">\n<div class=\"toggle-link\">\n<h3 class=\"panel-title\" itemprop=\"name\">\n            Wie kann ich mich bei o2 HomeSpot anmelden?<\/h3>\n<\/div>\n<div class=\"panel-collapse\">\n<div class=\"panel-body\" itemprop=\"acceptedAnswer\" itemscope=\"\" itemtype=\"https:\/\/schema.org\/Answer\">\n<div itemprop=\"text\">\n<p>Sie k\u00f6nnen sich bei o2 HomeSpot anmelden, indem Sie einen Browser \u00f6ffnen und <a href=http:\/\/o2.spot>http:\/\/o2.spot<\/a> oder 192.168.1.1 in die Adressleiste tippen. Geben Sie das Passwort ein und klicken Sie auf &#8216;Login&#8217;. Das Passwort steht auf einem Aufkleber auf der R\u00fcckseite Ihres o2 HomeSpot Ger\u00e4tes.<\/p>\n<\/div>\n<\/div>\n<\/div>\n<\/div>\n<div class=\"panel\" itemprop=\"mainEntity\" itemscope=\"\" itemtype=\"https:\/\/schema.org\/Question\">\n<div class=\"toggle-link\">\n<h3 class=\"panel-title\" itemprop=\"name\">\n            Was passiert, wenn ich mich zum ersten Mal bei o2 HomeSpot anmelde?<\/h3>\n<\/div>\n<div class=\"panel-collapse\">\n<div class=\"panel-body\" itemprop=\"acceptedAnswer\" itemscope=\"\" itemtype=\"https:\/\/schema.org\/Answer\">\n<div itemprop=\"text\">\n<p>Wenn Sie sich das erste Mal anmelden, werden Sie aufgefordert, die PIN Ihrer SIM-Karte einzugeben, um sie zu entsperren. Die PIN Ihrer SIM-Karte befindet sich auf dem SIM-Kartenfach.<\/p>\n<\/div>\n<\/div>\n<\/div>\n<\/div>\n<div class=\"panel\" itemprop=\"mainEntity\" itemscope=\"\" itemtype=\"https:\/\/schema.org\/Question\">\n<div class=\"toggle-link\">\n<h3 class=\"panel-title\" itemprop=\"name\">\n            Wie kann ich das WLAN-Passwort und den Netzwerknamen von meinem o2 HomeSpot \u00e4ndern?<\/h3>\n<\/div>\n<div class=\"panel-collapse\">\n<div class=\"panel-body\" itemprop=\"acceptedAnswer\" itemscope=\"\" itemtype=\"https:\/\/schema.org\/Answer\">\n<div itemprop=\"text\">\n<p>Nach der Anmeldung in der Benutzeroberfl\u00e4che w\u00e4hlen Sie &#8216;Netzwerk&#8217; > &#8216;WLAN&#8217;. Tragen Sie den WLAN-Netzwerknamen in das Feld WLAN-Name (SSID) ein. Geben Sie das WLAN-Passwort in das Feld WLAN-Passwort ein. Klicken Sie abschlie\u00dfend auf &#8216;Speichern&#8217;.<\/p>\n<\/div>\n<\/div>\n<\/div>\n<\/div>\n<div class=\"panel\" itemprop=\"mainEntity\" itemscope=\"\" itemtype=\"https:\/\/schema.org\/Question\">\n<div class=\"toggle-link\">\n<h3 class=\"panel-title\" itemprop=\"name\">\n            Was macht die Option &#8216;Band Steering&#8217; auf meinem o2.spot?<\/h3>\n<\/div>\n<div class=\"panel-collapse\">\n<div class=\"panel-body\" itemprop=\"acceptedAnswer\" itemscope=\"\" itemtype=\"https:\/\/schema.org\/Answer\">\n<div itemprop=\"text\">\n<p>Die Option &#8216;Band Steering&#8217; erm\u00f6glicht es Ihnen, eine Unified SSID sowohl f\u00fcr 2,4 als auch f\u00fcr 5 GHz zu verwenden, wenn sie eingeschaltet ist.<\/p>\n<\/div>\n<\/div>\n<\/div>\n<\/div>\n<div class=\"panel\" itemprop=\"mainEntity\" itemscope=\"\" itemtype=\"https:\/\/schema.org\/Question\">\n<div class=\"toggle-link\">\n<h3 class=\"panel-title\" itemprop=\"name\">\n            Kann ich meine o2.spot Einstellungen von einem beliebigen Computer \u00e4ndern?<\/h3>\n<\/div>\n<div class=\"panel-collapse\">\n<div class=\"panel-body\" itemprop=\"acceptedAnswer\" itemscope=\"\" itemtype=\"https:\/\/schema.org\/Answer\">\n<div itemprop=\"text\">\n<p>Sie k\u00f6nnen Ihre o2.spot Einstellungen von jedem Computer mit einem Webbrowser \u00e4ndern, der mit Ihrem o2 HomeSpot-Netzwerk verbunden ist.<\/p>\n<\/div>\n<\/div>\n<\/div>\n<\/div>\n<div class=\"panel\" itemprop=\"mainEntity\" itemscope=\"\" itemtype=\"https:\/\/schema.org\/Question\">\n<div class=\"toggle-link\">\n<h3 class=\"panel-title\" itemprop=\"name\">\n            Was ist das Standardpasswort f\u00fcr die Anmeldung bei o2.spot?<\/h3>\n<\/div>\n<div class=\"panel-collapse\">\n<div class=\"panel-body\" itemprop=\"acceptedAnswer\" itemscope=\"\" itemtype=\"https:\/\/schema.org\/Answer\">\n<div itemprop=\"text\">\n<p>Das Standardpasswort f\u00fcr die Anmeldung bei o2.spot steht auf einem Aufkleber auf der R\u00fcckseite des o2 HomeSpot Ger\u00e4tes.<\/p>\n<\/div>\n<\/div>\n<\/div>\n<\/div>\n<div class=\"panel\" itemprop=\"mainEntity\" itemscope=\"\" itemtype=\"https:\/\/schema.org\/Question\">\n<div class=\"toggle-link\">\n<h3 class=\"panel-title\" itemprop=\"name\">\n            Was passiert, wenn ich beim ersten Anmelden die PIN der SIM-Karte vergesse?<\/h3>\n<\/div>\n<div class=\"panel-collapse\">\n<div class=\"panel-body\" itemprop=\"acceptedAnswer\" itemscope=\"\" itemtype=\"https:\/\/schema.org\/Answer\">\n<div itemprop=\"text\">\n<p>Wenn Sie die PIN Ihrer SIM-Karte vergessen haben, sollten Sie sich auf das SIM-Kartenfach beziehen, auf dem sie normalerweise aufgedruckt ist.<\/p>\n<\/div>\n<\/div>\n<\/div>\n<\/div>\n<div class=\"panel\" itemprop=\"mainEntity\" itemscope=\"\" itemtype=\"https:\/\/schema.org\/Question\">\n<div class=\"toggle-link\">\n<h3 class=\"panel-title\" itemprop=\"name\">\n            K\u00f6nnen mehrere Ger\u00e4te gleichzeitig eine Verbindung zum o2 HomeSpot herstellen?<\/h3>\n<\/div>\n<div class=\"panel-collapse\">\n<div class=\"panel-body\" itemprop=\"acceptedAnswer\" itemscope=\"\" itemtype=\"https:\/\/schema.org\/Answer\">\n<div itemprop=\"text\">\n<p>Ja, mehrere Ger\u00e4te k\u00f6nnen gleichzeitig ohne Probleme eine Verbindung zum o2 HomeSpot herstellen.<\/p>\n<\/div>\n<\/div>\n<\/div>\n<\/div>\n<div class=\"panel\" itemprop=\"mainEntity\" itemscope=\"\" itemtype=\"https:\/\/schema.org\/Question\">\n<div class=\"toggle-link\">\n<h3 class=\"panel-title\" itemprop=\"name\">\n            Ist es sicher, meine o2 HomeSpot Einstellungen zu \u00e4ndern?<\/h3>\n<\/div>\n<div class=\"panel-collapse\">\n<div class=\"panel-body\" itemprop=\"acceptedAnswer\" itemscope=\"\" itemtype=\"https:\/\/schema.org\/Answer\">\n<div itemprop=\"text\">\n<p>Ja, es ist sicher, Ihre o2 HomeSpot Einstellungen zu \u00e4ndern, solange Sie Ihre Anmeldedaten sicher und privat halten.<\/p>\n<\/div>\n<\/div>\n<\/div>\n<\/div>\n<div class=\"panel\" itemprop=\"mainEntity\" itemscope=\"\" itemtype=\"https:\/\/schema.org\/Question\">\n<div class=\"toggle-link\">\n<h3 class=\"panel-title\" itemprop=\"name\">\n            Kann ich die Standardeinstellungen auf meinem o2.spot wiederherstellen?<\/h3>\n<\/div>\n<div class=\"panel-collapse\">\n<div class=\"panel-body\" itemprop=\"acceptedAnswer\" itemscope=\"\" itemtype=\"https:\/\/schema.org\/Answer\">\n<div itemprop=\"text\">\n<p>Sie k\u00f6nnen die Standardeinstellungen auf Ihrem o2.spot \u00fcber die Benutzeroberfl\u00e4che wiederherstellen. Allerdings ben\u00f6tigen Sie das Standardpasswort, das auf Ihrem o2 HomeSpot Ger\u00e4t gedruckt ist.<\/p>\n<\/div>\n<\/div>\n<\/div>\n<\/div>\n<div class=\"panel\" itemprop=\"mainEntity\" itemscope=\"\" itemtype=\"https:\/\/schema.org\/Question\">\n<div class=\"toggle-link\">\n<h3 class=\"panel-title\" itemprop=\"name\">\n            Was sollte ich tun, wenn ich Probleme beim Einloggen in o2.spot habe?<\/h3>\n<\/div>\n<div class=\"panel-collapse\">\n<div class=\"panel-body\" itemprop=\"acceptedAnswer\" itemscope=\"\" itemtype=\"https:\/\/schema.org\/Answer\">\n<div itemprop=\"text\">\n<p>Wenn Sie Probleme beim Einloggen in o2.spot haben, sollten Sie Ihr Ger\u00e4t zur\u00fccksetzen oder \u00fcberpr\u00fcfen, ob Ihr Ger\u00e4t korrekt mit dem Netzwerk verbunden ist.<\/p>\n<\/div>\n<\/div>\n<\/div>\n<\/div>\n<div class=\"panel\" itemprop=\"mainEntity\" itemscope=\"\" itemtype=\"https:\/\/schema.org\/Question\">\n<div class=\"toggle-link\">\n<h3 class=\"panel-title\" itemprop=\"name\">\n            Was ist eine SSID?<\/h3>\n<\/div>\n<div class=\"panel-collapse\">\n<div class=\"panel-body\" itemprop=\"acceptedAnswer\" itemscope=\"\" itemtype=\"https:\/\/schema.org\/Answer\">\n<div itemprop=\"text\">\n<p>Eine SSID (Service Set Identifier) ist der technische Begriff f\u00fcr Ihren WLAN-Netzwerknamen.<\/p>\n<\/div>\n<\/div>\n<\/div>\n<\/div>\n<div class=\"panel\" itemprop=\"mainEntity\" itemscope=\"\" itemtype=\"https:\/\/schema.org\/Question\">\n<div class=\"toggle-link\">\n<h3 class=\"panel-title\" itemprop=\"name\">\n            Was passiert, wenn ich das neu eingestellte WLAN-Passwort vergesse?<\/h3>\n<\/div>\n<div class=\"panel-collapse\">\n<div class=\"panel-body\" itemprop=\"acceptedAnswer\" itemscope=\"\" itemtype=\"https:\/\/schema.org\/Answer\">\n<div itemprop=\"text\">\n<p>Wenn Sie das neue WLAN-Passwort vergessen haben, k\u00f6nnen Sie es zur\u00fccksetzen, indem Sie sich bei der o2.spot Benutzeroberfl\u00e4che anmelden und die Schritte zum \u00c4ndern des Passwortes befolgen.<\/p>\n<\/div>\n<\/div>\n<\/div>\n<\/div>\n<div class=\"panel\" itemprop=\"mainEntity\" itemscope=\"\" itemtype=\"https:\/\/schema.org\/Question\">\n<div class=\"toggle-link\">\n<h3 class=\"panel-title\" itemprop=\"name\">\n            Kann ich die o2.spot Einstellungen mit einem mobilen Ger\u00e4t \u00e4ndern?<\/h3>\n<\/div>\n<div class=\"panel-collapse\">\n<div class=\"panel-body\" itemprop=\"acceptedAnswer\" itemscope=\"\" itemtype=\"https:\/\/schema.org\/Answer\">\n<div itemprop=\"text\">\n<p>Ja, Sie k\u00f6nnen die o2.spot Einstellungen mit einem mobilen Ger\u00e4t \u00e4ndern, solange es einen Webbrowser hat und mit dem o2 HomeSpot-Netzwerk verbunden ist.<\/p>\n<\/div>\n<\/div>\n<\/div>\n<\/div>\n<div class=\"panel\" itemprop=\"mainEntity\" itemscope=\"\" itemtype=\"https:\/\/schema.org\/Question\">\n<div class=\"toggle-link\">\n<h3 class=\"panel-title\" itemprop=\"name\">\n            Kann ich auf die o2.spot Benutzeroberfl\u00e4che zugreifen, wenn ich nicht mit dem Netzwerk von o2 HomeSpot verbunden bin?<\/h3>\n<\/div>\n<div class=\"panel-collapse\">\n<div class=\"panel-body\" itemprop=\"acceptedAnswer\" itemscope=\"\" itemtype=\"https:\/\/schema.org\/Answer\">\n<div itemprop=\"text\">\n<p>Nein, Sie k\u00f6nnen nicht auf die o2.spot Benutzeroberfl\u00e4che zugreifen, es sei denn, Ihr Ger\u00e4t ist mit dem Netzwerk von o2 HomeSpot verbunden.<\/p>\n<\/div>\n<\/div>\n<\/div>\n<\/div>\n<div class=\"panel\" itemprop=\"mainEntity\" itemscope=\"\" itemtype=\"https:\/\/schema.org\/Question\">\n<div class=\"toggle-link\">\n<h3 class=\"panel-title\" itemprop=\"name\">\n            Was bedeutet &#8216;Netzwerk&#8217; bei o2.spot?<\/h3>\n<\/div>\n<div class=\"panel-collapse\">\n<div class=\"panel-body\" itemprop=\"acceptedAnswer\" itemscope=\"\" itemtype=\"https:\/\/schema.org\/Answer\">\n<div itemprop=\"text\">\n<p>&#8216;Netzwerk&#8217; ist ein deutsches Wort, das auf Englisch &#8216;Network&#8217; bedeutet. Es ist eine der Optionen in der o2.spot-Benutzeroberfl\u00e4che und kann zur \u00c4nderung netzwerkbezogener Einstellungen verwendet werden.<\/p>\n<\/div>\n<\/div>\n<\/div>\n<\/div>\n<div class=\"panel\" itemprop=\"mainEntity\" itemscope=\"\" itemtype=\"https:\/\/schema.org\/Question\">\n<div class=\"toggle-link\">\n<h3 class=\"panel-title\" itemprop=\"name\">\n            Muss ich die PIN der SIM-Karte eingeben, wenn ich mich zum ersten Mal bei o2.spot anmelde?<\/h3>\n<\/div>\n<div class=\"panel-collapse\">\n<div class=\"panel-body\" itemprop=\"acceptedAnswer\" itemscope=\"\" itemtype=\"https:\/\/schema.org\/Answer\">\n<div itemprop=\"text\">\n<p>Ja, bei Ihrem ersten Login bei o2.spot werden Sie aufgefordert, die PIN Ihrer SIM-Karte einzugeben, um Ihr Ger\u00e4t freizuschalten.<\/p>\n<\/div>\n<\/div>\n<\/div>\n<\/div>\n<div class=\"panel\" itemprop=\"mainEntity\" itemscope=\"\" itemtype=\"https:\/\/schema.org\/Question\">\n<div class=\"toggle-link\">\n<h3 class=\"panel-title\" itemprop=\"name\">\n            Welche Funktion hat die o2.spot Benutzeroberfl\u00e4che?<\/h3>\n<\/div>\n<div class=\"panel-collapse\">\n<div class=\"panel-body\" itemprop=\"acceptedAnswer\" itemscope=\"\" itemtype=\"https:\/\/schema.org\/Answer\">\n<div itemprop=\"text\">\n<p>Die o2.spot Benutzeroberfl\u00e4che bietet eine Schnittstelle, \u00fcber die Sie Ihr WLAN-Passwort, den Netzwerknamen (SSID) und andere o2 HomeSpot Einstellungen \u00e4ndern k\u00f6nnen.<\/p>\n<\/div>\n<\/div>\n<\/div>\n<\/div>\n<div class=\"panel\" itemprop=\"mainEntity\" itemscope=\"\" itemtype=\"https:\/\/schema.org\/Question\">\n<div class=\"toggle-link\">\n<h3 class=\"panel-title\" itemprop=\"name\">\n            Hat jeder o2 HomeSpot das gleiche Standardpasswort?<\/h3>\n<\/div>\n<div class=\"panel-collapse\">\n<div class=\"panel-body\" itemprop=\"acceptedAnswer\" itemscope=\"\" itemtype=\"https:\/\/schema.org\/Answer\">\n<div itemprop=\"text\">\n<p>Nein, jedes o2 HomeSpot Ger\u00e4t kommt mit seinem eigenen einzigartigen Passwort, das auf einem Aufkleber auf der R\u00fcckseite des Ger\u00e4ts gedruckt ist.<\/p>\n<\/div>\n<\/div>\n<\/div>\n<\/div>\n<\/section>\n<\/article>\n","protected":false},"excerpt":{"rendered":"<p>Dekodieren der Wifi-Leistung mit o&#50;.spot: Ein MrBeast-Stil-Leitfaden f\u00fcr Heimnetzwerke &#127760; Hey, Beast Fam! &#128227; Haben Sie sich jemals gefragt, wie Sie Ihren WiFi-Einstellungen den Dreh rausgeben oder Ihr Passwort auf o&#50;.spot \u00e4ndern k\u00f6nnen? Genau wie die Jagd nach diesem $&#49;&#48;,&#48;&#48;&#48; Scheck in unseren actiongeladenen Videos kann es sich wie eine Schatzsuche anf\u00fchlen. Aber kein Schwei\u00df! [&hellip;]<\/p>\n","protected":false},"author":2,"featured_media":15,"parent":0,"menu_order":0,"comment_status":"closed","ping_status":"closed","template":"chromecast.php","meta":{"_stopmodifiedupdate":false,"_modified_date":"","_lmt_disableupdate":"yes","_lmt_disable":""},"yoast_head":"<!-- This site is optimized with the Yoast SEO plugin v20.9 - https:\/\/yoast.com\/wordpress\/plugins\/seo\/ -->\n<title>o2.spot. Aktualisiert im Jahr 2026<\/title>\n<meta name=\"robots\" content=\"index, follow, max-snippet:-1, max-image-preview:large, max-video-preview:-1\" \/>\n<link rel=\"canonical\" href=\"https:\/\/www.ping.fm\/ip\/de\/o-2-spot\/\" \/>\n<meta property=\"og:locale\" content=\"en_US\" \/>\n<meta property=\"og:type\" content=\"article\" \/>\n<meta property=\"og:title\" content=\"o2.spot. Aktualisiert im Jahr 2026\" \/>\n<meta property=\"og:description\" content=\"Dekodieren der Wifi-Leistung mit o&#050;.spot: Ein MrBeast-Stil-Leitfaden f\u00fcr Heimnetzwerke &#127760; Hey, Beast Fam! &#128227; Haben Sie sich jemals gefragt, wie Sie Ihren WiFi-Einstellungen den Dreh rausgeben oder Ihr Passwort auf o&#050;.spot \u00e4ndern k\u00f6nnen? Genau wie die Jagd nach diesem $&#049;&#048;,&#048;&#048;&#048; Scheck in unseren actiongeladenen Videos kann es sich wie eine Schatzsuche anf\u00fchlen. Aber kein Schwei\u00df! [&hellip;]\" \/>\n<meta property=\"og:url\" content=\"https:\/\/www.ping.fm\/ip\/de\/o-2-spot\/\" \/>\n<meta property=\"og:site_name\" content=\"IP\" \/>\n<meta property=\"og:image\" content=\"https:\/\/www.ping.fm\/ip\/wp-content\/uploads\/2023\/07\/wifi.jpg\" \/>\n\t<meta property=\"og:image:width\" content=\"1992\" \/>\n\t<meta property=\"og:image:height\" content=\"1852\" \/>\n\t<meta property=\"og:image:type\" content=\"image\/jpeg\" \/>\n<meta name=\"twitter:card\" content=\"summary_large_image\" \/>\n<script type=\"application\/ld+json\" class=\"yoast-schema-graph\">{\"@context\":\"https:\/\/schema.org\",\"@graph\":[{\"@type\":\"WebPage\",\"@id\":\"https:\/\/www.ping.fm\/ip\/de\/o-2-spot\/\",\"url\":\"https:\/\/www.ping.fm\/ip\/de\/o-2-spot\/\",\"name\":\"o2.spot. Aktualisiert im Jahr 2026\",\"isPartOf\":{\"@id\":\"https:\/\/www.ping.fm\/ip\/#website\"},\"datePublished\":\"2023-10-19T14:55:35+00:00\",\"dateModified\":\"2023-10-19T14:55:35+00:00\",\"breadcrumb\":{\"@id\":\"https:\/\/www.ping.fm\/ip\/de\/o-2-spot\/#breadcrumb\"},\"inLanguage\":\"en-US\",\"potentialAction\":[{\"@type\":\"ReadAction\",\"target\":[\"https:\/\/www.ping.fm\/ip\/de\/o-2-spot\/\"]}]},{\"@type\":\"BreadcrumbList\",\"@id\":\"https:\/\/www.ping.fm\/ip\/de\/o-2-spot\/#breadcrumb\",\"itemListElement\":[{\"@type\":\"ListItem\",\"position\":1,\"name\":\"Home\",\"item\":\"https:\/\/www.ping.fm\/ip\/\"},{\"@type\":\"ListItem\",\"position\":2,\"name\":\"o2.spot\"}]},{\"@type\":\"WebSite\",\"@id\":\"https:\/\/www.ping.fm\/ip\/#website\",\"url\":\"https:\/\/www.ping.fm\/ip\/\",\"name\":\"IP\",\"description\":\"\",\"potentialAction\":[{\"@type\":\"SearchAction\",\"target\":{\"@type\":\"EntryPoint\",\"urlTemplate\":\"https:\/\/www.ping.fm\/ip\/?s={search_term_string}\"},\"query-input\":\"required name=search_term_string\"}],\"inLanguage\":\"en-US\"}]}<\/script>\n<!-- \/ Yoast SEO plugin. -->","yoast_head_json":{"title":"o2.spot. Aktualisiert im Jahr 2026","robots":{"index":"index","follow":"follow","max-snippet":"max-snippet:-1","max-image-preview":"max-image-preview:large","max-video-preview":"max-video-preview:-1"},"canonical":"https:\/\/www.ping.fm\/ip\/de\/o-2-spot\/","og_locale":"en_US","og_type":"article","og_title":"o2.spot. Aktualisiert im Jahr 2026","og_description":"Dekodieren der Wifi-Leistung mit o&#50;.spot: Ein MrBeast-Stil-Leitfaden f\u00fcr Heimnetzwerke &#127760; Hey, Beast Fam! &#128227; Haben Sie sich jemals gefragt, wie Sie Ihren WiFi-Einstellungen den Dreh rausgeben oder Ihr Passwort auf o&#50;.spot \u00e4ndern k\u00f6nnen? Genau wie die Jagd nach diesem $&#49;&#48;,&#48;&#48;&#48; Scheck in unseren actiongeladenen Videos kann es sich wie eine Schatzsuche anf\u00fchlen. Aber kein Schwei\u00df! [&hellip;]","og_url":"https:\/\/www.ping.fm\/ip\/de\/o-2-spot\/","og_site_name":"IP","og_image":[{"width":1992,"height":1852,"url":"https:\/\/www.ping.fm\/ip\/wp-content\/uploads\/2023\/07\/wifi.jpg","type":"image\/jpeg"}],"twitter_card":"summary_large_image","schema":{"@context":"https:\/\/schema.org","@graph":[{"@type":"WebPage","@id":"https:\/\/www.ping.fm\/ip\/de\/o-2-spot\/","url":"https:\/\/www.ping.fm\/ip\/de\/o-2-spot\/","name":"o2.spot. Aktualisiert im Jahr 2026","isPartOf":{"@id":"https:\/\/www.ping.fm\/ip\/#website"},"datePublished":"2023-10-19T14:55:35+00:00","dateModified":"2023-10-19T14:55:35+00:00","breadcrumb":{"@id":"https:\/\/www.ping.fm\/ip\/de\/o-2-spot\/#breadcrumb"},"inLanguage":"en-US","potentialAction":[{"@type":"ReadAction","target":["https:\/\/www.ping.fm\/ip\/de\/o-2-spot\/"]}]},{"@type":"BreadcrumbList","@id":"https:\/\/www.ping.fm\/ip\/de\/o-2-spot\/#breadcrumb","itemListElement":[{"@type":"ListItem","position":1,"name":"Home","item":"https:\/\/www.ping.fm\/ip\/"},{"@type":"ListItem","position":2,"name":"o2.spot"}]},{"@type":"WebSite","@id":"https:\/\/www.ping.fm\/ip\/#website","url":"https:\/\/www.ping.fm\/ip\/","name":"IP","description":"","potentialAction":[{"@type":"SearchAction","target":{"@type":"EntryPoint","urlTemplate":"https:\/\/www.ping.fm\/ip\/?s={search_term_string}"},"query-input":"required name=search_term_string"}],"inLanguage":"en-US"}]}},"_links":{"self":[{"href":"https:\/\/www.ping.fm\/ip\/wp-json\/wp\/v2\/pages\/307"}],"collection":[{"href":"https:\/\/www.ping.fm\/ip\/wp-json\/wp\/v2\/pages"}],"about":[{"href":"https:\/\/www.ping.fm\/ip\/wp-json\/wp\/v2\/types\/page"}],"author":[{"embeddable":true,"href":"https:\/\/www.ping.fm\/ip\/wp-json\/wp\/v2\/users\/2"}],"replies":[{"embeddable":true,"href":"https:\/\/www.ping.fm\/ip\/wp-json\/wp\/v2\/comments?post=307"}],"version-history":[{"count":1,"href":"https:\/\/www.ping.fm\/ip\/wp-json\/wp\/v2\/pages\/307\/revisions"}],"predecessor-version":[{"id":308,"href":"https:\/\/www.ping.fm\/ip\/wp-json\/wp\/v2\/pages\/307\/revisions\/308"}],"wp:featuredmedia":[{"embeddable":true,"href":"https:\/\/www.ping.fm\/ip\/wp-json\/wp\/v2\/media\/15"}],"wp:attachment":[{"href":"https:\/\/www.ping.fm\/ip\/wp-json\/wp\/v2\/media?parent=307"}],"curies":[{"name":"wp","href":"https:\/\/api.w.org\/{rel}","templated":true}]}}