{"id":299,"date":"2023-10-19T14:06:17","date_gmt":"2023-10-19T14:06:17","guid":{"rendered":"https:\/\/www.ping.fm\/ip\/?page_id=299"},"modified":"2023-10-19T14:06:17","modified_gmt":"2023-10-19T14:06:17","slug":"mynetworksettings","status":"publish","type":"page","link":"https:\/\/www.ping.fm\/ip\/de\/mynetworksettings\/","title":{"rendered":"Mynetworksettings.com"},"content":{"rendered":"<article>\n<section>\n<h1>Das Potenzial von Verizon Router-Einstellungen mit Mynetworksettings.com freisetzen<\/h1>\n<div class=\"inbrief\">\n<div>\n                                <img src=\"\/ip\/wp-content\/uploads\/generated\/Mynetwork-settings-com.jpg\" alt=\"Mynetworksettings.com\" title=\"Mynetworksettings.com\" width=\"1280\" height=\"720\"><\/p>\n<p>&#128526; Wie geht es allen? Habt ihr euch jemals gew\u00fcnscht, dass ihr eure Verizon Router-Einstellungen genauso m\u00fchelos \u00e4ndern k\u00f6nnt, wie ihr die Kan\u00e4le an eurem Fernseher wechselt? Nun, mit Mynetworksettings.com ist das genau das, was ihr tun k\u00f6nnt! Diese &#128079; gro\u00dfartige &#128079; Webseite dient als eure Admin WebGUI Schnittstelle und erm\u00f6glicht es euch, euer WiFi-Passwort, den Netzwerknamen (SSID) und sogar die Standardeinstellungen eures Verizon Routers zu \u00e4ndern. &#128170; Es ist, als h\u00e4ttet ihr einen Cheat-Code f\u00fcr eure Internetverbindung! &#128293;<\/p>\n<\/div>\n<\/div>\n<\/section>\n<section>\n<div>\n<div>1<\/div>\n<h2>Aufleveln: Anmelden bei Mynetworksettings.com<\/h2>\n<\/div>\n<p>Das Wichtigste zuerst. Um ins Spiel zu kommen, braucht ihr Zugang zu Mynetworksettings.com. Es ist so leicht wie ein Spaziergang im Park. \u00d6ffnet euren Browser und gebt <a href='http:\/\/mynetworksettings.com'>mynetworksettings.com<\/a> in die Adressleiste ein. Gebt euer Admin Passwort ein und klickt auf Anmelden. \ud83d\ude0f Fun Fact: Das Netzwerkeinstellungs-Passwort steht auf der R\u00fcckseite eures Verizon Routers. Cool, oder? \ud83d\ude0e<\/p>\n<\/section>\n<section>\n<div>\n<div>2<\/div>\n<h2>Superpower-Move: \u00c4ndern eures Verizon Wi-Fi Passworts und Netzwerknamens<\/h2>\n<\/div>\n<p>Sobald ihr angemeldet seid, ist es an der Zeit, eure Netzwerkmuskeln zu trainieren! Im linken Men\u00fc geht ihr zu Wi-Fi &gt; Prim\u00e4res Netzwerk. Als N\u00e4chstes solltet ihr euren gew\u00fcnschten Wi-Fi-Netzwerknamen in das Wi-Fi-Namenfeld eingeben. Aber damit nicht genug, stellt euer Wi-Fi-Passwort im Wi-Fi-Passwortfeld ein. Wenn ihr fertig seid, klickt auf \u00c4nderungen anwenden und boom \ud83d\udca5 Eure Einstellungen wurden gespeichert! Aber wartet, es gibt noch mehr! Ihr k\u00f6nnt auch 2,4 GHz und 5GHz Netzwerkb\u00e4nder zu einem einzigen Wi-Fi-Netzwerk zusammenf\u00fchren oder diese getrennt konfigurieren. \ud83d\ude80<\/p>\n<\/section>\n<section>\n<div>\n<div>3<\/div>\n<h2>Spiel vorbei&#8230;Oder doch nicht?<\/h2>\n<\/div>\n<p>Und da haben wir es, Leute! Mynetworksettings.com ist das zuverl\u00e4ssige Tool, das ihr ben\u00f6tigt, um eurem Verizon Router ein Makeover zu verpassen. Egal, ob ihr den Wi-Fi-Netzwerknamen \u00e4ndern, das Passwort \u00e4ndern oder die Netzwerkb\u00e4nder konfigurieren m\u00f6chtet, diese Website ist eure L\u00f6sung. Aber denkt daran, wie bei jedem m\u00e4chtigen Tool, kommt es darauf an, wie ihr es benutzt. Seid also kreativ, seid abenteuerlustig und vor allem, habt Spa\u00df dabei! \ud83c\udfae<\/p>\n<\/section>\n<section>\n<h2>Schlussfolgerung: \ud83c\udfc1<\/h2>\n<div class=\"nonp\">\n<p>In der gro\u00dfartigen Welt des Internet-Netzwerks ist Mynetworksettings.com euer Schl\u00fcssel zur Herrschaft \u00fcber euer Verizon Router-K\u00f6nigreich. Mit ein paar einfachen Schritten k\u00f6nnt ihr leicht der Meister eurer Wi-Fi-Welt werden. Und denkt daran, ihr \u00e4ndert nicht nur die Einstellungen, ihr gestaltet ein Internet-Erlebnis, das einzigartig euer ist. Nun geht raus, zeigt der Welt, wie es geht, und denkt daran, es &#128175; zu halten. Bleibt fantastisch! &#128074;<\/p>\n<\/div>\n<\/section>\n<section itemscope=\"\" itemtype=\"https:\/\/schema.org\/FAQPage\">\n<div class=\"panel\" itemprop=\"mainEntity\" itemscope=\"\" itemtype=\"https:\/\/schema.org\/Question\">\n<div class=\"toggle-link\">\n<h3 class=\"panel-title\" itemprop=\"name\">\n            Was ist der Zweck von Mynetworksettings.com?<\/h3>\n<\/div>\n<div class=\"panel-collapse\">\n<div class=\"panel-body\" itemprop=\"acceptedAnswer\" itemscope=\"\" itemtype=\"https:\/\/schema.org\/Answer\">\n<div itemprop=\"text\">\n<p>Mynetworksettings.com ist die WebGUI-Admin-Seite, die es Ihnen erm\u00f6glicht, Einstellungen f\u00fcr Ihren Verizon-Router zu \u00e4ndern, wie z.B. das \u00c4ndern des Wi-Fi-Passworts, des Netzwerknamens (SSID) und anderer Standardeinstellungen.<\/p>\n<\/div>\n<\/div>\n<\/div>\n<\/div>\n<div class=\"panel\" itemprop=\"mainEntity\" itemscope=\"\" itemtype=\"https:\/\/schema.org\/Question\">\n<div class=\"toggle-link\">\n<h3 class=\"panel-title\" itemprop=\"name\">\n            Wie kann ich mich bei Mynetworksettings.com anmelden?<\/h3>\n<\/div>\n<div class=\"panel-collapse\">\n<div class=\"panel-body\" itemprop=\"acceptedAnswer\" itemscope=\"\" itemtype=\"https:\/\/schema.org\/Answer\">\n<div itemprop=\"text\">\n<p>Sie k\u00f6nnen sich bei Mynetworksettings.com anmelden, indem Sie einen Webbrowser \u00f6ffnen und &#8216;mynetworksettings.com&#8217; in die Adressleiste eingeben. Nachdem Sie das Admin-Passwort eingegeben und auf &#8216;Anmelden&#8217; geklickt haben, erhalten Sie erfolgreich Zugang zu den Verizon-Netzwerkeinstellungen.<\/p>\n<\/div>\n<\/div>\n<\/div>\n<\/div>\n<div class=\"panel\" itemprop=\"mainEntity\" itemscope=\"\" itemtype=\"https:\/\/schema.org\/Question\">\n<div class=\"toggle-link\">\n<h3 class=\"panel-title\" itemprop=\"name\">\n            Wo finde ich das f\u00fcr die Anmeldung bei Mynetworksettings.com erforderliche Admin-Passwort?<\/h3>\n<\/div>\n<div class=\"panel-collapse\">\n<div class=\"panel-body\" itemprop=\"acceptedAnswer\" itemscope=\"\" itemtype=\"https:\/\/schema.org\/Answer\">\n<div itemprop=\"text\">\n<p>Das f\u00fcr die Anmeldung bei Mynetworksettings.com erforderliche Admin-Passwort befindet sich auf einem Aufkleber auf der R\u00fcckseite Ihres Verizon-Routers.<\/p>\n<\/div>\n<\/div>\n<\/div>\n<\/div>\n<div class=\"panel\" itemprop=\"mainEntity\" itemscope=\"\" itemtype=\"https:\/\/schema.org\/Question\">\n<div class=\"toggle-link\">\n<h3 class=\"panel-title\" itemprop=\"name\">\n            Wie \u00e4ndere ich das Wi-Fi-Passwort und den Netzwerknamen bei Verizon?<\/h3>\n<\/div>\n<div class=\"panel-collapse\">\n<div class=\"panel-body\" itemprop=\"acceptedAnswer\" itemscope=\"\" itemtype=\"https:\/\/schema.org\/Answer\">\n<div itemprop=\"text\">\n<p>In den Verizon-Netzwerkeinstellungen navigieren Sie zum linken Men\u00fc und klicken auf &#8216;Wi-Fi&#8217;, gefolgt von &#8216;Prim\u00e4res Netzwerk&#8217;. Geben Sie den gew\u00fcnschten Wi-Fi-Netzwerknamen in das Feld mit der Bezeichnung &#8216;Wi-Fi-Name&#8217; ein und geben Sie das neue Wi-Fi-Passwort in das Feld &#8216;Wi-Fi-Passwort&#8217; ein. Klicken Sie auf &#8216;\u00c4nderungen \u00fcbernehmen&#8217;, um die neuen Einstellungen zu speichern.<\/p>\n<\/div>\n<\/div>\n<\/div>\n<\/div>\n<div class=\"panel\" itemprop=\"mainEntity\" itemscope=\"\" itemtype=\"https:\/\/schema.org\/Question\">\n<div class=\"toggle-link\">\n<h3 class=\"panel-title\" itemprop=\"name\">\n            Ist es m\u00f6glich, 2.4 GHz und 5GHz Netzwerkb\u00e4nder zu einem Wi-Fi-Netzwerk zusammenzuf\u00fchren?<\/h3>\n<\/div>\n<div class=\"panel-collapse\">\n<div class=\"panel-body\" itemprop=\"acceptedAnswer\" itemscope=\"\" itemtype=\"https:\/\/schema.org\/Answer\">\n<div itemprop=\"text\">\n<p>Sie haben tats\u00e4chlich die M\u00f6glichkeit, 2.4 GHz und 5GHz Netzwerkb\u00e4nder in den Verizon-Netzwerkeinstellungen zu einem einzigen Wi-Fi-Netzwerk zusammenzuf\u00fchren. Alternativ k\u00f6nnen Sie diese Netzwerkb\u00e4nder separat verwalten.<\/p>\n<\/div>\n<\/div>\n<\/div>\n<\/div>\n<div class=\"panel\" itemprop=\"mainEntity\" itemscope=\"\" itemtype=\"https:\/\/schema.org\/Question\">\n<div class=\"toggle-link\">\n<h3 class=\"panel-title\" itemprop=\"name\">\n            Was ist die Webadresse f\u00fcr die Verizon-Router-Einstellungsseite?<\/h3>\n<\/div>\n<div class=\"panel-collapse\">\n<div class=\"panel-body\" itemprop=\"acceptedAnswer\" itemscope=\"\" itemtype=\"https:\/\/schema.org\/Answer\">\n<div itemprop=\"text\">\n<p>Die Webadresse f\u00fcr die Verizon-Router-Einstellungsseite lautet <a href=http:\/\/www.mynetworksettings.com>www.mynetworksettings.com<\/a>.<\/p>\n<\/div>\n<\/div>\n<\/div>\n<\/div>\n<div class=\"panel\" itemprop=\"mainEntity\" itemscope=\"\" itemtype=\"https:\/\/schema.org\/Question\">\n<div class=\"toggle-link\">\n<h3 class=\"panel-title\" itemprop=\"name\">\n            Ist es notwendig, einen Fachmann zu konsultieren, um mein Verizon Wi-Fi-Passwort und den Netzwerknamen zu \u00e4ndern?<\/h3>\n<\/div>\n<div class=\"panel-collapse\">\n<div class=\"panel-body\" itemprop=\"acceptedAnswer\" itemscope=\"\" itemtype=\"https:\/\/schema.org\/Answer\">\n<div itemprop=\"text\">\n<p>Nein, es ist nicht notwendig, einen Fachmann zu konsultieren, um Ihr Verizon Wi-Fi-Passwort und den Netzwerknamen zu \u00e4ndern. Diese \u00c4nderungen k\u00f6nnen einfach \u00fcber die Admin-Seite von Mynetworksettings.com vorgenommen werden.<\/p>\n<\/div>\n<\/div>\n<\/div>\n<\/div>\n<div class=\"panel\" itemprop=\"mainEntity\" itemscope=\"\" itemtype=\"https:\/\/schema.org\/Question\">\n<div class=\"toggle-link\">\n<h3 class=\"panel-title\" itemprop=\"name\">\n            Was ist der sicherste Weg, um mein Verizon Wi-Fi-Netzwerk zu sch\u00fctzen?<\/h3>\n<\/div>\n<div class=\"panel-collapse\">\n<div class=\"panel-body\" itemprop=\"acceptedAnswer\" itemscope=\"\" itemtype=\"https:\/\/schema.org\/Answer\">\n<div itemprop=\"text\">\n<p>Der sicherste Weg, um Ihr Verizon Wi-Fi-Netzwerk zu sch\u00fctzen, besteht darin, Ihr Wi-Fi-Passwort regelm\u00e4\u00dfig \u00fcber die Admin-Seite von Mynetworksettings.com zu \u00e4ndern. Stellen Sie sicher, dass Sie ein starkes Passwort erstellen, das aus einer Kombination von Buchstaben, Zahlen und Sonderzeichen besteht.<\/p>\n<\/div>\n<\/div>\n<\/div>\n<\/div>\n<div class=\"panel\" itemprop=\"mainEntity\" itemscope=\"\" itemtype=\"https:\/\/schema.org\/Question\">\n<div class=\"toggle-link\">\n<h3 class=\"panel-title\" itemprop=\"name\">\n            Was ist der Zweck der Option Wi-Fi &gt; Prim\u00e4res Netzwerk in den Verizon-Netzwerkeinstellungen?<\/h3>\n<\/div>\n<div class=\"panel-collapse\">\n<div class=\"panel-body\" itemprop=\"acceptedAnswer\" itemscope=\"\" itemtype=\"https:\/\/schema.org\/Answer\">\n<div itemprop=\"text\">\n<p>Die Option &#8216;Wi-Fi &gt; Prim\u00e4res Netzwerk&#8217; in den Verizon-Netzwerkeinstellungen erm\u00f6glicht es Ihnen, Ihren Wi-Fi-Netzwerknamen und das Passwort zu \u00e4ndern, um sicherzustellen, dass Ihr Netzwerk sicher und personalisiert bleibt.<\/p>\n<\/div>\n<\/div>\n<\/div>\n<\/div>\n<div class=\"panel\" itemprop=\"mainEntity\" itemscope=\"\" itemtype=\"https:\/\/schema.org\/Question\">\n<div class=\"toggle-link\">\n<h3 class=\"panel-title\" itemprop=\"name\">\n            Muss ich meinen Router nach dem \u00c4ndern des Wi-Fi-Namens und des Passworts neu starten?<\/h3>\n<\/div>\n<div class=\"panel-collapse\">\n<div class=\"panel-body\" itemprop=\"acceptedAnswer\" itemscope=\"\" itemtype=\"https:\/\/schema.org\/Answer\">\n<div itemprop=\"text\">\n<p>Normalerweise wendet Ihr Router die \u00c4nderungen automatisch an und ein Neustart ist nach dem \u00c4ndern des Wi-Fi-Namens und des Passworts nicht notwendig. Wenn Ihre Ger\u00e4te jedoch Schwierigkeiten haben, sich mit dem Wi-Fi-Netzwerk zu verbinden, w\u00e4re es ratsam, Ihren Router neu zu starten.<\/p>\n<\/div>\n<\/div>\n<\/div>\n<\/div>\n<div class=\"panel\" itemprop=\"mainEntity\" itemscope=\"\" itemtype=\"https:\/\/schema.org\/Question\">\n<div class=\"toggle-link\">\n<h3 class=\"panel-title\" itemprop=\"name\">\n            Kann ich von jedem Webbrowser aus auf mynetworksettings.com zugreifen?<\/h3>\n<\/div>\n<div class=\"panel-collapse\">\n<div class=\"panel-body\" itemprop=\"acceptedAnswer\" itemscope=\"\" itemtype=\"https:\/\/schema.org\/Answer\">\n<div itemprop=\"text\">\n<p>Ja, Mynetworksettings.com ist von jedem Webbrowser aus zug\u00e4nglich. Es wird jedoch empfohlen, eine aktualisierte Version f\u00fcr die optimale Leistung zu verwenden.<\/p>\n<\/div>\n<\/div>\n<\/div>\n<\/div>\n<div class=\"panel\" itemprop=\"mainEntity\" itemscope=\"\" itemtype=\"https:\/\/schema.org\/Question\">\n<div class=\"toggle-link\">\n<h3 class=\"panel-title\" itemprop=\"name\">\n            Ist die SSID das Gleiche wie der Netzwerkname?<\/h3>\n<\/div>\n<div class=\"panel-collapse\">\n<div class=\"panel-body\" itemprop=\"acceptedAnswer\" itemscope=\"\" itemtype=\"https:\/\/schema.org\/Answer\">\n<div itemprop=\"text\">\n<p>Ja, die SSID (Service Set Identifier) ist der technische Begriff f\u00fcr Netzwerkname, die Kennung Ihres Wi-Fi-Netzwerks.<\/p>\n<\/div>\n<\/div>\n<\/div>\n<\/div>\n<div class=\"panel\" itemprop=\"mainEntity\" itemscope=\"\" itemtype=\"https:\/\/schema.org\/Question\">\n<div class=\"toggle-link\">\n<h3 class=\"panel-title\" itemprop=\"name\">\n            Wie kann ich die 2.4 GHz und 5GHz Netzwerkb\u00e4nder zu einem einzigen Wi-Fi-Netzwerk zusammenf\u00fchren?<\/h3>\n<\/div>\n<div class=\"panel-collapse\">\n<div class=\"panel-body\" itemprop=\"acceptedAnswer\" itemscope=\"\" itemtype=\"https:\/\/schema.org\/Answer\">\n<div itemprop=\"text\">\n<p>In den Verizon-Netzwerkeinstellungen haben Sie die M\u00f6glichkeit, die 2.4 GHz und 5GHz Netzwerkb\u00e4nder zusammenzuf\u00fchren. Diese Option finden Sie in der Regel in den Wi-Fi-Einstellungen, unter Erweiterte Optionen oder \u00e4hnlichem.<\/p>\n<\/div>\n<\/div>\n<\/div>\n<\/div>\n<div class=\"panel\" itemprop=\"mainEntity\" itemscope=\"\" itemtype=\"https:\/\/schema.org\/Question\">\n<div class=\"toggle-link\">\n<h3 class=\"panel-title\" itemprop=\"name\">\n            Was sollte ich tun, wenn ich das Admin-Passwort vergesse?<\/h3>\n<\/div>\n<div class=\"panel-collapse\">\n<div class=\"panel-body\" itemprop=\"acceptedAnswer\" itemscope=\"\" itemtype=\"https:\/\/schema.org\/Answer\">\n<div itemprop=\"text\">\n<p>Wenn Sie das Admin-Passwort vergessen, schauen Sie auf die R\u00fcckseite Ihres Verizon-Routers, wo es in der Regel auf einem Aufkleber aufgedruckt ist. Wenn Sie es zuvor ge\u00e4ndert haben, k\u00f6nnte ein Router-Reset die einzige L\u00f6sung sein, f\u00fcr den Sie m\u00f6glicherweise den <a href=https:\/\/www.verizon.com\/support\/residential\/internet>Verizon Support<\/a> kontaktieren m\u00fcssen.<\/p>\n<\/div>\n<\/div>\n<\/div>\n<\/div>\n<div class=\"panel\" itemprop=\"mainEntity\" itemscope=\"\" itemtype=\"https:\/\/schema.org\/Question\">\n<div class=\"toggle-link\">\n<h3 class=\"panel-title\" itemprop=\"name\">\n            Brauche ich eine Internetverbindung, um auf Mynetworksettings.com zuzugreifen?<\/h3>\n<\/div>\n<div class=\"panel-collapse\">\n<div class=\"panel-body\" itemprop=\"acceptedAnswer\" itemscope=\"\" itemtype=\"https:\/\/schema.org\/Answer\">\n<div itemprop=\"text\">\n<p>Um auf Mynetworksettings.com zuzugreifen, ben\u00f6tigen Sie keine Internetverbindung, da dies die lokale Administrationsseite Ihres Routers ist. Sie k\u00f6nnen darauf zugreifen, solange Ihr Ger\u00e4t \u00fcber Wi-Fi oder ein Ethernet-Kabel mit dem Modem verbunden ist.<\/p>\n<\/div>\n<\/div>\n<\/div>\n<\/div>\n<div class=\"panel\" itemprop=\"mainEntity\" itemscope=\"\" itemtype=\"https:\/\/schema.org\/Question\">\n<div class=\"toggle-link\">\n<h3 class=\"panel-title\" itemprop=\"name\">\n            Wie oft sollte ich das Wi-Fi-Passwort auf meinem Verizon-Router \u00e4ndern?<\/h3>\n<\/div>\n<div class=\"panel-collapse\">\n<div class=\"panel-body\" itemprop=\"acceptedAnswer\" itemscope=\"\" itemtype=\"https:\/\/schema.org\/Answer\">\n<div itemprop=\"text\">\n<p>F\u00fcr eine verst\u00e4rkte Sicherheit ist es empfehlenswert, Ihr Wi-Fi-Passwort mindestens alle drei bis sechs Monate zu \u00e4ndern.<\/p>\n<\/div>\n<\/div>\n<\/div>\n<\/div>\n<div class=\"panel\" itemprop=\"mainEntity\" itemscope=\"\" itemtype=\"https:\/\/schema.org\/Question\">\n<div class=\"toggle-link\">\n<h3 class=\"panel-title\" itemprop=\"name\">\n            Ist es sicher, das Wi-Fi-Passwort und den Netzwerknamen f\u00fcr eine automatische Anmeldung in der Zukunft zu speichern?<\/h3>\n<\/div>\n<div class=\"panel-collapse\">\n<div class=\"panel-body\" itemprop=\"acceptedAnswer\" itemscope=\"\" itemtype=\"https:\/\/schema.org\/Answer\">\n<div itemprop=\"text\">\n<p>Obwohl es bequem ist, k\u00f6nnte das Speichern Ihres Wi-Fi-Passworts und des Netzwerknamens f\u00fcr eine automatische zuk\u00fcnftige Anmeldung ein potenzielles Sicherheitsrisiko darstellen, wenn Ihr Ger\u00e4t verloren geht oder kompromittiert wird. Es wird empfohlen, immer das Passwort manuell einzugeben, um die maximale Sicherheit zu gew\u00e4hrleisten.<\/p>\n<\/div>\n<\/div>\n<\/div>\n<\/div>\n<div class=\"panel\" itemprop=\"mainEntity\" itemscope=\"\" itemtype=\"https:\/\/schema.org\/Question\">\n<div class=\"toggle-link\">\n<h3 class=\"panel-title\" itemprop=\"name\">\n            Wie kann ich die Standardeinstellungen meines Verizon-Routers \u00e4ndern?<\/h3>\n<\/div>\n<div class=\"panel-collapse\">\n<div class=\"panel-body\" itemprop=\"acceptedAnswer\" itemscope=\"\" itemtype=\"https:\/\/schema.org\/Answer\">\n<div itemprop=\"text\">\n<p>Die Standardeinstellungen Ihres Verizon-Routers k\u00f6nnen \u00fcber Mynetworksettings.com ge\u00e4ndert werden, wo Sie auch das Wi-Fi-Passwort und den Netzwerknamen \u00e4ndern k\u00f6nnen.<\/p>\n<\/div>\n<\/div>\n<\/div>\n<\/div>\n<div class=\"panel\" itemprop=\"mainEntity\" itemscope=\"\" itemtype=\"https:\/\/schema.org\/Question\">\n<div class=\"toggle-link\">\n<h3 class=\"panel-title\" itemprop=\"name\">\n            Kann ich die Netzwerkeinstellungen auf meinem Handy \u00e4ndern?<\/h3>\n<\/div>\n<div class=\"panel-collapse\">\n<div class=\"panel-body\" itemprop=\"acceptedAnswer\" itemscope=\"\" itemtype=\"https:\/\/schema.org\/Answer\">\n<div itemprop=\"text\">\n<p>Ja, solange Ihr Handy mit dem Wi-Fi-Netzwerk verbunden ist, k\u00f6nnen Sie sich bei Mynetworksettings.com anmelden und die Netzwerkeinstellungen direkt auf Ihrem Handy \u00e4ndern.<\/p>\n<\/div>\n<\/div>\n<\/div>\n<\/div>\n<div class=\"panel\" itemprop=\"mainEntity\" itemscope=\"\" itemtype=\"https:\/\/schema.org\/Question\">\n<div class=\"toggle-link\">\n<h3 class=\"panel-title\" itemprop=\"name\">\n            Welchen Nutzen hat das regelm\u00e4\u00dfige \u00c4ndern der Wi-Fi-Einstellungen?<\/h3>\n<\/div>\n<div class=\"panel-collapse\">\n<div class=\"panel-body\" itemprop=\"acceptedAnswer\" itemscope=\"\" itemtype=\"https:\/\/schema.org\/Answer\">\n<div itemprop=\"text\">\n<p>Das regelm\u00e4\u00dfige \u00c4ndern Ihrer Wi-Fi-Einstellungen, einschlie\u00dflich des Netzwerknamens und des Passworts, kann dazu beitragen, Ihr Netzwerk zu sichern, unbefugten Zugriff zu verhindern und sicherzustellen, dass Ihr Netzwerk reibungslos l\u00e4uft f\u00fcr die bestm\u00f6gliche Benutzererfahrung.<\/p>\n<\/div>\n<\/div>\n<\/div>\n<\/div>\n<\/section>\n<\/article>\n","protected":false},"excerpt":{"rendered":"<p>Das Potenzial von Verizon Router-Einstellungen mit Mynetworksettings.com freisetzen &#128526; Wie geht es allen? Habt ihr euch jemals gew\u00fcnscht, dass ihr eure Verizon Router-Einstellungen genauso m\u00fchelos \u00e4ndern k\u00f6nnt, wie ihr die Kan\u00e4le an eurem Fernseher wechselt? Nun, mit Mynetworksettings.com ist das genau das, was ihr tun k\u00f6nnt! Diese &#128079; gro\u00dfartige &#128079; Webseite dient als eure Admin [&hellip;]<\/p>\n","protected":false},"author":2,"featured_media":15,"parent":0,"menu_order":0,"comment_status":"closed","ping_status":"closed","template":"chromecast.php","meta":{"_stopmodifiedupdate":false,"_modified_date":"","_lmt_disableupdate":"yes","_lmt_disable":""},"yoast_head":"<!-- This site is optimized with the Yoast SEO plugin v20.9 - https:\/\/yoast.com\/wordpress\/plugins\/seo\/ -->\n<title>Mynetworksettings.com. Aktualisiert im Jahr 2026<\/title>\n<meta name=\"robots\" content=\"index, follow, max-snippet:-1, max-image-preview:large, max-video-preview:-1\" \/>\n<link rel=\"canonical\" href=\"https:\/\/www.ping.fm\/ip\/de\/mynetworksettings\/\" \/>\n<meta property=\"og:locale\" content=\"en_US\" \/>\n<meta property=\"og:type\" content=\"article\" \/>\n<meta property=\"og:title\" content=\"Mynetworksettings.com. Aktualisiert im Jahr 2026\" \/>\n<meta property=\"og:description\" content=\"Das Potenzial von Verizon Router-Einstellungen mit Mynetworksettings.com freisetzen &#128526; Wie geht es allen? Habt ihr euch jemals gew\u00fcnscht, dass ihr eure Verizon Router-Einstellungen genauso m\u00fchelos \u00e4ndern k\u00f6nnt, wie ihr die Kan\u00e4le an eurem Fernseher wechselt? Nun, mit Mynetworksettings.com ist das genau das, was ihr tun k\u00f6nnt! Diese &#128079; gro\u00dfartige &#128079; Webseite dient als eure Admin [&hellip;]\" \/>\n<meta property=\"og:url\" content=\"https:\/\/www.ping.fm\/ip\/de\/mynetworksettings\/\" \/>\n<meta property=\"og:site_name\" content=\"IP\" \/>\n<meta property=\"og:image\" content=\"https:\/\/www.ping.fm\/ip\/wp-content\/uploads\/2023\/07\/wifi.jpg\" \/>\n\t<meta property=\"og:image:width\" content=\"1992\" \/>\n\t<meta property=\"og:image:height\" content=\"1852\" \/>\n\t<meta property=\"og:image:type\" content=\"image\/jpeg\" \/>\n<meta name=\"twitter:card\" content=\"summary_large_image\" \/>\n<meta name=\"twitter:label1\" content=\"Est. reading time\" \/>\n\t<meta name=\"twitter:data1\" content=\"6 minutes\" \/>\n<script type=\"application\/ld+json\" class=\"yoast-schema-graph\">{\"@context\":\"https:\/\/schema.org\",\"@graph\":[{\"@type\":\"WebPage\",\"@id\":\"https:\/\/www.ping.fm\/ip\/de\/mynetworksettings\/\",\"url\":\"https:\/\/www.ping.fm\/ip\/de\/mynetworksettings\/\",\"name\":\"Mynetworksettings.com. Aktualisiert im Jahr 2026\",\"isPartOf\":{\"@id\":\"https:\/\/www.ping.fm\/ip\/#website\"},\"datePublished\":\"2023-10-19T14:06:17+00:00\",\"dateModified\":\"2023-10-19T14:06:17+00:00\",\"breadcrumb\":{\"@id\":\"https:\/\/www.ping.fm\/ip\/de\/mynetworksettings\/#breadcrumb\"},\"inLanguage\":\"en-US\",\"potentialAction\":[{\"@type\":\"ReadAction\",\"target\":[\"https:\/\/www.ping.fm\/ip\/de\/mynetworksettings\/\"]}]},{\"@type\":\"BreadcrumbList\",\"@id\":\"https:\/\/www.ping.fm\/ip\/de\/mynetworksettings\/#breadcrumb\",\"itemListElement\":[{\"@type\":\"ListItem\",\"position\":1,\"name\":\"Home\",\"item\":\"https:\/\/www.ping.fm\/ip\/\"},{\"@type\":\"ListItem\",\"position\":2,\"name\":\"Mynetworksettings.com\"}]},{\"@type\":\"WebSite\",\"@id\":\"https:\/\/www.ping.fm\/ip\/#website\",\"url\":\"https:\/\/www.ping.fm\/ip\/\",\"name\":\"IP\",\"description\":\"\",\"potentialAction\":[{\"@type\":\"SearchAction\",\"target\":{\"@type\":\"EntryPoint\",\"urlTemplate\":\"https:\/\/www.ping.fm\/ip\/?s={search_term_string}\"},\"query-input\":\"required name=search_term_string\"}],\"inLanguage\":\"en-US\"}]}<\/script>\n<!-- \/ Yoast SEO plugin. -->","yoast_head_json":{"title":"Mynetworksettings.com. Aktualisiert im Jahr 2026","robots":{"index":"index","follow":"follow","max-snippet":"max-snippet:-1","max-image-preview":"max-image-preview:large","max-video-preview":"max-video-preview:-1"},"canonical":"https:\/\/www.ping.fm\/ip\/de\/mynetworksettings\/","og_locale":"en_US","og_type":"article","og_title":"Mynetworksettings.com. Aktualisiert im Jahr 2026","og_description":"Das Potenzial von Verizon Router-Einstellungen mit Mynetworksettings.com freisetzen &#128526; Wie geht es allen? Habt ihr euch jemals gew\u00fcnscht, dass ihr eure Verizon Router-Einstellungen genauso m\u00fchelos \u00e4ndern k\u00f6nnt, wie ihr die Kan\u00e4le an eurem Fernseher wechselt? Nun, mit Mynetworksettings.com ist das genau das, was ihr tun k\u00f6nnt! Diese &#128079; gro\u00dfartige &#128079; Webseite dient als eure Admin [&hellip;]","og_url":"https:\/\/www.ping.fm\/ip\/de\/mynetworksettings\/","og_site_name":"IP","og_image":[{"width":1992,"height":1852,"url":"https:\/\/www.ping.fm\/ip\/wp-content\/uploads\/2023\/07\/wifi.jpg","type":"image\/jpeg"}],"twitter_card":"summary_large_image","twitter_misc":{"Est. reading time":"6 minutes"},"schema":{"@context":"https:\/\/schema.org","@graph":[{"@type":"WebPage","@id":"https:\/\/www.ping.fm\/ip\/de\/mynetworksettings\/","url":"https:\/\/www.ping.fm\/ip\/de\/mynetworksettings\/","name":"Mynetworksettings.com. Aktualisiert im Jahr 2026","isPartOf":{"@id":"https:\/\/www.ping.fm\/ip\/#website"},"datePublished":"2023-10-19T14:06:17+00:00","dateModified":"2023-10-19T14:06:17+00:00","breadcrumb":{"@id":"https:\/\/www.ping.fm\/ip\/de\/mynetworksettings\/#breadcrumb"},"inLanguage":"en-US","potentialAction":[{"@type":"ReadAction","target":["https:\/\/www.ping.fm\/ip\/de\/mynetworksettings\/"]}]},{"@type":"BreadcrumbList","@id":"https:\/\/www.ping.fm\/ip\/de\/mynetworksettings\/#breadcrumb","itemListElement":[{"@type":"ListItem","position":1,"name":"Home","item":"https:\/\/www.ping.fm\/ip\/"},{"@type":"ListItem","position":2,"name":"Mynetworksettings.com"}]},{"@type":"WebSite","@id":"https:\/\/www.ping.fm\/ip\/#website","url":"https:\/\/www.ping.fm\/ip\/","name":"IP","description":"","potentialAction":[{"@type":"SearchAction","target":{"@type":"EntryPoint","urlTemplate":"https:\/\/www.ping.fm\/ip\/?s={search_term_string}"},"query-input":"required name=search_term_string"}],"inLanguage":"en-US"}]}},"_links":{"self":[{"href":"https:\/\/www.ping.fm\/ip\/wp-json\/wp\/v2\/pages\/299"}],"collection":[{"href":"https:\/\/www.ping.fm\/ip\/wp-json\/wp\/v2\/pages"}],"about":[{"href":"https:\/\/www.ping.fm\/ip\/wp-json\/wp\/v2\/types\/page"}],"author":[{"embeddable":true,"href":"https:\/\/www.ping.fm\/ip\/wp-json\/wp\/v2\/users\/2"}],"replies":[{"embeddable":true,"href":"https:\/\/www.ping.fm\/ip\/wp-json\/wp\/v2\/comments?post=299"}],"version-history":[{"count":2,"href":"https:\/\/www.ping.fm\/ip\/wp-json\/wp\/v2\/pages\/299\/revisions"}],"predecessor-version":[{"id":770,"href":"https:\/\/www.ping.fm\/ip\/wp-json\/wp\/v2\/pages\/299\/revisions\/770"}],"wp:featuredmedia":[{"embeddable":true,"href":"https:\/\/www.ping.fm\/ip\/wp-json\/wp\/v2\/media\/15"}],"wp:attachment":[{"href":"https:\/\/www.ping.fm\/ip\/wp-json\/wp\/v2\/media?parent=299"}],"curies":[{"name":"wp","href":"https:\/\/api.w.org\/{rel}","templated":true}]}}