{"id":277,"date":"2023-10-19T08:01:51","date_gmt":"2023-10-19T08:01:51","guid":{"rendered":"https:\/\/www.ping.fm\/ip\/?page_id=277"},"modified":"2023-10-19T08:26:13","modified_gmt":"2023-10-19T08:26:13","slug":"home","status":"publish","type":"page","link":"https:\/\/www.ping.fm\/ip\/de\/home\/","title":{"rendered":"Home"},"content":{"rendered":"<section class=\"banner\">\n<div class=\"banner--img\">\n<div class=\"banner--inner\">\n<h1>Ein umfassender Leitfaden f\u00fcr die Router-Anmeldung und IP-Adressen<\/h1>\n<p>Tauchen Sie ein in unseren umfassenden Leitfaden zum Verst\u00e4ndnis von Router-Anmeldevorg\u00e4ngen, IP-Adressen wie 192.168.1.1, 10.0.0.1 und mehr. Lernen Sie, wie Sie auf Ihre Router-Einstellungen zugreifen und diese verwalten, Ihre private IP \u00fcberpr\u00fcfen und Ihr Netzwerk mit unserem einfachen Schritt-f\u00fcr-Schritt-Leitfaden optimieren k\u00f6nnen.<\/p>\n<p>Perfekt f\u00fcr Anf\u00e4nger und fortgeschrittene Benutzer gleicherma\u00dfen.<\/p>\n<\/div>\n<\/div>\n<\/section>\n","protected":false},"excerpt":{"rendered":"<p>Ein umfassender Leitfaden f\u00fcr die Router-Anmeldung und IP-Adressen Tauchen Sie ein in unseren umfassenden Leitfaden zum Verst\u00e4ndnis von Router-Anmeldevorg\u00e4ngen, IP-Adressen wie 192.168.1.1, 10.0.0.1 und mehr. Lernen Sie, wie Sie auf Ihre Router-Einstellungen zugreifen und diese verwalten, Ihre private IP \u00fcberpr\u00fcfen und Ihr Netzwerk mit unserem einfachen Schritt-f\u00fcr-Schritt-Leitfaden optimieren k\u00f6nnen. Perfekt f\u00fcr Anf\u00e4nger und fortgeschrittene Benutzer [&hellip;]<\/p>\n","protected":false},"author":2,"featured_media":15,"parent":0,"menu_order":0,"comment_status":"closed","ping_status":"closed","template":"homepage.php","meta":{"_stopmodifiedupdate":false,"_modified_date":"","_lmt_disableupdate":"yes","_lmt_disable":""},"yoast_head":"<!-- This site is optimized with the Yoast SEO plugin v20.9 - https:\/\/yoast.com\/wordpress\/plugins\/seo\/ -->\n<title>Verst\u00e4ndnis von Router-Anmeldung &amp; IP-Adressen | Ihre Netzwerk-Grundlagen<\/title>\n<meta name=\"description\" content=\"Tauchen Sie ein in unseren umfassenden Leitfaden zum Verstehen von Router-Anmeldeprozessen, IP-Adressen wie 192.168.1.1, 10.0.0.1 und mehr. Lernen Sie, wie Sie auf Ihre Router-Einstellungen zugreifen und diese verwalten, Ihre private IP \u00fcberpr\u00fcfen und Ihr Netzwerk mithilfe unseres einfachen Schritt-f\u00fcr-Schritt-Leitfadens optimieren k\u00f6nnen.\" \/>\n<meta name=\"robots\" content=\"index, follow, max-snippet:-1, max-image-preview:large, max-video-preview:-1\" \/>\n<link rel=\"canonical\" href=\"https:\/\/www.ping.fm\/ip\/de\/home\/\" \/>\n<meta property=\"og:locale\" content=\"en_US\" \/>\n<meta property=\"og:type\" content=\"article\" \/>\n<meta property=\"og:title\" content=\"Verst\u00e4ndnis von Router-Anmeldung &amp; IP-Adressen | Ihre Netzwerk-Grundlagen\" \/>\n<meta property=\"og:description\" content=\"Tauchen Sie ein in unseren umfassenden Leitfaden zum Verstehen von Router-Anmeldeprozessen, IP-Adressen wie 192.168.1.1, 10.0.0.1 und mehr. Lernen Sie, wie Sie auf Ihre Router-Einstellungen zugreifen und diese verwalten, Ihre private IP \u00fcberpr\u00fcfen und Ihr Netzwerk mithilfe unseres einfachen Schritt-f\u00fcr-Schritt-Leitfadens optimieren k\u00f6nnen.\" \/>\n<meta property=\"og:url\" content=\"https:\/\/www.ping.fm\/ip\/de\/home\/\" \/>\n<meta property=\"og:site_name\" content=\"IP\" \/>\n<meta property=\"article:modified_time\" content=\"2023-10-19T08:26:13+00:00\" \/>\n<meta property=\"og:image\" content=\"https:\/\/www.ping.fm\/ip\/wp-content\/uploads\/2023\/07\/wifi.jpg\" \/>\n\t<meta property=\"og:image:width\" content=\"1992\" \/>\n\t<meta property=\"og:image:height\" content=\"1852\" \/>\n\t<meta property=\"og:image:type\" content=\"image\/jpeg\" \/>\n<meta name=\"twitter:card\" content=\"summary_large_image\" \/>\n<meta name=\"twitter:label1\" content=\"Est. reading time\" \/>\n\t<meta name=\"twitter:data1\" content=\"1 minute\" \/>\n<script type=\"application\/ld+json\" class=\"yoast-schema-graph\">{\"@context\":\"https:\/\/schema.org\",\"@graph\":[{\"@type\":\"WebPage\",\"@id\":\"https:\/\/www.ping.fm\/ip\/de\/home\/\",\"url\":\"https:\/\/www.ping.fm\/ip\/de\/home\/\",\"name\":\"Verst\u00e4ndnis von Router-Anmeldung & IP-Adressen | Ihre Netzwerk-Grundlagen\",\"isPartOf\":{\"@id\":\"https:\/\/www.ping.fm\/ip\/#website\"},\"datePublished\":\"2023-10-19T08:01:51+00:00\",\"dateModified\":\"2023-10-19T08:26:13+00:00\",\"description\":\"Tauchen Sie ein in unseren umfassenden Leitfaden zum Verstehen von Router-Anmeldeprozessen, IP-Adressen wie 192.168.1.1, 10.0.0.1 und mehr. Lernen Sie, wie Sie auf Ihre Router-Einstellungen zugreifen und diese verwalten, Ihre private IP \u00fcberpr\u00fcfen und Ihr Netzwerk mithilfe unseres einfachen Schritt-f\u00fcr-Schritt-Leitfadens optimieren k\u00f6nnen.\",\"breadcrumb\":{\"@id\":\"https:\/\/www.ping.fm\/ip\/de\/home\/#breadcrumb\"},\"inLanguage\":\"en-US\",\"potentialAction\":[{\"@type\":\"ReadAction\",\"target\":[\"https:\/\/www.ping.fm\/ip\/de\/home\/\"]}]},{\"@type\":\"BreadcrumbList\",\"@id\":\"https:\/\/www.ping.fm\/ip\/de\/home\/#breadcrumb\",\"itemListElement\":[{\"@type\":\"ListItem\",\"position\":1,\"name\":\"Home\",\"item\":\"https:\/\/www.ping.fm\/ip\/\"},{\"@type\":\"ListItem\",\"position\":2,\"name\":\"Home\"}]},{\"@type\":\"WebSite\",\"@id\":\"https:\/\/www.ping.fm\/ip\/#website\",\"url\":\"https:\/\/www.ping.fm\/ip\/\",\"name\":\"IP\",\"description\":\"\",\"potentialAction\":[{\"@type\":\"SearchAction\",\"target\":{\"@type\":\"EntryPoint\",\"urlTemplate\":\"https:\/\/www.ping.fm\/ip\/?s={search_term_string}\"},\"query-input\":\"required name=search_term_string\"}],\"inLanguage\":\"en-US\"}]}<\/script>\n<!-- \/ Yoast SEO plugin. -->","yoast_head_json":{"title":"Verst\u00e4ndnis von Router-Anmeldung & IP-Adressen | Ihre Netzwerk-Grundlagen","description":"Tauchen Sie ein in unseren umfassenden Leitfaden zum Verstehen von Router-Anmeldeprozessen, IP-Adressen wie 192.168.1.1, 10.0.0.1 und mehr. Lernen Sie, wie Sie auf Ihre Router-Einstellungen zugreifen und diese verwalten, Ihre private IP \u00fcberpr\u00fcfen und Ihr Netzwerk mithilfe unseres einfachen Schritt-f\u00fcr-Schritt-Leitfadens optimieren k\u00f6nnen.","robots":{"index":"index","follow":"follow","max-snippet":"max-snippet:-1","max-image-preview":"max-image-preview:large","max-video-preview":"max-video-preview:-1"},"canonical":"https:\/\/www.ping.fm\/ip\/de\/home\/","og_locale":"en_US","og_type":"article","og_title":"Verst\u00e4ndnis von Router-Anmeldung & IP-Adressen | Ihre Netzwerk-Grundlagen","og_description":"Tauchen Sie ein in unseren umfassenden Leitfaden zum Verstehen von Router-Anmeldeprozessen, IP-Adressen wie 192.168.1.1, 10.0.0.1 und mehr. Lernen Sie, wie Sie auf Ihre Router-Einstellungen zugreifen und diese verwalten, Ihre private IP \u00fcberpr\u00fcfen und Ihr Netzwerk mithilfe unseres einfachen Schritt-f\u00fcr-Schritt-Leitfadens optimieren k\u00f6nnen.","og_url":"https:\/\/www.ping.fm\/ip\/de\/home\/","og_site_name":"IP","article_modified_time":"2023-10-19T08:26:13+00:00","og_image":[{"width":1992,"height":1852,"url":"https:\/\/www.ping.fm\/ip\/wp-content\/uploads\/2023\/07\/wifi.jpg","type":"image\/jpeg"}],"twitter_card":"summary_large_image","twitter_misc":{"Est. reading time":"1 minute"},"schema":{"@context":"https:\/\/schema.org","@graph":[{"@type":"WebPage","@id":"https:\/\/www.ping.fm\/ip\/de\/home\/","url":"https:\/\/www.ping.fm\/ip\/de\/home\/","name":"Verst\u00e4ndnis von Router-Anmeldung & IP-Adressen | Ihre Netzwerk-Grundlagen","isPartOf":{"@id":"https:\/\/www.ping.fm\/ip\/#website"},"datePublished":"2023-10-19T08:01:51+00:00","dateModified":"2023-10-19T08:26:13+00:00","description":"Tauchen Sie ein in unseren umfassenden Leitfaden zum Verstehen von Router-Anmeldeprozessen, IP-Adressen wie 192.168.1.1, 10.0.0.1 und mehr. Lernen Sie, wie Sie auf Ihre Router-Einstellungen zugreifen und diese verwalten, Ihre private IP \u00fcberpr\u00fcfen und Ihr Netzwerk mithilfe unseres einfachen Schritt-f\u00fcr-Schritt-Leitfadens optimieren k\u00f6nnen.","breadcrumb":{"@id":"https:\/\/www.ping.fm\/ip\/de\/home\/#breadcrumb"},"inLanguage":"en-US","potentialAction":[{"@type":"ReadAction","target":["https:\/\/www.ping.fm\/ip\/de\/home\/"]}]},{"@type":"BreadcrumbList","@id":"https:\/\/www.ping.fm\/ip\/de\/home\/#breadcrumb","itemListElement":[{"@type":"ListItem","position":1,"name":"Home","item":"https:\/\/www.ping.fm\/ip\/"},{"@type":"ListItem","position":2,"name":"Home"}]},{"@type":"WebSite","@id":"https:\/\/www.ping.fm\/ip\/#website","url":"https:\/\/www.ping.fm\/ip\/","name":"IP","description":"","potentialAction":[{"@type":"SearchAction","target":{"@type":"EntryPoint","urlTemplate":"https:\/\/www.ping.fm\/ip\/?s={search_term_string}"},"query-input":"required name=search_term_string"}],"inLanguage":"en-US"}]}},"_links":{"self":[{"href":"https:\/\/www.ping.fm\/ip\/wp-json\/wp\/v2\/pages\/277"}],"collection":[{"href":"https:\/\/www.ping.fm\/ip\/wp-json\/wp\/v2\/pages"}],"about":[{"href":"https:\/\/www.ping.fm\/ip\/wp-json\/wp\/v2\/types\/page"}],"author":[{"embeddable":true,"href":"https:\/\/www.ping.fm\/ip\/wp-json\/wp\/v2\/users\/2"}],"replies":[{"embeddable":true,"href":"https:\/\/www.ping.fm\/ip\/wp-json\/wp\/v2\/comments?post=277"}],"version-history":[{"count":2,"href":"https:\/\/www.ping.fm\/ip\/wp-json\/wp\/v2\/pages\/277\/revisions"}],"predecessor-version":[{"id":280,"href":"https:\/\/www.ping.fm\/ip\/wp-json\/wp\/v2\/pages\/277\/revisions\/280"}],"wp:featuredmedia":[{"embeddable":true,"href":"https:\/\/www.ping.fm\/ip\/wp-json\/wp\/v2\/media\/15"}],"wp:attachment":[{"href":"https:\/\/www.ping.fm\/ip\/wp-json\/wp\/v2\/media?parent=277"}],"curies":[{"name":"wp","href":"https:\/\/api.w.org\/{rel}","templated":true}]}}